{"id":6814,"date":"2025-08-11T09:15:00","date_gmt":"2025-08-11T09:15:00","guid":{"rendered":"https:\/\/rfblegal.co.uk\/?page_id=6814"},"modified":"2025-08-11T09:19:15","modified_gmt":"2025-08-11T09:19:15","slug":"konut-ki%cc%87ralama-uzatmalari","status":"publish","type":"page","link":"https:\/\/rfblegal.co.uk\/tr\/hizmetler\/ki%cc%87si%cc%87sel-hukuk\/mulk-davalari\/konut-ki%cc%87ralama-uzatmalari\/","title":{"rendered":"Konut Kira Uzatmalar\u0131"},"content":{"rendered":"<p>Uzman ve karma\u015f\u0131k leasehold enfranchisement alan\u0131nda \u00f6nde gelen firmalardan biriyiz ve ev sahiplerine ve leasehold sahiplerine Londra'da ve b\u00f6lgesel olarak \u00e7ok \u00e7e\u015fitli talepler konusunda dan\u0131\u015fmanl\u0131k yap\u0131yoruz. Kira uzatma talepleri, konut talepleri ve toplu taleplerin yan\u0131 s\u0131ra geli\u015ftiricilere hak sahipli\u011fi riskinden nas\u0131l ka\u00e7\u0131nacaklar\u0131 konusunda tavsiyelerde bulunma konusunda geni\u015f deneyime sahibiz.\u00a0<\/p>\n\n\n\n<p>Kira uzatma s\u00fcreci karma\u015f\u0131k ve tekniktir ve hataya a\u00e7\u0131k \u00f6nemli bir alan vard\u0131r. RFB Legal'daki uzman kira uzatma ekibimiz, her y\u0131l y\u00fczlerce kira uzatma talebinde ev sahipleri ve kirac\u0131lar ad\u0131na hareket etmektedir.&nbsp;<\/p>\n\n\n\n<p>Bir m\u00fclk\u00fcn kirac\u0131s\u0131, ev sahibine bir prim \u00f6demek suretiyle kira s\u00fcresini 90 y\u0131l uzatma hakk\u0131na sahip olabilir.&nbsp;<\/p>\n\n\n\n<p>Kullan\u0131n<a rel=\"noreferrer noopener\" target=\"_blank\" href=\"https:\/\/rfblegal.co.uk\/index.php\/property\/lease-extension-calculator\"><strong> kira uzatma hesaplayicisi<\/strong><\/a> Kira s\u00f6zle\u015fmenizin uzat\u0131lmas\u0131 i\u00e7in \u00f6denebilecek primin yakla\u015f\u0131k bir g\u00f6stergesini elde etmek i\u00e7in prim maliyetlerinizi tahmin etmek i\u00e7in&nbsp;<\/p>\n\n\n\n<p>Kiralamalar, do\u011falar\u0131 gere\u011fi, sabit bir s\u00fcre i\u00e7indir ve bir lease sahibinin kira s\u00f6zle\u015fmesinin kalan s\u00fcresi azald\u0131k\u00e7a, bu lease hakk\u0131n\u0131n de\u011feri de azalacakt\u0131r. Bu nedenle, kira s\u00fcresini uzatma hakk\u0131n\u0131 kullanmak genellikle lease sahibinin yarar\u0131nad\u0131r.&nbsp;<\/p>\n\n\n\n<p>Hak kazanmak i\u00e7in, kirac\u0131n\u0131n kira kontrat\u0131n\u0131n ba\u015flang\u0131\u00e7ta 21 y\u0131l veya daha uzun bir s\u00fcre i\u00e7in verilmi\u015f olmas\u0131 gerekir. \u00d6rne\u011fin, ev sahibinin bir hay\u0131r kurumu olmas\u0131 ve dairenizin hay\u0131r kurumunun \u00e7al\u0131\u015fmalar\u0131n\u0131n bir par\u00e7as\u0131 olarak sa\u011flanmas\u0131 veya bir i\u015fletme veya <a href=\"https:\/\/rfblegal.co.uk\/tr\/hizmetler\/is-hukuku\/mulki%cc%87yet-davalari-i%cc%87si%cc%87\/ti%cc%87cari%cc%87-ki%cc%87ralama-uzatmalari\/\">ti\u0307cari\u0307 ki\u0307ralama<\/a>.&nbsp;<\/p>\n\n\n\n<p>Kirac\u0131n\u0131n ayr\u0131ca en az 2 y\u0131ld\u0131r kira kontrat\u0131n\u0131n kay\u0131tl\u0131 sahibi olmas\u0131 gerekmektedir.&nbsp;<\/p>\n\n\n\n<h2 class=\"wp-block-heading\"><strong>Prosed\u00fcr<\/strong>&nbsp;<\/h2>\n\n\n\n<h3 class=\"wp-block-heading\">Bir Kirac\u0131 i\u00e7in\u00a0<\/h3>\n\n\n\n<ul class=\"wp-block-list\">\n<li>Bir de\u011ferleme raporu alman\u0131z gerekecektir\u00a0<\/li>\n\n\n\n<li>Yeni bir kira kontrat\u0131 talep etme hakk\u0131n\u0131z\u0131 kontrol edece\u011fiz\u00a0<\/li>\n\n\n\n<li>B\u00f6l\u00fcm 42 Bildirimini haz\u0131rlayacak, yetkili ev sahibine ve di\u011fer t\u00fcm ilgili taraflara tebli\u011f edecek ve m\u00fcteakip bildirimlere yan\u0131t verece\u011fiz\u00a0<\/li>\n\n\n\n<li>B\u00f6l\u00fcm 42 Bildiriminin Tapu Siciline Kaydedilmesi\u00a0<\/li>\n\n\n\n<li>Ev sahibinin kar\u015f\u0131 bildirimini g\u00f6zden ge\u00e7irin\u00a0<\/li>\n\n\n\n<li>Sat\u0131n alma \u015fartlar\u0131n\u0131 g\u00f6r\u00fc\u015fmek ve kabul etmek\u00a0<\/li>\n\n\n\n<li>\u0130lk Kademe Mahkeme, \u00dcst Mahkeme, B\u00f6lge Mahkemesi ve temyiz mahkemeleri nezdindeki t\u00fcm i\u015flemlerde sizin ad\u0131n\u0131za hareket etmek\u00a0<\/li>\n<\/ul>\n\n\n\n<h3 class=\"wp-block-heading\">Bir Ev Sahibi \u0130\u00e7in\u00a0<\/h3>\n\n\n\n<ul class=\"wp-block-list\">\n<li>Bir de\u011ferleme raporu alman\u0131z gerekecektir\u00a0<\/li>\n\n\n\n<li>\u00d6n bildirimleri haz\u0131rlay\u0131n\u00a0<\/li>\n\n\n\n<li>Kirac\u0131 Bildiriminin ge\u00e7erlili\u011fini kontrol edece\u011fiz ve kar\u015f\u0131 bildirimi haz\u0131rlay\u0131p sunaca\u011f\u0131z\u00a0<\/li>\n\n\n\n<li>Sat\u0131n alma \u015fartlar\u0131n\u0131 m\u00fczakere etmek ve kabul etmek\u00a0<\/li>\n\n\n\n<li>\u0130lk Kademe Mahkeme, \u00dcst Mahkeme, B\u00f6lge Mahkemesi ve temyiz mahkemeleri nezdindeki t\u00fcm i\u015flemlerde sizin ad\u0131n\u0131za hareket etmek\u00a0<\/li>\n<\/ul>\n\n\n\n<p>\u0130ster ev sahibi ister kirac\u0131 olun, hukukun bu karma\u015f\u0131k ve teknik alan\u0131nda m\u00fcmk\u00fcn olan en iyi sonuca ula\u015fman\u0131z i\u00e7in size yard\u0131mc\u0131 olabiliriz.&nbsp;<\/p>\n\n\n\n<ul class=\"wp-block-list\">\n<li>B\u00f6l\u00fcm 42 Bildiriminin al\u0131nmas\u0131ndan sonu\u00e7lanmas\u0131na kadar ev sahipleri i\u00e7in hareket etmek\u00a0<\/li>\n\n\n\n<li>B\u00f6l\u00fcm 42 Bildiriminin haz\u0131rlanmas\u0131ndan sonu\u00e7land\u0131r\u0131lmas\u0131na kadar kirac\u0131 i\u00e7in hareket etmek\u00a0<\/li>\n\n\n\n<li>Sat\u0131c\u0131lar veya al\u0131c\u0131lar i\u00e7in B\u00f6l\u00fcm 42 Bildiriminden yararlanman\u0131n devredilmesi ile ilgili olarak hareket etmek\u00a0<\/li>\n\n\n\n<li>Ev sahipleri veya kirac\u0131lar ad\u0131na \u0130lk Kademe, \u00dcst Mahkeme, \u0130l Mahkemesi ve her t\u00fcrl\u00fc temyizde dan\u0131\u015fmanl\u0131k yapmak ve hareket etmek\u00a0<\/li>\n\n\n\n<li>Ev sahibinin bulunmad\u0131\u011f\u0131 veya feshedildi\u011fi durumlarda hak sahipli\u011fi talepleriyle ilgili olarak kirac\u0131lar ad\u0131na hareket etmek\u00a0<\/li>\n<\/ul>","protected":false},"excerpt":{"rendered":"<p>We are one of the leading firms in the specialist and complex area of leasehold enfranchisement, advising landlords and leaseholders on a wide range of claims within London and regionally. We have extensive experience in dealing with lease extension claims, house claims, and collective claims as well as advising developers on how to avoid the &hellip; <a href=\"https:\/\/rfblegal.co.uk\/tr\/hizmetler\/ki%cc%87si%cc%87sel-hukuk\/mulk-davalari\/konut-ki%cc%87ralama-uzatmalari\/\">Devam\u0131<\/a><\/p>","protected":false},"author":12,"featured_media":6815,"parent":2126,"menu_order":0,"comment_status":"closed","ping_status":"closed","template":"tier3-template.blade.php","meta":{"_acf_changed":false,"om_disable_all_campaigns":false,"_uf_show_specific_survey":0,"_uf_disable_surveys":false,"footnotes":""},"class_list":["post-6814","page","type-page","status-publish","has-post-thumbnail","hentry"],"acf":[],"aioseo_notices":[],"yoast_head":"<!-- This site is optimized with the Yoast SEO plugin v27.2 - https:\/\/yoast.com\/product\/yoast-seo-wordpress\/ -->\n<title>Residential Lease Extensions - RFB Legal<\/title>\n<meta name=\"description\" content=\"Specialist lease extension solicitors in London. Expert advice for landlords &amp; tenants on claims, valuations &amp; enfranchisement.\" \/>\n<meta name=\"robots\" content=\"index, follow, max-snippet:-1, max-image-preview:large, max-video-preview:-1\" \/>\n<link rel=\"canonical\" href=\"https:\/\/rfblegal.co.uk\/tr\/hizmetler\/ki\u0307si\u0307sel-hukuk\/mulk-davalari\/konut-ki\u0307ralama-uzatmalari\/\" \/>\n<meta property=\"og:locale\" content=\"tr_TR\" \/>\n<meta property=\"og:type\" content=\"article\" \/>\n<meta property=\"og:title\" content=\"Residential Lease Extensions - RFB Legal\" \/>\n<meta property=\"og:description\" content=\"Specialist lease extension solicitors in London. Expert advice for landlords &amp; tenants on claims, valuations &amp; enfranchisement.\" \/>\n<meta property=\"og:url\" content=\"https:\/\/rfblegal.co.uk\/tr\/hizmetler\/ki\u0307si\u0307sel-hukuk\/mulk-davalari\/konut-ki\u0307ralama-uzatmalari\/\" \/>\n<meta property=\"og:site_name\" content=\"RFB Legal\" \/>\n<meta property=\"article:publisher\" content=\"https:\/\/www.facebook.com\/RFBLegal\/\" \/>\n<meta property=\"article:modified_time\" content=\"2025-08-11T09:19:15+00:00\" \/>\n<meta property=\"og:image\" content=\"https:\/\/rfblegal.co.uk\/wp-content\/uploads\/2025\/08\/AdobeStock_408890004_Preview.jpeg\" \/>\n\t<meta property=\"og:image:width\" content=\"1000\" \/>\n\t<meta property=\"og:image:height\" content=\"669\" \/>\n\t<meta property=\"og:image:type\" content=\"image\/jpeg\" \/>\n<meta name=\"twitter:card\" content=\"summary_large_image\" \/>\n<meta name=\"twitter:label1\" content=\"Est. reading time\" \/>\n\t<meta name=\"twitter:data1\" content=\"3 dakika\" \/>\n<script type=\"application\/ld+json\" class=\"yoast-schema-graph\">{\"@context\":\"https:\/\/schema.org\",\"@graph\":[{\"@type\":\"WebPage\",\"@id\":\"https:\/\/rfblegal.co.uk\/services\/personal-law\/property-litigation\/residential-lease-extensions\/\",\"url\":\"https:\/\/rfblegal.co.uk\/services\/personal-law\/property-litigation\/residential-lease-extensions\/\",\"name\":\"Residential Lease Extensions - RFB Legal\",\"isPartOf\":{\"@id\":\"https:\/\/rfblegal.co.uk\/#website\"},\"primaryImageOfPage\":{\"@id\":\"https:\/\/rfblegal.co.uk\/services\/personal-law\/property-litigation\/residential-lease-extensions\/#primaryimage\"},\"image\":{\"@id\":\"https:\/\/rfblegal.co.uk\/services\/personal-law\/property-litigation\/residential-lease-extensions\/#primaryimage\"},\"thumbnailUrl\":\"https:\/\/rfblegal.co.uk\/wp-content\/uploads\/2025\/08\/AdobeStock_408890004_Preview.jpeg\",\"datePublished\":\"2025-08-11T09:15:00+00:00\",\"dateModified\":\"2025-08-11T09:19:15+00:00\",\"description\":\"Specialist lease extension solicitors in London. Expert advice for landlords & tenants on claims, valuations & enfranchisement.\",\"breadcrumb\":{\"@id\":\"https:\/\/rfblegal.co.uk\/services\/personal-law\/property-litigation\/residential-lease-extensions\/#breadcrumb\"},\"inLanguage\":\"tr\",\"potentialAction\":[{\"@type\":\"ReadAction\",\"target\":[\"https:\/\/rfblegal.co.uk\/services\/personal-law\/property-litigation\/residential-lease-extensions\/\"]}]},{\"@type\":\"ImageObject\",\"inLanguage\":\"tr\",\"@id\":\"https:\/\/rfblegal.co.uk\/services\/personal-law\/property-litigation\/residential-lease-extensions\/#primaryimage\",\"url\":\"https:\/\/rfblegal.co.uk\/wp-content\/uploads\/2025\/08\/AdobeStock_408890004_Preview.jpeg\",\"contentUrl\":\"https:\/\/rfblegal.co.uk\/wp-content\/uploads\/2025\/08\/AdobeStock_408890004_Preview.jpeg\",\"width\":1000,\"height\":669},{\"@type\":\"BreadcrumbList\",\"@id\":\"https:\/\/rfblegal.co.uk\/services\/personal-law\/property-litigation\/residential-lease-extensions\/#breadcrumb\",\"itemListElement\":[{\"@type\":\"ListItem\",\"position\":1,\"name\":\"Home\",\"item\":\"https:\/\/rfblegal.co.uk\/\"},{\"@type\":\"ListItem\",\"position\":2,\"name\":\"Services\",\"item\":\"https:\/\/rfblegal.co.uk\/services\/\"},{\"@type\":\"ListItem\",\"position\":3,\"name\":\"Personal Law Services\",\"item\":\"https:\/\/rfblegal.co.uk\/services\/personal-law\/\"},{\"@type\":\"ListItem\",\"position\":4,\"name\":\"Property Litigation\",\"item\":\"https:\/\/rfblegal.co.uk\/services\/personal-law\/property-litigation\/\"},{\"@type\":\"ListItem\",\"position\":5,\"name\":\"Residential Lease Extensions\"}]},{\"@type\":\"WebSite\",\"@id\":\"https:\/\/rfblegal.co.uk\/#website\",\"url\":\"https:\/\/rfblegal.co.uk\/\",\"name\":\"RFB Legal\",\"description\":\"\",\"publisher\":{\"@id\":\"https:\/\/rfblegal.co.uk\/#organization\"},\"potentialAction\":[{\"@type\":\"SearchAction\",\"target\":{\"@type\":\"EntryPoint\",\"urlTemplate\":\"https:\/\/rfblegal.co.uk\/?s={search_term_string}\"},\"query-input\":{\"@type\":\"PropertyValueSpecification\",\"valueRequired\":true,\"valueName\":\"search_term_string\"}}],\"inLanguage\":\"tr\"},{\"@type\":\"Organization\",\"@id\":\"https:\/\/rfblegal.co.uk\/#organization\",\"name\":\"RFB Legal\",\"url\":\"https:\/\/rfblegal.co.uk\/\",\"logo\":{\"@type\":\"ImageObject\",\"inLanguage\":\"tr\",\"@id\":\"https:\/\/rfblegal.co.uk\/#\/schema\/logo\/image\/\",\"url\":\"https:\/\/rfblegal.co.uk\/wp-content\/uploads\/2024\/01\/header_company_logo.svg\",\"contentUrl\":\"https:\/\/rfblegal.co.uk\/wp-content\/uploads\/2024\/01\/header_company_logo.svg\",\"caption\":\"RFB Legal\"},\"image\":{\"@id\":\"https:\/\/rfblegal.co.uk\/#\/schema\/logo\/image\/\"},\"sameAs\":[\"https:\/\/www.facebook.com\/RFBLegal\/\",\"https:\/\/www.linkedin.com\/uas\/login?session_redirect=company2012282\",\"https:\/\/www.instagram.com\/rfb_legal\/\"]}]}<\/script>\n<!-- \/ Yoast SEO plugin. -->","yoast_head_json":{"title":"Konut Kira Uzatmalar\u0131 - RFB Legal","description":"Londra'da uzman kira uzatma avukatlar\u0131. Ev sahipleri ve kirac\u0131lar i\u00e7in talepler, de\u011ferlemeler ve hak kazanma konusunda uzman tavsiyesi.","robots":{"index":"index","follow":"follow","max-snippet":"max-snippet:-1","max-image-preview":"max-image-preview:large","max-video-preview":"max-video-preview:-1"},"canonical":"https:\/\/rfblegal.co.uk\/tr\/hizmetler\/ki\u0307si\u0307sel-hukuk\/mulk-davalari\/konut-ki\u0307ralama-uzatmalari\/","og_locale":"tr_TR","og_type":"article","og_title":"Residential Lease Extensions - RFB Legal","og_description":"Specialist lease extension solicitors in London. Expert advice for landlords & tenants on claims, valuations & enfranchisement.","og_url":"https:\/\/rfblegal.co.uk\/tr\/hizmetler\/ki\u0307si\u0307sel-hukuk\/mulk-davalari\/konut-ki\u0307ralama-uzatmalari\/","og_site_name":"RFB Legal","article_publisher":"https:\/\/www.facebook.com\/RFBLegal\/","article_modified_time":"2025-08-11T09:19:15+00:00","og_image":[{"width":1000,"height":669,"url":"https:\/\/rfblegal.co.uk\/wp-content\/uploads\/2025\/08\/AdobeStock_408890004_Preview.jpeg","type":"image\/jpeg"}],"twitter_card":"summary_large_image","twitter_misc":{"Est. reading time":"3 dakika"},"schema":{"@context":"https:\/\/schema.org","@graph":[{"@type":"WebPage","@id":"https:\/\/rfblegal.co.uk\/services\/personal-law\/property-litigation\/residential-lease-extensions\/","url":"https:\/\/rfblegal.co.uk\/services\/personal-law\/property-litigation\/residential-lease-extensions\/","name":"Konut Kira Uzatmalar\u0131 - RFB Legal","isPartOf":{"@id":"https:\/\/rfblegal.co.uk\/#website"},"primaryImageOfPage":{"@id":"https:\/\/rfblegal.co.uk\/services\/personal-law\/property-litigation\/residential-lease-extensions\/#primaryimage"},"image":{"@id":"https:\/\/rfblegal.co.uk\/services\/personal-law\/property-litigation\/residential-lease-extensions\/#primaryimage"},"thumbnailUrl":"https:\/\/rfblegal.co.uk\/wp-content\/uploads\/2025\/08\/AdobeStock_408890004_Preview.jpeg","datePublished":"2025-08-11T09:15:00+00:00","dateModified":"2025-08-11T09:19:15+00:00","description":"Londra'da uzman kira uzatma avukatlar\u0131. Ev sahipleri ve kirac\u0131lar i\u00e7in talepler, de\u011ferlemeler ve hak kazanma konusunda uzman tavsiyesi.","breadcrumb":{"@id":"https:\/\/rfblegal.co.uk\/services\/personal-law\/property-litigation\/residential-lease-extensions\/#breadcrumb"},"inLanguage":"tr","potentialAction":[{"@type":"ReadAction","target":["https:\/\/rfblegal.co.uk\/services\/personal-law\/property-litigation\/residential-lease-extensions\/"]}]},{"@type":"ImageObject","inLanguage":"tr","@id":"https:\/\/rfblegal.co.uk\/services\/personal-law\/property-litigation\/residential-lease-extensions\/#primaryimage","url":"https:\/\/rfblegal.co.uk\/wp-content\/uploads\/2025\/08\/AdobeStock_408890004_Preview.jpeg","contentUrl":"https:\/\/rfblegal.co.uk\/wp-content\/uploads\/2025\/08\/AdobeStock_408890004_Preview.jpeg","width":1000,"height":669},{"@type":"BreadcrumbList","@id":"https:\/\/rfblegal.co.uk\/services\/personal-law\/property-litigation\/residential-lease-extensions\/#breadcrumb","itemListElement":[{"@type":"ListItem","position":1,"name":"Home","item":"https:\/\/rfblegal.co.uk\/"},{"@type":"ListItem","position":2,"name":"Services","item":"https:\/\/rfblegal.co.uk\/services\/"},{"@type":"ListItem","position":3,"name":"Personal Law Services","item":"https:\/\/rfblegal.co.uk\/services\/personal-law\/"},{"@type":"ListItem","position":4,"name":"Property Litigation","item":"https:\/\/rfblegal.co.uk\/services\/personal-law\/property-litigation\/"},{"@type":"ListItem","position":5,"name":"Residential Lease Extensions"}]},{"@type":"WebSite","@id":"https:\/\/rfblegal.co.uk\/#website","url":"https:\/\/rfblegal.co.uk\/","name":"RFB Hukuk","description":"","publisher":{"@id":"https:\/\/rfblegal.co.uk\/#organization"},"potentialAction":[{"@type":"SearchAction","target":{"@type":"EntryPoint","urlTemplate":"https:\/\/rfblegal.co.uk\/?s={search_term_string}"},"query-input":{"@type":"PropertyValueSpecification","valueRequired":true,"valueName":"search_term_string"}}],"inLanguage":"tr"},{"@type":"Organization","@id":"https:\/\/rfblegal.co.uk\/#organization","name":"RFB Hukuk","url":"https:\/\/rfblegal.co.uk\/","logo":{"@type":"ImageObject","inLanguage":"tr","@id":"https:\/\/rfblegal.co.uk\/#\/schema\/logo\/image\/","url":"https:\/\/rfblegal.co.uk\/wp-content\/uploads\/2024\/01\/header_company_logo.svg","contentUrl":"https:\/\/rfblegal.co.uk\/wp-content\/uploads\/2024\/01\/header_company_logo.svg","caption":"RFB Legal"},"image":{"@id":"https:\/\/rfblegal.co.uk\/#\/schema\/logo\/image\/"},"sameAs":["https:\/\/www.facebook.com\/RFBLegal\/","https:\/\/www.linkedin.com\/uas\/login?session_redirect=company2012282","https:\/\/www.instagram.com\/rfb_legal\/"]}]}},"_links":{"self":[{"href":"https:\/\/rfblegal.co.uk\/tr\/wp-json\/wp\/v2\/pages\/6814","targetHints":{"allow":["GET"]}}],"collection":[{"href":"https:\/\/rfblegal.co.uk\/tr\/wp-json\/wp\/v2\/pages"}],"about":[{"href":"https:\/\/rfblegal.co.uk\/tr\/wp-json\/wp\/v2\/types\/page"}],"author":[{"embeddable":true,"href":"https:\/\/rfblegal.co.uk\/tr\/wp-json\/wp\/v2\/users\/12"}],"replies":[{"embeddable":true,"href":"https:\/\/rfblegal.co.uk\/tr\/wp-json\/wp\/v2\/comments?post=6814"}],"version-history":[{"count":0,"href":"https:\/\/rfblegal.co.uk\/tr\/wp-json\/wp\/v2\/pages\/6814\/revisions"}],"up":[{"embeddable":true,"href":"https:\/\/rfblegal.co.uk\/tr\/wp-json\/wp\/v2\/pages\/2126"}],"wp:featuredmedia":[{"embeddable":true,"href":"https:\/\/rfblegal.co.uk\/tr\/wp-json\/wp\/v2\/media\/6815"}],"wp:attachment":[{"href":"https:\/\/rfblegal.co.uk\/tr\/wp-json\/wp\/v2\/media?parent=6814"}],"curies":[{"name":"wp","href":"https:\/\/api.w.org\/{rel}","templated":true}]}}