{"id":6129,"date":"2025-04-10T14:44:42","date_gmt":"2025-04-10T14:44:42","guid":{"rendered":"https:\/\/rfblegal.co.uk\/?page_id=6129"},"modified":"2026-03-26T10:56:21","modified_gmt":"2026-03-26T10:56:21","slug":"ticari-duzenlemeye-tabi-sektorler","status":"publish","type":"page","link":"https:\/\/rfblegal.co.uk\/tr\/hizmetler\/is-hukuku\/is-kurumsal\/ticari-duzenlemeye-tabi-sektorler\/","title":{"rendered":"Ticari D\u00fczenlemeye Tabi Sekt\u00f6rler"},"content":{"rendered":"<p>Bak\u0131m evleri, g\u00f6zl\u00fck\u00e7\u00fcler, eczaneler ve veteriner muayenehaneleri gibi d\u00fczenlemeye tabi i\u015fletmeler i\u00e7in \u00e7\u0131karlar\u0131n\u0131z\u0131 korumak, hedeflerinizi desteklemek ve her a\u015famada uyumlulu\u011fu sa\u011flamak \u00fczere tasarlanm\u0131\u015f kapsaml\u0131 bir i\u015f hukuku hizmetleri yelpazesi sunuyoruz. \u0130ster h\u0131rsl\u0131 bir giri\u015fimci ister k\u00f6kl\u00fc bir kurulu\u015f olun ve bir muayenehane sat\u0131n al\u0131yor veya sat\u0131yor olun, tavsiyelerimiz ihtiya\u00e7lar\u0131n\u0131z\u0131 kar\u015f\u0131lamak i\u00e7in \u00f6zel olarak haz\u0131rlanm\u0131\u015ft\u0131r.<\/p>\n\n\n\n<p>Kurumsal ve ticari ekibimiz her karar\u0131n\u0131zda size rehberlik ederek a\u015fa\u011f\u0131daki gibi alanlarda kendinizden emin ve bilin\u00e7li se\u00e7imler yapman\u0131za yard\u0131mc\u0131 olacakt\u0131r:<\/p>\n\n\n\n<ul class=\"wp-block-list\">\n<li>\u015eerefiye ve hissedarl\u0131\u011f\u0131n anla\u015f\u0131lmas\u0131 ve sat\u0131\u015f ve sat\u0131n alma anla\u015fmalar\u0131ndaki \u00f6nemi<\/li>\n\n\n\n<li>Ameliyathane Sahipli\u011fi ve Geli\u015ftirme<\/li>\n\n\n\n<li>\u015eirketle\u015fme, LLP Olu\u015fumu<\/li>\n\n\n\n<li>Ortakl\u0131k ve gider payla\u015f\u0131m\u0131 ve y\u00fcklenici anla\u015fmalar\u0131<\/li>\n\n\n\n<li>Mesleki D\u00fczenleme ve Kay\u0131t:<br>Bak\u0131m Kalite Komisyonu (CQC) s\u00fcre\u00e7leri, Uygulamaya uygunluk ve RVCS konular\u0131, GPhc konular\u0131, M\u00fclkiyet de\u011fi\u015fikli\u011fi ve yer de\u011fi\u015ftirme d\u00fczenlemeleri, NHS <a href=\"https:\/\/rfblegal.co.uk\/tr\/hizmetler\/ki%cc%87si%cc%87sel-hukuk\/duzenleyi%cc%87ci%cc%87-hukuk\/\">d\u00fczenleyici<\/a> ve s\u00f6zle\u015fme konular\u0131,\u00a0<\/li>\n\n\n\n<li>Sat\u0131\u015flar &amp; Al\u0131mlar<\/li>\n\n\n\n<li>Sa\u011fl\u0131k ve g\u00fcvenlik gereklilikleri<\/li>\n<\/ul>\n\n\n\n<h2 class=\"wp-block-heading\">\u00c7e\u015fitli mesleki uygulamalar\u0131n sat\u0131\u015f\u0131 ve sat\u0131n al\u0131nmas\u0131&nbsp;<\/h2>\n\n\n\n<p>Hem NHS hem de \u00f6zel bak\u0131m evleri, eczane ve veterinerlik uygulamalar\u0131n\u0131n sat\u0131\u015f\u0131 ve sat\u0131n al\u0131nmas\u0131 konusunda yard\u0131mc\u0131 olabiliriz. Size \u015fu konularda uzman tavsiyesi verebiliriz:<\/p>\n\n\n\n<ul class=\"wp-block-list\">\n<li>Durum tespiti s\u00fcreci - veri odas\u0131n\u0131n de\u011ferlendirilmesi ve sat\u0131n almak veya satmak istedi\u011finiz varl\u0131k ve te\u015febb\u00fcsle ilgili temel hususlar ve \u00e7\u0131kar\u0131n\u0131z\u0131 korumak i\u00e7in istenecek veya sa\u011flanacak herhangi bir a\u00e7\u0131klama<\/li>\n\n\n\n<li>NHS s\u00f6zle\u015fmelerinin devri<\/li>\n\n\n\n<li>CQC kay\u0131t s\u00fcreci<\/li>\n\n\n\n<li>Personel transferleri ve TUPE'nin ge\u00e7erli olup olmayaca\u011f\u0131<\/li>\n\n\n\n<li>Sorumlulu\u011fun s\u0131n\u0131rland\u0131r\u0131lmas\u0131<\/li>\n\n\n\n<li>M\u00fclk devri<\/li>\n\n\n\n<li>Bankac\u0131l\u0131k ve finans i\u015fleri<\/li>\n<\/ul>\n\n\n\n<p>RFB'deki \u015eirketler ve Ticaret Hukuku avukatlar\u0131m\u0131z\u0131n size ve i\u015finize nas\u0131l yard\u0131mc\u0131 olabilece\u011fini g\u00f6r\u00fc\u015fmek i\u00e7in l\u00fctfen ekibimizle ileti\u015fime ge\u00e7in <a href=\"tel:020 7613 1402\">020 7613 1402<\/a>.<\/p>","protected":false},"excerpt":{"rendered":"<p>We offer a comprehensive range of business law services for regulated businesses such as care homes, opticians, pharmacies, and veterinary practices, designed to protect your interests, support your goals, and ensure compliance at every stage. Whether you\u2019re an ambitious startup or a well-established organisation, and buying or selling a practice, our advice is tailored to &hellip; <a href=\"https:\/\/rfblegal.co.uk\/tr\/hizmetler\/is-hukuku\/is-kurumsal\/ticari-duzenlemeye-tabi-sektorler\/\">Devam\u0131<\/a><\/p>","protected":false},"author":5,"featured_media":6132,"parent":2597,"menu_order":0,"comment_status":"closed","ping_status":"closed","template":"tier3-template.blade.php","meta":{"_acf_changed":false,"om_disable_all_campaigns":false,"_uf_show_specific_survey":0,"_uf_disable_surveys":false,"footnotes":""},"class_list":["post-6129","page","type-page","status-publish","has-post-thumbnail","hentry"],"acf":[],"aioseo_notices":[],"yoast_head":"<!-- This site is optimized with the Yoast SEO plugin v27.2 - https:\/\/yoast.com\/product\/yoast-seo-wordpress\/ -->\n<title>Commercial Regulated Sectors - RFB Legal<\/title>\n<meta name=\"description\" content=\"We offer a comprehensive range of business law services for regulated businesses such as care homes, opticians, pharmacies, and veterinary practices,\" \/>\n<meta name=\"robots\" content=\"index, follow, max-snippet:-1, max-image-preview:large, max-video-preview:-1\" \/>\n<link rel=\"canonical\" href=\"https:\/\/rfblegal.co.uk\/tr\/hizmetler\/is-hukuku\/is-kurumsal\/ticari-duzenlemeye-tabi-sektorler\/\" \/>\n<meta property=\"og:locale\" content=\"tr_TR\" \/>\n<meta property=\"og:type\" content=\"article\" \/>\n<meta property=\"og:title\" content=\"Commercial Regulated Sectors - RFB Legal\" \/>\n<meta property=\"og:description\" content=\"We offer a comprehensive range of business law services for regulated businesses such as care homes, opticians, pharmacies, and veterinary practices,\" \/>\n<meta property=\"og:url\" content=\"https:\/\/rfblegal.co.uk\/tr\/hizmetler\/is-hukuku\/is-kurumsal\/ticari-duzenlemeye-tabi-sektorler\/\" \/>\n<meta property=\"og:site_name\" content=\"RFB Legal\" \/>\n<meta property=\"article:publisher\" content=\"https:\/\/www.facebook.com\/RFBLegal\/\" \/>\n<meta property=\"article:modified_time\" content=\"2026-03-26T10:56:21+00:00\" \/>\n<meta property=\"og:image\" content=\"https:\/\/rfblegal.co.uk\/wp-content\/uploads\/2025\/04\/AdobeStock_400427216-scaled.jpeg\" \/>\n\t<meta property=\"og:image:width\" content=\"2120\" \/>\n\t<meta property=\"og:image:height\" content=\"1193\" \/>\n\t<meta property=\"og:image:type\" content=\"image\/jpeg\" \/>\n<meta name=\"twitter:card\" content=\"summary_large_image\" \/>\n<meta name=\"twitter:label1\" content=\"Est. reading time\" \/>\n\t<meta name=\"twitter:data1\" content=\"2 dakika\" \/>\n<script type=\"application\/ld+json\" class=\"yoast-schema-graph\">{\"@context\":\"https:\/\/schema.org\",\"@graph\":[{\"@type\":\"WebPage\",\"@id\":\"https:\/\/rfblegal.co.uk\/services\/business-law\/business-corporate\/commercial-regulated-sectors\/\",\"url\":\"https:\/\/rfblegal.co.uk\/services\/business-law\/business-corporate\/commercial-regulated-sectors\/\",\"name\":\"Commercial Regulated Sectors - RFB Legal\",\"isPartOf\":{\"@id\":\"https:\/\/rfblegal.co.uk\/#website\"},\"primaryImageOfPage\":{\"@id\":\"https:\/\/rfblegal.co.uk\/services\/business-law\/business-corporate\/commercial-regulated-sectors\/#primaryimage\"},\"image\":{\"@id\":\"https:\/\/rfblegal.co.uk\/services\/business-law\/business-corporate\/commercial-regulated-sectors\/#primaryimage\"},\"thumbnailUrl\":\"https:\/\/rfblegal.co.uk\/wp-content\/uploads\/2025\/04\/AdobeStock_400427216-scaled.jpeg\",\"datePublished\":\"2025-04-10T14:44:42+00:00\",\"dateModified\":\"2026-03-26T10:56:21+00:00\",\"description\":\"We offer a comprehensive range of business law services for regulated businesses such as care homes, opticians, pharmacies, and veterinary practices,\",\"breadcrumb\":{\"@id\":\"https:\/\/rfblegal.co.uk\/services\/business-law\/business-corporate\/commercial-regulated-sectors\/#breadcrumb\"},\"inLanguage\":\"tr\",\"potentialAction\":[{\"@type\":\"ReadAction\",\"target\":[\"https:\/\/rfblegal.co.uk\/services\/business-law\/business-corporate\/commercial-regulated-sectors\/\"]}]},{\"@type\":\"ImageObject\",\"inLanguage\":\"tr\",\"@id\":\"https:\/\/rfblegal.co.uk\/services\/business-law\/business-corporate\/commercial-regulated-sectors\/#primaryimage\",\"url\":\"https:\/\/rfblegal.co.uk\/wp-content\/uploads\/2025\/04\/AdobeStock_400427216-scaled.jpeg\",\"contentUrl\":\"https:\/\/rfblegal.co.uk\/wp-content\/uploads\/2025\/04\/AdobeStock_400427216-scaled.jpeg\",\"width\":2120,\"height\":1193,\"caption\":\"Pharmacy Drugstore Checkout Cashier Counter: Mature Female Pharmacist and Young Woman Using Contactless Payment NFC Smartphone to Buy Prescription Medicine, Vitamins, Beauty, Health Care Products\"},{\"@type\":\"BreadcrumbList\",\"@id\":\"https:\/\/rfblegal.co.uk\/services\/business-law\/business-corporate\/commercial-regulated-sectors\/#breadcrumb\",\"itemListElement\":[{\"@type\":\"ListItem\",\"position\":1,\"name\":\"Home\",\"item\":\"https:\/\/rfblegal.co.uk\/\"},{\"@type\":\"ListItem\",\"position\":2,\"name\":\"Services\",\"item\":\"https:\/\/rfblegal.co.uk\/services\/\"},{\"@type\":\"ListItem\",\"position\":3,\"name\":\"Business Law\",\"item\":\"https:\/\/rfblegal.co.uk\/services\/business-law\/\"},{\"@type\":\"ListItem\",\"position\":4,\"name\":\"Business &#8211; Corporate\",\"item\":\"https:\/\/rfblegal.co.uk\/services\/business-law\/business-corporate\/\"},{\"@type\":\"ListItem\",\"position\":5,\"name\":\"Commercial Regulated Sectors\"}]},{\"@type\":\"WebSite\",\"@id\":\"https:\/\/rfblegal.co.uk\/#website\",\"url\":\"https:\/\/rfblegal.co.uk\/\",\"name\":\"RFB Legal\",\"description\":\"\",\"publisher\":{\"@id\":\"https:\/\/rfblegal.co.uk\/#organization\"},\"potentialAction\":[{\"@type\":\"SearchAction\",\"target\":{\"@type\":\"EntryPoint\",\"urlTemplate\":\"https:\/\/rfblegal.co.uk\/?s={search_term_string}\"},\"query-input\":{\"@type\":\"PropertyValueSpecification\",\"valueRequired\":true,\"valueName\":\"search_term_string\"}}],\"inLanguage\":\"tr\"},{\"@type\":\"Organization\",\"@id\":\"https:\/\/rfblegal.co.uk\/#organization\",\"name\":\"RFB Legal\",\"url\":\"https:\/\/rfblegal.co.uk\/\",\"logo\":{\"@type\":\"ImageObject\",\"inLanguage\":\"tr\",\"@id\":\"https:\/\/rfblegal.co.uk\/#\/schema\/logo\/image\/\",\"url\":\"https:\/\/rfblegal.co.uk\/wp-content\/uploads\/2024\/01\/header_company_logo.svg\",\"contentUrl\":\"https:\/\/rfblegal.co.uk\/wp-content\/uploads\/2024\/01\/header_company_logo.svg\",\"caption\":\"RFB Legal\"},\"image\":{\"@id\":\"https:\/\/rfblegal.co.uk\/#\/schema\/logo\/image\/\"},\"sameAs\":[\"https:\/\/www.facebook.com\/RFBLegal\/\",\"https:\/\/www.linkedin.com\/uas\/login?session_redirect=company2012282\",\"https:\/\/www.instagram.com\/rfb_legal\/\"]}]}<\/script>\n<!-- \/ Yoast SEO plugin. -->","yoast_head_json":{"title":"Ticari D\u00fczenlemeye Tabi Sekt\u00f6rler - RFB Legal","description":"Bak\u0131m evleri, g\u00f6zl\u00fck\u00e7\u00fcler, eczaneler ve veterinerlik uygulamalar\u0131 gibi d\u00fczenlemeye tabi i\u015fletmeler i\u00e7in kapsaml\u0131 bir i\u015f hukuku hizmetleri yelpazesi sunuyoruz,","robots":{"index":"index","follow":"follow","max-snippet":"max-snippet:-1","max-image-preview":"max-image-preview:large","max-video-preview":"max-video-preview:-1"},"canonical":"https:\/\/rfblegal.co.uk\/tr\/hizmetler\/is-hukuku\/is-kurumsal\/ticari-duzenlemeye-tabi-sektorler\/","og_locale":"tr_TR","og_type":"article","og_title":"Commercial Regulated Sectors - RFB Legal","og_description":"We offer a comprehensive range of business law services for regulated businesses such as care homes, opticians, pharmacies, and veterinary practices,","og_url":"https:\/\/rfblegal.co.uk\/tr\/hizmetler\/is-hukuku\/is-kurumsal\/ticari-duzenlemeye-tabi-sektorler\/","og_site_name":"RFB Legal","article_publisher":"https:\/\/www.facebook.com\/RFBLegal\/","article_modified_time":"2026-03-26T10:56:21+00:00","og_image":[{"width":2120,"height":1193,"url":"https:\/\/rfblegal.co.uk\/wp-content\/uploads\/2025\/04\/AdobeStock_400427216-scaled.jpeg","type":"image\/jpeg"}],"twitter_card":"summary_large_image","twitter_misc":{"Est. reading time":"2 dakika"},"schema":{"@context":"https:\/\/schema.org","@graph":[{"@type":"WebPage","@id":"https:\/\/rfblegal.co.uk\/services\/business-law\/business-corporate\/commercial-regulated-sectors\/","url":"https:\/\/rfblegal.co.uk\/services\/business-law\/business-corporate\/commercial-regulated-sectors\/","name":"Ticari D\u00fczenlemeye Tabi Sekt\u00f6rler - RFB Legal","isPartOf":{"@id":"https:\/\/rfblegal.co.uk\/#website"},"primaryImageOfPage":{"@id":"https:\/\/rfblegal.co.uk\/services\/business-law\/business-corporate\/commercial-regulated-sectors\/#primaryimage"},"image":{"@id":"https:\/\/rfblegal.co.uk\/services\/business-law\/business-corporate\/commercial-regulated-sectors\/#primaryimage"},"thumbnailUrl":"https:\/\/rfblegal.co.uk\/wp-content\/uploads\/2025\/04\/AdobeStock_400427216-scaled.jpeg","datePublished":"2025-04-10T14:44:42+00:00","dateModified":"2026-03-26T10:56:21+00:00","description":"Bak\u0131m evleri, g\u00f6zl\u00fck\u00e7\u00fcler, eczaneler ve veterinerlik uygulamalar\u0131 gibi d\u00fczenlemeye tabi i\u015fletmeler i\u00e7in kapsaml\u0131 bir i\u015f hukuku hizmetleri yelpazesi sunuyoruz,","breadcrumb":{"@id":"https:\/\/rfblegal.co.uk\/services\/business-law\/business-corporate\/commercial-regulated-sectors\/#breadcrumb"},"inLanguage":"tr","potentialAction":[{"@type":"ReadAction","target":["https:\/\/rfblegal.co.uk\/services\/business-law\/business-corporate\/commercial-regulated-sectors\/"]}]},{"@type":"ImageObject","inLanguage":"tr","@id":"https:\/\/rfblegal.co.uk\/services\/business-law\/business-corporate\/commercial-regulated-sectors\/#primaryimage","url":"https:\/\/rfblegal.co.uk\/wp-content\/uploads\/2025\/04\/AdobeStock_400427216-scaled.jpeg","contentUrl":"https:\/\/rfblegal.co.uk\/wp-content\/uploads\/2025\/04\/AdobeStock_400427216-scaled.jpeg","width":2120,"height":1193,"caption":"Pharmacy Drugstore Checkout Cashier Counter: Mature Female Pharmacist and Young Woman Using Contactless Payment NFC Smartphone to Buy Prescription Medicine, Vitamins, Beauty, Health Care Products"},{"@type":"BreadcrumbList","@id":"https:\/\/rfblegal.co.uk\/services\/business-law\/business-corporate\/commercial-regulated-sectors\/#breadcrumb","itemListElement":[{"@type":"ListItem","position":1,"name":"Home","item":"https:\/\/rfblegal.co.uk\/"},{"@type":"ListItem","position":2,"name":"Services","item":"https:\/\/rfblegal.co.uk\/services\/"},{"@type":"ListItem","position":3,"name":"Business Law","item":"https:\/\/rfblegal.co.uk\/services\/business-law\/"},{"@type":"ListItem","position":4,"name":"Business &#8211; Corporate","item":"https:\/\/rfblegal.co.uk\/services\/business-law\/business-corporate\/"},{"@type":"ListItem","position":5,"name":"Commercial Regulated Sectors"}]},{"@type":"WebSite","@id":"https:\/\/rfblegal.co.uk\/#website","url":"https:\/\/rfblegal.co.uk\/","name":"RFB Hukuk","description":"","publisher":{"@id":"https:\/\/rfblegal.co.uk\/#organization"},"potentialAction":[{"@type":"SearchAction","target":{"@type":"EntryPoint","urlTemplate":"https:\/\/rfblegal.co.uk\/?s={search_term_string}"},"query-input":{"@type":"PropertyValueSpecification","valueRequired":true,"valueName":"search_term_string"}}],"inLanguage":"tr"},{"@type":"Organization","@id":"https:\/\/rfblegal.co.uk\/#organization","name":"RFB Hukuk","url":"https:\/\/rfblegal.co.uk\/","logo":{"@type":"ImageObject","inLanguage":"tr","@id":"https:\/\/rfblegal.co.uk\/#\/schema\/logo\/image\/","url":"https:\/\/rfblegal.co.uk\/wp-content\/uploads\/2024\/01\/header_company_logo.svg","contentUrl":"https:\/\/rfblegal.co.uk\/wp-content\/uploads\/2024\/01\/header_company_logo.svg","caption":"RFB Legal"},"image":{"@id":"https:\/\/rfblegal.co.uk\/#\/schema\/logo\/image\/"},"sameAs":["https:\/\/www.facebook.com\/RFBLegal\/","https:\/\/www.linkedin.com\/uas\/login?session_redirect=company2012282","https:\/\/www.instagram.com\/rfb_legal\/"]}]}},"_links":{"self":[{"href":"https:\/\/rfblegal.co.uk\/tr\/wp-json\/wp\/v2\/pages\/6129","targetHints":{"allow":["GET"]}}],"collection":[{"href":"https:\/\/rfblegal.co.uk\/tr\/wp-json\/wp\/v2\/pages"}],"about":[{"href":"https:\/\/rfblegal.co.uk\/tr\/wp-json\/wp\/v2\/types\/page"}],"author":[{"embeddable":true,"href":"https:\/\/rfblegal.co.uk\/tr\/wp-json\/wp\/v2\/users\/5"}],"replies":[{"embeddable":true,"href":"https:\/\/rfblegal.co.uk\/tr\/wp-json\/wp\/v2\/comments?post=6129"}],"version-history":[{"count":1,"href":"https:\/\/rfblegal.co.uk\/tr\/wp-json\/wp\/v2\/pages\/6129\/revisions"}],"predecessor-version":[{"id":9080,"href":"https:\/\/rfblegal.co.uk\/tr\/wp-json\/wp\/v2\/pages\/6129\/revisions\/9080"}],"up":[{"embeddable":true,"href":"https:\/\/rfblegal.co.uk\/tr\/wp-json\/wp\/v2\/pages\/2597"}],"wp:featuredmedia":[{"embeddable":true,"href":"https:\/\/rfblegal.co.uk\/tr\/wp-json\/wp\/v2\/media\/6132"}],"wp:attachment":[{"href":"https:\/\/rfblegal.co.uk\/tr\/wp-json\/wp\/v2\/media?parent=6129"}],"curies":[{"name":"wp","href":"https:\/\/api.w.org\/{rel}","templated":true}]}}