{"id":4741,"date":"2024-03-25T14:42:34","date_gmt":"2024-03-25T14:42:34","guid":{"rendered":"https:\/\/rfblegal.co.uk\/?page_id=4741"},"modified":"2024-03-26T08:34:52","modified_gmt":"2024-03-26T08:34:52","slug":"musteri%cc%87-hesap-bi%cc%87lgi%cc%87leri%cc%87","status":"publish","type":"page","link":"https:\/\/rfblegal.co.uk\/tr\/musteri%cc%87-hesap-bi%cc%87lgi%cc%87leri%cc%87\/","title":{"rendered":"M\u00fc\u015fteri Bankas\u0131 H\u00fck\u00fcm ve Ko\u015fullar\u0131"},"content":{"rendered":"\n<p class=\"has-2-xl-font-size\">By clicking accept you acknowledge the following terms and conditions:<\/p>\n\n\n\n<p class=\"has-xl-font-size\"><\/p>\n\n\n\n<p class=\"has-xl-font-size\">You understand that we will never notify you of any change to our bank details by email.<\/p>\n\n\n\n<p class=\"has-xl-font-size\">You understand that we will never share our bank details with you by email.<\/p>\n\n\n\n<p class=\"has-xl-font-size\">You understand that our Bank Details will never change and if you receive anything different, then you must contact Ronald Fletcher Baker.<\/p>\n\n\n\n<p class=\"has-xl-font-size\">To obtain the password, please contact the solicitor in charge of your matter. <\/p>\n\n\n\n<p class=\"has-xl-font-size\">We remind you to always confirm our bank details with your fee earner by telephone or face to face before sending us money.<\/p>\n\n\n\n<p class=\"has-3-xl-font-size hidden\"><a href=\"https:\/\/rfblegal.co.uk\/homepage\/eDEntRaN\/\">ACCEPT<\/a><\/p>\n\n\n<style id=\"wpforms-css-vars-4750\">\n\t\t\t\t#wpforms-4750 {\n\t\t\t\t\n\t\t\t}\n\t\t\t<\/style><div class=\"wpforms-container wpforms-container-full terms_conditions_form_wrapper wpforms-render-modern\" id=\"wpforms-4750\"><form id=\"wpforms-form-4750\" class=\"wpforms-validate wpforms-form wpforms-ajax-form\" data-formid=\"4750\" method=\"post\" enctype=\"multipart\/form-data\" action=\"\/tr\/wp-json\/wp\/v2\/pages\/4741\" data-token=\"e6b9722f936304094ec74210d817ca1b\" data-token-time=\"1776712178\"><noscript class=\"wpforms-error-noscript\">Bu formu bitirebilmek i\u00e7in taray\u0131c\u0131n\u0131zda JavaScript&#039;i etkinle\u015ftirin.<\/noscript><div id=\"wpforms-error-noscript\" style=\"display: none;\">Bu formu bitirebilmek i\u00e7in taray\u0131c\u0131n\u0131zda JavaScript&#039;i etkinle\u015ftirin.<\/div><div class=\"wpforms-field-container\"><div id=\"wpforms-4750-field_2-container\" class=\"wpforms-field wpforms-field-checkbox wpforms-list-inline\" data-field-id=\"2\"><fieldset><legend class=\"wpforms-field-label wpforms-label-hide\" aria-hidden=\"false\">Checkboxes <span class=\"wpforms-required-label\" aria-hidden=\"true\">*<\/span><\/legend><ul id=\"wpforms-4750-field_2\" class=\"wpforms-field-required\"><li class=\"choice-1 depth-1\"><input type=\"checkbox\" id=\"wpforms-4750-field_2_1\" name=\"wpforms[fields][2][]\" value=\"Accept\" aria-errormessage=\"wpforms-4750-field_2_1-error\" required ><label class=\"wpforms-field-label-inline\" for=\"wpforms-4750-field_2_1\">Accept<\/label><\/li><\/ul><\/fieldset><\/div><\/div><!-- .wpforms-field-container --><div class=\"wpforms-recaptcha-container wpforms-is-recaptcha wpforms-is-recaptcha-type-v3\" ><input type=\"hidden\" name=\"wpforms[recaptcha]\" value=\"\"><\/div><div class=\"wpforms-submit-container\" ><input type=\"hidden\" name=\"wpforms[id]\" value=\"4750\"><input type=\"hidden\" name=\"page_title\" value=\"\"><input type=\"hidden\" name=\"page_url\" value=\"https:\/\/rfblegal.co.uk\/tr\/wp-json\/wp\/v2\/pages\/4741\"><input type=\"hidden\" name=\"url_referer\" value=\"\"><button type=\"submit\" name=\"wpforms[submit]\" id=\"wpforms-submit-4750\" class=\"wpforms-submit\" data-alt-text=\"Sending...\" data-submit-text=\"Submit\" aria-live=\"assertive\" value=\"wpforms-submit\">Submit<\/button><img loading=\"lazy\" decoding=\"async\" src=\"https:\/\/rfblegal.co.uk\/wp-content\/plugins\/wpforms\/assets\/images\/submit-spin.svg\" class=\"wpforms-submit-spinner\" style=\"display: none;\" width=\"26\" height=\"26\" alt=\"Y\u00fckleniyor\"><\/div><\/form><\/div>  <!-- .wpforms-container -->\n","protected":false},"excerpt":{"rendered":"<p>By clicking accept you acknowledge the following terms and conditions: You understand that we will never notify you of any change to our bank details by email. You understand that we will never share our bank details with you by email. You understand that our Bank Details will never change and if you receive anything &hellip; <a href=\"https:\/\/rfblegal.co.uk\/tr\/musteri%cc%87-hesap-bi%cc%87lgi%cc%87leri%cc%87\/\">Devam\u0131<\/a><\/p>","protected":false},"author":2,"featured_media":3678,"parent":0,"menu_order":0,"comment_status":"closed","ping_status":"closed","template":"","meta":{"_acf_changed":false,"om_disable_all_campaigns":false,"_uf_show_specific_survey":0,"_uf_disable_surveys":false,"footnotes":""},"class_list":["post-4741","page","type-page","status-publish","has-post-thumbnail","hentry"],"acf":[],"aioseo_notices":[],"yoast_head":"<!-- This site is optimized with the Yoast SEO plugin v27.2 - https:\/\/yoast.com\/product\/yoast-seo-wordpress\/ -->\n<title>Client Bank Terms &amp; Conditions - RFB Legal<\/title>\n<meta name=\"description\" content=\"By clicking accept you acknowledge the following terms and conditions: You understand that we will never notify you of any change to our bank details by\" \/>\n<meta name=\"robots\" content=\"noindex, nofollow\" \/>\n<meta property=\"og:locale\" content=\"tr_TR\" \/>\n<meta property=\"og:type\" content=\"article\" \/>\n<meta property=\"og:title\" content=\"Client Bank Terms &amp; Conditions - RFB Legal\" \/>\n<meta property=\"og:description\" content=\"By clicking accept you acknowledge the following terms and conditions: You understand that we will never notify you of any change to our bank details by\" \/>\n<meta property=\"og:url\" content=\"https:\/\/rfblegal.co.uk\/tr\/musteri\u0307-hesap-bi\u0307lgi\u0307leri\u0307\/\" \/>\n<meta property=\"og:site_name\" content=\"RFB Legal\" \/>\n<meta property=\"article:publisher\" content=\"https:\/\/www.facebook.com\/RFBLegal\/\" \/>\n<meta property=\"article:modified_time\" content=\"2024-03-26T08:34:52+00:00\" \/>\n<meta property=\"og:image\" content=\"https:\/\/rfblegal.co.uk\/wp-content\/uploads\/2024\/02\/41ae4560-af2b-44db-8a30-dd31e11c40ea.jpeg\" \/>\n\t<meta property=\"og:image:width\" content=\"1367\" \/>\n\t<meta property=\"og:image:height\" content=\"911\" \/>\n\t<meta property=\"og:image:type\" content=\"image\/jpeg\" \/>\n<meta name=\"twitter:card\" content=\"summary_large_image\" \/>\n<meta name=\"twitter:label1\" content=\"Est. reading time\" \/>\n\t<meta name=\"twitter:data1\" content=\"1 dakika\" \/>\n<script type=\"application\/ld+json\" class=\"yoast-schema-graph\">{\"@context\":\"https:\/\/schema.org\",\"@graph\":[{\"@type\":\"WebPage\",\"@id\":\"https:\/\/rfblegal.co.uk\/client-acc-details\/\",\"url\":\"https:\/\/rfblegal.co.uk\/client-acc-details\/\",\"name\":\"Client Bank Terms & Conditions - RFB Legal\",\"isPartOf\":{\"@id\":\"https:\/\/rfblegal.co.uk\/#website\"},\"primaryImageOfPage\":{\"@id\":\"https:\/\/rfblegal.co.uk\/client-acc-details\/#primaryimage\"},\"image\":{\"@id\":\"https:\/\/rfblegal.co.uk\/client-acc-details\/#primaryimage\"},\"thumbnailUrl\":\"https:\/\/rfblegal.co.uk\/wp-content\/uploads\/2024\/02\/41ae4560-af2b-44db-8a30-dd31e11c40ea.jpeg\",\"datePublished\":\"2024-03-25T14:42:34+00:00\",\"dateModified\":\"2024-03-26T08:34:52+00:00\",\"description\":\"By clicking accept you acknowledge the following terms and conditions: You understand that we will never notify you of any change to our bank details by\",\"breadcrumb\":{\"@id\":\"https:\/\/rfblegal.co.uk\/client-acc-details\/#breadcrumb\"},\"inLanguage\":\"tr\",\"potentialAction\":[{\"@type\":\"ReadAction\",\"target\":[\"https:\/\/rfblegal.co.uk\/client-acc-details\/\"]}]},{\"@type\":\"ImageObject\",\"inLanguage\":\"tr\",\"@id\":\"https:\/\/rfblegal.co.uk\/client-acc-details\/#primaryimage\",\"url\":\"https:\/\/rfblegal.co.uk\/wp-content\/uploads\/2024\/02\/41ae4560-af2b-44db-8a30-dd31e11c40ea.jpeg\",\"contentUrl\":\"https:\/\/rfblegal.co.uk\/wp-content\/uploads\/2024\/02\/41ae4560-af2b-44db-8a30-dd31e11c40ea.jpeg\",\"width\":1367,\"height\":911},{\"@type\":\"BreadcrumbList\",\"@id\":\"https:\/\/rfblegal.co.uk\/client-acc-details\/#breadcrumb\",\"itemListElement\":[{\"@type\":\"ListItem\",\"position\":1,\"name\":\"Home\",\"item\":\"https:\/\/rfblegal.co.uk\/\"},{\"@type\":\"ListItem\",\"position\":2,\"name\":\"Client Bank Terms &#038; Conditions\"}]},{\"@type\":\"WebSite\",\"@id\":\"https:\/\/rfblegal.co.uk\/#website\",\"url\":\"https:\/\/rfblegal.co.uk\/\",\"name\":\"RFB Legal\",\"description\":\"\",\"publisher\":{\"@id\":\"https:\/\/rfblegal.co.uk\/#organization\"},\"potentialAction\":[{\"@type\":\"SearchAction\",\"target\":{\"@type\":\"EntryPoint\",\"urlTemplate\":\"https:\/\/rfblegal.co.uk\/?s={search_term_string}\"},\"query-input\":{\"@type\":\"PropertyValueSpecification\",\"valueRequired\":true,\"valueName\":\"search_term_string\"}}],\"inLanguage\":\"tr\"},{\"@type\":\"Organization\",\"@id\":\"https:\/\/rfblegal.co.uk\/#organization\",\"name\":\"RFB Legal\",\"url\":\"https:\/\/rfblegal.co.uk\/\",\"logo\":{\"@type\":\"ImageObject\",\"inLanguage\":\"tr\",\"@id\":\"https:\/\/rfblegal.co.uk\/#\/schema\/logo\/image\/\",\"url\":\"https:\/\/rfblegal.co.uk\/wp-content\/uploads\/2024\/01\/header_company_logo.svg\",\"contentUrl\":\"https:\/\/rfblegal.co.uk\/wp-content\/uploads\/2024\/01\/header_company_logo.svg\",\"caption\":\"RFB Legal\"},\"image\":{\"@id\":\"https:\/\/rfblegal.co.uk\/#\/schema\/logo\/image\/\"},\"sameAs\":[\"https:\/\/www.facebook.com\/RFBLegal\/\",\"https:\/\/www.linkedin.com\/uas\/login?session_redirect=company2012282\",\"https:\/\/www.instagram.com\/rfb_legal\/\"]}]}<\/script>\n<!-- \/ Yoast SEO plugin. -->","yoast_head_json":{"title":"M\u00fc\u015fteri Bankas\u0131 H\u00fck\u00fcm ve Ko\u015fullar\u0131 - RFB Legal","description":"Kabul et se\u00e7ene\u011fine t\u0131klayarak a\u015fa\u011f\u0131daki h\u00fck\u00fcm ve ko\u015fullar\u0131 kabul etmi\u015f olursunuz: Banka bilgilerimizdeki herhangi bir de\u011fi\u015fiklikten sizi asla haberdar etmeyece\u011fimizi anl\u0131yorsunuz.","robots":{"index":"noindex","follow":"nofollow"},"og_locale":"tr_TR","og_type":"article","og_title":"Client Bank Terms & Conditions - RFB Legal","og_description":"By clicking accept you acknowledge the following terms and conditions: You understand that we will never notify you of any change to our bank details by","og_url":"https:\/\/rfblegal.co.uk\/tr\/musteri\u0307-hesap-bi\u0307lgi\u0307leri\u0307\/","og_site_name":"RFB Legal","article_publisher":"https:\/\/www.facebook.com\/RFBLegal\/","article_modified_time":"2024-03-26T08:34:52+00:00","og_image":[{"width":1367,"height":911,"url":"https:\/\/rfblegal.co.uk\/wp-content\/uploads\/2024\/02\/41ae4560-af2b-44db-8a30-dd31e11c40ea.jpeg","type":"image\/jpeg"}],"twitter_card":"summary_large_image","twitter_misc":{"Est. reading time":"1 dakika"},"schema":{"@context":"https:\/\/schema.org","@graph":[{"@type":"WebPage","@id":"https:\/\/rfblegal.co.uk\/client-acc-details\/","url":"https:\/\/rfblegal.co.uk\/client-acc-details\/","name":"M\u00fc\u015fteri Bankas\u0131 H\u00fck\u00fcm ve Ko\u015fullar\u0131 - RFB Legal","isPartOf":{"@id":"https:\/\/rfblegal.co.uk\/#website"},"primaryImageOfPage":{"@id":"https:\/\/rfblegal.co.uk\/client-acc-details\/#primaryimage"},"image":{"@id":"https:\/\/rfblegal.co.uk\/client-acc-details\/#primaryimage"},"thumbnailUrl":"https:\/\/rfblegal.co.uk\/wp-content\/uploads\/2024\/02\/41ae4560-af2b-44db-8a30-dd31e11c40ea.jpeg","datePublished":"2024-03-25T14:42:34+00:00","dateModified":"2024-03-26T08:34:52+00:00","description":"Kabul et se\u00e7ene\u011fine t\u0131klayarak a\u015fa\u011f\u0131daki h\u00fck\u00fcm ve ko\u015fullar\u0131 kabul etmi\u015f olursunuz: Banka bilgilerimizdeki herhangi bir de\u011fi\u015fiklikten sizi asla haberdar etmeyece\u011fimizi anl\u0131yorsunuz.","breadcrumb":{"@id":"https:\/\/rfblegal.co.uk\/client-acc-details\/#breadcrumb"},"inLanguage":"tr","potentialAction":[{"@type":"ReadAction","target":["https:\/\/rfblegal.co.uk\/client-acc-details\/"]}]},{"@type":"ImageObject","inLanguage":"tr","@id":"https:\/\/rfblegal.co.uk\/client-acc-details\/#primaryimage","url":"https:\/\/rfblegal.co.uk\/wp-content\/uploads\/2024\/02\/41ae4560-af2b-44db-8a30-dd31e11c40ea.jpeg","contentUrl":"https:\/\/rfblegal.co.uk\/wp-content\/uploads\/2024\/02\/41ae4560-af2b-44db-8a30-dd31e11c40ea.jpeg","width":1367,"height":911},{"@type":"BreadcrumbList","@id":"https:\/\/rfblegal.co.uk\/client-acc-details\/#breadcrumb","itemListElement":[{"@type":"ListItem","position":1,"name":"Home","item":"https:\/\/rfblegal.co.uk\/"},{"@type":"ListItem","position":2,"name":"Client Bank Terms &#038; Conditions"}]},{"@type":"WebSite","@id":"https:\/\/rfblegal.co.uk\/#website","url":"https:\/\/rfblegal.co.uk\/","name":"RFB Hukuk","description":"","publisher":{"@id":"https:\/\/rfblegal.co.uk\/#organization"},"potentialAction":[{"@type":"SearchAction","target":{"@type":"EntryPoint","urlTemplate":"https:\/\/rfblegal.co.uk\/?s={search_term_string}"},"query-input":{"@type":"PropertyValueSpecification","valueRequired":true,"valueName":"search_term_string"}}],"inLanguage":"tr"},{"@type":"Organization","@id":"https:\/\/rfblegal.co.uk\/#organization","name":"RFB Hukuk","url":"https:\/\/rfblegal.co.uk\/","logo":{"@type":"ImageObject","inLanguage":"tr","@id":"https:\/\/rfblegal.co.uk\/#\/schema\/logo\/image\/","url":"https:\/\/rfblegal.co.uk\/wp-content\/uploads\/2024\/01\/header_company_logo.svg","contentUrl":"https:\/\/rfblegal.co.uk\/wp-content\/uploads\/2024\/01\/header_company_logo.svg","caption":"RFB Legal"},"image":{"@id":"https:\/\/rfblegal.co.uk\/#\/schema\/logo\/image\/"},"sameAs":["https:\/\/www.facebook.com\/RFBLegal\/","https:\/\/www.linkedin.com\/uas\/login?session_redirect=company2012282","https:\/\/www.instagram.com\/rfb_legal\/"]}]}},"_links":{"self":[{"href":"https:\/\/rfblegal.co.uk\/tr\/wp-json\/wp\/v2\/pages\/4741","targetHints":{"allow":["GET"]}}],"collection":[{"href":"https:\/\/rfblegal.co.uk\/tr\/wp-json\/wp\/v2\/pages"}],"about":[{"href":"https:\/\/rfblegal.co.uk\/tr\/wp-json\/wp\/v2\/types\/page"}],"author":[{"embeddable":true,"href":"https:\/\/rfblegal.co.uk\/tr\/wp-json\/wp\/v2\/users\/2"}],"replies":[{"embeddable":true,"href":"https:\/\/rfblegal.co.uk\/tr\/wp-json\/wp\/v2\/comments?post=4741"}],"version-history":[{"count":0,"href":"https:\/\/rfblegal.co.uk\/tr\/wp-json\/wp\/v2\/pages\/4741\/revisions"}],"wp:featuredmedia":[{"embeddable":true,"href":"https:\/\/rfblegal.co.uk\/tr\/wp-json\/wp\/v2\/media\/3678"}],"wp:attachment":[{"href":"https:\/\/rfblegal.co.uk\/tr\/wp-json\/wp\/v2\/media?parent=4741"}],"curies":[{"name":"wp","href":"https:\/\/api.w.org\/{rel}","templated":true}]}}