{"id":4472,"date":"2024-03-15T17:07:38","date_gmt":"2024-03-15T17:07:38","guid":{"rendered":"https:\/\/rfblegal.co.uk\/?page_id=4472"},"modified":"2026-02-18T12:42:23","modified_gmt":"2026-02-18T12:42:23","slug":"bir-ev-veya-mulk-satin-almak-ve-satmak","status":"publish","type":"page","link":"https:\/\/rfblegal.co.uk\/tr\/hizmetler\/ki%cc%87si%cc%87sel-hukuk\/konut-mulku\/bir-ev-veya-mulk-satin-almak-ve-satmak\/","title":{"rendered":"Ev veya M\u00fclk Almak ve Satmak"},"content":{"rendered":"\n<p>Embarking on the journey of buying or selling your home is a significant milestone. Whether it&#8217;s your initial step onto the property ladder, transitioning to a new residence, or expanding your investment portfolio, our team of conveyancing experts is here to navigate you through the process. With our expert conveyancing solicitors by your side, you can trust that your interests are safeguarded every step of the way, ensuring a smooth and stress-free experience. <\/p>\n\n\n\n<p>Count on us to assist you in the purchase or sale of various property types, including:<\/p>\n\n\n\n<ul class=\"wp-block-list\">\n<li>Freehold properties<\/li>\n\n\n\n<li>Leasehold properties<\/li>\n\n\n\n<li>Shared ownership properties<\/li>\n\n\n\n<li>New build properties<\/li>\n<\/ul>\n\n\n\n<p><\/p>\n\n\n\n<p>Let us handle the complexities while you focus on envisioning your future in your new home.<\/p>\n\n\n<style id=\"wpforms-css-vars-4345\">\n\t\t\t\t#wpforms-4345 {\n\t\t\t\t--wpforms-field-size-input-height: 43px;\n--wpforms-field-size-input-spacing: 15px;\n--wpforms-field-size-font-size: 16px;\n--wpforms-field-size-line-height: 19px;\n--wpforms-field-size-padding-h: 14px;\n--wpforms-field-size-checkbox-size: 16px;\n--wpforms-field-size-sublabel-spacing: 5px;\n--wpforms-field-size-icon-size: 1;\n--wpforms-label-size-font-size: 16px;\n--wpforms-label-size-line-height: 19px;\n--wpforms-label-size-sublabel-font-size: 14px;\n--wpforms-label-size-sublabel-line-height: 17px;\n--wpforms-button-size-font-size: 17px;\n--wpforms-button-size-height: 41px;\n--wpforms-button-size-padding-h: 15px;\n--wpforms-button-size-margin-top: 10px;\n--wpforms-container-shadow-size-box-shadow: none;\n\t\t\t}\n\t\t\t<\/style><div class=\"wpforms-container wpforms-container-full quote_wrapper_form wpforms-render-modern\" id=\"wpforms-4345\"><form id=\"wpforms-form-4345\" class=\"wpforms-validate wpforms-form wpforms-ajax-form\" data-formid=\"4345\" method=\"post\" enctype=\"multipart\/form-data\" action=\"\/tr\/wp-json\/wp\/v2\/pages\/4472\" data-token=\"d14ac42481771577b749de21d40de61b\" data-token-time=\"1776676783\"><div class=\"wpforms-head-container\"><div class=\"wpforms-title\">Conveyancing quote request<\/div><\/div><noscript class=\"wpforms-error-noscript\">Bu formu bitirebilmek i\u00e7in taray\u0131c\u0131n\u0131zda JavaScript&#039;i etkinle\u015ftirin.<\/noscript><div id=\"wpforms-error-noscript\" style=\"display: none;\">Bu formu bitirebilmek i\u00e7in taray\u0131c\u0131n\u0131zda JavaScript&#039;i etkinle\u015ftirin.<\/div><div class=\"wpforms-field-container\"><div id=\"wpforms-4345-field_3-container\" class=\"wpforms-field wpforms-field-radio wpforms-list-inline\" data-field-id=\"3\"><fieldset><legend class=\"wpforms-field-label\">Which RFB office do you want to contact? <span class=\"wpforms-required-label\" aria-hidden=\"true\">*<\/span><\/legend><ul id=\"wpforms-4345-field_3\" class=\"wpforms-field-required\"><li class=\"choice-5 depth-1\"><input type=\"radio\" id=\"wpforms-4345-field_3_5\" name=\"wpforms[fields][3]\" value=\"Holborn Office\" aria-errormessage=\"wpforms-4345-field_3_5-error\" required ><label class=\"wpforms-field-label-inline\" for=\"wpforms-4345-field_3_5\">Holborn Office<\/label><\/li><li class=\"choice-4 depth-1\"><input type=\"radio\" id=\"wpforms-4345-field_3_4\" name=\"wpforms[fields][3]\" value=\"City Office\" aria-errormessage=\"wpforms-4345-field_3_4-error\" required ><label class=\"wpforms-field-label-inline\" for=\"wpforms-4345-field_3_4\">City Office<\/label><\/li><li class=\"choice-8 depth-1\"><input type=\"radio\" id=\"wpforms-4345-field_3_8\" name=\"wpforms[fields][3]\" value=\"Richmond Office\" aria-errormessage=\"wpforms-4345-field_3_8-error\" required ><label class=\"wpforms-field-label-inline\" for=\"wpforms-4345-field_3_8\">Richmond Office<\/label><\/li><li class=\"choice-6 depth-1\"><input type=\"radio\" id=\"wpforms-4345-field_3_6\" name=\"wpforms[fields][3]\" value=\"Manchester Office\" aria-errormessage=\"wpforms-4345-field_3_6-error\" required ><label class=\"wpforms-field-label-inline\" for=\"wpforms-4345-field_3_6\">Manchester Office<\/label><\/li><li class=\"choice-7 depth-1\"><input type=\"radio\" id=\"wpforms-4345-field_3_7\" name=\"wpforms[fields][3]\" value=\"Exeter Office\" aria-errormessage=\"wpforms-4345-field_3_7-error\" required ><label class=\"wpforms-field-label-inline\" for=\"wpforms-4345-field_3_7\">Exeter Office<\/label><\/li><\/ul><\/fieldset><\/div><div id=\"wpforms-4345-field_4-container\" class=\"wpforms-field wpforms-field-radio wpforms-list-inline\" data-field-id=\"4\"><fieldset><legend class=\"wpforms-field-label\">Please quote me for <span class=\"wpforms-required-label\" aria-hidden=\"true\">*<\/span><\/legend><ul id=\"wpforms-4345-field_4\" class=\"wpforms-field-required\"><li class=\"choice-8 depth-1\"><input type=\"radio\" id=\"wpforms-4345-field_4_8\" name=\"wpforms[fields][4]\" value=\"Sale\" aria-errormessage=\"wpforms-4345-field_4_8-error\" required ><label class=\"wpforms-field-label-inline\" for=\"wpforms-4345-field_4_8\">Sale<\/label><\/li><li class=\"choice-9 depth-1\"><input type=\"radio\" id=\"wpforms-4345-field_4_9\" name=\"wpforms[fields][4]\" value=\"Purchase\" aria-errormessage=\"wpforms-4345-field_4_9-error\" required ><label class=\"wpforms-field-label-inline\" for=\"wpforms-4345-field_4_9\">Purchase<\/label><\/li><li class=\"choice-10 depth-1\"><input type=\"radio\" id=\"wpforms-4345-field_4_10\" name=\"wpforms[fields][4]\" value=\"Both\" aria-errormessage=\"wpforms-4345-field_4_10-error\" required ><label class=\"wpforms-field-label-inline\" for=\"wpforms-4345-field_4_10\">Both<\/label><\/li><\/ul><\/fieldset><\/div><div id=\"wpforms-4345-field_5-container\" class=\"wpforms-field wpforms-field-radio wpforms-list-inline\" data-field-id=\"5\"><fieldset><legend class=\"wpforms-field-label\">Property type <span class=\"wpforms-required-label\" aria-hidden=\"true\">*<\/span><\/legend><ul id=\"wpforms-4345-field_5\" class=\"wpforms-field-required\"><li class=\"choice-9 depth-1\"><input type=\"radio\" id=\"wpforms-4345-field_5_9\" name=\"wpforms[fields][5]\" value=\"Freehold\" aria-errormessage=\"wpforms-4345-field_5_9-error\" required ><label class=\"wpforms-field-label-inline\" for=\"wpforms-4345-field_5_9\">Freehold<\/label><\/li><li class=\"choice-10 depth-1\"><input type=\"radio\" id=\"wpforms-4345-field_5_10\" name=\"wpforms[fields][5]\" value=\"Leasehold\" aria-errormessage=\"wpforms-4345-field_5_10-error\" required ><label class=\"wpforms-field-label-inline\" for=\"wpforms-4345-field_5_10\">Leasehold<\/label><\/li><\/ul><\/fieldset><\/div><div id=\"wpforms-4345-field_7-container\" class=\"wpforms-field wpforms-field-number\" data-field-id=\"7\"><label class=\"wpforms-field-label\" for=\"wpforms-4345-field_7\">The Value of the property is <span class=\"wpforms-required-label\" aria-hidden=\"true\">*<\/span><\/label><input type=\"number\" id=\"wpforms-4345-field_7\" class=\"wpforms-field-medium wpforms-field-required\" name=\"wpforms[fields][7]\" placeholder=\"\u00a3\" step=\"any\" aria-errormessage=\"wpforms-4345-field_7-error\" required><\/div><div id=\"wpforms-4345-field_6-container\" class=\"wpforms-field wpforms-field-text\" data-field-id=\"6\"><label class=\"wpforms-field-label\" for=\"wpforms-4345-field_6\">My Name <span class=\"wpforms-required-label\" aria-hidden=\"true\">*<\/span><\/label><input type=\"text\" id=\"wpforms-4345-field_6\" class=\"wpforms-field-medium wpforms-field-required\" name=\"wpforms[fields][6]\" aria-errormessage=\"wpforms-4345-field_6-error\" required><\/div><div id=\"wpforms-4345-field_1-container\" class=\"wpforms-field wpforms-field-email\" data-field-id=\"1\"><label class=\"wpforms-field-label\" for=\"wpforms-4345-field_1\">My email <span class=\"wpforms-required-label\" aria-hidden=\"true\">*<\/span><\/label><input type=\"email\" id=\"wpforms-4345-field_1\" class=\"wpforms-field-medium wpforms-field-required\" name=\"wpforms[fields][1]\" spellcheck=\"false\" aria-errormessage=\"wpforms-4345-field_1-error\" required><\/div><div id=\"wpforms-4345-field_8-container\" class=\"wpforms-field wpforms-field-number\" data-field-id=\"8\"><label class=\"wpforms-field-label\" for=\"wpforms-4345-field_8\">My phone number<\/label><input type=\"number\" id=\"wpforms-4345-field_8\" class=\"wpforms-field-medium\" name=\"wpforms[fields][8]\" step=\"any\" aria-errormessage=\"wpforms-4345-field_8-error\" ><\/div><div id=\"wpforms-4345-field_2-container\" class=\"wpforms-field wpforms-field-textarea\" data-field-id=\"2\"><label class=\"wpforms-field-label\" for=\"wpforms-4345-field_2\">Any other information<\/label><textarea id=\"wpforms-4345-field_2\" class=\"wpforms-field-medium\" name=\"wpforms[fields][2]\" aria-errormessage=\"wpforms-4345-field_2-error\" ><\/textarea><\/div><\/div><!-- .wpforms-field-container --><div class=\"wpforms-recaptcha-container wpforms-is-recaptcha wpforms-is-recaptcha-type-v3\" ><input type=\"hidden\" name=\"wpforms[recaptcha]\" value=\"\"><\/div><div class=\"wpforms-submit-container\" ><input type=\"hidden\" name=\"wpforms[id]\" value=\"4345\"><input type=\"hidden\" name=\"page_title\" value=\"\"><input type=\"hidden\" name=\"page_url\" value=\"https:\/\/rfblegal.co.uk\/tr\/wp-json\/wp\/v2\/pages\/4472\"><input type=\"hidden\" name=\"url_referer\" value=\"\"><button type=\"submit\" name=\"wpforms[submit]\" id=\"wpforms-submit-4345\" class=\"wpforms-submit quote_wrapper_form_submit\" data-alt-text=\"Sending...\" data-submit-text=\"Submit\" aria-live=\"assertive\" value=\"wpforms-submit\">Submit<\/button><img loading=\"lazy\" decoding=\"async\" src=\"https:\/\/rfblegal.co.uk\/wp-content\/plugins\/wpforms\/assets\/images\/submit-spin.svg\" class=\"wpforms-submit-spinner\" style=\"display: none;\" width=\"26\" height=\"26\" alt=\"Y\u00fckleniyor\"><\/div><\/form><\/div>  <!-- .wpforms-container -->\n","protected":false},"excerpt":{"rendered":"<p>Evinizi sat\u0131n alma veya satma yolculu\u011funa \u00e7\u0131kmak \u00f6nemli bir d\u00f6n\u00fcm noktas\u0131d\u0131r. \u0130ster emlak merdivenine ilk ad\u0131m\u0131n\u0131z olsun, ister yeni bir konuta ge\u00e7i\u015f yap\u0131n veya yat\u0131r\u0131m portf\u00f6y\u00fcn\u00fcz\u00fc geni\u015fletin, ta\u015f\u0131nma uzmanlar\u0131ndan olu\u015fan ekibimiz s\u00fcre\u00e7 boyunca size yol g\u00f6stermek i\u00e7in burada. Uzman nakil avukatlar\u0131m\u0131z yan\u0131n\u0131zdayken, siz ... <a href=\"https:\/\/rfblegal.co.uk\/tr\/hizmetler\/ki%cc%87si%cc%87sel-hukuk\/konut-mulku\/bir-ev-veya-mulk-satin-almak-ve-satmak\/\">Devam\u0131<\/a><\/p>","protected":false},"author":2,"featured_media":2037,"parent":2036,"menu_order":0,"comment_status":"closed","ping_status":"closed","template":"tier3-template.blade.php","meta":{"_acf_changed":false,"om_disable_all_campaigns":false,"_uf_show_specific_survey":0,"_uf_disable_surveys":false,"footnotes":""},"class_list":["post-4472","page","type-page","status-publish","has-post-thumbnail","hentry"],"acf":[],"aioseo_notices":[],"yoast_head":"<!-- This site is optimized with the Yoast SEO plugin v27.2 - https:\/\/yoast.com\/product\/yoast-seo-wordpress\/ -->\n<title>Buying and Selling a House or Property - RFB Legal<\/title>\n<meta name=\"description\" content=\"Embarking on the journey of buying or selling your home is a significant milestone. Whether it&#039;s your initial step onto the property ladder, transitioning\" \/>\n<meta name=\"robots\" content=\"index, follow, max-snippet:-1, max-image-preview:large, max-video-preview:-1\" \/>\n<link rel=\"canonical\" href=\"https:\/\/rfblegal.co.uk\/tr\/hizmetler\/ki\u0307si\u0307sel-hukuk\/konut-mulku\/bir-ev-veya-mulk-satin-almak-ve-satmak\/\" \/>\n<meta property=\"og:locale\" content=\"tr_TR\" \/>\n<meta property=\"og:type\" content=\"article\" \/>\n<meta property=\"og:title\" content=\"Buying and Selling a House or Property - RFB Legal\" \/>\n<meta property=\"og:description\" content=\"Embarking on the journey of buying or selling your home is a significant milestone. Whether it&#039;s your initial step onto the property ladder, transitioning\" \/>\n<meta property=\"og:url\" content=\"https:\/\/rfblegal.co.uk\/tr\/hizmetler\/ki\u0307si\u0307sel-hukuk\/konut-mulku\/bir-ev-veya-mulk-satin-almak-ve-satmak\/\" \/>\n<meta property=\"og:site_name\" content=\"RFB Legal\" \/>\n<meta property=\"article:publisher\" content=\"https:\/\/www.facebook.com\/RFBLegal\/\" \/>\n<meta property=\"article:modified_time\" content=\"2026-02-18T12:42:23+00:00\" \/>\n<meta property=\"og:image\" content=\"https:\/\/rfblegal.co.uk\/wp-content\/uploads\/2024\/02\/Residential_Property.jpg\" \/>\n\t<meta property=\"og:image:width\" content=\"1440\" \/>\n\t<meta property=\"og:image:height\" content=\"550\" \/>\n\t<meta property=\"og:image:type\" content=\"image\/jpeg\" \/>\n<meta name=\"twitter:card\" content=\"summary_large_image\" \/>\n<meta name=\"twitter:label1\" content=\"Est. reading time\" \/>\n\t<meta name=\"twitter:data1\" content=\"1 dakika\" \/>\n<script type=\"application\/ld+json\" class=\"yoast-schema-graph\">{\"@context\":\"https:\/\/schema.org\",\"@graph\":[{\"@type\":\"WebPage\",\"@id\":\"https:\/\/rfblegal.co.uk\/services\/personal-law\/residential-property\/buying-and-selling-a-house-or-property\/\",\"url\":\"https:\/\/rfblegal.co.uk\/services\/personal-law\/residential-property\/buying-and-selling-a-house-or-property\/\",\"name\":\"Buying and Selling a House or Property - RFB Legal\",\"isPartOf\":{\"@id\":\"https:\/\/rfblegal.co.uk\/#website\"},\"primaryImageOfPage\":{\"@id\":\"https:\/\/rfblegal.co.uk\/services\/personal-law\/residential-property\/buying-and-selling-a-house-or-property\/#primaryimage\"},\"image\":{\"@id\":\"https:\/\/rfblegal.co.uk\/services\/personal-law\/residential-property\/buying-and-selling-a-house-or-property\/#primaryimage\"},\"thumbnailUrl\":\"https:\/\/rfblegal.co.uk\/wp-content\/uploads\/2024\/02\/Residential_Property.jpg\",\"datePublished\":\"2024-03-15T17:07:38+00:00\",\"dateModified\":\"2026-02-18T12:42:23+00:00\",\"description\":\"Embarking on the journey of buying or selling your home is a significant milestone. Whether it's your initial step onto the property ladder, transitioning\",\"breadcrumb\":{\"@id\":\"https:\/\/rfblegal.co.uk\/services\/personal-law\/residential-property\/buying-and-selling-a-house-or-property\/#breadcrumb\"},\"inLanguage\":\"tr\",\"potentialAction\":[{\"@type\":\"ReadAction\",\"target\":[\"https:\/\/rfblegal.co.uk\/services\/personal-law\/residential-property\/buying-and-selling-a-house-or-property\/\"]}]},{\"@type\":\"ImageObject\",\"inLanguage\":\"tr\",\"@id\":\"https:\/\/rfblegal.co.uk\/services\/personal-law\/residential-property\/buying-and-selling-a-house-or-property\/#primaryimage\",\"url\":\"https:\/\/rfblegal.co.uk\/wp-content\/uploads\/2024\/02\/Residential_Property.jpg\",\"contentUrl\":\"https:\/\/rfblegal.co.uk\/wp-content\/uploads\/2024\/02\/Residential_Property.jpg\",\"width\":1440,\"height\":550},{\"@type\":\"BreadcrumbList\",\"@id\":\"https:\/\/rfblegal.co.uk\/services\/personal-law\/residential-property\/buying-and-selling-a-house-or-property\/#breadcrumb\",\"itemListElement\":[{\"@type\":\"ListItem\",\"position\":1,\"name\":\"Home\",\"item\":\"https:\/\/rfblegal.co.uk\/\"},{\"@type\":\"ListItem\",\"position\":2,\"name\":\"Services\",\"item\":\"https:\/\/rfblegal.co.uk\/services\/\"},{\"@type\":\"ListItem\",\"position\":3,\"name\":\"Personal Law Services\",\"item\":\"https:\/\/rfblegal.co.uk\/services\/personal-law\/\"},{\"@type\":\"ListItem\",\"position\":4,\"name\":\"Your Residential Property Solicitors\",\"item\":\"https:\/\/rfblegal.co.uk\/services\/personal-law\/residential-property\/\"},{\"@type\":\"ListItem\",\"position\":5,\"name\":\"Buying and Selling a House or Property\"}]},{\"@type\":\"WebSite\",\"@id\":\"https:\/\/rfblegal.co.uk\/#website\",\"url\":\"https:\/\/rfblegal.co.uk\/\",\"name\":\"RFB Legal\",\"description\":\"\",\"publisher\":{\"@id\":\"https:\/\/rfblegal.co.uk\/#organization\"},\"potentialAction\":[{\"@type\":\"SearchAction\",\"target\":{\"@type\":\"EntryPoint\",\"urlTemplate\":\"https:\/\/rfblegal.co.uk\/?s={search_term_string}\"},\"query-input\":{\"@type\":\"PropertyValueSpecification\",\"valueRequired\":true,\"valueName\":\"search_term_string\"}}],\"inLanguage\":\"tr\"},{\"@type\":\"Organization\",\"@id\":\"https:\/\/rfblegal.co.uk\/#organization\",\"name\":\"RFB Legal\",\"url\":\"https:\/\/rfblegal.co.uk\/\",\"logo\":{\"@type\":\"ImageObject\",\"inLanguage\":\"tr\",\"@id\":\"https:\/\/rfblegal.co.uk\/#\/schema\/logo\/image\/\",\"url\":\"https:\/\/rfblegal.co.uk\/wp-content\/uploads\/2024\/01\/header_company_logo.svg\",\"contentUrl\":\"https:\/\/rfblegal.co.uk\/wp-content\/uploads\/2024\/01\/header_company_logo.svg\",\"caption\":\"RFB Legal\"},\"image\":{\"@id\":\"https:\/\/rfblegal.co.uk\/#\/schema\/logo\/image\/\"},\"sameAs\":[\"https:\/\/www.facebook.com\/RFBLegal\/\",\"https:\/\/www.linkedin.com\/uas\/login?session_redirect=company2012282\",\"https:\/\/www.instagram.com\/rfb_legal\/\"]}]}<\/script>\n<!-- \/ Yoast SEO plugin. -->","yoast_head_json":{"title":"Ev veya M\u00fclk Almak ve Satmak - RFB Legal","description":"Evinizi sat\u0131n alma veya satma yolculu\u011funa \u00e7\u0131kmak \u00f6nemli bir d\u00f6n\u00fcm noktas\u0131d\u0131r. \u0130ster emlak merdivenine att\u0131\u011f\u0131n\u0131z ilk ad\u0131m olsun, ister","robots":{"index":"index","follow":"follow","max-snippet":"max-snippet:-1","max-image-preview":"max-image-preview:large","max-video-preview":"max-video-preview:-1"},"canonical":"https:\/\/rfblegal.co.uk\/tr\/hizmetler\/ki\u0307si\u0307sel-hukuk\/konut-mulku\/bir-ev-veya-mulk-satin-almak-ve-satmak\/","og_locale":"tr_TR","og_type":"article","og_title":"Buying and Selling a House or Property - RFB Legal","og_description":"Embarking on the journey of buying or selling your home is a significant milestone. Whether it's your initial step onto the property ladder, transitioning","og_url":"https:\/\/rfblegal.co.uk\/tr\/hizmetler\/ki\u0307si\u0307sel-hukuk\/konut-mulku\/bir-ev-veya-mulk-satin-almak-ve-satmak\/","og_site_name":"RFB Legal","article_publisher":"https:\/\/www.facebook.com\/RFBLegal\/","article_modified_time":"2026-02-18T12:42:23+00:00","og_image":[{"width":1440,"height":550,"url":"https:\/\/rfblegal.co.uk\/wp-content\/uploads\/2024\/02\/Residential_Property.jpg","type":"image\/jpeg"}],"twitter_card":"summary_large_image","twitter_misc":{"Est. reading time":"1 dakika"},"schema":{"@context":"https:\/\/schema.org","@graph":[{"@type":"WebPage","@id":"https:\/\/rfblegal.co.uk\/services\/personal-law\/residential-property\/buying-and-selling-a-house-or-property\/","url":"https:\/\/rfblegal.co.uk\/services\/personal-law\/residential-property\/buying-and-selling-a-house-or-property\/","name":"Ev veya M\u00fclk Almak ve Satmak - RFB Legal","isPartOf":{"@id":"https:\/\/rfblegal.co.uk\/#website"},"primaryImageOfPage":{"@id":"https:\/\/rfblegal.co.uk\/services\/personal-law\/residential-property\/buying-and-selling-a-house-or-property\/#primaryimage"},"image":{"@id":"https:\/\/rfblegal.co.uk\/services\/personal-law\/residential-property\/buying-and-selling-a-house-or-property\/#primaryimage"},"thumbnailUrl":"https:\/\/rfblegal.co.uk\/wp-content\/uploads\/2024\/02\/Residential_Property.jpg","datePublished":"2024-03-15T17:07:38+00:00","dateModified":"2026-02-18T12:42:23+00:00","description":"Evinizi sat\u0131n alma veya satma yolculu\u011funa \u00e7\u0131kmak \u00f6nemli bir d\u00f6n\u00fcm noktas\u0131d\u0131r. \u0130ster emlak merdivenine att\u0131\u011f\u0131n\u0131z ilk ad\u0131m olsun, ister","breadcrumb":{"@id":"https:\/\/rfblegal.co.uk\/services\/personal-law\/residential-property\/buying-and-selling-a-house-or-property\/#breadcrumb"},"inLanguage":"tr","potentialAction":[{"@type":"ReadAction","target":["https:\/\/rfblegal.co.uk\/services\/personal-law\/residential-property\/buying-and-selling-a-house-or-property\/"]}]},{"@type":"ImageObject","inLanguage":"tr","@id":"https:\/\/rfblegal.co.uk\/services\/personal-law\/residential-property\/buying-and-selling-a-house-or-property\/#primaryimage","url":"https:\/\/rfblegal.co.uk\/wp-content\/uploads\/2024\/02\/Residential_Property.jpg","contentUrl":"https:\/\/rfblegal.co.uk\/wp-content\/uploads\/2024\/02\/Residential_Property.jpg","width":1440,"height":550},{"@type":"BreadcrumbList","@id":"https:\/\/rfblegal.co.uk\/services\/personal-law\/residential-property\/buying-and-selling-a-house-or-property\/#breadcrumb","itemListElement":[{"@type":"ListItem","position":1,"name":"Home","item":"https:\/\/rfblegal.co.uk\/"},{"@type":"ListItem","position":2,"name":"Services","item":"https:\/\/rfblegal.co.uk\/services\/"},{"@type":"ListItem","position":3,"name":"Personal Law Services","item":"https:\/\/rfblegal.co.uk\/services\/personal-law\/"},{"@type":"ListItem","position":4,"name":"Your Residential Property Solicitors","item":"https:\/\/rfblegal.co.uk\/services\/personal-law\/residential-property\/"},{"@type":"ListItem","position":5,"name":"Buying and Selling a House or Property"}]},{"@type":"WebSite","@id":"https:\/\/rfblegal.co.uk\/#website","url":"https:\/\/rfblegal.co.uk\/","name":"RFB Hukuk","description":"","publisher":{"@id":"https:\/\/rfblegal.co.uk\/#organization"},"potentialAction":[{"@type":"SearchAction","target":{"@type":"EntryPoint","urlTemplate":"https:\/\/rfblegal.co.uk\/?s={search_term_string}"},"query-input":{"@type":"PropertyValueSpecification","valueRequired":true,"valueName":"search_term_string"}}],"inLanguage":"tr"},{"@type":"Organization","@id":"https:\/\/rfblegal.co.uk\/#organization","name":"RFB Hukuk","url":"https:\/\/rfblegal.co.uk\/","logo":{"@type":"ImageObject","inLanguage":"tr","@id":"https:\/\/rfblegal.co.uk\/#\/schema\/logo\/image\/","url":"https:\/\/rfblegal.co.uk\/wp-content\/uploads\/2024\/01\/header_company_logo.svg","contentUrl":"https:\/\/rfblegal.co.uk\/wp-content\/uploads\/2024\/01\/header_company_logo.svg","caption":"RFB Legal"},"image":{"@id":"https:\/\/rfblegal.co.uk\/#\/schema\/logo\/image\/"},"sameAs":["https:\/\/www.facebook.com\/RFBLegal\/","https:\/\/www.linkedin.com\/uas\/login?session_redirect=company2012282","https:\/\/www.instagram.com\/rfb_legal\/"]}]}},"_links":{"self":[{"href":"https:\/\/rfblegal.co.uk\/tr\/wp-json\/wp\/v2\/pages\/4472","targetHints":{"allow":["GET"]}}],"collection":[{"href":"https:\/\/rfblegal.co.uk\/tr\/wp-json\/wp\/v2\/pages"}],"about":[{"href":"https:\/\/rfblegal.co.uk\/tr\/wp-json\/wp\/v2\/types\/page"}],"author":[{"embeddable":true,"href":"https:\/\/rfblegal.co.uk\/tr\/wp-json\/wp\/v2\/users\/2"}],"replies":[{"embeddable":true,"href":"https:\/\/rfblegal.co.uk\/tr\/wp-json\/wp\/v2\/comments?post=4472"}],"version-history":[{"count":2,"href":"https:\/\/rfblegal.co.uk\/tr\/wp-json\/wp\/v2\/pages\/4472\/revisions"}],"predecessor-version":[{"id":8760,"href":"https:\/\/rfblegal.co.uk\/tr\/wp-json\/wp\/v2\/pages\/4472\/revisions\/8760"}],"up":[{"embeddable":true,"href":"https:\/\/rfblegal.co.uk\/tr\/wp-json\/wp\/v2\/pages\/2036"}],"wp:featuredmedia":[{"embeddable":true,"href":"https:\/\/rfblegal.co.uk\/tr\/wp-json\/wp\/v2\/media\/2037"}],"wp:attachment":[{"href":"https:\/\/rfblegal.co.uk\/tr\/wp-json\/wp\/v2\/media?parent=4472"}],"curies":[{"name":"wp","href":"https:\/\/api.w.org\/{rel}","templated":true}]}}