{"id":2657,"date":"2024-02-21T17:48:55","date_gmt":"2024-02-21T17:48:55","guid":{"rendered":"https:\/\/rfblegal.co.uk\/?page_id=2657"},"modified":"2025-06-19T13:11:50","modified_gmt":"2025-06-19T13:11:50","slug":"duzenleyi%cc%87ci%cc%87-sorusturmalar","status":"publish","type":"page","link":"https:\/\/rfblegal.co.uk\/tr\/hizmetler\/is-hukuku\/duzenleyi%cc%87ci%cc%87-sorusturmalar\/","title":{"rendered":"D\u00fczenleyici Soru\u015fturmalar"},"content":{"rendered":"<h2 class=\"wp-block-heading has-2-xl-font-size\" style=\"padding-top:var(--wp--preset--spacing--20);padding-bottom:var(--wp--preset--spacing--20);font-style:normal;font-weight:600\">D\u00fczenleyici Hukuk<\/h2>\n\n\n\n<h4 class=\"wp-block-heading has-lg-font-size\" style=\"padding-top:var(--wp--preset--spacing--20);padding-bottom:var(--wp--preset--spacing--20)\"><strong>Bireylere ve i\u015fletmelere y\u00f6nelik s\u00fcrekli artan d\u00fczenlemeler, h\u00fck\u00fcmet ve yerel otorite kurumlar\u0131n\u0131n daha s\u0131k ve daha g\u00fc\u00e7l\u00fc bir \u015fekilde dava a\u00e7mas\u0131na neden olmu\u015ftur. Ronald Fletcher Baker'\u0131n menfaatlerinizi sonuna kadar koruyaca\u011f\u0131na, k\u00f6\u015fenize \u00e7ekilerek m\u00fccadele edece\u011fine ve zor olabilecek bir s\u00fcreci son derece sa\u011fduyulu bir \u015fekilde y\u00f6netece\u011fine g\u00fcvenebilirsiniz. Haklar\u0131n\u0131z\u0131 erken bir a\u015famada bilmenizi sa\u011flayacak ve m\u00fcmk\u00fcn olan durumlarda sizin ad\u0131n\u0131za \u00f6nleyici tedbirler alaca\u011f\u0131z.<\/strong><\/h4>\n\n\n\n<p style=\"padding-top:var(--wp--preset--spacing--20);padding-bottom:var(--wp--preset--spacing--20)\"><a href=\"https:\/\/rfblegal.co.uk\/tr\/hizmetler\/ki%cc%87si%cc%87sel-hukuk\/duzenleyi%cc%87ci%cc%87-hukuk\/\">D\u00fczenleyici<\/a> uyumluluk, \u00e7ok \u00e7e\u015fitli i\u015fletmeler ve profesyoneller i\u00e7in \u00f6ncelikli bir husustur ve ihlale d\u00fc\u015fme riskleri ciddi sonu\u00e7lar do\u011furabilir.<\/p>\n\n\n\n<p style=\"padding-top:var(--wp--preset--spacing--20);padding-bottom:var(--wp--preset--spacing--20)\">D\u00fczenleyici kurumlar taraf\u0131ndan soru\u015fturma ve kovu\u015fturmalarla kar\u015f\u0131 kar\u015f\u0131ya kalan m\u00fc\u015fterilerimizi desteklemenin yan\u0131 s\u0131ra, herhangi bir uyumsuzluk eyleminden ka\u00e7\u0131nmak i\u00e7in tam bir durum tespiti yap\u0131lmas\u0131n\u0131 sa\u011flamak i\u00e7in bir dan\u0131\u015fmanl\u0131k hizmeti sunuyoruz.<\/p>\n\n\n\n<p style=\"padding-top:var(--wp--preset--spacing--20);padding-bottom:var(--wp--preset--spacing--20)\">Bu karma\u015f\u0131k hukuk alan\u0131 bir dizi d\u00fczenleyici y\u00fck\u00fcml\u00fcl\u00fc\u011f\u00fc kapsamaktad\u0131r.<\/p>\n\n\n\n<p style=\"padding-top:var(--wp--preset--spacing--20);padding-bottom:var(--wp--preset--spacing--20)\">Rutin olarak, \u00c7oklu \u0130\u015fgal Evleri (HMO) ruhsatlar\u0131n\u0131n yan\u0131 s\u0131ra \u0130cra Bildirimi itirazlar\u0131 ve ihlalleri ile ilgili olarak yerel konseylerden ve Londra il\u00e7elerinden talep alan m\u00fclk y\u00f6neticileri i\u00e7in hareket ediyoruz.<\/p>\n\n\n\n<p style=\"padding-top:var(--wp--preset--spacing--20);padding-bottom:var(--wp--preset--spacing--20)\">G\u0131da Standartlar\u0131 Kurumu (FSA) ve Sa\u011fl\u0131k ve G\u00fcvenlik \u0130daresi (HSE) giderek daha fazla d\u00fczenleyici yapt\u0131r\u0131ma ba\u015fvurmaktad\u0131r ve G\u0131da Hijyeni Y\u00f6netmeli\u011fi ve Sa\u011fl\u0131k ve G\u00fcvenlik Y\u00f6netmeli\u011fi ile ilgili konularda i\u015fletmeler i\u00e7in s\u0131k s\u0131k hareket ettik.<\/p>\n\n\n\n<p style=\"padding-top:var(--wp--preset--spacing--20);padding-bottom:var(--wp--preset--spacing--20)\">Finans alan\u0131nda, soru\u015fturmalara direnmek ve yasaklama emirlerine itiraz etmek a\u00e7\u0131s\u0131ndan Finansal Davran\u0131\u015f Otoritesi'nin (FCA) incelemesi alt\u0131ndaki direkt\u00f6rler ve \u00fcst d\u00fczey y\u00f6neticiler i\u00e7in hareket ediyoruz. \u00c7ok disiplinli bir yakla\u015f\u0131m benimseyerek, bir uzla\u015fmaya varmak veya uygunsa bir sivil cezay\u0131 kabul etmek i\u00e7in otorite ile m\u00fczakere etmeyi ama\u00e7l\u0131yoruz.<\/p>\n\n\n\n<p style=\"padding-top:var(--wp--preset--spacing--20);padding-bottom:var(--wp--preset--spacing--20)\">Mesleki davran\u0131\u015f iddialar\u0131, ilgili ki\u015filer i\u00e7in son derece zarar verici ve \u00fcz\u00fcc\u00fc olabilir ve bu alanda bireyleri savunma konusunda geni\u015f deneyime sahibiz. M\u00fcvekkillerimizin itibarlar\u0131n\u0131n en iyi \u015fekilde korunmas\u0131n\u0131 sa\u011fl\u0131yor ve Genel T\u0131p Konseyi (GMC), Genel Di\u015f Konseyi (GDC), Hem\u015firelik ve Ebelik Konseyi (NMC), Avukatlar Disiplin Mahkemesi (SDT) ve Baro Standartlar\u0131 Kurulu (BSB) ile ilgili konularda yard\u0131mc\u0131 olabiliyoruz.<\/p>\n\n\n\n<p><\/p>","protected":false},"excerpt":{"rendered":"<p>D\u00fczenleyici Hukuk Bireylere ve i\u015fletmelere y\u00f6nelik s\u00fcrekli artan d\u00fczenlemeler, h\u00fck\u00fcmet ve yerel otorite kurumlar\u0131n\u0131n daha s\u0131k ve daha g\u00fc\u00e7l\u00fc bir \u015fekilde dava a\u00e7mas\u0131na neden olmu\u015ftur. Ronald Fletcher Baker'\u0131n, \u00e7\u0131karlar\u0131n\u0131z\u0131 sonuna kadar koruyaca\u011f\u0131na, k\u00f6\u015fenizde \u015fiddetle m\u00fccadele edece\u011fine ve zor olabilecek bir s\u00fcreci son derece sa\u011fduyulu bir \u015fekilde y\u00f6netece\u011fine g\u00fcvenebilirsiniz. ... <a href=\"https:\/\/rfblegal.co.uk\/tr\/hizmetler\/is-hukuku\/duzenleyi%cc%87ci%cc%87-sorusturmalar\/\">Devam\u0131<\/a><\/p>","protected":false},"author":1,"featured_media":3001,"parent":429,"menu_order":0,"comment_status":"closed","ping_status":"closed","template":"tier2-template.blade.php","meta":{"_acf_changed":false,"om_disable_all_campaigns":false,"_uf_show_specific_survey":0,"_uf_disable_surveys":false,"footnotes":""},"class_list":["post-2657","page","type-page","status-publish","has-post-thumbnail","hentry"],"acf":[],"aioseo_notices":[],"yoast_head":"<!-- This site is optimized with the Yoast SEO plugin v27.2 - https:\/\/yoast.com\/product\/yoast-seo-wordpress\/ -->\n<title>Regulatory Investigations - RFB Legal<\/title>\n<meta name=\"description\" content=\"Regulatory Law The ever-increasing regulation of individuals and businesses has seen government and local authority agencies bringing proceedings with\" \/>\n<meta name=\"robots\" content=\"index, follow, max-snippet:-1, max-image-preview:large, max-video-preview:-1\" \/>\n<link rel=\"canonical\" href=\"https:\/\/rfblegal.co.uk\/tr\/hizmetler\/is-hukuku\/duzenleyi\u0307ci\u0307-sorusturmalar\/\" \/>\n<meta property=\"og:locale\" content=\"tr_TR\" \/>\n<meta property=\"og:type\" content=\"article\" \/>\n<meta property=\"og:title\" content=\"Regulatory Investigations - RFB Legal\" \/>\n<meta property=\"og:description\" content=\"Regulatory Law The ever-increasing regulation of individuals and businesses has seen government and local authority agencies bringing proceedings with\" \/>\n<meta property=\"og:url\" content=\"https:\/\/rfblegal.co.uk\/tr\/hizmetler\/is-hukuku\/duzenleyi\u0307ci\u0307-sorusturmalar\/\" \/>\n<meta property=\"og:site_name\" content=\"RFB Legal\" \/>\n<meta property=\"article:publisher\" content=\"https:\/\/www.facebook.com\/RFBLegal\/\" \/>\n<meta property=\"article:modified_time\" content=\"2025-06-19T13:11:50+00:00\" \/>\n<meta property=\"og:image\" content=\"https:\/\/rfblegal.co.uk\/wp-content\/uploads\/2024\/02\/Regulatory_Law.png\" \/>\n\t<meta property=\"og:image:width\" content=\"1440\" \/>\n\t<meta property=\"og:image:height\" content=\"550\" \/>\n\t<meta property=\"og:image:type\" content=\"image\/png\" \/>\n<meta name=\"twitter:card\" content=\"summary_large_image\" \/>\n<meta name=\"twitter:label1\" content=\"Est. reading time\" \/>\n\t<meta name=\"twitter:data1\" content=\"2 minutes\" \/>\n<script type=\"application\/ld+json\" class=\"yoast-schema-graph\">{\"@context\":\"https:\/\/schema.org\",\"@graph\":[{\"@type\":\"WebPage\",\"@id\":\"https:\/\/rfblegal.co.uk\/services\/business-law\/regulatory-investigations\/\",\"url\":\"https:\/\/rfblegal.co.uk\/services\/business-law\/regulatory-investigations\/\",\"name\":\"Regulatory Investigations - RFB Legal\",\"isPartOf\":{\"@id\":\"https:\/\/rfblegal.co.uk\/#website\"},\"primaryImageOfPage\":{\"@id\":\"https:\/\/rfblegal.co.uk\/services\/business-law\/regulatory-investigations\/#primaryimage\"},\"image\":{\"@id\":\"https:\/\/rfblegal.co.uk\/services\/business-law\/regulatory-investigations\/#primaryimage\"},\"thumbnailUrl\":\"https:\/\/rfblegal.co.uk\/wp-content\/uploads\/2024\/02\/Regulatory_Law.png\",\"datePublished\":\"2024-02-21T17:48:55+00:00\",\"dateModified\":\"2025-06-19T13:11:50+00:00\",\"description\":\"Regulatory Law The ever-increasing regulation of individuals and businesses has seen government and local authority agencies bringing proceedings with\",\"breadcrumb\":{\"@id\":\"https:\/\/rfblegal.co.uk\/services\/business-law\/regulatory-investigations\/#breadcrumb\"},\"inLanguage\":\"tr-TR\",\"potentialAction\":[{\"@type\":\"ReadAction\",\"target\":[\"https:\/\/rfblegal.co.uk\/services\/business-law\/regulatory-investigations\/\"]}]},{\"@type\":\"ImageObject\",\"inLanguage\":\"tr-TR\",\"@id\":\"https:\/\/rfblegal.co.uk\/services\/business-law\/regulatory-investigations\/#primaryimage\",\"url\":\"https:\/\/rfblegal.co.uk\/wp-content\/uploads\/2024\/02\/Regulatory_Law.png\",\"contentUrl\":\"https:\/\/rfblegal.co.uk\/wp-content\/uploads\/2024\/02\/Regulatory_Law.png\",\"width\":1440,\"height\":550},{\"@type\":\"BreadcrumbList\",\"@id\":\"https:\/\/rfblegal.co.uk\/services\/business-law\/regulatory-investigations\/#breadcrumb\",\"itemListElement\":[{\"@type\":\"ListItem\",\"position\":1,\"name\":\"Home\",\"item\":\"https:\/\/rfblegal.co.uk\/\"},{\"@type\":\"ListItem\",\"position\":2,\"name\":\"Services\",\"item\":\"https:\/\/rfblegal.co.uk\/services\/\"},{\"@type\":\"ListItem\",\"position\":3,\"name\":\"Business Law\",\"item\":\"https:\/\/rfblegal.co.uk\/services\/business-law\/\"},{\"@type\":\"ListItem\",\"position\":4,\"name\":\"Regulatory Investigations\"}]},{\"@type\":\"WebSite\",\"@id\":\"https:\/\/rfblegal.co.uk\/#website\",\"url\":\"https:\/\/rfblegal.co.uk\/\",\"name\":\"RFB Legal\",\"description\":\"\",\"publisher\":{\"@id\":\"https:\/\/rfblegal.co.uk\/#organization\"},\"potentialAction\":[{\"@type\":\"SearchAction\",\"target\":{\"@type\":\"EntryPoint\",\"urlTemplate\":\"https:\/\/rfblegal.co.uk\/?s={search_term_string}\"},\"query-input\":{\"@type\":\"PropertyValueSpecification\",\"valueRequired\":true,\"valueName\":\"search_term_string\"}}],\"inLanguage\":\"tr-TR\"},{\"@type\":\"Organization\",\"@id\":\"https:\/\/rfblegal.co.uk\/#organization\",\"name\":\"RFB Legal\",\"url\":\"https:\/\/rfblegal.co.uk\/\",\"logo\":{\"@type\":\"ImageObject\",\"inLanguage\":\"tr-TR\",\"@id\":\"https:\/\/rfblegal.co.uk\/#\/schema\/logo\/image\/\",\"url\":\"https:\/\/rfblegal.co.uk\/wp-content\/uploads\/2024\/01\/header_company_logo.svg\",\"contentUrl\":\"https:\/\/rfblegal.co.uk\/wp-content\/uploads\/2024\/01\/header_company_logo.svg\",\"caption\":\"RFB Legal\"},\"image\":{\"@id\":\"https:\/\/rfblegal.co.uk\/#\/schema\/logo\/image\/\"},\"sameAs\":[\"https:\/\/www.facebook.com\/RFBLegal\/\",\"https:\/\/www.linkedin.com\/uas\/login?session_redirect=company2012282\",\"https:\/\/www.instagram.com\/rfb_legal\/\"]}]}<\/script>\n<!-- \/ Yoast SEO plugin. -->","yoast_head_json":{"title":"D\u00fczenleyici Soru\u015fturmalar - RFB Legal","description":"D\u00fczenleyici Hukuk Bireylere ve i\u015fletmelere y\u00f6nelik giderek artan d\u00fczenlemeler, h\u00fck\u00fcmet ve yerel otorite kurumlar\u0131n\u0131n","robots":{"index":"index","follow":"follow","max-snippet":"max-snippet:-1","max-image-preview":"max-image-preview:large","max-video-preview":"max-video-preview:-1"},"canonical":"https:\/\/rfblegal.co.uk\/tr\/hizmetler\/is-hukuku\/duzenleyi\u0307ci\u0307-sorusturmalar\/","og_locale":"tr_TR","og_type":"article","og_title":"Regulatory Investigations - RFB Legal","og_description":"Regulatory Law The ever-increasing regulation of individuals and businesses has seen government and local authority agencies bringing proceedings with","og_url":"https:\/\/rfblegal.co.uk\/tr\/hizmetler\/is-hukuku\/duzenleyi\u0307ci\u0307-sorusturmalar\/","og_site_name":"RFB Legal","article_publisher":"https:\/\/www.facebook.com\/RFBLegal\/","article_modified_time":"2025-06-19T13:11:50+00:00","og_image":[{"width":1440,"height":550,"url":"https:\/\/rfblegal.co.uk\/wp-content\/uploads\/2024\/02\/Regulatory_Law.png","type":"image\/png"}],"twitter_card":"summary_large_image","twitter_misc":{"Est. reading time":"2 minutes"},"schema":{"@context":"https:\/\/schema.org","@graph":[{"@type":"WebPage","@id":"https:\/\/rfblegal.co.uk\/services\/business-law\/regulatory-investigations\/","url":"https:\/\/rfblegal.co.uk\/services\/business-law\/regulatory-investigations\/","name":"D\u00fczenleyici Soru\u015fturmalar - RFB Legal","isPartOf":{"@id":"https:\/\/rfblegal.co.uk\/#website"},"primaryImageOfPage":{"@id":"https:\/\/rfblegal.co.uk\/services\/business-law\/regulatory-investigations\/#primaryimage"},"image":{"@id":"https:\/\/rfblegal.co.uk\/services\/business-law\/regulatory-investigations\/#primaryimage"},"thumbnailUrl":"https:\/\/rfblegal.co.uk\/wp-content\/uploads\/2024\/02\/Regulatory_Law.png","datePublished":"2024-02-21T17:48:55+00:00","dateModified":"2025-06-19T13:11:50+00:00","description":"D\u00fczenleyici Hukuk Bireylere ve i\u015fletmelere y\u00f6nelik giderek artan d\u00fczenlemeler, h\u00fck\u00fcmet ve yerel otorite kurumlar\u0131n\u0131n","breadcrumb":{"@id":"https:\/\/rfblegal.co.uk\/services\/business-law\/regulatory-investigations\/#breadcrumb"},"inLanguage":"tr-TR","potentialAction":[{"@type":"ReadAction","target":["https:\/\/rfblegal.co.uk\/services\/business-law\/regulatory-investigations\/"]}]},{"@type":"ImageObject","inLanguage":"tr-TR","@id":"https:\/\/rfblegal.co.uk\/services\/business-law\/regulatory-investigations\/#primaryimage","url":"https:\/\/rfblegal.co.uk\/wp-content\/uploads\/2024\/02\/Regulatory_Law.png","contentUrl":"https:\/\/rfblegal.co.uk\/wp-content\/uploads\/2024\/02\/Regulatory_Law.png","width":1440,"height":550},{"@type":"BreadcrumbList","@id":"https:\/\/rfblegal.co.uk\/services\/business-law\/regulatory-investigations\/#breadcrumb","itemListElement":[{"@type":"ListItem","position":1,"name":"Home","item":"https:\/\/rfblegal.co.uk\/"},{"@type":"ListItem","position":2,"name":"Services","item":"https:\/\/rfblegal.co.uk\/services\/"},{"@type":"ListItem","position":3,"name":"Business Law","item":"https:\/\/rfblegal.co.uk\/services\/business-law\/"},{"@type":"ListItem","position":4,"name":"Regulatory Investigations"}]},{"@type":"WebSite","@id":"https:\/\/rfblegal.co.uk\/#website","url":"https:\/\/rfblegal.co.uk\/","name":"RFB Hukuk","description":"","publisher":{"@id":"https:\/\/rfblegal.co.uk\/#organization"},"potentialAction":[{"@type":"SearchAction","target":{"@type":"EntryPoint","urlTemplate":"https:\/\/rfblegal.co.uk\/?s={search_term_string}"},"query-input":{"@type":"PropertyValueSpecification","valueRequired":true,"valueName":"search_term_string"}}],"inLanguage":"tr-TR"},{"@type":"Organization","@id":"https:\/\/rfblegal.co.uk\/#organization","name":"RFB Hukuk","url":"https:\/\/rfblegal.co.uk\/","logo":{"@type":"ImageObject","inLanguage":"tr-TR","@id":"https:\/\/rfblegal.co.uk\/#\/schema\/logo\/image\/","url":"https:\/\/rfblegal.co.uk\/wp-content\/uploads\/2024\/01\/header_company_logo.svg","contentUrl":"https:\/\/rfblegal.co.uk\/wp-content\/uploads\/2024\/01\/header_company_logo.svg","caption":"RFB Legal"},"image":{"@id":"https:\/\/rfblegal.co.uk\/#\/schema\/logo\/image\/"},"sameAs":["https:\/\/www.facebook.com\/RFBLegal\/","https:\/\/www.linkedin.com\/uas\/login?session_redirect=company2012282","https:\/\/www.instagram.com\/rfb_legal\/"]}]}},"_links":{"self":[{"href":"https:\/\/rfblegal.co.uk\/tr\/wp-json\/wp\/v2\/pages\/2657","targetHints":{"allow":["GET"]}}],"collection":[{"href":"https:\/\/rfblegal.co.uk\/tr\/wp-json\/wp\/v2\/pages"}],"about":[{"href":"https:\/\/rfblegal.co.uk\/tr\/wp-json\/wp\/v2\/types\/page"}],"author":[{"embeddable":true,"href":"https:\/\/rfblegal.co.uk\/tr\/wp-json\/wp\/v2\/users\/1"}],"replies":[{"embeddable":true,"href":"https:\/\/rfblegal.co.uk\/tr\/wp-json\/wp\/v2\/comments?post=2657"}],"version-history":[{"count":0,"href":"https:\/\/rfblegal.co.uk\/tr\/wp-json\/wp\/v2\/pages\/2657\/revisions"}],"up":[{"embeddable":true,"href":"https:\/\/rfblegal.co.uk\/tr\/wp-json\/wp\/v2\/pages\/429"}],"wp:featuredmedia":[{"embeddable":true,"href":"https:\/\/rfblegal.co.uk\/tr\/wp-json\/wp\/v2\/media\/3001"}],"wp:attachment":[{"href":"https:\/\/rfblegal.co.uk\/tr\/wp-json\/wp\/v2\/media?parent=2657"}],"curies":[{"name":"wp","href":"https:\/\/api.w.org\/{rel}","templated":true}]}}