{"id":2621,"date":"2024-02-21T17:30:55","date_gmt":"2024-02-21T17:30:55","guid":{"rendered":"https:\/\/rfblegal.co.uk\/?page_id=2621"},"modified":"2026-03-26T10:59:23","modified_gmt":"2026-03-26T10:59:23","slug":"bi%cc%87rlesmeler-ve-yeni%cc%87den-yapilandirma","status":"publish","type":"page","link":"https:\/\/rfblegal.co.uk\/tr\/hizmetler\/is-hukuku\/is-kurumsal\/bi%cc%87rlesmeler-ve-yeni%cc%87den-yapilandirma\/","title":{"rendered":"Birle\u015fme ve Devralmalar"},"content":{"rendered":"<h2 class=\"wp-block-heading\"><strong>Birle\u015fme ve Devralma Hizmetleri<\/strong><\/h2>\n\n\n\n<p>\u0130\u015finizi b\u00fcy\u00fctmek \u00e7e\u015fitli stratejilerle sa\u011flanabilir. Baz\u0131lar\u0131 ihaleler kazanarak, tesislerini ve i\u015fg\u00fcc\u00fcn\u00fc geni\u015fleterek ve ciro kapasitesini art\u0131rarak organik b\u00fcy\u00fcmeyi tercih ederken, bu yakla\u015f\u0131m yava\u015f olabilir. Alternatif olarak, do\u011frudan sat\u0131n almalar veya tamamlay\u0131c\u0131 ve benzer i\u015fletmelerle birle\u015fmeler daha h\u0131zl\u0131 b\u00fcy\u00fcmeye yol a\u00e7abilir.<\/p>\n\n\n\n<p>Ronald Fletcher Baker'da, m\u00fcvekkillerin bir i\u015fletmeyi sat\u0131n alma, satma veya elden \u00e7\u0131karman\u0131n yasal y\u00f6nleri konusunda farkl\u0131 d\u00fczeylerde deneyime sahip oldu\u011funu biliyoruz. \u0130ster bu konularda bilgili olun, ister ilk kez uzman tavsiyesi almak isteyin, \u00f6d\u00fcll\u00fc ekibimiz size yard\u0131mc\u0131 olmak i\u00e7in burada. \u00c7ok say\u0131da m\u00fcvekkilimize i\u015fletme al\u0131m ve sat\u0131mlar\u0131nda ba\u015far\u0131l\u0131 bir \u015fekilde dan\u0131\u015fmanl\u0131k hizmeti verdik ve durumunuza \u00f6zel uzman rehberli\u011fi alman\u0131z\u0131 sa\u011flad\u0131k.<\/p>\n\n\n\n<h2 class=\"wp-block-heading\"><strong>Bizim Yakla\u015f\u0131m\u0131m\u0131z<\/strong><\/h2>\n\n\n\n<p>Riskleri belirlemek ve do\u011fru \u00e7\u00f6z\u00fcmleri bulmak i\u00e7in m\u00fcvekkiller, muhasebeciler ve finans\u00f6rlerle yak\u0131n i\u015fbirli\u011fi i\u00e7inde \u00e7al\u0131\u015f\u0131yor, t\u00fcm bunlar\u0131 yaparken de i\u015fleri b\u00fct\u00e7eye uygun ve yolunda tutuyoruz. Sa\u011flam hukuki dan\u0131\u015fmanl\u0131k sa\u011flama konusundaki itibar\u0131m\u0131z, ula\u015f\u0131labilir ve pragmatik tutumumuzla e\u015fle\u015fmektedir. Londra ve di\u011fer \u00f6nemli \u015fehirlerdeki ofislerimizle <a href=\"https:\/\/rfblegal.co.uk\/tr\/konum\/\">yerler<\/a>, Birle\u015fme ve devralma avukatlar\u0131m\u0131z, \u00e7e\u015fitli sekt\u00f6rlerdeki \u015firketlere ticari devralmalar ve elden \u00e7\u0131karmalar konusunda dan\u0131\u015fmanl\u0131k yapma konusunda geni\u015f deneyime sahiptir.<\/p>\n\n\n\n<h2 class=\"wp-block-heading\"><strong>Sat\u0131n Almalar\u0131 Anlamak<\/strong><\/h2>\n\n\n\n<p>Sat\u0131n alma, bir i\u015fletmenin ba\u015fka bir i\u015fletmeyi, tipik olarak ya hisse al\u0131m\u0131 ya da varl\u0131k al\u0131m\u0131 yoluyla sat\u0131n almas\u0131n\u0131 i\u00e7erir.<\/p>\n\n\n\n<ul class=\"wp-block-list\">\n<li><strong>Hisse Al\u0131m\u0131<\/strong>: T\u00fcm ticaretini, varl\u0131klar\u0131n\u0131 ve i\u015fini elinde tutan ba\u015fka bir \u015firketin sermayesinin tamam\u0131n\u0131n sat\u0131n al\u0131nmas\u0131. Bu, hedef \u015firketin t\u00fcm varl\u0131k ve y\u00fck\u00fcml\u00fcl\u00fcklerini korurken al\u0131c\u0131n\u0131n bir yan kurulu\u015fu haline gelmesiyle bir grubun olu\u015fmas\u0131na yol a\u00e7abilir.<\/li>\n\n\n\n<li><strong>Varl\u0131k Al\u0131m\u0131<\/strong>: Ba\u015fka bir \u015firketin belirli varl\u0131k ve y\u00fck\u00fcml\u00fcl\u00fcklerinin sat\u0131n al\u0131nmas\u0131, t\u00fcm varl\u0131\u011f\u0131 \u00fcstlenmeden de\u011ferli bile\u015fenlerin se\u00e7ici olarak edinilmesine izin verilmesi.<\/li>\n<\/ul>\n\n\n\n<p>Buna kar\u015f\u0131l\u0131k, bir i\u015fletme sat\u0131\u015f\u0131 veya varl\u0131k edinimi, bir \u015firketin sermayesinin tamam\u0131n\u0131 sat\u0131n almak yerine, i\u015fletmeyi olu\u015fturan belirli varl\u0131klar\u0131n veya t\u00fcm varl\u0131klar\u0131n sat\u0131n al\u0131nmas\u0131n\u0131 i\u00e7erir.<\/p>\n\n\n\n<h2 class=\"wp-block-heading\"><strong>Hangisi Daha \u0130yi - Hisse Al\u0131m\u0131 m\u0131 Varl\u0131k Al\u0131m\u0131 m\u0131?<\/strong><\/h2>\n\n\n\n<ul class=\"wp-block-list\">\n<li><strong>Hisse Al\u0131m\u0131<\/strong>: Bu y\u00f6ntem, t\u00fcm m\u00fc\u015fteriler, \u015fartlar ve ko\u015fullar, \u00e7al\u0131\u015fanlar, m\u00fclkler vb. yerinde kalarak ticari faaliyetlerin s\u00fcreklili\u011fini sa\u011flar. Bununla birlikte, y\u00fck\u00fcml\u00fcl\u00fckleri de korur ve durum tespitini \u00e7ok \u00f6nemli hale getirir. S\u00f6zle\u015fmedeki kapsaml\u0131 garantiler ve tazminatlar, \u015firketin ge\u00e7mi\u015f vergi pozisyonunu devralaca\u011f\u0131n\u0131zdan, \u00f6zellikle vergiyle ilgili a\u00e7\u0131klanmam\u0131\u015f veya beklenmedik y\u00fck\u00fcml\u00fcl\u00fckleri ele almak i\u00e7in gereklidir.<\/li>\n\n\n\n<li><strong>Varl\u0131k Al\u0131m\u0131<\/strong>: Bu daha y\u0131k\u0131c\u0131 olabilir, t\u00fcm varl\u0131klar\u0131n devrini, s\u00f6zle\u015fmelerin devrini, m\u00fclklerin devrini ve ilgili mevzuata uyumu gerektirir (genellikle TUPE devri olarak adland\u0131r\u0131l\u0131r). Ancak, varl\u0131klar\u0131n se\u00e7ici olarak devral\u0131nmas\u0131na olanak tan\u0131yarak sorumluluk risklerini azalt\u0131r. \u0130\u015fi y\u00fcr\u00fctmek i\u00e7in gereken her \u015feyi ald\u0131\u011f\u0131n\u0131zdan emin olmak i\u00e7in durum tespiti \u00f6nemini korumaktad\u0131r.<\/li>\n<\/ul>\n\n\n\n<p>Nihayetinde do\u011fru rota, al\u0131c\u0131n\u0131n risk i\u015ftah\u0131na ve i\u015flemin ticari niyet ve ihtiya\u00e7lar\u0131na ba\u011fl\u0131d\u0131r.<\/p>\n\n\n\n<h2 class=\"wp-block-heading\"><strong>Birle\u015fmeleri Anlamak<\/strong><\/h2>\n\n\n\n<p>Birle\u015fme, iki i\u015fletmenin tek bir i\u015fletme olarak birle\u015ftirilmesini i\u00e7ermesi bak\u0131m\u0131ndan sat\u0131n almadan farkl\u0131d\u0131r. Bu, ilk sat\u0131n alman\u0131n ard\u0131ndan satan hissedar\u0131n al\u0131c\u0131da hisse sat\u0131n almas\u0131, varl\u0131klar\u0131n grup i\u00e7inde ta\u015f\u0131nmas\u0131 veya bir grup yap\u0131s\u0131 olu\u015fturmak i\u00e7in her iki \u015firkette de hisse sat\u0131n alan bir holding \u015firketi kurulmas\u0131 gibi \u00e7e\u015fitli \u015fekillerde olabilir.<\/p>\n\n\n\n<p>Ba\u015far\u0131l\u0131 bir birle\u015fmenin anahtar\u0131, i\u015fletme i\u00e7in do\u011fru yap\u0131y\u0131 elde etmek ve bunun i\u015fletmenin tamamlanma sonras\u0131nda nas\u0131l faaliyet g\u00f6stermek istedi\u011fini yans\u0131tmas\u0131n\u0131 sa\u011flamakt\u0131r. Ticari yap\u0131, yasal ve vergisel sonu\u00e7larla birlikte de\u011ferlendirilmeli ve beklenmedik vergi sonu\u00e7lar\u0131ndan ka\u00e7\u0131nmak i\u00e7in HMRC'den izin al\u0131nmas\u0131 gerekebilir.<\/p>\n\n\n\n<p>Birle\u015fmede durum tespiti esast\u0131r ve her iki taraf da sorunsuz bir ge\u00e7i\u015f sa\u011flamak i\u00e7in kapsaml\u0131 ara\u015ft\u0131rmalar yapar.<\/p>\n\n\n\n<h2 class=\"wp-block-heading\"><strong>Neden Bir Sat\u0131n Alma veya Birle\u015fme Ger\u00e7ekle\u015ftirilmeli?<\/strong><\/h2>\n\n\n\n<p>Bir sat\u0131n alma veya birle\u015fme, ekipman, personel, tesis ve kilit m\u00fc\u015fteriler sa\u011flayarak i\u015finizi h\u0131zla b\u00fcy\u00fctebilir. Genellikle organik b\u00fcy\u00fcmeden daha h\u0131zl\u0131 bir \u015fekilde geni\u015fletilmi\u015f bir i\u015fe daha fazla maruz kalma ve an\u0131nda eri\u015fim sunar. \u00d6rne\u011fin, bir da\u011f\u0131t\u0131m kolu sat\u0131n almak mevcut anla\u015fmalar\u0131n \u00f6tesinde do\u011frudan faydalar sa\u011flayabilir.<\/p>\n\n\n\n<p>Sat\u0131n almalar veya birle\u015fmeler ayn\u0131 zamanda hizmet sunumunuzu geni\u015fletebilir veya mevcut faaliyetlerinizi geli\u015ftiren uzmanl\u0131k kazanarak i\u015finizin baz\u0131 y\u00f6nlerini \u015firket i\u00e7ine ta\u015f\u0131yabilir. \u00d6rne\u011fin, bir in\u015faat \u015firketi, projelerine hizmet vermek ve ba\u015fkalar\u0131na vin\u00e7 hizmetleri sunmak i\u00e7in bir vin\u00e7 i\u015fletmesi sat\u0131n alabilir.<\/p>\n\n\n\n<h2 class=\"wp-block-heading\"><strong>Sat\u0131n Alma veya Birle\u015fmelerin Eksileri<\/strong><\/h2>\n\n\n\n<p>\u0130\u015flemler, durum tespiti, tazminatlar ve garantilerle azalt\u0131lan ancak tamamen ortadan kald\u0131r\u0131lamayan riskler ta\u015f\u0131r. \u00d6zellikle sadece varl\u0131k veya i\u015fletme sat\u0131n almalar\u0131nda, i\u015fletmeler aras\u0131nda sorunsuz entegrasyon ve sinerji gerektiren tedirgin edici olabilirler. Ba\u015far\u0131s\u0131z bir ge\u00e7i\u015fi \u00f6nlemek i\u00e7in i\u015fyeri k\u00fclt\u00fcr\u00fcn\u00fcn uyumu \u00e7ok \u00f6nemlidir.<\/p>\n\n\n\n<p>Sat\u0131n almalar, vergiler ve profesyonel \u00fccretler i\u00e7in \u00f6n maliyetlerle birlikte finansman kilit bir fakt\u00f6rd\u00fcr. Do\u011fru hedefin se\u00e7ilmesi, uzun vadeli faydalar olmadan \u00f6nemli mali harcamalardan ka\u00e7\u0131nmak i\u00e7in \u00e7ok \u00f6nemlidir.<\/p>\n\n\n\n<h2 class=\"wp-block-heading\"><strong>Neden Kurumsal ve Ticari Bir Avukata \u0130htiyac\u0131n\u0131z Var?<\/strong><\/h2>\n\n\n\n<p>Birle\u015fme veya sat\u0131n alma yoluyla i\u015finizi b\u00fcy\u00fctmek y\u00fcksek risklidir. Avukat\u0131n\u0131z size \u015fu konularda yard\u0131mc\u0131 olacakt\u0131r:<\/p>\n\n\n\n<ul class=\"wp-block-list\">\n<li><strong>Durum Tespiti<\/strong>: Ticari durum tespitinin \u00f6tesinde, yasal yap\u0131y\u0131, s\u00f6zle\u015fme ili\u015fkilerini, uyumlulu\u011fu ve i\u015flem etkisini anlamak.<\/li>\n\n\n\n<li><strong>S\u00f6zle\u015fmeler<\/strong>: Hisse al\u0131m s\u00f6zle\u015fmeleri, i\u015f sat\u0131\u015f s\u00f6zle\u015fmeleri, y\u00f6netim kurulu tutanaklar\u0131, kararlar, resmi bildirimler, feragatler, temlikler, m\u00fclk devirleri, Companies House iadeleri, vekaletnameler ve tazminatlar dahil olmak \u00fczere ba\u011flay\u0131c\u0131 belgelerin haz\u0131rlanmas\u0131 ve m\u00fczakere edilmesi.<\/li>\n\n\n\n<li><strong>A\u00e7\u0131klamalar<\/strong>: Al\u0131c\u0131n\u0131n talep edilen garantilerle ba\u011fda\u015fmayan hususlar\u0131 bildirmesi i\u00e7in sat\u0131c\u0131dan gelen ve tipik olarak bir Bilgilendirme Mektubunda yer alan resmi a\u00e7\u0131klamalar\u0131n incelenmesi ve tavsiyelerde bulunulmas\u0131.<\/li>\n<\/ul>\n\n\n\n<p>Bunlar, avukat\u0131n\u0131z\u0131n sa\u011flayaca\u011f\u0131 deste\u011fin sadece birka\u00e7 \u00f6rne\u011fidir. S\u00fcre\u00e7 boyunca size dan\u0131\u015fmanl\u0131k yapacak, \u00e7e\u015fitli se\u00e7enekleri tart\u0131\u015facak, di\u011fer profesyonel dan\u0131\u015fmanlar\u0131n\u0131zla birlikte \u00e7al\u0131\u015facak, yasal a\u00e7\u0131dan vergiden muafiyet konusunda yorum yapacak, \u015fartnameler haz\u0131rlayacak, gerekli finansman ve g\u00fcvenlik belgeleri konusunda tavsiyelerde bulunacak ve s\u00f6zle\u015fmelerin hizalanmas\u0131, anla\u015fmadan kaynaklanan personel yeniden yap\u0131land\u0131rmalar\u0131n\u0131n ele al\u0131nmas\u0131 ve gerekirse varl\u0131klar\u0131n grup i\u00e7inde ta\u015f\u0131nmas\u0131 gibi tamamlama sonras\u0131 konularda yard\u0131mc\u0131 olacaklard\u0131r.&nbsp;<\/p>\n\n\n\n<p>Bir avukat se\u00e7erken, i\u015fleminizin her y\u00f6n\u00fcn\u00fc desteklemek i\u00e7in gerekli yuvarlak i\u015f uzmanl\u0131\u011f\u0131na sahip, sekt\u00f6r\u00fc ve kendine has \u00f6zellikleri anlayan ve b\u00fcy\u00fck resmi ve nihai hedeflerinizi anlayarak ticari bir yakla\u015f\u0131m benimsemek i\u00e7in sizinle ve di\u011fer profesyonel dan\u0131\u015fmanlar\u0131n\u0131zla birlikte \u00e7al\u0131\u015fabilen bir firma ile \u00e7al\u0131\u015ft\u0131\u011f\u0131n\u0131zdan emin olun.<\/p>\n\n\n\n<p>\u015eirket ve Ticari, \u0130stihdam ve <a href=\"https:\/\/rfblegal.co.uk\/tr\/hizmetler\/is-hukuku\/ti%cc%87cari%cc%87-davalar\/ti%cc%87cari%cc%87-mulki%cc%87yet-anlasmazliklari\/\">Ticari M\u00fclk<\/a> Ronald Fletcher Baker'daki ekipler, d\u00fc\u015f\u00fcnebilece\u011finiz herhangi bir sat\u0131n alma veya birle\u015fme konusunda tavsiyelerde bulunmak ve yard\u0131mc\u0131 olmak i\u00e7in ideal bir konuma sahiptir. \u0130\u015fleminiz i\u00e7in ihtiya\u00e7 duydu\u011funuz t\u00fcm deste\u011fe sahip olman\u0131z\u0131 sa\u011flamak i\u00e7in di\u011fer profesyonel dan\u0131\u015fmanlar\u0131n\u0131zla birlikte \u00e7al\u0131\u015f\u0131r\u0131z.<\/p>\n\n\n\n<p>Nas\u0131l yard\u0131mc\u0131 olabilece\u011fimize dair gizli ve y\u00fck\u00fcml\u00fcl\u00fck i\u00e7ermeyen bir \u00f6n g\u00f6r\u00fc\u015fme i\u00e7in l\u00fctfen Kurumsal ve Ticari ekibimizle \u015fu numaradan ileti\u015fime ge\u00e7in <a href=\"tel:020 7613 1402\">020 7613 1402<\/a>.<\/p>","protected":false},"excerpt":{"rendered":"<p>Birle\u015fme ve Sat\u0131n Alma Hizmetleri \u0130\u015finizi b\u00fcy\u00fctmek \u00e7e\u015fitli stratejilerle sa\u011flanabilir. Baz\u0131lar\u0131 ihaleler kazanarak, tesislerini ve i\u015fg\u00fcc\u00fcn\u00fc geni\u015fleterek ve ciro kapasitesini art\u0131rarak organik b\u00fcy\u00fcmeyi tercih ederken, bu yakla\u015f\u0131m yava\u015f olabilir. Alternatif olarak, do\u011frudan sat\u0131n almalar veya tamamlay\u0131c\u0131 ve benzer i\u015fletmelerle birle\u015fmeler daha h\u0131zl\u0131 b\u00fcy\u00fcmeye yol a\u00e7abilir. Ronald Fletcher Baker'da ... <a href=\"https:\/\/rfblegal.co.uk\/tr\/hizmetler\/is-hukuku\/is-kurumsal\/bi%cc%87rlesmeler-ve-yeni%cc%87den-yapilandirma\/\">Devam\u0131<\/a><\/p>","protected":false},"author":1,"featured_media":3714,"parent":2597,"menu_order":0,"comment_status":"closed","ping_status":"closed","template":"tier3-template.blade.php","meta":{"_acf_changed":false,"om_disable_all_campaigns":false,"_uf_show_specific_survey":0,"_uf_disable_surveys":false,"footnotes":""},"class_list":["post-2621","page","type-page","status-publish","has-post-thumbnail","hentry"],"acf":[],"aioseo_notices":[],"yoast_head":"<!-- This site is optimized with the Yoast SEO plugin v27.2 - https:\/\/yoast.com\/product\/yoast-seo-wordpress\/ -->\n<title>Mergers &amp; Acquisitions - RFB Legal<\/title>\n<meta name=\"description\" content=\"Mergers and Acquisitions Services Growing your business can be achieved through various strategies. While some opt for organic growth by winning tenders,\" \/>\n<meta name=\"robots\" content=\"index, follow, max-snippet:-1, max-image-preview:large, max-video-preview:-1\" \/>\n<link rel=\"canonical\" href=\"https:\/\/rfblegal.co.uk\/tr\/hizmetler\/is-hukuku\/is-kurumsal\/bi\u0307rlesmeler-ve-yeni\u0307den-yapilandirma\/\" \/>\n<meta property=\"og:locale\" content=\"tr_TR\" \/>\n<meta property=\"og:type\" content=\"article\" \/>\n<meta property=\"og:title\" content=\"Mergers &amp; Acquisitions - RFB Legal\" \/>\n<meta property=\"og:description\" content=\"Mergers and Acquisitions Services Growing your business can be achieved through various strategies. While some opt for organic growth by winning tenders,\" \/>\n<meta property=\"og:url\" content=\"https:\/\/rfblegal.co.uk\/tr\/hizmetler\/is-hukuku\/is-kurumsal\/bi\u0307rlesmeler-ve-yeni\u0307den-yapilandirma\/\" \/>\n<meta property=\"og:site_name\" content=\"RFB Legal\" \/>\n<meta property=\"article:publisher\" content=\"https:\/\/www.facebook.com\/RFBLegal\/\" \/>\n<meta property=\"article:modified_time\" content=\"2026-03-26T10:59:23+00:00\" \/>\n<meta property=\"og:image\" content=\"https:\/\/rfblegal.co.uk\/wp-content\/uploads\/2024\/02\/72aa47db-62bc-444f-bb73-5698b1592d56.jpeg\" \/>\n\t<meta property=\"og:image:width\" content=\"1920\" \/>\n\t<meta property=\"og:image:height\" content=\"854\" \/>\n\t<meta property=\"og:image:type\" content=\"image\/jpeg\" \/>\n<meta name=\"twitter:card\" content=\"summary_large_image\" \/>\n<meta name=\"twitter:label1\" content=\"Est. reading time\" \/>\n\t<meta name=\"twitter:data1\" content=\"5 dakika\" \/>\n<script type=\"application\/ld+json\" class=\"yoast-schema-graph\">{\"@context\":\"https:\/\/schema.org\",\"@graph\":[{\"@type\":\"WebPage\",\"@id\":\"https:\/\/rfblegal.co.uk\/services\/business-law\/business-corporate\/mergers-and-restructuring\/\",\"url\":\"https:\/\/rfblegal.co.uk\/services\/business-law\/business-corporate\/mergers-and-restructuring\/\",\"name\":\"Mergers &amp; Acquisitions - RFB Legal\",\"isPartOf\":{\"@id\":\"https:\/\/rfblegal.co.uk\/#website\"},\"primaryImageOfPage\":{\"@id\":\"https:\/\/rfblegal.co.uk\/services\/business-law\/business-corporate\/mergers-and-restructuring\/#primaryimage\"},\"image\":{\"@id\":\"https:\/\/rfblegal.co.uk\/services\/business-law\/business-corporate\/mergers-and-restructuring\/#primaryimage\"},\"thumbnailUrl\":\"https:\/\/rfblegal.co.uk\/wp-content\/uploads\/2024\/02\/72aa47db-62bc-444f-bb73-5698b1592d56.jpeg\",\"datePublished\":\"2024-02-21T17:30:55+00:00\",\"dateModified\":\"2026-03-26T10:59:23+00:00\",\"description\":\"Mergers and Acquisitions Services Growing your business can be achieved through various strategies. While some opt for organic growth by winning tenders,\",\"breadcrumb\":{\"@id\":\"https:\/\/rfblegal.co.uk\/services\/business-law\/business-corporate\/mergers-and-restructuring\/#breadcrumb\"},\"inLanguage\":\"tr\",\"potentialAction\":[{\"@type\":\"ReadAction\",\"target\":[\"https:\/\/rfblegal.co.uk\/services\/business-law\/business-corporate\/mergers-and-restructuring\/\"]}]},{\"@type\":\"ImageObject\",\"inLanguage\":\"tr\",\"@id\":\"https:\/\/rfblegal.co.uk\/services\/business-law\/business-corporate\/mergers-and-restructuring\/#primaryimage\",\"url\":\"https:\/\/rfblegal.co.uk\/wp-content\/uploads\/2024\/02\/72aa47db-62bc-444f-bb73-5698b1592d56.jpeg\",\"contentUrl\":\"https:\/\/rfblegal.co.uk\/wp-content\/uploads\/2024\/02\/72aa47db-62bc-444f-bb73-5698b1592d56.jpeg\",\"width\":1920,\"height\":854},{\"@type\":\"BreadcrumbList\",\"@id\":\"https:\/\/rfblegal.co.uk\/services\/business-law\/business-corporate\/mergers-and-restructuring\/#breadcrumb\",\"itemListElement\":[{\"@type\":\"ListItem\",\"position\":1,\"name\":\"Home\",\"item\":\"https:\/\/rfblegal.co.uk\/\"},{\"@type\":\"ListItem\",\"position\":2,\"name\":\"Services\",\"item\":\"https:\/\/rfblegal.co.uk\/services\/\"},{\"@type\":\"ListItem\",\"position\":3,\"name\":\"Business Law\",\"item\":\"https:\/\/rfblegal.co.uk\/services\/business-law\/\"},{\"@type\":\"ListItem\",\"position\":4,\"name\":\"Business &#8211; Corporate\",\"item\":\"https:\/\/rfblegal.co.uk\/services\/business-law\/business-corporate\/\"},{\"@type\":\"ListItem\",\"position\":5,\"name\":\"Mergers &amp; Acquisitions\"}]},{\"@type\":\"WebSite\",\"@id\":\"https:\/\/rfblegal.co.uk\/#website\",\"url\":\"https:\/\/rfblegal.co.uk\/\",\"name\":\"RFB Legal\",\"description\":\"\",\"publisher\":{\"@id\":\"https:\/\/rfblegal.co.uk\/#organization\"},\"potentialAction\":[{\"@type\":\"SearchAction\",\"target\":{\"@type\":\"EntryPoint\",\"urlTemplate\":\"https:\/\/rfblegal.co.uk\/?s={search_term_string}\"},\"query-input\":{\"@type\":\"PropertyValueSpecification\",\"valueRequired\":true,\"valueName\":\"search_term_string\"}}],\"inLanguage\":\"tr\"},{\"@type\":\"Organization\",\"@id\":\"https:\/\/rfblegal.co.uk\/#organization\",\"name\":\"RFB Legal\",\"url\":\"https:\/\/rfblegal.co.uk\/\",\"logo\":{\"@type\":\"ImageObject\",\"inLanguage\":\"tr\",\"@id\":\"https:\/\/rfblegal.co.uk\/#\/schema\/logo\/image\/\",\"url\":\"https:\/\/rfblegal.co.uk\/wp-content\/uploads\/2024\/01\/header_company_logo.svg\",\"contentUrl\":\"https:\/\/rfblegal.co.uk\/wp-content\/uploads\/2024\/01\/header_company_logo.svg\",\"caption\":\"RFB Legal\"},\"image\":{\"@id\":\"https:\/\/rfblegal.co.uk\/#\/schema\/logo\/image\/\"},\"sameAs\":[\"https:\/\/www.facebook.com\/RFBLegal\/\",\"https:\/\/www.linkedin.com\/uas\/login?session_redirect=company2012282\",\"https:\/\/www.instagram.com\/rfb_legal\/\"]}]}<\/script>\n<!-- \/ Yoast SEO plugin. -->","yoast_head_json":{"title":"Birle\u015fme ve Devralmalar - RFB Legal","description":"Birle\u015fme ve Sat\u0131n Alma Hizmetleri \u0130\u015finizi b\u00fcy\u00fctmek \u00e7e\u015fitli stratejilerle sa\u011flanabilir. Baz\u0131lar\u0131 ihaleler kazanarak organik b\u00fcy\u00fcmeyi tercih ederken,","robots":{"index":"index","follow":"follow","max-snippet":"max-snippet:-1","max-image-preview":"max-image-preview:large","max-video-preview":"max-video-preview:-1"},"canonical":"https:\/\/rfblegal.co.uk\/tr\/hizmetler\/is-hukuku\/is-kurumsal\/bi\u0307rlesmeler-ve-yeni\u0307den-yapilandirma\/","og_locale":"tr_TR","og_type":"article","og_title":"Mergers &amp; Acquisitions - RFB Legal","og_description":"Mergers and Acquisitions Services Growing your business can be achieved through various strategies. While some opt for organic growth by winning tenders,","og_url":"https:\/\/rfblegal.co.uk\/tr\/hizmetler\/is-hukuku\/is-kurumsal\/bi\u0307rlesmeler-ve-yeni\u0307den-yapilandirma\/","og_site_name":"RFB Legal","article_publisher":"https:\/\/www.facebook.com\/RFBLegal\/","article_modified_time":"2026-03-26T10:59:23+00:00","og_image":[{"width":1920,"height":854,"url":"https:\/\/rfblegal.co.uk\/wp-content\/uploads\/2024\/02\/72aa47db-62bc-444f-bb73-5698b1592d56.jpeg","type":"image\/jpeg"}],"twitter_card":"summary_large_image","twitter_misc":{"Est. reading time":"5 dakika"},"schema":{"@context":"https:\/\/schema.org","@graph":[{"@type":"WebPage","@id":"https:\/\/rfblegal.co.uk\/services\/business-law\/business-corporate\/mergers-and-restructuring\/","url":"https:\/\/rfblegal.co.uk\/services\/business-law\/business-corporate\/mergers-and-restructuring\/","name":"Birle\u015fme ve Devralmalar - RFB Legal","isPartOf":{"@id":"https:\/\/rfblegal.co.uk\/#website"},"primaryImageOfPage":{"@id":"https:\/\/rfblegal.co.uk\/services\/business-law\/business-corporate\/mergers-and-restructuring\/#primaryimage"},"image":{"@id":"https:\/\/rfblegal.co.uk\/services\/business-law\/business-corporate\/mergers-and-restructuring\/#primaryimage"},"thumbnailUrl":"https:\/\/rfblegal.co.uk\/wp-content\/uploads\/2024\/02\/72aa47db-62bc-444f-bb73-5698b1592d56.jpeg","datePublished":"2024-02-21T17:30:55+00:00","dateModified":"2026-03-26T10:59:23+00:00","description":"Birle\u015fme ve Sat\u0131n Alma Hizmetleri \u0130\u015finizi b\u00fcy\u00fctmek \u00e7e\u015fitli stratejilerle sa\u011flanabilir. Baz\u0131lar\u0131 ihaleler kazanarak organik b\u00fcy\u00fcmeyi tercih ederken,","breadcrumb":{"@id":"https:\/\/rfblegal.co.uk\/services\/business-law\/business-corporate\/mergers-and-restructuring\/#breadcrumb"},"inLanguage":"tr","potentialAction":[{"@type":"ReadAction","target":["https:\/\/rfblegal.co.uk\/services\/business-law\/business-corporate\/mergers-and-restructuring\/"]}]},{"@type":"ImageObject","inLanguage":"tr","@id":"https:\/\/rfblegal.co.uk\/services\/business-law\/business-corporate\/mergers-and-restructuring\/#primaryimage","url":"https:\/\/rfblegal.co.uk\/wp-content\/uploads\/2024\/02\/72aa47db-62bc-444f-bb73-5698b1592d56.jpeg","contentUrl":"https:\/\/rfblegal.co.uk\/wp-content\/uploads\/2024\/02\/72aa47db-62bc-444f-bb73-5698b1592d56.jpeg","width":1920,"height":854},{"@type":"BreadcrumbList","@id":"https:\/\/rfblegal.co.uk\/services\/business-law\/business-corporate\/mergers-and-restructuring\/#breadcrumb","itemListElement":[{"@type":"ListItem","position":1,"name":"Home","item":"https:\/\/rfblegal.co.uk\/"},{"@type":"ListItem","position":2,"name":"Services","item":"https:\/\/rfblegal.co.uk\/services\/"},{"@type":"ListItem","position":3,"name":"Business Law","item":"https:\/\/rfblegal.co.uk\/services\/business-law\/"},{"@type":"ListItem","position":4,"name":"Business &#8211; Corporate","item":"https:\/\/rfblegal.co.uk\/services\/business-law\/business-corporate\/"},{"@type":"ListItem","position":5,"name":"Mergers &amp; Acquisitions"}]},{"@type":"WebSite","@id":"https:\/\/rfblegal.co.uk\/#website","url":"https:\/\/rfblegal.co.uk\/","name":"RFB Hukuk","description":"","publisher":{"@id":"https:\/\/rfblegal.co.uk\/#organization"},"potentialAction":[{"@type":"SearchAction","target":{"@type":"EntryPoint","urlTemplate":"https:\/\/rfblegal.co.uk\/?s={search_term_string}"},"query-input":{"@type":"PropertyValueSpecification","valueRequired":true,"valueName":"search_term_string"}}],"inLanguage":"tr"},{"@type":"Organization","@id":"https:\/\/rfblegal.co.uk\/#organization","name":"RFB Hukuk","url":"https:\/\/rfblegal.co.uk\/","logo":{"@type":"ImageObject","inLanguage":"tr","@id":"https:\/\/rfblegal.co.uk\/#\/schema\/logo\/image\/","url":"https:\/\/rfblegal.co.uk\/wp-content\/uploads\/2024\/01\/header_company_logo.svg","contentUrl":"https:\/\/rfblegal.co.uk\/wp-content\/uploads\/2024\/01\/header_company_logo.svg","caption":"RFB Legal"},"image":{"@id":"https:\/\/rfblegal.co.uk\/#\/schema\/logo\/image\/"},"sameAs":["https:\/\/www.facebook.com\/RFBLegal\/","https:\/\/www.linkedin.com\/uas\/login?session_redirect=company2012282","https:\/\/www.instagram.com\/rfb_legal\/"]}]}},"_links":{"self":[{"href":"https:\/\/rfblegal.co.uk\/tr\/wp-json\/wp\/v2\/pages\/2621","targetHints":{"allow":["GET"]}}],"collection":[{"href":"https:\/\/rfblegal.co.uk\/tr\/wp-json\/wp\/v2\/pages"}],"about":[{"href":"https:\/\/rfblegal.co.uk\/tr\/wp-json\/wp\/v2\/types\/page"}],"author":[{"embeddable":true,"href":"https:\/\/rfblegal.co.uk\/tr\/wp-json\/wp\/v2\/users\/1"}],"replies":[{"embeddable":true,"href":"https:\/\/rfblegal.co.uk\/tr\/wp-json\/wp\/v2\/comments?post=2621"}],"version-history":[{"count":1,"href":"https:\/\/rfblegal.co.uk\/tr\/wp-json\/wp\/v2\/pages\/2621\/revisions"}],"predecessor-version":[{"id":9083,"href":"https:\/\/rfblegal.co.uk\/tr\/wp-json\/wp\/v2\/pages\/2621\/revisions\/9083"}],"up":[{"embeddable":true,"href":"https:\/\/rfblegal.co.uk\/tr\/wp-json\/wp\/v2\/pages\/2597"}],"wp:featuredmedia":[{"embeddable":true,"href":"https:\/\/rfblegal.co.uk\/tr\/wp-json\/wp\/v2\/media\/3714"}],"wp:attachment":[{"href":"https:\/\/rfblegal.co.uk\/tr\/wp-json\/wp\/v2\/media?parent=2621"}],"curies":[{"name":"wp","href":"https:\/\/api.w.org\/{rel}","templated":true}]}}