{"id":2509,"date":"2024-02-21T16:24:06","date_gmt":"2024-02-21T16:24:06","guid":{"rendered":"https:\/\/rfblegal.co.uk\/?page_id=2509"},"modified":"2024-04-24T11:44:43","modified_gmt":"2024-04-24T11:44:43","slug":"iflas","status":"publish","type":"page","link":"https:\/\/rfblegal.co.uk\/tr\/hizmetler\/is-hukuku\/ti%cc%87cari%cc%87-davalar\/iflas\/","title":{"rendered":"\u0130flas"},"content":{"rendered":"<h2 class=\"wp-block-heading has-2-xl-font-size\" style=\"padding-top:var(--wp--preset--spacing--20);padding-bottom:var(--wp--preset--spacing--20);font-style:normal;font-weight:600\">\u0130flas<\/h2>\n\n\n\n<h4 class=\"wp-block-heading has-lg-font-size\" style=\"padding-top:var(--wp--preset--spacing--20);padding-bottom:var(--wp--preset--spacing--20);font-style:normal;font-weight:500\"><strong>\u0130flas, ki\u015fisel ve i\u015f hayat\u0131n\u0131n t\u00fcm y\u00f6nlerini etkileyebilen kafa kar\u0131\u015ft\u0131r\u0131c\u0131 ve teknik bir alan olabilir. Ronald Fletcher Baker bu alanda uzmanl\u0131\u011fa ve iflas\u0131n \u00e7e\u015fitli ticaret sekt\u00f6rlerini nas\u0131l etkileyebilece\u011fine dair sekt\u00f6r bilgisine sahiptir.\u00a0<\/strong><\/h4>\n\n\n\n<p style=\"padding-top:var(--wp--preset--spacing--20);padding-bottom:var(--wp--preset--spacing--20)\">Bireyler, t\u00fczel ki\u015filer ve iflas uygulay\u0131c\u0131lar\u0131 i\u00e7in iflas davalar\u0131n\u0131n her iki taraf\u0131yla da ilgilenme konusunda deneyim sahibiyiz. Departman\u0131m\u0131z\u0131n amac\u0131, stresli olabilen bu s\u00fcreci m\u00fcmk\u00fcn oldu\u011funca basit hale getirmektir.&nbsp;<\/p>\n\n\n\n<p style=\"padding-top:var(--wp--preset--spacing--20);padding-bottom:var(--wp--preset--spacing--20)\">Alacakl\u0131lar i\u00e7in hareket ederken, mevcut \u00e7e\u015fitli iflas prosed\u00fcrleri ve bunlar\u0131n bireysel olarak bir alacakl\u0131n\u0131n talebini nas\u0131l etkiledi\u011fi hakk\u0131nda bilgi sahibi olmak, davada avantaj elde etmek i\u00e7in \u00e7ok \u00f6nemlidir. Bir iflas s\u00fcrecinde erken davranmak alacakl\u0131lar\u0131n elindeki se\u00e7enekleri geni\u015fletebilir. Ger\u00e7ekten de, bor\u00e7lulara kar\u015f\u0131 iflas i\u015flemlerinin uygulanmas\u0131 genellikle sadece gerekli de\u011fil, ayn\u0131 zamanda bor\u00e7lunun bor\u00e7la ba\u015fa \u00e7\u0131kmas\u0131n\u0131 sa\u011flaman\u0131n etkili bir y\u00f6ntemi olabilir.&nbsp;<\/p>\n\n\n\n<p style=\"padding-top:var(--wp--preset--spacing--20);padding-bottom:var(--wp--preset--spacing--20)\">Ayr\u0131ca, iflas uygulay\u0131c\u0131lar\u0131 taraf\u0131ndan, alacakl\u0131lar\u0131n menfaati i\u00e7in potansiyel y\u00f6neticilerin diskalifiye edilmesi ve \u00f6nceki i\u015flem i\u015flemlerini takip etmek \u00fczere g\u00f6revlendirilmekteyiz. Ayr\u0131ca, y\u00f6neticilere kar\u015f\u0131 m\u00fc\u015fterek haks\u0131z fiil iddialar\u0131n\u0131 ele alma konusunda da deneyim sahibiyiz.&nbsp;<\/p>\n\n\n\n<p style=\"padding-top:var(--wp--preset--spacing--20);padding-bottom:var(--wp--preset--spacing--20)\">\u0130flas i\u015flemlerine kar\u015f\u0131 \u00e7\u0131kmak isteyen bor\u00e7lular i\u00e7in hareket etme konusunda geni\u015f bir deneyime sahibiz. Tasfiye dilek\u00e7elerini \u00f6nlemek i\u00e7in d\u00fczenli olarak ki\u015fisel yasal talepleri ve ihtiyati tedbirleri iptal etmek i\u00e7in ba\u015fvurular yap\u0131yoruz. Bor\u00e7lular\u0131n iflas i\u015flemlerini g\u00f6z ard\u0131 etmemeleri ve bunlara kar\u015f\u0131 \u00e7\u0131kmak ya da \u00f6deme planlar\u0131 i\u00e7in m\u00fczakerelere ba\u015flamak i\u00e7in harekete ge\u00e7meleri \u00f6nemlidir.&nbsp;<\/p>\n\n\n\n<p style=\"padding-top:var(--wp--preset--spacing--20);padding-bottom:var(--wp--preset--spacing--20)\">\t\t\t\t\t\t<style>\r\n\t\t\t\t<style>\r\n#wpsm_accordion_3109 .wpsm_panel-heading{\r\n\tpadding:0px !important;\r\n}\r\n#wpsm_accordion_3109 .wpsm_panel-title {\r\n\tmargin:0px !important; \r\n\ttext-transform:none !important;\r\n\tline-height: 1 !important;\r\n}\r\n#wpsm_accordion_3109 .wpsm_panel-title a{\r\n\ttext-decoration:none;\r\n\toverflow:hidden;\r\n\tdisplay:block;\r\n\tpadding:0px;\r\n\tfont-size: 18px !important;\r\n\tfont-family: Open Sans !important;\r\n\tcolor:#000000 !important;\r\n\tborder-bottom:0px !important;\r\n}\r\n\r\n#wpsm_accordion_3109 .wpsm_panel-title a:focus {\r\noutline: 0px !important;\r\n}\r\n\r\n#wpsm_accordion_3109 .wpsm_panel-title a:hover, #wpsm_accordion_3109 .wpsm_panel-title a:focus {\r\n\tcolor:#000000 !important;\r\n}\r\n#wpsm_accordion_3109 .acc-a{\r\n\tcolor: #000000 !important;\r\n\tbackground-color:#e8e8e8 !important;\r\n\tborder-color: #ddd;\r\n}\r\n#wpsm_accordion_3109 .wpsm_panel-default > .wpsm_panel-heading{\r\n\tcolor: #000000 !important;\r\n\tbackground-color: #e8e8e8 !important;\r\n\tborder-color: #e8e8e8 !important;\r\n\tborder-top-left-radius: 0px;\r\n\tborder-top-right-radius: 0px;\r\n}\r\n#wpsm_accordion_3109 .wpsm_panel-default {\r\n\t\tborder:1px solid transparent !important;\r\n\t}\r\n#wpsm_accordion_3109 {\r\n\tmargin-bottom: 20px;\r\n\toverflow: hidden;\r\n\tfloat: none;\r\n\twidth: 100%;\r\n\tdisplay: block;\r\n}\r\n#wpsm_accordion_3109 .ac_title_class{\r\n\tdisplay: block;\r\n\tpadding-top: 12px;\r\n\tpadding-bottom: 12px;\r\n\tpadding-left: 15px;\r\n\tpadding-right: 15px;\r\n}\r\n#wpsm_accordion_3109  .wpsm_panel {\r\n\toverflow:hidden;\r\n\t-webkit-box-shadow: 0 0px 0px rgba(0, 0, 0, .05);\r\n\tbox-shadow: 0 0px 0px rgba(0, 0, 0, .05);\r\n\t\tborder-radius: 4px;\r\n\t}\r\n#wpsm_accordion_3109  .wpsm_panel + .wpsm_panel {\r\n\t\tmargin-top: 5px;\r\n\t}\r\n#wpsm_accordion_3109  .wpsm_panel-body{\r\n\tbackground-color:#ffffff !important;\r\n\tcolor:#000000 !important;\r\n\tborder-top-color: #e8e8e8 !important;\r\n\tfont-size:16px !important;\r\n\tfont-family: Open Sans !important;\r\n\toverflow: hidden;\r\n\t\tborder: 2px solid #e8e8e8 !important;\r\n\t}\r\n\r\n#wpsm_accordion_3109 .ac_open_cl_icon{\r\n\tbackground-color:#e8e8e8 !important;\r\n\tcolor: #000000 !important;\r\n\tfloat:right !important;\r\n\tpadding-top: 12px !important;\r\n\tpadding-bottom: 12px !important;\r\n\tline-height: 1.0 !important;\r\n\tpadding-left: 15px !important;\r\n\tpadding-right: 15px !important;\r\n\tdisplay: inline-block !important;\r\n}\r\n\r\n\t\t\t\r\n\t\t\t<\/style>\t\r\n\t\t\t<\/style>\r\n\t\t\t<div class=\"wpsm_panel-group\" id=\"wpsm_accordion_3109\" >\r\n\t\t\t\t\t\t\t\t\r\n\t\t\t\t\t<!-- Inner panel Start -->\r\n\t\t\t\t\t<div class=\"wpsm_panel wpsm_panel-default\">\r\n\t\t\t\t\t\t<div class=\"wpsm_panel-heading\" role=\"tab\" >\r\n\t\t\t\t\t\t  <h4 class=\"wpsm_panel-title\">\r\n\t\t\t\t\t\t\t<a  class=\"\"  data-toggle=\"collapse\" data-parent=\"#wpsm_accordion_3109 \" href=\"javascript:void(0)\" data-target=\"#ac_3109_collapse1\" onclick=\"do_resize()\">\r\n\t\t\t\t\t\t\t\t\t\t\t\t\t\t\t\t\t<span class=\"ac_open_cl_icon fa fa-minus\"><\/span>\r\n\t\t\t\t\t\t\t\t\t\r\n\t\t\t\t\t\t\t\t \r\n\t\t\t\t\t\t\t\t<span class=\"ac_title_class\">\r\n\t\t\t\t\t\t\t\t\tUZMANLIK :\t\t\t\t\t\t\t\t<\/span>\r\n\t\t\t\t\t\t\t<\/a>\r\n\t\t\t\t\t\t  <\/h4>\r\n\t\t\t\t\t\t<\/div>\r\n\t\t\t\t\t\t<div id=\"ac_3109_collapse1\" class=\"wpsm_panel-collapse collapse in\"  >\r\n\t\t\t\t\t\t  <div class=\"wpsm_panel-body\">\r\n\t\t\t\t\t\t\t<ul>\r\n \t<li>- M\u00fclkiyet ve kiralama sat\u0131\u015flar\u0131 ve al\u0131mlar\u0131<\/li>\r\n \t<li>- M\u00fclk refinansman\u0131<\/li>\r\n \t<li>- \u00d6zkaynak transferi<\/li>\r\n \t<li>- Y\u00fcksek net de\u011ferli sat\u0131\u015flar\/sat\u0131n almalar<\/li>\r\n \t<li>- M\u00fczayede sat\u0131\u015flar\u0131\/sat\u0131n al\u0131mlar\u0131<\/li>\r\n \t<li>- Karma\u015f\u0131k daire planlar\u0131 ve leasehold i\u015flemleri<\/li>\r\n<\/ul>\t\t\t\t\t\t  <\/div>\r\n\t\t\t\t\t\t<\/div>\r\n\t\t\t\t\t<\/div>\r\n\t\t\t\t\t<!-- Inner panel End -->\r\n\t\t\t\t\t\r\n\t\t\t\t\t\t\t<\/div>\r\n\t\t\t\r\n<script type=\"text\/javascript\">\r\n\t\r\n\t\tfunction do_resize(){\r\n\r\n\t\t\tvar width=jQuery( '.wpsm_panel .wpsm_panel-body iframe' ).width();\r\n\t\t\tvar height=jQuery( '.wpsm_panel .wpsm_panel-body iframe' ).height();\r\n\r\n\t\t\tvar toggleSize = true;\r\n\t\t\tjQuery('iframe').animate({\r\n\t\t\t    width: toggleSize ? width : 640,\r\n\t\t\t    height: toggleSize ? height : 360\r\n\t\t\t  }, 250);\r\n\r\n\t\t\t  toggleSize = !toggleSize;\r\n\t\t}\r\n\t\t\r\n<\/script>\t<\/p>","protected":false},"excerpt":{"rendered":"<p>Insolvency Insolvency can be a confusing and technical area that can affect all aspects of personal and business life. Ronald Fletcher Baker has specialist expertise in this field and\u00a0industry\u00a0knowledge of how insolvency\u00a0can impact the various sectors of\u00a0commerce.\u00a0 We have experience in dealing with both sides of insolvency litigation for individuals, corporate bodies, and insolvency practitioners. &hellip; <a href=\"https:\/\/rfblegal.co.uk\/tr\/?p=3109\">Continued<\/a><\/p>","protected":false},"author":1,"featured_media":3093,"parent":2502,"menu_order":0,"comment_status":"closed","ping_status":"closed","template":"tier3-template.blade.php","meta":{"_acf_changed":false,"om_disable_all_campaigns":false,"_uf_show_specific_survey":0,"_uf_disable_surveys":false,"footnotes":""},"class_list":["post-2509","page","type-page","status-publish","has-post-thumbnail","hentry"],"acf":[],"aioseo_notices":[],"yoast_head":"<!-- This site is optimized with the Yoast SEO plugin v27.2 - https:\/\/yoast.com\/product\/yoast-seo-wordpress\/ -->\n<title>Insolvency - RFB Legal<\/title>\n<meta name=\"description\" content=\"Insolvency Insolvency can be a confusing and technical area that can affect all aspects of personal and business life. Ronald Fletcher Baker has\" \/>\n<meta name=\"robots\" content=\"index, follow, max-snippet:-1, max-image-preview:large, max-video-preview:-1\" \/>\n<link rel=\"canonical\" href=\"https:\/\/rfblegal.co.uk\/tr\/hizmetler\/is-hukuku\/ti\u0307cari\u0307-davalar\/iflas\/\" \/>\n<meta property=\"og:locale\" content=\"tr_TR\" \/>\n<meta property=\"og:type\" content=\"article\" \/>\n<meta property=\"og:title\" content=\"Insolvency - RFB Legal\" \/>\n<meta property=\"og:description\" content=\"Insolvency Insolvency can be a confusing and technical area that can affect all aspects of personal and business life. Ronald Fletcher Baker has\" \/>\n<meta property=\"og:url\" content=\"https:\/\/rfblegal.co.uk\/tr\/hizmetler\/is-hukuku\/ti\u0307cari\u0307-davalar\/iflas\/\" \/>\n<meta property=\"og:site_name\" content=\"RFB Legal\" \/>\n<meta property=\"article:publisher\" content=\"https:\/\/www.facebook.com\/RFBLegal\/\" \/>\n<meta property=\"article:modified_time\" content=\"2024-04-24T11:44:43+00:00\" \/>\n<meta property=\"og:image\" content=\"https:\/\/rfblegal.co.uk\/wp-content\/uploads\/2024\/02\/Insolvency.jpg\" \/>\n\t<meta property=\"og:image:width\" content=\"1440\" \/>\n\t<meta property=\"og:image:height\" content=\"550\" \/>\n\t<meta property=\"og:image:type\" content=\"image\/jpeg\" \/>\n<meta name=\"twitter:card\" content=\"summary_large_image\" \/>\n<meta name=\"twitter:label1\" content=\"Est. reading time\" \/>\n\t<meta name=\"twitter:data1\" content=\"2 dakika\" \/>\n<script type=\"application\/ld+json\" class=\"yoast-schema-graph\">{\"@context\":\"https:\/\/schema.org\",\"@graph\":[{\"@type\":\"WebPage\",\"@id\":\"https:\/\/rfblegal.co.uk\/services\/business-law\/commercial-litigation\/insolvency\/\",\"url\":\"https:\/\/rfblegal.co.uk\/services\/business-law\/commercial-litigation\/insolvency\/\",\"name\":\"Insolvency - RFB Legal\",\"isPartOf\":{\"@id\":\"https:\/\/rfblegal.co.uk\/#website\"},\"primaryImageOfPage\":{\"@id\":\"https:\/\/rfblegal.co.uk\/services\/business-law\/commercial-litigation\/insolvency\/#primaryimage\"},\"image\":{\"@id\":\"https:\/\/rfblegal.co.uk\/services\/business-law\/commercial-litigation\/insolvency\/#primaryimage\"},\"thumbnailUrl\":\"https:\/\/rfblegal.co.uk\/wp-content\/uploads\/2024\/02\/Insolvency.jpg\",\"datePublished\":\"2024-02-21T16:24:06+00:00\",\"dateModified\":\"2024-04-24T11:44:43+00:00\",\"description\":\"Insolvency Insolvency can be a confusing and technical area that can affect all aspects of personal and business life. Ronald Fletcher Baker has\",\"breadcrumb\":{\"@id\":\"https:\/\/rfblegal.co.uk\/services\/business-law\/commercial-litigation\/insolvency\/#breadcrumb\"},\"inLanguage\":\"tr\",\"potentialAction\":[{\"@type\":\"ReadAction\",\"target\":[\"https:\/\/rfblegal.co.uk\/services\/business-law\/commercial-litigation\/insolvency\/\"]}]},{\"@type\":\"ImageObject\",\"inLanguage\":\"tr\",\"@id\":\"https:\/\/rfblegal.co.uk\/services\/business-law\/commercial-litigation\/insolvency\/#primaryimage\",\"url\":\"https:\/\/rfblegal.co.uk\/wp-content\/uploads\/2024\/02\/Insolvency.jpg\",\"contentUrl\":\"https:\/\/rfblegal.co.uk\/wp-content\/uploads\/2024\/02\/Insolvency.jpg\",\"width\":1440,\"height\":550},{\"@type\":\"BreadcrumbList\",\"@id\":\"https:\/\/rfblegal.co.uk\/services\/business-law\/commercial-litigation\/insolvency\/#breadcrumb\",\"itemListElement\":[{\"@type\":\"ListItem\",\"position\":1,\"name\":\"Home\",\"item\":\"https:\/\/rfblegal.co.uk\/\"},{\"@type\":\"ListItem\",\"position\":2,\"name\":\"Services\",\"item\":\"https:\/\/rfblegal.co.uk\/services\/\"},{\"@type\":\"ListItem\",\"position\":3,\"name\":\"Business Law\",\"item\":\"https:\/\/rfblegal.co.uk\/services\/business-law\/\"},{\"@type\":\"ListItem\",\"position\":4,\"name\":\"Commercial Litigation\",\"item\":\"https:\/\/rfblegal.co.uk\/services\/business-law\/commercial-litigation\/\"},{\"@type\":\"ListItem\",\"position\":5,\"name\":\"Insolvency\"}]},{\"@type\":\"WebSite\",\"@id\":\"https:\/\/rfblegal.co.uk\/#website\",\"url\":\"https:\/\/rfblegal.co.uk\/\",\"name\":\"RFB Legal\",\"description\":\"\",\"publisher\":{\"@id\":\"https:\/\/rfblegal.co.uk\/#organization\"},\"potentialAction\":[{\"@type\":\"SearchAction\",\"target\":{\"@type\":\"EntryPoint\",\"urlTemplate\":\"https:\/\/rfblegal.co.uk\/?s={search_term_string}\"},\"query-input\":{\"@type\":\"PropertyValueSpecification\",\"valueRequired\":true,\"valueName\":\"search_term_string\"}}],\"inLanguage\":\"tr\"},{\"@type\":\"Organization\",\"@id\":\"https:\/\/rfblegal.co.uk\/#organization\",\"name\":\"RFB Legal\",\"url\":\"https:\/\/rfblegal.co.uk\/\",\"logo\":{\"@type\":\"ImageObject\",\"inLanguage\":\"tr\",\"@id\":\"https:\/\/rfblegal.co.uk\/#\/schema\/logo\/image\/\",\"url\":\"https:\/\/rfblegal.co.uk\/wp-content\/uploads\/2024\/01\/header_company_logo.svg\",\"contentUrl\":\"https:\/\/rfblegal.co.uk\/wp-content\/uploads\/2024\/01\/header_company_logo.svg\",\"caption\":\"RFB Legal\"},\"image\":{\"@id\":\"https:\/\/rfblegal.co.uk\/#\/schema\/logo\/image\/\"},\"sameAs\":[\"https:\/\/www.facebook.com\/RFBLegal\/\",\"https:\/\/www.linkedin.com\/uas\/login?session_redirect=company2012282\",\"https:\/\/www.instagram.com\/rfb_legal\/\"]}]}<\/script>\n<!-- \/ Yoast SEO plugin. -->","yoast_head_json":{"title":"\u0130flas - RFB Legal","description":"\u0130flas \u0130flas, ki\u015fisel ve i\u015f hayat\u0131n\u0131n t\u00fcm y\u00f6nlerini etkileyebilen kafa kar\u0131\u015ft\u0131r\u0131c\u0131 ve teknik bir alan olabilir. Ronald Fletcher Baker","robots":{"index":"index","follow":"follow","max-snippet":"max-snippet:-1","max-image-preview":"max-image-preview:large","max-video-preview":"max-video-preview:-1"},"canonical":"https:\/\/rfblegal.co.uk\/tr\/hizmetler\/is-hukuku\/ti\u0307cari\u0307-davalar\/iflas\/","og_locale":"tr_TR","og_type":"article","og_title":"Insolvency - RFB Legal","og_description":"Insolvency Insolvency can be a confusing and technical area that can affect all aspects of personal and business life. Ronald Fletcher Baker has","og_url":"https:\/\/rfblegal.co.uk\/tr\/hizmetler\/is-hukuku\/ti\u0307cari\u0307-davalar\/iflas\/","og_site_name":"RFB Legal","article_publisher":"https:\/\/www.facebook.com\/RFBLegal\/","article_modified_time":"2024-04-24T11:44:43+00:00","og_image":[{"width":1440,"height":550,"url":"https:\/\/rfblegal.co.uk\/wp-content\/uploads\/2024\/02\/Insolvency.jpg","type":"image\/jpeg"}],"twitter_card":"summary_large_image","twitter_misc":{"Est. reading time":"2 dakika"},"schema":{"@context":"https:\/\/schema.org","@graph":[{"@type":"WebPage","@id":"https:\/\/rfblegal.co.uk\/services\/business-law\/commercial-litigation\/insolvency\/","url":"https:\/\/rfblegal.co.uk\/services\/business-law\/commercial-litigation\/insolvency\/","name":"\u0130flas - RFB Legal","isPartOf":{"@id":"https:\/\/rfblegal.co.uk\/#website"},"primaryImageOfPage":{"@id":"https:\/\/rfblegal.co.uk\/services\/business-law\/commercial-litigation\/insolvency\/#primaryimage"},"image":{"@id":"https:\/\/rfblegal.co.uk\/services\/business-law\/commercial-litigation\/insolvency\/#primaryimage"},"thumbnailUrl":"https:\/\/rfblegal.co.uk\/wp-content\/uploads\/2024\/02\/Insolvency.jpg","datePublished":"2024-02-21T16:24:06+00:00","dateModified":"2024-04-24T11:44:43+00:00","description":"\u0130flas \u0130flas, ki\u015fisel ve i\u015f hayat\u0131n\u0131n t\u00fcm y\u00f6nlerini etkileyebilen kafa kar\u0131\u015ft\u0131r\u0131c\u0131 ve teknik bir alan olabilir. Ronald Fletcher Baker","breadcrumb":{"@id":"https:\/\/rfblegal.co.uk\/services\/business-law\/commercial-litigation\/insolvency\/#breadcrumb"},"inLanguage":"tr","potentialAction":[{"@type":"ReadAction","target":["https:\/\/rfblegal.co.uk\/services\/business-law\/commercial-litigation\/insolvency\/"]}]},{"@type":"ImageObject","inLanguage":"tr","@id":"https:\/\/rfblegal.co.uk\/services\/business-law\/commercial-litigation\/insolvency\/#primaryimage","url":"https:\/\/rfblegal.co.uk\/wp-content\/uploads\/2024\/02\/Insolvency.jpg","contentUrl":"https:\/\/rfblegal.co.uk\/wp-content\/uploads\/2024\/02\/Insolvency.jpg","width":1440,"height":550},{"@type":"BreadcrumbList","@id":"https:\/\/rfblegal.co.uk\/services\/business-law\/commercial-litigation\/insolvency\/#breadcrumb","itemListElement":[{"@type":"ListItem","position":1,"name":"Home","item":"https:\/\/rfblegal.co.uk\/"},{"@type":"ListItem","position":2,"name":"Services","item":"https:\/\/rfblegal.co.uk\/services\/"},{"@type":"ListItem","position":3,"name":"Business Law","item":"https:\/\/rfblegal.co.uk\/services\/business-law\/"},{"@type":"ListItem","position":4,"name":"Commercial Litigation","item":"https:\/\/rfblegal.co.uk\/services\/business-law\/commercial-litigation\/"},{"@type":"ListItem","position":5,"name":"Insolvency"}]},{"@type":"WebSite","@id":"https:\/\/rfblegal.co.uk\/#website","url":"https:\/\/rfblegal.co.uk\/","name":"RFB Hukuk","description":"","publisher":{"@id":"https:\/\/rfblegal.co.uk\/#organization"},"potentialAction":[{"@type":"SearchAction","target":{"@type":"EntryPoint","urlTemplate":"https:\/\/rfblegal.co.uk\/?s={search_term_string}"},"query-input":{"@type":"PropertyValueSpecification","valueRequired":true,"valueName":"search_term_string"}}],"inLanguage":"tr"},{"@type":"Organization","@id":"https:\/\/rfblegal.co.uk\/#organization","name":"RFB Hukuk","url":"https:\/\/rfblegal.co.uk\/","logo":{"@type":"ImageObject","inLanguage":"tr","@id":"https:\/\/rfblegal.co.uk\/#\/schema\/logo\/image\/","url":"https:\/\/rfblegal.co.uk\/wp-content\/uploads\/2024\/01\/header_company_logo.svg","contentUrl":"https:\/\/rfblegal.co.uk\/wp-content\/uploads\/2024\/01\/header_company_logo.svg","caption":"RFB Legal"},"image":{"@id":"https:\/\/rfblegal.co.uk\/#\/schema\/logo\/image\/"},"sameAs":["https:\/\/www.facebook.com\/RFBLegal\/","https:\/\/www.linkedin.com\/uas\/login?session_redirect=company2012282","https:\/\/www.instagram.com\/rfb_legal\/"]}]}},"_links":{"self":[{"href":"https:\/\/rfblegal.co.uk\/tr\/wp-json\/wp\/v2\/pages\/2509","targetHints":{"allow":["GET"]}}],"collection":[{"href":"https:\/\/rfblegal.co.uk\/tr\/wp-json\/wp\/v2\/pages"}],"about":[{"href":"https:\/\/rfblegal.co.uk\/tr\/wp-json\/wp\/v2\/types\/page"}],"author":[{"embeddable":true,"href":"https:\/\/rfblegal.co.uk\/tr\/wp-json\/wp\/v2\/users\/1"}],"replies":[{"embeddable":true,"href":"https:\/\/rfblegal.co.uk\/tr\/wp-json\/wp\/v2\/comments?post=2509"}],"version-history":[{"count":0,"href":"https:\/\/rfblegal.co.uk\/tr\/wp-json\/wp\/v2\/pages\/2509\/revisions"}],"up":[{"embeddable":true,"href":"https:\/\/rfblegal.co.uk\/tr\/wp-json\/wp\/v2\/pages\/2502"}],"wp:featuredmedia":[{"embeddable":true,"href":"https:\/\/rfblegal.co.uk\/tr\/wp-json\/wp\/v2\/media\/3093"}],"wp:attachment":[{"href":"https:\/\/rfblegal.co.uk\/tr\/wp-json\/wp\/v2\/media?parent=2509"}],"curies":[{"name":"wp","href":"https:\/\/api.w.org\/{rel}","templated":true}]}}