{"id":2493,"date":"2024-02-21T16:18:31","date_gmt":"2024-02-21T16:18:31","guid":{"rendered":"https:\/\/rfblegal.co.uk\/?page_id=2493"},"modified":"2025-03-14T15:46:34","modified_gmt":"2025-03-14T15:46:34","slug":"kurumsal-i%cc%87sgalci%cc%87ler","status":"publish","type":"page","link":"https:\/\/rfblegal.co.uk\/tr\/hizmetler\/is-hukuku\/mulki%cc%87yet-davalari-i%cc%87si%cc%87\/kurumsal-i%cc%87sgalci%cc%87ler\/","title":{"rendered":"Kurumsal \u0130\u015fgalciler"},"content":{"rendered":"<h2 class=\"wp-block-heading has-2-xl-font-size\" style=\"padding-top:var(--wp--preset--spacing--20);padding-bottom:var(--wp--preset--spacing--20);font-style:normal;font-weight:600\">Kurumsal \u0130\u015fgalciler<\/h2>\n\n\n\n<h4 class=\"wp-block-heading has-lg-font-size\" style=\"padding-top:var(--wp--preset--spacing--20);padding-bottom:var(--wp--preset--spacing--20);font-style:normal;font-weight:500\"><strong>Esas olarak, y\u00fcksek de\u011ferli genel merkez kiralamalar\u0131n\u0131, portf\u00f6y yeniden finansmanlar\u0131n\u0131 ve sat\u0131\u015f ve geri kiralamalar\u0131 kapsayan kurumsal i\u015fgalci \u00e7al\u0131\u015fmalar\u0131m\u0131zla tan\u0131n\u0131yoruz. Ekibimiz, ev sahibi ve kirac\u0131lara y\u00f6nelik t\u00fcm dan\u0131\u015fmanl\u0131k hizmetlerini sunmakta olup, en b\u00fcy\u00fck ticari kiralama i\u015flemlerinden baz\u0131lar\u0131nda dan\u0131\u015fmanl\u0131k hizmeti vermi\u015ftir.<\/strong><\/h4>\n\n\n\n<p style=\"padding-top:var(--wp--preset--spacing--20);padding-bottom:var(--wp--preset--spacing--20)\"><a href=\"\/tr\/insanlar\/david-burns\/\"><em><strong>Rudi Ramdarshan<\/strong><\/em><\/a>\u00a0Y\u00fcksek net de\u011fere sahip bireyler, hay\u0131r kurumlar\u0131 ve kurumsal yat\u0131r\u0131mc\u0131lar gibi m\u00fc\u015fteriler i\u00e7in hareket eder.\u00a0<a href=\"\/tr\/insanlar\/simon-lawrence\/\"><em><strong>David Burns<\/strong><\/em><\/a>\u00a0hak sahipli\u011fi ve konut kira s\u00f6zle\u015fmelerinin uzat\u0131lmas\u0131 konular\u0131nda dan\u0131\u015fmanl\u0131k hizmeti vermektedir. Buna ek olarak, bir di\u011fer kilit ki\u015fi de k\u0131demli ortak<em><strong>\u00a0<a href=\"\/tr\/insanlar\/simon-lawrence\/\">Simon Lawrence<\/a><\/strong><\/em>, Kim?\u2018<em>i\u015flemlerde her zaman m\u00fc\u015fterinin \u00e7\u0131karlar\u0131n\u0131 \u00f6n planda tutar<\/em>\u2019.\u00a0<\/p>\n\n\n\n<p style=\"padding-top:var(--wp--preset--spacing--20);padding-bottom:var(--wp--preset--spacing--20)\">Firman\u0131n kurumsal i\u015fgalci uygulamalar\u0131, y\u00fcksek de\u011ferli kiralama i\u015fleri, yeniden finansman, sat\u0131\u015f ve geri kiralama i\u015flemleri ve ev sahibi ve kirac\u0131 dan\u0131\u015fmanl\u0131\u011f\u0131 yelpazesi gibi portf\u00f6y y\u00f6netimine y\u00f6neliktir. Oteller ve e\u011flence sekt\u00f6rlerindeki talimatlar, di\u011fer konular\u0131n yan\u0131 s\u0131ra kiralama sorunlar\u0131, otel geli\u015ftirmeleri, restoran i\u015fletmecileri i\u00e7in \u00e7al\u0131\u015fmalar ve anla\u015fmazl\u0131klar\u0131 kapsamaktad\u0131r.<\/p>\n\n\n\n<p style=\"padding-top:var(--wp--preset--spacing--20);padding-bottom:var(--wp--preset--spacing--20)\">Firma, finansal kurumlar, y\u00fcksek net de\u011fere sahip bireyler ve bir\u00e7o\u011fu deniza\u015f\u0131r\u0131 \u00fclkelerde yerle\u015fik \u00f6nemli kurumsal yat\u0131r\u0131mc\u0131lar dahil olmak \u00fczere \u00e7e\u015fitli bir m\u00fc\u015fteri taban\u0131na hitap etmektedir. Sonu\u00e7 olarak, firma BVI, Bahamalar, Mauritius, Sey\u015feller, T\u00fcrkiye ve Man Adas\u0131'nda yerle\u015fik kurumsal yat\u0131r\u0131mc\u0131lar i\u00e7in hareket etme konusunda \u00f6nemli bir uzmanl\u0131\u011fa sahiptir. Bu t\u00fcr i\u015flemlerdeki uzmanl\u0131\u011f\u0131m\u0131z ve deneyimimiz, \u00e7\u0131karlar\u0131n\u0131z\u0131 koruma ve size m\u00fcmk\u00fcn olan en iyi tavsiyeyi sunma taahh\u00fcd\u00fcm\u00fcz\u00fc yerine getirebilmemizi sa\u011flamaktad\u0131r.<\/p>\n\n\n\n<p style=\"padding-top:var(--wp--preset--spacing--20);padding-bottom:var(--wp--preset--spacing--20)\">\t\t\t\t\t\t<style>\r\n\t\t\t\t<style>\r\n#wpsm_accordion_3070 .wpsm_panel-heading{\r\n\tpadding:0px !important;\r\n}\r\n#wpsm_accordion_3070 .wpsm_panel-title {\r\n\tmargin:0px !important; \r\n\ttext-transform:none !important;\r\n\tline-height: 1 !important;\r\n}\r\n#wpsm_accordion_3070 .wpsm_panel-title a{\r\n\ttext-decoration:none;\r\n\toverflow:hidden;\r\n\tdisplay:block;\r\n\tpadding:0px;\r\n\tfont-size: 18px !important;\r\n\tfont-family: Open Sans !important;\r\n\tcolor:#000000 !important;\r\n\tborder-bottom:0px !important;\r\n}\r\n\r\n#wpsm_accordion_3070 .wpsm_panel-title a:focus {\r\noutline: 0px !important;\r\n}\r\n\r\n#wpsm_accordion_3070 .wpsm_panel-title a:hover, #wpsm_accordion_3070 .wpsm_panel-title a:focus {\r\n\tcolor:#000000 !important;\r\n}\r\n#wpsm_accordion_3070 .acc-a{\r\n\tcolor: #000000 !important;\r\n\tbackground-color:#e8e8e8 !important;\r\n\tborder-color: #ddd;\r\n}\r\n#wpsm_accordion_3070 .wpsm_panel-default > .wpsm_panel-heading{\r\n\tcolor: #000000 !important;\r\n\tbackground-color: #e8e8e8 !important;\r\n\tborder-color: #e8e8e8 !important;\r\n\tborder-top-left-radius: 0px;\r\n\tborder-top-right-radius: 0px;\r\n}\r\n#wpsm_accordion_3070 .wpsm_panel-default {\r\n\t\tborder:1px solid transparent !important;\r\n\t}\r\n#wpsm_accordion_3070 {\r\n\tmargin-bottom: 20px;\r\n\toverflow: hidden;\r\n\tfloat: none;\r\n\twidth: 100%;\r\n\tdisplay: block;\r\n}\r\n#wpsm_accordion_3070 .ac_title_class{\r\n\tdisplay: block;\r\n\tpadding-top: 12px;\r\n\tpadding-bottom: 12px;\r\n\tpadding-left: 15px;\r\n\tpadding-right: 15px;\r\n}\r\n#wpsm_accordion_3070  .wpsm_panel {\r\n\toverflow:hidden;\r\n\t-webkit-box-shadow: 0 0px 0px rgba(0, 0, 0, .05);\r\n\tbox-shadow: 0 0px 0px rgba(0, 0, 0, .05);\r\n\t\tborder-radius: 4px;\r\n\t}\r\n#wpsm_accordion_3070  .wpsm_panel + .wpsm_panel {\r\n\t\tmargin-top: 5px;\r\n\t}\r\n#wpsm_accordion_3070  .wpsm_panel-body{\r\n\tbackground-color:#ffffff !important;\r\n\tcolor:#000000 !important;\r\n\tborder-top-color: #e8e8e8 !important;\r\n\tfont-size:16px !important;\r\n\tfont-family: Open Sans !important;\r\n\toverflow: hidden;\r\n\t\tborder: 2px solid #e8e8e8 !important;\r\n\t}\r\n\r\n#wpsm_accordion_3070 .ac_open_cl_icon{\r\n\tbackground-color:#e8e8e8 !important;\r\n\tcolor: #000000 !important;\r\n\tfloat:right !important;\r\n\tpadding-top: 12px !important;\r\n\tpadding-bottom: 12px !important;\r\n\tline-height: 1.0 !important;\r\n\tpadding-left: 15px !important;\r\n\tpadding-right: 15px !important;\r\n\tdisplay: inline-block !important;\r\n}\r\n\r\n\t\t\t\r\n\t\t\t<\/style>\t\r\n\t\t\t<\/style>\r\n\t\t\t<div class=\"wpsm_panel-group\" id=\"wpsm_accordion_3070\" >\r\n\t\t\t\t\t\t\t\t\r\n\t\t\t\t\t<!-- Inner panel Start -->\r\n\t\t\t\t\t<div class=\"wpsm_panel wpsm_panel-default\">\r\n\t\t\t\t\t\t<div class=\"wpsm_panel-heading\" role=\"tab\" >\r\n\t\t\t\t\t\t  <h4 class=\"wpsm_panel-title\">\r\n\t\t\t\t\t\t\t<a  class=\"\"  data-toggle=\"collapse\" data-parent=\"#wpsm_accordion_3070 \" href=\"javascript:void(0)\" data-target=\"#ac_3070_collapse1\" onclick=\"do_resize()\">\r\n\t\t\t\t\t\t\t\t\t\t\t\t\t\t\t\t\t<span class=\"ac_open_cl_icon fa fa-minus\"><\/span>\r\n\t\t\t\t\t\t\t\t\t\r\n\t\t\t\t\t\t\t\t \r\n\t\t\t\t\t\t\t\t<span class=\"ac_title_class\">\r\n\t\t\t\t\t\t\t\t\tUZMANLIK :\t\t\t\t\t\t\t\t<\/span>\r\n\t\t\t\t\t\t\t<\/a>\r\n\t\t\t\t\t\t  <\/h4>\r\n\t\t\t\t\t\t<\/div>\r\n\t\t\t\t\t\t<div id=\"ac_3070_collapse1\" class=\"wpsm_panel-collapse collapse in\"  >\r\n\t\t\t\t\t\t  <div class=\"wpsm_panel-body\">\r\n\t\t\t\t\t\t\t<ul>\r\n \t<li>- M\u00fclk portf\u00f6y y\u00f6netimi<\/li>\r\n \t<li>- Ev sahibi ve kirac\u0131 dan\u0131\u015fmanl\u0131\u011f\u0131<\/li>\r\n \t<li>- Birle\u015fmeler ve sat\u0131n almalar<\/li>\r\n \t<li>- Yeni bina kiralamak veya in\u015fa etmek<\/li>\r\n \t<li>- Uyu\u015fmazl\u0131k \u00e7\u00f6z\u00fcm\u00fc<\/li>\r\n \t<li>- M\u00fclk Geli\u015ftirme<\/li>\r\n \t<li>- Mevcut tesislerde b\u00fcy\u00fck \u00e7apl\u0131 yenileme \u00e7al\u0131\u015fmalar\u0131 veya de\u011fi\u015fiklikler<\/li>\r\n \t<li>- Ticari m\u00fclklerin al\u0131m ve sat\u0131m\u0131,<\/li>\r\n \t<li>- M\u00fclklerin geli\u015ftirilmesi<\/li>\r\n \t<li>- Ticari kiralamalar\u0131n verilmesi<\/li>\r\n \t<li>- \u0130\u015fletme al\u0131m sat\u0131m\u0131<\/li>\r\n \t<li>- Ticari kiralama devirleri<\/li>\r\n \t<li>- Yeni ticari kiralamalar\u0131n yap\u0131lmas\u0131<\/li>\r\n \t<li>- Perakende, ofis ve end\u00fcstriyel birimlerin kiralanmas\u0131<\/li>\r\n \t<li>- Restoran, otel ve e\u011flence sekt\u00f6rleri<\/li>\r\n \t<li>- Teminatl\u0131 kredilendirme ve yeniden finansman<\/li>\r\n \t<li>- Offshore i\u015flemleri<\/li>\r\n \t<li>- M\u00fczayede sat\u0131\u015flar\u0131 ve al\u0131mlar\u0131<\/li>\r\n \t<li>- Ev Sahibi ve Kirac\u0131 Yasas\u0131 1954 kapsam\u0131nda kira yenilemeleri<\/li>\r\n<\/ul>\t\t\t\t\t\t  <\/div>\r\n\t\t\t\t\t\t<\/div>\r\n\t\t\t\t\t<\/div>\r\n\t\t\t\t\t<!-- Inner panel End -->\r\n\t\t\t\t\t\r\n\t\t\t\t\t\t\t<\/div>\r\n\t\t\t\r\n<script type=\"text\/javascript\">\r\n\t\r\n\t\tfunction do_resize(){\r\n\r\n\t\t\tvar width=jQuery( '.wpsm_panel .wpsm_panel-body iframe' ).width();\r\n\t\t\tvar height=jQuery( '.wpsm_panel .wpsm_panel-body iframe' ).height();\r\n\r\n\t\t\tvar toggleSize = true;\r\n\t\t\tjQuery('iframe').animate({\r\n\t\t\t    width: toggleSize ? width : 640,\r\n\t\t\t    height: toggleSize ? height : 360\r\n\t\t\t  }, 250);\r\n\r\n\t\t\t  toggleSize = !toggleSize;\r\n\t\t}\r\n\t\t\r\n<\/script>\t<\/p>","protected":false},"excerpt":{"rendered":"<p>Kurumsal \u0130\u015fgalciler Esas olarak, y\u00fcksek de\u011ferli genel merkez kiralamalar\u0131n\u0131, portf\u00f6y yeniden finansmanlar\u0131n\u0131 ve sat\u0131\u015f ve geri kiralamalar\u0131 kapsayan kurumsal i\u015fgalci \u00e7al\u0131\u015fmalar\u0131m\u0131zla tan\u0131n\u0131yoruz. Ekip, t\u00fcm ev sahibi ve kirac\u0131 dan\u0131\u015fmanl\u0131\u011f\u0131 hizmetlerini sunmakta olup, en b\u00fcy\u00fck ticari kiralama i\u015flemlerinden baz\u0131lar\u0131nda dan\u0131\u015fmanl\u0131k hizmeti vermi\u015ftir. Rudi Ramdarshan, y\u00fcksek net de\u011fere sahip bireyler, hay\u0131r kurumlar\u0131 ve kurumsal yat\u0131r\u0131mc\u0131lar gibi m\u00fc\u015fteriler i\u00e7in hareket etmektedir. David ... <a href=\"https:\/\/rfblegal.co.uk\/tr\/?p=3070\">Devam\u0131<\/a><\/p>","protected":false},"author":1,"featured_media":2744,"parent":2476,"menu_order":0,"comment_status":"closed","ping_status":"closed","template":"tier3-template.blade.php","meta":{"_acf_changed":false,"om_disable_all_campaigns":false,"_uf_show_specific_survey":0,"_uf_disable_surveys":false,"footnotes":""},"class_list":["post-2493","page","type-page","status-publish","has-post-thumbnail","hentry"],"acf":[],"aioseo_notices":[],"yoast_head":"<!-- This site is optimized with the Yoast SEO plugin v27.2 - https:\/\/yoast.com\/product\/yoast-seo-wordpress\/ -->\n<title>Corporate Occupiers RFB Legal<\/title>\n<meta name=\"description\" content=\"Corporate Occupiers We are principally reputed for our corporate occupier work, which spans high-value headquarters leases, portfolio refinances, and\" \/>\n<meta name=\"robots\" content=\"index, follow, max-snippet:-1, max-image-preview:large, max-video-preview:-1\" \/>\n<link rel=\"canonical\" href=\"https:\/\/rfblegal.co.uk\/tr\/hizmetler\/is-hukuku\/mulki\u0307yet-davalari-i\u0307si\u0307\/kurumsal-i\u0307sgalci\u0307ler\/\" \/>\n<meta property=\"og:locale\" content=\"tr_TR\" \/>\n<meta property=\"og:type\" content=\"article\" \/>\n<meta property=\"og:title\" content=\"Corporate Occupiers RFB Legal\" \/>\n<meta property=\"og:description\" content=\"Corporate Occupiers We are principally reputed for our corporate occupier work, which spans high-value headquarters leases, portfolio refinances, and\" \/>\n<meta property=\"og:url\" content=\"https:\/\/rfblegal.co.uk\/tr\/hizmetler\/is-hukuku\/mulki\u0307yet-davalari-i\u0307si\u0307\/kurumsal-i\u0307sgalci\u0307ler\/\" \/>\n<meta property=\"og:site_name\" content=\"RFB Legal\" \/>\n<meta property=\"article:publisher\" content=\"https:\/\/www.facebook.com\/RFBLegal\/\" \/>\n<meta property=\"article:modified_time\" content=\"2025-03-14T15:46:34+00:00\" \/>\n<meta property=\"og:image\" content=\"https:\/\/rfblegal.co.uk\/wp-content\/uploads\/2024\/02\/Corporate_Occupiers.jpg\" \/>\n\t<meta property=\"og:image:width\" content=\"1440\" \/>\n\t<meta property=\"og:image:height\" content=\"550\" \/>\n\t<meta property=\"og:image:type\" content=\"image\/jpeg\" \/>\n<meta name=\"twitter:card\" content=\"summary_large_image\" \/>\n<meta name=\"twitter:label1\" content=\"Est. reading time\" \/>\n\t<meta name=\"twitter:data1\" content=\"2 dakika\" \/>\n<script type=\"application\/ld+json\" class=\"yoast-schema-graph\">{\"@context\":\"https:\/\/schema.org\",\"@graph\":[{\"@type\":\"WebPage\",\"@id\":\"https:\/\/rfblegal.co.uk\/services\/business-law\/property-litigation-business\/corporate-occupiers\/\",\"url\":\"https:\/\/rfblegal.co.uk\/services\/business-law\/property-litigation-business\/corporate-occupiers\/\",\"name\":\"Corporate Occupiers RFB Legal\",\"isPartOf\":{\"@id\":\"https:\/\/rfblegal.co.uk\/#website\"},\"primaryImageOfPage\":{\"@id\":\"https:\/\/rfblegal.co.uk\/services\/business-law\/property-litigation-business\/corporate-occupiers\/#primaryimage\"},\"image\":{\"@id\":\"https:\/\/rfblegal.co.uk\/services\/business-law\/property-litigation-business\/corporate-occupiers\/#primaryimage\"},\"thumbnailUrl\":\"https:\/\/rfblegal.co.uk\/wp-content\/uploads\/2024\/02\/Corporate_Occupiers.jpg\",\"datePublished\":\"2024-02-21T16:18:31+00:00\",\"dateModified\":\"2025-03-14T15:46:34+00:00\",\"description\":\"Corporate Occupiers We are principally reputed for our corporate occupier work, which spans high-value headquarters leases, portfolio refinances, and\",\"breadcrumb\":{\"@id\":\"https:\/\/rfblegal.co.uk\/services\/business-law\/property-litigation-business\/corporate-occupiers\/#breadcrumb\"},\"inLanguage\":\"tr\",\"potentialAction\":[{\"@type\":\"ReadAction\",\"target\":[\"https:\/\/rfblegal.co.uk\/services\/business-law\/property-litigation-business\/corporate-occupiers\/\"]}]},{\"@type\":\"ImageObject\",\"inLanguage\":\"tr\",\"@id\":\"https:\/\/rfblegal.co.uk\/services\/business-law\/property-litigation-business\/corporate-occupiers\/#primaryimage\",\"url\":\"https:\/\/rfblegal.co.uk\/wp-content\/uploads\/2024\/02\/Corporate_Occupiers.jpg\",\"contentUrl\":\"https:\/\/rfblegal.co.uk\/wp-content\/uploads\/2024\/02\/Corporate_Occupiers.jpg\",\"width\":1440,\"height\":550},{\"@type\":\"BreadcrumbList\",\"@id\":\"https:\/\/rfblegal.co.uk\/services\/business-law\/property-litigation-business\/corporate-occupiers\/#breadcrumb\",\"itemListElement\":[{\"@type\":\"ListItem\",\"position\":1,\"name\":\"Home\",\"item\":\"https:\/\/rfblegal.co.uk\/\"},{\"@type\":\"ListItem\",\"position\":2,\"name\":\"Services\",\"item\":\"https:\/\/rfblegal.co.uk\/services\/\"},{\"@type\":\"ListItem\",\"position\":3,\"name\":\"Business Law\",\"item\":\"https:\/\/rfblegal.co.uk\/services\/business-law\/\"},{\"@type\":\"ListItem\",\"position\":4,\"name\":\"Commercial Property Litigation\",\"item\":\"https:\/\/rfblegal.co.uk\/services\/business-law\/property-litigation-business\/\"},{\"@type\":\"ListItem\",\"position\":5,\"name\":\"Corporate Occupiers\"}]},{\"@type\":\"WebSite\",\"@id\":\"https:\/\/rfblegal.co.uk\/#website\",\"url\":\"https:\/\/rfblegal.co.uk\/\",\"name\":\"RFB Legal\",\"description\":\"\",\"publisher\":{\"@id\":\"https:\/\/rfblegal.co.uk\/#organization\"},\"potentialAction\":[{\"@type\":\"SearchAction\",\"target\":{\"@type\":\"EntryPoint\",\"urlTemplate\":\"https:\/\/rfblegal.co.uk\/?s={search_term_string}\"},\"query-input\":{\"@type\":\"PropertyValueSpecification\",\"valueRequired\":true,\"valueName\":\"search_term_string\"}}],\"inLanguage\":\"tr\"},{\"@type\":\"Organization\",\"@id\":\"https:\/\/rfblegal.co.uk\/#organization\",\"name\":\"RFB Legal\",\"url\":\"https:\/\/rfblegal.co.uk\/\",\"logo\":{\"@type\":\"ImageObject\",\"inLanguage\":\"tr\",\"@id\":\"https:\/\/rfblegal.co.uk\/#\/schema\/logo\/image\/\",\"url\":\"https:\/\/rfblegal.co.uk\/wp-content\/uploads\/2024\/01\/header_company_logo.svg\",\"contentUrl\":\"https:\/\/rfblegal.co.uk\/wp-content\/uploads\/2024\/01\/header_company_logo.svg\",\"caption\":\"RFB Legal\"},\"image\":{\"@id\":\"https:\/\/rfblegal.co.uk\/#\/schema\/logo\/image\/\"},\"sameAs\":[\"https:\/\/www.facebook.com\/RFBLegal\/\",\"https:\/\/www.linkedin.com\/uas\/login?session_redirect=company2012282\",\"https:\/\/www.instagram.com\/rfb_legal\/\"]}]}<\/script>\n<!-- \/ Yoast SEO plugin. -->","yoast_head_json":{"title":"Kurumsal \u0130\u015fgalciler RFB Legal","description":"Kurumsal \u0130\u015fgalciler Esas olarak, y\u00fcksek de\u011ferli genel merkez kiralamalar\u0131n\u0131, portf\u00f6y yeniden finansmanlar\u0131n\u0131 ve a\u015fa\u011f\u0131dakileri kapsayan kurumsal i\u015fgalci \u00e7al\u0131\u015fmalar\u0131m\u0131zla tan\u0131n\u0131yoruz","robots":{"index":"index","follow":"follow","max-snippet":"max-snippet:-1","max-image-preview":"max-image-preview:large","max-video-preview":"max-video-preview:-1"},"canonical":"https:\/\/rfblegal.co.uk\/tr\/hizmetler\/is-hukuku\/mulki\u0307yet-davalari-i\u0307si\u0307\/kurumsal-i\u0307sgalci\u0307ler\/","og_locale":"tr_TR","og_type":"article","og_title":"Corporate Occupiers RFB Legal","og_description":"Corporate Occupiers We are principally reputed for our corporate occupier work, which spans high-value headquarters leases, portfolio refinances, and","og_url":"https:\/\/rfblegal.co.uk\/tr\/hizmetler\/is-hukuku\/mulki\u0307yet-davalari-i\u0307si\u0307\/kurumsal-i\u0307sgalci\u0307ler\/","og_site_name":"RFB Legal","article_publisher":"https:\/\/www.facebook.com\/RFBLegal\/","article_modified_time":"2025-03-14T15:46:34+00:00","og_image":[{"width":1440,"height":550,"url":"https:\/\/rfblegal.co.uk\/wp-content\/uploads\/2024\/02\/Corporate_Occupiers.jpg","type":"image\/jpeg"}],"twitter_card":"summary_large_image","twitter_misc":{"Est. reading time":"2 dakika"},"schema":{"@context":"https:\/\/schema.org","@graph":[{"@type":"WebPage","@id":"https:\/\/rfblegal.co.uk\/services\/business-law\/property-litigation-business\/corporate-occupiers\/","url":"https:\/\/rfblegal.co.uk\/services\/business-law\/property-litigation-business\/corporate-occupiers\/","name":"Kurumsal \u0130\u015fgalciler RFB Legal","isPartOf":{"@id":"https:\/\/rfblegal.co.uk\/#website"},"primaryImageOfPage":{"@id":"https:\/\/rfblegal.co.uk\/services\/business-law\/property-litigation-business\/corporate-occupiers\/#primaryimage"},"image":{"@id":"https:\/\/rfblegal.co.uk\/services\/business-law\/property-litigation-business\/corporate-occupiers\/#primaryimage"},"thumbnailUrl":"https:\/\/rfblegal.co.uk\/wp-content\/uploads\/2024\/02\/Corporate_Occupiers.jpg","datePublished":"2024-02-21T16:18:31+00:00","dateModified":"2025-03-14T15:46:34+00:00","description":"Kurumsal \u0130\u015fgalciler Esas olarak, y\u00fcksek de\u011ferli genel merkez kiralamalar\u0131n\u0131, portf\u00f6y yeniden finansmanlar\u0131n\u0131 ve a\u015fa\u011f\u0131dakileri kapsayan kurumsal i\u015fgalci \u00e7al\u0131\u015fmalar\u0131m\u0131zla tan\u0131n\u0131yoruz","breadcrumb":{"@id":"https:\/\/rfblegal.co.uk\/services\/business-law\/property-litigation-business\/corporate-occupiers\/#breadcrumb"},"inLanguage":"tr","potentialAction":[{"@type":"ReadAction","target":["https:\/\/rfblegal.co.uk\/services\/business-law\/property-litigation-business\/corporate-occupiers\/"]}]},{"@type":"ImageObject","inLanguage":"tr","@id":"https:\/\/rfblegal.co.uk\/services\/business-law\/property-litigation-business\/corporate-occupiers\/#primaryimage","url":"https:\/\/rfblegal.co.uk\/wp-content\/uploads\/2024\/02\/Corporate_Occupiers.jpg","contentUrl":"https:\/\/rfblegal.co.uk\/wp-content\/uploads\/2024\/02\/Corporate_Occupiers.jpg","width":1440,"height":550},{"@type":"BreadcrumbList","@id":"https:\/\/rfblegal.co.uk\/services\/business-law\/property-litigation-business\/corporate-occupiers\/#breadcrumb","itemListElement":[{"@type":"ListItem","position":1,"name":"Home","item":"https:\/\/rfblegal.co.uk\/"},{"@type":"ListItem","position":2,"name":"Services","item":"https:\/\/rfblegal.co.uk\/services\/"},{"@type":"ListItem","position":3,"name":"Business Law","item":"https:\/\/rfblegal.co.uk\/services\/business-law\/"},{"@type":"ListItem","position":4,"name":"Commercial Property Litigation","item":"https:\/\/rfblegal.co.uk\/services\/business-law\/property-litigation-business\/"},{"@type":"ListItem","position":5,"name":"Corporate Occupiers"}]},{"@type":"WebSite","@id":"https:\/\/rfblegal.co.uk\/#website","url":"https:\/\/rfblegal.co.uk\/","name":"RFB Hukuk","description":"","publisher":{"@id":"https:\/\/rfblegal.co.uk\/#organization"},"potentialAction":[{"@type":"SearchAction","target":{"@type":"EntryPoint","urlTemplate":"https:\/\/rfblegal.co.uk\/?s={search_term_string}"},"query-input":{"@type":"PropertyValueSpecification","valueRequired":true,"valueName":"search_term_string"}}],"inLanguage":"tr"},{"@type":"Organization","@id":"https:\/\/rfblegal.co.uk\/#organization","name":"RFB Hukuk","url":"https:\/\/rfblegal.co.uk\/","logo":{"@type":"ImageObject","inLanguage":"tr","@id":"https:\/\/rfblegal.co.uk\/#\/schema\/logo\/image\/","url":"https:\/\/rfblegal.co.uk\/wp-content\/uploads\/2024\/01\/header_company_logo.svg","contentUrl":"https:\/\/rfblegal.co.uk\/wp-content\/uploads\/2024\/01\/header_company_logo.svg","caption":"RFB Legal"},"image":{"@id":"https:\/\/rfblegal.co.uk\/#\/schema\/logo\/image\/"},"sameAs":["https:\/\/www.facebook.com\/RFBLegal\/","https:\/\/www.linkedin.com\/uas\/login?session_redirect=company2012282","https:\/\/www.instagram.com\/rfb_legal\/"]}]}},"_links":{"self":[{"href":"https:\/\/rfblegal.co.uk\/tr\/wp-json\/wp\/v2\/pages\/2493","targetHints":{"allow":["GET"]}}],"collection":[{"href":"https:\/\/rfblegal.co.uk\/tr\/wp-json\/wp\/v2\/pages"}],"about":[{"href":"https:\/\/rfblegal.co.uk\/tr\/wp-json\/wp\/v2\/types\/page"}],"author":[{"embeddable":true,"href":"https:\/\/rfblegal.co.uk\/tr\/wp-json\/wp\/v2\/users\/1"}],"replies":[{"embeddable":true,"href":"https:\/\/rfblegal.co.uk\/tr\/wp-json\/wp\/v2\/comments?post=2493"}],"version-history":[{"count":0,"href":"https:\/\/rfblegal.co.uk\/tr\/wp-json\/wp\/v2\/pages\/2493\/revisions"}],"up":[{"embeddable":true,"href":"https:\/\/rfblegal.co.uk\/tr\/wp-json\/wp\/v2\/pages\/2476"}],"wp:featuredmedia":[{"embeddable":true,"href":"https:\/\/rfblegal.co.uk\/tr\/wp-json\/wp\/v2\/media\/2744"}],"wp:attachment":[{"href":"https:\/\/rfblegal.co.uk\/tr\/wp-json\/wp\/v2\/media?parent=2493"}],"curies":[{"name":"wp","href":"https:\/\/api.w.org\/{rel}","templated":true}]}}