{"id":2490,"date":"2024-02-21T16:17:43","date_gmt":"2024-02-21T16:17:43","guid":{"rendered":"https:\/\/rfblegal.co.uk\/?page_id=2490"},"modified":"2025-09-04T18:32:22","modified_gmt":"2025-09-04T18:32:22","slug":"i%cc%87nsaat-anlasmazliklari","status":"publish","type":"page","link":"https:\/\/rfblegal.co.uk\/tr\/hizmetler\/is-hukuku\/mulki%cc%87yet-davalari-i%cc%87si%cc%87\/i%cc%87nsaat-anlasmazliklari\/","title":{"rendered":"\u0130n\u015faat Anla\u015fmazl\u0131klar\u0131"},"content":{"rendered":"<h2 class=\"wp-block-heading has-2-xl-font-size\" style=\"padding-top:var(--wp--preset--spacing--20);padding-bottom:var(--wp--preset--spacing--20);font-style:normal;font-weight:600\">\u0130n\u015faat<\/h2>\n\n\n\n<h4 class=\"wp-block-heading has-lg-font-size\" style=\"padding-top:var(--wp--preset--spacing--20);padding-bottom:var(--wp--preset--spacing--20);font-style:normal;font-weight:500\"><strong>K\u00f6kl\u00fc \u0130n\u015faat ekibimiz, \u00e7ok \u00e7e\u015fitli in\u015faat uyu\u015fmazl\u0131klar\u0131nda i\u015fverenlere, ana y\u00fcklenicilere ve alt y\u00fcklenicilere dan\u0131\u015fmanl\u0131k yapma konusunda geni\u015f deneyime sahiptir.<\/strong><\/h4>\n\n\n\n<p style=\"padding-top:var(--wp--preset--spacing--20);padding-bottom:var(--wp--preset--spacing--20)\">M\u00fcvekkillerimiz, i\u015fverenler, ana\/alt y\u00fckleniciler ve in\u015faat profesyonelleri (mimarlar gibi) dahil olmak \u00fczere t\u00fcm in\u015faat sekt\u00f6r\u00fcn\u00fc kapsamaktad\u0131r. \u0130n\u015faat s\u00f6zle\u015fmelerinin yan\u0131 s\u0131ra \u0131smarlama yaz\u0131l\u0131 (veya s\u00f6zl\u00fc) anla\u015fmalardan kaynaklanan \u00e7ok say\u0131da in\u015faat uyu\u015fmazl\u0131\u011f\u0131nda hareket etme ve dan\u0131\u015fmanl\u0131k yapma konusunda deneyimliyiz. \u2018Par\u00e7ala ve kap\u2019 \/ Nihai Hesap yarg\u0131lamalar\u0131ndan, gecikme taleplerine ili\u015fkin olarak m\u00fcvekkillere dan\u0131\u015fmanl\u0131k vermeye ve son derece \u00e7eki\u015fmeli olan fesih alan\u0131na kadar uzanan uyu\u015fmazl\u0131klar\u0131 ele alma konusunda ustay\u0131z.<\/p>\n\n\n\n<p style=\"padding-top:var(--wp--preset--spacing--20);padding-bottom:var(--wp--preset--spacing--20)\">Her bir m\u00fcvekkilin hedefini de\u011ferlendiriyor ve m\u00fczakere, arabuluculuk, yarg\u0131lama veya uygun oldu\u011fu durumlarda Teknoloji ve \u0130n\u015faat Mahkemesinde dava a\u00e7ma yoluyla elde edilmek istenen sonuca ula\u015fmak i\u00e7in en uygun olan pratik, uygulanabilir bir strateji geli\u015ftiriyoruz. &nbsp;<\/p>\n\n\n\n<p style=\"padding-top:var(--wp--preset--spacing--20);padding-bottom:var(--wp--preset--spacing--20)\"><strong>Son davalar \u015funlard\u0131r:<\/strong><\/p>\n\n\n\n<p style=\"padding-top:0;padding-right:var(--wp--preset--spacing--50);padding-bottom:0;padding-left:var(--wp--preset--spacing--50)\">- A\u00e7\u0131k denizde yerle\u015fik bir i\u015fvereni, ana y\u00fcklenici taraf\u0131ndan kendisine kar\u015f\u0131 a\u00e7\u0131lan milyonlarca poundluk karar davas\u0131nda savunmak <a href=\"https:\/\/rfblegal.co.uk\/tr\/hizmetler\/ki%cc%87si%cc%87sel-hukuk\/konut-mulku\/\">konut<\/a> Londra, Mayfair'de bir m\u00fclk. Uzman bir avukatla birlikte \u00e7al\u0131\u015farak, davan\u0131n tamam\u0131n\u0131 ba\u015far\u0131yla savunduk.<\/p>\n\n\n\n<p style=\"padding-top:0;padding-right:var(--wp--preset--spacing--50);padding-bottom:0;padding-left:var(--wp--preset--spacing--50)\">- Bir y\u00fckleniciyi e\u015fzamanl\u0131 yarg\u0131lama s\u00fcre\u00e7lerinde temsil etmek: Birincisi, \u015fu adreste y\u00fcr\u00fct\u00fclen i\u015flerle ilgili bir Kesin Hesap yarg\u0131lamas\u0131 <a href=\"https:\/\/rfblegal.co.uk\/tr\/hizmetler\/is-hukuku\/ti%cc%87cari%cc%87-davalar\/ti%cc%87cari%cc%87-mulki%cc%87yet-anlasmazliklari\/\">ti\u0307cari\u0307 m\u00fclk<\/a> bir asal <a href=\"https:\/\/rfblegal.co.uk\/tr\/location\/\">konum<\/a> Londra'n\u0131n merkezinde \u0131smarlama yaz\u0131l\u0131 bir s\u00f6zle\u015fmenin \u015fartlar\u0131 uyar\u0131nca; ve ikincisi, s\u00f6zl\u00fc bir s\u00f6zle\u015fmenin \u015fartlar\u0131 uyar\u0131nca G\u00fcney Bat\u0131 Londra'daki binalarda yap\u0131lan i\u015flerle ilgili bir par\u00e7ala ve yakala yarg\u0131lamas\u0131.<\/p>\n\n\n\n<p style=\"padding-top:0;padding-right:var(--wp--preset--spacing--50);padding-bottom:0;padding-left:var(--wp--preset--spacing--50)\">- Eastbourne, East Sussex'teki b\u00fcy\u00fck bir konut projesinde y\u00fcr\u00fct\u00fclen i\u015flerle ilgili olarak bir alt y\u00fcklenici taraf\u0131ndan kendisine kar\u015f\u0131 a\u00e7\u0131lan karar davas\u0131nda bir ana y\u00fckleniciyi ba\u015far\u0131yla savunmu\u015ftur. Ba\u015fvuran Taraf, 150.000 \u00a3'un \u00fczerinde bir \u00f6deme talep etmekteydi ve bu talep, bir Az \u00d6deme Bildiriminin ge\u00e7erlili\u011fine ili\u015fkin arg\u00fcmanlar\u0131 da i\u00e7ermekteydi.<\/p>\n\n\n\n<p style=\"padding-top:0;padding-right:var(--wp--preset--spacing--50);padding-bottom:0;padding-left:var(--wp--preset--spacing--50)\">- Bir in\u015faat lojisti\u011fi \u015firketi ad\u0131na, Birle\u015fik Krall\u0131k'\u0131n en b\u00fcy\u00fck \u00f6zel ana y\u00fcklenicilerinden birine kar\u015f\u0131, Birle\u015fik Krall\u0131k'taki \u00e7e\u015fitli in\u015faat projelerine i\u015fg\u00fcc\u00fc sa\u011flanmas\u0131yla ilgili bir \u00f6deme anla\u015fmazl\u0131\u011f\u0131nda arabuluculuk yapmak.<\/p>\n\n\n\n<p style=\"padding-top:0;padding-right:var(--wp--preset--spacing--50);padding-bottom:0;padding-left:var(--wp--preset--spacing--50)\">- Bath'daki y\u00fcksek \u00f6zellikli bir konut projesinde y\u00fcr\u00fct\u00fclen kusurlu i\u015flerle ilgili olarak Birle\u015fik Krall\u0131k'taki b\u00fcy\u00fck bir geli\u015ftiriciye kar\u015f\u0131 1 milyon \u00a3'u a\u015fan bir s\u00f6zle\u015fme ihlali\/yanl\u0131\u015f beyan davas\u0131nda y\u00fcksek gelirli iki ki\u015fi ad\u0131na hareket etmek.<\/p>\n\n\n\n<p style=\"padding-top:var(--wp--preset--spacing--20);padding-bottom:var(--wp--preset--spacing--20)\"><\/p>","protected":false},"excerpt":{"rendered":"<p>Construction Our well-established Construction team has extensive experience in advising employers, main contractors, and sub-contractors across a broad range of construction disputes. Our clients span the whole construction sector, including employers, main\/sub-contractors, and construction professionals (such as architects). We are experienced acting in and advising on a multitude of construction disputes arising out of the &hellip; <a href=\"https:\/\/rfblegal.co.uk\/tr\/hizmetler\/is-hukuku\/mulki%cc%87yet-davalari-i%cc%87si%cc%87\/i%cc%87nsaat-anlasmazliklari\/\">Continued<\/a><\/p>","protected":false},"author":1,"featured_media":2739,"parent":2476,"menu_order":0,"comment_status":"closed","ping_status":"closed","template":"tier3-template.blade.php","meta":{"_acf_changed":false,"om_disable_all_campaigns":false,"_uf_show_specific_survey":0,"_uf_disable_surveys":false,"footnotes":""},"class_list":["post-2490","page","type-page","status-publish","has-post-thumbnail","hentry"],"acf":[],"aioseo_notices":[],"yoast_head":"<!-- This site is optimized with the Yoast SEO plugin v27.2 - https:\/\/yoast.com\/product\/yoast-seo-wordpress\/ -->\n<title>Construction Disputes - RFB Legal<\/title>\n<meta name=\"description\" content=\"Our well-established Construction team has extensive experience in advising employers\" \/>\n<meta name=\"robots\" content=\"index, follow, max-snippet:-1, max-image-preview:large, max-video-preview:-1\" \/>\n<link rel=\"canonical\" href=\"https:\/\/rfblegal.co.uk\/tr\/hizmetler\/is-hukuku\/mulki\u0307yet-davalari-i\u0307si\u0307\/i\u0307nsaat-anlasmazliklari\/\" \/>\n<meta property=\"og:locale\" content=\"tr_TR\" \/>\n<meta property=\"og:type\" content=\"article\" \/>\n<meta property=\"og:title\" content=\"Construction Disputes - RFB Legal\" \/>\n<meta property=\"og:description\" content=\"Our well-established Construction team has extensive experience in advising employers\" \/>\n<meta property=\"og:url\" content=\"https:\/\/rfblegal.co.uk\/tr\/hizmetler\/is-hukuku\/mulki\u0307yet-davalari-i\u0307si\u0307\/i\u0307nsaat-anlasmazliklari\/\" \/>\n<meta property=\"og:site_name\" content=\"RFB Legal\" \/>\n<meta property=\"article:publisher\" content=\"https:\/\/www.facebook.com\/RFBLegal\/\" \/>\n<meta property=\"article:modified_time\" content=\"2025-09-04T18:32:22+00:00\" \/>\n<meta property=\"og:image\" content=\"https:\/\/rfblegal.co.uk\/wp-content\/uploads\/2024\/02\/Construction.jpg\" \/>\n\t<meta property=\"og:image:width\" content=\"1440\" \/>\n\t<meta property=\"og:image:height\" content=\"550\" \/>\n\t<meta property=\"og:image:type\" content=\"image\/jpeg\" \/>\n<meta name=\"twitter:card\" content=\"summary_large_image\" \/>\n<meta name=\"twitter:label1\" content=\"Est. reading time\" \/>\n\t<meta name=\"twitter:data1\" content=\"2 dakika\" \/>\n<script type=\"application\/ld+json\" class=\"yoast-schema-graph\">{\"@context\":\"https:\/\/schema.org\",\"@graph\":[{\"@type\":\"WebPage\",\"@id\":\"https:\/\/rfblegal.co.uk\/services\/business-law\/property-litigation-business\/construction-disputes\/\",\"url\":\"https:\/\/rfblegal.co.uk\/services\/business-law\/property-litigation-business\/construction-disputes\/\",\"name\":\"Construction Disputes - RFB Legal\",\"isPartOf\":{\"@id\":\"https:\/\/rfblegal.co.uk\/#website\"},\"primaryImageOfPage\":{\"@id\":\"https:\/\/rfblegal.co.uk\/services\/business-law\/property-litigation-business\/construction-disputes\/#primaryimage\"},\"image\":{\"@id\":\"https:\/\/rfblegal.co.uk\/services\/business-law\/property-litigation-business\/construction-disputes\/#primaryimage\"},\"thumbnailUrl\":\"https:\/\/rfblegal.co.uk\/wp-content\/uploads\/2024\/02\/Construction.jpg\",\"datePublished\":\"2024-02-21T16:17:43+00:00\",\"dateModified\":\"2025-09-04T18:32:22+00:00\",\"description\":\"Our well-established Construction team has extensive experience in advising employers\",\"breadcrumb\":{\"@id\":\"https:\/\/rfblegal.co.uk\/services\/business-law\/property-litigation-business\/construction-disputes\/#breadcrumb\"},\"inLanguage\":\"tr\",\"potentialAction\":[{\"@type\":\"ReadAction\",\"target\":[\"https:\/\/rfblegal.co.uk\/services\/business-law\/property-litigation-business\/construction-disputes\/\"]}]},{\"@type\":\"ImageObject\",\"inLanguage\":\"tr\",\"@id\":\"https:\/\/rfblegal.co.uk\/services\/business-law\/property-litigation-business\/construction-disputes\/#primaryimage\",\"url\":\"https:\/\/rfblegal.co.uk\/wp-content\/uploads\/2024\/02\/Construction.jpg\",\"contentUrl\":\"https:\/\/rfblegal.co.uk\/wp-content\/uploads\/2024\/02\/Construction.jpg\",\"width\":1440,\"height\":550},{\"@type\":\"BreadcrumbList\",\"@id\":\"https:\/\/rfblegal.co.uk\/services\/business-law\/property-litigation-business\/construction-disputes\/#breadcrumb\",\"itemListElement\":[{\"@type\":\"ListItem\",\"position\":1,\"name\":\"Home\",\"item\":\"https:\/\/rfblegal.co.uk\/\"},{\"@type\":\"ListItem\",\"position\":2,\"name\":\"Services\",\"item\":\"https:\/\/rfblegal.co.uk\/services\/\"},{\"@type\":\"ListItem\",\"position\":3,\"name\":\"Business Law\",\"item\":\"https:\/\/rfblegal.co.uk\/services\/business-law\/\"},{\"@type\":\"ListItem\",\"position\":4,\"name\":\"Commercial Property Litigation\",\"item\":\"https:\/\/rfblegal.co.uk\/services\/business-law\/property-litigation-business\/\"},{\"@type\":\"ListItem\",\"position\":5,\"name\":\"Construction Disputes\"}]},{\"@type\":\"WebSite\",\"@id\":\"https:\/\/rfblegal.co.uk\/#website\",\"url\":\"https:\/\/rfblegal.co.uk\/\",\"name\":\"RFB Legal\",\"description\":\"\",\"publisher\":{\"@id\":\"https:\/\/rfblegal.co.uk\/#organization\"},\"potentialAction\":[{\"@type\":\"SearchAction\",\"target\":{\"@type\":\"EntryPoint\",\"urlTemplate\":\"https:\/\/rfblegal.co.uk\/?s={search_term_string}\"},\"query-input\":{\"@type\":\"PropertyValueSpecification\",\"valueRequired\":true,\"valueName\":\"search_term_string\"}}],\"inLanguage\":\"tr\"},{\"@type\":\"Organization\",\"@id\":\"https:\/\/rfblegal.co.uk\/#organization\",\"name\":\"RFB Legal\",\"url\":\"https:\/\/rfblegal.co.uk\/\",\"logo\":{\"@type\":\"ImageObject\",\"inLanguage\":\"tr\",\"@id\":\"https:\/\/rfblegal.co.uk\/#\/schema\/logo\/image\/\",\"url\":\"https:\/\/rfblegal.co.uk\/wp-content\/uploads\/2024\/01\/header_company_logo.svg\",\"contentUrl\":\"https:\/\/rfblegal.co.uk\/wp-content\/uploads\/2024\/01\/header_company_logo.svg\",\"caption\":\"RFB Legal\"},\"image\":{\"@id\":\"https:\/\/rfblegal.co.uk\/#\/schema\/logo\/image\/\"},\"sameAs\":[\"https:\/\/www.facebook.com\/RFBLegal\/\",\"https:\/\/www.linkedin.com\/uas\/login?session_redirect=company2012282\",\"https:\/\/www.instagram.com\/rfb_legal\/\"]}]}<\/script>\n<!-- \/ Yoast SEO plugin. -->","yoast_head_json":{"title":"\u0130n\u015faat Uyu\u015fmazl\u0131klar\u0131 - RFB Legal","description":"K\u00f6kl\u00fc \u0130n\u015faat ekibimiz i\u015fverenlere dan\u0131\u015fmanl\u0131k yapma konusunda geni\u015f deneyime sahiptir","robots":{"index":"index","follow":"follow","max-snippet":"max-snippet:-1","max-image-preview":"max-image-preview:large","max-video-preview":"max-video-preview:-1"},"canonical":"https:\/\/rfblegal.co.uk\/tr\/hizmetler\/is-hukuku\/mulki\u0307yet-davalari-i\u0307si\u0307\/i\u0307nsaat-anlasmazliklari\/","og_locale":"tr_TR","og_type":"article","og_title":"Construction Disputes - RFB Legal","og_description":"Our well-established Construction team has extensive experience in advising employers","og_url":"https:\/\/rfblegal.co.uk\/tr\/hizmetler\/is-hukuku\/mulki\u0307yet-davalari-i\u0307si\u0307\/i\u0307nsaat-anlasmazliklari\/","og_site_name":"RFB Legal","article_publisher":"https:\/\/www.facebook.com\/RFBLegal\/","article_modified_time":"2025-09-04T18:32:22+00:00","og_image":[{"width":1440,"height":550,"url":"https:\/\/rfblegal.co.uk\/wp-content\/uploads\/2024\/02\/Construction.jpg","type":"image\/jpeg"}],"twitter_card":"summary_large_image","twitter_misc":{"Est. reading time":"2 dakika"},"schema":{"@context":"https:\/\/schema.org","@graph":[{"@type":"WebPage","@id":"https:\/\/rfblegal.co.uk\/services\/business-law\/property-litigation-business\/construction-disputes\/","url":"https:\/\/rfblegal.co.uk\/services\/business-law\/property-litigation-business\/construction-disputes\/","name":"\u0130n\u015faat Uyu\u015fmazl\u0131klar\u0131 - RFB Legal","isPartOf":{"@id":"https:\/\/rfblegal.co.uk\/#website"},"primaryImageOfPage":{"@id":"https:\/\/rfblegal.co.uk\/services\/business-law\/property-litigation-business\/construction-disputes\/#primaryimage"},"image":{"@id":"https:\/\/rfblegal.co.uk\/services\/business-law\/property-litigation-business\/construction-disputes\/#primaryimage"},"thumbnailUrl":"https:\/\/rfblegal.co.uk\/wp-content\/uploads\/2024\/02\/Construction.jpg","datePublished":"2024-02-21T16:17:43+00:00","dateModified":"2025-09-04T18:32:22+00:00","description":"K\u00f6kl\u00fc \u0130n\u015faat ekibimiz i\u015fverenlere dan\u0131\u015fmanl\u0131k yapma konusunda geni\u015f deneyime sahiptir","breadcrumb":{"@id":"https:\/\/rfblegal.co.uk\/services\/business-law\/property-litigation-business\/construction-disputes\/#breadcrumb"},"inLanguage":"tr","potentialAction":[{"@type":"ReadAction","target":["https:\/\/rfblegal.co.uk\/services\/business-law\/property-litigation-business\/construction-disputes\/"]}]},{"@type":"ImageObject","inLanguage":"tr","@id":"https:\/\/rfblegal.co.uk\/services\/business-law\/property-litigation-business\/construction-disputes\/#primaryimage","url":"https:\/\/rfblegal.co.uk\/wp-content\/uploads\/2024\/02\/Construction.jpg","contentUrl":"https:\/\/rfblegal.co.uk\/wp-content\/uploads\/2024\/02\/Construction.jpg","width":1440,"height":550},{"@type":"BreadcrumbList","@id":"https:\/\/rfblegal.co.uk\/services\/business-law\/property-litigation-business\/construction-disputes\/#breadcrumb","itemListElement":[{"@type":"ListItem","position":1,"name":"Home","item":"https:\/\/rfblegal.co.uk\/"},{"@type":"ListItem","position":2,"name":"Services","item":"https:\/\/rfblegal.co.uk\/services\/"},{"@type":"ListItem","position":3,"name":"Business Law","item":"https:\/\/rfblegal.co.uk\/services\/business-law\/"},{"@type":"ListItem","position":4,"name":"Commercial Property Litigation","item":"https:\/\/rfblegal.co.uk\/services\/business-law\/property-litigation-business\/"},{"@type":"ListItem","position":5,"name":"Construction Disputes"}]},{"@type":"WebSite","@id":"https:\/\/rfblegal.co.uk\/#website","url":"https:\/\/rfblegal.co.uk\/","name":"RFB Hukuk","description":"","publisher":{"@id":"https:\/\/rfblegal.co.uk\/#organization"},"potentialAction":[{"@type":"SearchAction","target":{"@type":"EntryPoint","urlTemplate":"https:\/\/rfblegal.co.uk\/?s={search_term_string}"},"query-input":{"@type":"PropertyValueSpecification","valueRequired":true,"valueName":"search_term_string"}}],"inLanguage":"tr"},{"@type":"Organization","@id":"https:\/\/rfblegal.co.uk\/#organization","name":"RFB Hukuk","url":"https:\/\/rfblegal.co.uk\/","logo":{"@type":"ImageObject","inLanguage":"tr","@id":"https:\/\/rfblegal.co.uk\/#\/schema\/logo\/image\/","url":"https:\/\/rfblegal.co.uk\/wp-content\/uploads\/2024\/01\/header_company_logo.svg","contentUrl":"https:\/\/rfblegal.co.uk\/wp-content\/uploads\/2024\/01\/header_company_logo.svg","caption":"RFB Legal"},"image":{"@id":"https:\/\/rfblegal.co.uk\/#\/schema\/logo\/image\/"},"sameAs":["https:\/\/www.facebook.com\/RFBLegal\/","https:\/\/www.linkedin.com\/uas\/login?session_redirect=company2012282","https:\/\/www.instagram.com\/rfb_legal\/"]}]}},"_links":{"self":[{"href":"https:\/\/rfblegal.co.uk\/tr\/wp-json\/wp\/v2\/pages\/2490","targetHints":{"allow":["GET"]}}],"collection":[{"href":"https:\/\/rfblegal.co.uk\/tr\/wp-json\/wp\/v2\/pages"}],"about":[{"href":"https:\/\/rfblegal.co.uk\/tr\/wp-json\/wp\/v2\/types\/page"}],"author":[{"embeddable":true,"href":"https:\/\/rfblegal.co.uk\/tr\/wp-json\/wp\/v2\/users\/1"}],"replies":[{"embeddable":true,"href":"https:\/\/rfblegal.co.uk\/tr\/wp-json\/wp\/v2\/comments?post=2490"}],"version-history":[{"count":1,"href":"https:\/\/rfblegal.co.uk\/tr\/wp-json\/wp\/v2\/pages\/2490\/revisions"}],"predecessor-version":[{"id":6968,"href":"https:\/\/rfblegal.co.uk\/tr\/wp-json\/wp\/v2\/pages\/2490\/revisions\/6968"}],"up":[{"embeddable":true,"href":"https:\/\/rfblegal.co.uk\/tr\/wp-json\/wp\/v2\/pages\/2476"}],"wp:featuredmedia":[{"embeddable":true,"href":"https:\/\/rfblegal.co.uk\/tr\/wp-json\/wp\/v2\/media\/2739"}],"wp:attachment":[{"href":"https:\/\/rfblegal.co.uk\/tr\/wp-json\/wp\/v2\/media?parent=2490"}],"curies":[{"name":"wp","href":"https:\/\/api.w.org\/{rel}","templated":true}]}}