{"id":2429,"date":"2024-02-21T15:43:30","date_gmt":"2024-02-21T15:43:30","guid":{"rendered":"https:\/\/rfblegal.co.uk\/?page_id=2429"},"modified":"2025-07-02T09:35:55","modified_gmt":"2025-07-02T09:35:55","slug":"cesitlilik","status":"publish","type":"page","link":"https:\/\/rfblegal.co.uk\/tr\/cesitlilik\/","title":{"rendered":"\u00c7e\u015fitlilik"},"content":{"rendered":"<p style=\"padding-top:var(--wp--preset--spacing--20);padding-bottom:var(--wp--preset--spacing--20)\">Ronald Fletcher Baker olarak, \u00e7e\u015fitlili\u011fi destekleyen, e\u015fitli\u011fi benimseyen ve kapsay\u0131c\u0131l\u0131\u011f\u0131 te\u015fvik eden bir yakla\u015f\u0131m\u0131n yaln\u0131zca firmam\u0131za, meslekta\u015flar\u0131m\u0131za ve m\u00fc\u015fterilerimize de\u011fil, daha da \u00f6nemlisi topluma fayda sa\u011flayan bir ortam oldu\u011funa inan\u0131yoruz. Bu nedenle, \u00c7e\u015fitlilik E\u015fitlik ve Kapsay\u0131c\u0131l\u0131k firmam\u0131z\u0131n temel bir ilkesi ve bizim de temel bir \u00f6nceli\u011fimizdir.<\/p>\n\n\n\n<p style=\"padding-top:var(--wp--preset--spacing--20);padding-bottom:var(--wp--preset--spacing--20)\">Hukuka ve insana odaklanarak ilerici bir k\u00fclt\u00fcr\u00fc s\u00fcrd\u00fcrmeye kararl\u0131y\u0131z. \u00c7e\u015fitlilik, E\u015fitlik ve Kapsay\u0131c\u0131l\u0131k konusunda proaktif bir ortak yakla\u015f\u0131m\u0131na sahibiz ve bu yakla\u015f\u0131m\u0131n t\u00fcm firma genelinde her d\u00fczeyde te\u015fvik ve entegrasyonunu sa\u011fl\u0131yoruz. Sadece akademisyenlere de\u011fil, \u00e7e\u015fitli deneyimlere ve farkl\u0131l\u0131klara de\u011fer vererek, bireylerin k\u0131s\u0131tlama olmaks\u0131z\u0131n yenilik yapmalar\u0131na ve yaratmalar\u0131na olanak tan\u0131yan \u00f6zg\u00fcn bir ortam yaratabiliyoruz.<\/p>\n\n\n\n<p style=\"padding-top:var(--wp--preset--spacing--20);padding-bottom:var(--wp--preset--spacing--20)\">\u00c7e\u015fitlilik E\u015fitli\u011fi ve Kapsay\u0131c\u0131l\u0131\u011f\u0131 te\u015fvik etmeye y\u00f6nelik inan\u00e7lar\u0131m\u0131z ve temel de\u011ferlerimiz, bu firman\u0131n \u00c7e\u015fitlilik E\u015fitli\u011fi ve Kapsay\u0131c\u0131l\u0131\u011f\u0131 kutlayan ilerici bir ortam\u0131 te\u015fvik etmeye devam etmesini sa\u011flamak i\u00e7in d\u00fczenli olarak g\u00f6zden ge\u00e7irilen ve g\u00fcncellenen mevcut politikalar\u0131m\u0131zda yer almaktad\u0131r.<\/p>\n\n\n\n<p style=\"padding-top:var(--wp--preset--spacing--20);padding-bottom:var(--wp--preset--spacing--20)\">\u00c7e\u015fitlilik, e\u015fitlik ve kapsay\u0131c\u0131l\u0131\u011f\u0131n \u00f6z\u00fcm\u00fczde yer almas\u0131n\u0131n muazzam de\u011feri g\u00f6z ard\u0131 edilemez; inovasyonu te\u015fvik etmemize ve yaln\u0131zca \u00e7al\u0131\u015fanlar\u0131m\u0131za ve m\u00fc\u015fterilerimize fayda sa\u011flamakla kalmay\u0131p toplum \u00fczerinde olumlu bir etki yaratmam\u0131za yard\u0131mc\u0131 olan sonu\u00e7lara odaklanmam\u0131za olanak tan\u0131r.<\/p>\n\n\n\n<h3 class=\"wp-block-heading\"><strong><span style=\"text-decoration: underline;\"><a href=\"https:\/\/drive.google.com\/file\/d\/17hp2vqDXCknw0CG1dOUz1hjOrYZfBuGj\/view?usp=sharing\">RFB'nin \u00c7e\u015fitlilik Raporunu G\u00f6r\u00fcnt\u00fcleyin (2025)<\/a><\/span><\/strong><\/h3>","protected":false},"excerpt":{"rendered":"<p>At Ronald Fletcher Baker, we strongly believe that by fostering an approach which supports diversity, embeds equity, and promotes inclusion is an environment which benefits not only our firm, our colleagues and our clients but more importantly society. For this reason, Diversity Equity and Inclusion is a core tenet of the firm and a fundamental &hellip; <a href=\"https:\/\/rfblegal.co.uk\/tr\/cesitlilik\/\">Devam\u0131<\/a><\/p>","protected":false},"author":5,"featured_media":2822,"parent":0,"menu_order":0,"comment_status":"closed","ping_status":"closed","template":"","meta":{"_acf_changed":false,"om_disable_all_campaigns":false,"_uf_show_specific_survey":0,"_uf_disable_surveys":false,"footnotes":""},"class_list":["post-2429","page","type-page","status-publish","has-post-thumbnail","hentry"],"acf":[],"aioseo_notices":[],"yoast_head":"<!-- This site is optimized with the Yoast SEO plugin v27.2 - https:\/\/yoast.com\/product\/yoast-seo-wordpress\/ -->\n<title>Diversity - RFB Legal<\/title>\n<meta name=\"description\" content=\"At Ronald Fletcher Baker, we strongly believe that by fostering an approach which supports diversity, embeds equity, and promotes inclusion is an\" \/>\n<meta name=\"robots\" content=\"index, follow, max-snippet:-1, max-image-preview:large, max-video-preview:-1\" \/>\n<link rel=\"canonical\" href=\"https:\/\/rfblegal.co.uk\/tr\/cesitlilik\/\" \/>\n<meta property=\"og:locale\" content=\"tr_TR\" \/>\n<meta property=\"og:type\" content=\"article\" \/>\n<meta property=\"og:title\" content=\"Diversity - RFB Legal\" \/>\n<meta property=\"og:description\" content=\"At Ronald Fletcher Baker, we strongly believe that by fostering an approach which supports diversity, embeds equity, and promotes inclusion is an\" \/>\n<meta property=\"og:url\" content=\"https:\/\/rfblegal.co.uk\/tr\/cesitlilik\/\" \/>\n<meta property=\"og:site_name\" content=\"RFB Legal\" \/>\n<meta property=\"article:publisher\" content=\"https:\/\/www.facebook.com\/RFBLegal\/\" \/>\n<meta property=\"article:modified_time\" content=\"2025-07-02T09:35:55+00:00\" \/>\n<meta property=\"og:image\" content=\"https:\/\/rfblegal.co.uk\/wp-content\/uploads\/2024\/02\/Employment.jpg\" \/>\n\t<meta property=\"og:image:width\" content=\"1440\" \/>\n\t<meta property=\"og:image:height\" content=\"550\" \/>\n\t<meta property=\"og:image:type\" content=\"image\/jpeg\" \/>\n<meta name=\"twitter:card\" content=\"summary_large_image\" \/>\n<meta name=\"twitter:label1\" content=\"Est. reading time\" \/>\n\t<meta name=\"twitter:data1\" content=\"2 dakika\" \/>\n<script type=\"application\/ld+json\" class=\"yoast-schema-graph\">{\"@context\":\"https:\/\/schema.org\",\"@graph\":[{\"@type\":\"WebPage\",\"@id\":\"https:\/\/rfblegal.co.uk\/diversity\/\",\"url\":\"https:\/\/rfblegal.co.uk\/diversity\/\",\"name\":\"Diversity - RFB Legal\",\"isPartOf\":{\"@id\":\"https:\/\/rfblegal.co.uk\/#website\"},\"primaryImageOfPage\":{\"@id\":\"https:\/\/rfblegal.co.uk\/diversity\/#primaryimage\"},\"image\":{\"@id\":\"https:\/\/rfblegal.co.uk\/diversity\/#primaryimage\"},\"thumbnailUrl\":\"https:\/\/rfblegal.co.uk\/wp-content\/uploads\/2024\/02\/Employment.jpg\",\"datePublished\":\"2024-02-21T15:43:30+00:00\",\"dateModified\":\"2025-07-02T09:35:55+00:00\",\"description\":\"At Ronald Fletcher Baker, we strongly believe that by fostering an approach which supports diversity, embeds equity, and promotes inclusion is an\",\"breadcrumb\":{\"@id\":\"https:\/\/rfblegal.co.uk\/diversity\/#breadcrumb\"},\"inLanguage\":\"tr\",\"potentialAction\":[{\"@type\":\"ReadAction\",\"target\":[\"https:\/\/rfblegal.co.uk\/diversity\/\"]}]},{\"@type\":\"ImageObject\",\"inLanguage\":\"tr\",\"@id\":\"https:\/\/rfblegal.co.uk\/diversity\/#primaryimage\",\"url\":\"https:\/\/rfblegal.co.uk\/wp-content\/uploads\/2024\/02\/Employment.jpg\",\"contentUrl\":\"https:\/\/rfblegal.co.uk\/wp-content\/uploads\/2024\/02\/Employment.jpg\",\"width\":1440,\"height\":550},{\"@type\":\"BreadcrumbList\",\"@id\":\"https:\/\/rfblegal.co.uk\/diversity\/#breadcrumb\",\"itemListElement\":[{\"@type\":\"ListItem\",\"position\":1,\"name\":\"Home\",\"item\":\"https:\/\/rfblegal.co.uk\/\"},{\"@type\":\"ListItem\",\"position\":2,\"name\":\"Diversity\"}]},{\"@type\":\"WebSite\",\"@id\":\"https:\/\/rfblegal.co.uk\/#website\",\"url\":\"https:\/\/rfblegal.co.uk\/\",\"name\":\"RFB Legal\",\"description\":\"\",\"publisher\":{\"@id\":\"https:\/\/rfblegal.co.uk\/#organization\"},\"potentialAction\":[{\"@type\":\"SearchAction\",\"target\":{\"@type\":\"EntryPoint\",\"urlTemplate\":\"https:\/\/rfblegal.co.uk\/?s={search_term_string}\"},\"query-input\":{\"@type\":\"PropertyValueSpecification\",\"valueRequired\":true,\"valueName\":\"search_term_string\"}}],\"inLanguage\":\"tr\"},{\"@type\":\"Organization\",\"@id\":\"https:\/\/rfblegal.co.uk\/#organization\",\"name\":\"RFB Legal\",\"url\":\"https:\/\/rfblegal.co.uk\/\",\"logo\":{\"@type\":\"ImageObject\",\"inLanguage\":\"tr\",\"@id\":\"https:\/\/rfblegal.co.uk\/#\/schema\/logo\/image\/\",\"url\":\"https:\/\/rfblegal.co.uk\/wp-content\/uploads\/2024\/01\/header_company_logo.svg\",\"contentUrl\":\"https:\/\/rfblegal.co.uk\/wp-content\/uploads\/2024\/01\/header_company_logo.svg\",\"caption\":\"RFB Legal\"},\"image\":{\"@id\":\"https:\/\/rfblegal.co.uk\/#\/schema\/logo\/image\/\"},\"sameAs\":[\"https:\/\/www.facebook.com\/RFBLegal\/\",\"https:\/\/www.linkedin.com\/uas\/login?session_redirect=company2012282\",\"https:\/\/www.instagram.com\/rfb_legal\/\"]}]}<\/script>\n<!-- \/ Yoast SEO plugin. -->","yoast_head_json":{"title":"\u00c7e\u015fitlilik - RFB Hukuk","description":"Ronald Fletcher Baker olarak, \u00e7e\u015fitlili\u011fi destekleyen, e\u015fitli\u011fi benimseyen ve kapsay\u0131c\u0131l\u0131\u011f\u0131 te\u015fvik eden bir yakla\u015f\u0131m\u0131n","robots":{"index":"index","follow":"follow","max-snippet":"max-snippet:-1","max-image-preview":"max-image-preview:large","max-video-preview":"max-video-preview:-1"},"canonical":"https:\/\/rfblegal.co.uk\/tr\/cesitlilik\/","og_locale":"tr_TR","og_type":"article","og_title":"Diversity - RFB Legal","og_description":"At Ronald Fletcher Baker, we strongly believe that by fostering an approach which supports diversity, embeds equity, and promotes inclusion is an","og_url":"https:\/\/rfblegal.co.uk\/tr\/cesitlilik\/","og_site_name":"RFB Legal","article_publisher":"https:\/\/www.facebook.com\/RFBLegal\/","article_modified_time":"2025-07-02T09:35:55+00:00","og_image":[{"width":1440,"height":550,"url":"https:\/\/rfblegal.co.uk\/wp-content\/uploads\/2024\/02\/Employment.jpg","type":"image\/jpeg"}],"twitter_card":"summary_large_image","twitter_misc":{"Est. reading time":"2 dakika"},"schema":{"@context":"https:\/\/schema.org","@graph":[{"@type":"WebPage","@id":"https:\/\/rfblegal.co.uk\/diversity\/","url":"https:\/\/rfblegal.co.uk\/diversity\/","name":"\u00c7e\u015fitlilik - RFB Hukuk","isPartOf":{"@id":"https:\/\/rfblegal.co.uk\/#website"},"primaryImageOfPage":{"@id":"https:\/\/rfblegal.co.uk\/diversity\/#primaryimage"},"image":{"@id":"https:\/\/rfblegal.co.uk\/diversity\/#primaryimage"},"thumbnailUrl":"https:\/\/rfblegal.co.uk\/wp-content\/uploads\/2024\/02\/Employment.jpg","datePublished":"2024-02-21T15:43:30+00:00","dateModified":"2025-07-02T09:35:55+00:00","description":"Ronald Fletcher Baker olarak, \u00e7e\u015fitlili\u011fi destekleyen, e\u015fitli\u011fi benimseyen ve kapsay\u0131c\u0131l\u0131\u011f\u0131 te\u015fvik eden bir yakla\u015f\u0131m\u0131n","breadcrumb":{"@id":"https:\/\/rfblegal.co.uk\/diversity\/#breadcrumb"},"inLanguage":"tr","potentialAction":[{"@type":"ReadAction","target":["https:\/\/rfblegal.co.uk\/diversity\/"]}]},{"@type":"ImageObject","inLanguage":"tr","@id":"https:\/\/rfblegal.co.uk\/diversity\/#primaryimage","url":"https:\/\/rfblegal.co.uk\/wp-content\/uploads\/2024\/02\/Employment.jpg","contentUrl":"https:\/\/rfblegal.co.uk\/wp-content\/uploads\/2024\/02\/Employment.jpg","width":1440,"height":550},{"@type":"BreadcrumbList","@id":"https:\/\/rfblegal.co.uk\/diversity\/#breadcrumb","itemListElement":[{"@type":"ListItem","position":1,"name":"Home","item":"https:\/\/rfblegal.co.uk\/"},{"@type":"ListItem","position":2,"name":"Diversity"}]},{"@type":"WebSite","@id":"https:\/\/rfblegal.co.uk\/#website","url":"https:\/\/rfblegal.co.uk\/","name":"RFB Hukuk","description":"","publisher":{"@id":"https:\/\/rfblegal.co.uk\/#organization"},"potentialAction":[{"@type":"SearchAction","target":{"@type":"EntryPoint","urlTemplate":"https:\/\/rfblegal.co.uk\/?s={search_term_string}"},"query-input":{"@type":"PropertyValueSpecification","valueRequired":true,"valueName":"search_term_string"}}],"inLanguage":"tr"},{"@type":"Organization","@id":"https:\/\/rfblegal.co.uk\/#organization","name":"RFB Hukuk","url":"https:\/\/rfblegal.co.uk\/","logo":{"@type":"ImageObject","inLanguage":"tr","@id":"https:\/\/rfblegal.co.uk\/#\/schema\/logo\/image\/","url":"https:\/\/rfblegal.co.uk\/wp-content\/uploads\/2024\/01\/header_company_logo.svg","contentUrl":"https:\/\/rfblegal.co.uk\/wp-content\/uploads\/2024\/01\/header_company_logo.svg","caption":"RFB Legal"},"image":{"@id":"https:\/\/rfblegal.co.uk\/#\/schema\/logo\/image\/"},"sameAs":["https:\/\/www.facebook.com\/RFBLegal\/","https:\/\/www.linkedin.com\/uas\/login?session_redirect=company2012282","https:\/\/www.instagram.com\/rfb_legal\/"]}]}},"_links":{"self":[{"href":"https:\/\/rfblegal.co.uk\/tr\/wp-json\/wp\/v2\/pages\/2429","targetHints":{"allow":["GET"]}}],"collection":[{"href":"https:\/\/rfblegal.co.uk\/tr\/wp-json\/wp\/v2\/pages"}],"about":[{"href":"https:\/\/rfblegal.co.uk\/tr\/wp-json\/wp\/v2\/types\/page"}],"author":[{"embeddable":true,"href":"https:\/\/rfblegal.co.uk\/tr\/wp-json\/wp\/v2\/users\/5"}],"replies":[{"embeddable":true,"href":"https:\/\/rfblegal.co.uk\/tr\/wp-json\/wp\/v2\/comments?post=2429"}],"version-history":[{"count":0,"href":"https:\/\/rfblegal.co.uk\/tr\/wp-json\/wp\/v2\/pages\/2429\/revisions"}],"wp:featuredmedia":[{"embeddable":true,"href":"https:\/\/rfblegal.co.uk\/tr\/wp-json\/wp\/v2\/media\/2822"}],"wp:attachment":[{"href":"https:\/\/rfblegal.co.uk\/tr\/wp-json\/wp\/v2\/media?parent=2429"}],"curies":[{"name":"wp","href":"https:\/\/api.w.org\/{rel}","templated":true}]}}