{"id":2423,"date":"2024-02-21T15:42:08","date_gmt":"2024-02-21T15:42:08","guid":{"rendered":"https:\/\/rfblegal.co.uk\/?page_id=2423"},"modified":"2024-02-23T11:00:19","modified_gmt":"2024-02-23T11:00:19","slug":"ciddi-suc-savunmasi","status":"publish","type":"page","link":"https:\/\/rfblegal.co.uk\/tr\/hizmetler\/ki%cc%87si%cc%87sel-hukuk\/ceza-davalari\/ciddi-suc-savunmasi\/","title":{"rendered":"A\u011f\u0131r Su\u00e7 Savunmas\u0131"},"content":{"rendered":"<h2 class=\"wp-block-heading has-2-xl-font-size\" style=\"padding-top:var(--wp--preset--spacing--20);padding-bottom:var(--wp--preset--spacing--20);font-style:normal;font-weight:600\">A\u011f\u0131r Ceza Davalar\u0131<\/h2>\n\n\n\n<h4 class=\"wp-block-heading has-lg-font-size\" style=\"padding-top:var(--wp--preset--spacing--20);padding-bottom:var(--wp--preset--spacing--20);font-style:normal;font-weight:500\"><strong>Ronald Fletcher Baker LLP, a\u011f\u0131r su\u00e7lar alan\u0131nda k\u00f6kl\u00fc ve y\u00fcksek profilli bir liderdir. Alan\u0131nda benzersiz bir kalite sunarak rutin olarak en y\u00fcksek b\u00fcy\u00fckl\u00fckteki davalarla ilgileniyoruz.<\/strong><\/h4>\n\n\n\n<p style=\"padding-top:var(--wp--preset--spacing--20);padding-bottom:var(--wp--preset--spacing--20)\">Onlarca y\u0131ll\u0131k deneyime dayanan departman, elde edilen sonu\u00e7lara tutarl\u0131 bir \u015fekilde yans\u0131yan m\u00fckemmellik konusunda uluslararas\u0131 bir \u00fcne sahiptir.<\/p>\n\n\n\n<p style=\"padding-top:var(--wp--preset--spacing--20);padding-bottom:var(--wp--preset--spacing--20)\">M\u00fcvekkillerimizi karakol sorgular\u0131nda, Sulh Ceza Mahkemelerinde ve Kraliyet Mahkemelerinde temsil ediyor, her a\u015famada sa\u011flam ve stratejik bir savunma sunuyoruz. Bu t\u00fcr davalarla kar\u015f\u0131 kar\u015f\u0131ya kalman\u0131n itibar ve mesleki sonu\u00e7lar\u0131n\u0131n son derece bilincindeyiz ve bu zarar\u0131n etkisini azaltmaya y\u00f6nelik yakla\u015f\u0131m\u0131m\u0131z\u0131n bir par\u00e7as\u0131 olarak, medyay\u0131 ele alma ve uygun dava stratejilerini benimseme konusunda tavsiyelerde bulunmak ve taktikler uygulamaktay\u0131z.<\/p>\n\n\n\n<p style=\"padding-top:var(--wp--preset--spacing--20);padding-bottom:var(--wp--preset--spacing--20)\">Dijital veriler, cep telefonu kan\u0131tlar\u0131 ve multimedya i\u00e7erikleri art\u0131k \u00e7o\u011fu ciddi ceza davas\u0131n\u0131n temel bile\u015fenlerini olu\u015fturuyor. M\u00fcvekkillerimize yard\u0131mc\u0131 olmak amac\u0131yla b\u00fcy\u00fck miktarda veriyi \u00f6z\u00fcmsemek ve de\u011ferlendirmek i\u00e7in sofistike dava haz\u0131rlama y\u00f6ntemleri uyguluyoruz. Y\u00fcksek oranda ba\u015far\u0131l\u0131 beraat kararlar\u0131, genellikle savc\u0131l\u0131\u011f\u0131n davas\u0131ndaki zay\u0131fl\u0131klara dayanan yasal sunumlardan kaynaklanmaktad\u0131r.<\/p>\n\n\n\n<p style=\"padding-top:var(--wp--preset--spacing--20);padding-bottom:var(--wp--preset--spacing--20)\">Profesyonel ve ticari ge\u00e7mi\u015fleri olan bireyler, \u00f6nde gelen h\u00fck\u00fcmet yetkilileri ve spor, medya ve e\u011flence end\u00fcstrilerinde yer alan ki\u015filer i\u00e7in en \u00fcst d\u00fczeyde hassasiyet gerektiren konularda hareket ediyoruz.<\/p>","protected":false},"excerpt":{"rendered":"<p>Serious Criminal Litigation Ronald Fletcher Baker LLP is a long-established and high profile leader in serious crime. We routinely deal with cases of the highest magnitude, offering unparalleled quality in the field. Drawing upon decades of experience, the department enjoys an international reputation for excellence consistently reflected in the results achieved. We represent clients at &hellip; <a href=\"https:\/\/rfblegal.co.uk\/tr\/hizmetler\/ki%cc%87si%cc%87sel-hukuk\/ceza-davalari\/ciddi-suc-savunmasi\/\">Devam\u0131<\/a><\/p>","protected":false},"author":1,"featured_media":0,"parent":2402,"menu_order":0,"comment_status":"closed","ping_status":"closed","template":"tier3-template.blade.php","meta":{"_acf_changed":false,"om_disable_all_campaigns":false,"_uf_show_specific_survey":0,"_uf_disable_surveys":false,"footnotes":""},"class_list":["post-2423","page","type-page","status-publish","hentry"],"acf":[],"aioseo_notices":[],"yoast_head":"<!-- This site is optimized with the Yoast SEO plugin v27.2 - https:\/\/yoast.com\/product\/yoast-seo-wordpress\/ -->\n<title>Serious Crime Defence - RFB Legal<\/title>\n<meta name=\"description\" content=\"Serious Criminal Litigation Ronald Fletcher Baker LLP is a long-established and high profile leader in serious crime. We routinely deal with cases of the\" \/>\n<meta name=\"robots\" content=\"index, follow, max-snippet:-1, max-image-preview:large, max-video-preview:-1\" \/>\n<link rel=\"canonical\" href=\"https:\/\/rfblegal.co.uk\/tr\/hizmetler\/ki\u0307si\u0307sel-hukuk\/ceza-davalari\/ciddi-suc-savunmasi\/\" \/>\n<meta property=\"og:locale\" content=\"tr_TR\" \/>\n<meta property=\"og:type\" content=\"article\" \/>\n<meta property=\"og:title\" content=\"Serious Crime Defence - RFB Legal\" \/>\n<meta property=\"og:description\" content=\"Serious Criminal Litigation Ronald Fletcher Baker LLP is a long-established and high profile leader in serious crime. We routinely deal with cases of the\" \/>\n<meta property=\"og:url\" content=\"https:\/\/rfblegal.co.uk\/tr\/hizmetler\/ki\u0307si\u0307sel-hukuk\/ceza-davalari\/ciddi-suc-savunmasi\/\" \/>\n<meta property=\"og:site_name\" content=\"RFB Legal\" \/>\n<meta property=\"article:publisher\" content=\"https:\/\/www.facebook.com\/RFBLegal\/\" \/>\n<meta property=\"article:modified_time\" content=\"2024-02-23T11:00:19+00:00\" \/>\n<meta name=\"twitter:card\" content=\"summary_large_image\" \/>\n<meta name=\"twitter:label1\" content=\"Est. reading time\" \/>\n\t<meta name=\"twitter:data1\" content=\"1 minute\" \/>\n<script type=\"application\/ld+json\" class=\"yoast-schema-graph\">{\"@context\":\"https:\/\/schema.org\",\"@graph\":[{\"@type\":\"WebPage\",\"@id\":\"https:\/\/rfblegal.co.uk\/services\/personal-law\/criminal-litigation\/serious-crime-defence\/\",\"url\":\"https:\/\/rfblegal.co.uk\/services\/personal-law\/criminal-litigation\/serious-crime-defence\/\",\"name\":\"Serious Crime Defence - RFB Legal\",\"isPartOf\":{\"@id\":\"https:\/\/rfblegal.co.uk\/#website\"},\"datePublished\":\"2024-02-21T15:42:08+00:00\",\"dateModified\":\"2024-02-23T11:00:19+00:00\",\"description\":\"Serious Criminal Litigation Ronald Fletcher Baker LLP is a long-established and high profile leader in serious crime. We routinely deal with cases of the\",\"breadcrumb\":{\"@id\":\"https:\/\/rfblegal.co.uk\/services\/personal-law\/criminal-litigation\/serious-crime-defence\/#breadcrumb\"},\"inLanguage\":\"tr-TR\",\"potentialAction\":[{\"@type\":\"ReadAction\",\"target\":[\"https:\/\/rfblegal.co.uk\/services\/personal-law\/criminal-litigation\/serious-crime-defence\/\"]}]},{\"@type\":\"BreadcrumbList\",\"@id\":\"https:\/\/rfblegal.co.uk\/services\/personal-law\/criminal-litigation\/serious-crime-defence\/#breadcrumb\",\"itemListElement\":[{\"@type\":\"ListItem\",\"position\":1,\"name\":\"Home\",\"item\":\"https:\/\/rfblegal.co.uk\/\"},{\"@type\":\"ListItem\",\"position\":2,\"name\":\"Services\",\"item\":\"https:\/\/rfblegal.co.uk\/services\/\"},{\"@type\":\"ListItem\",\"position\":3,\"name\":\"Personal Law Services\",\"item\":\"https:\/\/rfblegal.co.uk\/services\/personal-law\/\"},{\"@type\":\"ListItem\",\"position\":4,\"name\":\"Criminal Litigation\",\"item\":\"https:\/\/rfblegal.co.uk\/services\/personal-law\/criminal-litigation\/\"},{\"@type\":\"ListItem\",\"position\":5,\"name\":\"Serious Crime Defence\"}]},{\"@type\":\"WebSite\",\"@id\":\"https:\/\/rfblegal.co.uk\/#website\",\"url\":\"https:\/\/rfblegal.co.uk\/\",\"name\":\"RFB Legal\",\"description\":\"\",\"publisher\":{\"@id\":\"https:\/\/rfblegal.co.uk\/#organization\"},\"potentialAction\":[{\"@type\":\"SearchAction\",\"target\":{\"@type\":\"EntryPoint\",\"urlTemplate\":\"https:\/\/rfblegal.co.uk\/?s={search_term_string}\"},\"query-input\":{\"@type\":\"PropertyValueSpecification\",\"valueRequired\":true,\"valueName\":\"search_term_string\"}}],\"inLanguage\":\"tr-TR\"},{\"@type\":\"Organization\",\"@id\":\"https:\/\/rfblegal.co.uk\/#organization\",\"name\":\"RFB Legal\",\"url\":\"https:\/\/rfblegal.co.uk\/\",\"logo\":{\"@type\":\"ImageObject\",\"inLanguage\":\"tr-TR\",\"@id\":\"https:\/\/rfblegal.co.uk\/#\/schema\/logo\/image\/\",\"url\":\"https:\/\/rfblegal.co.uk\/wp-content\/uploads\/2024\/01\/header_company_logo.svg\",\"contentUrl\":\"https:\/\/rfblegal.co.uk\/wp-content\/uploads\/2024\/01\/header_company_logo.svg\",\"caption\":\"RFB Legal\"},\"image\":{\"@id\":\"https:\/\/rfblegal.co.uk\/#\/schema\/logo\/image\/\"},\"sameAs\":[\"https:\/\/www.facebook.com\/RFBLegal\/\",\"https:\/\/www.linkedin.com\/uas\/login?session_redirect=company2012282\",\"https:\/\/www.instagram.com\/rfb_legal\/\"]}]}<\/script>\n<!-- \/ Yoast SEO plugin. -->","yoast_head_json":{"title":"A\u011f\u0131r Su\u00e7 Savunmas\u0131 - RFB Legal","description":"A\u011f\u0131r Ceza Davalar\u0131 Ronald Fletcher Baker LLP, a\u011f\u0131r su\u00e7lar alan\u0131nda k\u00f6kl\u00fc ve y\u00fcksek profilli bir liderdir. Rutin olarak \u015fu davalarla ilgileniyoruz","robots":{"index":"index","follow":"follow","max-snippet":"max-snippet:-1","max-image-preview":"max-image-preview:large","max-video-preview":"max-video-preview:-1"},"canonical":"https:\/\/rfblegal.co.uk\/tr\/hizmetler\/ki\u0307si\u0307sel-hukuk\/ceza-davalari\/ciddi-suc-savunmasi\/","og_locale":"tr_TR","og_type":"article","og_title":"Serious Crime Defence - RFB Legal","og_description":"Serious Criminal Litigation Ronald Fletcher Baker LLP is a long-established and high profile leader in serious crime. We routinely deal with cases of the","og_url":"https:\/\/rfblegal.co.uk\/tr\/hizmetler\/ki\u0307si\u0307sel-hukuk\/ceza-davalari\/ciddi-suc-savunmasi\/","og_site_name":"RFB Legal","article_publisher":"https:\/\/www.facebook.com\/RFBLegal\/","article_modified_time":"2024-02-23T11:00:19+00:00","twitter_card":"summary_large_image","twitter_misc":{"Est. reading time":"1 minute"},"schema":{"@context":"https:\/\/schema.org","@graph":[{"@type":"WebPage","@id":"https:\/\/rfblegal.co.uk\/services\/personal-law\/criminal-litigation\/serious-crime-defence\/","url":"https:\/\/rfblegal.co.uk\/services\/personal-law\/criminal-litigation\/serious-crime-defence\/","name":"A\u011f\u0131r Su\u00e7 Savunmas\u0131 - RFB Legal","isPartOf":{"@id":"https:\/\/rfblegal.co.uk\/#website"},"datePublished":"2024-02-21T15:42:08+00:00","dateModified":"2024-02-23T11:00:19+00:00","description":"A\u011f\u0131r Ceza Davalar\u0131 Ronald Fletcher Baker LLP, a\u011f\u0131r su\u00e7lar alan\u0131nda k\u00f6kl\u00fc ve y\u00fcksek profilli bir liderdir. Rutin olarak \u015fu davalarla ilgileniyoruz","breadcrumb":{"@id":"https:\/\/rfblegal.co.uk\/services\/personal-law\/criminal-litigation\/serious-crime-defence\/#breadcrumb"},"inLanguage":"tr-TR","potentialAction":[{"@type":"ReadAction","target":["https:\/\/rfblegal.co.uk\/services\/personal-law\/criminal-litigation\/serious-crime-defence\/"]}]},{"@type":"BreadcrumbList","@id":"https:\/\/rfblegal.co.uk\/services\/personal-law\/criminal-litigation\/serious-crime-defence\/#breadcrumb","itemListElement":[{"@type":"ListItem","position":1,"name":"Home","item":"https:\/\/rfblegal.co.uk\/"},{"@type":"ListItem","position":2,"name":"Services","item":"https:\/\/rfblegal.co.uk\/services\/"},{"@type":"ListItem","position":3,"name":"Personal Law Services","item":"https:\/\/rfblegal.co.uk\/services\/personal-law\/"},{"@type":"ListItem","position":4,"name":"Criminal Litigation","item":"https:\/\/rfblegal.co.uk\/services\/personal-law\/criminal-litigation\/"},{"@type":"ListItem","position":5,"name":"Serious Crime Defence"}]},{"@type":"WebSite","@id":"https:\/\/rfblegal.co.uk\/#website","url":"https:\/\/rfblegal.co.uk\/","name":"RFB Hukuk","description":"","publisher":{"@id":"https:\/\/rfblegal.co.uk\/#organization"},"potentialAction":[{"@type":"SearchAction","target":{"@type":"EntryPoint","urlTemplate":"https:\/\/rfblegal.co.uk\/?s={search_term_string}"},"query-input":{"@type":"PropertyValueSpecification","valueRequired":true,"valueName":"search_term_string"}}],"inLanguage":"tr-TR"},{"@type":"Organization","@id":"https:\/\/rfblegal.co.uk\/#organization","name":"RFB Hukuk","url":"https:\/\/rfblegal.co.uk\/","logo":{"@type":"ImageObject","inLanguage":"tr-TR","@id":"https:\/\/rfblegal.co.uk\/#\/schema\/logo\/image\/","url":"https:\/\/rfblegal.co.uk\/wp-content\/uploads\/2024\/01\/header_company_logo.svg","contentUrl":"https:\/\/rfblegal.co.uk\/wp-content\/uploads\/2024\/01\/header_company_logo.svg","caption":"RFB Legal"},"image":{"@id":"https:\/\/rfblegal.co.uk\/#\/schema\/logo\/image\/"},"sameAs":["https:\/\/www.facebook.com\/RFBLegal\/","https:\/\/www.linkedin.com\/uas\/login?session_redirect=company2012282","https:\/\/www.instagram.com\/rfb_legal\/"]}]}},"_links":{"self":[{"href":"https:\/\/rfblegal.co.uk\/tr\/wp-json\/wp\/v2\/pages\/2423","targetHints":{"allow":["GET"]}}],"collection":[{"href":"https:\/\/rfblegal.co.uk\/tr\/wp-json\/wp\/v2\/pages"}],"about":[{"href":"https:\/\/rfblegal.co.uk\/tr\/wp-json\/wp\/v2\/types\/page"}],"author":[{"embeddable":true,"href":"https:\/\/rfblegal.co.uk\/tr\/wp-json\/wp\/v2\/users\/1"}],"replies":[{"embeddable":true,"href":"https:\/\/rfblegal.co.uk\/tr\/wp-json\/wp\/v2\/comments?post=2423"}],"version-history":[{"count":0,"href":"https:\/\/rfblegal.co.uk\/tr\/wp-json\/wp\/v2\/pages\/2423\/revisions"}],"up":[{"embeddable":true,"href":"https:\/\/rfblegal.co.uk\/tr\/wp-json\/wp\/v2\/pages\/2402"}],"wp:attachment":[{"href":"https:\/\/rfblegal.co.uk\/tr\/wp-json\/wp\/v2\/media?parent=2423"}],"curies":[{"name":"wp","href":"https:\/\/api.w.org\/{rel}","templated":true}]}}