{"id":2402,"date":"2024-02-21T15:36:25","date_gmt":"2024-02-21T15:36:25","guid":{"rendered":"https:\/\/rfblegal.co.uk\/?page_id=2402"},"modified":"2024-03-07T12:41:00","modified_gmt":"2024-03-07T12:41:00","slug":"ceza-davalari","status":"publish","type":"page","link":"https:\/\/rfblegal.co.uk\/tr\/hizmetler\/ki%cc%87si%cc%87sel-hukuk\/ceza-davalari\/","title":{"rendered":"Ceza Davalar\u0131"},"content":{"rendered":"<h2 class=\"wp-block-heading has-2-xl-font-size\" style=\"padding-top:var(--wp--preset--spacing--20);padding-bottom:var(--wp--preset--spacing--20);font-style:normal;font-weight:600\">Ceza Davalar\u0131<\/h2>\n\n\n\n<h4 class=\"wp-block-heading has-lg-font-size\" style=\"padding-top:var(--wp--preset--spacing--20);padding-bottom:var(--wp--preset--spacing--20);font-style:normal;font-weight:500\"><strong>Y\u00fcksek s\u0131ralamada\u00a0<a href=\"https:\/\/www.legal500.com\/firms\/2899-ronald-fletcher-baker-llp\/2752-london-england\/\">Legal 500<\/a>\u00a0Ronald Fletcher Baker LLP, bu alandaki 75 y\u0131l\u0131 a\u015fk\u0131n deneyimiyle Birle\u015fik Krall\u0131k'\u0131n \u00f6nde gelen ceza davas\u0131 firmalar\u0131ndan biridir.<\/strong><\/h4>\n\n\n\n<p style=\"padding-top:var(--wp--preset--spacing--20);padding-bottom:var(--wp--preset--spacing--20)\">Our team of specialist lawyers provide a dynamic and strategic service to corporates and individuals requiring advice on business and financial crime, complex fraud and regulatory matters.<\/p>\n\n\n\n<p style=\"padding-top:var(--wp--preset--spacing--20);padding-bottom:var(--wp--preset--spacing--20)\">Ronald Fletcher Baker LLP, m\u00fckemmellik konusunda uluslararas\u0131 bir \u00fcne sahiptir ve firma, t\u00fcm soru\u015fturma ve kovu\u015fturma makamlar\u0131yla ihtilafa d\u00fc\u015fen m\u00fc\u015fteriler i\u00e7in hareket etmektedir.<\/p>\n\n\n\n<p style=\"padding-top:var(--wp--preset--spacing--20);padding-bottom:var(--wp--preset--spacing--20)\">T\u00fcrkiye'de lider&nbsp;<a href=\"https:\/\/rfblegal.co.uk\/index.php\/litigation\/criminal-litigation\/investigations\">soru\u015fturma deste\u011fi<\/a>, Avukatlar\u0131m\u0131z, m\u00fcvekkillerimize g\u00f6zalt\u0131nda yap\u0131lan sorgulamalarda ve dava s\u00fcreci boyunca yard\u0131mc\u0131 olmaktad\u0131r. \u0130ster karakolda g\u00f6zalt\u0131nda, ister gayri resmi olarak sorgulanm\u0131\u015f, ister kefaletle serbest b\u0131rak\u0131lm\u0131\u015f ya da soru\u015fturma kapsam\u0131nda serbest b\u0131rak\u0131lm\u0131\u015f olsun, polis, HMRC, Finansal Davran\u0131\u015f Otoritesi, Ciddi Doland\u0131r\u0131c\u0131l\u0131k Ofisi, yerel konseyler, \u0130flas Servisi ve di\u011fer yetkililer taraf\u0131ndan yap\u0131lan soru\u015fturmalara direnmek i\u00e7in benzersiz ve olumlu bir yakla\u015f\u0131m sunuyoruz. Becerilerimiz, mahkeme s\u00fcreci ba\u015flamadan \u00f6nce h\u0131zl\u0131 bir \u00e7\u00f6z\u00fcm getirmeye odaklanm\u0131\u015ft\u0131r.<\/p>\n\n\n\n<p style=\"padding-top:var(--wp--preset--spacing--20);padding-bottom:var(--wp--preset--spacing--20)\">Mali konular uzmanl\u0131k alan\u0131m\u0131zd\u0131r.&nbsp;<a href=\"https:\/\/rfblegal.co.uk\/index.php\/litigation\/criminal-litigation\/confiscation-and-asset-forfeiture\">Hesap Dondurma ve El Koyma Emirleri<\/a>,&nbsp;<a href=\"https:\/\/rfblegal.co.uk\/index.php\/litigation\/criminal-litigation\/cash-asset-seizures-restraint-orders\">nakit hacizleri<\/a>,&nbsp;<a href=\"https:\/\/rfblegal.co.uk\/index.php\/litigation\/criminal-litigation\/cash-asset-seizures-restraint-orders\">k\u0131s\u0131tlama emirleri<\/a>&nbsp;ve&nbsp;<a href=\"https:\/\/rfblegal.co.uk\/index.php\/litigation\/criminal-litigation\/proceeds-of-crime-and-money-laundering\">su\u00e7 gelirlerine el koyma kararlar\u0131<\/a>&nbsp;hepsi d\u00fczenli uygulama alanlar\u0131n\u0131 olu\u015fturmaktad\u0131r. Olarak tan\u0131mlanan \u201c<em>m\u00fc\u015fterilere kar\u015f\u0131 kararl\u0131 ve m\u00fckemmel<\/em>\u201d firma \u201c<em>y\u00fcksek de\u011ferli, karma\u015f\u0131k s\u0131n\u0131r \u00f6tesi uyu\u015fmazl\u0131klardaki deneyimi ile tan\u0131n\u0131r<\/em>\u201d.<\/p>\n\n\n\n<p style=\"padding-top:var(--wp--preset--spacing--20);padding-bottom:var(--wp--preset--spacing--20)\">Sulh Ceza Mahkemeleri ve Kraliyet Mahkemelerinde ekibimiz taktiksel ve adli bir yakla\u015f\u0131m benimseyerek m\u00fcvekkillerimizin s\u00fcreci y\u00f6netmelerine ve zarar verici sonu\u00e7lardan ka\u00e7\u0131nmalar\u0131na destek olmaktad\u0131r. Alan\u0131nda k\u00f6kl\u00fc bir ge\u00e7mi\u015fe sahip olan profesyonel a\u011f\u0131m\u0131z, birinci s\u0131n\u0131f avukatlar\u0131n ve uzmanlar\u0131n g\u00f6revlendirilmesini sa\u011flamaktad\u0131r.<\/p>\n\n\n\n<p style=\"padding-top:var(--wp--preset--spacing--20);padding-bottom:var(--wp--preset--spacing--20)\">Ekip, \u201c<em>muazzam yetenekli<\/em>\u201d, \u201c<em>emin ayakl\u0131<\/em>\u201d, \u201c<em>\u00d6RNEK<\/em>\u201d ve \u00e7al\u0131\u015fan avukatlara sahip olmak \u201c<em>yorulmadan<\/em>\u201d giderken \u201c<em>M\u00fc\u015fterileri i\u00e7in en iyi sonucu sa\u011flamak i\u00e7in her \u015feyin \u00f6tesine ge\u00e7erler<\/em>\u201d.<\/p>\n\n\n\n<p style=\"padding-top:var(--wp--preset--spacing--20);padding-bottom:var(--wp--preset--spacing--20)\">M\u00fcvekkillerimiz aras\u0131nda h\u00fck\u00fcmetler, \u015firketler ve profesyonel bireyler bulunmaktad\u0131r. Kurumsal ve Ticari Davalar Departman\u0131m\u0131zla yak\u0131n i\u015fbirli\u011fi i\u00e7inde \u00e7al\u0131\u015farak, m\u00fcvekkillerimizi karma\u015f\u0131k hukuki s\u00fcre\u00e7lerde y\u00f6nlendiriyor ve her zaman g\u00fcvence alt\u0131na al\u0131nm\u0131\u015f hizmet ve tavsiye standartlar\u0131 sunuyoruz.<\/p>\n\n\n\n<p style=\"padding-top:var(--wp--preset--spacing--20);padding-bottom:var(--wp--preset--spacing--20)\">\t\t\t\t\t\t<style>\r\n\t\t\t\t<style>\r\n#wpsm_accordion_2982 .wpsm_panel-heading{\r\n\tpadding:0px !important;\r\n}\r\n#wpsm_accordion_2982 .wpsm_panel-title {\r\n\tmargin:0px !important; \r\n\ttext-transform:none !important;\r\n\tline-height: 1 !important;\r\n}\r\n#wpsm_accordion_2982 .wpsm_panel-title a{\r\n\ttext-decoration:none;\r\n\toverflow:hidden;\r\n\tdisplay:block;\r\n\tpadding:0px;\r\n\tfont-size: 18px !important;\r\n\tfont-family: Open Sans !important;\r\n\tcolor:#000000 !important;\r\n\tborder-bottom:0px !important;\r\n}\r\n\r\n#wpsm_accordion_2982 .wpsm_panel-title a:focus {\r\noutline: 0px !important;\r\n}\r\n\r\n#wpsm_accordion_2982 .wpsm_panel-title a:hover, #wpsm_accordion_2982 .wpsm_panel-title a:focus {\r\n\tcolor:#000000 !important;\r\n}\r\n#wpsm_accordion_2982 .acc-a{\r\n\tcolor: #000000 !important;\r\n\tbackground-color:#e8e8e8 !important;\r\n\tborder-color: #ddd;\r\n}\r\n#wpsm_accordion_2982 .wpsm_panel-default > .wpsm_panel-heading{\r\n\tcolor: #000000 !important;\r\n\tbackground-color: #e8e8e8 !important;\r\n\tborder-color: #e8e8e8 !important;\r\n\tborder-top-left-radius: 0px;\r\n\tborder-top-right-radius: 0px;\r\n}\r\n#wpsm_accordion_2982 .wpsm_panel-default {\r\n\t\tborder:1px solid transparent !important;\r\n\t}\r\n#wpsm_accordion_2982 {\r\n\tmargin-bottom: 20px;\r\n\toverflow: hidden;\r\n\tfloat: none;\r\n\twidth: 100%;\r\n\tdisplay: block;\r\n}\r\n#wpsm_accordion_2982 .ac_title_class{\r\n\tdisplay: block;\r\n\tpadding-top: 12px;\r\n\tpadding-bottom: 12px;\r\n\tpadding-left: 15px;\r\n\tpadding-right: 15px;\r\n}\r\n#wpsm_accordion_2982  .wpsm_panel {\r\n\toverflow:hidden;\r\n\t-webkit-box-shadow: 0 0px 0px rgba(0, 0, 0, .05);\r\n\tbox-shadow: 0 0px 0px rgba(0, 0, 0, .05);\r\n\t\tborder-radius: 4px;\r\n\t}\r\n#wpsm_accordion_2982  .wpsm_panel + .wpsm_panel {\r\n\t\tmargin-top: 5px;\r\n\t}\r\n#wpsm_accordion_2982  .wpsm_panel-body{\r\n\tbackground-color:#ffffff !important;\r\n\tcolor:#000000 !important;\r\n\tborder-top-color: #e8e8e8 !important;\r\n\tfont-size:16px !important;\r\n\tfont-family: Open Sans !important;\r\n\toverflow: hidden;\r\n\t\tborder: 2px solid #e8e8e8 !important;\r\n\t}\r\n\r\n#wpsm_accordion_2982 .ac_open_cl_icon{\r\n\tbackground-color:#e8e8e8 !important;\r\n\tcolor: #000000 !important;\r\n\tfloat:right !important;\r\n\tpadding-top: 12px !important;\r\n\tpadding-bottom: 12px !important;\r\n\tline-height: 1.0 !important;\r\n\tpadding-left: 15px !important;\r\n\tpadding-right: 15px !important;\r\n\tdisplay: inline-block !important;\r\n}\r\n\r\n\t\t\t\r\n\t\t\t<\/style>\t\r\n\t\t\t<\/style>\r\n\t\t\t<div class=\"wpsm_panel-group\" id=\"wpsm_accordion_2982\" >\r\n\t\t\t\t\t\t\t\t\r\n\t\t\t\t\t<!-- Inner panel Start -->\r\n\t\t\t\t\t<div class=\"wpsm_panel wpsm_panel-default\">\r\n\t\t\t\t\t\t<div class=\"wpsm_panel-heading\" role=\"tab\" >\r\n\t\t\t\t\t\t  <h4 class=\"wpsm_panel-title\">\r\n\t\t\t\t\t\t\t<a  class=\"\"  data-toggle=\"collapse\" data-parent=\"#wpsm_accordion_2982 \" href=\"javascript:void(0)\" data-target=\"#ac_2982_collapse1\" onclick=\"do_resize()\">\r\n\t\t\t\t\t\t\t\t\t\t\t\t\t\t\t\t\t<span class=\"ac_open_cl_icon fa fa-minus\"><\/span>\r\n\t\t\t\t\t\t\t\t\t\r\n\t\t\t\t\t\t\t\t \r\n\t\t\t\t\t\t\t\t<span class=\"ac_title_class\">\r\n\t\t\t\t\t\t\t\t\tUZMANLIK :\t\t\t\t\t\t\t\t<\/span>\r\n\t\t\t\t\t\t\t<\/a>\r\n\t\t\t\t\t\t  <\/h4>\r\n\t\t\t\t\t\t<\/div>\r\n\t\t\t\t\t\t<div id=\"ac_2982_collapse1\" class=\"wpsm_panel-collapse collapse in\"  >\r\n\t\t\t\t\t\t  <div class=\"wpsm_panel-body\">\r\n\t\t\t\t\t\t\tDeneyimli ekibimiz a\u015fa\u011f\u0131daki konularda yard\u0131mc\u0131 olacak uzmanl\u0131\u011fa sahiptir:\r\n<ul>\r\n \t<li style=\"list-style-type: none\">\r\n<ul>\r\n \t<li>- Soru\u015fturmalar<\/li>\r\n \t<li>- Karma\u015f\u0131k doland\u0131r\u0131c\u0131l\u0131k ve mali su\u00e7lar<\/li>\r\n \t<li>- Su\u00e7 gelirleri ve kara para aklama<\/li>\r\n \t<li>- Hesap Dondurma ve El Koyma Emirleri<\/li>\r\n \t<li>- A\u00e7\u0131klanamayan Servet Emirleri (UWO'lar)<\/li>\r\n \t<li>- Ciddi ceza davalar\u0131<\/li>\r\n \t<li>- D\u00fczenleyici su\u00e7lar<\/li>\r\n \t<li>- Profesyonel disiplin<\/li>\r\n \t<li>- \u0130tibar y\u00f6netimi<\/li>\r\n \t<li>- R\u00fc\u015fvet ve Kara Para Aklamay\u0131 \u00d6nleme su\u00e7lar\u0131<\/li>\r\n \t<li>- Uluslararas\u0131 su\u00e7lar ve su\u00e7lular\u0131n iadesi<\/li>\r\n \t<li>- \u0130tirazlar<\/li>\r\n \t<li>- \u00d6zel kovu\u015fturmalar<\/li>\r\n \t<li>- Polis, yerel meclisler ve di\u011fer yetkililer taraf\u0131ndan yap\u0131lan soru\u015fturmalar<\/li>\r\n \t<li>- HMRC, FCA, \u0130flas Servisi ve SFO soru\u015fturmalar\u0131<\/li>\r\n<\/ul>\r\n<\/li>\r\n<\/ul>\t\t\t\t\t\t  <\/div>\r\n\t\t\t\t\t\t<\/div>\r\n\t\t\t\t\t<\/div>\r\n\t\t\t\t\t<!-- Inner panel End -->\r\n\t\t\t\t\t\r\n\t\t\t\t\t\t\t<\/div>\r\n\t\t\t\r\n<script type=\"text\/javascript\">\r\n\t\r\n\t\tfunction do_resize(){\r\n\r\n\t\t\tvar width=jQuery( '.wpsm_panel .wpsm_panel-body iframe' ).width();\r\n\t\t\tvar height=jQuery( '.wpsm_panel .wpsm_panel-body iframe' ).height();\r\n\r\n\t\t\tvar toggleSize = true;\r\n\t\t\tjQuery('iframe').animate({\r\n\t\t\t    width: toggleSize ? width : 640,\r\n\t\t\t    height: toggleSize ? height : 360\r\n\t\t\t  }, 250);\r\n\r\n\t\t\t  toggleSize = !toggleSize;\r\n\t\t}\r\n\t\t\r\n<\/script>\t<\/p>","protected":false},"excerpt":{"rendered":"<p>Criminal Litigation Highly ranked in\u00a0the Legal 500\u00a0and with more than\u00a075 years\u2019 experience in the field, Ronald Fletcher Baker LLP is one of the leading criminal litigation firms in the UK. Our team of specialist lawyers provide a dynamic and strategic service to corporates and individuals requiring advice on business and financial crime, complex fraud and &hellip; <a href=\"https:\/\/rfblegal.co.uk\/tr\/?p=2982\">Continued<\/a><\/p>","protected":false},"author":1,"featured_media":2977,"parent":357,"menu_order":0,"comment_status":"closed","ping_status":"closed","template":"tier2-template.blade.php","meta":{"_acf_changed":false,"om_disable_all_campaigns":false,"_uf_show_specific_survey":0,"_uf_disable_surveys":false,"footnotes":""},"class_list":["post-2402","page","type-page","status-publish","has-post-thumbnail","hentry"],"acf":[],"aioseo_notices":[],"yoast_head":"<!-- This site is optimized with the Yoast SEO plugin v27.2 - https:\/\/yoast.com\/product\/yoast-seo-wordpress\/ -->\n<title>Criminal Litigation - RFB Legal<\/title>\n<meta name=\"description\" content=\"Criminal Litigation Highly ranked in\u00a0the Legal 500\u00a0and with more than\u00a075 years\u2019 experience in the field, Ronald Fletcher Baker LLP is one of the leading\" \/>\n<meta name=\"robots\" content=\"index, follow, max-snippet:-1, max-image-preview:large, max-video-preview:-1\" \/>\n<link rel=\"canonical\" href=\"https:\/\/rfblegal.co.uk\/tr\/hizmetler\/ki\u0307si\u0307sel-hukuk\/ceza-davalari\/\" \/>\n<meta property=\"og:locale\" content=\"tr_TR\" \/>\n<meta property=\"og:type\" content=\"article\" \/>\n<meta property=\"og:title\" content=\"Criminal Litigation - RFB Legal\" \/>\n<meta property=\"og:description\" content=\"Criminal Litigation Highly ranked in\u00a0the Legal 500\u00a0and with more than\u00a075 years\u2019 experience in the field, Ronald Fletcher Baker LLP is one of the leading\" \/>\n<meta property=\"og:url\" content=\"https:\/\/rfblegal.co.uk\/tr\/hizmetler\/ki\u0307si\u0307sel-hukuk\/ceza-davalari\/\" \/>\n<meta property=\"og:site_name\" content=\"RFB Legal\" \/>\n<meta property=\"article:publisher\" content=\"https:\/\/www.facebook.com\/RFBLegal\/\" \/>\n<meta property=\"article:modified_time\" content=\"2024-03-07T12:41:00+00:00\" \/>\n<meta property=\"og:image\" content=\"https:\/\/rfblegal.co.uk\/wp-content\/uploads\/2024\/02\/Criminal_Litigation.jpg\" \/>\n\t<meta property=\"og:image:width\" content=\"1440\" \/>\n\t<meta property=\"og:image:height\" content=\"550\" \/>\n\t<meta property=\"og:image:type\" content=\"image\/jpeg\" \/>\n<meta name=\"twitter:card\" content=\"summary_large_image\" \/>\n<meta name=\"twitter:label1\" content=\"Est. reading time\" \/>\n\t<meta name=\"twitter:data1\" content=\"2 dakika\" \/>\n<script type=\"application\/ld+json\" class=\"yoast-schema-graph\">{\"@context\":\"https:\/\/schema.org\",\"@graph\":[{\"@type\":\"WebPage\",\"@id\":\"https:\/\/rfblegal.co.uk\/services\/personal-law\/criminal-litigation\/\",\"url\":\"https:\/\/rfblegal.co.uk\/services\/personal-law\/criminal-litigation\/\",\"name\":\"Criminal Litigation - RFB Legal\",\"isPartOf\":{\"@id\":\"https:\/\/rfblegal.co.uk\/#website\"},\"primaryImageOfPage\":{\"@id\":\"https:\/\/rfblegal.co.uk\/services\/personal-law\/criminal-litigation\/#primaryimage\"},\"image\":{\"@id\":\"https:\/\/rfblegal.co.uk\/services\/personal-law\/criminal-litigation\/#primaryimage\"},\"thumbnailUrl\":\"https:\/\/rfblegal.co.uk\/wp-content\/uploads\/2024\/02\/Criminal_Litigation.jpg\",\"datePublished\":\"2024-02-21T15:36:25+00:00\",\"dateModified\":\"2024-03-07T12:41:00+00:00\",\"description\":\"Criminal Litigation Highly ranked in\u00a0the Legal 500\u00a0and with more than\u00a075 years\u2019 experience in the field, Ronald Fletcher Baker LLP is one of the leading\",\"breadcrumb\":{\"@id\":\"https:\/\/rfblegal.co.uk\/services\/personal-law\/criminal-litigation\/#breadcrumb\"},\"inLanguage\":\"tr\",\"potentialAction\":[{\"@type\":\"ReadAction\",\"target\":[\"https:\/\/rfblegal.co.uk\/services\/personal-law\/criminal-litigation\/\"]}]},{\"@type\":\"ImageObject\",\"inLanguage\":\"tr\",\"@id\":\"https:\/\/rfblegal.co.uk\/services\/personal-law\/criminal-litigation\/#primaryimage\",\"url\":\"https:\/\/rfblegal.co.uk\/wp-content\/uploads\/2024\/02\/Criminal_Litigation.jpg\",\"contentUrl\":\"https:\/\/rfblegal.co.uk\/wp-content\/uploads\/2024\/02\/Criminal_Litigation.jpg\",\"width\":1440,\"height\":550},{\"@type\":\"BreadcrumbList\",\"@id\":\"https:\/\/rfblegal.co.uk\/services\/personal-law\/criminal-litigation\/#breadcrumb\",\"itemListElement\":[{\"@type\":\"ListItem\",\"position\":1,\"name\":\"Home\",\"item\":\"https:\/\/rfblegal.co.uk\/\"},{\"@type\":\"ListItem\",\"position\":2,\"name\":\"Services\",\"item\":\"https:\/\/rfblegal.co.uk\/services\/\"},{\"@type\":\"ListItem\",\"position\":3,\"name\":\"Personal Law Services\",\"item\":\"https:\/\/rfblegal.co.uk\/services\/personal-law\/\"},{\"@type\":\"ListItem\",\"position\":4,\"name\":\"Criminal Litigation\"}]},{\"@type\":\"WebSite\",\"@id\":\"https:\/\/rfblegal.co.uk\/#website\",\"url\":\"https:\/\/rfblegal.co.uk\/\",\"name\":\"RFB Legal\",\"description\":\"\",\"publisher\":{\"@id\":\"https:\/\/rfblegal.co.uk\/#organization\"},\"potentialAction\":[{\"@type\":\"SearchAction\",\"target\":{\"@type\":\"EntryPoint\",\"urlTemplate\":\"https:\/\/rfblegal.co.uk\/?s={search_term_string}\"},\"query-input\":{\"@type\":\"PropertyValueSpecification\",\"valueRequired\":true,\"valueName\":\"search_term_string\"}}],\"inLanguage\":\"tr\"},{\"@type\":\"Organization\",\"@id\":\"https:\/\/rfblegal.co.uk\/#organization\",\"name\":\"RFB Legal\",\"url\":\"https:\/\/rfblegal.co.uk\/\",\"logo\":{\"@type\":\"ImageObject\",\"inLanguage\":\"tr\",\"@id\":\"https:\/\/rfblegal.co.uk\/#\/schema\/logo\/image\/\",\"url\":\"https:\/\/rfblegal.co.uk\/wp-content\/uploads\/2024\/01\/header_company_logo.svg\",\"contentUrl\":\"https:\/\/rfblegal.co.uk\/wp-content\/uploads\/2024\/01\/header_company_logo.svg\",\"caption\":\"RFB Legal\"},\"image\":{\"@id\":\"https:\/\/rfblegal.co.uk\/#\/schema\/logo\/image\/\"},\"sameAs\":[\"https:\/\/www.facebook.com\/RFBLegal\/\",\"https:\/\/www.linkedin.com\/uas\/login?session_redirect=company2012282\",\"https:\/\/www.instagram.com\/rfb_legal\/\"]}]}<\/script>\n<!-- \/ Yoast SEO plugin. -->","yoast_head_json":{"title":"Ceza Davalar\u0131 - RFB Legal","description":"Ceza Davalar\u0131 Legal 500\u2019de \u00fcst s\u0131ralarda yer alan ve alan\u0131nda 75 y\u0131l\u0131 a\u015fk\u0131n deneyime sahip olan Ronald Fletcher Baker LLP, T\u00fcrkiye'nin \u00f6nde gelen hukuk b\u00fcrolar\u0131ndan biridir.","robots":{"index":"index","follow":"follow","max-snippet":"max-snippet:-1","max-image-preview":"max-image-preview:large","max-video-preview":"max-video-preview:-1"},"canonical":"https:\/\/rfblegal.co.uk\/tr\/hizmetler\/ki\u0307si\u0307sel-hukuk\/ceza-davalari\/","og_locale":"tr_TR","og_type":"article","og_title":"Criminal Litigation - RFB Legal","og_description":"Criminal Litigation Highly ranked in\u00a0the Legal 500\u00a0and with more than\u00a075 years\u2019 experience in the field, Ronald Fletcher Baker LLP is one of the leading","og_url":"https:\/\/rfblegal.co.uk\/tr\/hizmetler\/ki\u0307si\u0307sel-hukuk\/ceza-davalari\/","og_site_name":"RFB Legal","article_publisher":"https:\/\/www.facebook.com\/RFBLegal\/","article_modified_time":"2024-03-07T12:41:00+00:00","og_image":[{"width":1440,"height":550,"url":"https:\/\/rfblegal.co.uk\/wp-content\/uploads\/2024\/02\/Criminal_Litigation.jpg","type":"image\/jpeg"}],"twitter_card":"summary_large_image","twitter_misc":{"Est. reading time":"2 dakika"},"schema":{"@context":"https:\/\/schema.org","@graph":[{"@type":"WebPage","@id":"https:\/\/rfblegal.co.uk\/services\/personal-law\/criminal-litigation\/","url":"https:\/\/rfblegal.co.uk\/services\/personal-law\/criminal-litigation\/","name":"Ceza Davalar\u0131 - RFB Legal","isPartOf":{"@id":"https:\/\/rfblegal.co.uk\/#website"},"primaryImageOfPage":{"@id":"https:\/\/rfblegal.co.uk\/services\/personal-law\/criminal-litigation\/#primaryimage"},"image":{"@id":"https:\/\/rfblegal.co.uk\/services\/personal-law\/criminal-litigation\/#primaryimage"},"thumbnailUrl":"https:\/\/rfblegal.co.uk\/wp-content\/uploads\/2024\/02\/Criminal_Litigation.jpg","datePublished":"2024-02-21T15:36:25+00:00","dateModified":"2024-03-07T12:41:00+00:00","description":"Ceza Davalar\u0131 Legal 500\u2019de \u00fcst s\u0131ralarda yer alan ve alan\u0131nda 75 y\u0131l\u0131 a\u015fk\u0131n deneyime sahip olan Ronald Fletcher Baker LLP, T\u00fcrkiye'nin \u00f6nde gelen hukuk b\u00fcrolar\u0131ndan biridir.","breadcrumb":{"@id":"https:\/\/rfblegal.co.uk\/services\/personal-law\/criminal-litigation\/#breadcrumb"},"inLanguage":"tr","potentialAction":[{"@type":"ReadAction","target":["https:\/\/rfblegal.co.uk\/services\/personal-law\/criminal-litigation\/"]}]},{"@type":"ImageObject","inLanguage":"tr","@id":"https:\/\/rfblegal.co.uk\/services\/personal-law\/criminal-litigation\/#primaryimage","url":"https:\/\/rfblegal.co.uk\/wp-content\/uploads\/2024\/02\/Criminal_Litigation.jpg","contentUrl":"https:\/\/rfblegal.co.uk\/wp-content\/uploads\/2024\/02\/Criminal_Litigation.jpg","width":1440,"height":550},{"@type":"BreadcrumbList","@id":"https:\/\/rfblegal.co.uk\/services\/personal-law\/criminal-litigation\/#breadcrumb","itemListElement":[{"@type":"ListItem","position":1,"name":"Home","item":"https:\/\/rfblegal.co.uk\/"},{"@type":"ListItem","position":2,"name":"Services","item":"https:\/\/rfblegal.co.uk\/services\/"},{"@type":"ListItem","position":3,"name":"Personal Law Services","item":"https:\/\/rfblegal.co.uk\/services\/personal-law\/"},{"@type":"ListItem","position":4,"name":"Criminal Litigation"}]},{"@type":"WebSite","@id":"https:\/\/rfblegal.co.uk\/#website","url":"https:\/\/rfblegal.co.uk\/","name":"RFB Hukuk","description":"","publisher":{"@id":"https:\/\/rfblegal.co.uk\/#organization"},"potentialAction":[{"@type":"SearchAction","target":{"@type":"EntryPoint","urlTemplate":"https:\/\/rfblegal.co.uk\/?s={search_term_string}"},"query-input":{"@type":"PropertyValueSpecification","valueRequired":true,"valueName":"search_term_string"}}],"inLanguage":"tr"},{"@type":"Organization","@id":"https:\/\/rfblegal.co.uk\/#organization","name":"RFB Hukuk","url":"https:\/\/rfblegal.co.uk\/","logo":{"@type":"ImageObject","inLanguage":"tr","@id":"https:\/\/rfblegal.co.uk\/#\/schema\/logo\/image\/","url":"https:\/\/rfblegal.co.uk\/wp-content\/uploads\/2024\/01\/header_company_logo.svg","contentUrl":"https:\/\/rfblegal.co.uk\/wp-content\/uploads\/2024\/01\/header_company_logo.svg","caption":"RFB Legal"},"image":{"@id":"https:\/\/rfblegal.co.uk\/#\/schema\/logo\/image\/"},"sameAs":["https:\/\/www.facebook.com\/RFBLegal\/","https:\/\/www.linkedin.com\/uas\/login?session_redirect=company2012282","https:\/\/www.instagram.com\/rfb_legal\/"]}]}},"_links":{"self":[{"href":"https:\/\/rfblegal.co.uk\/tr\/wp-json\/wp\/v2\/pages\/2402","targetHints":{"allow":["GET"]}}],"collection":[{"href":"https:\/\/rfblegal.co.uk\/tr\/wp-json\/wp\/v2\/pages"}],"about":[{"href":"https:\/\/rfblegal.co.uk\/tr\/wp-json\/wp\/v2\/types\/page"}],"author":[{"embeddable":true,"href":"https:\/\/rfblegal.co.uk\/tr\/wp-json\/wp\/v2\/users\/1"}],"replies":[{"embeddable":true,"href":"https:\/\/rfblegal.co.uk\/tr\/wp-json\/wp\/v2\/comments?post=2402"}],"version-history":[{"count":0,"href":"https:\/\/rfblegal.co.uk\/tr\/wp-json\/wp\/v2\/pages\/2402\/revisions"}],"up":[{"embeddable":true,"href":"https:\/\/rfblegal.co.uk\/tr\/wp-json\/wp\/v2\/pages\/357"}],"wp:featuredmedia":[{"embeddable":true,"href":"https:\/\/rfblegal.co.uk\/tr\/wp-json\/wp\/v2\/media\/2977"}],"wp:attachment":[{"href":"https:\/\/rfblegal.co.uk\/tr\/wp-json\/wp\/v2\/media?parent=2402"}],"curies":[{"name":"wp","href":"https:\/\/api.w.org\/{rel}","templated":true}]}}