{"id":2399,"date":"2024-02-21T15:27:19","date_gmt":"2024-02-21T15:27:19","guid":{"rendered":"https:\/\/rfblegal.co.uk\/?page_id=2399"},"modified":"2026-03-26T10:53:38","modified_gmt":"2026-03-26T10:53:38","slug":"krediler-tahviller-ve-ozkaynaklar","status":"publish","type":"page","link":"https:\/\/rfblegal.co.uk\/tr\/hizmetler\/ki%cc%87si%cc%87sel-hukuk\/kurumsal\/krediler-tahviller-ve-ozkaynaklar\/","title":{"rendered":"Krediler ve \u00d6zkaynaklar"},"content":{"rendered":"<h2 class=\"wp-block-heading\"><strong>\u00d6z kaynak yaratma, bor\u00e7lanma ve kredilendirmeye giri\u015f ve genel bak\u0131\u015f<\/strong><\/h2>\n\n\n\n<p>\u0130\u015fletmeniz i\u00e7in finansman\u0131n, ba\u015flang\u0131\u00e7lar ve b\u00fcy\u00fcyen i\u015fletmelerden sat\u0131n almalara, olgun b\u00fcy\u00fcme ve yeniden finansmana kadar bir dizi a\u015famada \u00e7ok \u00f6nemli olabilece\u011fini biliyoruz.<\/p>\n\n\n\n<p>Kapsaml\u0131 uzmanl\u0131\u011f\u0131m\u0131z, \u015firket avukatlar\u0131m\u0131z\u0131n ve hukuk\u00e7ular\u0131m\u0131z\u0131n kredi verenlerin veya yat\u0131r\u0131mc\u0131lar\u0131n gereksinimlerini ve endi\u015felerini \u00f6nceden tahmin edebilecekleri ve bu do\u011frultuda s\u00fcre\u00e7 boyunca size rehberlik ederek i\u015flemlerin raydan \u00e7\u0131kmamas\u0131n\u0131 ve gereksiz yere uzamamas\u0131n\u0131 sa\u011flayacaklar\u0131 anlam\u0131na gelir.<\/p>\n\n\n\n<h2 class=\"wp-block-heading\"><strong>Avukatlar\u0131m\u0131z \u00f6z sermaye toplama, bor\u00e7lanma ve kredi verme konular\u0131nda size nas\u0131l yard\u0131mc\u0131 olabilir?<\/strong><\/h2>\n\n\n\n<h3 class=\"wp-block-heading\"><strong>Sunulan temel hizmetler<\/strong><\/h3>\n\n\n\n<p><strong>\u0130ster geleneksel ister daha yenilik\u00e7i finansman kaynaklar\u0131n\u0131 devreye sokmak isteyen yat\u0131r\u0131mc\u0131lara ve i\u015fletmelere her a\u015famada yard\u0131mc\u0131 olabiliriz:<\/strong><\/p>\n\n\n\n<ul class=\"wp-block-list\">\n<li>kurumsal kredilendirme (banka bor\u00e7lanmas\u0131 dahil)<\/li>\n\n\n\n<li>melek yat\u0131r\u0131mc\u0131 finansman\u0131<\/li>\n\n\n\n<li>arkada\u015flar ve ai\u0307le fonu<\/li>\n\n\n\n<li>kitle fonlamas\u0131 ve di\u011fer alternatif yat\u0131r\u0131m mekanizmalar\u0131<\/li>\n<\/ul>\n\n\n\n<h2 class=\"wp-block-heading\"><strong>Hisse senedi toplama, bor\u00e7lanma ve kredi verme i\u00e7in neden RFB Legal'\u0131 se\u00e7melisiniz?<\/strong><\/h2>\n\n\n\n<h3 class=\"wp-block-heading\"><strong>\u015eirketler ve Ticaret Hukuku ekibimiz hakk\u0131nda<\/strong><\/h3>\n\n\n\n<p><strong>Teknik hukuki konularda (g\u00fcvenlik dahil) dan\u0131\u015fmanl\u0131k yapman\u0131n yan\u0131 s\u0131ra, a\u015fa\u011f\u0131dakiler de dahil olmak \u00fczere di\u011fer hususlarda daha geni\u015f destek sa\u011flayarak s\u00fcrecin kolayla\u015ft\u0131r\u0131lmas\u0131na yard\u0131mc\u0131 olabiliriz:<\/strong><\/p>\n\n\n\n<ul class=\"wp-block-list\">\n<li>Mevcut yard\u0131m ve muafiyetlerden en iyi \u015fekilde yararlanmak i\u00e7in yap\u0131land\u0131rma<\/li>\n\n\n\n<li><a href=\"https:\/\/rfblegal.co.uk\/tr\/hizmetler\/ki%cc%87si%cc%87sel-hukuk\/duzenleyi%cc%87ci%cc%87-hukuk\/\">d\u00fczenleyici<\/a> sorunlar<\/li>\n\n\n\n<li>i\u0307\u015f anla\u015fmazliklari<\/li>\n<\/ul>\n\n\n\n<h2 class=\"wp-block-heading\"><strong>M\u00fc\u015fteri uzmanl\u0131\u011f\u0131<\/strong><\/h2>\n\n\n\n<p><strong>Yak\u0131n zamandaki deneyimlerimiz \u015funlar\u0131 i\u00e7ermektedir:<\/strong><\/p>\n\n\n\n<h3 class=\"wp-block-heading\"><strong>Erken A\u015fama Teknoloji Kurulu\u015fu<\/strong><\/h3>\n\n\n\n<p>Sa\u011fl\u0131k uzmanlar\u0131n\u0131n, dan\u0131\u015fmanlar\u0131n rehberli\u011fi ve ki\u015fisel kullan\u0131c\u0131lar\u0131n \u00f6l\u00e7\u00fclebilir psikolojik ve sa\u011fl\u0131k yararlar\u0131 hakk\u0131nda bilgi girdisi ile en son teknoloji ve bilimleri kullanarak y\u0131k\u0131c\u0131, pazar\u0131 d\u00f6n\u00fc\u015ft\u00fcren bir sa\u011fl\u0131k teknolojisi \u00e7\u00f6z\u00fcm\u00fc geli\u015ftiren bir start-up i\u00e7in hareket ettik. Bir dizi ilk bireysel melek yat\u0131r\u0131mc\u0131dan 1 milyon sterlin. Yat\u0131r\u0131m yap\u0131lan miktar, bir teknoloji start-up'\u0131 i\u00e7in \u00f6nemliydi ve ilgili taraflar\u0131n say\u0131s\u0131, ki\u015fisel aile erken tohum yat\u0131r\u0131m\u0131 ve i\u015fletmenin kurucular\u0131ndan birinin, i\u015fletme Birle\u015fik Krall\u0131k'ta faaliyet g\u00f6sterirken yat\u0131r\u0131mlar\u0131n\u0131n Birle\u015fik Krall\u0131k hukuku ve Portekiz hukukunda kaydedilmesini talep etti\u011fi ger\u00e7e\u011fi g\u00f6z \u00f6n\u00fcne al\u0131nd\u0131\u011f\u0131nda ilgin\u00e7 bir zorluk te\u015fkil ediyordu.<br><\/p>\n\n\n\n<h3 class=\"wp-block-heading\"><strong>\u0130\u015fletme Bor\u00e7lanmas\u0131<\/strong><\/h3>\n\n\n\n<p>Bor\u00e7 verenler ve bor\u00e7 alanlar i\u00e7in daha geleneksel bor\u00e7 verme i\u015flemlerinde hareket etme konusunda geni\u015f deneyime sahibiz. Gayrimenkul finansman\u0131 sekt\u00f6r\u00fcnde, hem gayrimenkul yat\u0131r\u0131m ve geli\u015ftirme \u015firketleri i\u00e7in y\u00f6netici kredi s\u00f6zle\u015fmeleri, otel ve d\u00fc\u011f\u00fcn mekan\u0131 i\u015fletmeleri gibi sat\u0131n almalar\u0131 finanse etmek i\u00e7in bor\u00e7lanma a\u00e7\u0131s\u0131ndan hem de a\u015fa\u011f\u0131daki gibi di\u011fer ilgili ba\u011flamlarda \u00f6zel deneyime sahibiz <a href=\"https:\/\/rfblegal.co.uk\/tr\/hizmetler\/is-hukuku\/ti%cc%87cari%cc%87-mulki%cc%87yet-hi%cc%87zmetleri%cc%87\/ti%cc%87cari%cc%87-mulki%cc%87yet-geli%cc%87sti%cc%87rme\/\">m\u00fclk geli\u0307\u015fti\u0307rme<\/a> ve gayrimenkul ortak giri\u015fimleri. Avukatlar\u0131m\u0131z\u0131n esnekli\u011fi, nispeten k\u00fc\u00e7\u00fck tesislerden 100 milyon sterlinin \u00fczerindeki kredilere kadar \u00e7e\u015fitli d\u00fczenlemeler konusunda tavsiyelerde bulundu\u011fumuz anlam\u0131na gelir.<\/p>\n\n\n\n<p><\/p>","protected":false},"excerpt":{"rendered":"<p>An introduction and overview to equity fundraising, borrowing and lending We know that financing for your business can be crucial at a number of stages, from startups and growing businesses to acquisitions to mature growth and refinancing. Our extensive expertise means that our corporate lawyers and solicitors can anticipate lenders\u2019 or investors\u2019 requirements and concerns &hellip; <a href=\"https:\/\/rfblegal.co.uk\/tr\/hizmetler\/ki%cc%87si%cc%87sel-hukuk\/kurumsal\/krediler-tahviller-ve-ozkaynaklar\/\">Devam\u0131<\/a><\/p>","protected":false},"author":1,"featured_media":0,"parent":2385,"menu_order":0,"comment_status":"closed","ping_status":"closed","template":"tier3-template.blade.php","meta":{"_acf_changed":false,"om_disable_all_campaigns":false,"_uf_show_specific_survey":0,"_uf_disable_surveys":false,"footnotes":""},"class_list":["post-2399","page","type-page","status-publish","hentry"],"acf":[],"aioseo_notices":[],"yoast_head":"<!-- This site is optimized with the Yoast SEO plugin v27.2 - https:\/\/yoast.com\/product\/yoast-seo-wordpress\/ -->\n<title>Loans and Equity - RFB Legal<\/title>\n<meta name=\"description\" content=\"An introduction and overview to equity fundraising, borrowing and lending We know that financing for your business can be crucial at a number of stages,\" \/>\n<meta name=\"robots\" content=\"index, follow, max-snippet:-1, max-image-preview:large, max-video-preview:-1\" \/>\n<link rel=\"canonical\" href=\"https:\/\/rfblegal.co.uk\/tr\/hizmetler\/ki\u0307si\u0307sel-hukuk\/kurumsal\/krediler-tahviller-ve-ozkaynaklar\/\" \/>\n<meta property=\"og:locale\" content=\"tr_TR\" \/>\n<meta property=\"og:type\" content=\"article\" \/>\n<meta property=\"og:title\" content=\"Loans and Equity - RFB Legal\" \/>\n<meta property=\"og:description\" content=\"An introduction and overview to equity fundraising, borrowing and lending We know that financing for your business can be crucial at a number of stages,\" \/>\n<meta property=\"og:url\" content=\"https:\/\/rfblegal.co.uk\/tr\/hizmetler\/ki\u0307si\u0307sel-hukuk\/kurumsal\/krediler-tahviller-ve-ozkaynaklar\/\" \/>\n<meta property=\"og:site_name\" content=\"RFB Legal\" \/>\n<meta property=\"article:publisher\" content=\"https:\/\/www.facebook.com\/RFBLegal\/\" \/>\n<meta property=\"article:modified_time\" content=\"2026-03-26T10:53:38+00:00\" \/>\n<meta name=\"twitter:card\" content=\"summary_large_image\" \/>\n<meta name=\"twitter:label1\" content=\"Est. reading time\" \/>\n\t<meta name=\"twitter:data1\" content=\"2 dakika\" \/>\n<script type=\"application\/ld+json\" class=\"yoast-schema-graph\">{\"@context\":\"https:\/\/schema.org\",\"@graph\":[{\"@type\":\"WebPage\",\"@id\":\"https:\/\/rfblegal.co.uk\/services\/personal-law\/corporate\/loans-bonds-and-equity\/\",\"url\":\"https:\/\/rfblegal.co.uk\/services\/personal-law\/corporate\/loans-bonds-and-equity\/\",\"name\":\"Loans and Equity - RFB Legal\",\"isPartOf\":{\"@id\":\"https:\/\/rfblegal.co.uk\/#website\"},\"datePublished\":\"2024-02-21T15:27:19+00:00\",\"dateModified\":\"2026-03-26T10:53:38+00:00\",\"description\":\"An introduction and overview to equity fundraising, borrowing and lending We know that financing for your business can be crucial at a number of stages,\",\"breadcrumb\":{\"@id\":\"https:\/\/rfblegal.co.uk\/services\/personal-law\/corporate\/loans-bonds-and-equity\/#breadcrumb\"},\"inLanguage\":\"tr\",\"potentialAction\":[{\"@type\":\"ReadAction\",\"target\":[\"https:\/\/rfblegal.co.uk\/services\/personal-law\/corporate\/loans-bonds-and-equity\/\"]}]},{\"@type\":\"BreadcrumbList\",\"@id\":\"https:\/\/rfblegal.co.uk\/services\/personal-law\/corporate\/loans-bonds-and-equity\/#breadcrumb\",\"itemListElement\":[{\"@type\":\"ListItem\",\"position\":1,\"name\":\"Home\",\"item\":\"https:\/\/rfblegal.co.uk\/\"},{\"@type\":\"ListItem\",\"position\":2,\"name\":\"Services\",\"item\":\"https:\/\/rfblegal.co.uk\/services\/\"},{\"@type\":\"ListItem\",\"position\":3,\"name\":\"Personal Law Services\",\"item\":\"https:\/\/rfblegal.co.uk\/services\/personal-law\/\"},{\"@type\":\"ListItem\",\"position\":4,\"name\":\"Corporate\",\"item\":\"https:\/\/rfblegal.co.uk\/services\/personal-law\/corporate\/\"},{\"@type\":\"ListItem\",\"position\":5,\"name\":\"Loans and Equity\"}]},{\"@type\":\"WebSite\",\"@id\":\"https:\/\/rfblegal.co.uk\/#website\",\"url\":\"https:\/\/rfblegal.co.uk\/\",\"name\":\"RFB Legal\",\"description\":\"\",\"publisher\":{\"@id\":\"https:\/\/rfblegal.co.uk\/#organization\"},\"potentialAction\":[{\"@type\":\"SearchAction\",\"target\":{\"@type\":\"EntryPoint\",\"urlTemplate\":\"https:\/\/rfblegal.co.uk\/?s={search_term_string}\"},\"query-input\":{\"@type\":\"PropertyValueSpecification\",\"valueRequired\":true,\"valueName\":\"search_term_string\"}}],\"inLanguage\":\"tr\"},{\"@type\":\"Organization\",\"@id\":\"https:\/\/rfblegal.co.uk\/#organization\",\"name\":\"RFB Legal\",\"url\":\"https:\/\/rfblegal.co.uk\/\",\"logo\":{\"@type\":\"ImageObject\",\"inLanguage\":\"tr\",\"@id\":\"https:\/\/rfblegal.co.uk\/#\/schema\/logo\/image\/\",\"url\":\"https:\/\/rfblegal.co.uk\/wp-content\/uploads\/2024\/01\/header_company_logo.svg\",\"contentUrl\":\"https:\/\/rfblegal.co.uk\/wp-content\/uploads\/2024\/01\/header_company_logo.svg\",\"caption\":\"RFB Legal\"},\"image\":{\"@id\":\"https:\/\/rfblegal.co.uk\/#\/schema\/logo\/image\/\"},\"sameAs\":[\"https:\/\/www.facebook.com\/RFBLegal\/\",\"https:\/\/www.linkedin.com\/uas\/login?session_redirect=company2012282\",\"https:\/\/www.instagram.com\/rfb_legal\/\"]}]}<\/script>\n<!-- \/ Yoast SEO plugin. -->","yoast_head_json":{"title":"Krediler ve \u00d6zkaynaklar - RFB Legal","description":"\u00d6z kaynak yaratma, bor\u00e7lanma ve kredilendirmeye giri\u015f ve genel bak\u0131\u015f \u0130\u015fletmeniz i\u00e7in finansman\u0131n \u00e7e\u015fitli a\u015famalarda \u00e7ok \u00f6nemli olabilece\u011fini biliyoruz,","robots":{"index":"index","follow":"follow","max-snippet":"max-snippet:-1","max-image-preview":"max-image-preview:large","max-video-preview":"max-video-preview:-1"},"canonical":"https:\/\/rfblegal.co.uk\/tr\/hizmetler\/ki\u0307si\u0307sel-hukuk\/kurumsal\/krediler-tahviller-ve-ozkaynaklar\/","og_locale":"tr_TR","og_type":"article","og_title":"Loans and Equity - RFB Legal","og_description":"An introduction and overview to equity fundraising, borrowing and lending We know that financing for your business can be crucial at a number of stages,","og_url":"https:\/\/rfblegal.co.uk\/tr\/hizmetler\/ki\u0307si\u0307sel-hukuk\/kurumsal\/krediler-tahviller-ve-ozkaynaklar\/","og_site_name":"RFB Legal","article_publisher":"https:\/\/www.facebook.com\/RFBLegal\/","article_modified_time":"2026-03-26T10:53:38+00:00","twitter_card":"summary_large_image","twitter_misc":{"Est. reading time":"2 dakika"},"schema":{"@context":"https:\/\/schema.org","@graph":[{"@type":"WebPage","@id":"https:\/\/rfblegal.co.uk\/services\/personal-law\/corporate\/loans-bonds-and-equity\/","url":"https:\/\/rfblegal.co.uk\/services\/personal-law\/corporate\/loans-bonds-and-equity\/","name":"Krediler ve \u00d6zkaynaklar - RFB Legal","isPartOf":{"@id":"https:\/\/rfblegal.co.uk\/#website"},"datePublished":"2024-02-21T15:27:19+00:00","dateModified":"2026-03-26T10:53:38+00:00","description":"\u00d6z kaynak yaratma, bor\u00e7lanma ve kredilendirmeye giri\u015f ve genel bak\u0131\u015f \u0130\u015fletmeniz i\u00e7in finansman\u0131n \u00e7e\u015fitli a\u015famalarda \u00e7ok \u00f6nemli olabilece\u011fini biliyoruz,","breadcrumb":{"@id":"https:\/\/rfblegal.co.uk\/services\/personal-law\/corporate\/loans-bonds-and-equity\/#breadcrumb"},"inLanguage":"tr","potentialAction":[{"@type":"ReadAction","target":["https:\/\/rfblegal.co.uk\/services\/personal-law\/corporate\/loans-bonds-and-equity\/"]}]},{"@type":"BreadcrumbList","@id":"https:\/\/rfblegal.co.uk\/services\/personal-law\/corporate\/loans-bonds-and-equity\/#breadcrumb","itemListElement":[{"@type":"ListItem","position":1,"name":"Home","item":"https:\/\/rfblegal.co.uk\/"},{"@type":"ListItem","position":2,"name":"Services","item":"https:\/\/rfblegal.co.uk\/services\/"},{"@type":"ListItem","position":3,"name":"Personal Law Services","item":"https:\/\/rfblegal.co.uk\/services\/personal-law\/"},{"@type":"ListItem","position":4,"name":"Corporate","item":"https:\/\/rfblegal.co.uk\/services\/personal-law\/corporate\/"},{"@type":"ListItem","position":5,"name":"Loans and Equity"}]},{"@type":"WebSite","@id":"https:\/\/rfblegal.co.uk\/#website","url":"https:\/\/rfblegal.co.uk\/","name":"RFB Hukuk","description":"","publisher":{"@id":"https:\/\/rfblegal.co.uk\/#organization"},"potentialAction":[{"@type":"SearchAction","target":{"@type":"EntryPoint","urlTemplate":"https:\/\/rfblegal.co.uk\/?s={search_term_string}"},"query-input":{"@type":"PropertyValueSpecification","valueRequired":true,"valueName":"search_term_string"}}],"inLanguage":"tr"},{"@type":"Organization","@id":"https:\/\/rfblegal.co.uk\/#organization","name":"RFB Hukuk","url":"https:\/\/rfblegal.co.uk\/","logo":{"@type":"ImageObject","inLanguage":"tr","@id":"https:\/\/rfblegal.co.uk\/#\/schema\/logo\/image\/","url":"https:\/\/rfblegal.co.uk\/wp-content\/uploads\/2024\/01\/header_company_logo.svg","contentUrl":"https:\/\/rfblegal.co.uk\/wp-content\/uploads\/2024\/01\/header_company_logo.svg","caption":"RFB Legal"},"image":{"@id":"https:\/\/rfblegal.co.uk\/#\/schema\/logo\/image\/"},"sameAs":["https:\/\/www.facebook.com\/RFBLegal\/","https:\/\/www.linkedin.com\/uas\/login?session_redirect=company2012282","https:\/\/www.instagram.com\/rfb_legal\/"]}]}},"_links":{"self":[{"href":"https:\/\/rfblegal.co.uk\/tr\/wp-json\/wp\/v2\/pages\/2399","targetHints":{"allow":["GET"]}}],"collection":[{"href":"https:\/\/rfblegal.co.uk\/tr\/wp-json\/wp\/v2\/pages"}],"about":[{"href":"https:\/\/rfblegal.co.uk\/tr\/wp-json\/wp\/v2\/types\/page"}],"author":[{"embeddable":true,"href":"https:\/\/rfblegal.co.uk\/tr\/wp-json\/wp\/v2\/users\/1"}],"replies":[{"embeddable":true,"href":"https:\/\/rfblegal.co.uk\/tr\/wp-json\/wp\/v2\/comments?post=2399"}],"version-history":[{"count":1,"href":"https:\/\/rfblegal.co.uk\/tr\/wp-json\/wp\/v2\/pages\/2399\/revisions"}],"predecessor-version":[{"id":9078,"href":"https:\/\/rfblegal.co.uk\/tr\/wp-json\/wp\/v2\/pages\/2399\/revisions\/9078"}],"up":[{"embeddable":true,"href":"https:\/\/rfblegal.co.uk\/tr\/wp-json\/wp\/v2\/pages\/2385"}],"wp:attachment":[{"href":"https:\/\/rfblegal.co.uk\/tr\/wp-json\/wp\/v2\/media?parent=2399"}],"curies":[{"name":"wp","href":"https:\/\/api.w.org\/{rel}","templated":true}]}}