{"id":2372,"date":"2024-02-21T15:07:07","date_gmt":"2024-02-21T15:07:07","guid":{"rendered":"https:\/\/rfblegal.co.uk\/?page_id=2372"},"modified":"2025-09-04T18:11:54","modified_gmt":"2025-09-04T18:11:54","slug":"uluslararasi-cocuk-kacirma","status":"publish","type":"page","link":"https:\/\/rfblegal.co.uk\/tr\/hizmetler\/ki%cc%87si%cc%87sel-hukuk\/bosanma-aile\/uluslararasi-cocuk-kacirma\/","title":{"rendered":"Uluslararas\u0131 \u00c7ocuk Ka\u00e7\u0131rma"},"content":{"rendered":"<h2 class=\"wp-block-heading has-2-xl-font-size\" style=\"padding-top:var(--wp--preset--spacing--20);padding-bottom:var(--wp--preset--spacing--20);font-style:normal;font-weight:600\">Ta\u015f\u0131y\u0131c\u0131 Annelik, Do\u011furganl\u0131k ve Evlat Edinme<\/h2>\n\n\n\n<h4 class=\"wp-block-heading has-lg-font-size\" style=\"padding-top:var(--wp--preset--spacing--20);padding-bottom:var(--wp--preset--spacing--20);font-style:normal;font-weight:500\"><strong>Ta\u015f\u0131y\u0131c\u0131 annelik, bir kad\u0131n\u0131n, \u00e7ocu\u011fun do\u011fumda teslim edilmesi niyetiyle bir \u00e7ocu\u011fu ta\u015f\u0131mas\u0131 uygulamas\u0131d\u0131r. \u0130nsanlar\u0131n ailelerini geni\u015fletmeleri i\u00e7in giderek daha pop\u00fcler bir yol haline gelmektedir. \u0130ki farkl\u0131 ta\u015f\u0131y\u0131c\u0131 annelik t\u00fcr\u00fc vard\u0131r:<\/strong><\/h4>\n\n\n\n<p style=\"padding-top:var(--wp--preset--spacing--20);padding-right:var(--wp--preset--spacing--50);padding-bottom:var(--wp--preset--spacing--20);padding-left:var(--wp--preset--spacing--50)\"><strong>- Geleneksel ta\u015f\u0131y\u0131c\u0131 annelik<\/strong>\u00a0- ta\u015f\u0131y\u0131c\u0131 annenin kendi yumurtalar\u0131 kullan\u0131l\u0131r, bu nedenle \u00e7ocukla biyolojik olarak akrabad\u0131r<\/p>\n\n\n\n<p style=\"padding-top:var(--wp--preset--spacing--20);padding-right:var(--wp--preset--spacing--50);padding-bottom:var(--wp--preset--spacing--20);padding-left:var(--wp--preset--spacing--50)\"><strong>- Ta\u015f\u0131y\u0131c\u0131 annelik<\/strong>\u00a0- Ta\u015f\u0131y\u0131c\u0131 annenin \u00e7ocukla biyolojik bir akrabal\u0131\u011f\u0131 yoktur ve ya anne aday\u0131n\u0131n yumurtalar\u0131 ya da bir yumurta don\u00f6r\u00fc kullan\u0131l\u0131r<\/p>\n\n\n\n<p style=\"padding-top:var(--wp--preset--spacing--20);padding-bottom:var(--wp--preset--spacing--20)\">Her iki ta\u015f\u0131y\u0131c\u0131 annelik t\u00fcr\u00fcne de \u0130ngiliz yasalar\u0131 kapsam\u0131nda belirli s\u0131n\u0131rlamalara tabi olarak izin verilmektedir. Bununla birlikte, ticari kazan\u00e7 i\u00e7in ta\u015f\u0131y\u0131c\u0131 anneye \u00f6deme yapmak yasa d\u0131\u015f\u0131d\u0131r, yani birisinin ta\u015f\u0131y\u0131c\u0131 anne olarak hareket etmesi i\u00e7in ticari \u00f6deme yapmak m\u00fcmk\u00fcn de\u011fildir.<\/p>\n\n\n\n<p style=\"padding-top:var(--wp--preset--spacing--20);padding-bottom:var(--wp--preset--spacing--20)\">Yolculu\u011funuzun en ba\u015f\u0131ndan itibaren hukuki dan\u0131\u015fmanl\u0131k almak hayati \u00f6nem ta\u015f\u0131maktad\u0131r. Deneyimli aile avukatlar\u0131m\u0131z, zorlu bir s\u00fcreci stressiz hale getirmek i\u00e7in ihtiya\u00e7 duydu\u011funuz t\u00fcm tavsiye ve deste\u011fi sa\u011flayabilir.<\/p>\n\n\n\n<p style=\"padding-top:var(--wp--preset--spacing--20);padding-bottom:var(--wp--preset--spacing--20)\">RFB'deki do\u011furganl\u0131k ve ta\u015f\u0131y\u0131c\u0131 annelik hukuku avukatlar\u0131m\u0131z, ta\u015f\u0131y\u0131c\u0131 annelik, do\u011furganl\u0131k ve evlat edinme ile ilgili t\u00fcm yasal konularda olduk\u00e7a deneyimlidir.<\/p>","protected":false},"excerpt":{"rendered":"<p>Ta\u015f\u0131y\u0131c\u0131 Annelik, Do\u011furganl\u0131k ve Evlat Edinme Ta\u015f\u0131y\u0131c\u0131 annelik, bir kad\u0131n\u0131n, \u00e7ocu\u011fun do\u011fumda teslim edilmesi niyetiyle bir \u00e7ocu\u011fu ta\u015f\u0131mas\u0131 uygulamas\u0131d\u0131r. \u0130nsanlar\u0131n ailelerini geni\u015fletmeleri i\u00e7in giderek daha pop\u00fcler bir yol haline gelmektedir. \u0130ki farkl\u0131 ta\u015f\u0131y\u0131c\u0131 annelik t\u00fcr\u00fc vard\u0131r: - Geleneksel ta\u015f\u0131y\u0131c\u0131 annelik - ta\u015f\u0131y\u0131c\u0131 annenin kendi yumurtalar\u0131 kullan\u0131l\u0131r, b\u00f6ylece ... <a href=\"https:\/\/rfblegal.co.uk\/tr\/hizmetler\/ki%cc%87si%cc%87sel-hukuk\/bosanma-aile\/uluslararasi-cocuk-kacirma\/\">Devam\u0131<\/a><\/p>","protected":false},"author":1,"featured_media":2934,"parent":2344,"menu_order":0,"comment_status":"closed","ping_status":"closed","template":"tier3-template.blade.php","meta":{"_acf_changed":false,"om_disable_all_campaigns":false,"_uf_show_specific_survey":0,"_uf_disable_surveys":false,"footnotes":""},"class_list":["post-2372","page","type-page","status-publish","has-post-thumbnail","hentry"],"acf":[],"aioseo_notices":[],"yoast_head":"<!-- This site is optimized with the Yoast SEO plugin v27.2 - https:\/\/yoast.com\/product\/yoast-seo-wordpress\/ -->\n<title>International Child Abduction - RFB Legal<\/title>\n<meta name=\"description\" content=\"Surrogacy, Fertility and Adoption Surrogacy is the practise whereby a woman carries a child with\" \/>\n<meta name=\"robots\" content=\"index, follow, max-snippet:-1, max-image-preview:large, max-video-preview:-1\" \/>\n<link rel=\"canonical\" href=\"https:\/\/rfblegal.co.uk\/tr\/hizmetler\/ki\u0307si\u0307sel-hukuk\/bosanma-aile\/uluslararasi-cocuk-kacirma\/\" \/>\n<meta property=\"og:locale\" content=\"tr_TR\" \/>\n<meta property=\"og:type\" content=\"article\" \/>\n<meta property=\"og:title\" content=\"International Child Abduction - RFB Legal\" \/>\n<meta property=\"og:description\" content=\"Surrogacy, Fertility and Adoption Surrogacy is the practise whereby a woman carries a child with\" \/>\n<meta property=\"og:url\" content=\"https:\/\/rfblegal.co.uk\/tr\/hizmetler\/ki\u0307si\u0307sel-hukuk\/bosanma-aile\/uluslararasi-cocuk-kacirma\/\" \/>\n<meta property=\"og:site_name\" content=\"RFB Legal\" \/>\n<meta property=\"article:publisher\" content=\"https:\/\/www.facebook.com\/RFBLegal\/\" \/>\n<meta property=\"article:modified_time\" content=\"2025-09-04T18:11:54+00:00\" \/>\n<meta property=\"og:image\" content=\"https:\/\/rfblegal.co.uk\/wp-content\/uploads\/2024\/02\/Surrogacy_Fertility_Adoption_and_LGBTQI.jpg\" \/>\n\t<meta property=\"og:image:width\" content=\"1440\" \/>\n\t<meta property=\"og:image:height\" content=\"550\" \/>\n\t<meta property=\"og:image:type\" content=\"image\/jpeg\" \/>\n<meta name=\"twitter:card\" content=\"summary_large_image\" \/>\n<meta name=\"twitter:label1\" content=\"Est. reading time\" \/>\n\t<meta name=\"twitter:data1\" content=\"1 dakika\" \/>\n<script type=\"application\/ld+json\" class=\"yoast-schema-graph\">{\"@context\":\"https:\/\/schema.org\",\"@graph\":[{\"@type\":\"WebPage\",\"@id\":\"https:\/\/rfblegal.co.uk\/services\/personal-law\/divorce-family\/international-child-abduction\/\",\"url\":\"https:\/\/rfblegal.co.uk\/services\/personal-law\/divorce-family\/international-child-abduction\/\",\"name\":\"International Child Abduction - RFB Legal\",\"isPartOf\":{\"@id\":\"https:\/\/rfblegal.co.uk\/#website\"},\"primaryImageOfPage\":{\"@id\":\"https:\/\/rfblegal.co.uk\/services\/personal-law\/divorce-family\/international-child-abduction\/#primaryimage\"},\"image\":{\"@id\":\"https:\/\/rfblegal.co.uk\/services\/personal-law\/divorce-family\/international-child-abduction\/#primaryimage\"},\"thumbnailUrl\":\"https:\/\/rfblegal.co.uk\/wp-content\/uploads\/2024\/02\/Surrogacy_Fertility_Adoption_and_LGBTQI.jpg\",\"datePublished\":\"2024-02-21T15:07:07+00:00\",\"dateModified\":\"2025-09-04T18:11:54+00:00\",\"description\":\"Surrogacy, Fertility and Adoption Surrogacy is the practise whereby a woman carries a child with\",\"breadcrumb\":{\"@id\":\"https:\/\/rfblegal.co.uk\/services\/personal-law\/divorce-family\/international-child-abduction\/#breadcrumb\"},\"inLanguage\":\"tr\",\"potentialAction\":[{\"@type\":\"ReadAction\",\"target\":[\"https:\/\/rfblegal.co.uk\/services\/personal-law\/divorce-family\/international-child-abduction\/\"]}]},{\"@type\":\"ImageObject\",\"inLanguage\":\"tr\",\"@id\":\"https:\/\/rfblegal.co.uk\/services\/personal-law\/divorce-family\/international-child-abduction\/#primaryimage\",\"url\":\"https:\/\/rfblegal.co.uk\/wp-content\/uploads\/2024\/02\/Surrogacy_Fertility_Adoption_and_LGBTQI.jpg\",\"contentUrl\":\"https:\/\/rfblegal.co.uk\/wp-content\/uploads\/2024\/02\/Surrogacy_Fertility_Adoption_and_LGBTQI.jpg\",\"width\":1440,\"height\":550},{\"@type\":\"BreadcrumbList\",\"@id\":\"https:\/\/rfblegal.co.uk\/services\/personal-law\/divorce-family\/international-child-abduction\/#breadcrumb\",\"itemListElement\":[{\"@type\":\"ListItem\",\"position\":1,\"name\":\"Home\",\"item\":\"https:\/\/rfblegal.co.uk\/\"},{\"@type\":\"ListItem\",\"position\":2,\"name\":\"Services\",\"item\":\"https:\/\/rfblegal.co.uk\/services\/\"},{\"@type\":\"ListItem\",\"position\":3,\"name\":\"Personal Law Services\",\"item\":\"https:\/\/rfblegal.co.uk\/services\/personal-law\/\"},{\"@type\":\"ListItem\",\"position\":4,\"name\":\"Divorce &amp; Family\",\"item\":\"https:\/\/rfblegal.co.uk\/services\/personal-law\/divorce-family\/\"},{\"@type\":\"ListItem\",\"position\":5,\"name\":\"International Child Abduction\"}]},{\"@type\":\"WebSite\",\"@id\":\"https:\/\/rfblegal.co.uk\/#website\",\"url\":\"https:\/\/rfblegal.co.uk\/\",\"name\":\"RFB Legal\",\"description\":\"\",\"publisher\":{\"@id\":\"https:\/\/rfblegal.co.uk\/#organization\"},\"potentialAction\":[{\"@type\":\"SearchAction\",\"target\":{\"@type\":\"EntryPoint\",\"urlTemplate\":\"https:\/\/rfblegal.co.uk\/?s={search_term_string}\"},\"query-input\":{\"@type\":\"PropertyValueSpecification\",\"valueRequired\":true,\"valueName\":\"search_term_string\"}}],\"inLanguage\":\"tr\"},{\"@type\":\"Organization\",\"@id\":\"https:\/\/rfblegal.co.uk\/#organization\",\"name\":\"RFB Legal\",\"url\":\"https:\/\/rfblegal.co.uk\/\",\"logo\":{\"@type\":\"ImageObject\",\"inLanguage\":\"tr\",\"@id\":\"https:\/\/rfblegal.co.uk\/#\/schema\/logo\/image\/\",\"url\":\"https:\/\/rfblegal.co.uk\/wp-content\/uploads\/2024\/01\/header_company_logo.svg\",\"contentUrl\":\"https:\/\/rfblegal.co.uk\/wp-content\/uploads\/2024\/01\/header_company_logo.svg\",\"caption\":\"RFB Legal\"},\"image\":{\"@id\":\"https:\/\/rfblegal.co.uk\/#\/schema\/logo\/image\/\"},\"sameAs\":[\"https:\/\/www.facebook.com\/RFBLegal\/\",\"https:\/\/www.linkedin.com\/uas\/login?session_redirect=company2012282\",\"https:\/\/www.instagram.com\/rfb_legal\/\"]}]}<\/script>\n<!-- \/ Yoast SEO plugin. -->","yoast_head_json":{"title":"Uluslararas\u0131 \u00c7ocuk Ka\u00e7\u0131rma - RFB Legal","description":"Ta\u015f\u0131y\u0131c\u0131 Annelik, Do\u011furganl\u0131k ve Evlat Edinme Ta\u015f\u0131y\u0131c\u0131 annelik, bir kad\u0131n\u0131n kendi \u00e7ocu\u011fuyla birlikte","robots":{"index":"index","follow":"follow","max-snippet":"max-snippet:-1","max-image-preview":"max-image-preview:large","max-video-preview":"max-video-preview:-1"},"canonical":"https:\/\/rfblegal.co.uk\/tr\/hizmetler\/ki\u0307si\u0307sel-hukuk\/bosanma-aile\/uluslararasi-cocuk-kacirma\/","og_locale":"tr_TR","og_type":"article","og_title":"International Child Abduction - RFB Legal","og_description":"Surrogacy, Fertility and Adoption Surrogacy is the practise whereby a woman carries a child with","og_url":"https:\/\/rfblegal.co.uk\/tr\/hizmetler\/ki\u0307si\u0307sel-hukuk\/bosanma-aile\/uluslararasi-cocuk-kacirma\/","og_site_name":"RFB Legal","article_publisher":"https:\/\/www.facebook.com\/RFBLegal\/","article_modified_time":"2025-09-04T18:11:54+00:00","og_image":[{"width":1440,"height":550,"url":"https:\/\/rfblegal.co.uk\/wp-content\/uploads\/2024\/02\/Surrogacy_Fertility_Adoption_and_LGBTQI.jpg","type":"image\/jpeg"}],"twitter_card":"summary_large_image","twitter_misc":{"Est. reading time":"1 dakika"},"schema":{"@context":"https:\/\/schema.org","@graph":[{"@type":"WebPage","@id":"https:\/\/rfblegal.co.uk\/services\/personal-law\/divorce-family\/international-child-abduction\/","url":"https:\/\/rfblegal.co.uk\/services\/personal-law\/divorce-family\/international-child-abduction\/","name":"Uluslararas\u0131 \u00c7ocuk Ka\u00e7\u0131rma - RFB Legal","isPartOf":{"@id":"https:\/\/rfblegal.co.uk\/#website"},"primaryImageOfPage":{"@id":"https:\/\/rfblegal.co.uk\/services\/personal-law\/divorce-family\/international-child-abduction\/#primaryimage"},"image":{"@id":"https:\/\/rfblegal.co.uk\/services\/personal-law\/divorce-family\/international-child-abduction\/#primaryimage"},"thumbnailUrl":"https:\/\/rfblegal.co.uk\/wp-content\/uploads\/2024\/02\/Surrogacy_Fertility_Adoption_and_LGBTQI.jpg","datePublished":"2024-02-21T15:07:07+00:00","dateModified":"2025-09-04T18:11:54+00:00","description":"Ta\u015f\u0131y\u0131c\u0131 Annelik, Do\u011furganl\u0131k ve Evlat Edinme Ta\u015f\u0131y\u0131c\u0131 annelik, bir kad\u0131n\u0131n kendi \u00e7ocu\u011fuyla birlikte","breadcrumb":{"@id":"https:\/\/rfblegal.co.uk\/services\/personal-law\/divorce-family\/international-child-abduction\/#breadcrumb"},"inLanguage":"tr","potentialAction":[{"@type":"ReadAction","target":["https:\/\/rfblegal.co.uk\/services\/personal-law\/divorce-family\/international-child-abduction\/"]}]},{"@type":"ImageObject","inLanguage":"tr","@id":"https:\/\/rfblegal.co.uk\/services\/personal-law\/divorce-family\/international-child-abduction\/#primaryimage","url":"https:\/\/rfblegal.co.uk\/wp-content\/uploads\/2024\/02\/Surrogacy_Fertility_Adoption_and_LGBTQI.jpg","contentUrl":"https:\/\/rfblegal.co.uk\/wp-content\/uploads\/2024\/02\/Surrogacy_Fertility_Adoption_and_LGBTQI.jpg","width":1440,"height":550},{"@type":"BreadcrumbList","@id":"https:\/\/rfblegal.co.uk\/services\/personal-law\/divorce-family\/international-child-abduction\/#breadcrumb","itemListElement":[{"@type":"ListItem","position":1,"name":"Home","item":"https:\/\/rfblegal.co.uk\/"},{"@type":"ListItem","position":2,"name":"Services","item":"https:\/\/rfblegal.co.uk\/services\/"},{"@type":"ListItem","position":3,"name":"Personal Law Services","item":"https:\/\/rfblegal.co.uk\/services\/personal-law\/"},{"@type":"ListItem","position":4,"name":"Divorce &amp; Family","item":"https:\/\/rfblegal.co.uk\/services\/personal-law\/divorce-family\/"},{"@type":"ListItem","position":5,"name":"International Child Abduction"}]},{"@type":"WebSite","@id":"https:\/\/rfblegal.co.uk\/#website","url":"https:\/\/rfblegal.co.uk\/","name":"RFB Hukuk","description":"","publisher":{"@id":"https:\/\/rfblegal.co.uk\/#organization"},"potentialAction":[{"@type":"SearchAction","target":{"@type":"EntryPoint","urlTemplate":"https:\/\/rfblegal.co.uk\/?s={search_term_string}"},"query-input":{"@type":"PropertyValueSpecification","valueRequired":true,"valueName":"search_term_string"}}],"inLanguage":"tr"},{"@type":"Organization","@id":"https:\/\/rfblegal.co.uk\/#organization","name":"RFB Hukuk","url":"https:\/\/rfblegal.co.uk\/","logo":{"@type":"ImageObject","inLanguage":"tr","@id":"https:\/\/rfblegal.co.uk\/#\/schema\/logo\/image\/","url":"https:\/\/rfblegal.co.uk\/wp-content\/uploads\/2024\/01\/header_company_logo.svg","contentUrl":"https:\/\/rfblegal.co.uk\/wp-content\/uploads\/2024\/01\/header_company_logo.svg","caption":"RFB Legal"},"image":{"@id":"https:\/\/rfblegal.co.uk\/#\/schema\/logo\/image\/"},"sameAs":["https:\/\/www.facebook.com\/RFBLegal\/","https:\/\/www.linkedin.com\/uas\/login?session_redirect=company2012282","https:\/\/www.instagram.com\/rfb_legal\/"]}]}},"_links":{"self":[{"href":"https:\/\/rfblegal.co.uk\/tr\/wp-json\/wp\/v2\/pages\/2372","targetHints":{"allow":["GET"]}}],"collection":[{"href":"https:\/\/rfblegal.co.uk\/tr\/wp-json\/wp\/v2\/pages"}],"about":[{"href":"https:\/\/rfblegal.co.uk\/tr\/wp-json\/wp\/v2\/types\/page"}],"author":[{"embeddable":true,"href":"https:\/\/rfblegal.co.uk\/tr\/wp-json\/wp\/v2\/users\/1"}],"replies":[{"embeddable":true,"href":"https:\/\/rfblegal.co.uk\/tr\/wp-json\/wp\/v2\/comments?post=2372"}],"version-history":[{"count":1,"href":"https:\/\/rfblegal.co.uk\/tr\/wp-json\/wp\/v2\/pages\/2372\/revisions"}],"predecessor-version":[{"id":6970,"href":"https:\/\/rfblegal.co.uk\/tr\/wp-json\/wp\/v2\/pages\/2372\/revisions\/6970"}],"up":[{"embeddable":true,"href":"https:\/\/rfblegal.co.uk\/tr\/wp-json\/wp\/v2\/pages\/2344"}],"wp:featuredmedia":[{"embeddable":true,"href":"https:\/\/rfblegal.co.uk\/tr\/wp-json\/wp\/v2\/media\/2934"}],"wp:attachment":[{"href":"https:\/\/rfblegal.co.uk\/tr\/wp-json\/wp\/v2\/media?parent=2372"}],"curies":[{"name":"wp","href":"https:\/\/api.w.org\/{rel}","templated":true}]}}