{"id":2350,"date":"2024-02-21T14:57:08","date_gmt":"2024-02-21T14:57:08","guid":{"rendered":"https:\/\/rfblegal.co.uk\/?page_id=2350"},"modified":"2024-02-23T08:28:47","modified_gmt":"2024-02-23T08:28:47","slug":"mali%cc%87-talepler-ve-riza-emi%cc%87rleri%cc%87","status":"publish","type":"page","link":"https:\/\/rfblegal.co.uk\/tr\/hizmetler\/ki%cc%87si%cc%87sel-hukuk\/bosanma-aile\/mali%cc%87-talepler-ve-riza-emi%cc%87rleri%cc%87\/","title":{"rendered":"Mali Talepler ve R\u0131za Emirleri"},"content":{"rendered":"<h2 class=\"wp-block-heading has-2-xl-font-size\" style=\"padding-top:var(--wp--preset--spacing--20);padding-bottom:var(--wp--preset--spacing--20);font-style:normal;font-weight:600\">Finansal Talepler<\/h2>\n\n\n\n<h4 class=\"wp-block-heading has-lg-font-size\" style=\"padding-top:var(--wp--preset--spacing--20);padding-bottom:var(--wp--preset--spacing--20);font-style:normal;font-weight:500\"><strong>Her mali dava farkl\u0131d\u0131r ve mahkemenin odak noktas\u0131 her zaman davan\u0131n t\u00fcm ko\u015fullar\u0131nda \u2018adil\u2019 olan\u0131 elde etmek olacakt\u0131r. Baz\u0131 durumlarda adalet, varl\u0131klar\u0131n 50\/50 esas\u0131na g\u00f6re payla\u015ft\u0131r\u0131lmas\u0131 anlam\u0131na gelirken, di\u011ferlerinde e\u015fit olmayan bir payla\u015f\u0131m i\u00e7in gerek\u00e7e olabilir. Her davaya ili\u015fkin tavsiyelerimiz ihtiya\u00e7lar\u0131n\u0131za uyacak \u015fekilde tasarlan\u0131rken, herhangi bir anla\u015fmay\u0131 etkileyecek ortak fakt\u00f6rler vard\u0131r:<\/strong><\/h4>\n\n\n\n<p style=\"padding-right:var(--wp--preset--spacing--50);padding-left:var(--wp--preset--spacing--50)\">- Evlilik s\u00fcresi;<\/p>\n\n\n\n<p style=\"padding-right:var(--wp--preset--spacing--50);padding-left:var(--wp--preset--spacing--50)\">- Her bir ki\u015finin geliri, kazan\u00e7 kapasitesi ve mali kaynaklar\u0131;<\/p>\n\n\n\n<p style=\"padding-right:var(--wp--preset--spacing--50);padding-left:var(--wp--preset--spacing--50)\">- Evlili\u011fin her bir taraf\u0131n\u0131n ve \u00e7ocuklar\u0131n\u0131n mali ihtiya\u00e7lar\u0131;<\/p>\n\n\n\n<p style=\"padding-right:var(--wp--preset--spacing--50);padding-left:var(--wp--preset--spacing--50)\">- Evlilik s\u00fcresince sahip olunan ya\u015fam standard\u0131;<\/p>\n\n\n\n<p style=\"padding-right:var(--wp--preset--spacing--50);padding-left:var(--wp--preset--spacing--50)\">- Her bir ki\u015finin ya\u015f\u0131.<\/p>\n\n\n\n<p style=\"padding-top:var(--wp--preset--spacing--20);padding-right:0;padding-bottom:var(--wp--preset--spacing--20);padding-left:0\">Ekibimizin aile hukuku alan\u0131ndaki deneyimi, davan\u0131z i\u00e7in ger\u00e7ek\u00e7i ve pratik tavsiyeler alman\u0131z\u0131 sa\u011flamak i\u00e7in tavsiyelerimizin t\u00fcm bu fakt\u00f6rleri dikkate ald\u0131\u011f\u0131ndan emin olma konusunda uzman oldu\u011fumuz anlam\u0131na gelir. Bu tavsiyeyi verirken, yasal \u00fccretlerinize \u015feffaf bir yakla\u015f\u0131mla birlikte davan\u0131z\u0131n ilerlemesi i\u00e7in makul bir zaman \u00e7izelgesi olu\u015fturmaya odaklanaca\u011f\u0131z.<\/p>","protected":false},"excerpt":{"rendered":"<p>Financial Claims Every financial case is different, and the court\u2019s focus will always be upon achieving what is \u2018fair\u2019 in all the circumstances of the case. In some cases, fairness means splitting the assets on a 50\/50 basis, and in others, there may be justification for an uneven split. Whilst our advice on every case &hellip; <a href=\"https:\/\/rfblegal.co.uk\/tr\/hizmetler\/ki%cc%87si%cc%87sel-hukuk\/bosanma-aile\/mali%cc%87-talepler-ve-riza-emi%cc%87rleri%cc%87\/\">Devam\u0131<\/a><\/p>","protected":false},"author":1,"featured_media":2928,"parent":2344,"menu_order":0,"comment_status":"closed","ping_status":"closed","template":"tier3-template.blade.php","meta":{"_acf_changed":false,"om_disable_all_campaigns":false,"_uf_show_specific_survey":0,"_uf_disable_surveys":false,"footnotes":""},"class_list":["post-2350","page","type-page","status-publish","has-post-thumbnail","hentry"],"acf":[],"aioseo_notices":[],"yoast_head":"<!-- This site is optimized with the Yoast SEO plugin v27.2 - https:\/\/yoast.com\/product\/yoast-seo-wordpress\/ -->\n<title>Financial Claims and Consent Orders - RFB Legal<\/title>\n<meta name=\"description\" content=\"Financial Claims Every financial case is different, and the court\u2019s focus will always be upon achieving what is \u2018fair\u2019 in all the circumstances of the\" \/>\n<meta name=\"robots\" content=\"index, follow, max-snippet:-1, max-image-preview:large, max-video-preview:-1\" \/>\n<link rel=\"canonical\" href=\"https:\/\/rfblegal.co.uk\/tr\/hizmetler\/ki\u0307si\u0307sel-hukuk\/bosanma-aile\/mali\u0307-talepler-ve-riza-emi\u0307rleri\u0307\/\" \/>\n<meta property=\"og:locale\" content=\"tr_TR\" \/>\n<meta property=\"og:type\" content=\"article\" \/>\n<meta property=\"og:title\" content=\"Financial Claims and Consent Orders - RFB Legal\" \/>\n<meta property=\"og:description\" content=\"Financial Claims Every financial case is different, and the court\u2019s focus will always be upon achieving what is \u2018fair\u2019 in all the circumstances of the\" \/>\n<meta property=\"og:url\" content=\"https:\/\/rfblegal.co.uk\/tr\/hizmetler\/ki\u0307si\u0307sel-hukuk\/bosanma-aile\/mali\u0307-talepler-ve-riza-emi\u0307rleri\u0307\/\" \/>\n<meta property=\"og:site_name\" content=\"RFB Legal\" \/>\n<meta property=\"article:publisher\" content=\"https:\/\/www.facebook.com\/RFBLegal\/\" \/>\n<meta property=\"article:modified_time\" content=\"2024-02-23T08:28:47+00:00\" \/>\n<meta property=\"og:image\" content=\"https:\/\/rfblegal.co.uk\/wp-content\/uploads\/2024\/02\/Financial_Claims.jpg\" \/>\n\t<meta property=\"og:image:width\" content=\"1440\" \/>\n\t<meta property=\"og:image:height\" content=\"550\" \/>\n\t<meta property=\"og:image:type\" content=\"image\/jpeg\" \/>\n<meta name=\"twitter:card\" content=\"summary_large_image\" \/>\n<meta name=\"twitter:label1\" content=\"Est. reading time\" \/>\n\t<meta name=\"twitter:data1\" content=\"1 dakika\" \/>\n<script type=\"application\/ld+json\" class=\"yoast-schema-graph\">{\"@context\":\"https:\/\/schema.org\",\"@graph\":[{\"@type\":\"WebPage\",\"@id\":\"https:\/\/rfblegal.co.uk\/services\/personal-law\/divorce-family\/financial-claims-and-consent-orders\/\",\"url\":\"https:\/\/rfblegal.co.uk\/services\/personal-law\/divorce-family\/financial-claims-and-consent-orders\/\",\"name\":\"Financial Claims and Consent Orders - RFB Legal\",\"isPartOf\":{\"@id\":\"https:\/\/rfblegal.co.uk\/#website\"},\"primaryImageOfPage\":{\"@id\":\"https:\/\/rfblegal.co.uk\/services\/personal-law\/divorce-family\/financial-claims-and-consent-orders\/#primaryimage\"},\"image\":{\"@id\":\"https:\/\/rfblegal.co.uk\/services\/personal-law\/divorce-family\/financial-claims-and-consent-orders\/#primaryimage\"},\"thumbnailUrl\":\"https:\/\/rfblegal.co.uk\/wp-content\/uploads\/2024\/02\/Financial_Claims.jpg\",\"datePublished\":\"2024-02-21T14:57:08+00:00\",\"dateModified\":\"2024-02-23T08:28:47+00:00\",\"description\":\"Financial Claims Every financial case is different, and the court\u2019s focus will always be upon achieving what is \u2018fair\u2019 in all the circumstances of the\",\"breadcrumb\":{\"@id\":\"https:\/\/rfblegal.co.uk\/services\/personal-law\/divorce-family\/financial-claims-and-consent-orders\/#breadcrumb\"},\"inLanguage\":\"tr\",\"potentialAction\":[{\"@type\":\"ReadAction\",\"target\":[\"https:\/\/rfblegal.co.uk\/services\/personal-law\/divorce-family\/financial-claims-and-consent-orders\/\"]}]},{\"@type\":\"ImageObject\",\"inLanguage\":\"tr\",\"@id\":\"https:\/\/rfblegal.co.uk\/services\/personal-law\/divorce-family\/financial-claims-and-consent-orders\/#primaryimage\",\"url\":\"https:\/\/rfblegal.co.uk\/wp-content\/uploads\/2024\/02\/Financial_Claims.jpg\",\"contentUrl\":\"https:\/\/rfblegal.co.uk\/wp-content\/uploads\/2024\/02\/Financial_Claims.jpg\",\"width\":1440,\"height\":550},{\"@type\":\"BreadcrumbList\",\"@id\":\"https:\/\/rfblegal.co.uk\/services\/personal-law\/divorce-family\/financial-claims-and-consent-orders\/#breadcrumb\",\"itemListElement\":[{\"@type\":\"ListItem\",\"position\":1,\"name\":\"Home\",\"item\":\"https:\/\/rfblegal.co.uk\/\"},{\"@type\":\"ListItem\",\"position\":2,\"name\":\"Services\",\"item\":\"https:\/\/rfblegal.co.uk\/services\/\"},{\"@type\":\"ListItem\",\"position\":3,\"name\":\"Personal Law Services\",\"item\":\"https:\/\/rfblegal.co.uk\/services\/personal-law\/\"},{\"@type\":\"ListItem\",\"position\":4,\"name\":\"Divorce &amp; Family\",\"item\":\"https:\/\/rfblegal.co.uk\/services\/personal-law\/divorce-family\/\"},{\"@type\":\"ListItem\",\"position\":5,\"name\":\"Financial Claims and Consent Orders\"}]},{\"@type\":\"WebSite\",\"@id\":\"https:\/\/rfblegal.co.uk\/#website\",\"url\":\"https:\/\/rfblegal.co.uk\/\",\"name\":\"RFB Legal\",\"description\":\"\",\"publisher\":{\"@id\":\"https:\/\/rfblegal.co.uk\/#organization\"},\"potentialAction\":[{\"@type\":\"SearchAction\",\"target\":{\"@type\":\"EntryPoint\",\"urlTemplate\":\"https:\/\/rfblegal.co.uk\/?s={search_term_string}\"},\"query-input\":{\"@type\":\"PropertyValueSpecification\",\"valueRequired\":true,\"valueName\":\"search_term_string\"}}],\"inLanguage\":\"tr\"},{\"@type\":\"Organization\",\"@id\":\"https:\/\/rfblegal.co.uk\/#organization\",\"name\":\"RFB Legal\",\"url\":\"https:\/\/rfblegal.co.uk\/\",\"logo\":{\"@type\":\"ImageObject\",\"inLanguage\":\"tr\",\"@id\":\"https:\/\/rfblegal.co.uk\/#\/schema\/logo\/image\/\",\"url\":\"https:\/\/rfblegal.co.uk\/wp-content\/uploads\/2024\/01\/header_company_logo.svg\",\"contentUrl\":\"https:\/\/rfblegal.co.uk\/wp-content\/uploads\/2024\/01\/header_company_logo.svg\",\"caption\":\"RFB Legal\"},\"image\":{\"@id\":\"https:\/\/rfblegal.co.uk\/#\/schema\/logo\/image\/\"},\"sameAs\":[\"https:\/\/www.facebook.com\/RFBLegal\/\",\"https:\/\/www.linkedin.com\/uas\/login?session_redirect=company2012282\",\"https:\/\/www.instagram.com\/rfb_legal\/\"]}]}<\/script>\n<!-- \/ Yoast SEO plugin. -->","yoast_head_json":{"title":"Mali Talepler ve R\u0131za Emirleri - RFB Legal","description":"Mali Talepler Her mali dava farkl\u0131d\u0131r ve mahkemenin odak noktas\u0131 her zaman davan\u0131n t\u00fcm ko\u015fullar\u0131nda \u2018adil\u2019 olan\u0131 elde etmek olacakt\u0131r.","robots":{"index":"index","follow":"follow","max-snippet":"max-snippet:-1","max-image-preview":"max-image-preview:large","max-video-preview":"max-video-preview:-1"},"canonical":"https:\/\/rfblegal.co.uk\/tr\/hizmetler\/ki\u0307si\u0307sel-hukuk\/bosanma-aile\/mali\u0307-talepler-ve-riza-emi\u0307rleri\u0307\/","og_locale":"tr_TR","og_type":"article","og_title":"Financial Claims and Consent Orders - RFB Legal","og_description":"Financial Claims Every financial case is different, and the court\u2019s focus will always be upon achieving what is \u2018fair\u2019 in all the circumstances of the","og_url":"https:\/\/rfblegal.co.uk\/tr\/hizmetler\/ki\u0307si\u0307sel-hukuk\/bosanma-aile\/mali\u0307-talepler-ve-riza-emi\u0307rleri\u0307\/","og_site_name":"RFB Legal","article_publisher":"https:\/\/www.facebook.com\/RFBLegal\/","article_modified_time":"2024-02-23T08:28:47+00:00","og_image":[{"width":1440,"height":550,"url":"https:\/\/rfblegal.co.uk\/wp-content\/uploads\/2024\/02\/Financial_Claims.jpg","type":"image\/jpeg"}],"twitter_card":"summary_large_image","twitter_misc":{"Est. reading time":"1 dakika"},"schema":{"@context":"https:\/\/schema.org","@graph":[{"@type":"WebPage","@id":"https:\/\/rfblegal.co.uk\/services\/personal-law\/divorce-family\/financial-claims-and-consent-orders\/","url":"https:\/\/rfblegal.co.uk\/services\/personal-law\/divorce-family\/financial-claims-and-consent-orders\/","name":"Mali Talepler ve R\u0131za Emirleri - RFB Legal","isPartOf":{"@id":"https:\/\/rfblegal.co.uk\/#website"},"primaryImageOfPage":{"@id":"https:\/\/rfblegal.co.uk\/services\/personal-law\/divorce-family\/financial-claims-and-consent-orders\/#primaryimage"},"image":{"@id":"https:\/\/rfblegal.co.uk\/services\/personal-law\/divorce-family\/financial-claims-and-consent-orders\/#primaryimage"},"thumbnailUrl":"https:\/\/rfblegal.co.uk\/wp-content\/uploads\/2024\/02\/Financial_Claims.jpg","datePublished":"2024-02-21T14:57:08+00:00","dateModified":"2024-02-23T08:28:47+00:00","description":"Mali Talepler Her mali dava farkl\u0131d\u0131r ve mahkemenin odak noktas\u0131 her zaman davan\u0131n t\u00fcm ko\u015fullar\u0131nda \u2018adil\u2019 olan\u0131 elde etmek olacakt\u0131r.","breadcrumb":{"@id":"https:\/\/rfblegal.co.uk\/services\/personal-law\/divorce-family\/financial-claims-and-consent-orders\/#breadcrumb"},"inLanguage":"tr","potentialAction":[{"@type":"ReadAction","target":["https:\/\/rfblegal.co.uk\/services\/personal-law\/divorce-family\/financial-claims-and-consent-orders\/"]}]},{"@type":"ImageObject","inLanguage":"tr","@id":"https:\/\/rfblegal.co.uk\/services\/personal-law\/divorce-family\/financial-claims-and-consent-orders\/#primaryimage","url":"https:\/\/rfblegal.co.uk\/wp-content\/uploads\/2024\/02\/Financial_Claims.jpg","contentUrl":"https:\/\/rfblegal.co.uk\/wp-content\/uploads\/2024\/02\/Financial_Claims.jpg","width":1440,"height":550},{"@type":"BreadcrumbList","@id":"https:\/\/rfblegal.co.uk\/services\/personal-law\/divorce-family\/financial-claims-and-consent-orders\/#breadcrumb","itemListElement":[{"@type":"ListItem","position":1,"name":"Home","item":"https:\/\/rfblegal.co.uk\/"},{"@type":"ListItem","position":2,"name":"Services","item":"https:\/\/rfblegal.co.uk\/services\/"},{"@type":"ListItem","position":3,"name":"Personal Law Services","item":"https:\/\/rfblegal.co.uk\/services\/personal-law\/"},{"@type":"ListItem","position":4,"name":"Divorce &amp; Family","item":"https:\/\/rfblegal.co.uk\/services\/personal-law\/divorce-family\/"},{"@type":"ListItem","position":5,"name":"Financial Claims and Consent Orders"}]},{"@type":"WebSite","@id":"https:\/\/rfblegal.co.uk\/#website","url":"https:\/\/rfblegal.co.uk\/","name":"RFB Hukuk","description":"","publisher":{"@id":"https:\/\/rfblegal.co.uk\/#organization"},"potentialAction":[{"@type":"SearchAction","target":{"@type":"EntryPoint","urlTemplate":"https:\/\/rfblegal.co.uk\/?s={search_term_string}"},"query-input":{"@type":"PropertyValueSpecification","valueRequired":true,"valueName":"search_term_string"}}],"inLanguage":"tr"},{"@type":"Organization","@id":"https:\/\/rfblegal.co.uk\/#organization","name":"RFB Hukuk","url":"https:\/\/rfblegal.co.uk\/","logo":{"@type":"ImageObject","inLanguage":"tr","@id":"https:\/\/rfblegal.co.uk\/#\/schema\/logo\/image\/","url":"https:\/\/rfblegal.co.uk\/wp-content\/uploads\/2024\/01\/header_company_logo.svg","contentUrl":"https:\/\/rfblegal.co.uk\/wp-content\/uploads\/2024\/01\/header_company_logo.svg","caption":"RFB Legal"},"image":{"@id":"https:\/\/rfblegal.co.uk\/#\/schema\/logo\/image\/"},"sameAs":["https:\/\/www.facebook.com\/RFBLegal\/","https:\/\/www.linkedin.com\/uas\/login?session_redirect=company2012282","https:\/\/www.instagram.com\/rfb_legal\/"]}]}},"_links":{"self":[{"href":"https:\/\/rfblegal.co.uk\/tr\/wp-json\/wp\/v2\/pages\/2350","targetHints":{"allow":["GET"]}}],"collection":[{"href":"https:\/\/rfblegal.co.uk\/tr\/wp-json\/wp\/v2\/pages"}],"about":[{"href":"https:\/\/rfblegal.co.uk\/tr\/wp-json\/wp\/v2\/types\/page"}],"author":[{"embeddable":true,"href":"https:\/\/rfblegal.co.uk\/tr\/wp-json\/wp\/v2\/users\/1"}],"replies":[{"embeddable":true,"href":"https:\/\/rfblegal.co.uk\/tr\/wp-json\/wp\/v2\/comments?post=2350"}],"version-history":[{"count":0,"href":"https:\/\/rfblegal.co.uk\/tr\/wp-json\/wp\/v2\/pages\/2350\/revisions"}],"up":[{"embeddable":true,"href":"https:\/\/rfblegal.co.uk\/tr\/wp-json\/wp\/v2\/pages\/2344"}],"wp:featuredmedia":[{"embeddable":true,"href":"https:\/\/rfblegal.co.uk\/tr\/wp-json\/wp\/v2\/media\/2928"}],"wp:attachment":[{"href":"https:\/\/rfblegal.co.uk\/tr\/wp-json\/wp\/v2\/media?parent=2350"}],"curies":[{"name":"wp","href":"https:\/\/api.w.org\/{rel}","templated":true}]}}