{"id":2341,"date":"2024-02-21T14:50:05","date_gmt":"2024-02-21T14:50:05","guid":{"rendered":"https:\/\/rfblegal.co.uk\/?page_id=2341"},"modified":"2026-04-15T08:01:12","modified_gmt":"2026-04-15T08:01:12","slug":"mulkteki%cc%87-yararli-menfaatleri%cc%87n-guven-beyani","status":"publish","type":"page","link":"https:\/\/rfblegal.co.uk\/tr\/hizmetler\/ki%cc%87si%cc%87sel-hukuk\/vasiyetnameler-veraset-hizmetleri\/mulkteki%cc%87-yararli-menfaatleri%cc%87n-guven-beyani\/","title":{"rendered":"G\u00fcven Beyan\u0131 (M\u00fclkiyette \u0130ntifa Hakk\u0131)"},"content":{"rendered":"<h2 class=\"wp-block-heading has-2-xl-font-size\" style=\"padding-top:var(--wp--preset--spacing--20);padding-bottom:var(--wp--preset--spacing--20);font-style:normal;font-weight:600\">M\u00fclkiyetteki Yararlan\u0131c\u0131 Menfaatlerimizi Belirlemek \u0130\u00e7in G\u00fcven Beyanlar\u0131<\/h2>\n\n\n\n<h4 class=\"wp-block-heading has-lg-font-size\" style=\"padding-top:var(--wp--preset--spacing--20);padding-bottom:var(--wp--preset--spacing--20);font-style:normal;font-weight:500\"><strong>Bir m\u00fclk m\u00fc\u015fterek isimlerle sat\u0131n al\u0131nm\u0131\u015fsa, bu m\u00fclk ya m\u00fc\u015fterek kirac\u0131l\u0131k ya da ortak kirac\u0131l\u0131k \u015feklinde tutulabilir. M\u00fclk m\u00fc\u015fterek kirac\u0131 olarak tutulursa, sahiplerin farkl\u0131 hisseleri yoktur ve m\u00fclk otomatik olarak hayatta kalana ge\u00e7er.<\/strong><\/h4>\n\n\n\n<p style=\"padding-top:var(--wp--preset--spacing--20);padding-bottom:var(--wp--preset--spacing--20)\">E\u011fer al\u0131c\u0131lar sat\u0131n alma fiyat\u0131na, ipotek geri \u00f6demelerine veya tadilat masraflar\u0131na e\u015fit olmayan katk\u0131larda bulunuyorlarsa ve bunlar\u0131n m\u00fclk\u00fcn nihai sat\u0131\u015f\u0131nda tan\u0131nmas\u0131 isteniyorsa, m\u00fclk\u00fcn ortak kirac\u0131 olarak tutulmas\u0131 gerekecektir. Bu durumda her malik m\u00fclk\u00fcn ayr\u0131 bir pay\u0131na sahip olacakt\u0131r. Ayr\u0131ca bir g\u00fcven beyan\u0131 haz\u0131rlanmas\u0131 da tavsiye edilir. Bu belge, m\u00fclkteki ilgili \u00e7\u0131karlar\u0131n\u0131z\u0131 \u00f6zetleyecek ve m\u00fclke ba\u015flang\u0131\u00e7ta veya gelecekte yapaca\u011f\u0131n\u0131z katk\u0131lar\u0131 koruyacakt\u0131r.<\/p>\n\n\n\n<p style=\"padding-top:var(--wp--preset--spacing--20);padding-bottom:var(--wp--preset--spacing--20)\">Daha sonra mal sahiplerinin ilgili katk\u0131lar\u0131nda herhangi bir de\u011fi\u015fiklik olursa, orijinalini de\u011fi\u015ftirmek i\u00e7in yeni bir g\u00fcven beyan\u0131 yapmak \u00f6nemlidir.&nbsp;<\/p>\n\n\n\n<p style=\"padding-top:var(--wp--preset--spacing--20);padding-bottom:var(--wp--preset--spacing--20)\">M\u00fclk\u00fcn yaln\u0131zca g\u00fcven beyan\u0131 ko\u015fullar\u0131na g\u00f6re sat\u0131labilmesini sa\u011flamak i\u00e7in Tapu Siciline bir k\u0131s\u0131tlama koymak m\u00fcmk\u00fcnd\u00fcr.<\/p>","protected":false},"excerpt":{"rendered":"<p>Declarations of Trust To Set Our Beneficial Interests in Property If a property is purchased in joint names, this can either be held on a joint tenancy or on a tenancy in common. If the property is held on a joint tenancy, the owners do not have distinct shares and the property would automatically pass &hellip; <a href=\"https:\/\/rfblegal.co.uk\/tr\/hizmetler\/ki%cc%87si%cc%87sel-hukuk\/vasiyetnameler-veraset-hizmetleri\/mulkteki%cc%87-yararli-menfaatleri%cc%87n-guven-beyani\/\">Continued<\/a><\/p>","protected":false},"author":1,"featured_media":2905,"parent":2295,"menu_order":0,"comment_status":"closed","ping_status":"closed","template":"tier3-template.blade.php","meta":{"_acf_changed":false,"om_disable_all_campaigns":false,"_uf_show_specific_survey":0,"_uf_disable_surveys":false,"footnotes":""},"class_list":["post-2341","page","type-page","status-publish","has-post-thumbnail","hentry"],"acf":[],"aioseo_notices":[],"yoast_head":"<!-- This site is optimized with the Yoast SEO plugin v27.2 - https:\/\/yoast.com\/product\/yoast-seo-wordpress\/ -->\n<title>Declaration of Trust (Beneficial Interests in Property) - RFB Legal<\/title>\n<meta name=\"description\" content=\"Declarations of Trust To Set Our Beneficial Interests in Property If a property is purchased in joint names, this can either be held on a joint tenancy or\" \/>\n<meta name=\"robots\" content=\"index, follow, max-snippet:-1, max-image-preview:large, max-video-preview:-1\" \/>\n<link rel=\"canonical\" href=\"https:\/\/rfblegal.co.uk\/tr\/hizmetler\/ki\u0307si\u0307sel-hukuk\/vasiyetnameler-veraset-hizmetleri\/mulkteki\u0307-yararli-menfaatleri\u0307n-guven-beyani\/\" \/>\n<meta property=\"og:locale\" content=\"tr_TR\" \/>\n<meta property=\"og:type\" content=\"article\" \/>\n<meta property=\"og:title\" content=\"Declaration of Trust (Beneficial Interests in Property) - RFB Legal\" \/>\n<meta property=\"og:description\" content=\"Declarations of Trust To Set Our Beneficial Interests in Property If a property is purchased in joint names, this can either be held on a joint tenancy or\" \/>\n<meta property=\"og:url\" content=\"https:\/\/rfblegal.co.uk\/tr\/hizmetler\/ki\u0307si\u0307sel-hukuk\/vasiyetnameler-veraset-hizmetleri\/mulkteki\u0307-yararli-menfaatleri\u0307n-guven-beyani\/\" \/>\n<meta property=\"og:site_name\" content=\"RFB Legal\" \/>\n<meta property=\"article:publisher\" content=\"https:\/\/www.facebook.com\/RFBLegal\/\" \/>\n<meta property=\"article:modified_time\" content=\"2026-04-15T08:01:12+00:00\" \/>\n<meta property=\"og:image\" content=\"https:\/\/rfblegal.co.uk\/wp-content\/uploads\/2024\/02\/Trust_services.jpg\" \/>\n\t<meta property=\"og:image:width\" content=\"1440\" \/>\n\t<meta property=\"og:image:height\" content=\"550\" \/>\n\t<meta property=\"og:image:type\" content=\"image\/jpeg\" \/>\n<meta name=\"twitter:card\" content=\"summary_large_image\" \/>\n<meta name=\"twitter:label1\" content=\"Est. reading time\" \/>\n\t<meta name=\"twitter:data1\" content=\"2 dakika\" \/>\n<script type=\"application\/ld+json\" class=\"yoast-schema-graph\">{\"@context\":\"https:\/\/schema.org\",\"@graph\":[{\"@type\":\"WebPage\",\"@id\":\"https:\/\/rfblegal.co.uk\/services\/personal-law\/wills-probate-services\/declaration-of-trust-beneficial-interests-in-property\/\",\"url\":\"https:\/\/rfblegal.co.uk\/services\/personal-law\/wills-probate-services\/declaration-of-trust-beneficial-interests-in-property\/\",\"name\":\"Declaration of Trust (Beneficial Interests in Property) - RFB Legal\",\"isPartOf\":{\"@id\":\"https:\/\/rfblegal.co.uk\/#website\"},\"primaryImageOfPage\":{\"@id\":\"https:\/\/rfblegal.co.uk\/services\/personal-law\/wills-probate-services\/declaration-of-trust-beneficial-interests-in-property\/#primaryimage\"},\"image\":{\"@id\":\"https:\/\/rfblegal.co.uk\/services\/personal-law\/wills-probate-services\/declaration-of-trust-beneficial-interests-in-property\/#primaryimage\"},\"thumbnailUrl\":\"https:\/\/rfblegal.co.uk\/wp-content\/uploads\/2024\/02\/Trust_services.jpg\",\"datePublished\":\"2024-02-21T14:50:05+00:00\",\"dateModified\":\"2026-04-15T08:01:12+00:00\",\"description\":\"Declarations of Trust To Set Our Beneficial Interests in Property If a property is purchased in joint names, this can either be held on a joint tenancy or\",\"breadcrumb\":{\"@id\":\"https:\/\/rfblegal.co.uk\/services\/personal-law\/wills-probate-services\/declaration-of-trust-beneficial-interests-in-property\/#breadcrumb\"},\"inLanguage\":\"tr\",\"potentialAction\":[{\"@type\":\"ReadAction\",\"target\":[\"https:\/\/rfblegal.co.uk\/services\/personal-law\/wills-probate-services\/declaration-of-trust-beneficial-interests-in-property\/\"]}]},{\"@type\":\"ImageObject\",\"inLanguage\":\"tr\",\"@id\":\"https:\/\/rfblegal.co.uk\/services\/personal-law\/wills-probate-services\/declaration-of-trust-beneficial-interests-in-property\/#primaryimage\",\"url\":\"https:\/\/rfblegal.co.uk\/wp-content\/uploads\/2024\/02\/Trust_services.jpg\",\"contentUrl\":\"https:\/\/rfblegal.co.uk\/wp-content\/uploads\/2024\/02\/Trust_services.jpg\",\"width\":1440,\"height\":550},{\"@type\":\"BreadcrumbList\",\"@id\":\"https:\/\/rfblegal.co.uk\/services\/personal-law\/wills-probate-services\/declaration-of-trust-beneficial-interests-in-property\/#breadcrumb\",\"itemListElement\":[{\"@type\":\"ListItem\",\"position\":1,\"name\":\"Home\",\"item\":\"https:\/\/rfblegal.co.uk\/\"},{\"@type\":\"ListItem\",\"position\":2,\"name\":\"Services\",\"item\":\"https:\/\/rfblegal.co.uk\/services\/\"},{\"@type\":\"ListItem\",\"position\":3,\"name\":\"Personal Law Services\",\"item\":\"https:\/\/rfblegal.co.uk\/services\/personal-law\/\"},{\"@type\":\"ListItem\",\"position\":4,\"name\":\"Wills &amp; Probate Services\",\"item\":\"https:\/\/rfblegal.co.uk\/services\/personal-law\/wills-probate-services\/\"},{\"@type\":\"ListItem\",\"position\":5,\"name\":\"Declaration of Trust (Beneficial Interests in Property)\"}]},{\"@type\":\"WebSite\",\"@id\":\"https:\/\/rfblegal.co.uk\/#website\",\"url\":\"https:\/\/rfblegal.co.uk\/\",\"name\":\"RFB Legal\",\"description\":\"\",\"publisher\":{\"@id\":\"https:\/\/rfblegal.co.uk\/#organization\"},\"potentialAction\":[{\"@type\":\"SearchAction\",\"target\":{\"@type\":\"EntryPoint\",\"urlTemplate\":\"https:\/\/rfblegal.co.uk\/?s={search_term_string}\"},\"query-input\":{\"@type\":\"PropertyValueSpecification\",\"valueRequired\":true,\"valueName\":\"search_term_string\"}}],\"inLanguage\":\"tr\"},{\"@type\":\"Organization\",\"@id\":\"https:\/\/rfblegal.co.uk\/#organization\",\"name\":\"RFB Legal\",\"url\":\"https:\/\/rfblegal.co.uk\/\",\"logo\":{\"@type\":\"ImageObject\",\"inLanguage\":\"tr\",\"@id\":\"https:\/\/rfblegal.co.uk\/#\/schema\/logo\/image\/\",\"url\":\"https:\/\/rfblegal.co.uk\/wp-content\/uploads\/2024\/01\/header_company_logo.svg\",\"contentUrl\":\"https:\/\/rfblegal.co.uk\/wp-content\/uploads\/2024\/01\/header_company_logo.svg\",\"caption\":\"RFB Legal\"},\"image\":{\"@id\":\"https:\/\/rfblegal.co.uk\/#\/schema\/logo\/image\/\"},\"sameAs\":[\"https:\/\/www.facebook.com\/RFBLegal\/\",\"https:\/\/www.linkedin.com\/uas\/login?session_redirect=company2012282\",\"https:\/\/www.instagram.com\/rfb_legal\/\"]}]}<\/script>\n<!-- \/ Yoast SEO plugin. -->","yoast_head_json":{"title":"G\u00fcven Beyan\u0131 (M\u00fclkiyette Faydal\u0131 Menfaatler) - RFB Legal","description":"M\u00fclkiyetteki Faydal\u0131 Menfaatlerimizi Belirlemek \u0130\u00e7in G\u00fcven Beyanlar\u0131 Bir m\u00fclk ortak adlarla sat\u0131n al\u0131n\u0131rsa, bu ortak kirac\u0131l\u0131k veya","robots":{"index":"index","follow":"follow","max-snippet":"max-snippet:-1","max-image-preview":"max-image-preview:large","max-video-preview":"max-video-preview:-1"},"canonical":"https:\/\/rfblegal.co.uk\/tr\/hizmetler\/ki\u0307si\u0307sel-hukuk\/vasiyetnameler-veraset-hizmetleri\/mulkteki\u0307-yararli-menfaatleri\u0307n-guven-beyani\/","og_locale":"tr_TR","og_type":"article","og_title":"Declaration of Trust (Beneficial Interests in Property) - RFB Legal","og_description":"Declarations of Trust To Set Our Beneficial Interests in Property If a property is purchased in joint names, this can either be held on a joint tenancy or","og_url":"https:\/\/rfblegal.co.uk\/tr\/hizmetler\/ki\u0307si\u0307sel-hukuk\/vasiyetnameler-veraset-hizmetleri\/mulkteki\u0307-yararli-menfaatleri\u0307n-guven-beyani\/","og_site_name":"RFB Legal","article_publisher":"https:\/\/www.facebook.com\/RFBLegal\/","article_modified_time":"2026-04-15T08:01:12+00:00","og_image":[{"width":1440,"height":550,"url":"https:\/\/rfblegal.co.uk\/wp-content\/uploads\/2024\/02\/Trust_services.jpg","type":"image\/jpeg"}],"twitter_card":"summary_large_image","twitter_misc":{"Est. reading time":"2 dakika"},"schema":{"@context":"https:\/\/schema.org","@graph":[{"@type":"WebPage","@id":"https:\/\/rfblegal.co.uk\/services\/personal-law\/wills-probate-services\/declaration-of-trust-beneficial-interests-in-property\/","url":"https:\/\/rfblegal.co.uk\/services\/personal-law\/wills-probate-services\/declaration-of-trust-beneficial-interests-in-property\/","name":"G\u00fcven Beyan\u0131 (M\u00fclkiyette Faydal\u0131 Menfaatler) - RFB Legal","isPartOf":{"@id":"https:\/\/rfblegal.co.uk\/#website"},"primaryImageOfPage":{"@id":"https:\/\/rfblegal.co.uk\/services\/personal-law\/wills-probate-services\/declaration-of-trust-beneficial-interests-in-property\/#primaryimage"},"image":{"@id":"https:\/\/rfblegal.co.uk\/services\/personal-law\/wills-probate-services\/declaration-of-trust-beneficial-interests-in-property\/#primaryimage"},"thumbnailUrl":"https:\/\/rfblegal.co.uk\/wp-content\/uploads\/2024\/02\/Trust_services.jpg","datePublished":"2024-02-21T14:50:05+00:00","dateModified":"2026-04-15T08:01:12+00:00","description":"M\u00fclkiyetteki Faydal\u0131 Menfaatlerimizi Belirlemek \u0130\u00e7in G\u00fcven Beyanlar\u0131 Bir m\u00fclk ortak adlarla sat\u0131n al\u0131n\u0131rsa, bu ortak kirac\u0131l\u0131k veya","breadcrumb":{"@id":"https:\/\/rfblegal.co.uk\/services\/personal-law\/wills-probate-services\/declaration-of-trust-beneficial-interests-in-property\/#breadcrumb"},"inLanguage":"tr","potentialAction":[{"@type":"ReadAction","target":["https:\/\/rfblegal.co.uk\/services\/personal-law\/wills-probate-services\/declaration-of-trust-beneficial-interests-in-property\/"]}]},{"@type":"ImageObject","inLanguage":"tr","@id":"https:\/\/rfblegal.co.uk\/services\/personal-law\/wills-probate-services\/declaration-of-trust-beneficial-interests-in-property\/#primaryimage","url":"https:\/\/rfblegal.co.uk\/wp-content\/uploads\/2024\/02\/Trust_services.jpg","contentUrl":"https:\/\/rfblegal.co.uk\/wp-content\/uploads\/2024\/02\/Trust_services.jpg","width":1440,"height":550},{"@type":"BreadcrumbList","@id":"https:\/\/rfblegal.co.uk\/services\/personal-law\/wills-probate-services\/declaration-of-trust-beneficial-interests-in-property\/#breadcrumb","itemListElement":[{"@type":"ListItem","position":1,"name":"Home","item":"https:\/\/rfblegal.co.uk\/"},{"@type":"ListItem","position":2,"name":"Services","item":"https:\/\/rfblegal.co.uk\/services\/"},{"@type":"ListItem","position":3,"name":"Personal Law Services","item":"https:\/\/rfblegal.co.uk\/services\/personal-law\/"},{"@type":"ListItem","position":4,"name":"Wills &amp; Probate Services","item":"https:\/\/rfblegal.co.uk\/services\/personal-law\/wills-probate-services\/"},{"@type":"ListItem","position":5,"name":"Declaration of Trust (Beneficial Interests in Property)"}]},{"@type":"WebSite","@id":"https:\/\/rfblegal.co.uk\/#website","url":"https:\/\/rfblegal.co.uk\/","name":"RFB Hukuk","description":"","publisher":{"@id":"https:\/\/rfblegal.co.uk\/#organization"},"potentialAction":[{"@type":"SearchAction","target":{"@type":"EntryPoint","urlTemplate":"https:\/\/rfblegal.co.uk\/?s={search_term_string}"},"query-input":{"@type":"PropertyValueSpecification","valueRequired":true,"valueName":"search_term_string"}}],"inLanguage":"tr"},{"@type":"Organization","@id":"https:\/\/rfblegal.co.uk\/#organization","name":"RFB Hukuk","url":"https:\/\/rfblegal.co.uk\/","logo":{"@type":"ImageObject","inLanguage":"tr","@id":"https:\/\/rfblegal.co.uk\/#\/schema\/logo\/image\/","url":"https:\/\/rfblegal.co.uk\/wp-content\/uploads\/2024\/01\/header_company_logo.svg","contentUrl":"https:\/\/rfblegal.co.uk\/wp-content\/uploads\/2024\/01\/header_company_logo.svg","caption":"RFB Legal"},"image":{"@id":"https:\/\/rfblegal.co.uk\/#\/schema\/logo\/image\/"},"sameAs":["https:\/\/www.facebook.com\/RFBLegal\/","https:\/\/www.linkedin.com\/uas\/login?session_redirect=company2012282","https:\/\/www.instagram.com\/rfb_legal\/"]}]}},"_links":{"self":[{"href":"https:\/\/rfblegal.co.uk\/tr\/wp-json\/wp\/v2\/pages\/2341","targetHints":{"allow":["GET"]}}],"collection":[{"href":"https:\/\/rfblegal.co.uk\/tr\/wp-json\/wp\/v2\/pages"}],"about":[{"href":"https:\/\/rfblegal.co.uk\/tr\/wp-json\/wp\/v2\/types\/page"}],"author":[{"embeddable":true,"href":"https:\/\/rfblegal.co.uk\/tr\/wp-json\/wp\/v2\/users\/1"}],"replies":[{"embeddable":true,"href":"https:\/\/rfblegal.co.uk\/tr\/wp-json\/wp\/v2\/comments?post=2341"}],"version-history":[{"count":1,"href":"https:\/\/rfblegal.co.uk\/tr\/wp-json\/wp\/v2\/pages\/2341\/revisions"}],"predecessor-version":[{"id":9196,"href":"https:\/\/rfblegal.co.uk\/tr\/wp-json\/wp\/v2\/pages\/2341\/revisions\/9196"}],"up":[{"embeddable":true,"href":"https:\/\/rfblegal.co.uk\/tr\/wp-json\/wp\/v2\/pages\/2295"}],"wp:featuredmedia":[{"embeddable":true,"href":"https:\/\/rfblegal.co.uk\/tr\/wp-json\/wp\/v2\/media\/2905"}],"wp:attachment":[{"href":"https:\/\/rfblegal.co.uk\/tr\/wp-json\/wp\/v2\/media?parent=2341"}],"curies":[{"name":"wp","href":"https:\/\/api.w.org\/{rel}","templated":true}]}}