{"id":2338,"date":"2024-02-21T14:49:16","date_gmt":"2024-02-21T14:49:16","guid":{"rendered":"https:\/\/rfblegal.co.uk\/?page_id=2338"},"modified":"2026-04-15T08:00:40","modified_gmt":"2026-04-15T08:00:40","slug":"offshore-trostler","status":"publish","type":"page","link":"https:\/\/rfblegal.co.uk\/tr\/hizmetler\/ki%cc%87si%cc%87sel-hukuk\/vasiyetnameler-veraset-hizmetleri\/offshore-trostler\/","title":{"rendered":"Offshore Tr\u00f6stleri"},"content":{"rendered":"<h2 class=\"wp-block-heading has-2-xl-font-size\" style=\"padding-top:var(--wp--preset--spacing--20);padding-bottom:var(--wp--preset--spacing--20);font-style:normal;font-weight:600\">Offshore Tr\u00f6stleri<\/h2>\n\n\n\n<p style=\"padding-top:var(--wp--preset--spacing--20);padding-bottom:var(--wp--preset--spacing--20)\">Y\u00fcksek net de\u011fere sahip bireyler, varl\u0131klar\u0131n\u0131 bir offshore tr\u00f6ste devretmeye karar verebilirler. Bu, Birle\u015fik Krall\u0131k'ta vergi m\u00fckellefi olmayan m\u00fctevelliler taraf\u0131ndan y\u00f6netilecek ve tr\u00f6st, yabanc\u0131 geliri \u00fczerinden Birle\u015fik Krall\u0131k gelir vergisinden muaf olacakt\u0131r. Belirli kriterlerin kar\u015f\u0131lanmas\u0131 halinde sermaye kazanc\u0131 vergisi kapsam\u0131 d\u0131\u015f\u0131nda da kalabilir.<\/p>\n\n\n\n<p style=\"padding-top:var(--wp--preset--spacing--20);padding-bottom:var(--wp--preset--spacing--20)\">Birle\u015fik Krall\u0131k'ta ikamet eden bir ki\u015fi taraf\u0131ndan olu\u015fturulan offshore tr\u00f6stler, Birle\u015fik Krall\u0131k'taki iste\u011fe ba\u011fl\u0131 tr\u00f6stlerle ayn\u0131 Birle\u015fik Krall\u0131k veraset vergisi kurallar\u0131na tabi olmaya devam edecektir.<\/p>","protected":false},"excerpt":{"rendered":"<p>Offshore Trusts High net worth individuals may decide to transfer their assets into an offshore trust. This would be managed by trustees who are not UK tax residents and the trust would be exempt from UK income tax on its foreign income. It may also fall outside the scope of capital gains tax if certain &hellip; <a href=\"https:\/\/rfblegal.co.uk\/tr\/hizmetler\/ki%cc%87si%cc%87sel-hukuk\/vasiyetnameler-veraset-hizmetleri\/offshore-trostler\/\">Devam\u0131<\/a><\/p>","protected":false},"author":1,"featured_media":2905,"parent":2295,"menu_order":0,"comment_status":"closed","ping_status":"closed","template":"tier3-template.blade.php","meta":{"_acf_changed":false,"om_disable_all_campaigns":false,"_uf_show_specific_survey":0,"_uf_disable_surveys":false,"footnotes":""},"class_list":["post-2338","page","type-page","status-publish","has-post-thumbnail","hentry"],"acf":[],"aioseo_notices":[],"yoast_head":"<!-- This site is optimized with the Yoast SEO plugin v27.2 - https:\/\/yoast.com\/product\/yoast-seo-wordpress\/ -->\n<title>Offshore Trusts - RFB Legal<\/title>\n<meta name=\"description\" content=\"Offshore Trusts High net worth individuals may decide to transfer their assets into an offshore trust. This would be managed by trustees who are not UK\" \/>\n<meta name=\"robots\" content=\"index, follow, max-snippet:-1, max-image-preview:large, max-video-preview:-1\" \/>\n<link rel=\"canonical\" href=\"https:\/\/rfblegal.co.uk\/tr\/hizmetler\/ki\u0307si\u0307sel-hukuk\/vasiyetnameler-veraset-hizmetleri\/offshore-trostler\/\" \/>\n<meta property=\"og:locale\" content=\"tr_TR\" \/>\n<meta property=\"og:type\" content=\"article\" \/>\n<meta property=\"og:title\" content=\"Offshore Trusts - RFB Legal\" \/>\n<meta property=\"og:description\" content=\"Offshore Trusts High net worth individuals may decide to transfer their assets into an offshore trust. This would be managed by trustees who are not UK\" \/>\n<meta property=\"og:url\" content=\"https:\/\/rfblegal.co.uk\/tr\/hizmetler\/ki\u0307si\u0307sel-hukuk\/vasiyetnameler-veraset-hizmetleri\/offshore-trostler\/\" \/>\n<meta property=\"og:site_name\" content=\"RFB Legal\" \/>\n<meta property=\"article:publisher\" content=\"https:\/\/www.facebook.com\/RFBLegal\/\" \/>\n<meta property=\"article:modified_time\" content=\"2026-04-15T08:00:40+00:00\" \/>\n<meta property=\"og:image\" content=\"https:\/\/rfblegal.co.uk\/wp-content\/uploads\/2024\/02\/Trust_services.jpg\" \/>\n\t<meta property=\"og:image:width\" content=\"1440\" \/>\n\t<meta property=\"og:image:height\" content=\"550\" \/>\n\t<meta property=\"og:image:type\" content=\"image\/jpeg\" \/>\n<meta name=\"twitter:card\" content=\"summary_large_image\" \/>\n<meta name=\"twitter:label1\" content=\"Est. reading time\" \/>\n\t<meta name=\"twitter:data1\" content=\"1 dakika\" \/>\n<script type=\"application\/ld+json\" class=\"yoast-schema-graph\">{\"@context\":\"https:\/\/schema.org\",\"@graph\":[{\"@type\":\"WebPage\",\"@id\":\"https:\/\/rfblegal.co.uk\/services\/personal-law\/wills-probate-services\/offshore-trusts\/\",\"url\":\"https:\/\/rfblegal.co.uk\/services\/personal-law\/wills-probate-services\/offshore-trusts\/\",\"name\":\"Offshore Trusts - RFB Legal\",\"isPartOf\":{\"@id\":\"https:\/\/rfblegal.co.uk\/#website\"},\"primaryImageOfPage\":{\"@id\":\"https:\/\/rfblegal.co.uk\/services\/personal-law\/wills-probate-services\/offshore-trusts\/#primaryimage\"},\"image\":{\"@id\":\"https:\/\/rfblegal.co.uk\/services\/personal-law\/wills-probate-services\/offshore-trusts\/#primaryimage\"},\"thumbnailUrl\":\"https:\/\/rfblegal.co.uk\/wp-content\/uploads\/2024\/02\/Trust_services.jpg\",\"datePublished\":\"2024-02-21T14:49:16+00:00\",\"dateModified\":\"2026-04-15T08:00:40+00:00\",\"description\":\"Offshore Trusts High net worth individuals may decide to transfer their assets into an offshore trust. This would be managed by trustees who are not UK\",\"breadcrumb\":{\"@id\":\"https:\/\/rfblegal.co.uk\/services\/personal-law\/wills-probate-services\/offshore-trusts\/#breadcrumb\"},\"inLanguage\":\"tr\",\"potentialAction\":[{\"@type\":\"ReadAction\",\"target\":[\"https:\/\/rfblegal.co.uk\/services\/personal-law\/wills-probate-services\/offshore-trusts\/\"]}]},{\"@type\":\"ImageObject\",\"inLanguage\":\"tr\",\"@id\":\"https:\/\/rfblegal.co.uk\/services\/personal-law\/wills-probate-services\/offshore-trusts\/#primaryimage\",\"url\":\"https:\/\/rfblegal.co.uk\/wp-content\/uploads\/2024\/02\/Trust_services.jpg\",\"contentUrl\":\"https:\/\/rfblegal.co.uk\/wp-content\/uploads\/2024\/02\/Trust_services.jpg\",\"width\":1440,\"height\":550},{\"@type\":\"BreadcrumbList\",\"@id\":\"https:\/\/rfblegal.co.uk\/services\/personal-law\/wills-probate-services\/offshore-trusts\/#breadcrumb\",\"itemListElement\":[{\"@type\":\"ListItem\",\"position\":1,\"name\":\"Home\",\"item\":\"https:\/\/rfblegal.co.uk\/\"},{\"@type\":\"ListItem\",\"position\":2,\"name\":\"Services\",\"item\":\"https:\/\/rfblegal.co.uk\/services\/\"},{\"@type\":\"ListItem\",\"position\":3,\"name\":\"Personal Law Services\",\"item\":\"https:\/\/rfblegal.co.uk\/services\/personal-law\/\"},{\"@type\":\"ListItem\",\"position\":4,\"name\":\"Wills &amp; Probate Services\",\"item\":\"https:\/\/rfblegal.co.uk\/services\/personal-law\/wills-probate-services\/\"},{\"@type\":\"ListItem\",\"position\":5,\"name\":\"Offshore Trusts\"}]},{\"@type\":\"WebSite\",\"@id\":\"https:\/\/rfblegal.co.uk\/#website\",\"url\":\"https:\/\/rfblegal.co.uk\/\",\"name\":\"RFB Legal\",\"description\":\"\",\"publisher\":{\"@id\":\"https:\/\/rfblegal.co.uk\/#organization\"},\"potentialAction\":[{\"@type\":\"SearchAction\",\"target\":{\"@type\":\"EntryPoint\",\"urlTemplate\":\"https:\/\/rfblegal.co.uk\/?s={search_term_string}\"},\"query-input\":{\"@type\":\"PropertyValueSpecification\",\"valueRequired\":true,\"valueName\":\"search_term_string\"}}],\"inLanguage\":\"tr\"},{\"@type\":\"Organization\",\"@id\":\"https:\/\/rfblegal.co.uk\/#organization\",\"name\":\"RFB Legal\",\"url\":\"https:\/\/rfblegal.co.uk\/\",\"logo\":{\"@type\":\"ImageObject\",\"inLanguage\":\"tr\",\"@id\":\"https:\/\/rfblegal.co.uk\/#\/schema\/logo\/image\/\",\"url\":\"https:\/\/rfblegal.co.uk\/wp-content\/uploads\/2024\/01\/header_company_logo.svg\",\"contentUrl\":\"https:\/\/rfblegal.co.uk\/wp-content\/uploads\/2024\/01\/header_company_logo.svg\",\"caption\":\"RFB Legal\"},\"image\":{\"@id\":\"https:\/\/rfblegal.co.uk\/#\/schema\/logo\/image\/\"},\"sameAs\":[\"https:\/\/www.facebook.com\/RFBLegal\/\",\"https:\/\/www.linkedin.com\/uas\/login?session_redirect=company2012282\",\"https:\/\/www.instagram.com\/rfb_legal\/\"]}]}<\/script>\n<!-- \/ Yoast SEO plugin. -->","yoast_head_json":{"title":"Offshore Tr\u00f6stleri - RFB Legal","description":"Offshore Tr\u00f6stleri Y\u00fcksek net de\u011fere sahip bireyler, varl\u0131klar\u0131n\u0131 bir offshore tr\u00f6st\u00fcne devretmeye karar verebilirler. Bu, Birle\u015fik Krall\u0131k olmayan m\u00fctevelliler taraf\u0131ndan y\u00f6netilecektir.","robots":{"index":"index","follow":"follow","max-snippet":"max-snippet:-1","max-image-preview":"max-image-preview:large","max-video-preview":"max-video-preview:-1"},"canonical":"https:\/\/rfblegal.co.uk\/tr\/hizmetler\/ki\u0307si\u0307sel-hukuk\/vasiyetnameler-veraset-hizmetleri\/offshore-trostler\/","og_locale":"tr_TR","og_type":"article","og_title":"Offshore Trusts - RFB Legal","og_description":"Offshore Trusts High net worth individuals may decide to transfer their assets into an offshore trust. This would be managed by trustees who are not UK","og_url":"https:\/\/rfblegal.co.uk\/tr\/hizmetler\/ki\u0307si\u0307sel-hukuk\/vasiyetnameler-veraset-hizmetleri\/offshore-trostler\/","og_site_name":"RFB Legal","article_publisher":"https:\/\/www.facebook.com\/RFBLegal\/","article_modified_time":"2026-04-15T08:00:40+00:00","og_image":[{"width":1440,"height":550,"url":"https:\/\/rfblegal.co.uk\/wp-content\/uploads\/2024\/02\/Trust_services.jpg","type":"image\/jpeg"}],"twitter_card":"summary_large_image","twitter_misc":{"Est. reading time":"1 dakika"},"schema":{"@context":"https:\/\/schema.org","@graph":[{"@type":"WebPage","@id":"https:\/\/rfblegal.co.uk\/services\/personal-law\/wills-probate-services\/offshore-trusts\/","url":"https:\/\/rfblegal.co.uk\/services\/personal-law\/wills-probate-services\/offshore-trusts\/","name":"Offshore Tr\u00f6stleri - RFB Legal","isPartOf":{"@id":"https:\/\/rfblegal.co.uk\/#website"},"primaryImageOfPage":{"@id":"https:\/\/rfblegal.co.uk\/services\/personal-law\/wills-probate-services\/offshore-trusts\/#primaryimage"},"image":{"@id":"https:\/\/rfblegal.co.uk\/services\/personal-law\/wills-probate-services\/offshore-trusts\/#primaryimage"},"thumbnailUrl":"https:\/\/rfblegal.co.uk\/wp-content\/uploads\/2024\/02\/Trust_services.jpg","datePublished":"2024-02-21T14:49:16+00:00","dateModified":"2026-04-15T08:00:40+00:00","description":"Offshore Tr\u00f6stleri Y\u00fcksek net de\u011fere sahip bireyler, varl\u0131klar\u0131n\u0131 bir offshore tr\u00f6st\u00fcne devretmeye karar verebilirler. Bu, Birle\u015fik Krall\u0131k olmayan m\u00fctevelliler taraf\u0131ndan y\u00f6netilecektir.","breadcrumb":{"@id":"https:\/\/rfblegal.co.uk\/services\/personal-law\/wills-probate-services\/offshore-trusts\/#breadcrumb"},"inLanguage":"tr","potentialAction":[{"@type":"ReadAction","target":["https:\/\/rfblegal.co.uk\/services\/personal-law\/wills-probate-services\/offshore-trusts\/"]}]},{"@type":"ImageObject","inLanguage":"tr","@id":"https:\/\/rfblegal.co.uk\/services\/personal-law\/wills-probate-services\/offshore-trusts\/#primaryimage","url":"https:\/\/rfblegal.co.uk\/wp-content\/uploads\/2024\/02\/Trust_services.jpg","contentUrl":"https:\/\/rfblegal.co.uk\/wp-content\/uploads\/2024\/02\/Trust_services.jpg","width":1440,"height":550},{"@type":"BreadcrumbList","@id":"https:\/\/rfblegal.co.uk\/services\/personal-law\/wills-probate-services\/offshore-trusts\/#breadcrumb","itemListElement":[{"@type":"ListItem","position":1,"name":"Home","item":"https:\/\/rfblegal.co.uk\/"},{"@type":"ListItem","position":2,"name":"Services","item":"https:\/\/rfblegal.co.uk\/services\/"},{"@type":"ListItem","position":3,"name":"Personal Law Services","item":"https:\/\/rfblegal.co.uk\/services\/personal-law\/"},{"@type":"ListItem","position":4,"name":"Wills &amp; Probate Services","item":"https:\/\/rfblegal.co.uk\/services\/personal-law\/wills-probate-services\/"},{"@type":"ListItem","position":5,"name":"Offshore Trusts"}]},{"@type":"WebSite","@id":"https:\/\/rfblegal.co.uk\/#website","url":"https:\/\/rfblegal.co.uk\/","name":"RFB Hukuk","description":"","publisher":{"@id":"https:\/\/rfblegal.co.uk\/#organization"},"potentialAction":[{"@type":"SearchAction","target":{"@type":"EntryPoint","urlTemplate":"https:\/\/rfblegal.co.uk\/?s={search_term_string}"},"query-input":{"@type":"PropertyValueSpecification","valueRequired":true,"valueName":"search_term_string"}}],"inLanguage":"tr"},{"@type":"Organization","@id":"https:\/\/rfblegal.co.uk\/#organization","name":"RFB Hukuk","url":"https:\/\/rfblegal.co.uk\/","logo":{"@type":"ImageObject","inLanguage":"tr","@id":"https:\/\/rfblegal.co.uk\/#\/schema\/logo\/image\/","url":"https:\/\/rfblegal.co.uk\/wp-content\/uploads\/2024\/01\/header_company_logo.svg","contentUrl":"https:\/\/rfblegal.co.uk\/wp-content\/uploads\/2024\/01\/header_company_logo.svg","caption":"RFB Legal"},"image":{"@id":"https:\/\/rfblegal.co.uk\/#\/schema\/logo\/image\/"},"sameAs":["https:\/\/www.facebook.com\/RFBLegal\/","https:\/\/www.linkedin.com\/uas\/login?session_redirect=company2012282","https:\/\/www.instagram.com\/rfb_legal\/"]}]}},"_links":{"self":[{"href":"https:\/\/rfblegal.co.uk\/tr\/wp-json\/wp\/v2\/pages\/2338","targetHints":{"allow":["GET"]}}],"collection":[{"href":"https:\/\/rfblegal.co.uk\/tr\/wp-json\/wp\/v2\/pages"}],"about":[{"href":"https:\/\/rfblegal.co.uk\/tr\/wp-json\/wp\/v2\/types\/page"}],"author":[{"embeddable":true,"href":"https:\/\/rfblegal.co.uk\/tr\/wp-json\/wp\/v2\/users\/1"}],"replies":[{"embeddable":true,"href":"https:\/\/rfblegal.co.uk\/tr\/wp-json\/wp\/v2\/comments?post=2338"}],"version-history":[{"count":1,"href":"https:\/\/rfblegal.co.uk\/tr\/wp-json\/wp\/v2\/pages\/2338\/revisions"}],"predecessor-version":[{"id":9195,"href":"https:\/\/rfblegal.co.uk\/tr\/wp-json\/wp\/v2\/pages\/2338\/revisions\/9195"}],"up":[{"embeddable":true,"href":"https:\/\/rfblegal.co.uk\/tr\/wp-json\/wp\/v2\/pages\/2295"}],"wp:featuredmedia":[{"embeddable":true,"href":"https:\/\/rfblegal.co.uk\/tr\/wp-json\/wp\/v2\/media\/2905"}],"wp:attachment":[{"href":"https:\/\/rfblegal.co.uk\/tr\/wp-json\/wp\/v2\/media?parent=2338"}],"curies":[{"name":"wp","href":"https:\/\/api.w.org\/{rel}","templated":true}]}}