{"id":2332,"date":"2024-02-21T14:47:05","date_gmt":"2024-02-21T14:47:05","guid":{"rendered":"https:\/\/rfblegal.co.uk\/?page_id=2332"},"modified":"2026-04-15T07:58:40","modified_gmt":"2026-04-15T07:58:40","slug":"savunmasiz-yararlanici-trostleri","status":"publish","type":"page","link":"https:\/\/rfblegal.co.uk\/tr\/hizmetler\/ki%cc%87si%cc%87sel-hukuk\/vasiyetnameler-veraset-hizmetleri\/savunmasiz-yararlanici-trostleri\/","title":{"rendered":"Savunmas\u0131z Yararlan\u0131c\u0131 Tr\u00f6stleri"},"content":{"rendered":"<h2 class=\"wp-block-heading has-2-xl-font-size\" style=\"padding-top:var(--wp--preset--spacing--20);padding-bottom:var(--wp--preset--spacing--20);font-style:normal;font-weight:600\">Savunmas\u0131z Yararlan\u0131c\u0131 Tr\u00f6stleri<\/h2>\n\n\n\n<p style=\"padding-top:var(--wp--preset--spacing--20);padding-bottom:var(--wp--preset--spacing--20)\">Ebeveynlerinden en az birini kaybetmi\u015f k\u00fc\u00e7\u00fckler ve belirli ko\u015fullardan muzdarip veya belirli yard\u0131mlardan yararlanan ki\u015filer yarar\u0131na olu\u015fturulan tr\u00f6stler i\u00e7in \u00f6zel vergi muamelesi vard\u0131r.<\/p>\n\n\n\n<p style=\"padding-top:var(--wp--preset--spacing--20);padding-bottom:var(--wp--preset--spacing--20)\">Faydalan\u0131c\u0131n\u0131n kendi \u00f6denekleri gelir vergisi ve sermaye kazanc\u0131 vergisi i\u00e7in kullan\u0131labilir. Varl\u0131klar savunmas\u0131z lehtar\u0131n yarar\u0131na transfer edildi\u011finde on y\u0131ll\u0131k y\u0131ld\u00f6n\u00fcm\u00fc \u00fccretlerine veya \u00e7\u0131k\u0131\u015f \u00fccretlerine tabi de\u011fildirler.<\/p>\n\n\n\n<p><\/p>","protected":false},"excerpt":{"rendered":"<p>Vulnerable Beneficiary Trusts There is special tax treatment for trusts created for the benefit of minors who have lost at least one of their parents and for people suffering from certain conditions or in receipt of particular benefits. The beneficiary\u2019s own allowances can be used for income tax and capital gains tax. They are not &hellip; <a href=\"https:\/\/rfblegal.co.uk\/tr\/hizmetler\/ki%cc%87si%cc%87sel-hukuk\/vasiyetnameler-veraset-hizmetleri\/savunmasiz-yararlanici-trostleri\/\">Devam\u0131<\/a><\/p>","protected":false},"author":1,"featured_media":2905,"parent":2295,"menu_order":0,"comment_status":"closed","ping_status":"closed","template":"tier3-template.blade.php","meta":{"_acf_changed":false,"om_disable_all_campaigns":false,"_uf_show_specific_survey":0,"_uf_disable_surveys":false,"footnotes":""},"class_list":["post-2332","page","type-page","status-publish","has-post-thumbnail","hentry"],"acf":[],"aioseo_notices":[],"yoast_head":"<!-- This site is optimized with the Yoast SEO plugin v27.2 - https:\/\/yoast.com\/product\/yoast-seo-wordpress\/ -->\n<title>Vulnerable Beneficiary Trusts - RFB Legal<\/title>\n<meta name=\"description\" content=\"Vulnerable Beneficiary Trusts There is special tax treatment for trusts created for the benefit of minors who have lost at least one of their parents and\" \/>\n<meta name=\"robots\" content=\"index, follow, max-snippet:-1, max-image-preview:large, max-video-preview:-1\" \/>\n<link rel=\"canonical\" href=\"https:\/\/rfblegal.co.uk\/tr\/hizmetler\/ki\u0307si\u0307sel-hukuk\/vasiyetnameler-veraset-hizmetleri\/savunmasiz-yararlanici-trostleri\/\" \/>\n<meta property=\"og:locale\" content=\"tr_TR\" \/>\n<meta property=\"og:type\" content=\"article\" \/>\n<meta property=\"og:title\" content=\"Vulnerable Beneficiary Trusts - RFB Legal\" \/>\n<meta property=\"og:description\" content=\"Vulnerable Beneficiary Trusts There is special tax treatment for trusts created for the benefit of minors who have lost at least one of their parents and\" \/>\n<meta property=\"og:url\" content=\"https:\/\/rfblegal.co.uk\/tr\/hizmetler\/ki\u0307si\u0307sel-hukuk\/vasiyetnameler-veraset-hizmetleri\/savunmasiz-yararlanici-trostleri\/\" \/>\n<meta property=\"og:site_name\" content=\"RFB Legal\" \/>\n<meta property=\"article:publisher\" content=\"https:\/\/www.facebook.com\/RFBLegal\/\" \/>\n<meta property=\"article:modified_time\" content=\"2026-04-15T07:58:40+00:00\" \/>\n<meta property=\"og:image\" content=\"https:\/\/rfblegal.co.uk\/wp-content\/uploads\/2024\/02\/Trust_services.jpg\" \/>\n\t<meta property=\"og:image:width\" content=\"1440\" \/>\n\t<meta property=\"og:image:height\" content=\"550\" \/>\n\t<meta property=\"og:image:type\" content=\"image\/jpeg\" \/>\n<meta name=\"twitter:card\" content=\"summary_large_image\" \/>\n<meta name=\"twitter:label1\" content=\"Est. reading time\" \/>\n\t<meta name=\"twitter:data1\" content=\"1 dakika\" \/>\n<script type=\"application\/ld+json\" class=\"yoast-schema-graph\">{\"@context\":\"https:\/\/schema.org\",\"@graph\":[{\"@type\":\"WebPage\",\"@id\":\"https:\/\/rfblegal.co.uk\/services\/personal-law\/wills-probate-services\/vulnerable-beneficiary-trusts\/\",\"url\":\"https:\/\/rfblegal.co.uk\/services\/personal-law\/wills-probate-services\/vulnerable-beneficiary-trusts\/\",\"name\":\"Vulnerable Beneficiary Trusts - RFB Legal\",\"isPartOf\":{\"@id\":\"https:\/\/rfblegal.co.uk\/#website\"},\"primaryImageOfPage\":{\"@id\":\"https:\/\/rfblegal.co.uk\/services\/personal-law\/wills-probate-services\/vulnerable-beneficiary-trusts\/#primaryimage\"},\"image\":{\"@id\":\"https:\/\/rfblegal.co.uk\/services\/personal-law\/wills-probate-services\/vulnerable-beneficiary-trusts\/#primaryimage\"},\"thumbnailUrl\":\"https:\/\/rfblegal.co.uk\/wp-content\/uploads\/2024\/02\/Trust_services.jpg\",\"datePublished\":\"2024-02-21T14:47:05+00:00\",\"dateModified\":\"2026-04-15T07:58:40+00:00\",\"description\":\"Vulnerable Beneficiary Trusts There is special tax treatment for trusts created for the benefit of minors who have lost at least one of their parents and\",\"breadcrumb\":{\"@id\":\"https:\/\/rfblegal.co.uk\/services\/personal-law\/wills-probate-services\/vulnerable-beneficiary-trusts\/#breadcrumb\"},\"inLanguage\":\"tr\",\"potentialAction\":[{\"@type\":\"ReadAction\",\"target\":[\"https:\/\/rfblegal.co.uk\/services\/personal-law\/wills-probate-services\/vulnerable-beneficiary-trusts\/\"]}]},{\"@type\":\"ImageObject\",\"inLanguage\":\"tr\",\"@id\":\"https:\/\/rfblegal.co.uk\/services\/personal-law\/wills-probate-services\/vulnerable-beneficiary-trusts\/#primaryimage\",\"url\":\"https:\/\/rfblegal.co.uk\/wp-content\/uploads\/2024\/02\/Trust_services.jpg\",\"contentUrl\":\"https:\/\/rfblegal.co.uk\/wp-content\/uploads\/2024\/02\/Trust_services.jpg\",\"width\":1440,\"height\":550},{\"@type\":\"BreadcrumbList\",\"@id\":\"https:\/\/rfblegal.co.uk\/services\/personal-law\/wills-probate-services\/vulnerable-beneficiary-trusts\/#breadcrumb\",\"itemListElement\":[{\"@type\":\"ListItem\",\"position\":1,\"name\":\"Home\",\"item\":\"https:\/\/rfblegal.co.uk\/\"},{\"@type\":\"ListItem\",\"position\":2,\"name\":\"Services\",\"item\":\"https:\/\/rfblegal.co.uk\/services\/\"},{\"@type\":\"ListItem\",\"position\":3,\"name\":\"Personal Law Services\",\"item\":\"https:\/\/rfblegal.co.uk\/services\/personal-law\/\"},{\"@type\":\"ListItem\",\"position\":4,\"name\":\"Wills &amp; Probate Services\",\"item\":\"https:\/\/rfblegal.co.uk\/services\/personal-law\/wills-probate-services\/\"},{\"@type\":\"ListItem\",\"position\":5,\"name\":\"Vulnerable Beneficiary Trusts\"}]},{\"@type\":\"WebSite\",\"@id\":\"https:\/\/rfblegal.co.uk\/#website\",\"url\":\"https:\/\/rfblegal.co.uk\/\",\"name\":\"RFB Legal\",\"description\":\"\",\"publisher\":{\"@id\":\"https:\/\/rfblegal.co.uk\/#organization\"},\"potentialAction\":[{\"@type\":\"SearchAction\",\"target\":{\"@type\":\"EntryPoint\",\"urlTemplate\":\"https:\/\/rfblegal.co.uk\/?s={search_term_string}\"},\"query-input\":{\"@type\":\"PropertyValueSpecification\",\"valueRequired\":true,\"valueName\":\"search_term_string\"}}],\"inLanguage\":\"tr\"},{\"@type\":\"Organization\",\"@id\":\"https:\/\/rfblegal.co.uk\/#organization\",\"name\":\"RFB Legal\",\"url\":\"https:\/\/rfblegal.co.uk\/\",\"logo\":{\"@type\":\"ImageObject\",\"inLanguage\":\"tr\",\"@id\":\"https:\/\/rfblegal.co.uk\/#\/schema\/logo\/image\/\",\"url\":\"https:\/\/rfblegal.co.uk\/wp-content\/uploads\/2024\/01\/header_company_logo.svg\",\"contentUrl\":\"https:\/\/rfblegal.co.uk\/wp-content\/uploads\/2024\/01\/header_company_logo.svg\",\"caption\":\"RFB Legal\"},\"image\":{\"@id\":\"https:\/\/rfblegal.co.uk\/#\/schema\/logo\/image\/\"},\"sameAs\":[\"https:\/\/www.facebook.com\/RFBLegal\/\",\"https:\/\/www.linkedin.com\/uas\/login?session_redirect=company2012282\",\"https:\/\/www.instagram.com\/rfb_legal\/\"]}]}<\/script>\n<!-- \/ Yoast SEO plugin. -->","yoast_head_json":{"title":"Savunmas\u0131z Yararlan\u0131c\u0131 Tr\u00f6stleri - RFB Legal","description":"Savunmas\u0131z Yararlan\u0131c\u0131 Tr\u00f6stleri Ebeveynlerinden en az birini kaybetmi\u015f k\u00fc\u00e7\u00fcklerin yarar\u0131na olu\u015fturulan tr\u00f6stler i\u00e7in \u00f6zel vergi muamelesi vard\u0131r ve","robots":{"index":"index","follow":"follow","max-snippet":"max-snippet:-1","max-image-preview":"max-image-preview:large","max-video-preview":"max-video-preview:-1"},"canonical":"https:\/\/rfblegal.co.uk\/tr\/hizmetler\/ki\u0307si\u0307sel-hukuk\/vasiyetnameler-veraset-hizmetleri\/savunmasiz-yararlanici-trostleri\/","og_locale":"tr_TR","og_type":"article","og_title":"Vulnerable Beneficiary Trusts - RFB Legal","og_description":"Vulnerable Beneficiary Trusts There is special tax treatment for trusts created for the benefit of minors who have lost at least one of their parents and","og_url":"https:\/\/rfblegal.co.uk\/tr\/hizmetler\/ki\u0307si\u0307sel-hukuk\/vasiyetnameler-veraset-hizmetleri\/savunmasiz-yararlanici-trostleri\/","og_site_name":"RFB Legal","article_publisher":"https:\/\/www.facebook.com\/RFBLegal\/","article_modified_time":"2026-04-15T07:58:40+00:00","og_image":[{"width":1440,"height":550,"url":"https:\/\/rfblegal.co.uk\/wp-content\/uploads\/2024\/02\/Trust_services.jpg","type":"image\/jpeg"}],"twitter_card":"summary_large_image","twitter_misc":{"Est. reading time":"1 dakika"},"schema":{"@context":"https:\/\/schema.org","@graph":[{"@type":"WebPage","@id":"https:\/\/rfblegal.co.uk\/services\/personal-law\/wills-probate-services\/vulnerable-beneficiary-trusts\/","url":"https:\/\/rfblegal.co.uk\/services\/personal-law\/wills-probate-services\/vulnerable-beneficiary-trusts\/","name":"Savunmas\u0131z Yararlan\u0131c\u0131 Tr\u00f6stleri - RFB Legal","isPartOf":{"@id":"https:\/\/rfblegal.co.uk\/#website"},"primaryImageOfPage":{"@id":"https:\/\/rfblegal.co.uk\/services\/personal-law\/wills-probate-services\/vulnerable-beneficiary-trusts\/#primaryimage"},"image":{"@id":"https:\/\/rfblegal.co.uk\/services\/personal-law\/wills-probate-services\/vulnerable-beneficiary-trusts\/#primaryimage"},"thumbnailUrl":"https:\/\/rfblegal.co.uk\/wp-content\/uploads\/2024\/02\/Trust_services.jpg","datePublished":"2024-02-21T14:47:05+00:00","dateModified":"2026-04-15T07:58:40+00:00","description":"Savunmas\u0131z Yararlan\u0131c\u0131 Tr\u00f6stleri Ebeveynlerinden en az birini kaybetmi\u015f k\u00fc\u00e7\u00fcklerin yarar\u0131na olu\u015fturulan tr\u00f6stler i\u00e7in \u00f6zel vergi muamelesi vard\u0131r ve","breadcrumb":{"@id":"https:\/\/rfblegal.co.uk\/services\/personal-law\/wills-probate-services\/vulnerable-beneficiary-trusts\/#breadcrumb"},"inLanguage":"tr","potentialAction":[{"@type":"ReadAction","target":["https:\/\/rfblegal.co.uk\/services\/personal-law\/wills-probate-services\/vulnerable-beneficiary-trusts\/"]}]},{"@type":"ImageObject","inLanguage":"tr","@id":"https:\/\/rfblegal.co.uk\/services\/personal-law\/wills-probate-services\/vulnerable-beneficiary-trusts\/#primaryimage","url":"https:\/\/rfblegal.co.uk\/wp-content\/uploads\/2024\/02\/Trust_services.jpg","contentUrl":"https:\/\/rfblegal.co.uk\/wp-content\/uploads\/2024\/02\/Trust_services.jpg","width":1440,"height":550},{"@type":"BreadcrumbList","@id":"https:\/\/rfblegal.co.uk\/services\/personal-law\/wills-probate-services\/vulnerable-beneficiary-trusts\/#breadcrumb","itemListElement":[{"@type":"ListItem","position":1,"name":"Home","item":"https:\/\/rfblegal.co.uk\/"},{"@type":"ListItem","position":2,"name":"Services","item":"https:\/\/rfblegal.co.uk\/services\/"},{"@type":"ListItem","position":3,"name":"Personal Law Services","item":"https:\/\/rfblegal.co.uk\/services\/personal-law\/"},{"@type":"ListItem","position":4,"name":"Wills &amp; Probate Services","item":"https:\/\/rfblegal.co.uk\/services\/personal-law\/wills-probate-services\/"},{"@type":"ListItem","position":5,"name":"Vulnerable Beneficiary Trusts"}]},{"@type":"WebSite","@id":"https:\/\/rfblegal.co.uk\/#website","url":"https:\/\/rfblegal.co.uk\/","name":"RFB Hukuk","description":"","publisher":{"@id":"https:\/\/rfblegal.co.uk\/#organization"},"potentialAction":[{"@type":"SearchAction","target":{"@type":"EntryPoint","urlTemplate":"https:\/\/rfblegal.co.uk\/?s={search_term_string}"},"query-input":{"@type":"PropertyValueSpecification","valueRequired":true,"valueName":"search_term_string"}}],"inLanguage":"tr"},{"@type":"Organization","@id":"https:\/\/rfblegal.co.uk\/#organization","name":"RFB Hukuk","url":"https:\/\/rfblegal.co.uk\/","logo":{"@type":"ImageObject","inLanguage":"tr","@id":"https:\/\/rfblegal.co.uk\/#\/schema\/logo\/image\/","url":"https:\/\/rfblegal.co.uk\/wp-content\/uploads\/2024\/01\/header_company_logo.svg","contentUrl":"https:\/\/rfblegal.co.uk\/wp-content\/uploads\/2024\/01\/header_company_logo.svg","caption":"RFB Legal"},"image":{"@id":"https:\/\/rfblegal.co.uk\/#\/schema\/logo\/image\/"},"sameAs":["https:\/\/www.facebook.com\/RFBLegal\/","https:\/\/www.linkedin.com\/uas\/login?session_redirect=company2012282","https:\/\/www.instagram.com\/rfb_legal\/"]}]}},"_links":{"self":[{"href":"https:\/\/rfblegal.co.uk\/tr\/wp-json\/wp\/v2\/pages\/2332","targetHints":{"allow":["GET"]}}],"collection":[{"href":"https:\/\/rfblegal.co.uk\/tr\/wp-json\/wp\/v2\/pages"}],"about":[{"href":"https:\/\/rfblegal.co.uk\/tr\/wp-json\/wp\/v2\/types\/page"}],"author":[{"embeddable":true,"href":"https:\/\/rfblegal.co.uk\/tr\/wp-json\/wp\/v2\/users\/1"}],"replies":[{"embeddable":true,"href":"https:\/\/rfblegal.co.uk\/tr\/wp-json\/wp\/v2\/comments?post=2332"}],"version-history":[{"count":1,"href":"https:\/\/rfblegal.co.uk\/tr\/wp-json\/wp\/v2\/pages\/2332\/revisions"}],"predecessor-version":[{"id":9193,"href":"https:\/\/rfblegal.co.uk\/tr\/wp-json\/wp\/v2\/pages\/2332\/revisions\/9193"}],"up":[{"embeddable":true,"href":"https:\/\/rfblegal.co.uk\/tr\/wp-json\/wp\/v2\/pages\/2295"}],"wp:featuredmedia":[{"embeddable":true,"href":"https:\/\/rfblegal.co.uk\/tr\/wp-json\/wp\/v2\/media\/2905"}],"wp:attachment":[{"href":"https:\/\/rfblegal.co.uk\/tr\/wp-json\/wp\/v2\/media?parent=2332"}],"curies":[{"name":"wp","href":"https:\/\/api.w.org\/{rel}","templated":true}]}}