{"id":2329,"date":"2024-02-21T14:42:36","date_gmt":"2024-02-21T14:42:36","guid":{"rendered":"https:\/\/rfblegal.co.uk\/?page_id=2329"},"modified":"2026-04-15T07:57:52","modified_gmt":"2026-04-15T07:57:52","slug":"hayat-fai%cc%87zi%cc%87-trostleri%cc%87","status":"publish","type":"page","link":"https:\/\/rfblegal.co.uk\/tr\/hizmetler\/ki%cc%87si%cc%87sel-hukuk\/vasiyetnameler-veraset-hizmetleri\/hayat-fai%cc%87zi%cc%87-trostleri%cc%87\/","title":{"rendered":"Hayat Menfaati Tr\u00f6stleri"},"content":{"rendered":"<h2 class=\"wp-block-heading has-2-xl-font-size\" style=\"padding-top:var(--wp--preset--spacing--20);padding-bottom:var(--wp--preset--spacing--20);font-style:normal;font-weight:600\">Hayat Menfaati Tr\u00f6stleri<\/h2>\n\n\n\n<p style=\"padding-top:var(--wp--preset--spacing--20);padding-bottom:var(--wp--preset--spacing--20)\">Bir \u00f6m\u00fcr boyu faiz g\u00fcveni, bir yararlan\u0131c\u0131ya ya\u015famlar\u0131 boyunca g\u00fcven varl\u0131klar\u0131ndan yararlanma hakk\u0131 verir, ancak yararlan\u0131c\u0131n\u0131n \u00f6l\u00fcm\u00fcnden sonra ona ne olaca\u011f\u0131n\u0131 kontrol etmenizi sa\u011flar.<\/p>\n\n\n\n<p style=\"padding-top:var(--wp--preset--spacing--20);padding-bottom:var(--wp--preset--spacing--20)\">Bu, karma bir aile durumunda, hayatta kalan e\u015f i\u00e7in g\u00fcvence sa\u011flarken, varl\u0131klar\u0131n nihai olarak ama\u00e7lanan al\u0131c\u0131lara ge\u00e7mesini sa\u011flamak i\u00e7in yararl\u0131 olabilir.&nbsp;<\/p>","protected":false},"excerpt":{"rendered":"<p>Life Interest Trusts A life interest trust gives a beneficiary the right to benefit from the trust assets during their lifetime but enables you to control what happens to it after the death of the beneficiary. This can be useful in a blended family situation to provide security for a surviving spouse whilst ensuring that &hellip; <a href=\"https:\/\/rfblegal.co.uk\/tr\/hizmetler\/ki%cc%87si%cc%87sel-hukuk\/vasiyetnameler-veraset-hizmetleri\/hayat-fai%cc%87zi%cc%87-trostleri%cc%87\/\">Devam\u0131<\/a><\/p>","protected":false},"author":1,"featured_media":0,"parent":2295,"menu_order":0,"comment_status":"closed","ping_status":"closed","template":"tier3-template.blade.php","meta":{"_acf_changed":false,"om_disable_all_campaigns":false,"_uf_show_specific_survey":0,"_uf_disable_surveys":false,"footnotes":""},"class_list":["post-2329","page","type-page","status-publish","hentry"],"acf":[],"aioseo_notices":[],"yoast_head":"<!-- This site is optimized with the Yoast SEO plugin v27.2 - https:\/\/yoast.com\/product\/yoast-seo-wordpress\/ -->\n<title>Life Interest Trusts - RFB Legal<\/title>\n<meta name=\"description\" content=\"Life Interest Trusts A life interest trust gives a beneficiary the right to benefit from the trust assets during their lifetime but enables you to control\" \/>\n<meta name=\"robots\" content=\"index, follow, max-snippet:-1, max-image-preview:large, max-video-preview:-1\" \/>\n<link rel=\"canonical\" href=\"https:\/\/rfblegal.co.uk\/tr\/hizmetler\/ki\u0307si\u0307sel-hukuk\/vasiyetnameler-veraset-hizmetleri\/hayat-fai\u0307zi\u0307-trostleri\u0307\/\" \/>\n<meta property=\"og:locale\" content=\"tr_TR\" \/>\n<meta property=\"og:type\" content=\"article\" \/>\n<meta property=\"og:title\" content=\"Life Interest Trusts - RFB Legal\" \/>\n<meta property=\"og:description\" content=\"Life Interest Trusts A life interest trust gives a beneficiary the right to benefit from the trust assets during their lifetime but enables you to control\" \/>\n<meta property=\"og:url\" content=\"https:\/\/rfblegal.co.uk\/tr\/hizmetler\/ki\u0307si\u0307sel-hukuk\/vasiyetnameler-veraset-hizmetleri\/hayat-fai\u0307zi\u0307-trostleri\u0307\/\" \/>\n<meta property=\"og:site_name\" content=\"RFB Legal\" \/>\n<meta property=\"article:publisher\" content=\"https:\/\/www.facebook.com\/RFBLegal\/\" \/>\n<meta property=\"article:modified_time\" content=\"2026-04-15T07:57:52+00:00\" \/>\n<meta name=\"twitter:card\" content=\"summary_large_image\" \/>\n<meta name=\"twitter:label1\" content=\"Est. reading time\" \/>\n\t<meta name=\"twitter:data1\" content=\"1 dakika\" \/>\n<script type=\"application\/ld+json\" class=\"yoast-schema-graph\">{\"@context\":\"https:\/\/schema.org\",\"@graph\":[{\"@type\":\"WebPage\",\"@id\":\"https:\/\/rfblegal.co.uk\/services\/personal-law\/wills-probate-services\/life-interest-trusts\/\",\"url\":\"https:\/\/rfblegal.co.uk\/services\/personal-law\/wills-probate-services\/life-interest-trusts\/\",\"name\":\"Life Interest Trusts - RFB Legal\",\"isPartOf\":{\"@id\":\"https:\/\/rfblegal.co.uk\/#website\"},\"datePublished\":\"2024-02-21T14:42:36+00:00\",\"dateModified\":\"2026-04-15T07:57:52+00:00\",\"description\":\"Life Interest Trusts A life interest trust gives a beneficiary the right to benefit from the trust assets during their lifetime but enables you to control\",\"breadcrumb\":{\"@id\":\"https:\/\/rfblegal.co.uk\/services\/personal-law\/wills-probate-services\/life-interest-trusts\/#breadcrumb\"},\"inLanguage\":\"tr\",\"potentialAction\":[{\"@type\":\"ReadAction\",\"target\":[\"https:\/\/rfblegal.co.uk\/services\/personal-law\/wills-probate-services\/life-interest-trusts\/\"]}]},{\"@type\":\"BreadcrumbList\",\"@id\":\"https:\/\/rfblegal.co.uk\/services\/personal-law\/wills-probate-services\/life-interest-trusts\/#breadcrumb\",\"itemListElement\":[{\"@type\":\"ListItem\",\"position\":1,\"name\":\"Home\",\"item\":\"https:\/\/rfblegal.co.uk\/\"},{\"@type\":\"ListItem\",\"position\":2,\"name\":\"Services\",\"item\":\"https:\/\/rfblegal.co.uk\/services\/\"},{\"@type\":\"ListItem\",\"position\":3,\"name\":\"Personal Law Services\",\"item\":\"https:\/\/rfblegal.co.uk\/services\/personal-law\/\"},{\"@type\":\"ListItem\",\"position\":4,\"name\":\"Wills &amp; Probate Services\",\"item\":\"https:\/\/rfblegal.co.uk\/services\/personal-law\/wills-probate-services\/\"},{\"@type\":\"ListItem\",\"position\":5,\"name\":\"Life Interest Trusts\"}]},{\"@type\":\"WebSite\",\"@id\":\"https:\/\/rfblegal.co.uk\/#website\",\"url\":\"https:\/\/rfblegal.co.uk\/\",\"name\":\"RFB Legal\",\"description\":\"\",\"publisher\":{\"@id\":\"https:\/\/rfblegal.co.uk\/#organization\"},\"potentialAction\":[{\"@type\":\"SearchAction\",\"target\":{\"@type\":\"EntryPoint\",\"urlTemplate\":\"https:\/\/rfblegal.co.uk\/?s={search_term_string}\"},\"query-input\":{\"@type\":\"PropertyValueSpecification\",\"valueRequired\":true,\"valueName\":\"search_term_string\"}}],\"inLanguage\":\"tr\"},{\"@type\":\"Organization\",\"@id\":\"https:\/\/rfblegal.co.uk\/#organization\",\"name\":\"RFB Legal\",\"url\":\"https:\/\/rfblegal.co.uk\/\",\"logo\":{\"@type\":\"ImageObject\",\"inLanguage\":\"tr\",\"@id\":\"https:\/\/rfblegal.co.uk\/#\/schema\/logo\/image\/\",\"url\":\"https:\/\/rfblegal.co.uk\/wp-content\/uploads\/2024\/01\/header_company_logo.svg\",\"contentUrl\":\"https:\/\/rfblegal.co.uk\/wp-content\/uploads\/2024\/01\/header_company_logo.svg\",\"caption\":\"RFB Legal\"},\"image\":{\"@id\":\"https:\/\/rfblegal.co.uk\/#\/schema\/logo\/image\/\"},\"sameAs\":[\"https:\/\/www.facebook.com\/RFBLegal\/\",\"https:\/\/www.linkedin.com\/uas\/login?session_redirect=company2012282\",\"https:\/\/www.instagram.com\/rfb_legal\/\"]}]}<\/script>\n<!-- \/ Yoast SEO plugin. -->","yoast_head_json":{"title":"Hayat Menfaati Tr\u00f6stleri - RFB Legal","description":"Ya\u015fam Menfaati Tr\u00f6stleri Bir ya\u015fam menfaati tr\u00f6st\u00fc, bir yararlan\u0131c\u0131ya ya\u015famlar\u0131 boyunca tr\u00f6st varl\u0131klar\u0131ndan yararlanma hakk\u0131 verir, ancak sizin kontrol etmenizi sa\u011flar","robots":{"index":"index","follow":"follow","max-snippet":"max-snippet:-1","max-image-preview":"max-image-preview:large","max-video-preview":"max-video-preview:-1"},"canonical":"https:\/\/rfblegal.co.uk\/tr\/hizmetler\/ki\u0307si\u0307sel-hukuk\/vasiyetnameler-veraset-hizmetleri\/hayat-fai\u0307zi\u0307-trostleri\u0307\/","og_locale":"tr_TR","og_type":"article","og_title":"Life Interest Trusts - RFB Legal","og_description":"Life Interest Trusts A life interest trust gives a beneficiary the right to benefit from the trust assets during their lifetime but enables you to control","og_url":"https:\/\/rfblegal.co.uk\/tr\/hizmetler\/ki\u0307si\u0307sel-hukuk\/vasiyetnameler-veraset-hizmetleri\/hayat-fai\u0307zi\u0307-trostleri\u0307\/","og_site_name":"RFB Legal","article_publisher":"https:\/\/www.facebook.com\/RFBLegal\/","article_modified_time":"2026-04-15T07:57:52+00:00","twitter_card":"summary_large_image","twitter_misc":{"Est. reading time":"1 dakika"},"schema":{"@context":"https:\/\/schema.org","@graph":[{"@type":"WebPage","@id":"https:\/\/rfblegal.co.uk\/services\/personal-law\/wills-probate-services\/life-interest-trusts\/","url":"https:\/\/rfblegal.co.uk\/services\/personal-law\/wills-probate-services\/life-interest-trusts\/","name":"Hayat Menfaati Tr\u00f6stleri - RFB Legal","isPartOf":{"@id":"https:\/\/rfblegal.co.uk\/#website"},"datePublished":"2024-02-21T14:42:36+00:00","dateModified":"2026-04-15T07:57:52+00:00","description":"Ya\u015fam Menfaati Tr\u00f6stleri Bir ya\u015fam menfaati tr\u00f6st\u00fc, bir yararlan\u0131c\u0131ya ya\u015famlar\u0131 boyunca tr\u00f6st varl\u0131klar\u0131ndan yararlanma hakk\u0131 verir, ancak sizin kontrol etmenizi sa\u011flar","breadcrumb":{"@id":"https:\/\/rfblegal.co.uk\/services\/personal-law\/wills-probate-services\/life-interest-trusts\/#breadcrumb"},"inLanguage":"tr","potentialAction":[{"@type":"ReadAction","target":["https:\/\/rfblegal.co.uk\/services\/personal-law\/wills-probate-services\/life-interest-trusts\/"]}]},{"@type":"BreadcrumbList","@id":"https:\/\/rfblegal.co.uk\/services\/personal-law\/wills-probate-services\/life-interest-trusts\/#breadcrumb","itemListElement":[{"@type":"ListItem","position":1,"name":"Home","item":"https:\/\/rfblegal.co.uk\/"},{"@type":"ListItem","position":2,"name":"Services","item":"https:\/\/rfblegal.co.uk\/services\/"},{"@type":"ListItem","position":3,"name":"Personal Law Services","item":"https:\/\/rfblegal.co.uk\/services\/personal-law\/"},{"@type":"ListItem","position":4,"name":"Wills &amp; Probate Services","item":"https:\/\/rfblegal.co.uk\/services\/personal-law\/wills-probate-services\/"},{"@type":"ListItem","position":5,"name":"Life Interest Trusts"}]},{"@type":"WebSite","@id":"https:\/\/rfblegal.co.uk\/#website","url":"https:\/\/rfblegal.co.uk\/","name":"RFB Hukuk","description":"","publisher":{"@id":"https:\/\/rfblegal.co.uk\/#organization"},"potentialAction":[{"@type":"SearchAction","target":{"@type":"EntryPoint","urlTemplate":"https:\/\/rfblegal.co.uk\/?s={search_term_string}"},"query-input":{"@type":"PropertyValueSpecification","valueRequired":true,"valueName":"search_term_string"}}],"inLanguage":"tr"},{"@type":"Organization","@id":"https:\/\/rfblegal.co.uk\/#organization","name":"RFB Hukuk","url":"https:\/\/rfblegal.co.uk\/","logo":{"@type":"ImageObject","inLanguage":"tr","@id":"https:\/\/rfblegal.co.uk\/#\/schema\/logo\/image\/","url":"https:\/\/rfblegal.co.uk\/wp-content\/uploads\/2024\/01\/header_company_logo.svg","contentUrl":"https:\/\/rfblegal.co.uk\/wp-content\/uploads\/2024\/01\/header_company_logo.svg","caption":"RFB Legal"},"image":{"@id":"https:\/\/rfblegal.co.uk\/#\/schema\/logo\/image\/"},"sameAs":["https:\/\/www.facebook.com\/RFBLegal\/","https:\/\/www.linkedin.com\/uas\/login?session_redirect=company2012282","https:\/\/www.instagram.com\/rfb_legal\/"]}]}},"_links":{"self":[{"href":"https:\/\/rfblegal.co.uk\/tr\/wp-json\/wp\/v2\/pages\/2329","targetHints":{"allow":["GET"]}}],"collection":[{"href":"https:\/\/rfblegal.co.uk\/tr\/wp-json\/wp\/v2\/pages"}],"about":[{"href":"https:\/\/rfblegal.co.uk\/tr\/wp-json\/wp\/v2\/types\/page"}],"author":[{"embeddable":true,"href":"https:\/\/rfblegal.co.uk\/tr\/wp-json\/wp\/v2\/users\/1"}],"replies":[{"embeddable":true,"href":"https:\/\/rfblegal.co.uk\/tr\/wp-json\/wp\/v2\/comments?post=2329"}],"version-history":[{"count":1,"href":"https:\/\/rfblegal.co.uk\/tr\/wp-json\/wp\/v2\/pages\/2329\/revisions"}],"predecessor-version":[{"id":9192,"href":"https:\/\/rfblegal.co.uk\/tr\/wp-json\/wp\/v2\/pages\/2329\/revisions\/9192"}],"up":[{"embeddable":true,"href":"https:\/\/rfblegal.co.uk\/tr\/wp-json\/wp\/v2\/pages\/2295"}],"wp:attachment":[{"href":"https:\/\/rfblegal.co.uk\/tr\/wp-json\/wp\/v2\/media?parent=2329"}],"curies":[{"name":"wp","href":"https:\/\/api.w.org\/{rel}","templated":true}]}}