{"id":2310,"date":"2024-02-21T14:35:40","date_gmt":"2024-02-21T14:35:40","guid":{"rendered":"https:\/\/rfblegal.co.uk\/?page_id=2310"},"modified":"2026-04-15T11:13:00","modified_gmt":"2026-04-15T11:13:00","slug":"contentious-trusts-and-probate","status":"publish","type":"page","link":"https:\/\/rfblegal.co.uk\/tr\/hizmetler\/ki%cc%87si%cc%87sel-hukuk\/contentious-trusts-and-probate\/","title":{"rendered":"Contentious Trusts &amp; Probate"},"content":{"rendered":"<h2 class=\"wp-block-heading has-2-xl-font-size\" style=\"padding-top:var(--wp--preset--spacing--20);padding-bottom:var(--wp--preset--spacing--20);font-style:normal;font-weight:600\">\u00c7eki\u015fmeli Tr\u00f6stler ve Veraset<\/h2>\n\n\n\n<h4 class=\"wp-block-heading has-lg-font-size\" style=\"padding-top:var(--wp--preset--spacing--20);padding-bottom:var(--wp--preset--spacing--20);font-style:normal;font-weight:500\"><strong>\u00c7eki\u015fmeli Tr\u00f6stler ve Veraset Departman\u0131, \u00d6zel M\u00fcvekkil, Dava ve Aile i\u015fleriyle de ilgilenen avukatlardan olu\u015fan \u00e7ok disiplinli bir ekiptir ve m\u00fcvekkillere tr\u00f6stler ve m\u00fclklerle ilgili taleplere yard\u0131mc\u0131 olmak i\u00e7in gerekli uzmanl\u0131\u011f\u0131 sa\u011flamam\u0131za olanak tan\u0131r.<\/strong><\/h4>\n\n\n\n<p style=\"padding-top:var(--wp--preset--spacing--20);padding-bottom:var(--wp--preset--spacing--20)\">Bir \u00f6l\u00fcm\u00fcn ard\u0131ndan aile anla\u015fmazl\u0131klar\u0131n\u0131n ortaya \u00e7\u0131kt\u0131\u011f\u0131 durumlarda vasilere, m\u00fctevellilere ve lehtarlara uzman tavsiyesi sa\u011flayabiliriz. Zaten zor olan bir zamanda stresi en aza indirmek i\u00e7in anla\u015fmazl\u0131klar\u0131 hassas bir \u015fekilde ve m\u00fcmk\u00fcn olan en k\u0131sa s\u00fcrede \u00e7\u00f6zmeyi ama\u00e7l\u0131yoruz.<\/p>\n\n\n\n<p style=\"padding-top:var(--wp--preset--spacing--20);padding-bottom:var(--wp--preset--spacing--20)\">Ekibimiz, bir vasiyetnamenin ge\u00e7erlili\u011fine ili\u015fkin iddialar\u0131n ileri s\u00fcr\u00fclmesi veya savunulmas\u0131 konusunda yard\u0131mc\u0131 olabilmektedir. Bunlar, vasiyetnamenin do\u011fru bir \u015fekilde yerine getirilip getirilmedi\u011fi veya merhumun vasiyetname yapma ehliyeti veya vasiyetnamenin i\u00e7eri\u011fi hakk\u0131nda bilgi ve onay\u0131 konusunda \u015f\u00fcphelerin oldu\u011fu ve vasiyetnamenin bask\u0131 veya doland\u0131r\u0131c\u0131l\u0131k yoluyla yap\u0131ld\u0131\u011f\u0131 iddialar\u0131n\u0131n bulundu\u011fu durumlarda ortaya \u00e7\u0131kabilir.<\/p>\n\n\n\n<p style=\"padding-top:var(--wp--preset--spacing--20);padding-bottom:var(--wp--preset--spacing--20)\">Ayr\u0131ca, 1975 tarihli Miras (Aile ve Bakmakla Y\u00fck\u00fcml\u00fc Olunan Ki\u015filer i\u00e7in Kar\u015f\u0131l\u0131k) Yasas\u0131 kapsam\u0131nda hayal k\u0131r\u0131kl\u0131\u011f\u0131na u\u011fram\u0131\u015f hak sahiplerinin, merhumun vasiyetnamesi veya vasiyetnamesi h\u00fck\u00fcmlerinin kendilerine terekeden yeterli bir pay b\u0131rakmad\u0131\u011f\u0131 gerek\u00e7esiyle yapt\u0131klar\u0131 makul kar\u015f\u0131l\u0131k talepleri konusunda da hareket ediyoruz.<\/p>\n\n\n\n<p style=\"padding-top:var(--wp--preset--spacing--20);padding-bottom:var(--wp--preset--spacing--20)\">Tr\u00f6stleri veya m\u00fclkleri y\u00f6netmek \u00fczere atananlar\u0131n g\u00f6revlerini d\u00fczg\u00fcn bir \u015fekilde yerine getirmedikleri g\u00f6r\u00fcld\u00fc\u011f\u00fcnde, daha fazla gecikmeyi, k\u00f6t\u00fc y\u00f6netimi veya \u00e7\u0131kar \u00e7at\u0131\u015fmalar\u0131n\u0131 \u00f6nlemeye \u00e7al\u0131\u015fmak i\u00e7in dahil olabiliriz. Gerekirse, m\u00fctevellilerin veya ki\u015fisel temsilcilerin g\u00f6revden al\u0131nmas\u0131 i\u00e7in mahkemeye ba\u015fvuruda bulunabiliriz.<\/p>\n\n\n\n<p style=\"padding-top:var(--wp--preset--spacing--20);padding-bottom:var(--wp--preset--spacing--20)\">Vasiyetnamede bir hata varsa ya da vasiyetnamenin \u015fartlar\u0131 net de\u011filse, d\u00fczeltilmesi ya da do\u011fru yorumlanmas\u0131 i\u00e7in Mahkemeye ba\u015fvurabiliriz.<\/p>\n\n\n\n<p style=\"padding-top:var(--wp--preset--spacing--20);padding-bottom:var(--wp--preset--spacing--20)\">Ayr\u0131ca, merhumun \u00f6l\u00fcm\u00fcnden sonra ortaya \u00e7\u0131kan ya\u015fam boyu hediyelerle ilgili anla\u015fmazl\u0131klar ve merhumun \u00f6l\u00fcm\u00fcnden sonra varl\u0131klar\u0131n\u0131 kimin alaca\u011f\u0131na dair vermi\u015f olabilece\u011fi s\u00f6zler konusunda da yard\u0131mc\u0131 olabiliriz.<\/p>\n\n\n\n<p style=\"padding-top:var(--wp--preset--spacing--20);padding-bottom:var(--wp--preset--spacing--20)\">\t\t\t\t\t\t<style>\r\n\t\t\t\t<style>\r\n#wpsm_accordion_2889 .wpsm_panel-heading{\r\n\tpadding:0px !important;\r\n}\r\n#wpsm_accordion_2889 .wpsm_panel-title {\r\n\tmargin:0px !important; \r\n\ttext-transform:none !important;\r\n\tline-height: 1 !important;\r\n}\r\n#wpsm_accordion_2889 .wpsm_panel-title a{\r\n\ttext-decoration:none;\r\n\toverflow:hidden;\r\n\tdisplay:block;\r\n\tpadding:0px;\r\n\tfont-size: 18px !important;\r\n\tfont-family: Open Sans !important;\r\n\tcolor:#000000 !important;\r\n\tborder-bottom:0px !important;\r\n}\r\n\r\n#wpsm_accordion_2889 .wpsm_panel-title a:focus {\r\noutline: 0px !important;\r\n}\r\n\r\n#wpsm_accordion_2889 .wpsm_panel-title a:hover, #wpsm_accordion_2889 .wpsm_panel-title a:focus {\r\n\tcolor:#000000 !important;\r\n}\r\n#wpsm_accordion_2889 .acc-a{\r\n\tcolor: #000000 !important;\r\n\tbackground-color:#e8e8e8 !important;\r\n\tborder-color: #ddd;\r\n}\r\n#wpsm_accordion_2889 .wpsm_panel-default > .wpsm_panel-heading{\r\n\tcolor: #000000 !important;\r\n\tbackground-color: #e8e8e8 !important;\r\n\tborder-color: #e8e8e8 !important;\r\n\tborder-top-left-radius: 0px;\r\n\tborder-top-right-radius: 0px;\r\n}\r\n#wpsm_accordion_2889 .wpsm_panel-default {\r\n\t\tborder:1px solid transparent !important;\r\n\t}\r\n#wpsm_accordion_2889 {\r\n\tmargin-bottom: 20px;\r\n\toverflow: hidden;\r\n\tfloat: none;\r\n\twidth: 100%;\r\n\tdisplay: block;\r\n}\r\n#wpsm_accordion_2889 .ac_title_class{\r\n\tdisplay: block;\r\n\tpadding-top: 12px;\r\n\tpadding-bottom: 12px;\r\n\tpadding-left: 15px;\r\n\tpadding-right: 15px;\r\n}\r\n#wpsm_accordion_2889  .wpsm_panel {\r\n\toverflow:hidden;\r\n\t-webkit-box-shadow: 0 0px 0px rgba(0, 0, 0, .05);\r\n\tbox-shadow: 0 0px 0px rgba(0, 0, 0, .05);\r\n\t\tborder-radius: 4px;\r\n\t}\r\n#wpsm_accordion_2889  .wpsm_panel + .wpsm_panel {\r\n\t\tmargin-top: 5px;\r\n\t}\r\n#wpsm_accordion_2889  .wpsm_panel-body{\r\n\tbackground-color:#ffffff !important;\r\n\tcolor:#000000 !important;\r\n\tborder-top-color: #e8e8e8 !important;\r\n\tfont-size:16px !important;\r\n\tfont-family: Open Sans !important;\r\n\toverflow: hidden;\r\n\t\tborder: 2px solid #e8e8e8 !important;\r\n\t}\r\n\r\n#wpsm_accordion_2889 .ac_open_cl_icon{\r\n\tbackground-color:#e8e8e8 !important;\r\n\tcolor: #000000 !important;\r\n\tfloat:right !important;\r\n\tpadding-top: 12px !important;\r\n\tpadding-bottom: 12px !important;\r\n\tline-height: 1.0 !important;\r\n\tpadding-left: 15px !important;\r\n\tpadding-right: 15px !important;\r\n\tdisplay: inline-block !important;\r\n}\r\n\r\n\t\t\t\r\n\t\t\t<\/style>\t\r\n\t\t\t<\/style>\r\n\t\t\t<div class=\"wpsm_panel-group\" id=\"wpsm_accordion_2889\" >\r\n\t\t\t\t\t\t\t\t\r\n\t\t\t\t\t<!-- Inner panel Start -->\r\n\t\t\t\t\t<div class=\"wpsm_panel wpsm_panel-default\">\r\n\t\t\t\t\t\t<div class=\"wpsm_panel-heading\" role=\"tab\" >\r\n\t\t\t\t\t\t  <h4 class=\"wpsm_panel-title\">\r\n\t\t\t\t\t\t\t<a  class=\"\"  data-toggle=\"collapse\" data-parent=\"#wpsm_accordion_2889 \" href=\"javascript:void(0)\" data-target=\"#ac_2889_collapse1\" onclick=\"do_resize()\">\r\n\t\t\t\t\t\t\t\t\t\t\t\t\t\t\t\t\t<span class=\"ac_open_cl_icon fa fa-minus\"><\/span>\r\n\t\t\t\t\t\t\t\t\t\r\n\t\t\t\t\t\t\t\t \r\n\t\t\t\t\t\t\t\t<span class=\"ac_title_class\">\r\n\t\t\t\t\t\t\t\t\tUZMANLIK :\t\t\t\t\t\t\t\t<\/span>\r\n\t\t\t\t\t\t\t<\/a>\r\n\t\t\t\t\t\t  <\/h4>\r\n\t\t\t\t\t\t<\/div>\r\n\t\t\t\t\t\t<div id=\"ac_2889_collapse1\" class=\"wpsm_panel-collapse collapse in\"  >\r\n\t\t\t\t\t\t  <div class=\"wpsm_panel-body\">\r\n\t\t\t\t\t\t\t&nbsp;\r\n\r\n\u00c7eki\u015fmeli Tr\u00f6stler ve Veraset Ekibimiz a\u015fa\u011f\u0131daki konularla ilgili ihtilaflarda g\u00f6rev almaktad\u0131r:\r\n<ul>\r\n \t<li>- Vasiyetnamelerin ge\u00e7erlili\u011fi<\/li>\r\n \t<li>- Miras Yasas\u0131 1975 talepleri<\/li>\r\n \t<li>- Vasilerin ve kayyumlar\u0131n g\u00f6revden al\u0131nmas\u0131<\/li>\r\n \t<li>- G\u00fcven ihlali<\/li>\r\n \t<li>- \u00d6m\u00fcr boyu transferler<\/li>\r\n \t<li>- M\u00fclkiyet hakk\u0131 iptali<\/li>\r\n \t<li>- Yap\u0131c\u0131 tr\u00f6stler<\/li>\r\n<\/ul>\r\n&nbsp;\t\t\t\t\t\t  <\/div>\r\n\t\t\t\t\t\t<\/div>\r\n\t\t\t\t\t<\/div>\r\n\t\t\t\t\t<!-- Inner panel End -->\r\n\t\t\t\t\t\r\n\t\t\t\t\t\t\t<\/div>\r\n\t\t\t\r\n<script type=\"text\/javascript\">\r\n\t\r\n\t\tfunction do_resize(){\r\n\r\n\t\t\tvar width=jQuery( '.wpsm_panel .wpsm_panel-body iframe' ).width();\r\n\t\t\tvar height=jQuery( '.wpsm_panel .wpsm_panel-body iframe' ).height();\r\n\r\n\t\t\tvar toggleSize = true;\r\n\t\t\tjQuery('iframe').animate({\r\n\t\t\t    width: toggleSize ? width : 640,\r\n\t\t\t    height: toggleSize ? height : 360\r\n\t\t\t  }, 250);\r\n\r\n\t\t\t  toggleSize = !toggleSize;\r\n\t\t}\r\n\t\t\r\n<\/script>\t<\/p>\n\n\n\n<h3 class=\"wp-block-heading\" style=\"padding-top:var(--wp--preset--spacing--20);padding-bottom:var(--wp--preset--spacing--20)\"><strong>Ek Bilgi<\/strong><\/h3>\n\n\n\n<ul class=\"wp-block-list\">\n<li>Haber Yazar\u0131:Chris O'Callaghan | Devorah Ormonde<\/li>\n<\/ul>","protected":false},"excerpt":{"rendered":"<p>Contentious Trusts and Probate The Contentious Trusts and Probate department is a multi-disciplinary team comprising solicitors who are also involved Private Client, Litigation and Family work to enable us to provide clients with the necessary expertise to assist with claims relating to trusts and estates. We can provide specialist advice to executors, trustees, beneficiaries in &hellip; <a href=\"https:\/\/rfblegal.co.uk\/tr\/?p=2889\">Devam\u0131<\/a><\/p>","protected":false},"author":1,"featured_media":2863,"parent":357,"menu_order":0,"comment_status":"closed","ping_status":"closed","template":"tier3-template.blade.php","meta":{"_acf_changed":false,"om_disable_all_campaigns":false,"_uf_show_specific_survey":0,"_uf_disable_surveys":false,"footnotes":""},"class_list":["post-2310","page","type-page","status-publish","has-post-thumbnail","hentry"],"acf":[],"aioseo_notices":[],"yoast_head":"<!-- This site is optimized with the Yoast SEO plugin v27.2 - https:\/\/yoast.com\/product\/yoast-seo-wordpress\/ -->\n<title>Contentious Trusts &amp; Probate - RFB Legal<\/title>\n<meta name=\"description\" content=\"Contentious Trusts and Probate The Contentious Trusts and Probate department is a multi-disciplinary team comprising solicitors who are also involved\" \/>\n<meta name=\"robots\" content=\"index, follow, max-snippet:-1, max-image-preview:large, max-video-preview:-1\" \/>\n<link rel=\"canonical\" href=\"https:\/\/rfblegal.co.uk\/tr\/hizmetler\/ki\u0307si\u0307sel-hukuk\/contentious-trusts-and-probate\/\" \/>\n<meta property=\"og:locale\" content=\"tr_TR\" \/>\n<meta property=\"og:type\" content=\"article\" \/>\n<meta property=\"og:title\" content=\"Contentious Trusts &amp; Probate - RFB Legal\" \/>\n<meta property=\"og:description\" content=\"Contentious Trusts and Probate The Contentious Trusts and Probate department is a multi-disciplinary team comprising solicitors who are also involved\" \/>\n<meta property=\"og:url\" content=\"https:\/\/rfblegal.co.uk\/tr\/hizmetler\/ki\u0307si\u0307sel-hukuk\/contentious-trusts-and-probate\/\" \/>\n<meta property=\"og:site_name\" content=\"RFB Legal\" \/>\n<meta property=\"article:publisher\" content=\"https:\/\/www.facebook.com\/RFBLegal\/\" \/>\n<meta property=\"article:modified_time\" content=\"2026-04-15T11:13:00+00:00\" \/>\n<meta property=\"og:image\" content=\"https:\/\/rfblegal.co.uk\/wp-content\/uploads\/2024\/02\/Contentious_Trusts_and_Probate-1.jpg\" \/>\n\t<meta property=\"og:image:width\" content=\"1440\" \/>\n\t<meta property=\"og:image:height\" content=\"550\" \/>\n\t<meta property=\"og:image:type\" content=\"image\/jpeg\" \/>\n<meta name=\"twitter:card\" content=\"summary_large_image\" \/>\n<meta name=\"twitter:label1\" content=\"Est. reading time\" \/>\n\t<meta name=\"twitter:data1\" content=\"2 minutes\" \/>\n<script type=\"application\/ld+json\" class=\"yoast-schema-graph\">{\"@context\":\"https:\/\/schema.org\",\"@graph\":[{\"@type\":\"WebPage\",\"@id\":\"https:\/\/rfblegal.co.uk\/services\/personal-law\/contentious-trusts-and-probate\/\",\"url\":\"https:\/\/rfblegal.co.uk\/services\/personal-law\/contentious-trusts-and-probate\/\",\"name\":\"Contentious Trusts &amp; Probate - RFB Legal\",\"isPartOf\":{\"@id\":\"https:\/\/rfblegal.co.uk\/#website\"},\"primaryImageOfPage\":{\"@id\":\"https:\/\/rfblegal.co.uk\/services\/personal-law\/contentious-trusts-and-probate\/#primaryimage\"},\"image\":{\"@id\":\"https:\/\/rfblegal.co.uk\/services\/personal-law\/contentious-trusts-and-probate\/#primaryimage\"},\"thumbnailUrl\":\"https:\/\/rfblegal.co.uk\/wp-content\/uploads\/2024\/02\/Contentious_Trusts_and_Probate-1.jpg\",\"datePublished\":\"2024-02-21T14:35:40+00:00\",\"dateModified\":\"2026-04-15T11:13:00+00:00\",\"description\":\"Contentious Trusts and Probate The Contentious Trusts and Probate department is a multi-disciplinary team comprising solicitors who are also involved\",\"breadcrumb\":{\"@id\":\"https:\/\/rfblegal.co.uk\/services\/personal-law\/contentious-trusts-and-probate\/#breadcrumb\"},\"inLanguage\":\"tr-TR\",\"potentialAction\":[{\"@type\":\"ReadAction\",\"target\":[\"https:\/\/rfblegal.co.uk\/services\/personal-law\/contentious-trusts-and-probate\/\"]}]},{\"@type\":\"ImageObject\",\"inLanguage\":\"tr-TR\",\"@id\":\"https:\/\/rfblegal.co.uk\/services\/personal-law\/contentious-trusts-and-probate\/#primaryimage\",\"url\":\"https:\/\/rfblegal.co.uk\/wp-content\/uploads\/2024\/02\/Contentious_Trusts_and_Probate-1.jpg\",\"contentUrl\":\"https:\/\/rfblegal.co.uk\/wp-content\/uploads\/2024\/02\/Contentious_Trusts_and_Probate-1.jpg\",\"width\":1440,\"height\":550},{\"@type\":\"BreadcrumbList\",\"@id\":\"https:\/\/rfblegal.co.uk\/services\/personal-law\/contentious-trusts-and-probate\/#breadcrumb\",\"itemListElement\":[{\"@type\":\"ListItem\",\"position\":1,\"name\":\"Home\",\"item\":\"https:\/\/rfblegal.co.uk\/\"},{\"@type\":\"ListItem\",\"position\":2,\"name\":\"Services\",\"item\":\"https:\/\/rfblegal.co.uk\/services\/\"},{\"@type\":\"ListItem\",\"position\":3,\"name\":\"Personal Law Services\",\"item\":\"https:\/\/rfblegal.co.uk\/services\/personal-law\/\"},{\"@type\":\"ListItem\",\"position\":4,\"name\":\"Contentious Trusts &amp; Probate\"}]},{\"@type\":\"WebSite\",\"@id\":\"https:\/\/rfblegal.co.uk\/#website\",\"url\":\"https:\/\/rfblegal.co.uk\/\",\"name\":\"RFB Legal\",\"description\":\"\",\"publisher\":{\"@id\":\"https:\/\/rfblegal.co.uk\/#organization\"},\"potentialAction\":[{\"@type\":\"SearchAction\",\"target\":{\"@type\":\"EntryPoint\",\"urlTemplate\":\"https:\/\/rfblegal.co.uk\/?s={search_term_string}\"},\"query-input\":{\"@type\":\"PropertyValueSpecification\",\"valueRequired\":true,\"valueName\":\"search_term_string\"}}],\"inLanguage\":\"tr-TR\"},{\"@type\":\"Organization\",\"@id\":\"https:\/\/rfblegal.co.uk\/#organization\",\"name\":\"RFB Legal\",\"url\":\"https:\/\/rfblegal.co.uk\/\",\"logo\":{\"@type\":\"ImageObject\",\"inLanguage\":\"tr-TR\",\"@id\":\"https:\/\/rfblegal.co.uk\/#\/schema\/logo\/image\/\",\"url\":\"https:\/\/rfblegal.co.uk\/wp-content\/uploads\/2024\/01\/header_company_logo.svg\",\"contentUrl\":\"https:\/\/rfblegal.co.uk\/wp-content\/uploads\/2024\/01\/header_company_logo.svg\",\"caption\":\"RFB Legal\"},\"image\":{\"@id\":\"https:\/\/rfblegal.co.uk\/#\/schema\/logo\/image\/\"},\"sameAs\":[\"https:\/\/www.facebook.com\/RFBLegal\/\",\"https:\/\/www.linkedin.com\/uas\/login?session_redirect=company2012282\",\"https:\/\/www.instagram.com\/rfb_legal\/\"]}]}<\/script>\n<!-- \/ Yoast SEO plugin. -->","yoast_head_json":{"title":"Contentious Trusts &amp; Probate - RFB Legal","description":"\u0130htilafl\u0131 Tr\u00f6stler ve Veraset \u0130htilafl\u0131 Tr\u00f6stler ve Veraset departman\u0131, avukatlardan olu\u015fan \u00e7ok disiplinli bir ekiptir ve ayn\u0131 zamanda","robots":{"index":"index","follow":"follow","max-snippet":"max-snippet:-1","max-image-preview":"max-image-preview:large","max-video-preview":"max-video-preview:-1"},"canonical":"https:\/\/rfblegal.co.uk\/tr\/hizmetler\/ki\u0307si\u0307sel-hukuk\/contentious-trusts-and-probate\/","og_locale":"tr_TR","og_type":"article","og_title":"Contentious Trusts &amp; Probate - RFB Legal","og_description":"Contentious Trusts and Probate The Contentious Trusts and Probate department is a multi-disciplinary team comprising solicitors who are also involved","og_url":"https:\/\/rfblegal.co.uk\/tr\/hizmetler\/ki\u0307si\u0307sel-hukuk\/contentious-trusts-and-probate\/","og_site_name":"RFB Legal","article_publisher":"https:\/\/www.facebook.com\/RFBLegal\/","article_modified_time":"2026-04-15T11:13:00+00:00","og_image":[{"width":1440,"height":550,"url":"https:\/\/rfblegal.co.uk\/wp-content\/uploads\/2024\/02\/Contentious_Trusts_and_Probate-1.jpg","type":"image\/jpeg"}],"twitter_card":"summary_large_image","twitter_misc":{"Est. reading time":"2 minutes"},"schema":{"@context":"https:\/\/schema.org","@graph":[{"@type":"WebPage","@id":"https:\/\/rfblegal.co.uk\/services\/personal-law\/contentious-trusts-and-probate\/","url":"https:\/\/rfblegal.co.uk\/services\/personal-law\/contentious-trusts-and-probate\/","name":"Contentious Trusts &amp; Probate - RFB Legal","isPartOf":{"@id":"https:\/\/rfblegal.co.uk\/#website"},"primaryImageOfPage":{"@id":"https:\/\/rfblegal.co.uk\/services\/personal-law\/contentious-trusts-and-probate\/#primaryimage"},"image":{"@id":"https:\/\/rfblegal.co.uk\/services\/personal-law\/contentious-trusts-and-probate\/#primaryimage"},"thumbnailUrl":"https:\/\/rfblegal.co.uk\/wp-content\/uploads\/2024\/02\/Contentious_Trusts_and_Probate-1.jpg","datePublished":"2024-02-21T14:35:40+00:00","dateModified":"2026-04-15T11:13:00+00:00","description":"\u0130htilafl\u0131 Tr\u00f6stler ve Veraset \u0130htilafl\u0131 Tr\u00f6stler ve Veraset departman\u0131, avukatlardan olu\u015fan \u00e7ok disiplinli bir ekiptir ve ayn\u0131 zamanda","breadcrumb":{"@id":"https:\/\/rfblegal.co.uk\/services\/personal-law\/contentious-trusts-and-probate\/#breadcrumb"},"inLanguage":"tr-TR","potentialAction":[{"@type":"ReadAction","target":["https:\/\/rfblegal.co.uk\/services\/personal-law\/contentious-trusts-and-probate\/"]}]},{"@type":"ImageObject","inLanguage":"tr-TR","@id":"https:\/\/rfblegal.co.uk\/services\/personal-law\/contentious-trusts-and-probate\/#primaryimage","url":"https:\/\/rfblegal.co.uk\/wp-content\/uploads\/2024\/02\/Contentious_Trusts_and_Probate-1.jpg","contentUrl":"https:\/\/rfblegal.co.uk\/wp-content\/uploads\/2024\/02\/Contentious_Trusts_and_Probate-1.jpg","width":1440,"height":550},{"@type":"BreadcrumbList","@id":"https:\/\/rfblegal.co.uk\/services\/personal-law\/contentious-trusts-and-probate\/#breadcrumb","itemListElement":[{"@type":"ListItem","position":1,"name":"Home","item":"https:\/\/rfblegal.co.uk\/"},{"@type":"ListItem","position":2,"name":"Services","item":"https:\/\/rfblegal.co.uk\/services\/"},{"@type":"ListItem","position":3,"name":"Personal Law Services","item":"https:\/\/rfblegal.co.uk\/services\/personal-law\/"},{"@type":"ListItem","position":4,"name":"Contentious Trusts &amp; Probate"}]},{"@type":"WebSite","@id":"https:\/\/rfblegal.co.uk\/#website","url":"https:\/\/rfblegal.co.uk\/","name":"RFB Hukuk","description":"","publisher":{"@id":"https:\/\/rfblegal.co.uk\/#organization"},"potentialAction":[{"@type":"SearchAction","target":{"@type":"EntryPoint","urlTemplate":"https:\/\/rfblegal.co.uk\/?s={search_term_string}"},"query-input":{"@type":"PropertyValueSpecification","valueRequired":true,"valueName":"search_term_string"}}],"inLanguage":"tr-TR"},{"@type":"Organization","@id":"https:\/\/rfblegal.co.uk\/#organization","name":"RFB Hukuk","url":"https:\/\/rfblegal.co.uk\/","logo":{"@type":"ImageObject","inLanguage":"tr-TR","@id":"https:\/\/rfblegal.co.uk\/#\/schema\/logo\/image\/","url":"https:\/\/rfblegal.co.uk\/wp-content\/uploads\/2024\/01\/header_company_logo.svg","contentUrl":"https:\/\/rfblegal.co.uk\/wp-content\/uploads\/2024\/01\/header_company_logo.svg","caption":"RFB Legal"},"image":{"@id":"https:\/\/rfblegal.co.uk\/#\/schema\/logo\/image\/"},"sameAs":["https:\/\/www.facebook.com\/RFBLegal\/","https:\/\/www.linkedin.com\/uas\/login?session_redirect=company2012282","https:\/\/www.instagram.com\/rfb_legal\/"]}]}},"_links":{"self":[{"href":"https:\/\/rfblegal.co.uk\/tr\/wp-json\/wp\/v2\/pages\/2310","targetHints":{"allow":["GET"]}}],"collection":[{"href":"https:\/\/rfblegal.co.uk\/tr\/wp-json\/wp\/v2\/pages"}],"about":[{"href":"https:\/\/rfblegal.co.uk\/tr\/wp-json\/wp\/v2\/types\/page"}],"author":[{"embeddable":true,"href":"https:\/\/rfblegal.co.uk\/tr\/wp-json\/wp\/v2\/users\/1"}],"replies":[{"embeddable":true,"href":"https:\/\/rfblegal.co.uk\/tr\/wp-json\/wp\/v2\/comments?post=2310"}],"version-history":[{"count":2,"href":"https:\/\/rfblegal.co.uk\/tr\/wp-json\/wp\/v2\/pages\/2310\/revisions"}],"predecessor-version":[{"id":9199,"href":"https:\/\/rfblegal.co.uk\/tr\/wp-json\/wp\/v2\/pages\/2310\/revisions\/9199"}],"up":[{"embeddable":true,"href":"https:\/\/rfblegal.co.uk\/tr\/wp-json\/wp\/v2\/pages\/357"}],"wp:featuredmedia":[{"embeddable":true,"href":"https:\/\/rfblegal.co.uk\/tr\/wp-json\/wp\/v2\/media\/2863"}],"wp:attachment":[{"href":"https:\/\/rfblegal.co.uk\/tr\/wp-json\/wp\/v2\/media?parent=2310"}],"curies":[{"name":"wp","href":"https:\/\/api.w.org\/{rel}","templated":true}]}}