{"id":2298,"date":"2024-02-21T14:31:51","date_gmt":"2024-02-21T14:31:51","guid":{"rendered":"https:\/\/rfblegal.co.uk\/?page_id=2298"},"modified":"2024-03-05T17:33:31","modified_gmt":"2024-03-05T17:33:31","slug":"vasi%cc%87yetname-ve-yonetmeli%cc%87kleri%cc%87n-hazirlanmasi","status":"publish","type":"page","link":"https:\/\/rfblegal.co.uk\/tr\/hizmetler\/ki%cc%87si%cc%87sel-hukuk\/vasiyetnameler-veraset-hizmetleri\/vasi%cc%87yetname-ve-yonetmeli%cc%87kleri%cc%87n-hazirlanmasi\/","title":{"rendered":"Vasiyetname Haz\u0131rlama ve Kodikiller"},"content":{"rendered":"<h2 class=\"wp-block-heading has-2-xl-font-size\" style=\"padding-top:var(--wp--preset--spacing--20);padding-bottom:var(--wp--preset--spacing--20);font-style:normal;font-weight:600\">Vasiyetnameler ve Kodikiller<\/h2>\n\n\n\n<h4 class=\"wp-block-heading has-lg-font-size\" style=\"padding-top:var(--wp--preset--spacing--20);padding-bottom:var(--wp--preset--spacing--20);font-style:normal;font-weight:500\"><strong>Vasiyetname haz\u0131rlamak, mal varl\u0131\u011f\u0131n\u0131z\u0131n kontrol\u00fcn\u00fc elinize alman\u0131z\u0131 ve \u00f6l\u00fcm\u00fcn\u00fcz halinde mal varl\u0131\u011f\u0131n\u0131z\u0131n istekleriniz do\u011frultusunda ge\u00e7mesini sa\u011flar. Ayr\u0131ca, mal varl\u0131\u011f\u0131n\u0131z\u0131 y\u00f6netmesi i\u00e7in g\u00fcvendi\u011finiz ki\u015fileri se\u00e7menize ve re\u015fit olmayan \u00e7ocuklar\u0131n vasilerini ataman\u0131za da olanak tan\u0131r.<\/strong><\/h4>\n\n\n\n<p style=\"padding-top:var(--wp--preset--spacing--20);padding-bottom:var(--wp--preset--spacing--20)\">Vasiyetnameler, \u00f6l\u00fcm\u00fcn\u00fczden sonra y\u00fcr\u00fcrl\u00fc\u011fe girmek \u00fczere tr\u00f6stler i\u00e7erebilir. K\u00fc\u00e7\u00fck ve savunmas\u0131z miras\u00e7\u0131lar\u0131n menfaatlerini korumak, m\u00fclk\u00fcn\u00fcz\u00fcn nas\u0131l da\u011f\u0131t\u0131laca\u011f\u0131 konusunda daha fazla esneklik sa\u011flamak ve bir orta\u011f\u0131n ya\u015fam\u0131n\u0131z boyunca evinizde ya\u015famaya devam etmesine izin verirken, bunun nihayetinde isteklerinize uygun olarak ge\u00e7mesini sa\u011flamak i\u00e7in tr\u00f6stlere ihtiya\u00e7 duyulabilir.<\/p>\n\n\n\n<p style=\"padding-top:var(--wp--preset--spacing--20);padding-bottom:var(--wp--preset--spacing--20)\">Vasiyetinizi g\u00f6zden ge\u00e7irmeniz ve ki\u015fisel durumunuzdaki de\u011fi\u015fiklikleri yans\u0131tmak i\u00e7in herhangi bir de\u011fi\u015fikli\u011fe ihtiya\u00e7 olup olmad\u0131\u011f\u0131n\u0131 de\u011ferlendirmeniz \u00f6nemlidir. Yasalardaki de\u011fi\u015fiklikler de Vasiyetnamenizde yapmak istediklerinizi etkileyebilir.<\/p>\n\n\n\n<p style=\"padding-top:var(--wp--preset--spacing--20);padding-bottom:var(--wp--preset--spacing--20)\">Codicil ile k\u00fc\u00e7\u00fck de\u011fi\u015fiklikler yap\u0131lmas\u0131 m\u00fcmk\u00fcn olabilir.<\/p>\n\n\n\n<p style=\"padding-top:var(--wp--preset--spacing--20);padding-bottom:var(--wp--preset--spacing--20)\">Savunmas\u0131z m\u00fcvekkillerle ilgilenme konusunda deneyim sahibiyiz ve Vasiyetname haz\u0131rlayan ki\u015finin zihinsel kapasitesiyle ilgili herhangi bir endi\u015fe varsa, bir Vasiyetnamenin ge\u00e7erli bir \u015fekilde uygulanmas\u0131n\u0131n nas\u0131l sa\u011flanaca\u011f\u0131 konusunda tavsiyelerde bulunabiliriz. Bir ki\u015finin ehliyetinin bulunmamas\u0131 halinde, Koruma Mahkemesine ba\u015fvuruda bulunarak kendi ad\u0131na bir Vasiyetname d\u00fczenlenmesine yard\u0131mc\u0131 olabiliriz.<\/p>\n\n\n\n<p style=\"padding-top:var(--wp--preset--spacing--20);padding-bottom:var(--wp--preset--spacing--20)\"><\/p>","protected":false},"excerpt":{"rendered":"<p>Wills and Codicils Preparing a Will allows you to take control of your estate and ensure that on your death, your assets pass in accordance with your wishes. It also enables you to choose people who you trust to administer your estate and to appoint guardians of minor children. Wills can incorporate trusts to take &hellip; <a href=\"https:\/\/rfblegal.co.uk\/tr\/hizmetler\/ki%cc%87si%cc%87sel-hukuk\/vasiyetnameler-veraset-hizmetleri\/vasi%cc%87yetname-ve-yonetmeli%cc%87kleri%cc%87n-hazirlanmasi\/\">Devam\u0131<\/a><\/p>","protected":false},"author":1,"featured_media":2861,"parent":2295,"menu_order":0,"comment_status":"closed","ping_status":"closed","template":"tier3-template.blade.php","meta":{"_acf_changed":false,"om_disable_all_campaigns":false,"_uf_show_specific_survey":0,"_uf_disable_surveys":false,"footnotes":""},"class_list":["post-2298","page","type-page","status-publish","has-post-thumbnail","hentry"],"acf":[],"aioseo_notices":[],"yoast_head":"<!-- This site is optimized with the Yoast SEO plugin v27.2 - https:\/\/yoast.com\/product\/yoast-seo-wordpress\/ -->\n<title>Making a Will and Codicils - RFB Legal<\/title>\n<meta name=\"description\" content=\"Wills and Codicils Preparing a Will allows you to take control of your estate and ensure that on your death, your assets pass in accordance with your\" \/>\n<meta name=\"robots\" content=\"index, follow, max-snippet:-1, max-image-preview:large, max-video-preview:-1\" \/>\n<link rel=\"canonical\" href=\"https:\/\/rfblegal.co.uk\/tr\/hizmetler\/ki\u0307si\u0307sel-hukuk\/vasiyetnameler-veraset-hizmetleri\/vasi\u0307yetname-ve-yonetmeli\u0307kleri\u0307n-hazirlanmasi\/\" \/>\n<meta property=\"og:locale\" content=\"tr_TR\" \/>\n<meta property=\"og:type\" content=\"article\" \/>\n<meta property=\"og:title\" content=\"Making a Will and Codicils - RFB Legal\" \/>\n<meta property=\"og:description\" content=\"Wills and Codicils Preparing a Will allows you to take control of your estate and ensure that on your death, your assets pass in accordance with your\" \/>\n<meta property=\"og:url\" content=\"https:\/\/rfblegal.co.uk\/tr\/hizmetler\/ki\u0307si\u0307sel-hukuk\/vasiyetnameler-veraset-hizmetleri\/vasi\u0307yetname-ve-yonetmeli\u0307kleri\u0307n-hazirlanmasi\/\" \/>\n<meta property=\"og:site_name\" content=\"RFB Legal\" \/>\n<meta property=\"article:publisher\" content=\"https:\/\/www.facebook.com\/RFBLegal\/\" \/>\n<meta property=\"article:modified_time\" content=\"2024-03-05T17:33:31+00:00\" \/>\n<meta property=\"og:image\" content=\"https:\/\/rfblegal.co.uk\/wp-content\/uploads\/2024\/02\/Probate_services.jpg\" \/>\n\t<meta property=\"og:image:width\" content=\"1440\" \/>\n\t<meta property=\"og:image:height\" content=\"550\" \/>\n\t<meta property=\"og:image:type\" content=\"image\/jpeg\" \/>\n<meta name=\"twitter:card\" content=\"summary_large_image\" \/>\n<meta name=\"twitter:label1\" content=\"Est. reading time\" \/>\n\t<meta name=\"twitter:data1\" content=\"2 dakika\" \/>\n<script type=\"application\/ld+json\" class=\"yoast-schema-graph\">{\"@context\":\"https:\/\/schema.org\",\"@graph\":[{\"@type\":\"WebPage\",\"@id\":\"https:\/\/rfblegal.co.uk\/services\/personal-law\/wills-probate-services\/making-a-will-and-codicils\/\",\"url\":\"https:\/\/rfblegal.co.uk\/services\/personal-law\/wills-probate-services\/making-a-will-and-codicils\/\",\"name\":\"Making a Will and Codicils - RFB Legal\",\"isPartOf\":{\"@id\":\"https:\/\/rfblegal.co.uk\/#website\"},\"primaryImageOfPage\":{\"@id\":\"https:\/\/rfblegal.co.uk\/services\/personal-law\/wills-probate-services\/making-a-will-and-codicils\/#primaryimage\"},\"image\":{\"@id\":\"https:\/\/rfblegal.co.uk\/services\/personal-law\/wills-probate-services\/making-a-will-and-codicils\/#primaryimage\"},\"thumbnailUrl\":\"https:\/\/rfblegal.co.uk\/wp-content\/uploads\/2024\/02\/Probate_services.jpg\",\"datePublished\":\"2024-02-21T14:31:51+00:00\",\"dateModified\":\"2024-03-05T17:33:31+00:00\",\"description\":\"Wills and Codicils Preparing a Will allows you to take control of your estate and ensure that on your death, your assets pass in accordance with your\",\"breadcrumb\":{\"@id\":\"https:\/\/rfblegal.co.uk\/services\/personal-law\/wills-probate-services\/making-a-will-and-codicils\/#breadcrumb\"},\"inLanguage\":\"tr\",\"potentialAction\":[{\"@type\":\"ReadAction\",\"target\":[\"https:\/\/rfblegal.co.uk\/services\/personal-law\/wills-probate-services\/making-a-will-and-codicils\/\"]}]},{\"@type\":\"ImageObject\",\"inLanguage\":\"tr\",\"@id\":\"https:\/\/rfblegal.co.uk\/services\/personal-law\/wills-probate-services\/making-a-will-and-codicils\/#primaryimage\",\"url\":\"https:\/\/rfblegal.co.uk\/wp-content\/uploads\/2024\/02\/Probate_services.jpg\",\"contentUrl\":\"https:\/\/rfblegal.co.uk\/wp-content\/uploads\/2024\/02\/Probate_services.jpg\",\"width\":1440,\"height\":550},{\"@type\":\"BreadcrumbList\",\"@id\":\"https:\/\/rfblegal.co.uk\/services\/personal-law\/wills-probate-services\/making-a-will-and-codicils\/#breadcrumb\",\"itemListElement\":[{\"@type\":\"ListItem\",\"position\":1,\"name\":\"Home\",\"item\":\"https:\/\/rfblegal.co.uk\/\"},{\"@type\":\"ListItem\",\"position\":2,\"name\":\"Services\",\"item\":\"https:\/\/rfblegal.co.uk\/services\/\"},{\"@type\":\"ListItem\",\"position\":3,\"name\":\"Personal Law Services\",\"item\":\"https:\/\/rfblegal.co.uk\/services\/personal-law\/\"},{\"@type\":\"ListItem\",\"position\":4,\"name\":\"Wills &amp; Probate Services\",\"item\":\"https:\/\/rfblegal.co.uk\/services\/personal-law\/wills-probate-services\/\"},{\"@type\":\"ListItem\",\"position\":5,\"name\":\"Making a Will and Codicils\"}]},{\"@type\":\"WebSite\",\"@id\":\"https:\/\/rfblegal.co.uk\/#website\",\"url\":\"https:\/\/rfblegal.co.uk\/\",\"name\":\"RFB Legal\",\"description\":\"\",\"publisher\":{\"@id\":\"https:\/\/rfblegal.co.uk\/#organization\"},\"potentialAction\":[{\"@type\":\"SearchAction\",\"target\":{\"@type\":\"EntryPoint\",\"urlTemplate\":\"https:\/\/rfblegal.co.uk\/?s={search_term_string}\"},\"query-input\":{\"@type\":\"PropertyValueSpecification\",\"valueRequired\":true,\"valueName\":\"search_term_string\"}}],\"inLanguage\":\"tr\"},{\"@type\":\"Organization\",\"@id\":\"https:\/\/rfblegal.co.uk\/#organization\",\"name\":\"RFB Legal\",\"url\":\"https:\/\/rfblegal.co.uk\/\",\"logo\":{\"@type\":\"ImageObject\",\"inLanguage\":\"tr\",\"@id\":\"https:\/\/rfblegal.co.uk\/#\/schema\/logo\/image\/\",\"url\":\"https:\/\/rfblegal.co.uk\/wp-content\/uploads\/2024\/01\/header_company_logo.svg\",\"contentUrl\":\"https:\/\/rfblegal.co.uk\/wp-content\/uploads\/2024\/01\/header_company_logo.svg\",\"caption\":\"RFB Legal\"},\"image\":{\"@id\":\"https:\/\/rfblegal.co.uk\/#\/schema\/logo\/image\/\"},\"sameAs\":[\"https:\/\/www.facebook.com\/RFBLegal\/\",\"https:\/\/www.linkedin.com\/uas\/login?session_redirect=company2012282\",\"https:\/\/www.instagram.com\/rfb_legal\/\"]}]}<\/script>\n<!-- \/ Yoast SEO plugin. -->","yoast_head_json":{"title":"Vasiyetname ve Codicils Haz\u0131rlama - RFB Legal","description":"Vasiyetnameler ve Codicils Vasiyetname haz\u0131rlamak, m\u00fclk\u00fcn\u00fcz\u00fcn kontrol\u00fcn\u00fc elinize alman\u0131za ve \u00f6l\u00fcm\u00fcn\u00fczde varl\u0131klar\u0131n\u0131z\u0131n sizin iste\u011finize uygun olarak ge\u00e7mesini sa\u011flaman\u0131za olanak tan\u0131r.","robots":{"index":"index","follow":"follow","max-snippet":"max-snippet:-1","max-image-preview":"max-image-preview:large","max-video-preview":"max-video-preview:-1"},"canonical":"https:\/\/rfblegal.co.uk\/tr\/hizmetler\/ki\u0307si\u0307sel-hukuk\/vasiyetnameler-veraset-hizmetleri\/vasi\u0307yetname-ve-yonetmeli\u0307kleri\u0307n-hazirlanmasi\/","og_locale":"tr_TR","og_type":"article","og_title":"Making a Will and Codicils - RFB Legal","og_description":"Wills and Codicils Preparing a Will allows you to take control of your estate and ensure that on your death, your assets pass in accordance with your","og_url":"https:\/\/rfblegal.co.uk\/tr\/hizmetler\/ki\u0307si\u0307sel-hukuk\/vasiyetnameler-veraset-hizmetleri\/vasi\u0307yetname-ve-yonetmeli\u0307kleri\u0307n-hazirlanmasi\/","og_site_name":"RFB Legal","article_publisher":"https:\/\/www.facebook.com\/RFBLegal\/","article_modified_time":"2024-03-05T17:33:31+00:00","og_image":[{"width":1440,"height":550,"url":"https:\/\/rfblegal.co.uk\/wp-content\/uploads\/2024\/02\/Probate_services.jpg","type":"image\/jpeg"}],"twitter_card":"summary_large_image","twitter_misc":{"Est. reading time":"2 dakika"},"schema":{"@context":"https:\/\/schema.org","@graph":[{"@type":"WebPage","@id":"https:\/\/rfblegal.co.uk\/services\/personal-law\/wills-probate-services\/making-a-will-and-codicils\/","url":"https:\/\/rfblegal.co.uk\/services\/personal-law\/wills-probate-services\/making-a-will-and-codicils\/","name":"Vasiyetname ve Codicils Haz\u0131rlama - RFB Legal","isPartOf":{"@id":"https:\/\/rfblegal.co.uk\/#website"},"primaryImageOfPage":{"@id":"https:\/\/rfblegal.co.uk\/services\/personal-law\/wills-probate-services\/making-a-will-and-codicils\/#primaryimage"},"image":{"@id":"https:\/\/rfblegal.co.uk\/services\/personal-law\/wills-probate-services\/making-a-will-and-codicils\/#primaryimage"},"thumbnailUrl":"https:\/\/rfblegal.co.uk\/wp-content\/uploads\/2024\/02\/Probate_services.jpg","datePublished":"2024-02-21T14:31:51+00:00","dateModified":"2024-03-05T17:33:31+00:00","description":"Vasiyetnameler ve Codicils Vasiyetname haz\u0131rlamak, m\u00fclk\u00fcn\u00fcz\u00fcn kontrol\u00fcn\u00fc elinize alman\u0131za ve \u00f6l\u00fcm\u00fcn\u00fczde varl\u0131klar\u0131n\u0131z\u0131n sizin iste\u011finize uygun olarak ge\u00e7mesini sa\u011flaman\u0131za olanak tan\u0131r.","breadcrumb":{"@id":"https:\/\/rfblegal.co.uk\/services\/personal-law\/wills-probate-services\/making-a-will-and-codicils\/#breadcrumb"},"inLanguage":"tr","potentialAction":[{"@type":"ReadAction","target":["https:\/\/rfblegal.co.uk\/services\/personal-law\/wills-probate-services\/making-a-will-and-codicils\/"]}]},{"@type":"ImageObject","inLanguage":"tr","@id":"https:\/\/rfblegal.co.uk\/services\/personal-law\/wills-probate-services\/making-a-will-and-codicils\/#primaryimage","url":"https:\/\/rfblegal.co.uk\/wp-content\/uploads\/2024\/02\/Probate_services.jpg","contentUrl":"https:\/\/rfblegal.co.uk\/wp-content\/uploads\/2024\/02\/Probate_services.jpg","width":1440,"height":550},{"@type":"BreadcrumbList","@id":"https:\/\/rfblegal.co.uk\/services\/personal-law\/wills-probate-services\/making-a-will-and-codicils\/#breadcrumb","itemListElement":[{"@type":"ListItem","position":1,"name":"Home","item":"https:\/\/rfblegal.co.uk\/"},{"@type":"ListItem","position":2,"name":"Services","item":"https:\/\/rfblegal.co.uk\/services\/"},{"@type":"ListItem","position":3,"name":"Personal Law Services","item":"https:\/\/rfblegal.co.uk\/services\/personal-law\/"},{"@type":"ListItem","position":4,"name":"Wills &amp; Probate Services","item":"https:\/\/rfblegal.co.uk\/services\/personal-law\/wills-probate-services\/"},{"@type":"ListItem","position":5,"name":"Making a Will and Codicils"}]},{"@type":"WebSite","@id":"https:\/\/rfblegal.co.uk\/#website","url":"https:\/\/rfblegal.co.uk\/","name":"RFB Hukuk","description":"","publisher":{"@id":"https:\/\/rfblegal.co.uk\/#organization"},"potentialAction":[{"@type":"SearchAction","target":{"@type":"EntryPoint","urlTemplate":"https:\/\/rfblegal.co.uk\/?s={search_term_string}"},"query-input":{"@type":"PropertyValueSpecification","valueRequired":true,"valueName":"search_term_string"}}],"inLanguage":"tr"},{"@type":"Organization","@id":"https:\/\/rfblegal.co.uk\/#organization","name":"RFB Hukuk","url":"https:\/\/rfblegal.co.uk\/","logo":{"@type":"ImageObject","inLanguage":"tr","@id":"https:\/\/rfblegal.co.uk\/#\/schema\/logo\/image\/","url":"https:\/\/rfblegal.co.uk\/wp-content\/uploads\/2024\/01\/header_company_logo.svg","contentUrl":"https:\/\/rfblegal.co.uk\/wp-content\/uploads\/2024\/01\/header_company_logo.svg","caption":"RFB Legal"},"image":{"@id":"https:\/\/rfblegal.co.uk\/#\/schema\/logo\/image\/"},"sameAs":["https:\/\/www.facebook.com\/RFBLegal\/","https:\/\/www.linkedin.com\/uas\/login?session_redirect=company2012282","https:\/\/www.instagram.com\/rfb_legal\/"]}]}},"_links":{"self":[{"href":"https:\/\/rfblegal.co.uk\/tr\/wp-json\/wp\/v2\/pages\/2298","targetHints":{"allow":["GET"]}}],"collection":[{"href":"https:\/\/rfblegal.co.uk\/tr\/wp-json\/wp\/v2\/pages"}],"about":[{"href":"https:\/\/rfblegal.co.uk\/tr\/wp-json\/wp\/v2\/types\/page"}],"author":[{"embeddable":true,"href":"https:\/\/rfblegal.co.uk\/tr\/wp-json\/wp\/v2\/users\/1"}],"replies":[{"embeddable":true,"href":"https:\/\/rfblegal.co.uk\/tr\/wp-json\/wp\/v2\/comments?post=2298"}],"version-history":[{"count":0,"href":"https:\/\/rfblegal.co.uk\/tr\/wp-json\/wp\/v2\/pages\/2298\/revisions"}],"up":[{"embeddable":true,"href":"https:\/\/rfblegal.co.uk\/tr\/wp-json\/wp\/v2\/pages\/2295"}],"wp:featuredmedia":[{"embeddable":true,"href":"https:\/\/rfblegal.co.uk\/tr\/wp-json\/wp\/v2\/media\/2861"}],"wp:attachment":[{"href":"https:\/\/rfblegal.co.uk\/tr\/wp-json\/wp\/v2\/media?parent=2298"}],"curies":[{"name":"wp","href":"https:\/\/api.w.org\/{rel}","templated":true}]}}