{"id":2184,"date":"2024-02-21T13:08:58","date_gmt":"2024-02-21T13:08:58","guid":{"rendered":"https:\/\/rfblegal.co.uk\/?page_id=2184"},"modified":"2026-04-20T16:26:08","modified_gmt":"2026-04-20T16:26:08","slug":"i%cc%87s-hukuku-hi%cc%87zmetleri%cc%87","status":"publish","type":"page","link":"https:\/\/rfblegal.co.uk\/tr\/hizmetler\/ki%cc%87si%cc%87sel-hukuk\/i%cc%87s-hukuku-hi%cc%87zmetleri%cc%87\/","title":{"rendered":"\u0130\u015f Hukuku Hizmetleri"},"content":{"rendered":"<h2 class=\"wp-block-heading has-2-xl-font-size\" style=\"padding-top:var(--wp--preset--spacing--20);padding-bottom:var(--wp--preset--spacing--20);font-style:normal;font-weight:600\">\u0130\u015f Hukuku<\/h2>\n\n\n\n<h4 class=\"wp-block-heading has-lg-font-size\" style=\"padding-top:var(--wp--preset--spacing--20);padding-bottom:var(--wp--preset--spacing--20);font-style:normal;font-weight:500\">Ronald Fletcher Baker'\u0131n Legal 500 listesinde yer alan dinamik \u0130stihdam Hukuku departman\u0131, i\u015f hukukunun t\u00fcm y\u00f6nleriyle ilgili olarak hem i\u015fverenlere hem de \u00e7al\u0131\u015fanlara hizmet vermektedir. Son d\u00f6nemdeki \u00e7al\u0131\u015fmalar\u0131 aras\u0131nda y\u00fcksek gelirli bireylere, bir prod\u00fcksiyon \u015firketine, bir in\u015faat firmas\u0131na, bir futbol kul\u00fcb\u00fcne, bir nakliye \u015firketine ve bir hay\u0131r kurumuna dan\u0131\u015fmanl\u0131k yapmak yer almaktad\u0131r.<\/h4>\n\n\n\n<p style=\"padding-top:var(--wp--preset--spacing--20);padding-bottom:var(--wp--preset--spacing--20)\">\u0130\u015fverenlerin ve \u00e7al\u0131\u015fanlar\u0131n kar\u015f\u0131la\u015ft\u0131\u011f\u0131 t\u00fcm konularda dan\u0131\u015fmanl\u0131k yapma konusunda zengin bir deneyime sahibiz.<\/p>\n\n\n\n<p style=\"padding-top:var(--wp--preset--spacing--20);padding-bottom:var(--wp--preset--spacing--20)\">Bu, haks\u0131z i\u015ften \u00e7\u0131karma, i\u015ften \u00e7\u0131karma ve yeniden yap\u0131land\u0131rma (koruyucu \u00f6d\u00fcl talepleri dahil), h\u00fck\u00fcm ve ko\u015fullardaki de\u011fi\u015fiklikler, ayr\u0131mc\u0131l\u0131k (cinsiyet, cinsel y\u00f6nelim, hamilelik ve annelik, \u0131rk, engellilik, ya\u015f ve din ve inan\u00e7 dahil), taciz ve ma\u011fduriyet, ihbar, TUPE, e\u015fit \u00fccret, tatil \u00fccreti ve \u00e7al\u0131\u015fma s\u00fcresi sorunlar\u0131, Ulusal Asgari \u00dccret, \u00e7al\u0131\u015fan stat\u00fcs\u00fc, sendika ile ilgili konular ve IR35 ile ilgili konular\u0131 i\u00e7erir.<\/p>\n\n\n\n<p style=\"padding-top:var(--wp--preset--spacing--20);padding-bottom:var(--wp--preset--spacing--20)\">Hem i\u015fverenler hem de \u00e7al\u0131\u015fanlar i\u00e7in hareket ediyor olmam\u0131z, bize istihdam konular\u0131n\u0131 b\u00fct\u00fcnsel olarak g\u00f6rme yetene\u011fi kazand\u0131rmaktad\u0131r. \u015eirket i\u00e7i s\u00fcre\u00e7lerin nas\u0131l do\u011fru bir \u015fekilde y\u00fcr\u00fct\u00fclmesi gerekti\u011fini bilmek, bu s\u00fcre\u00e7lerin nerede y\u00fcr\u00fct\u00fclmedi\u011fini tespit edebildi\u011fimiz i\u00e7in \u00e7al\u0131\u015fan m\u00fcvekkillerimize fayda sa\u011flamaktad\u0131r. Ayr\u0131ca, sadece i\u015fveren m\u00fcvekkillerimizi savunmam\u0131z\u0131 de\u011fil, ayn\u0131 zamanda bu t\u00fcr sorunlar\u0131n ortaya \u00e7\u0131kmas\u0131n\u0131 \u00f6nlemek i\u00e7in proaktif tavsiyeler vermemizi de sa\u011flar.<\/p>\n\n\n\n<p style=\"padding-top:var(--wp--preset--spacing--20);padding-bottom:var(--wp--preset--spacing--20)\">\u0130stihdam Mahkemesi, \u0130stihdam Temyiz Mahkemesi ve Temyiz Mahkemesi'ndeki davalar\u0131 ele alma konusunda deneyim sahibiyiz. \u0130stihdam Mahkemelerinde 25 g\u00fcne kadar de\u011fi\u015fen s\u00fcrelerde davalar y\u00fcr\u00fctt\u00fck ve 500 davac\u0131y\u0131 a\u015fan davalarda g\u00f6rev alarak hem bireysel hem de \u00e7ok tarafl\u0131 davalar\u0131 y\u00fcr\u00fctme konusunda deneyim sahibiyiz.<\/p>\n\n\n\n<p style=\"padding-top:var(--wp--preset--spacing--20);padding-bottom:var(--wp--preset--spacing--20)\">Birle\u015fik Krall\u0131k'ta i\u015f hukukunun uygulanma \u015feklini geli\u015ftiren bir dizi \u00f6nemli kararda yer ald\u0131k.<\/p>\n\n\n\n<p style=\"padding-top:var(--wp--preset--spacing--20);padding-bottom:var(--wp--preset--spacing--20)\">Yak\u0131n zamandaki \u00e7al\u0131\u015fma \u00f6rnekleri aras\u0131nda d\u00fcnya \u00e7ap\u0131nda bir lojistik \u015firketine \u015f\u00fcpheli \u00e7al\u0131\u015fan suistimali soru\u015fturmas\u0131nda dan\u0131\u015fmanl\u0131k yapmak; bir hay\u0131r kurumuna i\u015finin yeniden yap\u0131land\u0131r\u0131lmas\u0131n\u0131n istihdam y\u00f6nleri (TUPE dahil) konusunda dan\u0131\u015fmanl\u0131k yapmak; ve profesyonel bir futbol kul\u00fcb\u00fcne bir Direkt\u00f6r\u00fcn i\u015ften \u00e7\u0131kar\u0131lmas\u0131yla ilgili iddialar\u0131n \u00e7\u00f6z\u00fcm\u00fcn\u00fc m\u00fczakere etmede yard\u0131mc\u0131 olmak yer almaktad\u0131r.<\/p>\n\n\n\n<p style=\"padding-top:var(--wp--preset--spacing--20);padding-bottom:var(--wp--preset--spacing--20)\">Merkezi Londra'da bulunan departman, \u00f6zel \u015fah\u0131slar, \u015firketler ve irili ufakl\u0131 kurulu\u015flardan olu\u015fan \u00fclke \u00e7ap\u0131nda bir m\u00fc\u015fteri taban\u0131na sahiptir.<\/p>\n\n\n\n<p style=\"padding-top:var(--wp--preset--spacing--20);padding-bottom:var(--wp--preset--spacing--20)\">Yak\u0131n zamanda y\u00fcksek net de\u011fere sahip bireyler, bir prod\u00fcksiyon \u015firketi, bir in\u015faat firmas\u0131, bir futbol kul\u00fcb\u00fc, bir nakliye \u015firketi ve bir hay\u0131r kurumu i\u00e7in hareket ettik.<\/p>\n\n\n\n<p style=\"padding-top:var(--wp--preset--spacing--20);padding-bottom:var(--wp--preset--spacing--20)\">Anla\u015fmazl\u0131klar ortaya \u00e7\u0131kt\u0131\u011f\u0131nda, amac\u0131m\u0131z m\u00fczakere, arabuluculuk ve uygun oldu\u011funda iyi zamanlanm\u0131\u015f uzla\u015fma tekliflerinde ince bilenmi\u015f becerilerimizi kullanarak meseleleri h\u0131zl\u0131 ve verimli bir \u015fekilde ele almakt\u0131r.<\/p>\n\n\n\n<p style=\"padding-top:var(--wp--preset--spacing--20);padding-bottom:var(--wp--preset--spacing--20)\">\t\t\t\t\t\t<style>\r\n\t\t\t\t<style>\r\n#wpsm_accordion_2840 .wpsm_panel-heading{\r\n\tpadding:0px !important;\r\n}\r\n#wpsm_accordion_2840 .wpsm_panel-title {\r\n\tmargin:0px !important; \r\n\ttext-transform:none !important;\r\n\tline-height: 1 !important;\r\n}\r\n#wpsm_accordion_2840 .wpsm_panel-title a{\r\n\ttext-decoration:none;\r\n\toverflow:hidden;\r\n\tdisplay:block;\r\n\tpadding:0px;\r\n\tfont-size: 18px !important;\r\n\tfont-family: Open Sans !important;\r\n\tcolor:#000000 !important;\r\n\tborder-bottom:0px !important;\r\n}\r\n\r\n#wpsm_accordion_2840 .wpsm_panel-title a:focus {\r\noutline: 0px !important;\r\n}\r\n\r\n#wpsm_accordion_2840 .wpsm_panel-title a:hover, #wpsm_accordion_2840 .wpsm_panel-title a:focus {\r\n\tcolor:#000000 !important;\r\n}\r\n#wpsm_accordion_2840 .acc-a{\r\n\tcolor: #000000 !important;\r\n\tbackground-color:#e8e8e8 !important;\r\n\tborder-color: #ddd;\r\n}\r\n#wpsm_accordion_2840 .wpsm_panel-default > .wpsm_panel-heading{\r\n\tcolor: #000000 !important;\r\n\tbackground-color: #e8e8e8 !important;\r\n\tborder-color: #e8e8e8 !important;\r\n\tborder-top-left-radius: 0px;\r\n\tborder-top-right-radius: 0px;\r\n}\r\n#wpsm_accordion_2840 .wpsm_panel-default {\r\n\t\tborder:1px solid transparent !important;\r\n\t}\r\n#wpsm_accordion_2840 {\r\n\tmargin-bottom: 20px;\r\n\toverflow: hidden;\r\n\tfloat: none;\r\n\twidth: 100%;\r\n\tdisplay: block;\r\n}\r\n#wpsm_accordion_2840 .ac_title_class{\r\n\tdisplay: block;\r\n\tpadding-top: 12px;\r\n\tpadding-bottom: 12px;\r\n\tpadding-left: 15px;\r\n\tpadding-right: 15px;\r\n}\r\n#wpsm_accordion_2840  .wpsm_panel {\r\n\toverflow:hidden;\r\n\t-webkit-box-shadow: 0 0px 0px rgba(0, 0, 0, .05);\r\n\tbox-shadow: 0 0px 0px rgba(0, 0, 0, .05);\r\n\t\tborder-radius: 4px;\r\n\t}\r\n#wpsm_accordion_2840  .wpsm_panel + .wpsm_panel {\r\n\t\tmargin-top: 5px;\r\n\t}\r\n#wpsm_accordion_2840  .wpsm_panel-body{\r\n\tbackground-color:#ffffff !important;\r\n\tcolor:#000000 !important;\r\n\tborder-top-color: #e8e8e8 !important;\r\n\tfont-size:16px !important;\r\n\tfont-family: Open Sans !important;\r\n\toverflow: hidden;\r\n\t\tborder: 2px solid #e8e8e8 !important;\r\n\t}\r\n\r\n#wpsm_accordion_2840 .ac_open_cl_icon{\r\n\tbackground-color:#e8e8e8 !important;\r\n\tcolor: #000000 !important;\r\n\tfloat:right !important;\r\n\tpadding-top: 12px !important;\r\n\tpadding-bottom: 12px !important;\r\n\tline-height: 1.0 !important;\r\n\tpadding-left: 15px !important;\r\n\tpadding-right: 15px !important;\r\n\tdisplay: inline-block !important;\r\n}\r\n\r\n\t\t\t\r\n\t\t\t<\/style>\t\r\n\t\t\t<\/style>\r\n\t\t\t<div class=\"wpsm_panel-group\" id=\"wpsm_accordion_2840\" >\r\n\t\t\t\t\t\t\t\t\r\n\t\t\t\t\t<!-- Inner panel Start -->\r\n\t\t\t\t\t<div class=\"wpsm_panel wpsm_panel-default\">\r\n\t\t\t\t\t\t<div class=\"wpsm_panel-heading\" role=\"tab\" >\r\n\t\t\t\t\t\t  <h4 class=\"wpsm_panel-title\">\r\n\t\t\t\t\t\t\t<a  class=\"\"  data-toggle=\"collapse\" data-parent=\"#wpsm_accordion_2840 \" href=\"javascript:void(0)\" data-target=\"#ac_2840_collapse1\" onclick=\"do_resize()\">\r\n\t\t\t\t\t\t\t\t\t\t\t\t\t\t\t\t\t<span class=\"ac_open_cl_icon fa fa-minus\"><\/span>\r\n\t\t\t\t\t\t\t\t\t\r\n\t\t\t\t\t\t\t\t \r\n\t\t\t\t\t\t\t\t<span class=\"ac_title_class\">\r\n\t\t\t\t\t\t\t\t\tUZMANLIK :\t\t\t\t\t\t\t\t<\/span>\r\n\t\t\t\t\t\t\t<\/a>\r\n\t\t\t\t\t\t  <\/h4>\r\n\t\t\t\t\t\t<\/div>\r\n\t\t\t\t\t\t<div id=\"ac_2840_collapse1\" class=\"wpsm_panel-collapse collapse in\"  >\r\n\t\t\t\t\t\t  <div class=\"wpsm_panel-body\">\r\n\t\t\t\t\t\t\t<ul>\r\n \t<li>- \u00c7al\u0131\u015fan Stat\u00fcs\u00fc ve Haklar\u0131<\/li>\r\n \t<li>- \u00c7al\u0131\u015fan Hissedarlar<\/li>\r\n \t<li>- \u0130\u015f S\u00f6zle\u015fmeleri<\/li>\r\n \t<li>- \u0130stihdam H\u00fck\u00fcm ve Ko\u015fullar\u0131nda De\u011fi\u015fiklikler<\/li>\r\n \t<li>- \u0130stihdam transferleri ve TUPE<\/li>\r\n \t<li>- Ayr\u0131mc\u0131l\u0131k<\/li>\r\n \t<li>- Engelli Ayr\u0131mc\u0131l\u0131\u011f\u0131<\/li>\r\n \t<li>- Hamilelikle ilgili haklar<\/li>\r\n \t<li>- Haks\u0131z \u0130\u015ften \u00c7\u0131karma<\/li>\r\n \t<li>- Yap\u0131c\u0131 \u0130\u015ften \u00c7\u0131karma<\/li>\r\n \t<li>- \u0130\u015ften \u00c7\u0131karma ve \u0130\u015f Yeniden Yap\u0131land\u0131rmalar\u0131<\/li>\r\n \t<li>- Uygun Alternatif \u0130stihdam ve \u0130\u015ften \u00c7\u0131karma \u00d6demesi<\/li>\r\n \t<li>- Toplu \u0130sti\u015fare ve Koruyucu \u00d6d\u00fcller<\/li>\r\n \t<li>- \u0130hbarc\u0131l\u0131k<\/li>\r\n \t<li>- \u0130\u015f Mahkemesi S\u00fcreci<\/li>\r\n \t<li>- Uzla\u015fma Anla\u015fmalar\u0131<\/li>\r\n<\/ul>\t\t\t\t\t\t  <\/div>\r\n\t\t\t\t\t\t<\/div>\r\n\t\t\t\t\t<\/div>\r\n\t\t\t\t\t<!-- Inner panel End -->\r\n\t\t\t\t\t\r\n\t\t\t\t\t\t\t<\/div>\r\n\t\t\t\r\n<script type=\"text\/javascript\">\r\n\t\r\n\t\tfunction do_resize(){\r\n\r\n\t\t\tvar width=jQuery( '.wpsm_panel .wpsm_panel-body iframe' ).width();\r\n\t\t\tvar height=jQuery( '.wpsm_panel .wpsm_panel-body iframe' ).height();\r\n\r\n\t\t\tvar toggleSize = true;\r\n\t\t\tjQuery('iframe').animate({\r\n\t\t\t    width: toggleSize ? width : 640,\r\n\t\t\t    height: toggleSize ? height : 360\r\n\t\t\t  }, 250);\r\n\r\n\t\t\t  toggleSize = !toggleSize;\r\n\t\t}\r\n\t\t\r\n<\/script>\t<\/p>","protected":false},"excerpt":{"rendered":"<p>Employment Law Ronald Fletcher Baker\u2019s dynamic, Legal 500 listed Employment Law department acts for both employers and employees on all aspects of employment law. Recent work has included advising high net-worth individuals, a production company, a construction firm, a football club, a transportation company, and a charity. We have a wealth of experience in advising &hellip; <a href=\"https:\/\/rfblegal.co.uk\/tr\/?p=2840\">Devam\u0131<\/a><\/p>","protected":false},"author":1,"featured_media":2822,"parent":357,"menu_order":0,"comment_status":"closed","ping_status":"closed","template":"tier2-template.blade.php","meta":{"_acf_changed":false,"om_disable_all_campaigns":false,"_uf_show_specific_survey":0,"_uf_disable_surveys":false,"footnotes":""},"class_list":["post-2184","page","type-page","status-publish","has-post-thumbnail","hentry"],"acf":[],"aioseo_notices":[],"yoast_head":"<!-- This site is optimized with the Yoast SEO plugin v27.2 - https:\/\/yoast.com\/product\/yoast-seo-wordpress\/ -->\n<title>Employment Law Services - RFB Legal<\/title>\n<meta name=\"description\" content=\"Employment Law Ronald Fletcher Baker\u2019s dynamic, Legal 500 listed Employment Law department acts for both employers and employees on all aspects of\" \/>\n<meta name=\"robots\" content=\"index, follow, max-snippet:-1, max-image-preview:large, max-video-preview:-1\" \/>\n<link rel=\"canonical\" href=\"https:\/\/rfblegal.co.uk\/tr\/hizmetler\/ki\u0307si\u0307sel-hukuk\/i\u0307s-hukuku-hi\u0307zmetleri\u0307\/\" \/>\n<meta property=\"og:locale\" content=\"tr_TR\" \/>\n<meta property=\"og:type\" content=\"article\" \/>\n<meta property=\"og:title\" content=\"Employment Law Services - RFB Legal\" \/>\n<meta property=\"og:description\" content=\"Employment Law Ronald Fletcher Baker\u2019s dynamic, Legal 500 listed Employment Law department acts for both employers and employees on all aspects of\" \/>\n<meta property=\"og:url\" content=\"https:\/\/rfblegal.co.uk\/tr\/hizmetler\/ki\u0307si\u0307sel-hukuk\/i\u0307s-hukuku-hi\u0307zmetleri\u0307\/\" \/>\n<meta property=\"og:site_name\" content=\"RFB Legal\" \/>\n<meta property=\"article:publisher\" content=\"https:\/\/www.facebook.com\/RFBLegal\/\" \/>\n<meta property=\"article:modified_time\" content=\"2026-04-20T16:26:08+00:00\" \/>\n<meta property=\"og:image\" content=\"https:\/\/rfblegal.co.uk\/wp-content\/uploads\/2024\/02\/Employment.jpg\" \/>\n\t<meta property=\"og:image:width\" content=\"1440\" \/>\n\t<meta property=\"og:image:height\" content=\"550\" \/>\n\t<meta property=\"og:image:type\" content=\"image\/jpeg\" \/>\n<meta name=\"twitter:card\" content=\"summary_large_image\" \/>\n<meta name=\"twitter:label1\" content=\"Est. reading time\" \/>\n\t<meta name=\"twitter:data1\" content=\"2 dakika\" \/>\n<script type=\"application\/ld+json\" class=\"yoast-schema-graph\">{\"@context\":\"https:\/\/schema.org\",\"@graph\":[{\"@type\":\"WebPage\",\"@id\":\"https:\/\/rfblegal.co.uk\/services\/personal-law\/employment-law-services\/\",\"url\":\"https:\/\/rfblegal.co.uk\/services\/personal-law\/employment-law-services\/\",\"name\":\"Employment Law Services - RFB Legal\",\"isPartOf\":{\"@id\":\"https:\/\/rfblegal.co.uk\/#website\"},\"primaryImageOfPage\":{\"@id\":\"https:\/\/rfblegal.co.uk\/services\/personal-law\/employment-law-services\/#primaryimage\"},\"image\":{\"@id\":\"https:\/\/rfblegal.co.uk\/services\/personal-law\/employment-law-services\/#primaryimage\"},\"thumbnailUrl\":\"https:\/\/rfblegal.co.uk\/wp-content\/uploads\/2024\/02\/Employment.jpg\",\"datePublished\":\"2024-02-21T13:08:58+00:00\",\"dateModified\":\"2026-04-20T16:26:08+00:00\",\"description\":\"Employment Law Ronald Fletcher Baker\u2019s dynamic, Legal 500 listed Employment Law department acts for both employers and employees on all aspects of\",\"breadcrumb\":{\"@id\":\"https:\/\/rfblegal.co.uk\/services\/personal-law\/employment-law-services\/#breadcrumb\"},\"inLanguage\":\"tr\",\"potentialAction\":[{\"@type\":\"ReadAction\",\"target\":[\"https:\/\/rfblegal.co.uk\/services\/personal-law\/employment-law-services\/\"]}]},{\"@type\":\"ImageObject\",\"inLanguage\":\"tr\",\"@id\":\"https:\/\/rfblegal.co.uk\/services\/personal-law\/employment-law-services\/#primaryimage\",\"url\":\"https:\/\/rfblegal.co.uk\/wp-content\/uploads\/2024\/02\/Employment.jpg\",\"contentUrl\":\"https:\/\/rfblegal.co.uk\/wp-content\/uploads\/2024\/02\/Employment.jpg\",\"width\":1440,\"height\":550},{\"@type\":\"BreadcrumbList\",\"@id\":\"https:\/\/rfblegal.co.uk\/services\/personal-law\/employment-law-services\/#breadcrumb\",\"itemListElement\":[{\"@type\":\"ListItem\",\"position\":1,\"name\":\"Home\",\"item\":\"https:\/\/rfblegal.co.uk\/\"},{\"@type\":\"ListItem\",\"position\":2,\"name\":\"Services\",\"item\":\"https:\/\/rfblegal.co.uk\/services\/\"},{\"@type\":\"ListItem\",\"position\":3,\"name\":\"Personal Law Services\",\"item\":\"https:\/\/rfblegal.co.uk\/services\/personal-law\/\"},{\"@type\":\"ListItem\",\"position\":4,\"name\":\"Employment Law Services\"}]},{\"@type\":\"WebSite\",\"@id\":\"https:\/\/rfblegal.co.uk\/#website\",\"url\":\"https:\/\/rfblegal.co.uk\/\",\"name\":\"RFB Legal\",\"description\":\"\",\"publisher\":{\"@id\":\"https:\/\/rfblegal.co.uk\/#organization\"},\"potentialAction\":[{\"@type\":\"SearchAction\",\"target\":{\"@type\":\"EntryPoint\",\"urlTemplate\":\"https:\/\/rfblegal.co.uk\/?s={search_term_string}\"},\"query-input\":{\"@type\":\"PropertyValueSpecification\",\"valueRequired\":true,\"valueName\":\"search_term_string\"}}],\"inLanguage\":\"tr\"},{\"@type\":\"Organization\",\"@id\":\"https:\/\/rfblegal.co.uk\/#organization\",\"name\":\"RFB Legal\",\"url\":\"https:\/\/rfblegal.co.uk\/\",\"logo\":{\"@type\":\"ImageObject\",\"inLanguage\":\"tr\",\"@id\":\"https:\/\/rfblegal.co.uk\/#\/schema\/logo\/image\/\",\"url\":\"https:\/\/rfblegal.co.uk\/wp-content\/uploads\/2024\/01\/header_company_logo.svg\",\"contentUrl\":\"https:\/\/rfblegal.co.uk\/wp-content\/uploads\/2024\/01\/header_company_logo.svg\",\"caption\":\"RFB Legal\"},\"image\":{\"@id\":\"https:\/\/rfblegal.co.uk\/#\/schema\/logo\/image\/\"},\"sameAs\":[\"https:\/\/www.facebook.com\/RFBLegal\/\",\"https:\/\/www.linkedin.com\/uas\/login?session_redirect=company2012282\",\"https:\/\/www.instagram.com\/rfb_legal\/\"]}]}<\/script>\n<!-- \/ Yoast SEO plugin. -->","yoast_head_json":{"title":"\u0130\u015f Hukuku Hizmetleri - RFB Legal","description":"\u0130\u015f Hukuku Ronald Fletcher Baker'\u0131n Legal 500 listesinde yer alan dinamik \u0130\u015f Hukuku departman\u0131, hem i\u015fverenler hem de \u00e7al\u0131\u015fanlar i\u00e7in i\u015f hukukunun her alan\u0131nda faaliyet g\u00f6stermektedir.","robots":{"index":"index","follow":"follow","max-snippet":"max-snippet:-1","max-image-preview":"max-image-preview:large","max-video-preview":"max-video-preview:-1"},"canonical":"https:\/\/rfblegal.co.uk\/tr\/hizmetler\/ki\u0307si\u0307sel-hukuk\/i\u0307s-hukuku-hi\u0307zmetleri\u0307\/","og_locale":"tr_TR","og_type":"article","og_title":"Employment Law Services - RFB Legal","og_description":"Employment Law Ronald Fletcher Baker\u2019s dynamic, Legal 500 listed Employment Law department acts for both employers and employees on all aspects of","og_url":"https:\/\/rfblegal.co.uk\/tr\/hizmetler\/ki\u0307si\u0307sel-hukuk\/i\u0307s-hukuku-hi\u0307zmetleri\u0307\/","og_site_name":"RFB Legal","article_publisher":"https:\/\/www.facebook.com\/RFBLegal\/","article_modified_time":"2026-04-20T16:26:08+00:00","og_image":[{"width":1440,"height":550,"url":"https:\/\/rfblegal.co.uk\/wp-content\/uploads\/2024\/02\/Employment.jpg","type":"image\/jpeg"}],"twitter_card":"summary_large_image","twitter_misc":{"Est. reading time":"2 dakika"},"schema":{"@context":"https:\/\/schema.org","@graph":[{"@type":"WebPage","@id":"https:\/\/rfblegal.co.uk\/services\/personal-law\/employment-law-services\/","url":"https:\/\/rfblegal.co.uk\/services\/personal-law\/employment-law-services\/","name":"\u0130\u015f Hukuku Hizmetleri - RFB Legal","isPartOf":{"@id":"https:\/\/rfblegal.co.uk\/#website"},"primaryImageOfPage":{"@id":"https:\/\/rfblegal.co.uk\/services\/personal-law\/employment-law-services\/#primaryimage"},"image":{"@id":"https:\/\/rfblegal.co.uk\/services\/personal-law\/employment-law-services\/#primaryimage"},"thumbnailUrl":"https:\/\/rfblegal.co.uk\/wp-content\/uploads\/2024\/02\/Employment.jpg","datePublished":"2024-02-21T13:08:58+00:00","dateModified":"2026-04-20T16:26:08+00:00","description":"\u0130\u015f Hukuku Ronald Fletcher Baker'\u0131n Legal 500 listesinde yer alan dinamik \u0130\u015f Hukuku departman\u0131, hem i\u015fverenler hem de \u00e7al\u0131\u015fanlar i\u00e7in i\u015f hukukunun her alan\u0131nda faaliyet g\u00f6stermektedir.","breadcrumb":{"@id":"https:\/\/rfblegal.co.uk\/services\/personal-law\/employment-law-services\/#breadcrumb"},"inLanguage":"tr","potentialAction":[{"@type":"ReadAction","target":["https:\/\/rfblegal.co.uk\/services\/personal-law\/employment-law-services\/"]}]},{"@type":"ImageObject","inLanguage":"tr","@id":"https:\/\/rfblegal.co.uk\/services\/personal-law\/employment-law-services\/#primaryimage","url":"https:\/\/rfblegal.co.uk\/wp-content\/uploads\/2024\/02\/Employment.jpg","contentUrl":"https:\/\/rfblegal.co.uk\/wp-content\/uploads\/2024\/02\/Employment.jpg","width":1440,"height":550},{"@type":"BreadcrumbList","@id":"https:\/\/rfblegal.co.uk\/services\/personal-law\/employment-law-services\/#breadcrumb","itemListElement":[{"@type":"ListItem","position":1,"name":"Home","item":"https:\/\/rfblegal.co.uk\/"},{"@type":"ListItem","position":2,"name":"Services","item":"https:\/\/rfblegal.co.uk\/services\/"},{"@type":"ListItem","position":3,"name":"Personal Law Services","item":"https:\/\/rfblegal.co.uk\/services\/personal-law\/"},{"@type":"ListItem","position":4,"name":"Employment Law Services"}]},{"@type":"WebSite","@id":"https:\/\/rfblegal.co.uk\/#website","url":"https:\/\/rfblegal.co.uk\/","name":"RFB Hukuk","description":"","publisher":{"@id":"https:\/\/rfblegal.co.uk\/#organization"},"potentialAction":[{"@type":"SearchAction","target":{"@type":"EntryPoint","urlTemplate":"https:\/\/rfblegal.co.uk\/?s={search_term_string}"},"query-input":{"@type":"PropertyValueSpecification","valueRequired":true,"valueName":"search_term_string"}}],"inLanguage":"tr"},{"@type":"Organization","@id":"https:\/\/rfblegal.co.uk\/#organization","name":"RFB Hukuk","url":"https:\/\/rfblegal.co.uk\/","logo":{"@type":"ImageObject","inLanguage":"tr","@id":"https:\/\/rfblegal.co.uk\/#\/schema\/logo\/image\/","url":"https:\/\/rfblegal.co.uk\/wp-content\/uploads\/2024\/01\/header_company_logo.svg","contentUrl":"https:\/\/rfblegal.co.uk\/wp-content\/uploads\/2024\/01\/header_company_logo.svg","caption":"RFB Legal"},"image":{"@id":"https:\/\/rfblegal.co.uk\/#\/schema\/logo\/image\/"},"sameAs":["https:\/\/www.facebook.com\/RFBLegal\/","https:\/\/www.linkedin.com\/uas\/login?session_redirect=company2012282","https:\/\/www.instagram.com\/rfb_legal\/"]}]}},"_links":{"self":[{"href":"https:\/\/rfblegal.co.uk\/tr\/wp-json\/wp\/v2\/pages\/2184","targetHints":{"allow":["GET"]}}],"collection":[{"href":"https:\/\/rfblegal.co.uk\/tr\/wp-json\/wp\/v2\/pages"}],"about":[{"href":"https:\/\/rfblegal.co.uk\/tr\/wp-json\/wp\/v2\/types\/page"}],"author":[{"embeddable":true,"href":"https:\/\/rfblegal.co.uk\/tr\/wp-json\/wp\/v2\/users\/1"}],"replies":[{"embeddable":true,"href":"https:\/\/rfblegal.co.uk\/tr\/wp-json\/wp\/v2\/comments?post=2184"}],"version-history":[{"count":2,"href":"https:\/\/rfblegal.co.uk\/tr\/wp-json\/wp\/v2\/pages\/2184\/revisions"}],"predecessor-version":[{"id":9294,"href":"https:\/\/rfblegal.co.uk\/tr\/wp-json\/wp\/v2\/pages\/2184\/revisions\/9294"}],"up":[{"embeddable":true,"href":"https:\/\/rfblegal.co.uk\/tr\/wp-json\/wp\/v2\/pages\/357"}],"wp:featuredmedia":[{"embeddable":true,"href":"https:\/\/rfblegal.co.uk\/tr\/wp-json\/wp\/v2\/media\/2822"}],"wp:attachment":[{"href":"https:\/\/rfblegal.co.uk\/tr\/wp-json\/wp\/v2\/media?parent=2184"}],"curies":[{"name":"wp","href":"https:\/\/api.w.org\/{rel}","templated":true}]}}