{"id":2178,"date":"2024-02-21T13:01:43","date_gmt":"2024-02-21T13:01:43","guid":{"rendered":"https:\/\/rfblegal.co.uk\/?page_id=2178"},"modified":"2024-03-05T17:27:16","modified_gmt":"2024-03-05T17:27:16","slug":"cekismeli-veraset-davalari","status":"publish","type":"page","link":"https:\/\/rfblegal.co.uk\/tr\/hizmetler\/ki%cc%87si%cc%87sel-hukuk\/mulk-davalari\/cekismeli-veraset-davalari\/","title":{"rendered":"\u00c7eki\u015fmeli Veraset Davalar\u0131"},"content":{"rendered":"<h2 class=\"wp-block-heading has-2-xl-font-size\" style=\"padding-top:var(--wp--preset--spacing--20);padding-bottom:var(--wp--preset--spacing--20);font-style:normal;font-weight:600\">\u00c7eki\u015fmeli Veraset Davalar\u0131<\/h2>\n\n\n\n<h4 class=\"wp-block-heading has-lg-font-size\" style=\"padding-top:var(--wp--preset--spacing--20);padding-bottom:var(--wp--preset--spacing--20);font-style:normal;font-weight:500\"><strong>Ne yaz\u0131k ki, sevilen birinin \u00f6l\u00fcm\u00fcnden sonra anla\u015fmazl\u0131klar\u0131n ortaya \u00e7\u0131kmas\u0131 al\u0131\u015f\u0131lmad\u0131k bir durum de\u011fildir. Sizin veya ailenizin kar\u015f\u0131la\u015ft\u0131\u011f\u0131 zorluklar ne olursa olsun, \u00c7eki\u015fmeli Veraset ekibimiz size yard\u0131mc\u0131 olacak bilgi ve deneyime sahiptir. \u00c7\u0131karlar\u0131n\u0131z\u0131 korumak ve \u00e7eki\u015fmeli veraset anla\u015fmazl\u0131klar\u0131n\u0131 sorunsuz, hassas ve etkili bir \u015fekilde \u00e7\u00f6zmek i\u00e7in ister dava ister arabuluculuk olsun, her t\u00fcrl\u00fc anla\u015fmazl\u0131\u011fa en iyi yakla\u015f\u0131m konusunda tavsiyelerde bulunabiliyoruz.<\/strong><\/h4>\n\n\n\n<p style=\"padding-top:var(--wp--preset--spacing--20);padding-bottom:var(--wp--preset--spacing--20)\">Bir vasiyetnamenin i\u00e7eri\u011fi, bir miras\u0131n b\u00fcy\u00fckl\u00fc\u011f\u00fc veya eksikli\u011fi ya da bir miras\u0131n idare edilme \u015fekli ile ilgili anla\u015fmazl\u0131klarda d\u00fczenli olarak yard\u0131mc\u0131 oluyoruz.<\/p>\n\n\n\n<p style=\"padding-top:var(--wp--preset--spacing--20);padding-bottom:var(--wp--preset--spacing--20)\">Bir Vasiyetnamede ya da vasiyetname kurallar\u0131 kapsam\u0131nda sizin i\u00e7in yeterli d\u00fczenleme yap\u0131lmad\u0131\u011f\u0131n\u0131 d\u00fc\u015f\u00fcn\u00fcyorsan\u0131z, 1975 tarihli Miras (Aile ve Bakmakla Y\u00fck\u00fcml\u00fc Olunan Ki\u015filer i\u00e7in Kar\u015f\u0131l\u0131k) Yasas\u0131 kapsam\u0131nda makul bir d\u00fczenleme yap\u0131lmas\u0131 i\u00e7in mahkemeye ba\u015fvurup ba\u015fvuramayaca\u011f\u0131n\u0131z konusunda tavsiyede bulunabiliriz. Bu, \u00f6len ki\u015fi bir Vasiyetname yapmam\u0131\u015f olsa veya ge\u00e7erli oldu\u011fundan emin olman\u0131za ra\u011fmen bir Vasiyetnameden memnun olmasan\u0131z bile ge\u00e7erlidir.<\/p>\n\n\n\n<p style=\"padding-top:var(--wp--preset--spacing--20);padding-bottom:var(--wp--preset--spacing--20)\">Vasiyeti yerine getirme g\u00f6revlisi (veya y\u00f6neticisi) rol\u00fc zahmetli bir g\u00f6revdir ve uyulmas\u0131 gereken kurallar vard\u0131r. Bir vasiyeti yerine getirme g\u00f6revlisi bir m\u00fclk\u00fc do\u011fru bir \u015fekilde y\u00f6netmezse, m\u00fclk\u00fcn herhangi bir kayb\u0131ndan ki\u015fisel olarak sorumlu olabilir. Vasiyeti yerine getirme g\u00f6revlisinin g\u00f6revden al\u0131nmas\u0131 ve yerine ba\u015fka birinin atanmas\u0131 m\u00fcmk\u00fcnd\u00fcr. \u0130ster vasiyeti tenfiz memuru veya y\u00f6neticisi olarak g\u00f6revlendirilen ki\u015fi olun ve ilgili sorumluluklara uydu\u011funuzdan emin olman\u0131z gerekse de mevcut vasiyeti tenfiz memuru\/y\u00f6neticisinin davran\u0131\u015flar\u0131ndan memnun olmaman\u0131z durumunda bu konularda size yard\u0131mc\u0131 olabiliriz.<\/p>\n\n\n\n<p style=\"padding-top:var(--wp--preset--spacing--20);padding-bottom:var(--wp--preset--spacing--20)\">\u00d6zel M\u00fc\u015fteri ekibimiz ayr\u0131ca, ad\u0131 ge\u00e7en vasilerin bir anla\u015fmaya varamamas\u0131 ve g\u00f6revden al\u0131nmas\u0131 ya da g\u00f6revden \u00e7ekilmeyi kabul etmesi durumunda, miras\u0131n idaresiyle ilgilenen ba\u011f\u0131ms\u0131z y\u00f6neticiler olarak da hareket edebilir.<\/p>\n\n\n\n<p style=\"padding-top:var(--wp--preset--spacing--20);padding-bottom:var(--wp--preset--spacing--20)\">We also recognise that in the aftermath of losing a loved one, most people want to avoid the upset and inconvenience of a court battle. Fortunately, in most cases, court proceedings are not needed to resolve inheritance disputes. Our contentious probate lawyers are experts in alternative dispute resolution, including mediation, so we can usually help you to achieve a positive outcome outside of the courtroom.<\/p>\n\n\n\n<p style=\"padding-top:var(--wp--preset--spacing--20);padding-bottom:var(--wp--preset--spacing--20)\">\t\t\t\t\t\t<style>\r\n\t\t\t\t<style>\r\n#wpsm_accordion_2804 .wpsm_panel-heading{\r\n\tpadding:0px !important;\r\n}\r\n#wpsm_accordion_2804 .wpsm_panel-title {\r\n\tmargin:0px !important; \r\n\ttext-transform:none !important;\r\n\tline-height: 1 !important;\r\n}\r\n#wpsm_accordion_2804 .wpsm_panel-title a{\r\n\ttext-decoration:none;\r\n\toverflow:hidden;\r\n\tdisplay:block;\r\n\tpadding:0px;\r\n\tfont-size: 18px !important;\r\n\tfont-family: Open Sans !important;\r\n\tcolor:#000000 !important;\r\n\tborder-bottom:0px !important;\r\n}\r\n\r\n#wpsm_accordion_2804 .wpsm_panel-title a:focus {\r\noutline: 0px !important;\r\n}\r\n\r\n#wpsm_accordion_2804 .wpsm_panel-title a:hover, #wpsm_accordion_2804 .wpsm_panel-title a:focus {\r\n\tcolor:#000000 !important;\r\n}\r\n#wpsm_accordion_2804 .acc-a{\r\n\tcolor: #000000 !important;\r\n\tbackground-color:#e8e8e8 !important;\r\n\tborder-color: #ddd;\r\n}\r\n#wpsm_accordion_2804 .wpsm_panel-default > .wpsm_panel-heading{\r\n\tcolor: #000000 !important;\r\n\tbackground-color: #e8e8e8 !important;\r\n\tborder-color: #e8e8e8 !important;\r\n\tborder-top-left-radius: 0px;\r\n\tborder-top-right-radius: 0px;\r\n}\r\n#wpsm_accordion_2804 .wpsm_panel-default {\r\n\t\tborder:1px solid transparent !important;\r\n\t}\r\n#wpsm_accordion_2804 {\r\n\tmargin-bottom: 20px;\r\n\toverflow: hidden;\r\n\tfloat: none;\r\n\twidth: 100%;\r\n\tdisplay: block;\r\n}\r\n#wpsm_accordion_2804 .ac_title_class{\r\n\tdisplay: block;\r\n\tpadding-top: 12px;\r\n\tpadding-bottom: 12px;\r\n\tpadding-left: 15px;\r\n\tpadding-right: 15px;\r\n}\r\n#wpsm_accordion_2804  .wpsm_panel {\r\n\toverflow:hidden;\r\n\t-webkit-box-shadow: 0 0px 0px rgba(0, 0, 0, .05);\r\n\tbox-shadow: 0 0px 0px rgba(0, 0, 0, .05);\r\n\t\tborder-radius: 4px;\r\n\t}\r\n#wpsm_accordion_2804  .wpsm_panel + .wpsm_panel {\r\n\t\tmargin-top: 5px;\r\n\t}\r\n#wpsm_accordion_2804  .wpsm_panel-body{\r\n\tbackground-color:#ffffff !important;\r\n\tcolor:#000000 !important;\r\n\tborder-top-color: #e8e8e8 !important;\r\n\tfont-size:16px !important;\r\n\tfont-family: Open Sans !important;\r\n\toverflow: hidden;\r\n\t\tborder: 2px solid #e8e8e8 !important;\r\n\t}\r\n\r\n#wpsm_accordion_2804 .ac_open_cl_icon{\r\n\tbackground-color:#e8e8e8 !important;\r\n\tcolor: #000000 !important;\r\n\tfloat:right !important;\r\n\tpadding-top: 12px !important;\r\n\tpadding-bottom: 12px !important;\r\n\tline-height: 1.0 !important;\r\n\tpadding-left: 15px !important;\r\n\tpadding-right: 15px !important;\r\n\tdisplay: inline-block !important;\r\n}\r\n\r\n\t\t\t\r\n\t\t\t<\/style>\t\r\n\t\t\t<\/style>\r\n\t\t\t<div class=\"wpsm_panel-group\" id=\"wpsm_accordion_2804\" >\r\n\t\t\t\t\t\t\t\t\r\n\t\t\t\t\t<!-- Inner panel Start -->\r\n\t\t\t\t\t<div class=\"wpsm_panel wpsm_panel-default\">\r\n\t\t\t\t\t\t<div class=\"wpsm_panel-heading\" role=\"tab\" >\r\n\t\t\t\t\t\t  <h4 class=\"wpsm_panel-title\">\r\n\t\t\t\t\t\t\t<a  class=\"\"  data-toggle=\"collapse\" data-parent=\"#wpsm_accordion_2804 \" href=\"javascript:void(0)\" data-target=\"#ac_2804_collapse1\" onclick=\"do_resize()\">\r\n\t\t\t\t\t\t\t\t\t\t\t\t\t\t\t\t\t<span class=\"ac_open_cl_icon fa fa-minus\"><\/span>\r\n\t\t\t\t\t\t\t\t\t\r\n\t\t\t\t\t\t\t\t \r\n\t\t\t\t\t\t\t\t<span class=\"ac_title_class\">\r\n\t\t\t\t\t\t\t\t\tUZMANLIK :\t\t\t\t\t\t\t\t<\/span>\r\n\t\t\t\t\t\t\t<\/a>\r\n\t\t\t\t\t\t  <\/h4>\r\n\t\t\t\t\t\t<\/div>\r\n\t\t\t\t\t\t<div id=\"ac_2804_collapse1\" class=\"wpsm_panel-collapse collapse in\"  >\r\n\t\t\t\t\t\t  <div class=\"wpsm_panel-body\">\r\n\t\t\t\t\t\t\t<ul>\r\n \t<li>- M\u00fclkiyet ve kiralama sat\u0131\u015flar\u0131 ve al\u0131mlar\u0131<\/li>\r\n \t<li>- M\u00fclk refinansman\u0131<\/li>\r\n \t<li>- \u00d6zkaynak transferi<\/li>\r\n \t<li>- Y\u00fcksek net de\u011ferli sat\u0131\u015flar\/sat\u0131n almalar<\/li>\r\n \t<li>- M\u00fczayede sat\u0131\u015flar\u0131\/sat\u0131n al\u0131mlar\u0131<\/li>\r\n \t<li>- Karma\u015f\u0131k daire planlar\u0131 ve leasehold i\u015flemleri<\/li>\r\n<\/ul>\t\t\t\t\t\t  <\/div>\r\n\t\t\t\t\t\t<\/div>\r\n\t\t\t\t\t<\/div>\r\n\t\t\t\t\t<!-- Inner panel End -->\r\n\t\t\t\t\t\r\n\t\t\t\t\t\t\t<\/div>\r\n\t\t\t\r\n<script type=\"text\/javascript\">\r\n\t\r\n\t\tfunction do_resize(){\r\n\r\n\t\t\tvar width=jQuery( '.wpsm_panel .wpsm_panel-body iframe' ).width();\r\n\t\t\tvar height=jQuery( '.wpsm_panel .wpsm_panel-body iframe' ).height();\r\n\r\n\t\t\tvar toggleSize = true;\r\n\t\t\tjQuery('iframe').animate({\r\n\t\t\t    width: toggleSize ? width : 640,\r\n\t\t\t    height: toggleSize ? height : 360\r\n\t\t\t  }, 250);\r\n\r\n\t\t\t  toggleSize = !toggleSize;\r\n\t\t}\r\n\t\t\r\n<\/script>\t<\/p>","protected":false},"excerpt":{"rendered":"<p>Contentious Probate Litigation Unfortunately, it is not uncommon for disputes to arise after the death of a loved one. Whatever the challenges you or your family are facing, our Contentious Probate team has the knowledge and experience to help. We are able to advise on the best approach to any dispute, whether it be litigation &hellip; <a href=\"https:\/\/rfblegal.co.uk\/tr\/?p=2804\">Devam\u0131<\/a><\/p>","protected":false},"author":1,"featured_media":2747,"parent":2126,"menu_order":0,"comment_status":"closed","ping_status":"closed","template":"tier3-template.blade.php","meta":{"_acf_changed":false,"om_disable_all_campaigns":false,"_uf_show_specific_survey":0,"_uf_disable_surveys":false,"footnotes":""},"class_list":["post-2178","page","type-page","status-publish","has-post-thumbnail","hentry"],"acf":[],"aioseo_notices":[],"yoast_head":"<!-- This site is optimized with the Yoast SEO plugin v27.2 - https:\/\/yoast.com\/product\/yoast-seo-wordpress\/ -->\n<title>Contentious Probate Litigation - RFB Legal<\/title>\n<meta name=\"description\" content=\"Contentious Probate Litigation Unfortunately, it is not uncommon for disputes to arise after the death of a loved one. Whatever the challenges you or your\" \/>\n<meta name=\"robots\" content=\"index, follow, max-snippet:-1, max-image-preview:large, max-video-preview:-1\" \/>\n<link rel=\"canonical\" href=\"https:\/\/rfblegal.co.uk\/tr\/hizmetler\/ki\u0307si\u0307sel-hukuk\/mulk-davalari\/cekismeli-veraset-davalari\/\" \/>\n<meta property=\"og:locale\" content=\"tr_TR\" \/>\n<meta property=\"og:type\" content=\"article\" \/>\n<meta property=\"og:title\" content=\"Contentious Probate Litigation - RFB Legal\" \/>\n<meta property=\"og:description\" content=\"Contentious Probate Litigation Unfortunately, it is not uncommon for disputes to arise after the death of a loved one. Whatever the challenges you or your\" \/>\n<meta property=\"og:url\" content=\"https:\/\/rfblegal.co.uk\/tr\/hizmetler\/ki\u0307si\u0307sel-hukuk\/mulk-davalari\/cekismeli-veraset-davalari\/\" \/>\n<meta property=\"og:site_name\" content=\"RFB Legal\" \/>\n<meta property=\"article:publisher\" content=\"https:\/\/www.facebook.com\/RFBLegal\/\" \/>\n<meta property=\"article:modified_time\" content=\"2024-03-05T17:27:16+00:00\" \/>\n<meta property=\"og:image\" content=\"https:\/\/rfblegal.co.uk\/wp-content\/uploads\/2024\/02\/Contentious_Trusts_and_Probate.jpg\" \/>\n\t<meta property=\"og:image:width\" content=\"1440\" \/>\n\t<meta property=\"og:image:height\" content=\"550\" \/>\n\t<meta property=\"og:image:type\" content=\"image\/jpeg\" \/>\n<meta name=\"twitter:card\" content=\"summary_large_image\" \/>\n<meta name=\"twitter:label1\" content=\"Est. reading time\" \/>\n\t<meta name=\"twitter:data1\" content=\"2 dakika\" \/>\n<script type=\"application\/ld+json\" class=\"yoast-schema-graph\">{\"@context\":\"https:\/\/schema.org\",\"@graph\":[{\"@type\":\"WebPage\",\"@id\":\"https:\/\/rfblegal.co.uk\/services\/personal-law\/property-litigation\/contentious-probate-litigation\/\",\"url\":\"https:\/\/rfblegal.co.uk\/services\/personal-law\/property-litigation\/contentious-probate-litigation\/\",\"name\":\"Contentious Probate Litigation - RFB Legal\",\"isPartOf\":{\"@id\":\"https:\/\/rfblegal.co.uk\/#website\"},\"primaryImageOfPage\":{\"@id\":\"https:\/\/rfblegal.co.uk\/services\/personal-law\/property-litigation\/contentious-probate-litigation\/#primaryimage\"},\"image\":{\"@id\":\"https:\/\/rfblegal.co.uk\/services\/personal-law\/property-litigation\/contentious-probate-litigation\/#primaryimage\"},\"thumbnailUrl\":\"https:\/\/rfblegal.co.uk\/wp-content\/uploads\/2024\/02\/Contentious_Trusts_and_Probate.jpg\",\"datePublished\":\"2024-02-21T13:01:43+00:00\",\"dateModified\":\"2024-03-05T17:27:16+00:00\",\"description\":\"Contentious Probate Litigation Unfortunately, it is not uncommon for disputes to arise after the death of a loved one. Whatever the challenges you or your\",\"breadcrumb\":{\"@id\":\"https:\/\/rfblegal.co.uk\/services\/personal-law\/property-litigation\/contentious-probate-litigation\/#breadcrumb\"},\"inLanguage\":\"tr\",\"potentialAction\":[{\"@type\":\"ReadAction\",\"target\":[\"https:\/\/rfblegal.co.uk\/services\/personal-law\/property-litigation\/contentious-probate-litigation\/\"]}]},{\"@type\":\"ImageObject\",\"inLanguage\":\"tr\",\"@id\":\"https:\/\/rfblegal.co.uk\/services\/personal-law\/property-litigation\/contentious-probate-litigation\/#primaryimage\",\"url\":\"https:\/\/rfblegal.co.uk\/wp-content\/uploads\/2024\/02\/Contentious_Trusts_and_Probate.jpg\",\"contentUrl\":\"https:\/\/rfblegal.co.uk\/wp-content\/uploads\/2024\/02\/Contentious_Trusts_and_Probate.jpg\",\"width\":1440,\"height\":550},{\"@type\":\"BreadcrumbList\",\"@id\":\"https:\/\/rfblegal.co.uk\/services\/personal-law\/property-litigation\/contentious-probate-litigation\/#breadcrumb\",\"itemListElement\":[{\"@type\":\"ListItem\",\"position\":1,\"name\":\"Home\",\"item\":\"https:\/\/rfblegal.co.uk\/\"},{\"@type\":\"ListItem\",\"position\":2,\"name\":\"Services\",\"item\":\"https:\/\/rfblegal.co.uk\/services\/\"},{\"@type\":\"ListItem\",\"position\":3,\"name\":\"Personal Law Services\",\"item\":\"https:\/\/rfblegal.co.uk\/services\/personal-law\/\"},{\"@type\":\"ListItem\",\"position\":4,\"name\":\"Property Litigation\",\"item\":\"https:\/\/rfblegal.co.uk\/services\/personal-law\/property-litigation\/\"},{\"@type\":\"ListItem\",\"position\":5,\"name\":\"Contentious Probate Litigation\"}]},{\"@type\":\"WebSite\",\"@id\":\"https:\/\/rfblegal.co.uk\/#website\",\"url\":\"https:\/\/rfblegal.co.uk\/\",\"name\":\"RFB Legal\",\"description\":\"\",\"publisher\":{\"@id\":\"https:\/\/rfblegal.co.uk\/#organization\"},\"potentialAction\":[{\"@type\":\"SearchAction\",\"target\":{\"@type\":\"EntryPoint\",\"urlTemplate\":\"https:\/\/rfblegal.co.uk\/?s={search_term_string}\"},\"query-input\":{\"@type\":\"PropertyValueSpecification\",\"valueRequired\":true,\"valueName\":\"search_term_string\"}}],\"inLanguage\":\"tr\"},{\"@type\":\"Organization\",\"@id\":\"https:\/\/rfblegal.co.uk\/#organization\",\"name\":\"RFB Legal\",\"url\":\"https:\/\/rfblegal.co.uk\/\",\"logo\":{\"@type\":\"ImageObject\",\"inLanguage\":\"tr\",\"@id\":\"https:\/\/rfblegal.co.uk\/#\/schema\/logo\/image\/\",\"url\":\"https:\/\/rfblegal.co.uk\/wp-content\/uploads\/2024\/01\/header_company_logo.svg\",\"contentUrl\":\"https:\/\/rfblegal.co.uk\/wp-content\/uploads\/2024\/01\/header_company_logo.svg\",\"caption\":\"RFB Legal\"},\"image\":{\"@id\":\"https:\/\/rfblegal.co.uk\/#\/schema\/logo\/image\/\"},\"sameAs\":[\"https:\/\/www.facebook.com\/RFBLegal\/\",\"https:\/\/www.linkedin.com\/uas\/login?session_redirect=company2012282\",\"https:\/\/www.instagram.com\/rfb_legal\/\"]}]}<\/script>\n<!-- \/ Yoast SEO plugin. -->","yoast_head_json":{"title":"\u00c7eki\u015fmeli Veraset Davalar\u0131 - RFB Legal","description":"\u00c7eki\u015fmeli Veraset Davalar\u0131 Ne yaz\u0131k ki, sevilen bir ki\u015finin \u00f6l\u00fcm\u00fcnden sonra anla\u015fmazl\u0131klar\u0131n ortaya \u00e7\u0131kmas\u0131 nadir de\u011fildir. Sizin ya da miras\u00e7\u0131lar\u0131n\u0131z\u0131n kar\u015f\u0131la\u015ft\u0131\u011f\u0131 zorluklar ne olursa olsun","robots":{"index":"index","follow":"follow","max-snippet":"max-snippet:-1","max-image-preview":"max-image-preview:large","max-video-preview":"max-video-preview:-1"},"canonical":"https:\/\/rfblegal.co.uk\/tr\/hizmetler\/ki\u0307si\u0307sel-hukuk\/mulk-davalari\/cekismeli-veraset-davalari\/","og_locale":"tr_TR","og_type":"article","og_title":"Contentious Probate Litigation - RFB Legal","og_description":"Contentious Probate Litigation Unfortunately, it is not uncommon for disputes to arise after the death of a loved one. Whatever the challenges you or your","og_url":"https:\/\/rfblegal.co.uk\/tr\/hizmetler\/ki\u0307si\u0307sel-hukuk\/mulk-davalari\/cekismeli-veraset-davalari\/","og_site_name":"RFB Legal","article_publisher":"https:\/\/www.facebook.com\/RFBLegal\/","article_modified_time":"2024-03-05T17:27:16+00:00","og_image":[{"width":1440,"height":550,"url":"https:\/\/rfblegal.co.uk\/wp-content\/uploads\/2024\/02\/Contentious_Trusts_and_Probate.jpg","type":"image\/jpeg"}],"twitter_card":"summary_large_image","twitter_misc":{"Est. reading time":"2 dakika"},"schema":{"@context":"https:\/\/schema.org","@graph":[{"@type":"WebPage","@id":"https:\/\/rfblegal.co.uk\/services\/personal-law\/property-litigation\/contentious-probate-litigation\/","url":"https:\/\/rfblegal.co.uk\/services\/personal-law\/property-litigation\/contentious-probate-litigation\/","name":"\u00c7eki\u015fmeli Veraset Davalar\u0131 - RFB Legal","isPartOf":{"@id":"https:\/\/rfblegal.co.uk\/#website"},"primaryImageOfPage":{"@id":"https:\/\/rfblegal.co.uk\/services\/personal-law\/property-litigation\/contentious-probate-litigation\/#primaryimage"},"image":{"@id":"https:\/\/rfblegal.co.uk\/services\/personal-law\/property-litigation\/contentious-probate-litigation\/#primaryimage"},"thumbnailUrl":"https:\/\/rfblegal.co.uk\/wp-content\/uploads\/2024\/02\/Contentious_Trusts_and_Probate.jpg","datePublished":"2024-02-21T13:01:43+00:00","dateModified":"2024-03-05T17:27:16+00:00","description":"\u00c7eki\u015fmeli Veraset Davalar\u0131 Ne yaz\u0131k ki, sevilen bir ki\u015finin \u00f6l\u00fcm\u00fcnden sonra anla\u015fmazl\u0131klar\u0131n ortaya \u00e7\u0131kmas\u0131 nadir de\u011fildir. Sizin ya da miras\u00e7\u0131lar\u0131n\u0131z\u0131n kar\u015f\u0131la\u015ft\u0131\u011f\u0131 zorluklar ne olursa olsun","breadcrumb":{"@id":"https:\/\/rfblegal.co.uk\/services\/personal-law\/property-litigation\/contentious-probate-litigation\/#breadcrumb"},"inLanguage":"tr","potentialAction":[{"@type":"ReadAction","target":["https:\/\/rfblegal.co.uk\/services\/personal-law\/property-litigation\/contentious-probate-litigation\/"]}]},{"@type":"ImageObject","inLanguage":"tr","@id":"https:\/\/rfblegal.co.uk\/services\/personal-law\/property-litigation\/contentious-probate-litigation\/#primaryimage","url":"https:\/\/rfblegal.co.uk\/wp-content\/uploads\/2024\/02\/Contentious_Trusts_and_Probate.jpg","contentUrl":"https:\/\/rfblegal.co.uk\/wp-content\/uploads\/2024\/02\/Contentious_Trusts_and_Probate.jpg","width":1440,"height":550},{"@type":"BreadcrumbList","@id":"https:\/\/rfblegal.co.uk\/services\/personal-law\/property-litigation\/contentious-probate-litigation\/#breadcrumb","itemListElement":[{"@type":"ListItem","position":1,"name":"Home","item":"https:\/\/rfblegal.co.uk\/"},{"@type":"ListItem","position":2,"name":"Services","item":"https:\/\/rfblegal.co.uk\/services\/"},{"@type":"ListItem","position":3,"name":"Personal Law Services","item":"https:\/\/rfblegal.co.uk\/services\/personal-law\/"},{"@type":"ListItem","position":4,"name":"Property Litigation","item":"https:\/\/rfblegal.co.uk\/services\/personal-law\/property-litigation\/"},{"@type":"ListItem","position":5,"name":"Contentious Probate Litigation"}]},{"@type":"WebSite","@id":"https:\/\/rfblegal.co.uk\/#website","url":"https:\/\/rfblegal.co.uk\/","name":"RFB Hukuk","description":"","publisher":{"@id":"https:\/\/rfblegal.co.uk\/#organization"},"potentialAction":[{"@type":"SearchAction","target":{"@type":"EntryPoint","urlTemplate":"https:\/\/rfblegal.co.uk\/?s={search_term_string}"},"query-input":{"@type":"PropertyValueSpecification","valueRequired":true,"valueName":"search_term_string"}}],"inLanguage":"tr"},{"@type":"Organization","@id":"https:\/\/rfblegal.co.uk\/#organization","name":"RFB Hukuk","url":"https:\/\/rfblegal.co.uk\/","logo":{"@type":"ImageObject","inLanguage":"tr","@id":"https:\/\/rfblegal.co.uk\/#\/schema\/logo\/image\/","url":"https:\/\/rfblegal.co.uk\/wp-content\/uploads\/2024\/01\/header_company_logo.svg","contentUrl":"https:\/\/rfblegal.co.uk\/wp-content\/uploads\/2024\/01\/header_company_logo.svg","caption":"RFB Legal"},"image":{"@id":"https:\/\/rfblegal.co.uk\/#\/schema\/logo\/image\/"},"sameAs":["https:\/\/www.facebook.com\/RFBLegal\/","https:\/\/www.linkedin.com\/uas\/login?session_redirect=company2012282","https:\/\/www.instagram.com\/rfb_legal\/"]}]}},"_links":{"self":[{"href":"https:\/\/rfblegal.co.uk\/tr\/wp-json\/wp\/v2\/pages\/2178","targetHints":{"allow":["GET"]}}],"collection":[{"href":"https:\/\/rfblegal.co.uk\/tr\/wp-json\/wp\/v2\/pages"}],"about":[{"href":"https:\/\/rfblegal.co.uk\/tr\/wp-json\/wp\/v2\/types\/page"}],"author":[{"embeddable":true,"href":"https:\/\/rfblegal.co.uk\/tr\/wp-json\/wp\/v2\/users\/1"}],"replies":[{"embeddable":true,"href":"https:\/\/rfblegal.co.uk\/tr\/wp-json\/wp\/v2\/comments?post=2178"}],"version-history":[{"count":0,"href":"https:\/\/rfblegal.co.uk\/tr\/wp-json\/wp\/v2\/pages\/2178\/revisions"}],"up":[{"embeddable":true,"href":"https:\/\/rfblegal.co.uk\/tr\/wp-json\/wp\/v2\/pages\/2126"}],"wp:featuredmedia":[{"embeddable":true,"href":"https:\/\/rfblegal.co.uk\/tr\/wp-json\/wp\/v2\/media\/2747"}],"wp:attachment":[{"href":"https:\/\/rfblegal.co.uk\/tr\/wp-json\/wp\/v2\/media?parent=2178"}],"curies":[{"name":"wp","href":"https:\/\/api.w.org\/{rel}","templated":true}]}}