{"id":1978,"date":"2024-02-14T17:14:24","date_gmt":"2024-02-14T17:14:24","guid":{"rendered":"https:\/\/rfblegal.co.uk\/?page_id=1978"},"modified":"2026-04-15T11:12:19","modified_gmt":"2026-04-15T11:12:19","slug":"powers-of-attorney-and-court-protection","status":"publish","type":"page","link":"https:\/\/rfblegal.co.uk\/tr\/hizmetler\/ki%cc%87si%cc%87sel-hukuk\/powers-of-attorney-and-court-protection\/","title":{"rendered":"Powers of Attorney &amp; Court Protection"},"content":{"rendered":"<p>M\u00fcvekkillerimizle ve varsa mali m\u00fc\u015favirleri, muhasebecileri ve yabanc\u0131 avukatlar\u0131yla yak\u0131n i\u015fbirli\u011fi i\u00e7inde \u00e7al\u0131\u015farak \u00f6nceliklerini anlamaya ve gelecek nesillere servetlerini aktarman\u0131n ve g\u00fcvence alt\u0131na alman\u0131n vergi a\u00e7\u0131s\u0131ndan en verimli yollar\u0131 konusunda tavsiyelerde bulunmaya \u00e7al\u0131\u015f\u0131yoruz. Tr\u00f6stler ailelerin kullanabilece\u011fi tek ara\u00e7 de\u011fildir ve ekibimiz servet koruma stratejileri konusunda tavsiyelerde bulunurken ailelerin ve bireylerin vergi risklerini g\u00f6zden ge\u00e7irecektir.<\/p>\n\n\n\n<p><\/p>\n\n\n\n<p>Ekip, hem \u00f6m\u00fcr boyu tr\u00f6stlerin hem de vasiyet tr\u00f6stlerinin olu\u015fturulmas\u0131 ve tescili ile ilgilenir ve m\u00fc\u015fterinin bireysel ihtiya\u00e7lar\u0131na en uygun olan\u0131 sa\u011flamak i\u00e7in m\u00fc\u015fterilere uzman ve net tavsiyeler sunar. Ekip ayr\u0131ca mevcut tr\u00f6st d\u00fczenlemelerinde olas\u0131 de\u011fi\u015fiklikler ve bir \u00f6l\u00fcm\u00fcn ard\u0131ndan vasiyetnamede kurulan bir tr\u00f6stle nas\u0131l ba\u015fa \u00e7\u0131k\u0131laca\u011f\u0131 konusunda tavsiyelerde bulunabilir.<\/p>\n\n\n\n<p><\/p>\n\n\n\n<p>Ayr\u0131ca, m\u00fctevelliler taraf\u0131ndan tr\u00f6stlerin devam eden y\u00f6netimi konusunda da s\u0131k s\u0131k dan\u0131\u015f\u0131lmaktad\u0131r. Bu, devam eden vergi y\u00fck\u00fcml\u00fcl\u00fckleri ve dosyalamalar\u0131, varl\u0131klar\u0131n edinilmesi ve elden \u00e7\u0131kar\u0131lmas\u0131 ve tr\u00f6stten yararlanma hakk\u0131na sahip olanlara da\u011f\u0131t\u0131mlar ile ilgili tavsiyeleri i\u00e7erebilir. Ayr\u0131ca tr\u00f6stlerin tasfiyesi ve bunun sonucunda ortaya \u00e7\u0131kan vergi y\u00fck\u00fcml\u00fcl\u00fc\u011f\u00fc konusunda da yard\u0131mc\u0131 olabiliriz.<\/p>\n\n\n\n<p><\/p>\n\n\n\n<p>Ekip ayr\u0131ca, yasal m\u00fclkiyetle ayn\u0131 olmayan m\u00fclklerdeki faydal\u0131 menfaatleri belirlemek i\u00e7in g\u00fcven beyanlar\u0131 haz\u0131rlar ve tescilin gerekli oldu\u011fu durumlarda G\u00fcven Kay\u0131t Hizmeti arac\u0131l\u0131\u011f\u0131yla tr\u00f6stlerin kaydedilmesine yard\u0131mc\u0131 olabilir.<\/p>","protected":false},"excerpt":{"rendered":"<p>We work closely with our clients and where applicable their financial advisers, accountants, and foreign lawyers to understand their priorities to enable us to advise on the most tax-efficient ways of passing and securing wealth for future generations. Trusts are not the only tool available to families and the team will review the tax exposure &hellip; <a href=\"https:\/\/rfblegal.co.uk\/tr\/hizmetler\/ki%cc%87si%cc%87sel-hukuk\/powers-of-attorney-and-court-protection\/\">Continued<\/a><\/p>","protected":false},"author":5,"featured_media":0,"parent":357,"menu_order":0,"comment_status":"closed","ping_status":"closed","template":"tier2-template.blade.php","meta":{"_acf_changed":false,"om_disable_all_campaigns":false,"_uf_show_specific_survey":0,"_uf_disable_surveys":false,"footnotes":""},"class_list":["post-1978","page","type-page","status-publish","hentry"],"acf":[],"aioseo_notices":[],"yoast_head":"<!-- This site is optimized with the Yoast SEO plugin v27.2 - https:\/\/yoast.com\/product\/yoast-seo-wordpress\/ -->\n<title>Powers of Attorney &amp; Court Protection - RFB Legal<\/title>\n<meta name=\"description\" content=\"We work closely with our clients and where applicable their financial advisers, accountants, and foreign lawyers to understand their priorities to enable\" \/>\n<meta name=\"robots\" content=\"index, follow, max-snippet:-1, max-image-preview:large, max-video-preview:-1\" \/>\n<link rel=\"canonical\" href=\"https:\/\/rfblegal.co.uk\/tr\/hizmetler\/ki\u0307si\u0307sel-hukuk\/powers-of-attorney-and-court-protection\/\" \/>\n<meta property=\"og:locale\" content=\"tr_TR\" \/>\n<meta property=\"og:type\" content=\"article\" \/>\n<meta property=\"og:title\" content=\"Powers of Attorney &amp; Court Protection - RFB Legal\" \/>\n<meta property=\"og:description\" content=\"We work closely with our clients and where applicable their financial advisers, accountants, and foreign lawyers to understand their priorities to enable\" \/>\n<meta property=\"og:url\" content=\"https:\/\/rfblegal.co.uk\/tr\/hizmetler\/ki\u0307si\u0307sel-hukuk\/powers-of-attorney-and-court-protection\/\" \/>\n<meta property=\"og:site_name\" content=\"RFB Legal\" \/>\n<meta property=\"article:publisher\" content=\"https:\/\/www.facebook.com\/RFBLegal\/\" \/>\n<meta property=\"article:modified_time\" content=\"2026-04-15T11:12:19+00:00\" \/>\n<meta name=\"twitter:card\" content=\"summary_large_image\" \/>\n<meta name=\"twitter:label1\" content=\"Est. reading time\" \/>\n\t<meta name=\"twitter:data1\" content=\"1 dakika\" \/>\n<script type=\"application\/ld+json\" class=\"yoast-schema-graph\">{\"@context\":\"https:\/\/schema.org\",\"@graph\":[{\"@type\":\"WebPage\",\"@id\":\"https:\/\/rfblegal.co.uk\/services\/personal-law\/powers-of-attorney-and-court-protection\/\",\"url\":\"https:\/\/rfblegal.co.uk\/services\/personal-law\/powers-of-attorney-and-court-protection\/\",\"name\":\"Powers of Attorney &amp; Court Protection - RFB Legal\",\"isPartOf\":{\"@id\":\"https:\/\/rfblegal.co.uk\/#website\"},\"datePublished\":\"2024-02-14T17:14:24+00:00\",\"dateModified\":\"2026-04-15T11:12:19+00:00\",\"description\":\"We work closely with our clients and where applicable their financial advisers, accountants, and foreign lawyers to understand their priorities to enable\",\"breadcrumb\":{\"@id\":\"https:\/\/rfblegal.co.uk\/services\/personal-law\/powers-of-attorney-and-court-protection\/#breadcrumb\"},\"inLanguage\":\"tr\",\"potentialAction\":[{\"@type\":\"ReadAction\",\"target\":[\"https:\/\/rfblegal.co.uk\/services\/personal-law\/powers-of-attorney-and-court-protection\/\"]}]},{\"@type\":\"BreadcrumbList\",\"@id\":\"https:\/\/rfblegal.co.uk\/services\/personal-law\/powers-of-attorney-and-court-protection\/#breadcrumb\",\"itemListElement\":[{\"@type\":\"ListItem\",\"position\":1,\"name\":\"Home\",\"item\":\"https:\/\/rfblegal.co.uk\/\"},{\"@type\":\"ListItem\",\"position\":2,\"name\":\"Services\",\"item\":\"https:\/\/rfblegal.co.uk\/services\/\"},{\"@type\":\"ListItem\",\"position\":3,\"name\":\"Personal Law Services\",\"item\":\"https:\/\/rfblegal.co.uk\/services\/personal-law\/\"},{\"@type\":\"ListItem\",\"position\":4,\"name\":\"Powers of Attorney &amp; Court Protection\"}]},{\"@type\":\"WebSite\",\"@id\":\"https:\/\/rfblegal.co.uk\/#website\",\"url\":\"https:\/\/rfblegal.co.uk\/\",\"name\":\"RFB Legal\",\"description\":\"\",\"publisher\":{\"@id\":\"https:\/\/rfblegal.co.uk\/#organization\"},\"potentialAction\":[{\"@type\":\"SearchAction\",\"target\":{\"@type\":\"EntryPoint\",\"urlTemplate\":\"https:\/\/rfblegal.co.uk\/?s={search_term_string}\"},\"query-input\":{\"@type\":\"PropertyValueSpecification\",\"valueRequired\":true,\"valueName\":\"search_term_string\"}}],\"inLanguage\":\"tr\"},{\"@type\":\"Organization\",\"@id\":\"https:\/\/rfblegal.co.uk\/#organization\",\"name\":\"RFB Legal\",\"url\":\"https:\/\/rfblegal.co.uk\/\",\"logo\":{\"@type\":\"ImageObject\",\"inLanguage\":\"tr\",\"@id\":\"https:\/\/rfblegal.co.uk\/#\/schema\/logo\/image\/\",\"url\":\"https:\/\/rfblegal.co.uk\/wp-content\/uploads\/2024\/01\/header_company_logo.svg\",\"contentUrl\":\"https:\/\/rfblegal.co.uk\/wp-content\/uploads\/2024\/01\/header_company_logo.svg\",\"caption\":\"RFB Legal\"},\"image\":{\"@id\":\"https:\/\/rfblegal.co.uk\/#\/schema\/logo\/image\/\"},\"sameAs\":[\"https:\/\/www.facebook.com\/RFBLegal\/\",\"https:\/\/www.linkedin.com\/uas\/login?session_redirect=company2012282\",\"https:\/\/www.instagram.com\/rfb_legal\/\"]}]}<\/script>\n<!-- \/ Yoast SEO plugin. -->","yoast_head_json":{"title":"Powers of Attorney &amp; Court Protection - RFB Legal","description":"M\u00fcvekkillerimizin \u00f6nceliklerini anlayabilmek i\u00e7in onlarla ve varsa mali m\u00fc\u015favirleri, muhasebecileri ve yabanc\u0131 avukatlar\u0131yla yak\u0131n i\u015fbirli\u011fi i\u00e7inde \u00e7al\u0131\u015f\u0131yoruz.","robots":{"index":"index","follow":"follow","max-snippet":"max-snippet:-1","max-image-preview":"max-image-preview:large","max-video-preview":"max-video-preview:-1"},"canonical":"https:\/\/rfblegal.co.uk\/tr\/hizmetler\/ki\u0307si\u0307sel-hukuk\/powers-of-attorney-and-court-protection\/","og_locale":"tr_TR","og_type":"article","og_title":"Powers of Attorney &amp; Court Protection - RFB Legal","og_description":"We work closely with our clients and where applicable their financial advisers, accountants, and foreign lawyers to understand their priorities to enable","og_url":"https:\/\/rfblegal.co.uk\/tr\/hizmetler\/ki\u0307si\u0307sel-hukuk\/powers-of-attorney-and-court-protection\/","og_site_name":"RFB Legal","article_publisher":"https:\/\/www.facebook.com\/RFBLegal\/","article_modified_time":"2026-04-15T11:12:19+00:00","twitter_card":"summary_large_image","twitter_misc":{"Est. reading time":"1 dakika"},"schema":{"@context":"https:\/\/schema.org","@graph":[{"@type":"WebPage","@id":"https:\/\/rfblegal.co.uk\/services\/personal-law\/powers-of-attorney-and-court-protection\/","url":"https:\/\/rfblegal.co.uk\/services\/personal-law\/powers-of-attorney-and-court-protection\/","name":"Powers of Attorney &amp; Court Protection - RFB Legal","isPartOf":{"@id":"https:\/\/rfblegal.co.uk\/#website"},"datePublished":"2024-02-14T17:14:24+00:00","dateModified":"2026-04-15T11:12:19+00:00","description":"M\u00fcvekkillerimizin \u00f6nceliklerini anlayabilmek i\u00e7in onlarla ve varsa mali m\u00fc\u015favirleri, muhasebecileri ve yabanc\u0131 avukatlar\u0131yla yak\u0131n i\u015fbirli\u011fi i\u00e7inde \u00e7al\u0131\u015f\u0131yoruz.","breadcrumb":{"@id":"https:\/\/rfblegal.co.uk\/services\/personal-law\/powers-of-attorney-and-court-protection\/#breadcrumb"},"inLanguage":"tr","potentialAction":[{"@type":"ReadAction","target":["https:\/\/rfblegal.co.uk\/services\/personal-law\/powers-of-attorney-and-court-protection\/"]}]},{"@type":"BreadcrumbList","@id":"https:\/\/rfblegal.co.uk\/services\/personal-law\/powers-of-attorney-and-court-protection\/#breadcrumb","itemListElement":[{"@type":"ListItem","position":1,"name":"Home","item":"https:\/\/rfblegal.co.uk\/"},{"@type":"ListItem","position":2,"name":"Services","item":"https:\/\/rfblegal.co.uk\/services\/"},{"@type":"ListItem","position":3,"name":"Personal Law Services","item":"https:\/\/rfblegal.co.uk\/services\/personal-law\/"},{"@type":"ListItem","position":4,"name":"Powers of Attorney &amp; Court Protection"}]},{"@type":"WebSite","@id":"https:\/\/rfblegal.co.uk\/#website","url":"https:\/\/rfblegal.co.uk\/","name":"RFB Hukuk","description":"","publisher":{"@id":"https:\/\/rfblegal.co.uk\/#organization"},"potentialAction":[{"@type":"SearchAction","target":{"@type":"EntryPoint","urlTemplate":"https:\/\/rfblegal.co.uk\/?s={search_term_string}"},"query-input":{"@type":"PropertyValueSpecification","valueRequired":true,"valueName":"search_term_string"}}],"inLanguage":"tr"},{"@type":"Organization","@id":"https:\/\/rfblegal.co.uk\/#organization","name":"RFB Hukuk","url":"https:\/\/rfblegal.co.uk\/","logo":{"@type":"ImageObject","inLanguage":"tr","@id":"https:\/\/rfblegal.co.uk\/#\/schema\/logo\/image\/","url":"https:\/\/rfblegal.co.uk\/wp-content\/uploads\/2024\/01\/header_company_logo.svg","contentUrl":"https:\/\/rfblegal.co.uk\/wp-content\/uploads\/2024\/01\/header_company_logo.svg","caption":"RFB Legal"},"image":{"@id":"https:\/\/rfblegal.co.uk\/#\/schema\/logo\/image\/"},"sameAs":["https:\/\/www.facebook.com\/RFBLegal\/","https:\/\/www.linkedin.com\/uas\/login?session_redirect=company2012282","https:\/\/www.instagram.com\/rfb_legal\/"]}]}},"_links":{"self":[{"href":"https:\/\/rfblegal.co.uk\/tr\/wp-json\/wp\/v2\/pages\/1978","targetHints":{"allow":["GET"]}}],"collection":[{"href":"https:\/\/rfblegal.co.uk\/tr\/wp-json\/wp\/v2\/pages"}],"about":[{"href":"https:\/\/rfblegal.co.uk\/tr\/wp-json\/wp\/v2\/types\/page"}],"author":[{"embeddable":true,"href":"https:\/\/rfblegal.co.uk\/tr\/wp-json\/wp\/v2\/users\/5"}],"replies":[{"embeddable":true,"href":"https:\/\/rfblegal.co.uk\/tr\/wp-json\/wp\/v2\/comments?post=1978"}],"version-history":[{"count":3,"href":"https:\/\/rfblegal.co.uk\/tr\/wp-json\/wp\/v2\/pages\/1978\/revisions"}],"predecessor-version":[{"id":9197,"href":"https:\/\/rfblegal.co.uk\/tr\/wp-json\/wp\/v2\/pages\/1978\/revisions\/9197"}],"up":[{"embeddable":true,"href":"https:\/\/rfblegal.co.uk\/tr\/wp-json\/wp\/v2\/pages\/357"}],"wp:attachment":[{"href":"https:\/\/rfblegal.co.uk\/tr\/wp-json\/wp\/v2\/media?parent=1978"}],"curies":[{"name":"wp","href":"https:\/\/api.w.org\/{rel}","templated":true}]}}