{"id":6137,"date":"2025-04-10T15:26:56","date_gmt":"2025-04-10T15:26:56","guid":{"rendered":"https:\/\/rfblegal.co.uk\/?page_id=6137"},"modified":"2026-03-26T10:57:16","modified_gmt":"2026-03-26T10:57:16","slug":"transaccoes-imobiliarias-e-de-corporate-wrapper","status":"publish","type":"page","link":"https:\/\/rfblegal.co.uk\/pt\/servicos\/direito-comercial\/empresa-empresa\/transaccoes-imobiliarias-e-de-corporate-wrapper\/","title":{"rendered":"Imobili\u00e1rio empresarial e transac\u00e7\u00f5es de \"corporate wrapper"},"content":{"rendered":"<h2 class=\"wp-block-heading\"><strong>Porqu\u00ea a estrutura de cobertura da empresa?<\/strong><\/h2>\n\n\n\n<p>Na RFB, \u00e9 cada vez mais frequente os nossos clientes imobili\u00e1rios realizarem uma transa\u00e7\u00e3o em que o ativo \u00e9 um im\u00f3vel mas a opera\u00e7\u00e3o \u00e9 uma empresa.<\/p>\n\n\n\n<p>Compreendemos os requisitos \u00fanicos e as complexidades necess\u00e1rias e, em particular no caso de fus\u00f5es e aquisi\u00e7\u00f5es, as vantagens fiscais significativas de optar por adquirir ou alienar os interesses num ve\u00edculo empresarial em vez de adquirir a propriedade em si.<\/p>\n\n\n\n<p>Do mesmo modo, quando duas ou mais partes se re\u00fanem para um objetivo comum, como a <a href=\"https:\/\/rfblegal.co.uk\/pt\/servicos\/direito-pessoal\/imoveis-residenciais\/\">residencial<\/a> ou o desenvolvimento comercial de um s\u00edtio, \u00e9 frequente a constitui\u00e7\u00e3o de uma empresa comum. Cada uma das partes trar\u00e1 consigo um conjunto de conhecimentos e compet\u00eancias diferentes, quer se trate de compet\u00eancias de gest\u00e3o de activos, de constru\u00e7\u00e3o, de conhecimento e responsabilidade de <a href=\"https:\/\/rfblegal.co.uk\/pt\/servicos\/direito-pessoal\/direito-regulamentar\/\">regulamentar<\/a> licen\u00e7as ligadas \u00e0 propriedade, e\/ou compet\u00eancias em mat\u00e9ria de pre\u00e7os e contabilidade. Procuraremos garantir que quest\u00f5es como o controlo, o retorno e as transfer\u00eancias se enquadram nos seus interesses estrat\u00e9gicos e permitem que a empresa comum e o seu objetivo relacionado com a propriedade funcionem e sejam cumpridos da melhor forma.<\/p>\n\n\n\n<p>Manter os interesses empresariais separados, por exemplo, os SPV podem criar mais flexibilidade se decidir vender diferentes activos, uma vez que lhe d\u00e1 a oportunidade de considerar op\u00e7\u00f5es para vender um ativo ou o SPV se desejar realizar um investimento.<\/p>\n\n\n\n<h2 class=\"wp-block-heading\"><strong>Servi\u00e7os e experi\u00eancia em bens imobili\u00e1rios empresariais<\/strong><\/h2>\n\n\n\n<p>A nossa equipa de Direito Comercial e Societ\u00e1rio lida regularmente com transac\u00e7\u00f5es de compra de activos e ac\u00e7\u00f5es que envolvem im\u00f3veis, pelo que compreendemos os aspectos comerciais para garantir que o ativo \u00e9 adquirido ao melhor pre\u00e7o poss\u00edvel e tendo em conta os principais objectivos de cada cliente.<\/p>\n\n\n\n<p>A nossa equipa trata:<\/p>\n\n\n\n<ul class=\"wp-block-list\">\n<li><strong>Aquisi\u00e7\u00f5es e aliena\u00e7\u00f5es<\/strong> - gerir SPVs em que o \u00fanico ativo \u00e9 a propriedade, e empresas comerciais no sector imobili\u00e1rio, tais como lares, hot\u00e9is e alojamento para estudantes.<\/li>\n\n\n\n<li><strong>Empresas comuns (<em>JVs<\/em>)<\/strong> que s\u00e3o constitu\u00eddas para deter, adquirir ou desenvolver bens imobili\u00e1rios.<\/li>\n\n\n\n<li><strong>Estrutura\u00e7\u00e3o de investimentos e empr\u00e9stimos:<\/strong> gest\u00e3o de investimentos maiorit\u00e1rios e minorit\u00e1rios em ve\u00edculos de empresas com activos imobili\u00e1rios, e aconselhamento ou cria\u00e7\u00e3o de contratos de empr\u00e9stimo de e para SPVs<\/li>\n\n\n\n<li><strong>Reorganiza\u00e7\u00f5es e reestrutura\u00e7\u00f5es antes ou depois da aquisi\u00e7\u00e3o:<\/strong> Facilitar as transfer\u00eancias de ac\u00e7\u00f5es, os acordos de gest\u00e3o de activos, as cess\u00f5es e as concess\u00f5es de subarrendamentos para os grupos de im\u00f3veis da SPV adquiridos ou alienados<\/li>\n<\/ul>\n\n\n\n<p>A nossa abordagem consiste em trabalhar em conjunto com os nossos advogados especializados em direito imobili\u00e1rio, l\u00edderes de mercado, para prestar um servi\u00e7o coeso. A nossa pr\u00e1tica significativa no sector imobili\u00e1rio, com servi\u00e7os relacionados com o emprego e o contencioso, assegura um apoio abrangente.<\/p>","protected":false},"excerpt":{"rendered":"<p>Porqu\u00ea a Estrutura de Envolvente Empresarial? Na RFB, \u00e9 cada vez mais comum os nossos clientes imobili\u00e1rios realizarem uma transa\u00e7\u00e3o em que o ativo \u00e9 um im\u00f3vel mas a transa\u00e7\u00e3o \u00e9 uma empresa. Compreendemos os requisitos \u00fanicos e as complexidades exigidas e, em particular, no caso de fus\u00f5es e aquisi\u00e7\u00f5es, as vantagens fiscais significativas na escolha de ... <a href=\"https:\/\/rfblegal.co.uk\/pt\/servicos\/direito-comercial\/empresa-empresa\/transaccoes-imobiliarias-e-de-corporate-wrapper\/\">Continua\u00e7\u00e3o<\/a><\/p>","protected":false},"author":5,"featured_media":6138,"parent":2597,"menu_order":0,"comment_status":"closed","ping_status":"closed","template":"tier3-template.blade.php","meta":{"_acf_changed":false,"om_disable_all_campaigns":false,"_uf_show_specific_survey":0,"_uf_disable_surveys":false,"footnotes":""},"class_list":["post-6137","page","type-page","status-publish","has-post-thumbnail","hentry"],"acf":[],"aioseo_notices":[],"yoast_head":"<!-- This site is optimized with the Yoast SEO plugin v27.2 - https:\/\/yoast.com\/product\/yoast-seo-wordpress\/ -->\n<title>Corporate Real Estate and Corporate Wrapper Transactions - RFB Legal<\/title>\n<meta name=\"description\" content=\"Why the Corporate Wrapper Structure? At RFB, we find it increasingly common for our real estate clients to carry out a transaction where the asset is\" \/>\n<meta name=\"robots\" content=\"index, follow, max-snippet:-1, max-image-preview:large, max-video-preview:-1\" \/>\n<link rel=\"canonical\" href=\"https:\/\/rfblegal.co.uk\/pt\/servicos\/direito-comercial\/empresa-empresa\/transaccoes-imobiliarias-e-de-corporate-wrapper\/\" \/>\n<meta property=\"og:locale\" content=\"pt_PT\" \/>\n<meta property=\"og:type\" content=\"article\" \/>\n<meta property=\"og:title\" content=\"Corporate Real Estate and Corporate Wrapper Transactions - RFB Legal\" \/>\n<meta property=\"og:description\" content=\"Why the Corporate Wrapper Structure? At RFB, we find it increasingly common for our real estate clients to carry out a transaction where the asset is\" \/>\n<meta property=\"og:url\" content=\"https:\/\/rfblegal.co.uk\/pt\/servicos\/direito-comercial\/empresa-empresa\/transaccoes-imobiliarias-e-de-corporate-wrapper\/\" \/>\n<meta property=\"og:site_name\" content=\"RFB Legal\" \/>\n<meta property=\"article:publisher\" content=\"https:\/\/www.facebook.com\/RFBLegal\/\" \/>\n<meta property=\"article:modified_time\" content=\"2026-03-26T10:57:16+00:00\" \/>\n<meta property=\"og:image\" content=\"https:\/\/rfblegal.co.uk\/wp-content\/uploads\/2025\/04\/AdobeStock_952221415-scaled.jpeg\" \/>\n\t<meta property=\"og:image:width\" content=\"2120\" \/>\n\t<meta property=\"og:image:height\" content=\"1188\" \/>\n\t<meta property=\"og:image:type\" content=\"image\/jpeg\" \/>\n<meta name=\"twitter:card\" content=\"summary_large_image\" \/>\n<meta name=\"twitter:label1\" content=\"Est. reading time\" \/>\n\t<meta name=\"twitter:data1\" content=\"2 minutos\" \/>\n<script type=\"application\/ld+json\" class=\"yoast-schema-graph\">{\"@context\":\"https:\/\/schema.org\",\"@graph\":[{\"@type\":\"WebPage\",\"@id\":\"https:\/\/rfblegal.co.uk\/services\/business-law\/business-corporate\/corporate-real-estate-and-corporate-wrapper-transactions\/\",\"url\":\"https:\/\/rfblegal.co.uk\/services\/business-law\/business-corporate\/corporate-real-estate-and-corporate-wrapper-transactions\/\",\"name\":\"Corporate Real Estate and Corporate Wrapper Transactions - RFB Legal\",\"isPartOf\":{\"@id\":\"https:\/\/rfblegal.co.uk\/#website\"},\"primaryImageOfPage\":{\"@id\":\"https:\/\/rfblegal.co.uk\/services\/business-law\/business-corporate\/corporate-real-estate-and-corporate-wrapper-transactions\/#primaryimage\"},\"image\":{\"@id\":\"https:\/\/rfblegal.co.uk\/services\/business-law\/business-corporate\/corporate-real-estate-and-corporate-wrapper-transactions\/#primaryimage\"},\"thumbnailUrl\":\"https:\/\/rfblegal.co.uk\/wp-content\/uploads\/2025\/04\/AdobeStock_952221415-scaled.jpeg\",\"datePublished\":\"2025-04-10T15:26:56+00:00\",\"dateModified\":\"2026-03-26T10:57:16+00:00\",\"description\":\"Why the Corporate Wrapper Structure? At RFB, we find it increasingly common for our real estate clients to carry out a transaction where the asset is\",\"breadcrumb\":{\"@id\":\"https:\/\/rfblegal.co.uk\/services\/business-law\/business-corporate\/corporate-real-estate-and-corporate-wrapper-transactions\/#breadcrumb\"},\"inLanguage\":\"pt-PT\",\"potentialAction\":[{\"@type\":\"ReadAction\",\"target\":[\"https:\/\/rfblegal.co.uk\/services\/business-law\/business-corporate\/corporate-real-estate-and-corporate-wrapper-transactions\/\"]}]},{\"@type\":\"ImageObject\",\"inLanguage\":\"pt-PT\",\"@id\":\"https:\/\/rfblegal.co.uk\/services\/business-law\/business-corporate\/corporate-real-estate-and-corporate-wrapper-transactions\/#primaryimage\",\"url\":\"https:\/\/rfblegal.co.uk\/wp-content\/uploads\/2025\/04\/AdobeStock_952221415-scaled.jpeg\",\"contentUrl\":\"https:\/\/rfblegal.co.uk\/wp-content\/uploads\/2025\/04\/AdobeStock_952221415-scaled.jpeg\",\"width\":2120,\"height\":1188},{\"@type\":\"BreadcrumbList\",\"@id\":\"https:\/\/rfblegal.co.uk\/services\/business-law\/business-corporate\/corporate-real-estate-and-corporate-wrapper-transactions\/#breadcrumb\",\"itemListElement\":[{\"@type\":\"ListItem\",\"position\":1,\"name\":\"Home\",\"item\":\"https:\/\/rfblegal.co.uk\/\"},{\"@type\":\"ListItem\",\"position\":2,\"name\":\"Services\",\"item\":\"https:\/\/rfblegal.co.uk\/services\/\"},{\"@type\":\"ListItem\",\"position\":3,\"name\":\"Business Law\",\"item\":\"https:\/\/rfblegal.co.uk\/services\/business-law\/\"},{\"@type\":\"ListItem\",\"position\":4,\"name\":\"Business &#8211; Corporate\",\"item\":\"https:\/\/rfblegal.co.uk\/services\/business-law\/business-corporate\/\"},{\"@type\":\"ListItem\",\"position\":5,\"name\":\"Corporate Real Estate and Corporate Wrapper Transactions\"}]},{\"@type\":\"WebSite\",\"@id\":\"https:\/\/rfblegal.co.uk\/#website\",\"url\":\"https:\/\/rfblegal.co.uk\/\",\"name\":\"RFB Legal\",\"description\":\"\",\"publisher\":{\"@id\":\"https:\/\/rfblegal.co.uk\/#organization\"},\"potentialAction\":[{\"@type\":\"SearchAction\",\"target\":{\"@type\":\"EntryPoint\",\"urlTemplate\":\"https:\/\/rfblegal.co.uk\/?s={search_term_string}\"},\"query-input\":{\"@type\":\"PropertyValueSpecification\",\"valueRequired\":true,\"valueName\":\"search_term_string\"}}],\"inLanguage\":\"pt-PT\"},{\"@type\":\"Organization\",\"@id\":\"https:\/\/rfblegal.co.uk\/#organization\",\"name\":\"RFB Legal\",\"url\":\"https:\/\/rfblegal.co.uk\/\",\"logo\":{\"@type\":\"ImageObject\",\"inLanguage\":\"pt-PT\",\"@id\":\"https:\/\/rfblegal.co.uk\/#\/schema\/logo\/image\/\",\"url\":\"https:\/\/rfblegal.co.uk\/wp-content\/uploads\/2024\/01\/header_company_logo.svg\",\"contentUrl\":\"https:\/\/rfblegal.co.uk\/wp-content\/uploads\/2024\/01\/header_company_logo.svg\",\"caption\":\"RFB Legal\"},\"image\":{\"@id\":\"https:\/\/rfblegal.co.uk\/#\/schema\/logo\/image\/\"},\"sameAs\":[\"https:\/\/www.facebook.com\/RFBLegal\/\",\"https:\/\/www.linkedin.com\/uas\/login?session_redirect=company2012282\",\"https:\/\/www.instagram.com\/rfb_legal\/\"]}]}<\/script>\n<!-- \/ Yoast SEO plugin. -->","yoast_head_json":{"title":"Opera\u00e7\u00f5es imobili\u00e1rias e de corporate wrapper - RFB Legal","description":"Porqu\u00ea a estrutura de Corporate Wrapper? Na RFB, \u00e9 cada vez mais frequente os nossos clientes do sector imobili\u00e1rio realizarem uma transa\u00e7\u00e3o em que o ativo \u00e9","robots":{"index":"index","follow":"follow","max-snippet":"max-snippet:-1","max-image-preview":"max-image-preview:large","max-video-preview":"max-video-preview:-1"},"canonical":"https:\/\/rfblegal.co.uk\/pt\/servicos\/direito-comercial\/empresa-empresa\/transaccoes-imobiliarias-e-de-corporate-wrapper\/","og_locale":"pt_PT","og_type":"article","og_title":"Corporate Real Estate and Corporate Wrapper Transactions - RFB Legal","og_description":"Why the Corporate Wrapper Structure? At RFB, we find it increasingly common for our real estate clients to carry out a transaction where the asset is","og_url":"https:\/\/rfblegal.co.uk\/pt\/servicos\/direito-comercial\/empresa-empresa\/transaccoes-imobiliarias-e-de-corporate-wrapper\/","og_site_name":"RFB Legal","article_publisher":"https:\/\/www.facebook.com\/RFBLegal\/","article_modified_time":"2026-03-26T10:57:16+00:00","og_image":[{"width":2120,"height":1188,"url":"https:\/\/rfblegal.co.uk\/wp-content\/uploads\/2025\/04\/AdobeStock_952221415-scaled.jpeg","type":"image\/jpeg"}],"twitter_card":"summary_large_image","twitter_misc":{"Est. reading time":"2 minutos"},"schema":{"@context":"https:\/\/schema.org","@graph":[{"@type":"WebPage","@id":"https:\/\/rfblegal.co.uk\/services\/business-law\/business-corporate\/corporate-real-estate-and-corporate-wrapper-transactions\/","url":"https:\/\/rfblegal.co.uk\/services\/business-law\/business-corporate\/corporate-real-estate-and-corporate-wrapper-transactions\/","name":"Opera\u00e7\u00f5es imobili\u00e1rias e de corporate wrapper - RFB Legal","isPartOf":{"@id":"https:\/\/rfblegal.co.uk\/#website"},"primaryImageOfPage":{"@id":"https:\/\/rfblegal.co.uk\/services\/business-law\/business-corporate\/corporate-real-estate-and-corporate-wrapper-transactions\/#primaryimage"},"image":{"@id":"https:\/\/rfblegal.co.uk\/services\/business-law\/business-corporate\/corporate-real-estate-and-corporate-wrapper-transactions\/#primaryimage"},"thumbnailUrl":"https:\/\/rfblegal.co.uk\/wp-content\/uploads\/2025\/04\/AdobeStock_952221415-scaled.jpeg","datePublished":"2025-04-10T15:26:56+00:00","dateModified":"2026-03-26T10:57:16+00:00","description":"Porqu\u00ea a estrutura de Corporate Wrapper? Na RFB, \u00e9 cada vez mais frequente os nossos clientes do sector imobili\u00e1rio realizarem uma transa\u00e7\u00e3o em que o ativo \u00e9","breadcrumb":{"@id":"https:\/\/rfblegal.co.uk\/services\/business-law\/business-corporate\/corporate-real-estate-and-corporate-wrapper-transactions\/#breadcrumb"},"inLanguage":"pt-PT","potentialAction":[{"@type":"ReadAction","target":["https:\/\/rfblegal.co.uk\/services\/business-law\/business-corporate\/corporate-real-estate-and-corporate-wrapper-transactions\/"]}]},{"@type":"ImageObject","inLanguage":"pt-PT","@id":"https:\/\/rfblegal.co.uk\/services\/business-law\/business-corporate\/corporate-real-estate-and-corporate-wrapper-transactions\/#primaryimage","url":"https:\/\/rfblegal.co.uk\/wp-content\/uploads\/2025\/04\/AdobeStock_952221415-scaled.jpeg","contentUrl":"https:\/\/rfblegal.co.uk\/wp-content\/uploads\/2025\/04\/AdobeStock_952221415-scaled.jpeg","width":2120,"height":1188},{"@type":"BreadcrumbList","@id":"https:\/\/rfblegal.co.uk\/services\/business-law\/business-corporate\/corporate-real-estate-and-corporate-wrapper-transactions\/#breadcrumb","itemListElement":[{"@type":"ListItem","position":1,"name":"Home","item":"https:\/\/rfblegal.co.uk\/"},{"@type":"ListItem","position":2,"name":"Services","item":"https:\/\/rfblegal.co.uk\/services\/"},{"@type":"ListItem","position":3,"name":"Business Law","item":"https:\/\/rfblegal.co.uk\/services\/business-law\/"},{"@type":"ListItem","position":4,"name":"Business &#8211; Corporate","item":"https:\/\/rfblegal.co.uk\/services\/business-law\/business-corporate\/"},{"@type":"ListItem","position":5,"name":"Corporate Real Estate and Corporate Wrapper Transactions"}]},{"@type":"WebSite","@id":"https:\/\/rfblegal.co.uk\/#website","url":"https:\/\/rfblegal.co.uk\/","name":"Jur\u00eddico da RFB","description":"","publisher":{"@id":"https:\/\/rfblegal.co.uk\/#organization"},"potentialAction":[{"@type":"SearchAction","target":{"@type":"EntryPoint","urlTemplate":"https:\/\/rfblegal.co.uk\/?s={search_term_string}"},"query-input":{"@type":"PropertyValueSpecification","valueRequired":true,"valueName":"search_term_string"}}],"inLanguage":"pt-PT"},{"@type":"Organization","@id":"https:\/\/rfblegal.co.uk\/#organization","name":"Jur\u00eddico da RFB","url":"https:\/\/rfblegal.co.uk\/","logo":{"@type":"ImageObject","inLanguage":"pt-PT","@id":"https:\/\/rfblegal.co.uk\/#\/schema\/logo\/image\/","url":"https:\/\/rfblegal.co.uk\/wp-content\/uploads\/2024\/01\/header_company_logo.svg","contentUrl":"https:\/\/rfblegal.co.uk\/wp-content\/uploads\/2024\/01\/header_company_logo.svg","caption":"RFB Legal"},"image":{"@id":"https:\/\/rfblegal.co.uk\/#\/schema\/logo\/image\/"},"sameAs":["https:\/\/www.facebook.com\/RFBLegal\/","https:\/\/www.linkedin.com\/uas\/login?session_redirect=company2012282","https:\/\/www.instagram.com\/rfb_legal\/"]}]}},"_links":{"self":[{"href":"https:\/\/rfblegal.co.uk\/pt\/wp-json\/wp\/v2\/pages\/6137","targetHints":{"allow":["GET"]}}],"collection":[{"href":"https:\/\/rfblegal.co.uk\/pt\/wp-json\/wp\/v2\/pages"}],"about":[{"href":"https:\/\/rfblegal.co.uk\/pt\/wp-json\/wp\/v2\/types\/page"}],"author":[{"embeddable":true,"href":"https:\/\/rfblegal.co.uk\/pt\/wp-json\/wp\/v2\/users\/5"}],"replies":[{"embeddable":true,"href":"https:\/\/rfblegal.co.uk\/pt\/wp-json\/wp\/v2\/comments?post=6137"}],"version-history":[{"count":1,"href":"https:\/\/rfblegal.co.uk\/pt\/wp-json\/wp\/v2\/pages\/6137\/revisions"}],"predecessor-version":[{"id":9081,"href":"https:\/\/rfblegal.co.uk\/pt\/wp-json\/wp\/v2\/pages\/6137\/revisions\/9081"}],"up":[{"embeddable":true,"href":"https:\/\/rfblegal.co.uk\/pt\/wp-json\/wp\/v2\/pages\/2597"}],"wp:featuredmedia":[{"embeddable":true,"href":"https:\/\/rfblegal.co.uk\/pt\/wp-json\/wp\/v2\/media\/6138"}],"wp:attachment":[{"href":"https:\/\/rfblegal.co.uk\/pt\/wp-json\/wp\/v2\/media?parent=6137"}],"curies":[{"name":"wp","href":"https:\/\/api.w.org\/{rel}","templated":true}]}}