{"id":6129,"date":"2025-04-10T14:44:42","date_gmt":"2025-04-10T14:44:42","guid":{"rendered":"https:\/\/rfblegal.co.uk\/?page_id=6129"},"modified":"2026-03-26T10:56:21","modified_gmt":"2026-03-26T10:56:21","slug":"sectores-comerciais-regulamentados","status":"publish","type":"page","link":"https:\/\/rfblegal.co.uk\/pt\/servicos\/direito-comercial\/empresa-empresa\/sectores-comerciais-regulamentados\/","title":{"rendered":"Sectores comerciais regulamentados"},"content":{"rendered":"<p>Oferecemos uma gama completa de servi\u00e7os de direito comercial para empresas regulamentadas, tais como lares, \u00f3pticas, farm\u00e1cias e cl\u00ednicas veterin\u00e1rias, concebidos para proteger os seus interesses, apoiar os seus objectivos e garantir a conformidade em todas as fases. Quer se trate de uma empresa em fase de arranque ambiciosa ou de uma organiza\u00e7\u00e3o bem estabelecida, quer se trate da compra ou venda de uma cl\u00ednica, o nosso aconselhamento \u00e9 adaptado \u00e0s suas necessidades.<\/p>\n\n\n\n<p>A nossa equipa empresarial e comercial ir\u00e1 orient\u00e1-lo em todas as decis\u00f5es, ajudando-o a fazer escolhas seguras e informadas em \u00e1reas como:<\/p>\n\n\n\n<ul class=\"wp-block-list\">\n<li>Compreender o goodwill e a participa\u00e7\u00e3o acionista e a sua relev\u00e2ncia nos acordos de compra e venda<\/li>\n\n\n\n<li>Propriedade e desenvolvimento da cirurgia<\/li>\n\n\n\n<li>Incorpora\u00e7\u00e3o, forma\u00e7\u00e3o de LLP<\/li>\n\n\n\n<li>Acordos de parceria e de partilha de despesas e de adjudica\u00e7\u00e3o de contratos<\/li>\n\n\n\n<li>Regulamenta\u00e7\u00e3o e registo profissional:<br>Processos da Comiss\u00e3o de Qualidade dos Cuidados (CQC), quest\u00f5es de aptid\u00e3o para a pr\u00e1tica e RVCS, quest\u00f5es da GPhc, regulamentos de mudan\u00e7a de propriedade e relocaliza\u00e7\u00e3o, NHS <a href=\"https:\/\/rfblegal.co.uk\/pt\/servicos\/direito-pessoal\/direito-regulamentar\/\">regulamentar<\/a> e quest\u00f5es contratuais,\u00a0<\/li>\n\n\n\n<li>Vendas e compras<\/li>\n\n\n\n<li>Requisitos de sa\u00fade e seguran\u00e7a<\/li>\n<\/ul>\n\n\n\n<h2 class=\"wp-block-heading\">Compra e venda de diversas pr\u00e1ticas profissionais&nbsp;<\/h2>\n\n\n\n<p>Podemos prestar assist\u00eancia na compra e venda de lares de idosos, farm\u00e1cias e cl\u00ednicas veterin\u00e1rias, tanto do SNS como privados. Podemos fornecer-lhe aconselhamento especializado sobre:<\/p>\n\n\n\n<ul class=\"wp-block-list\">\n<li>Processo de dilig\u00eancia pr\u00e9via - avalia\u00e7\u00e3o da sala de dados e principais considera\u00e7\u00f5es sobre o ativo e a empresa que pretende adquirir ou vender e quaisquer divulga\u00e7\u00f5es a querer ou fornecer para proteger os seus interesses<\/li>\n\n\n\n<li>Transfer\u00eancia de contratos do SNS<\/li>\n\n\n\n<li>Processo de registo no CQC<\/li>\n\n\n\n<li>Transfer\u00eancias de pessoal e eventual aplica\u00e7\u00e3o do TUPE<\/li>\n\n\n\n<li>Limita\u00e7\u00e3o da responsabilidade<\/li>\n\n\n\n<li>Transfer\u00eancia de propriedade<\/li>\n\n\n\n<li>Trabalho banc\u00e1rio e financeiro<\/li>\n<\/ul>\n\n\n\n<p>Para saber como os advogados de Direito Comercial e Societ\u00e1rio da RFB o podem ajudar a si e \u00e0 sua empresa, contacte a nossa equipa atrav\u00e9s de <a href=\"tel:020 7613 1402\">020 7613 1402<\/a>.<\/p>","protected":false},"excerpt":{"rendered":"<p>Oferecemos uma gama completa de servi\u00e7os de direito comercial para empresas regulamentadas, como lares, \u00f3pticas, farm\u00e1cias e cl\u00ednicas veterin\u00e1rias, concebidos para proteger os seus interesses, apoiar os seus objectivos e garantir a conformidade em todas as fases. Quer se trate de uma empresa ambiciosa em fase de arranque ou de uma organiza\u00e7\u00e3o bem estabelecida, quer se trate da compra ou venda de uma cl\u00ednica, os nossos conselhos s\u00e3o adaptados ... <a href=\"https:\/\/rfblegal.co.uk\/pt\/servicos\/direito-comercial\/empresa-empresa\/sectores-comerciais-regulamentados\/\">Continua\u00e7\u00e3o<\/a><\/p>","protected":false},"author":5,"featured_media":6132,"parent":2597,"menu_order":0,"comment_status":"closed","ping_status":"closed","template":"tier3-template.blade.php","meta":{"_acf_changed":false,"om_disable_all_campaigns":false,"_uf_show_specific_survey":0,"_uf_disable_surveys":false,"footnotes":""},"class_list":["post-6129","page","type-page","status-publish","has-post-thumbnail","hentry"],"acf":[],"aioseo_notices":[],"yoast_head":"<!-- This site is optimized with the Yoast SEO plugin v27.2 - https:\/\/yoast.com\/product\/yoast-seo-wordpress\/ -->\n<title>Commercial Regulated Sectors - RFB Legal<\/title>\n<meta name=\"description\" content=\"We offer a comprehensive range of business law services for regulated businesses such as care homes, opticians, pharmacies, and veterinary practices,\" \/>\n<meta name=\"robots\" content=\"index, follow, max-snippet:-1, max-image-preview:large, max-video-preview:-1\" \/>\n<link rel=\"canonical\" href=\"https:\/\/rfblegal.co.uk\/pt\/servicos\/direito-comercial\/empresa-empresa\/sectores-comerciais-regulamentados\/\" \/>\n<meta property=\"og:locale\" content=\"pt_PT\" \/>\n<meta property=\"og:type\" content=\"article\" \/>\n<meta property=\"og:title\" content=\"Commercial Regulated Sectors - RFB Legal\" \/>\n<meta property=\"og:description\" content=\"We offer a comprehensive range of business law services for regulated businesses such as care homes, opticians, pharmacies, and veterinary practices,\" \/>\n<meta property=\"og:url\" content=\"https:\/\/rfblegal.co.uk\/pt\/servicos\/direito-comercial\/empresa-empresa\/sectores-comerciais-regulamentados\/\" \/>\n<meta property=\"og:site_name\" content=\"RFB Legal\" \/>\n<meta property=\"article:publisher\" content=\"https:\/\/www.facebook.com\/RFBLegal\/\" \/>\n<meta property=\"article:modified_time\" content=\"2026-03-26T10:56:21+00:00\" \/>\n<meta property=\"og:image\" content=\"https:\/\/rfblegal.co.uk\/wp-content\/uploads\/2025\/04\/AdobeStock_400427216-scaled.jpeg\" \/>\n\t<meta property=\"og:image:width\" content=\"2120\" \/>\n\t<meta property=\"og:image:height\" content=\"1193\" \/>\n\t<meta property=\"og:image:type\" content=\"image\/jpeg\" \/>\n<meta name=\"twitter:card\" content=\"summary_large_image\" \/>\n<meta name=\"twitter:label1\" content=\"Est. reading time\" \/>\n\t<meta name=\"twitter:data1\" content=\"2 minutos\" \/>\n<script type=\"application\/ld+json\" class=\"yoast-schema-graph\">{\"@context\":\"https:\/\/schema.org\",\"@graph\":[{\"@type\":\"WebPage\",\"@id\":\"https:\/\/rfblegal.co.uk\/services\/business-law\/business-corporate\/commercial-regulated-sectors\/\",\"url\":\"https:\/\/rfblegal.co.uk\/services\/business-law\/business-corporate\/commercial-regulated-sectors\/\",\"name\":\"Commercial Regulated Sectors - RFB Legal\",\"isPartOf\":{\"@id\":\"https:\/\/rfblegal.co.uk\/#website\"},\"primaryImageOfPage\":{\"@id\":\"https:\/\/rfblegal.co.uk\/services\/business-law\/business-corporate\/commercial-regulated-sectors\/#primaryimage\"},\"image\":{\"@id\":\"https:\/\/rfblegal.co.uk\/services\/business-law\/business-corporate\/commercial-regulated-sectors\/#primaryimage\"},\"thumbnailUrl\":\"https:\/\/rfblegal.co.uk\/wp-content\/uploads\/2025\/04\/AdobeStock_400427216-scaled.jpeg\",\"datePublished\":\"2025-04-10T14:44:42+00:00\",\"dateModified\":\"2026-03-26T10:56:21+00:00\",\"description\":\"We offer a comprehensive range of business law services for regulated businesses such as care homes, opticians, pharmacies, and veterinary practices,\",\"breadcrumb\":{\"@id\":\"https:\/\/rfblegal.co.uk\/services\/business-law\/business-corporate\/commercial-regulated-sectors\/#breadcrumb\"},\"inLanguage\":\"pt-PT\",\"potentialAction\":[{\"@type\":\"ReadAction\",\"target\":[\"https:\/\/rfblegal.co.uk\/services\/business-law\/business-corporate\/commercial-regulated-sectors\/\"]}]},{\"@type\":\"ImageObject\",\"inLanguage\":\"pt-PT\",\"@id\":\"https:\/\/rfblegal.co.uk\/services\/business-law\/business-corporate\/commercial-regulated-sectors\/#primaryimage\",\"url\":\"https:\/\/rfblegal.co.uk\/wp-content\/uploads\/2025\/04\/AdobeStock_400427216-scaled.jpeg\",\"contentUrl\":\"https:\/\/rfblegal.co.uk\/wp-content\/uploads\/2025\/04\/AdobeStock_400427216-scaled.jpeg\",\"width\":2120,\"height\":1193,\"caption\":\"Pharmacy Drugstore Checkout Cashier Counter: Mature Female Pharmacist and Young Woman Using Contactless Payment NFC Smartphone to Buy Prescription Medicine, Vitamins, Beauty, Health Care Products\"},{\"@type\":\"BreadcrumbList\",\"@id\":\"https:\/\/rfblegal.co.uk\/services\/business-law\/business-corporate\/commercial-regulated-sectors\/#breadcrumb\",\"itemListElement\":[{\"@type\":\"ListItem\",\"position\":1,\"name\":\"Home\",\"item\":\"https:\/\/rfblegal.co.uk\/\"},{\"@type\":\"ListItem\",\"position\":2,\"name\":\"Services\",\"item\":\"https:\/\/rfblegal.co.uk\/services\/\"},{\"@type\":\"ListItem\",\"position\":3,\"name\":\"Business Law\",\"item\":\"https:\/\/rfblegal.co.uk\/services\/business-law\/\"},{\"@type\":\"ListItem\",\"position\":4,\"name\":\"Business &#8211; Corporate\",\"item\":\"https:\/\/rfblegal.co.uk\/services\/business-law\/business-corporate\/\"},{\"@type\":\"ListItem\",\"position\":5,\"name\":\"Commercial Regulated Sectors\"}]},{\"@type\":\"WebSite\",\"@id\":\"https:\/\/rfblegal.co.uk\/#website\",\"url\":\"https:\/\/rfblegal.co.uk\/\",\"name\":\"RFB Legal\",\"description\":\"\",\"publisher\":{\"@id\":\"https:\/\/rfblegal.co.uk\/#organization\"},\"potentialAction\":[{\"@type\":\"SearchAction\",\"target\":{\"@type\":\"EntryPoint\",\"urlTemplate\":\"https:\/\/rfblegal.co.uk\/?s={search_term_string}\"},\"query-input\":{\"@type\":\"PropertyValueSpecification\",\"valueRequired\":true,\"valueName\":\"search_term_string\"}}],\"inLanguage\":\"pt-PT\"},{\"@type\":\"Organization\",\"@id\":\"https:\/\/rfblegal.co.uk\/#organization\",\"name\":\"RFB Legal\",\"url\":\"https:\/\/rfblegal.co.uk\/\",\"logo\":{\"@type\":\"ImageObject\",\"inLanguage\":\"pt-PT\",\"@id\":\"https:\/\/rfblegal.co.uk\/#\/schema\/logo\/image\/\",\"url\":\"https:\/\/rfblegal.co.uk\/wp-content\/uploads\/2024\/01\/header_company_logo.svg\",\"contentUrl\":\"https:\/\/rfblegal.co.uk\/wp-content\/uploads\/2024\/01\/header_company_logo.svg\",\"caption\":\"RFB Legal\"},\"image\":{\"@id\":\"https:\/\/rfblegal.co.uk\/#\/schema\/logo\/image\/\"},\"sameAs\":[\"https:\/\/www.facebook.com\/RFBLegal\/\",\"https:\/\/www.linkedin.com\/uas\/login?session_redirect=company2012282\",\"https:\/\/www.instagram.com\/rfb_legal\/\"]}]}<\/script>\n<!-- \/ Yoast SEO plugin. -->","yoast_head_json":{"title":"Sectores regulados comerciais - RFB Legal","description":"Oferecemos uma gama completa de servi\u00e7os de direito comercial para empresas regulamentadas, tais como lares, \u00f3pticas, farm\u00e1cias e cl\u00ednicas veterin\u00e1rias,","robots":{"index":"index","follow":"follow","max-snippet":"max-snippet:-1","max-image-preview":"max-image-preview:large","max-video-preview":"max-video-preview:-1"},"canonical":"https:\/\/rfblegal.co.uk\/pt\/servicos\/direito-comercial\/empresa-empresa\/sectores-comerciais-regulamentados\/","og_locale":"pt_PT","og_type":"article","og_title":"Commercial Regulated Sectors - RFB Legal","og_description":"We offer a comprehensive range of business law services for regulated businesses such as care homes, opticians, pharmacies, and veterinary practices,","og_url":"https:\/\/rfblegal.co.uk\/pt\/servicos\/direito-comercial\/empresa-empresa\/sectores-comerciais-regulamentados\/","og_site_name":"RFB Legal","article_publisher":"https:\/\/www.facebook.com\/RFBLegal\/","article_modified_time":"2026-03-26T10:56:21+00:00","og_image":[{"width":2120,"height":1193,"url":"https:\/\/rfblegal.co.uk\/wp-content\/uploads\/2025\/04\/AdobeStock_400427216-scaled.jpeg","type":"image\/jpeg"}],"twitter_card":"summary_large_image","twitter_misc":{"Est. reading time":"2 minutos"},"schema":{"@context":"https:\/\/schema.org","@graph":[{"@type":"WebPage","@id":"https:\/\/rfblegal.co.uk\/services\/business-law\/business-corporate\/commercial-regulated-sectors\/","url":"https:\/\/rfblegal.co.uk\/services\/business-law\/business-corporate\/commercial-regulated-sectors\/","name":"Sectores regulados comerciais - RFB Legal","isPartOf":{"@id":"https:\/\/rfblegal.co.uk\/#website"},"primaryImageOfPage":{"@id":"https:\/\/rfblegal.co.uk\/services\/business-law\/business-corporate\/commercial-regulated-sectors\/#primaryimage"},"image":{"@id":"https:\/\/rfblegal.co.uk\/services\/business-law\/business-corporate\/commercial-regulated-sectors\/#primaryimage"},"thumbnailUrl":"https:\/\/rfblegal.co.uk\/wp-content\/uploads\/2025\/04\/AdobeStock_400427216-scaled.jpeg","datePublished":"2025-04-10T14:44:42+00:00","dateModified":"2026-03-26T10:56:21+00:00","description":"Oferecemos uma gama completa de servi\u00e7os de direito comercial para empresas regulamentadas, tais como lares, \u00f3pticas, farm\u00e1cias e cl\u00ednicas veterin\u00e1rias,","breadcrumb":{"@id":"https:\/\/rfblegal.co.uk\/services\/business-law\/business-corporate\/commercial-regulated-sectors\/#breadcrumb"},"inLanguage":"pt-PT","potentialAction":[{"@type":"ReadAction","target":["https:\/\/rfblegal.co.uk\/services\/business-law\/business-corporate\/commercial-regulated-sectors\/"]}]},{"@type":"ImageObject","inLanguage":"pt-PT","@id":"https:\/\/rfblegal.co.uk\/services\/business-law\/business-corporate\/commercial-regulated-sectors\/#primaryimage","url":"https:\/\/rfblegal.co.uk\/wp-content\/uploads\/2025\/04\/AdobeStock_400427216-scaled.jpeg","contentUrl":"https:\/\/rfblegal.co.uk\/wp-content\/uploads\/2025\/04\/AdobeStock_400427216-scaled.jpeg","width":2120,"height":1193,"caption":"Pharmacy Drugstore Checkout Cashier Counter: Mature Female Pharmacist and Young Woman Using Contactless Payment NFC Smartphone to Buy Prescription Medicine, Vitamins, Beauty, Health Care Products"},{"@type":"BreadcrumbList","@id":"https:\/\/rfblegal.co.uk\/services\/business-law\/business-corporate\/commercial-regulated-sectors\/#breadcrumb","itemListElement":[{"@type":"ListItem","position":1,"name":"Home","item":"https:\/\/rfblegal.co.uk\/"},{"@type":"ListItem","position":2,"name":"Services","item":"https:\/\/rfblegal.co.uk\/services\/"},{"@type":"ListItem","position":3,"name":"Business Law","item":"https:\/\/rfblegal.co.uk\/services\/business-law\/"},{"@type":"ListItem","position":4,"name":"Business &#8211; Corporate","item":"https:\/\/rfblegal.co.uk\/services\/business-law\/business-corporate\/"},{"@type":"ListItem","position":5,"name":"Commercial Regulated Sectors"}]},{"@type":"WebSite","@id":"https:\/\/rfblegal.co.uk\/#website","url":"https:\/\/rfblegal.co.uk\/","name":"Jur\u00eddico da RFB","description":"","publisher":{"@id":"https:\/\/rfblegal.co.uk\/#organization"},"potentialAction":[{"@type":"SearchAction","target":{"@type":"EntryPoint","urlTemplate":"https:\/\/rfblegal.co.uk\/?s={search_term_string}"},"query-input":{"@type":"PropertyValueSpecification","valueRequired":true,"valueName":"search_term_string"}}],"inLanguage":"pt-PT"},{"@type":"Organization","@id":"https:\/\/rfblegal.co.uk\/#organization","name":"Jur\u00eddico da RFB","url":"https:\/\/rfblegal.co.uk\/","logo":{"@type":"ImageObject","inLanguage":"pt-PT","@id":"https:\/\/rfblegal.co.uk\/#\/schema\/logo\/image\/","url":"https:\/\/rfblegal.co.uk\/wp-content\/uploads\/2024\/01\/header_company_logo.svg","contentUrl":"https:\/\/rfblegal.co.uk\/wp-content\/uploads\/2024\/01\/header_company_logo.svg","caption":"RFB Legal"},"image":{"@id":"https:\/\/rfblegal.co.uk\/#\/schema\/logo\/image\/"},"sameAs":["https:\/\/www.facebook.com\/RFBLegal\/","https:\/\/www.linkedin.com\/uas\/login?session_redirect=company2012282","https:\/\/www.instagram.com\/rfb_legal\/"]}]}},"_links":{"self":[{"href":"https:\/\/rfblegal.co.uk\/pt\/wp-json\/wp\/v2\/pages\/6129","targetHints":{"allow":["GET"]}}],"collection":[{"href":"https:\/\/rfblegal.co.uk\/pt\/wp-json\/wp\/v2\/pages"}],"about":[{"href":"https:\/\/rfblegal.co.uk\/pt\/wp-json\/wp\/v2\/types\/page"}],"author":[{"embeddable":true,"href":"https:\/\/rfblegal.co.uk\/pt\/wp-json\/wp\/v2\/users\/5"}],"replies":[{"embeddable":true,"href":"https:\/\/rfblegal.co.uk\/pt\/wp-json\/wp\/v2\/comments?post=6129"}],"version-history":[{"count":1,"href":"https:\/\/rfblegal.co.uk\/pt\/wp-json\/wp\/v2\/pages\/6129\/revisions"}],"predecessor-version":[{"id":9080,"href":"https:\/\/rfblegal.co.uk\/pt\/wp-json\/wp\/v2\/pages\/6129\/revisions\/9080"}],"up":[{"embeddable":true,"href":"https:\/\/rfblegal.co.uk\/pt\/wp-json\/wp\/v2\/pages\/2597"}],"wp:featuredmedia":[{"embeddable":true,"href":"https:\/\/rfblegal.co.uk\/pt\/wp-json\/wp\/v2\/media\/6132"}],"wp:attachment":[{"href":"https:\/\/rfblegal.co.uk\/pt\/wp-json\/wp\/v2\/media?parent=6129"}],"curies":[{"name":"wp","href":"https:\/\/api.w.org\/{rel}","templated":true}]}}