{"id":6118,"date":"2025-04-10T11:50:19","date_gmt":"2025-04-10T11:50:19","guid":{"rendered":"https:\/\/rfblegal.co.uk\/?page_id=6118"},"modified":"2026-03-26T10:58:30","modified_gmt":"2026-03-26T10:58:30","slug":"franchising","status":"publish","type":"page","link":"https:\/\/rfblegal.co.uk\/pt\/servicos\/direito-comercial\/empresa-empresa\/franchising\/","title":{"rendered":"Franchising"},"content":{"rendered":"<h2 class=\"wp-block-heading\"><strong>Franchising Servi\u00e7os jur\u00eddicos<\/strong><\/h2>\n\n\n\n<p>Expandir o seu neg\u00f3cio atrav\u00e9s do franchising \u00e9 uma forma estrat\u00e9gica de aumentar as opera\u00e7\u00f5es, melhorar a experi\u00eancia do cliente e aumentar o reconhecimento da marca e gerar fluxos de receitas adicionais. A ind\u00fastria do franchising continua a crescer de ano para ano, sendo o modelo apelativo tanto para as empresas existentes como para as que procuram uma alternativa \u00e0 cria\u00e7\u00e3o do seu pr\u00f3prio neg\u00f3cio. O modelo de neg\u00f3cio provou ser bem-sucedido para muitas empresas, mas como qualquer outro neg\u00f3cio, um franchising requer uma reflex\u00e3o cuidadosa, planeamento e gest\u00e3o para ser bem-sucedido. Os nossos advogados especializados em franchising prestam servi\u00e7os jur\u00eddicos abrangentes para orientar as empresas em todas as fases do processo de franchising.<\/p>\n\n\n\n<h2 class=\"wp-block-heading\"><strong>Os nossos servi\u00e7os de Franchising<\/strong><\/h2>\n\n\n\n<h3 class=\"wp-block-heading\"><strong>Elabora\u00e7\u00e3o e revis\u00e3o de contratos de franquia<\/strong><\/h3>\n\n\n\n<p>O acordo de franchising \u00e9 a base de qualquer rela\u00e7\u00e3o de franchising. Os nossos solicitadores redigem e analisam os acordos para garantir que s\u00e3o juridicamente s\u00f3lidos, est\u00e3o em conformidade com as leis de franchising do Reino Unido e protegem os seus interesses, mantendo a justi\u00e7a para os franchisados.<\/p>\n\n\n\n<h3 class=\"wp-block-heading\"><strong>Documenta\u00e7\u00e3o de divulga\u00e7\u00e3o de franquia<\/strong><\/h3>\n\n\n\n<p>Fornecer documenta\u00e7\u00e3o de divulga\u00e7\u00e3o de franquia clara e transparente \u00e9 essencial para <a href=\"https:\/\/rfblegal.co.uk\/pt\/servicos\/direito-pessoal\/direito-regulamentar\/\">regulamentar<\/a> conformidade e promover a confian\u00e7a com potenciais franchisados. Ajudamos a preparar e a rever estes documentos para garantir a exatid\u00e3o e a integridade jur\u00eddica.<\/p>\n\n\n\n<h3 class=\"wp-block-heading\"><strong>Prote\u00e7\u00e3o da propriedade intelectual<\/strong><\/h3>\n\n\n\n<p>A sua forte identidade de marca, os seus valores fundamentais, as suas marcas registadas e o seu modelo de neg\u00f3cio propriet\u00e1rio s\u00e3o activos cr\u00edticos. Ajudamos a proteger a sua propriedade intelectual, assegurando que a identidade da sua marca e as metodologias de neg\u00f3cio permanecem seguras no \u00e2mbito do franchising.<\/p>\n\n\n\n<h3 class=\"wp-block-heading\"><strong>Conformidade de franquia e orienta\u00e7\u00e3o regulamentar<\/strong><\/h3>\n\n\n\n<p>O franchising no Reino Unido \u00e9 regido por v\u00e1rias leis e melhores pr\u00e1ticas do sector. A nossa equipa na RFB assegura que o seu modelo de franchising adere a todos os padr\u00f5es legais e \u00e9ticos relevantes, incluindo a conformidade com a marca e com o C\u00f3digo de \u00c9tica da Associa\u00e7\u00e3o Brit\u00e2nica de Franchising (BFA).<\/p>\n\n\n\n<h3 class=\"wp-block-heading\"><strong>Resolu\u00e7\u00e3o de lit\u00edgios de franquia<\/strong><\/h3>\n\n\n\n<p>Os lit\u00edgios podem surgir em qualquer rela\u00e7\u00e3o comercial. Fornecemos apoio jur\u00eddico especializado na resolu\u00e7\u00e3o de conflitos entre franchisadores e franchisados atrav\u00e9s de negocia\u00e7\u00e3o, media\u00e7\u00e3o ou lit\u00edgio, se necess\u00e1rio. A RFB tem o nosso departamento de contencioso \u00e0 disposi\u00e7\u00e3o para trabalhar com a nossa equipa comercial e corporativa para apoiar a media\u00e7\u00e3o e a arbitragem, juntamente com aconselhamento sobre quaisquer sa\u00eddas de parceiros franchisados e acordos, se o assunto n\u00e3o puder ser resolvido.<\/p>\n\n\n\n<h3 class=\"wp-block-heading\"><strong>Estrat\u00e9gias de revenda e sa\u00edda de franquias<\/strong><\/h3>\n\n\n\n<p>Quando os franchisados pretendem vender o seu neg\u00f3cio ou sair do acordo, facilitamos transi\u00e7\u00f5es suaves, assegurando a conformidade legal e protegendo os interesses de ambas as partes.<\/p>\n\n\n\n<h2 class=\"wp-block-heading\"><strong>Porqu\u00ea escolher-nos?<\/strong><\/h2>\n\n\n\n<ul class=\"wp-block-list\">\n<li><strong>Conhecimentos especializados<\/strong> - Os nossos solicitadores t\u00eam uma vasta experi\u00eancia em direito de franquia e direito imobili\u00e1rio, pelo que podem compreender o contrato de franquia e o contrato imobili\u00e1rio subjacente que anda de m\u00e3os dadas com v\u00e1rias ind\u00fastrias que oferecem oportunidades de franquia.&nbsp;<\/li>\n\n\n\n<li><strong>Apoio jur\u00eddico personalizado<\/strong> - Oferecemos uma estrutura de honor\u00e1rios competitiva e, com escrit\u00f3rios em todo o pa\u00eds, podemos fornecer aconselhamento e estruturas de custos exclusivas para o seu modelo de neg\u00f3cio e objectivos, incluindo estruturas de honor\u00e1rios fixos.&nbsp;<\/li>\n\n\n\n<li><strong>Abordagem centrada no cliente<\/strong> - Damos prioridade a uma comunica\u00e7\u00e3o clara, \u00e0 transpar\u00eancia e \u00e0 efici\u00eancia em todos os nossos servi\u00e7os jur\u00eddicos.<\/li>\n<\/ul>\n\n\n\n<p>Se est\u00e1 a considerar franchisar o seu neg\u00f3cio ou necessita de aconselhamento jur\u00eddico especializado sobre acordos de franchising, conformidade ou <a href=\"https:\/\/rfblegal.co.uk\/pt\/servicos\/direito-comercial\/litigio-imobiliario-atividade\/propriedade-comercial-resolucao-alternativa-de-litigios\/\">resolu\u00e7\u00e3o de lit\u00edgios<\/a> para atrair clientes fi\u00e9is, contacte-nos hoje mesmo para uma consulta.<\/p>\n\n\n\n<p>Os nossos advogados t\u00eam experi\u00eancia em todos os aspectos do percurso do franchising. Eis alguns exemplos de alguns dos servi\u00e7os que os advogados da nossa equipa de direito comercial e societ\u00e1rio podem prestar:<\/p>\n\n\n\n<h2 class=\"wp-block-heading\"><strong>Franchisadores<\/strong><\/h2>\n\n\n\n<ul class=\"wp-block-list\">\n<li>Reda\u00e7\u00e3o de contratos de franquia e assist\u00eancia na elabora\u00e7\u00e3o de manuais de funcionamento<\/li>\n\n\n\n<li>Reda\u00e7\u00e3o, negocia\u00e7\u00e3o e execu\u00e7\u00e3o de contratos de franquia associados, incluindo contratos de arrendamento comercial, contratos de trabalho, contratos de fornecimento e contratos comerciais com terceiros<\/li>\n\n\n\n<li>Efetuar revis\u00f5es dos contratos para garantir a conformidade com as altera\u00e7\u00f5es legislativas<\/li>\n\n\n\n<li>Aconselhamento e aplica\u00e7\u00e3o da propriedade intelectual e das marcas comerciais concebidas para proteger a sua empresa<\/li>\n\n\n\n<li>Aconselhamento sobre quest\u00f5es de prote\u00e7\u00e3o de dados que surgem numa rede de franquias<\/li>\n\n\n\n<li>Resolu\u00e7\u00e3o de lit\u00edgios com franqueados sobre alega\u00e7\u00f5es de incumprimento, viola\u00e7\u00e3o do contrato, falsas declara\u00e7\u00f5es e rescis\u00e3o ou sa\u00edda antecipada<\/li>\n\n\n\n<li>Aconselhar e, se for caso disso, tomar medidas para fazer cumprir acordos restritivos contra franqueados que estejam a violar acordos de restri\u00e7\u00e3o do com\u00e9rcio, tais como a n\u00e3o concorr\u00eancia, a ca\u00e7a furtiva de empregados e\/ou clientes<\/li>\n\n\n\n<li>Reclama\u00e7\u00f5es contra terceiros resultantes de lit\u00edgios relacionados com a sua franquia<\/li>\n\n\n\n<li>Aconselhamento e atua\u00e7\u00e3o na expans\u00e3o ou venda do seu neg\u00f3cio de franchising<\/li>\n\n\n\n<li>Reda\u00e7\u00e3o de contratos de trabalho e aconselhamento em quest\u00f5es laborais, incluindo quando os franchisados s\u00e3o trazidos de volta \u201cpara dentro\u201d pelos franchisadores<\/li>\n<\/ul>\n\n\n\n<h2 class=\"wp-block-heading\"><strong>Franqueados<\/strong><\/h2>\n\n\n\n<ul class=\"wp-block-list\">\n<li>Analisar o seu novo contrato de franquia e aconselh\u00e1-lo sobre as suas obriga\u00e7\u00f5es e direitos<\/li>\n\n\n\n<li>Aconselhar e, se for caso disso, tomar medidas para evitar a aplica\u00e7\u00e3o de acordos onerosos de restri\u00e7\u00e3o do com\u00e9rcio que procurem restringir a sua atividade comercial durante e ap\u00f3s o termo da franquia<\/li>\n\n\n\n<li>Aconselhamento sobre o seu direito de sair ou terminar a franquia, incluindo queixas por falsas declara\u00e7\u00f5es e recupera\u00e7\u00e3o de danos<\/li>\n\n\n\n<li>Aconselhar e, se aplic\u00e1vel, tomar medidas legais ou comerciais para resolver lit\u00edgios com o seu franchisador<\/li>\n\n\n\n<li>Aconselhamento sobre quest\u00f5es de prote\u00e7\u00e3o de dados que surgem numa rede de franquias<\/li>\n<\/ul>\n\n\n\n<h2 class=\"wp-block-heading\"><strong>Quem podemos ajudar e como<\/strong><\/h2>\n\n\n\n<p>A nossa equipa de advogados especializados em direito societ\u00e1rio e comercial, juntamente com os nossos especialistas em direito laboral e comercial e em <a href=\"https:\/\/rfblegal.co.uk\/pt\/servicos\/direito-comercial\/litigio-imobiliario-atividade\/\">lit\u00edgios imobili\u00e1rios<\/a> podem prestar assist\u00eancia a franchisadores e franchisados numa vasta gama de dom\u00ednios.<\/p>\n\n\n\n<p>Tamb\u00e9m trabalhamos com outros terceiros, como contabilistas, consultores de franchising e agentes de gest\u00e3o de propriedades, para garantir que os nossos clientes obt\u00eam um servi\u00e7o completo de franchising.<\/p>\n\n\n\n<p>A nossa equipa comercial empresarial \u00e9 altamente competente e adapt\u00e1vel para satisfazer as suas necessidades espec\u00edficas, incluindo a manuten\u00e7\u00e3o da consist\u00eancia da marca, independentemente de o seu sector n\u00e3o estar inclu\u00eddo na lista acima.<\/p>\n\n\n\n<p>Contacte-nos atrav\u00e9s do nosso n\u00famero geral de telefone <a href=\"tel:020 7613 1402\">020 7613 1402<\/a> ou diretamente para o nosso <a href=\"https:\/\/rfblegal.co.uk\/pt\/servicos\/direito-pessoal\/empresarial\/\">Equipa Comercial e Societ\u00e1ria da RFB<\/a>.<\/p>","protected":false},"excerpt":{"rendered":"<p>Franchising Servi\u00e7os Jur\u00eddicos Expandir o seu neg\u00f3cio atrav\u00e9s do franchising \u00e9 uma forma estrat\u00e9gica de escalar as opera\u00e7\u00f5es, melhorar a experi\u00eancia do cliente e aumentar o reconhecimento da marca e gerar fluxos de receitas adicionais. A ind\u00fastria de franchising continua a crescer de ano para ano, sendo o modelo apelativo tanto para as empresas existentes como para as que procuram uma alternativa para come\u00e7ar ... <a href=\"https:\/\/rfblegal.co.uk\/pt\/servicos\/direito-comercial\/empresa-empresa\/franchising\/\">Continua\u00e7\u00e3o<\/a><\/p>","protected":false},"author":5,"featured_media":6120,"parent":2597,"menu_order":0,"comment_status":"closed","ping_status":"closed","template":"tier3-template.blade.php","meta":{"_acf_changed":false,"om_disable_all_campaigns":false,"_uf_show_specific_survey":0,"_uf_disable_surveys":false,"footnotes":""},"class_list":["post-6118","page","type-page","status-publish","has-post-thumbnail","hentry"],"acf":[],"aioseo_notices":[],"yoast_head":"<!-- This site is optimized with the Yoast SEO plugin v27.2 - https:\/\/yoast.com\/product\/yoast-seo-wordpress\/ -->\n<title>Franchising - RFB Legal<\/title>\n<meta name=\"description\" content=\"Franchising Legal Services Expanding your business through franchising is a strategic way to scale operations, enhance customer experience and further\" \/>\n<meta name=\"robots\" content=\"index, follow, max-snippet:-1, max-image-preview:large, max-video-preview:-1\" \/>\n<link rel=\"canonical\" href=\"https:\/\/rfblegal.co.uk\/pt\/servicos\/direito-comercial\/empresa-empresa\/franchising\/\" \/>\n<meta property=\"og:locale\" content=\"pt_PT\" \/>\n<meta property=\"og:type\" content=\"article\" \/>\n<meta property=\"og:title\" content=\"Franchising - RFB Legal\" \/>\n<meta property=\"og:description\" content=\"Franchising Legal Services Expanding your business through franchising is a strategic way to scale operations, enhance customer experience and further\" \/>\n<meta property=\"og:url\" content=\"https:\/\/rfblegal.co.uk\/pt\/servicos\/direito-comercial\/empresa-empresa\/franchising\/\" \/>\n<meta property=\"og:site_name\" content=\"RFB Legal\" \/>\n<meta property=\"article:publisher\" content=\"https:\/\/www.facebook.com\/RFBLegal\/\" \/>\n<meta property=\"article:modified_time\" content=\"2026-03-26T10:58:30+00:00\" \/>\n<meta property=\"og:image\" content=\"https:\/\/rfblegal.co.uk\/wp-content\/uploads\/2025\/04\/AdobeStock_647543102-scaled.jpeg\" \/>\n\t<meta property=\"og:image:width\" content=\"2120\" \/>\n\t<meta property=\"og:image:height\" content=\"1131\" \/>\n\t<meta property=\"og:image:type\" content=\"image\/jpeg\" \/>\n<meta name=\"twitter:card\" content=\"summary_large_image\" \/>\n<meta name=\"twitter:label1\" content=\"Est. reading time\" \/>\n\t<meta name=\"twitter:data1\" content=\"4 minutos\" \/>\n<script type=\"application\/ld+json\" class=\"yoast-schema-graph\">{\"@context\":\"https:\/\/schema.org\",\"@graph\":[{\"@type\":\"WebPage\",\"@id\":\"https:\/\/rfblegal.co.uk\/services\/business-law\/business-corporate\/franchising\/\",\"url\":\"https:\/\/rfblegal.co.uk\/services\/business-law\/business-corporate\/franchising\/\",\"name\":\"Franchising - RFB Legal\",\"isPartOf\":{\"@id\":\"https:\/\/rfblegal.co.uk\/#website\"},\"primaryImageOfPage\":{\"@id\":\"https:\/\/rfblegal.co.uk\/services\/business-law\/business-corporate\/franchising\/#primaryimage\"},\"image\":{\"@id\":\"https:\/\/rfblegal.co.uk\/services\/business-law\/business-corporate\/franchising\/#primaryimage\"},\"thumbnailUrl\":\"https:\/\/rfblegal.co.uk\/wp-content\/uploads\/2025\/04\/AdobeStock_647543102-scaled.jpeg\",\"datePublished\":\"2025-04-10T11:50:19+00:00\",\"dateModified\":\"2026-03-26T10:58:30+00:00\",\"description\":\"Franchising Legal Services Expanding your business through franchising is a strategic way to scale operations, enhance customer experience and further\",\"breadcrumb\":{\"@id\":\"https:\/\/rfblegal.co.uk\/services\/business-law\/business-corporate\/franchising\/#breadcrumb\"},\"inLanguage\":\"pt-PT\",\"potentialAction\":[{\"@type\":\"ReadAction\",\"target\":[\"https:\/\/rfblegal.co.uk\/services\/business-law\/business-corporate\/franchising\/\"]}]},{\"@type\":\"ImageObject\",\"inLanguage\":\"pt-PT\",\"@id\":\"https:\/\/rfblegal.co.uk\/services\/business-law\/business-corporate\/franchising\/#primaryimage\",\"url\":\"https:\/\/rfblegal.co.uk\/wp-content\/uploads\/2025\/04\/AdobeStock_647543102-scaled.jpeg\",\"contentUrl\":\"https:\/\/rfblegal.co.uk\/wp-content\/uploads\/2025\/04\/AdobeStock_647543102-scaled.jpeg\",\"width\":2120,\"height\":1131,\"caption\":\"Business sale growth and expand shop franchise concept, Store connection link with others shop and supermarket.\"},{\"@type\":\"BreadcrumbList\",\"@id\":\"https:\/\/rfblegal.co.uk\/services\/business-law\/business-corporate\/franchising\/#breadcrumb\",\"itemListElement\":[{\"@type\":\"ListItem\",\"position\":1,\"name\":\"Home\",\"item\":\"https:\/\/rfblegal.co.uk\/\"},{\"@type\":\"ListItem\",\"position\":2,\"name\":\"Services\",\"item\":\"https:\/\/rfblegal.co.uk\/services\/\"},{\"@type\":\"ListItem\",\"position\":3,\"name\":\"Business Law\",\"item\":\"https:\/\/rfblegal.co.uk\/services\/business-law\/\"},{\"@type\":\"ListItem\",\"position\":4,\"name\":\"Business &#8211; Corporate\",\"item\":\"https:\/\/rfblegal.co.uk\/services\/business-law\/business-corporate\/\"},{\"@type\":\"ListItem\",\"position\":5,\"name\":\"Franchising\"}]},{\"@type\":\"WebSite\",\"@id\":\"https:\/\/rfblegal.co.uk\/#website\",\"url\":\"https:\/\/rfblegal.co.uk\/\",\"name\":\"RFB Legal\",\"description\":\"\",\"publisher\":{\"@id\":\"https:\/\/rfblegal.co.uk\/#organization\"},\"potentialAction\":[{\"@type\":\"SearchAction\",\"target\":{\"@type\":\"EntryPoint\",\"urlTemplate\":\"https:\/\/rfblegal.co.uk\/?s={search_term_string}\"},\"query-input\":{\"@type\":\"PropertyValueSpecification\",\"valueRequired\":true,\"valueName\":\"search_term_string\"}}],\"inLanguage\":\"pt-PT\"},{\"@type\":\"Organization\",\"@id\":\"https:\/\/rfblegal.co.uk\/#organization\",\"name\":\"RFB Legal\",\"url\":\"https:\/\/rfblegal.co.uk\/\",\"logo\":{\"@type\":\"ImageObject\",\"inLanguage\":\"pt-PT\",\"@id\":\"https:\/\/rfblegal.co.uk\/#\/schema\/logo\/image\/\",\"url\":\"https:\/\/rfblegal.co.uk\/wp-content\/uploads\/2024\/01\/header_company_logo.svg\",\"contentUrl\":\"https:\/\/rfblegal.co.uk\/wp-content\/uploads\/2024\/01\/header_company_logo.svg\",\"caption\":\"RFB Legal\"},\"image\":{\"@id\":\"https:\/\/rfblegal.co.uk\/#\/schema\/logo\/image\/\"},\"sameAs\":[\"https:\/\/www.facebook.com\/RFBLegal\/\",\"https:\/\/www.linkedin.com\/uas\/login?session_redirect=company2012282\",\"https:\/\/www.instagram.com\/rfb_legal\/\"]}]}<\/script>\n<!-- \/ Yoast SEO plugin. -->","yoast_head_json":{"title":"Franchising - RFB Legal","description":"Franchising Legal Services Expandir o seu neg\u00f3cio atrav\u00e9s do franchising \u00e9 uma forma estrat\u00e9gica de aumentar as opera\u00e7\u00f5es, melhorar a experi\u00eancia do cliente e","robots":{"index":"index","follow":"follow","max-snippet":"max-snippet:-1","max-image-preview":"max-image-preview:large","max-video-preview":"max-video-preview:-1"},"canonical":"https:\/\/rfblegal.co.uk\/pt\/servicos\/direito-comercial\/empresa-empresa\/franchising\/","og_locale":"pt_PT","og_type":"article","og_title":"Franchising - RFB Legal","og_description":"Franchising Legal Services Expanding your business through franchising is a strategic way to scale operations, enhance customer experience and further","og_url":"https:\/\/rfblegal.co.uk\/pt\/servicos\/direito-comercial\/empresa-empresa\/franchising\/","og_site_name":"RFB Legal","article_publisher":"https:\/\/www.facebook.com\/RFBLegal\/","article_modified_time":"2026-03-26T10:58:30+00:00","og_image":[{"width":2120,"height":1131,"url":"https:\/\/rfblegal.co.uk\/wp-content\/uploads\/2025\/04\/AdobeStock_647543102-scaled.jpeg","type":"image\/jpeg"}],"twitter_card":"summary_large_image","twitter_misc":{"Est. reading time":"4 minutos"},"schema":{"@context":"https:\/\/schema.org","@graph":[{"@type":"WebPage","@id":"https:\/\/rfblegal.co.uk\/services\/business-law\/business-corporate\/franchising\/","url":"https:\/\/rfblegal.co.uk\/services\/business-law\/business-corporate\/franchising\/","name":"Franchising - RFB Legal","isPartOf":{"@id":"https:\/\/rfblegal.co.uk\/#website"},"primaryImageOfPage":{"@id":"https:\/\/rfblegal.co.uk\/services\/business-law\/business-corporate\/franchising\/#primaryimage"},"image":{"@id":"https:\/\/rfblegal.co.uk\/services\/business-law\/business-corporate\/franchising\/#primaryimage"},"thumbnailUrl":"https:\/\/rfblegal.co.uk\/wp-content\/uploads\/2025\/04\/AdobeStock_647543102-scaled.jpeg","datePublished":"2025-04-10T11:50:19+00:00","dateModified":"2026-03-26T10:58:30+00:00","description":"Franchising Legal Services Expandir o seu neg\u00f3cio atrav\u00e9s do franchising \u00e9 uma forma estrat\u00e9gica de aumentar as opera\u00e7\u00f5es, melhorar a experi\u00eancia do cliente e","breadcrumb":{"@id":"https:\/\/rfblegal.co.uk\/services\/business-law\/business-corporate\/franchising\/#breadcrumb"},"inLanguage":"pt-PT","potentialAction":[{"@type":"ReadAction","target":["https:\/\/rfblegal.co.uk\/services\/business-law\/business-corporate\/franchising\/"]}]},{"@type":"ImageObject","inLanguage":"pt-PT","@id":"https:\/\/rfblegal.co.uk\/services\/business-law\/business-corporate\/franchising\/#primaryimage","url":"https:\/\/rfblegal.co.uk\/wp-content\/uploads\/2025\/04\/AdobeStock_647543102-scaled.jpeg","contentUrl":"https:\/\/rfblegal.co.uk\/wp-content\/uploads\/2025\/04\/AdobeStock_647543102-scaled.jpeg","width":2120,"height":1131,"caption":"Business sale growth and expand shop franchise concept, Store connection link with others shop and supermarket."},{"@type":"BreadcrumbList","@id":"https:\/\/rfblegal.co.uk\/services\/business-law\/business-corporate\/franchising\/#breadcrumb","itemListElement":[{"@type":"ListItem","position":1,"name":"Home","item":"https:\/\/rfblegal.co.uk\/"},{"@type":"ListItem","position":2,"name":"Services","item":"https:\/\/rfblegal.co.uk\/services\/"},{"@type":"ListItem","position":3,"name":"Business Law","item":"https:\/\/rfblegal.co.uk\/services\/business-law\/"},{"@type":"ListItem","position":4,"name":"Business &#8211; Corporate","item":"https:\/\/rfblegal.co.uk\/services\/business-law\/business-corporate\/"},{"@type":"ListItem","position":5,"name":"Franchising"}]},{"@type":"WebSite","@id":"https:\/\/rfblegal.co.uk\/#website","url":"https:\/\/rfblegal.co.uk\/","name":"Jur\u00eddico da RFB","description":"","publisher":{"@id":"https:\/\/rfblegal.co.uk\/#organization"},"potentialAction":[{"@type":"SearchAction","target":{"@type":"EntryPoint","urlTemplate":"https:\/\/rfblegal.co.uk\/?s={search_term_string}"},"query-input":{"@type":"PropertyValueSpecification","valueRequired":true,"valueName":"search_term_string"}}],"inLanguage":"pt-PT"},{"@type":"Organization","@id":"https:\/\/rfblegal.co.uk\/#organization","name":"Jur\u00eddico da RFB","url":"https:\/\/rfblegal.co.uk\/","logo":{"@type":"ImageObject","inLanguage":"pt-PT","@id":"https:\/\/rfblegal.co.uk\/#\/schema\/logo\/image\/","url":"https:\/\/rfblegal.co.uk\/wp-content\/uploads\/2024\/01\/header_company_logo.svg","contentUrl":"https:\/\/rfblegal.co.uk\/wp-content\/uploads\/2024\/01\/header_company_logo.svg","caption":"RFB Legal"},"image":{"@id":"https:\/\/rfblegal.co.uk\/#\/schema\/logo\/image\/"},"sameAs":["https:\/\/www.facebook.com\/RFBLegal\/","https:\/\/www.linkedin.com\/uas\/login?session_redirect=company2012282","https:\/\/www.instagram.com\/rfb_legal\/"]}]}},"_links":{"self":[{"href":"https:\/\/rfblegal.co.uk\/pt\/wp-json\/wp\/v2\/pages\/6118","targetHints":{"allow":["GET"]}}],"collection":[{"href":"https:\/\/rfblegal.co.uk\/pt\/wp-json\/wp\/v2\/pages"}],"about":[{"href":"https:\/\/rfblegal.co.uk\/pt\/wp-json\/wp\/v2\/types\/page"}],"author":[{"embeddable":true,"href":"https:\/\/rfblegal.co.uk\/pt\/wp-json\/wp\/v2\/users\/5"}],"replies":[{"embeddable":true,"href":"https:\/\/rfblegal.co.uk\/pt\/wp-json\/wp\/v2\/comments?post=6118"}],"version-history":[{"count":1,"href":"https:\/\/rfblegal.co.uk\/pt\/wp-json\/wp\/v2\/pages\/6118\/revisions"}],"predecessor-version":[{"id":9082,"href":"https:\/\/rfblegal.co.uk\/pt\/wp-json\/wp\/v2\/pages\/6118\/revisions\/9082"}],"up":[{"embeddable":true,"href":"https:\/\/rfblegal.co.uk\/pt\/wp-json\/wp\/v2\/pages\/2597"}],"wp:featuredmedia":[{"embeddable":true,"href":"https:\/\/rfblegal.co.uk\/pt\/wp-json\/wp\/v2\/media\/6120"}],"wp:attachment":[{"href":"https:\/\/rfblegal.co.uk\/pt\/wp-json\/wp\/v2\/media?parent=6118"}],"curies":[{"name":"wp","href":"https:\/\/api.w.org\/{rel}","templated":true}]}}