{"id":6091,"date":"2025-04-10T10:41:20","date_gmt":"2025-04-10T10:41:20","guid":{"rendered":"https:\/\/rfblegal.co.uk\/?page_id=6091"},"modified":"2026-03-26T10:51:00","modified_gmt":"2026-03-26T10:51:00","slug":"contratos-comerciais-2","status":"publish","type":"page","link":"https:\/\/rfblegal.co.uk\/pt\/servicos\/direito-pessoal\/empresarial\/contratos-comerciais-2\/","title":{"rendered":"Contratos comerciais"},"content":{"rendered":"<h2 class=\"wp-block-heading\"><strong>Contratos comerciais e condi\u00e7\u00f5es de neg\u00f3cio<\/strong><\/h2>\n\n\n\n<p>Na Ronald Fletcher Baker, a nossa equipa de especialistas presta aconselhamento jur\u00eddico comercial adaptado \u00e0s suas necessidades pessoais e empresariais. Redigimos, revemos e negociamos os contratos em que pode estar envolvido ao expandir o seu neg\u00f3cio ou ao receber contratos comerciais para o ajudar a gerir eficazmente as rela\u00e7\u00f5es com clientes, fornecedores e parceiros, assegurando que o seu neg\u00f3cio e os servi\u00e7os que recebe funcionam com clareza e confian\u00e7a.<\/p>\n\n\n\n<h2 class=\"wp-block-heading\"><strong>Como o podemos ajudar<\/strong><\/h2>\n\n\n\n<p>Na RFB, os nossos <a href=\"https:\/\/rfblegal.co.uk\/pt\/servicos\/direito-pessoal\/empresarial\/\">Equipa Comercial e Societ\u00e1ria<\/a> tem experi\u00eancia numa vasta gama de acordos comerciais, incluindo<\/p>\n\n\n\n<ul class=\"wp-block-list\">\n<li>Acordos de fornecedores, fabrico e distribui\u00e7\u00e3o<\/li>\n\n\n\n<li>Acordos-quadro complexos<\/li>\n\n\n\n<li>Acordos de licenciamento de marcas e de franchising<\/li>\n\n\n\n<li>Acordos de patroc\u00ednio<\/li>\n\n\n\n<li>Termos e condi\u00e7\u00f5es para as empresas<\/li>\n\n\n\n<li>Pol\u00edticas do s\u00edtio Web e contratos em linha<\/li>\n\n\n\n<li><a href=\"https:\/\/rfblegal.co.uk\/pt\/servicos\/direito-comercial\/empresa-empresa\/\">Documentos comerciais gerais (NDAs, NCAs, contratos de empr\u00e9stimo, contratos de presta\u00e7\u00e3o de servi\u00e7os)<\/a><\/li>\n<\/ul>\n\n\n\n<h2 class=\"wp-block-heading\"><strong>Porqu\u00ea escolher Ronald Fletcher Baker (RFB)?<\/strong><\/h2>\n\n\n\n<h3 class=\"wp-block-heading\"><strong>Apoio jur\u00eddico personalizado<\/strong><\/h3>\n\n\n\n<p>Compreendemos que cada neg\u00f3cio \u00e9 \u00fanico. A nossa equipa fornece aconselhamento jur\u00eddico claro, conciso e pr\u00e1tico, assegurando que os seus acordos se alinham com os seus objectivos estrat\u00e9gicos, ao mesmo tempo que reduzem os riscos.<\/p>\n\n\n\n<h3 class=\"wp-block-heading\"><strong>Experi\u00eancia no sector<\/strong><\/h3>\n\n\n\n<p>Temos uma vasta experi\u00eancia no aconselhamento de clientes em acordos em v\u00e1rios sectores, incluindo:<\/p>\n\n\n\n<ul class=\"wp-block-list\">\n<li>Tecnologia, media e telecomunica\u00e7\u00f5es (TMT)<\/li>\n\n\n\n<li>Com\u00e9rcio e lazer<\/li>\n\n\n\n<li>Recrutamento e emprego<\/li>\n\n\n\n<li>Educa\u00e7\u00e3o<\/li>\n\n\n\n<li>Bens de consumo<\/li>\n\n\n\n<li>Cuidados de sa\u00fade, incluindo o contrato de farm\u00e1cia comunit\u00e1ria do NHS<\/li>\n\n\n\n<li><a href=\"https:\/\/rfblegal.co.uk\/pt\/servicos\/direito-comercial\/servicos-imobiliarios-comerciais\/promocao-imobiliaria-comercial\/\">Promo\u00e7\u00e3o imobili\u00e1ria<\/a><\/li>\n<\/ul>\n\n\n\n<h2 class=\"wp-block-heading\"><strong>A nossa experi\u00eancia<\/strong><\/h2>\n\n\n\n<h3 class=\"wp-block-heading\"><strong>Contratos com clientes<\/strong><\/h3>\n\n\n\n<p>Elabora\u00e7\u00e3o de Termos e Condi\u00e7\u00f5es para um retalhista online de maquilhagem e beleza cujos produtos se tornaram virais ap\u00f3s promo\u00e7\u00e3o no TikTok.&nbsp;<\/p>\n\n\n\n<p>Cria\u00e7\u00e3o de Termos e Condi\u00e7\u00f5es para uma empresa de consultoria de vistoria de condi\u00e7\u00f5es e defeitos de constru\u00e7\u00e3o que pretendia desenvolver as suas \u00e1reas de pr\u00e1tica para vistorias pr\u00e9-compra e aconselhamento sobre contratos de garantias colaterais.<\/p>\n\n\n\n<h3 class=\"wp-block-heading\"><strong>Transforma\u00e7\u00e3o digital<\/strong><\/h3>\n\n\n\n<p>Revis\u00e3o dos termos e condi\u00e7\u00f5es de um fornecedor de gest\u00e3o de casos num contrato SAAS para uma empresa especializada em impermeabiliza\u00e7\u00e3o de cal e pavimentos que fornece grandes construtores de casas, acordando altera\u00e7\u00f5es significativas \u00e0s disposi\u00e7\u00f5es de monitoriza\u00e7\u00e3o em tempo real do fornecedor e reembolsos de interrup\u00e7\u00f5es.<\/p>\n\n\n\n<h3 class=\"wp-block-heading\"><strong>Startups e empresas em crescimento<\/strong><\/h3>\n\n\n\n<p>Fornecimento de contratos comerciais e de consumo essenciais para empresas em fase de arranque, incluindo empresas de investimento imobili\u00e1rio, de arrendamento e de alojamento para estudantes, ag\u00eancias imobili\u00e1rias, empresas de com\u00e9rcio eletr\u00f3nico e prestadores de servi\u00e7os.<\/p>\n\n\n\n<p>Na Ronald Fletcher Baker, combinamos a experi\u00eancia jur\u00eddica com uma abordagem comercial, ajudando as empresas a navegar em acordos complexos com confian\u00e7a. Entre em contacto connosco para saber como podemos apoiar as suas necessidades de contrata\u00e7\u00e3o comercial.<\/p>","protected":false},"excerpt":{"rendered":"<p>Contratos Comerciais e Termos de Neg\u00f3cio Na Ronald Fletcher Baker, a nossa equipa de especialistas oferece aconselhamento jur\u00eddico comercial adaptado \u00e0s suas necessidades pessoais e empresariais. Redigimos, revemos e negociamos contratos com os quais poder\u00e1 estar envolvido aquando da expans\u00e3o do seu neg\u00f3cio ou da rece\u00e7\u00e3o de contratos comerciais para o ajudar a gerir eficazmente as rela\u00e7\u00f5es com clientes, fornecedores e ... <a href=\"https:\/\/rfblegal.co.uk\/pt\/servicos\/direito-pessoal\/empresarial\/contratos-comerciais-2\/\">Continua\u00e7\u00e3o<\/a><\/p>","protected":false},"author":5,"featured_media":6097,"parent":2385,"menu_order":0,"comment_status":"closed","ping_status":"closed","template":"tier3-template.blade.php","meta":{"_acf_changed":false,"om_disable_all_campaigns":false,"_uf_show_specific_survey":0,"_uf_disable_surveys":false,"footnotes":""},"class_list":["post-6091","page","type-page","status-publish","has-post-thumbnail","hentry"],"acf":[],"aioseo_notices":[],"yoast_head":"<!-- This site is optimized with the Yoast SEO plugin v27.2 - https:\/\/yoast.com\/product\/yoast-seo-wordpress\/ -->\n<title>Business Contracts - RFB Legal<\/title>\n<meta name=\"description\" content=\"Commercial Contracts &amp; Terms of Business At Ronald Fletcher Baker, our specialist team provides commercially focused legal advice tailored to your\" \/>\n<meta name=\"robots\" content=\"index, follow, max-snippet:-1, max-image-preview:large, max-video-preview:-1\" \/>\n<link rel=\"canonical\" href=\"https:\/\/rfblegal.co.uk\/pt\/servicos\/direito-pessoal\/empresarial\/contratos-comerciais-2\/\" \/>\n<meta property=\"og:locale\" content=\"pt_PT\" \/>\n<meta property=\"og:type\" content=\"article\" \/>\n<meta property=\"og:title\" content=\"Business Contracts - RFB Legal\" \/>\n<meta property=\"og:description\" content=\"Commercial Contracts &amp; Terms of Business At Ronald Fletcher Baker, our specialist team provides commercially focused legal advice tailored to your\" \/>\n<meta property=\"og:url\" content=\"https:\/\/rfblegal.co.uk\/pt\/servicos\/direito-pessoal\/empresarial\/contratos-comerciais-2\/\" \/>\n<meta property=\"og:site_name\" content=\"RFB Legal\" \/>\n<meta property=\"article:publisher\" content=\"https:\/\/www.facebook.com\/RFBLegal\/\" \/>\n<meta property=\"article:modified_time\" content=\"2026-03-26T10:51:00+00:00\" \/>\n<meta property=\"og:image\" content=\"https:\/\/rfblegal.co.uk\/wp-content\/uploads\/2025\/04\/AdobeStock_249073275-scaled.jpeg\" \/>\n\t<meta property=\"og:image:width\" content=\"2120\" \/>\n\t<meta property=\"og:image:height\" content=\"1415\" \/>\n\t<meta property=\"og:image:type\" content=\"image\/jpeg\" \/>\n<meta name=\"twitter:card\" content=\"summary_large_image\" \/>\n<meta name=\"twitter:label1\" content=\"Est. reading time\" \/>\n\t<meta name=\"twitter:data1\" content=\"2 minutos\" \/>\n<script type=\"application\/ld+json\" class=\"yoast-schema-graph\">{\"@context\":\"https:\/\/schema.org\",\"@graph\":[{\"@type\":\"WebPage\",\"@id\":\"https:\/\/rfblegal.co.uk\/services\/personal-law\/corporate\/business-contracts\/\",\"url\":\"https:\/\/rfblegal.co.uk\/services\/personal-law\/corporate\/business-contracts\/\",\"name\":\"Business Contracts - RFB Legal\",\"isPartOf\":{\"@id\":\"https:\/\/rfblegal.co.uk\/#website\"},\"primaryImageOfPage\":{\"@id\":\"https:\/\/rfblegal.co.uk\/services\/personal-law\/corporate\/business-contracts\/#primaryimage\"},\"image\":{\"@id\":\"https:\/\/rfblegal.co.uk\/services\/personal-law\/corporate\/business-contracts\/#primaryimage\"},\"thumbnailUrl\":\"https:\/\/rfblegal.co.uk\/wp-content\/uploads\/2025\/04\/AdobeStock_249073275-scaled.jpeg\",\"datePublished\":\"2025-04-10T10:41:20+00:00\",\"dateModified\":\"2026-03-26T10:51:00+00:00\",\"description\":\"Commercial Contracts &amp; Terms of Business At Ronald Fletcher Baker, our specialist team provides commercially focused legal advice tailored to your\",\"breadcrumb\":{\"@id\":\"https:\/\/rfblegal.co.uk\/services\/personal-law\/corporate\/business-contracts\/#breadcrumb\"},\"inLanguage\":\"pt-PT\",\"potentialAction\":[{\"@type\":\"ReadAction\",\"target\":[\"https:\/\/rfblegal.co.uk\/services\/personal-law\/corporate\/business-contracts\/\"]}]},{\"@type\":\"ImageObject\",\"inLanguage\":\"pt-PT\",\"@id\":\"https:\/\/rfblegal.co.uk\/services\/personal-law\/corporate\/business-contracts\/#primaryimage\",\"url\":\"https:\/\/rfblegal.co.uk\/wp-content\/uploads\/2025\/04\/AdobeStock_249073275-scaled.jpeg\",\"contentUrl\":\"https:\/\/rfblegal.co.uk\/wp-content\/uploads\/2025\/04\/AdobeStock_249073275-scaled.jpeg\",\"width\":2120,\"height\":1415,\"caption\":\"Businessmen handshaking over signed contract.\"},{\"@type\":\"BreadcrumbList\",\"@id\":\"https:\/\/rfblegal.co.uk\/services\/personal-law\/corporate\/business-contracts\/#breadcrumb\",\"itemListElement\":[{\"@type\":\"ListItem\",\"position\":1,\"name\":\"Home\",\"item\":\"https:\/\/rfblegal.co.uk\/\"},{\"@type\":\"ListItem\",\"position\":2,\"name\":\"Services\",\"item\":\"https:\/\/rfblegal.co.uk\/services\/\"},{\"@type\":\"ListItem\",\"position\":3,\"name\":\"Personal Law Services\",\"item\":\"https:\/\/rfblegal.co.uk\/services\/personal-law\/\"},{\"@type\":\"ListItem\",\"position\":4,\"name\":\"Corporate\",\"item\":\"https:\/\/rfblegal.co.uk\/services\/personal-law\/corporate\/\"},{\"@type\":\"ListItem\",\"position\":5,\"name\":\"Business Contracts\"}]},{\"@type\":\"WebSite\",\"@id\":\"https:\/\/rfblegal.co.uk\/#website\",\"url\":\"https:\/\/rfblegal.co.uk\/\",\"name\":\"RFB Legal\",\"description\":\"\",\"publisher\":{\"@id\":\"https:\/\/rfblegal.co.uk\/#organization\"},\"potentialAction\":[{\"@type\":\"SearchAction\",\"target\":{\"@type\":\"EntryPoint\",\"urlTemplate\":\"https:\/\/rfblegal.co.uk\/?s={search_term_string}\"},\"query-input\":{\"@type\":\"PropertyValueSpecification\",\"valueRequired\":true,\"valueName\":\"search_term_string\"}}],\"inLanguage\":\"pt-PT\"},{\"@type\":\"Organization\",\"@id\":\"https:\/\/rfblegal.co.uk\/#organization\",\"name\":\"RFB Legal\",\"url\":\"https:\/\/rfblegal.co.uk\/\",\"logo\":{\"@type\":\"ImageObject\",\"inLanguage\":\"pt-PT\",\"@id\":\"https:\/\/rfblegal.co.uk\/#\/schema\/logo\/image\/\",\"url\":\"https:\/\/rfblegal.co.uk\/wp-content\/uploads\/2024\/01\/header_company_logo.svg\",\"contentUrl\":\"https:\/\/rfblegal.co.uk\/wp-content\/uploads\/2024\/01\/header_company_logo.svg\",\"caption\":\"RFB Legal\"},\"image\":{\"@id\":\"https:\/\/rfblegal.co.uk\/#\/schema\/logo\/image\/\"},\"sameAs\":[\"https:\/\/www.facebook.com\/RFBLegal\/\",\"https:\/\/www.linkedin.com\/uas\/login?session_redirect=company2012282\",\"https:\/\/www.instagram.com\/rfb_legal\/\"]}]}<\/script>\n<!-- \/ Yoast SEO plugin. -->","yoast_head_json":{"title":"Contratos comerciais - RFB Legal","description":"Contratos comerciais e condi\u00e7\u00f5es de neg\u00f3cio Na Ronald Fletcher Baker, a nossa equipa de especialistas presta aconselhamento jur\u00eddico comercial adaptado \u00e0s suas necessidades.","robots":{"index":"index","follow":"follow","max-snippet":"max-snippet:-1","max-image-preview":"max-image-preview:large","max-video-preview":"max-video-preview:-1"},"canonical":"https:\/\/rfblegal.co.uk\/pt\/servicos\/direito-pessoal\/empresarial\/contratos-comerciais-2\/","og_locale":"pt_PT","og_type":"article","og_title":"Business Contracts - RFB Legal","og_description":"Commercial Contracts &amp; Terms of Business At Ronald Fletcher Baker, our specialist team provides commercially focused legal advice tailored to your","og_url":"https:\/\/rfblegal.co.uk\/pt\/servicos\/direito-pessoal\/empresarial\/contratos-comerciais-2\/","og_site_name":"RFB Legal","article_publisher":"https:\/\/www.facebook.com\/RFBLegal\/","article_modified_time":"2026-03-26T10:51:00+00:00","og_image":[{"width":2120,"height":1415,"url":"https:\/\/rfblegal.co.uk\/wp-content\/uploads\/2025\/04\/AdobeStock_249073275-scaled.jpeg","type":"image\/jpeg"}],"twitter_card":"summary_large_image","twitter_misc":{"Est. reading time":"2 minutos"},"schema":{"@context":"https:\/\/schema.org","@graph":[{"@type":"WebPage","@id":"https:\/\/rfblegal.co.uk\/services\/personal-law\/corporate\/business-contracts\/","url":"https:\/\/rfblegal.co.uk\/services\/personal-law\/corporate\/business-contracts\/","name":"Contratos comerciais - RFB Legal","isPartOf":{"@id":"https:\/\/rfblegal.co.uk\/#website"},"primaryImageOfPage":{"@id":"https:\/\/rfblegal.co.uk\/services\/personal-law\/corporate\/business-contracts\/#primaryimage"},"image":{"@id":"https:\/\/rfblegal.co.uk\/services\/personal-law\/corporate\/business-contracts\/#primaryimage"},"thumbnailUrl":"https:\/\/rfblegal.co.uk\/wp-content\/uploads\/2025\/04\/AdobeStock_249073275-scaled.jpeg","datePublished":"2025-04-10T10:41:20+00:00","dateModified":"2026-03-26T10:51:00+00:00","description":"Contratos comerciais e condi\u00e7\u00f5es de neg\u00f3cio Na Ronald Fletcher Baker, a nossa equipa de especialistas presta aconselhamento jur\u00eddico comercial adaptado \u00e0s suas necessidades.","breadcrumb":{"@id":"https:\/\/rfblegal.co.uk\/services\/personal-law\/corporate\/business-contracts\/#breadcrumb"},"inLanguage":"pt-PT","potentialAction":[{"@type":"ReadAction","target":["https:\/\/rfblegal.co.uk\/services\/personal-law\/corporate\/business-contracts\/"]}]},{"@type":"ImageObject","inLanguage":"pt-PT","@id":"https:\/\/rfblegal.co.uk\/services\/personal-law\/corporate\/business-contracts\/#primaryimage","url":"https:\/\/rfblegal.co.uk\/wp-content\/uploads\/2025\/04\/AdobeStock_249073275-scaled.jpeg","contentUrl":"https:\/\/rfblegal.co.uk\/wp-content\/uploads\/2025\/04\/AdobeStock_249073275-scaled.jpeg","width":2120,"height":1415,"caption":"Businessmen handshaking over signed contract."},{"@type":"BreadcrumbList","@id":"https:\/\/rfblegal.co.uk\/services\/personal-law\/corporate\/business-contracts\/#breadcrumb","itemListElement":[{"@type":"ListItem","position":1,"name":"Home","item":"https:\/\/rfblegal.co.uk\/"},{"@type":"ListItem","position":2,"name":"Services","item":"https:\/\/rfblegal.co.uk\/services\/"},{"@type":"ListItem","position":3,"name":"Personal Law Services","item":"https:\/\/rfblegal.co.uk\/services\/personal-law\/"},{"@type":"ListItem","position":4,"name":"Corporate","item":"https:\/\/rfblegal.co.uk\/services\/personal-law\/corporate\/"},{"@type":"ListItem","position":5,"name":"Business Contracts"}]},{"@type":"WebSite","@id":"https:\/\/rfblegal.co.uk\/#website","url":"https:\/\/rfblegal.co.uk\/","name":"Jur\u00eddico da RFB","description":"","publisher":{"@id":"https:\/\/rfblegal.co.uk\/#organization"},"potentialAction":[{"@type":"SearchAction","target":{"@type":"EntryPoint","urlTemplate":"https:\/\/rfblegal.co.uk\/?s={search_term_string}"},"query-input":{"@type":"PropertyValueSpecification","valueRequired":true,"valueName":"search_term_string"}}],"inLanguage":"pt-PT"},{"@type":"Organization","@id":"https:\/\/rfblegal.co.uk\/#organization","name":"Jur\u00eddico da RFB","url":"https:\/\/rfblegal.co.uk\/","logo":{"@type":"ImageObject","inLanguage":"pt-PT","@id":"https:\/\/rfblegal.co.uk\/#\/schema\/logo\/image\/","url":"https:\/\/rfblegal.co.uk\/wp-content\/uploads\/2024\/01\/header_company_logo.svg","contentUrl":"https:\/\/rfblegal.co.uk\/wp-content\/uploads\/2024\/01\/header_company_logo.svg","caption":"RFB Legal"},"image":{"@id":"https:\/\/rfblegal.co.uk\/#\/schema\/logo\/image\/"},"sameAs":["https:\/\/www.facebook.com\/RFBLegal\/","https:\/\/www.linkedin.com\/uas\/login?session_redirect=company2012282","https:\/\/www.instagram.com\/rfb_legal\/"]}]}},"_links":{"self":[{"href":"https:\/\/rfblegal.co.uk\/pt\/wp-json\/wp\/v2\/pages\/6091","targetHints":{"allow":["GET"]}}],"collection":[{"href":"https:\/\/rfblegal.co.uk\/pt\/wp-json\/wp\/v2\/pages"}],"about":[{"href":"https:\/\/rfblegal.co.uk\/pt\/wp-json\/wp\/v2\/types\/page"}],"author":[{"embeddable":true,"href":"https:\/\/rfblegal.co.uk\/pt\/wp-json\/wp\/v2\/users\/5"}],"replies":[{"embeddable":true,"href":"https:\/\/rfblegal.co.uk\/pt\/wp-json\/wp\/v2\/comments?post=6091"}],"version-history":[{"count":1,"href":"https:\/\/rfblegal.co.uk\/pt\/wp-json\/wp\/v2\/pages\/6091\/revisions"}],"predecessor-version":[{"id":9074,"href":"https:\/\/rfblegal.co.uk\/pt\/wp-json\/wp\/v2\/pages\/6091\/revisions\/9074"}],"up":[{"embeddable":true,"href":"https:\/\/rfblegal.co.uk\/pt\/wp-json\/wp\/v2\/pages\/2385"}],"wp:featuredmedia":[{"embeddable":true,"href":"https:\/\/rfblegal.co.uk\/pt\/wp-json\/wp\/v2\/media\/6097"}],"wp:attachment":[{"href":"https:\/\/rfblegal.co.uk\/pt\/wp-json\/wp\/v2\/media?parent=6091"}],"curies":[{"name":"wp","href":"https:\/\/api.w.org\/{rel}","templated":true}]}}