{"id":2635,"date":"2024-02-21T17:34:29","date_gmt":"2024-02-21T17:34:29","guid":{"rendered":"https:\/\/rfblegal.co.uk\/?page_id=2635"},"modified":"2024-02-23T15:33:32","modified_gmt":"2024-02-23T15:33:32","slug":"criminalidade-empresarial","status":"publish","type":"page","link":"https:\/\/rfblegal.co.uk\/pt\/servicos\/direito-comercial\/servicos-de-criminalidade-financeira-e-de-colarinho-branco\/criminalidade-empresarial\/","title":{"rendered":"Crime empresarial"},"content":{"rendered":"<h2 class=\"wp-block-heading has-2-xl-font-size\" style=\"padding-top:var(--wp--preset--spacing--20);padding-bottom:var(--wp--preset--spacing--20);font-style:normal;font-weight:600\">Fraude complexa e criminalidade empresarial<\/h2>\n\n\n\n<h4 class=\"wp-block-heading has-lg-font-size\" style=\"padding-top:var(--wp--preset--spacing--20);padding-bottom:var(--wp--preset--spacing--20)\"><strong>Ronald Fletcher Baker LLP representa CEOs e quadros superiores de empresas dos mais diversos sectores financeiros e empresariais em quest\u00f5es relacionadas com fraude grave, corrup\u00e7\u00e3o, desvio de fundos e abuso de informa\u00e7\u00e3o privilegiada.&nbsp;<\/strong><\/h4>\n\n\n\n<p style=\"padding-top:var(--wp--preset--spacing--20);padding-bottom:var(--wp--preset--spacing--20)\">A nossa equipa tem experi\u00eancia substancial em lidar com investiga\u00e7\u00f5es do Serious Fraud Office (SFO), do HM Revenue and Customs (HMRC), da Financial Conduct Authority (FCA), do Crown Prosecution Service (CPS), da City of London Police e de outras ag\u00eancias de execu\u00e7\u00e3o.<\/p>\n\n\n\n<p style=\"padding-top:var(--wp--preset--spacing--20);padding-bottom:var(--wp--preset--spacing--20)\">Com base em d\u00e9cadas de experi\u00eancia no sector e evoluindo a par do cen\u00e1rio em desenvolvimento da responsabilidade das empresas, utilizamos compet\u00eancias estrat\u00e9gicas e forenses sofisticadas para orientar os clientes em lit\u00edgios complexos.<\/p>\n\n\n\n<p style=\"padding-top:var(--wp--preset--spacing--20);padding-bottom:var(--wp--preset--spacing--20)\">O nosso objetivo principal \u00e9 desviar as ag\u00eancias de aplica\u00e7\u00e3o da lei da a\u00e7\u00e3o penal e a equipa \u00e9 capaz de adaptar a sua abordagem para incorporar conselhos t\u00e1cticos sobre responsabilidade civil e criminal.<\/p>\n\n\n\n<p style=\"padding-top:var(--wp--preset--spacing--20);padding-bottom:var(--wp--preset--spacing--20)\">Os processos t\u00eam frequentemente origem numa investiga\u00e7\u00e3o interna da empresa, e a equipa oferece aos seus clientes o benef\u00edcio de um ponto de vista abrangente, representando tanto os suspeitos como aqueles que apresentam uma queixa.<\/p>\n\n\n\n<p style=\"padding-top:var(--wp--preset--spacing--20);padding-bottom:var(--wp--preset--spacing--20)\">Tendo actuado em casos que envolveram quest\u00f5es jur\u00eddicas multi-jurisdicionais, governos nacionais e empresas globais, somos capazes de recorrer \u00e0s compet\u00eancias de peritos da mais alta qualidade, incluindo contabilistas forenses, localizadores de activos e especialistas de mercado.<br><\/p>\n\n\n\n<h3 class=\"wp-block-heading has-lg-font-size\" style=\"padding-top:var(--wp--preset--spacing--20);padding-bottom:var(--wp--preset--spacing--20)\"><strong>Contactar-nos<\/strong><\/h3>\n\n\n\n<p style=\"padding-top:var(--wp--preset--spacing--20);padding-bottom:var(--wp--preset--spacing--20)\">Para aconselhamento e representa\u00e7\u00e3o especializada em Fraude Complexa e Crime Empresarial, contacte-nos hoje mesmo em<em><strong>&nbsp;<a href=\"tel:02076131402\">020 7613 1402<\/a><\/strong><\/em>&nbsp;ou&nbsp;<a href=\"https:\/\/rfblegal.co.uk\/pt\/contactar-nos\/\">preencher o nosso formul\u00e1rio de inqu\u00e9rito em linha<\/a>&nbsp;e um dos nossos advogados entrar\u00e1 em contacto o mais rapidamente poss\u00edvel.<\/p>","protected":false},"excerpt":{"rendered":"<p>Fraudes complexas e criminalidade empresarial Ronald Fletcher Baker LLP representa CEOs e quadros superiores de empresas dos mais diversos sectores financeiros e empresariais em quest\u00f5es relacionadas com fraudes graves, corrup\u00e7\u00e3o, desvio de fundos e abuso de informa\u00e7\u00e3o privilegiada.  A nossa equipa possui uma vasta experi\u00eancia no tratamento de investiga\u00e7\u00f5es do Serious Fraud Office (SFO), HM Revenue and Customs (HMRC), ... <a href=\"https:\/\/rfblegal.co.uk\/pt\/servicos\/direito-comercial\/servicos-de-criminalidade-financeira-e-de-colarinho-branco\/criminalidade-empresarial\/\">Continua\u00e7\u00e3o<\/a><\/p>","protected":false},"author":1,"featured_media":3161,"parent":2628,"menu_order":0,"comment_status":"closed","ping_status":"closed","template":"tier3-template.blade.php","meta":{"_acf_changed":false,"om_disable_all_campaigns":false,"_uf_show_specific_survey":0,"_uf_disable_surveys":false,"footnotes":""},"class_list":["post-2635","page","type-page","status-publish","has-post-thumbnail","hentry"],"acf":[],"aioseo_notices":[],"yoast_head":"<!-- This site is optimized with the Yoast SEO plugin v27.2 - https:\/\/yoast.com\/product\/yoast-seo-wordpress\/ -->\n<title>Corporate Crime - RFB Legal<\/title>\n<meta name=\"description\" content=\"Complex Fraud and Corporate Crime Ronald Fletcher Baker LLP acts for CEOs and senior company executives from a broad range of financial and business\" \/>\n<meta name=\"robots\" content=\"index, follow, max-snippet:-1, max-image-preview:large, max-video-preview:-1\" \/>\n<link rel=\"canonical\" href=\"https:\/\/rfblegal.co.uk\/pt\/servicos\/direito-comercial\/servicos-de-criminalidade-financeira-e-de-colarinho-branco\/criminalidade-empresarial\/\" \/>\n<meta property=\"og:locale\" content=\"pt_PT\" \/>\n<meta property=\"og:type\" content=\"article\" \/>\n<meta property=\"og:title\" content=\"Corporate Crime - RFB Legal\" \/>\n<meta property=\"og:description\" content=\"Complex Fraud and Corporate Crime Ronald Fletcher Baker LLP acts for CEOs and senior company executives from a broad range of financial and business\" \/>\n<meta property=\"og:url\" content=\"https:\/\/rfblegal.co.uk\/pt\/servicos\/direito-comercial\/servicos-de-criminalidade-financeira-e-de-colarinho-branco\/criminalidade-empresarial\/\" \/>\n<meta property=\"og:site_name\" content=\"RFB Legal\" \/>\n<meta property=\"article:publisher\" content=\"https:\/\/www.facebook.com\/RFBLegal\/\" \/>\n<meta property=\"article:modified_time\" content=\"2024-02-23T15:33:32+00:00\" \/>\n<meta property=\"og:image\" content=\"https:\/\/rfblegal.co.uk\/wp-content\/uploads\/2024\/02\/Complex_Fraud_and_Financial_Crime.jpg\" \/>\n\t<meta property=\"og:image:width\" content=\"1440\" \/>\n\t<meta property=\"og:image:height\" content=\"550\" \/>\n\t<meta property=\"og:image:type\" content=\"image\/jpeg\" \/>\n<meta name=\"twitter:card\" content=\"summary_large_image\" \/>\n<meta name=\"twitter:label1\" content=\"Est. reading time\" \/>\n\t<meta name=\"twitter:data1\" content=\"2 minutos\" \/>\n<script type=\"application\/ld+json\" class=\"yoast-schema-graph\">{\"@context\":\"https:\/\/schema.org\",\"@graph\":[{\"@type\":\"WebPage\",\"@id\":\"https:\/\/rfblegal.co.uk\/services\/business-law\/white-collar-and-financial-crime-services\/corporate-crime\/\",\"url\":\"https:\/\/rfblegal.co.uk\/services\/business-law\/white-collar-and-financial-crime-services\/corporate-crime\/\",\"name\":\"Corporate Crime - RFB Legal\",\"isPartOf\":{\"@id\":\"https:\/\/rfblegal.co.uk\/#website\"},\"primaryImageOfPage\":{\"@id\":\"https:\/\/rfblegal.co.uk\/services\/business-law\/white-collar-and-financial-crime-services\/corporate-crime\/#primaryimage\"},\"image\":{\"@id\":\"https:\/\/rfblegal.co.uk\/services\/business-law\/white-collar-and-financial-crime-services\/corporate-crime\/#primaryimage\"},\"thumbnailUrl\":\"https:\/\/rfblegal.co.uk\/wp-content\/uploads\/2024\/02\/Complex_Fraud_and_Financial_Crime.jpg\",\"datePublished\":\"2024-02-21T17:34:29+00:00\",\"dateModified\":\"2024-02-23T15:33:32+00:00\",\"description\":\"Complex Fraud and Corporate Crime Ronald Fletcher Baker LLP acts for CEOs and senior company executives from a broad range of financial and business\",\"breadcrumb\":{\"@id\":\"https:\/\/rfblegal.co.uk\/services\/business-law\/white-collar-and-financial-crime-services\/corporate-crime\/#breadcrumb\"},\"inLanguage\":\"pt-PT\",\"potentialAction\":[{\"@type\":\"ReadAction\",\"target\":[\"https:\/\/rfblegal.co.uk\/services\/business-law\/white-collar-and-financial-crime-services\/corporate-crime\/\"]}]},{\"@type\":\"ImageObject\",\"inLanguage\":\"pt-PT\",\"@id\":\"https:\/\/rfblegal.co.uk\/services\/business-law\/white-collar-and-financial-crime-services\/corporate-crime\/#primaryimage\",\"url\":\"https:\/\/rfblegal.co.uk\/wp-content\/uploads\/2024\/02\/Complex_Fraud_and_Financial_Crime.jpg\",\"contentUrl\":\"https:\/\/rfblegal.co.uk\/wp-content\/uploads\/2024\/02\/Complex_Fraud_and_Financial_Crime.jpg\",\"width\":1440,\"height\":550},{\"@type\":\"BreadcrumbList\",\"@id\":\"https:\/\/rfblegal.co.uk\/services\/business-law\/white-collar-and-financial-crime-services\/corporate-crime\/#breadcrumb\",\"itemListElement\":[{\"@type\":\"ListItem\",\"position\":1,\"name\":\"Home\",\"item\":\"https:\/\/rfblegal.co.uk\/\"},{\"@type\":\"ListItem\",\"position\":2,\"name\":\"Services\",\"item\":\"https:\/\/rfblegal.co.uk\/services\/\"},{\"@type\":\"ListItem\",\"position\":3,\"name\":\"Business Law\",\"item\":\"https:\/\/rfblegal.co.uk\/services\/business-law\/\"},{\"@type\":\"ListItem\",\"position\":4,\"name\":\"Business &#8211; Criminal Litigation\",\"item\":\"https:\/\/rfblegal.co.uk\/services\/business-law\/white-collar-and-financial-crime-services\/\"},{\"@type\":\"ListItem\",\"position\":5,\"name\":\"Corporate Crime\"}]},{\"@type\":\"WebSite\",\"@id\":\"https:\/\/rfblegal.co.uk\/#website\",\"url\":\"https:\/\/rfblegal.co.uk\/\",\"name\":\"RFB Legal\",\"description\":\"\",\"publisher\":{\"@id\":\"https:\/\/rfblegal.co.uk\/#organization\"},\"potentialAction\":[{\"@type\":\"SearchAction\",\"target\":{\"@type\":\"EntryPoint\",\"urlTemplate\":\"https:\/\/rfblegal.co.uk\/?s={search_term_string}\"},\"query-input\":{\"@type\":\"PropertyValueSpecification\",\"valueRequired\":true,\"valueName\":\"search_term_string\"}}],\"inLanguage\":\"pt-PT\"},{\"@type\":\"Organization\",\"@id\":\"https:\/\/rfblegal.co.uk\/#organization\",\"name\":\"RFB Legal\",\"url\":\"https:\/\/rfblegal.co.uk\/\",\"logo\":{\"@type\":\"ImageObject\",\"inLanguage\":\"pt-PT\",\"@id\":\"https:\/\/rfblegal.co.uk\/#\/schema\/logo\/image\/\",\"url\":\"https:\/\/rfblegal.co.uk\/wp-content\/uploads\/2024\/01\/header_company_logo.svg\",\"contentUrl\":\"https:\/\/rfblegal.co.uk\/wp-content\/uploads\/2024\/01\/header_company_logo.svg\",\"caption\":\"RFB Legal\"},\"image\":{\"@id\":\"https:\/\/rfblegal.co.uk\/#\/schema\/logo\/image\/\"},\"sameAs\":[\"https:\/\/www.facebook.com\/RFBLegal\/\",\"https:\/\/www.linkedin.com\/uas\/login?session_redirect=company2012282\",\"https:\/\/www.instagram.com\/rfb_legal\/\"]}]}<\/script>\n<!-- \/ Yoast SEO plugin. -->","yoast_head_json":{"title":"Penal Empresarial - RFB Legal","description":"Fraude complexa e criminalidade empresarial Ronald Fletcher Baker LLP actua junto de CEOs e executivos de topo de empresas de um vasto leque de sectores financeiros e empresariais","robots":{"index":"index","follow":"follow","max-snippet":"max-snippet:-1","max-image-preview":"max-image-preview:large","max-video-preview":"max-video-preview:-1"},"canonical":"https:\/\/rfblegal.co.uk\/pt\/servicos\/direito-comercial\/servicos-de-criminalidade-financeira-e-de-colarinho-branco\/criminalidade-empresarial\/","og_locale":"pt_PT","og_type":"article","og_title":"Corporate Crime - RFB Legal","og_description":"Complex Fraud and Corporate Crime Ronald Fletcher Baker LLP acts for CEOs and senior company executives from a broad range of financial and business","og_url":"https:\/\/rfblegal.co.uk\/pt\/servicos\/direito-comercial\/servicos-de-criminalidade-financeira-e-de-colarinho-branco\/criminalidade-empresarial\/","og_site_name":"RFB Legal","article_publisher":"https:\/\/www.facebook.com\/RFBLegal\/","article_modified_time":"2024-02-23T15:33:32+00:00","og_image":[{"width":1440,"height":550,"url":"https:\/\/rfblegal.co.uk\/wp-content\/uploads\/2024\/02\/Complex_Fraud_and_Financial_Crime.jpg","type":"image\/jpeg"}],"twitter_card":"summary_large_image","twitter_misc":{"Est. reading time":"2 minutos"},"schema":{"@context":"https:\/\/schema.org","@graph":[{"@type":"WebPage","@id":"https:\/\/rfblegal.co.uk\/services\/business-law\/white-collar-and-financial-crime-services\/corporate-crime\/","url":"https:\/\/rfblegal.co.uk\/services\/business-law\/white-collar-and-financial-crime-services\/corporate-crime\/","name":"Penal Empresarial - RFB Legal","isPartOf":{"@id":"https:\/\/rfblegal.co.uk\/#website"},"primaryImageOfPage":{"@id":"https:\/\/rfblegal.co.uk\/services\/business-law\/white-collar-and-financial-crime-services\/corporate-crime\/#primaryimage"},"image":{"@id":"https:\/\/rfblegal.co.uk\/services\/business-law\/white-collar-and-financial-crime-services\/corporate-crime\/#primaryimage"},"thumbnailUrl":"https:\/\/rfblegal.co.uk\/wp-content\/uploads\/2024\/02\/Complex_Fraud_and_Financial_Crime.jpg","datePublished":"2024-02-21T17:34:29+00:00","dateModified":"2024-02-23T15:33:32+00:00","description":"Fraude complexa e criminalidade empresarial Ronald Fletcher Baker LLP actua junto de CEOs e executivos de topo de empresas de um vasto leque de sectores financeiros e empresariais","breadcrumb":{"@id":"https:\/\/rfblegal.co.uk\/services\/business-law\/white-collar-and-financial-crime-services\/corporate-crime\/#breadcrumb"},"inLanguage":"pt-PT","potentialAction":[{"@type":"ReadAction","target":["https:\/\/rfblegal.co.uk\/services\/business-law\/white-collar-and-financial-crime-services\/corporate-crime\/"]}]},{"@type":"ImageObject","inLanguage":"pt-PT","@id":"https:\/\/rfblegal.co.uk\/services\/business-law\/white-collar-and-financial-crime-services\/corporate-crime\/#primaryimage","url":"https:\/\/rfblegal.co.uk\/wp-content\/uploads\/2024\/02\/Complex_Fraud_and_Financial_Crime.jpg","contentUrl":"https:\/\/rfblegal.co.uk\/wp-content\/uploads\/2024\/02\/Complex_Fraud_and_Financial_Crime.jpg","width":1440,"height":550},{"@type":"BreadcrumbList","@id":"https:\/\/rfblegal.co.uk\/services\/business-law\/white-collar-and-financial-crime-services\/corporate-crime\/#breadcrumb","itemListElement":[{"@type":"ListItem","position":1,"name":"Home","item":"https:\/\/rfblegal.co.uk\/"},{"@type":"ListItem","position":2,"name":"Services","item":"https:\/\/rfblegal.co.uk\/services\/"},{"@type":"ListItem","position":3,"name":"Business Law","item":"https:\/\/rfblegal.co.uk\/services\/business-law\/"},{"@type":"ListItem","position":4,"name":"Business &#8211; Criminal Litigation","item":"https:\/\/rfblegal.co.uk\/services\/business-law\/white-collar-and-financial-crime-services\/"},{"@type":"ListItem","position":5,"name":"Corporate Crime"}]},{"@type":"WebSite","@id":"https:\/\/rfblegal.co.uk\/#website","url":"https:\/\/rfblegal.co.uk\/","name":"Jur\u00eddico da RFB","description":"","publisher":{"@id":"https:\/\/rfblegal.co.uk\/#organization"},"potentialAction":[{"@type":"SearchAction","target":{"@type":"EntryPoint","urlTemplate":"https:\/\/rfblegal.co.uk\/?s={search_term_string}"},"query-input":{"@type":"PropertyValueSpecification","valueRequired":true,"valueName":"search_term_string"}}],"inLanguage":"pt-PT"},{"@type":"Organization","@id":"https:\/\/rfblegal.co.uk\/#organization","name":"Jur\u00eddico da RFB","url":"https:\/\/rfblegal.co.uk\/","logo":{"@type":"ImageObject","inLanguage":"pt-PT","@id":"https:\/\/rfblegal.co.uk\/#\/schema\/logo\/image\/","url":"https:\/\/rfblegal.co.uk\/wp-content\/uploads\/2024\/01\/header_company_logo.svg","contentUrl":"https:\/\/rfblegal.co.uk\/wp-content\/uploads\/2024\/01\/header_company_logo.svg","caption":"RFB Legal"},"image":{"@id":"https:\/\/rfblegal.co.uk\/#\/schema\/logo\/image\/"},"sameAs":["https:\/\/www.facebook.com\/RFBLegal\/","https:\/\/www.linkedin.com\/uas\/login?session_redirect=company2012282","https:\/\/www.instagram.com\/rfb_legal\/"]}]}},"_links":{"self":[{"href":"https:\/\/rfblegal.co.uk\/pt\/wp-json\/wp\/v2\/pages\/2635","targetHints":{"allow":["GET"]}}],"collection":[{"href":"https:\/\/rfblegal.co.uk\/pt\/wp-json\/wp\/v2\/pages"}],"about":[{"href":"https:\/\/rfblegal.co.uk\/pt\/wp-json\/wp\/v2\/types\/page"}],"author":[{"embeddable":true,"href":"https:\/\/rfblegal.co.uk\/pt\/wp-json\/wp\/v2\/users\/1"}],"replies":[{"embeddable":true,"href":"https:\/\/rfblegal.co.uk\/pt\/wp-json\/wp\/v2\/comments?post=2635"}],"version-history":[{"count":0,"href":"https:\/\/rfblegal.co.uk\/pt\/wp-json\/wp\/v2\/pages\/2635\/revisions"}],"up":[{"embeddable":true,"href":"https:\/\/rfblegal.co.uk\/pt\/wp-json\/wp\/v2\/pages\/2628"}],"wp:featuredmedia":[{"embeddable":true,"href":"https:\/\/rfblegal.co.uk\/pt\/wp-json\/wp\/v2\/media\/3161"}],"wp:attachment":[{"href":"https:\/\/rfblegal.co.uk\/pt\/wp-json\/wp\/v2\/media?parent=2635"}],"curies":[{"name":"wp","href":"https:\/\/api.w.org\/{rel}","templated":true}]}}