{"id":2522,"date":"2024-02-21T16:34:10","date_gmt":"2024-02-21T16:34:10","guid":{"rendered":"https:\/\/rfblegal.co.uk\/?page_id=2522"},"modified":"2025-09-04T18:07:20","modified_gmt":"2025-09-04T18:07:20","slug":"litigio-em-materia-de-caridade","status":"publish","type":"page","link":"https:\/\/rfblegal.co.uk\/pt\/servicos\/direito-comercial\/contencioso-comercial\/litigio-em-materia-de-caridade\/","title":{"rendered":"Contencioso caritativo"},"content":{"rendered":"<h2 class=\"wp-block-heading has-2-xl-font-size\" style=\"padding-top:var(--wp--preset--spacing--20);padding-bottom:var(--wp--preset--spacing--20);font-style:normal;font-weight:600\">Contencioso caritativo<\/h2>\n\n\n\n<h4 class=\"wp-block-heading has-lg-font-size\" style=\"padding-top:var(--wp--preset--spacing--20);padding-bottom:var(--wp--preset--spacing--20);font-style:normal;font-weight:500\"><strong>As institui\u00e7\u00f5es de solidariedade social, tal como qualquer outra organiza\u00e7\u00e3o comercial, podem deparar-se com quest\u00f5es como a viola\u00e7\u00e3o de contratos, quest\u00f5es laborais, lit\u00edgios imobili\u00e1rios e muitas outras. As ac\u00e7\u00f5es judiciais podem representar um risco significativo para uma institui\u00e7\u00e3o de solidariedade social, para a sua reputa\u00e7\u00e3o e para os seus administradores.<\/strong><\/h4>\n\n\n\n<p style=\"padding-top:var(--wp--preset--spacing--20);padding-bottom:var(--wp--preset--spacing--20)\">Quando confrontados com uma potencial reclama\u00e7\u00e3o, quer na apresenta\u00e7\u00e3o quer na defesa de uma a\u00e7\u00e3o legal, os administradores de institui\u00e7\u00f5es de caridade devem tomar todas as decis\u00f5es com base no que seria o melhor interesse da institui\u00e7\u00e3o. Isto, juntamente com todas as outras obriga\u00e7\u00f5es legais que os administradores t\u00eam, rege cada decis\u00e3o que \u00e9 tomada, ou n\u00e3o tomada, pelos administradores, em todos os momentos em que lidam com o assunto em disputa.<\/p>\n\n\n\n<p style=\"padding-top:var(--wp--preset--spacing--20);padding-bottom:var(--wp--preset--spacing--20)\">Os administradores devem verificar se outras op\u00e7\u00f5es, como a negocia\u00e7\u00e3o e a media\u00e7\u00e3o, s\u00e3o vi\u00e1veis. Para tomarem decis\u00f5es informadas, os administradores devem considerar o aconselhamento jur\u00eddico mesmo nas fases iniciais de um lit\u00edgio, especialmente se os administradores n\u00e3o forem especialistas na \u00e1rea do lit\u00edgio. Se n\u00e3o recorrerem a aconselhamento jur\u00eddico numa fase inicial, os administradores podem arriscar-se a p\u00f4r em risco os melhores interesses da institui\u00e7\u00e3o de caridade. Em determinadas circunst\u00e2ncias, pode at\u00e9 ser um requisito legal para os administradores obterem aconselhamento adequado.<\/p>\n\n\n\n<p style=\"padding-top:var(--wp--preset--spacing--20);padding-bottom:var(--wp--preset--spacing--20)\">Os consultores jur\u00eddicos podem ajudar os administradores a explorar as op\u00e7\u00f5es de resolu\u00e7\u00e3o do lit\u00edgio e fornecer aconselhamento personalizado sobre as op\u00e7\u00f5es dispon\u00edveis para a institui\u00e7\u00e3o de solidariedade social e a nossa recomenda\u00e7\u00e3o especializada sobre a via mais adequada a seguir pela institui\u00e7\u00e3o. Quando o tempo \u00e9 escasso, os administradores n\u00e3o devem adiar a procura de aconselhamento jur\u00eddico, se necess\u00e1rio.<\/p>\n\n\n\n<p style=\"padding-top:var(--wp--preset--spacing--20);padding-bottom:var(--wp--preset--spacing--20)\">Os administradores devem ter em conta e gerir corretamente os custos potenciais envolvidos. Os administradores devem pedir aos seus consultores jur\u00eddicos estimativas de custos razo\u00e1veis e descobrir se t\u00eam despesas legais cobertas por qualquer ap\u00f3lice de seguro que a institui\u00e7\u00e3o de caridade possa ter. \u00c9 importante que os administradores compreendam que, mesmo que consigam apresentar ou defender uma queixa, nem todos os custos incorridos ser\u00e3o recuper\u00e1veis.<\/p>\n\n\n\n<p style=\"padding-top:var(--wp--preset--spacing--20);padding-bottom:var(--wp--preset--spacing--20)\">Em determinadas circunst\u00e2ncias, os administradores devem considerar se \u00e9 necess\u00e1rio obter o consentimento ou aconselhamento da Comiss\u00e3o de Caridade antes de decidirem litigar, como por exemplo para uma ordem que autorize a utiliza\u00e7\u00e3o de fundos de caridade para litiga\u00e7\u00e3o.<\/p>\n\n\n\n<p style=\"padding-top:var(--wp--preset--spacing--20);padding-bottom:var(--wp--preset--spacing--20)\">Os administradores devem tamb\u00e9m estar cientes de que podem ser pessoalmente responsabilizados por quaisquer consequ\u00eancias ou perdas que possam resultar do facto de os administradores violarem os seus deveres legais e tomarem decis\u00f5es mal fundamentadas em rela\u00e7\u00e3o ao lit\u00edgio.<\/p>\n\n\n\n<p style=\"padding-top:var(--wp--preset--spacing--20);padding-bottom:var(--wp--preset--spacing--20)\">A Comiss\u00e3o de Caridade emitiu um&nbsp;<a href=\"https:\/\/www.gov.uk\/government\/uploads\/system\/uploads\/attachment_data\/file\/543338\/CC38_Checklist.pdf\">lista de controlo para os administradores<\/a>&nbsp;para os ajudar a decidir se devem ou n\u00e3o apresentar ou defender um pedido de indemniza\u00e7\u00e3o.<\/p>\n\n\n\n<p style=\"padding-top:var(--wp--preset--spacing--20);padding-bottom:var(--wp--preset--spacing--20)\">A decis\u00e3o de litigar n\u00e3o \u00e9 uma decis\u00e3o f\u00e1cil para os administradores e, embora tenha de ser cuidadosamente ponderada em rela\u00e7\u00e3o a todos os factores, n\u00e3o ser\u00e1, na maioria dos casos, do interesse da institui\u00e7\u00e3o de caridade atrasar ou evitar lidar com o lit\u00edgio ou atrasar a decis\u00e3o sobre se \u00e9 do interesse da institui\u00e7\u00e3o de caridade envolver-se em correspond\u00eancia pr\u00e9-a\u00e7\u00e3o ou iniciar um processo judicial.<\/p>\n\n\n\n<p style=\"padding-top:var(--wp--preset--spacing--20);padding-bottom:var(--wp--preset--spacing--20)\"><\/p>","protected":false},"excerpt":{"rendered":"<p>Charity Litigation Charities, just like any other commercial organisation, may come across issues such as breach of contract; employment issues, property disputes, and many more. Legal action is often likely to be a significant risk to a charity, its reputation, and its trustees. When faced with a potential claim, either in the making or defending &hellip; <a href=\"https:\/\/rfblegal.co.uk\/pt\/servicos\/direito-comercial\/contencioso-comercial\/litigio-em-materia-de-caridade\/\">Continua\u00e7\u00e3o<\/a><\/p>","protected":false},"author":1,"featured_media":0,"parent":2502,"menu_order":0,"comment_status":"closed","ping_status":"closed","template":"tier3-template.blade.php","meta":{"_acf_changed":false,"om_disable_all_campaigns":false,"_uf_show_specific_survey":0,"_uf_disable_surveys":false,"footnotes":""},"class_list":["post-2522","page","type-page","status-publish","hentry"],"acf":[],"aioseo_notices":[],"yoast_head":"<!-- This site is optimized with the Yoast SEO plugin v27.2 - https:\/\/yoast.com\/product\/yoast-seo-wordpress\/ -->\n<title>Charity Litigation - RFB Legal<\/title>\n<meta name=\"description\" content=\"Charity Litigation Charities, just like any other commercial organisation, may come across issues\" \/>\n<meta name=\"robots\" content=\"index, follow, max-snippet:-1, max-image-preview:large, max-video-preview:-1\" \/>\n<link rel=\"canonical\" href=\"https:\/\/rfblegal.co.uk\/pt\/servicos\/direito-comercial\/contencioso-comercial\/litigio-em-materia-de-caridade\/\" \/>\n<meta property=\"og:locale\" content=\"pt_PT\" \/>\n<meta property=\"og:type\" content=\"article\" \/>\n<meta property=\"og:title\" content=\"Charity Litigation - RFB Legal\" \/>\n<meta property=\"og:description\" content=\"Charity Litigation Charities, just like any other commercial organisation, may come across issues\" \/>\n<meta property=\"og:url\" content=\"https:\/\/rfblegal.co.uk\/pt\/servicos\/direito-comercial\/contencioso-comercial\/litigio-em-materia-de-caridade\/\" \/>\n<meta property=\"og:site_name\" content=\"RFB Legal\" \/>\n<meta property=\"article:publisher\" content=\"https:\/\/www.facebook.com\/RFBLegal\/\" \/>\n<meta property=\"article:modified_time\" content=\"2025-09-04T18:07:20+00:00\" \/>\n<meta name=\"twitter:card\" content=\"summary_large_image\" \/>\n<meta name=\"twitter:label1\" content=\"Est. reading time\" \/>\n\t<meta name=\"twitter:data1\" content=\"3 minutos\" \/>\n<script type=\"application\/ld+json\" class=\"yoast-schema-graph\">{\"@context\":\"https:\/\/schema.org\",\"@graph\":[{\"@type\":\"WebPage\",\"@id\":\"https:\/\/rfblegal.co.uk\/services\/business-law\/commercial-litigation\/charity-litigation\/\",\"url\":\"https:\/\/rfblegal.co.uk\/services\/business-law\/commercial-litigation\/charity-litigation\/\",\"name\":\"Charity Litigation - RFB Legal\",\"isPartOf\":{\"@id\":\"https:\/\/rfblegal.co.uk\/#website\"},\"datePublished\":\"2024-02-21T16:34:10+00:00\",\"dateModified\":\"2025-09-04T18:07:20+00:00\",\"description\":\"Charity Litigation Charities, just like any other commercial organisation, may come across issues\",\"breadcrumb\":{\"@id\":\"https:\/\/rfblegal.co.uk\/services\/business-law\/commercial-litigation\/charity-litigation\/#breadcrumb\"},\"inLanguage\":\"pt-PT\",\"potentialAction\":[{\"@type\":\"ReadAction\",\"target\":[\"https:\/\/rfblegal.co.uk\/services\/business-law\/commercial-litigation\/charity-litigation\/\"]}]},{\"@type\":\"BreadcrumbList\",\"@id\":\"https:\/\/rfblegal.co.uk\/services\/business-law\/commercial-litigation\/charity-litigation\/#breadcrumb\",\"itemListElement\":[{\"@type\":\"ListItem\",\"position\":1,\"name\":\"Home\",\"item\":\"https:\/\/rfblegal.co.uk\/\"},{\"@type\":\"ListItem\",\"position\":2,\"name\":\"Services\",\"item\":\"https:\/\/rfblegal.co.uk\/services\/\"},{\"@type\":\"ListItem\",\"position\":3,\"name\":\"Business Law\",\"item\":\"https:\/\/rfblegal.co.uk\/services\/business-law\/\"},{\"@type\":\"ListItem\",\"position\":4,\"name\":\"Commercial Litigation\",\"item\":\"https:\/\/rfblegal.co.uk\/services\/business-law\/commercial-litigation\/\"},{\"@type\":\"ListItem\",\"position\":5,\"name\":\"Charity Litigation\"}]},{\"@type\":\"WebSite\",\"@id\":\"https:\/\/rfblegal.co.uk\/#website\",\"url\":\"https:\/\/rfblegal.co.uk\/\",\"name\":\"RFB Legal\",\"description\":\"\",\"publisher\":{\"@id\":\"https:\/\/rfblegal.co.uk\/#organization\"},\"potentialAction\":[{\"@type\":\"SearchAction\",\"target\":{\"@type\":\"EntryPoint\",\"urlTemplate\":\"https:\/\/rfblegal.co.uk\/?s={search_term_string}\"},\"query-input\":{\"@type\":\"PropertyValueSpecification\",\"valueRequired\":true,\"valueName\":\"search_term_string\"}}],\"inLanguage\":\"pt-PT\"},{\"@type\":\"Organization\",\"@id\":\"https:\/\/rfblegal.co.uk\/#organization\",\"name\":\"RFB Legal\",\"url\":\"https:\/\/rfblegal.co.uk\/\",\"logo\":{\"@type\":\"ImageObject\",\"inLanguage\":\"pt-PT\",\"@id\":\"https:\/\/rfblegal.co.uk\/#\/schema\/logo\/image\/\",\"url\":\"https:\/\/rfblegal.co.uk\/wp-content\/uploads\/2024\/01\/header_company_logo.svg\",\"contentUrl\":\"https:\/\/rfblegal.co.uk\/wp-content\/uploads\/2024\/01\/header_company_logo.svg\",\"caption\":\"RFB Legal\"},\"image\":{\"@id\":\"https:\/\/rfblegal.co.uk\/#\/schema\/logo\/image\/\"},\"sameAs\":[\"https:\/\/www.facebook.com\/RFBLegal\/\",\"https:\/\/www.linkedin.com\/uas\/login?session_redirect=company2012282\",\"https:\/\/www.instagram.com\/rfb_legal\/\"]}]}<\/script>\n<!-- \/ Yoast SEO plugin. -->","yoast_head_json":{"title":"Contencioso de solidariedade social - RFB Legal","description":"Contencioso no dom\u00ednio da benefic\u00eancia As institui\u00e7\u00f5es de benefic\u00eancia, tal como qualquer outra organiza\u00e7\u00e3o comercial, podem deparar-se com quest\u00f5es","robots":{"index":"index","follow":"follow","max-snippet":"max-snippet:-1","max-image-preview":"max-image-preview:large","max-video-preview":"max-video-preview:-1"},"canonical":"https:\/\/rfblegal.co.uk\/pt\/servicos\/direito-comercial\/contencioso-comercial\/litigio-em-materia-de-caridade\/","og_locale":"pt_PT","og_type":"article","og_title":"Charity Litigation - RFB Legal","og_description":"Charity Litigation Charities, just like any other commercial organisation, may come across issues","og_url":"https:\/\/rfblegal.co.uk\/pt\/servicos\/direito-comercial\/contencioso-comercial\/litigio-em-materia-de-caridade\/","og_site_name":"RFB Legal","article_publisher":"https:\/\/www.facebook.com\/RFBLegal\/","article_modified_time":"2025-09-04T18:07:20+00:00","twitter_card":"summary_large_image","twitter_misc":{"Est. reading time":"3 minutos"},"schema":{"@context":"https:\/\/schema.org","@graph":[{"@type":"WebPage","@id":"https:\/\/rfblegal.co.uk\/services\/business-law\/commercial-litigation\/charity-litigation\/","url":"https:\/\/rfblegal.co.uk\/services\/business-law\/commercial-litigation\/charity-litigation\/","name":"Contencioso de solidariedade social - RFB Legal","isPartOf":{"@id":"https:\/\/rfblegal.co.uk\/#website"},"datePublished":"2024-02-21T16:34:10+00:00","dateModified":"2025-09-04T18:07:20+00:00","description":"Contencioso no dom\u00ednio da benefic\u00eancia As institui\u00e7\u00f5es de benefic\u00eancia, tal como qualquer outra organiza\u00e7\u00e3o comercial, podem deparar-se com quest\u00f5es","breadcrumb":{"@id":"https:\/\/rfblegal.co.uk\/services\/business-law\/commercial-litigation\/charity-litigation\/#breadcrumb"},"inLanguage":"pt-PT","potentialAction":[{"@type":"ReadAction","target":["https:\/\/rfblegal.co.uk\/services\/business-law\/commercial-litigation\/charity-litigation\/"]}]},{"@type":"BreadcrumbList","@id":"https:\/\/rfblegal.co.uk\/services\/business-law\/commercial-litigation\/charity-litigation\/#breadcrumb","itemListElement":[{"@type":"ListItem","position":1,"name":"Home","item":"https:\/\/rfblegal.co.uk\/"},{"@type":"ListItem","position":2,"name":"Services","item":"https:\/\/rfblegal.co.uk\/services\/"},{"@type":"ListItem","position":3,"name":"Business Law","item":"https:\/\/rfblegal.co.uk\/services\/business-law\/"},{"@type":"ListItem","position":4,"name":"Commercial Litigation","item":"https:\/\/rfblegal.co.uk\/services\/business-law\/commercial-litigation\/"},{"@type":"ListItem","position":5,"name":"Charity Litigation"}]},{"@type":"WebSite","@id":"https:\/\/rfblegal.co.uk\/#website","url":"https:\/\/rfblegal.co.uk\/","name":"Jur\u00eddico da RFB","description":"","publisher":{"@id":"https:\/\/rfblegal.co.uk\/#organization"},"potentialAction":[{"@type":"SearchAction","target":{"@type":"EntryPoint","urlTemplate":"https:\/\/rfblegal.co.uk\/?s={search_term_string}"},"query-input":{"@type":"PropertyValueSpecification","valueRequired":true,"valueName":"search_term_string"}}],"inLanguage":"pt-PT"},{"@type":"Organization","@id":"https:\/\/rfblegal.co.uk\/#organization","name":"Jur\u00eddico da RFB","url":"https:\/\/rfblegal.co.uk\/","logo":{"@type":"ImageObject","inLanguage":"pt-PT","@id":"https:\/\/rfblegal.co.uk\/#\/schema\/logo\/image\/","url":"https:\/\/rfblegal.co.uk\/wp-content\/uploads\/2024\/01\/header_company_logo.svg","contentUrl":"https:\/\/rfblegal.co.uk\/wp-content\/uploads\/2024\/01\/header_company_logo.svg","caption":"RFB Legal"},"image":{"@id":"https:\/\/rfblegal.co.uk\/#\/schema\/logo\/image\/"},"sameAs":["https:\/\/www.facebook.com\/RFBLegal\/","https:\/\/www.linkedin.com\/uas\/login?session_redirect=company2012282","https:\/\/www.instagram.com\/rfb_legal\/"]}]}},"_links":{"self":[{"href":"https:\/\/rfblegal.co.uk\/pt\/wp-json\/wp\/v2\/pages\/2522","targetHints":{"allow":["GET"]}}],"collection":[{"href":"https:\/\/rfblegal.co.uk\/pt\/wp-json\/wp\/v2\/pages"}],"about":[{"href":"https:\/\/rfblegal.co.uk\/pt\/wp-json\/wp\/v2\/types\/page"}],"author":[{"embeddable":true,"href":"https:\/\/rfblegal.co.uk\/pt\/wp-json\/wp\/v2\/users\/1"}],"replies":[{"embeddable":true,"href":"https:\/\/rfblegal.co.uk\/pt\/wp-json\/wp\/v2\/comments?post=2522"}],"version-history":[{"count":1,"href":"https:\/\/rfblegal.co.uk\/pt\/wp-json\/wp\/v2\/pages\/2522\/revisions"}],"predecessor-version":[{"id":6964,"href":"https:\/\/rfblegal.co.uk\/pt\/wp-json\/wp\/v2\/pages\/2522\/revisions\/6964"}],"up":[{"embeddable":true,"href":"https:\/\/rfblegal.co.uk\/pt\/wp-json\/wp\/v2\/pages\/2502"}],"wp:attachment":[{"href":"https:\/\/rfblegal.co.uk\/pt\/wp-json\/wp\/v2\/media?parent=2522"}],"curies":[{"name":"wp","href":"https:\/\/api.w.org\/{rel}","templated":true}]}}