{"id":2516,"date":"2024-02-21T16:32:18","date_gmt":"2024-02-21T16:32:18","guid":{"rendered":"https:\/\/rfblegal.co.uk\/?page_id=2516"},"modified":"2025-09-04T18:07:17","modified_gmt":"2025-09-04T18:07:17","slug":"resolucao-alternativa-de-litigios-comerciais","status":"publish","type":"page","link":"https:\/\/rfblegal.co.uk\/pt\/servicos\/direito-comercial\/contencioso-comercial\/resolucao-alternativa-de-litigios-comerciais\/","title":{"rendered":"Resolu\u00e7\u00e3o alternativa de lit\u00edgios comerciais"},"content":{"rendered":"<h2 class=\"wp-block-heading has-2-xl-font-size\" style=\"padding-top:var(--wp--preset--spacing--20);padding-bottom:var(--wp--preset--spacing--20);font-style:normal;font-weight:600\">Resolu\u00e7\u00e3o alternativa de lit\u00edgios<\/h2>\n\n\n\n<h4 class=\"wp-block-heading has-lg-font-size\" style=\"padding-top:var(--wp--preset--spacing--20);padding-bottom:var(--wp--preset--spacing--20);font-style:normal;font-weight:500\"><strong>A via litigiosa tradicional para a resolu\u00e7\u00e3o de lit\u00edgios tem muitas vantagens, mas os custos do lit\u00edgio podem ser dispendiosos. Muitas vezes, as pessoas querem adotar uma abordagem comercial e encontrar solu\u00e7\u00f5es em vez de discutir quest\u00f5es jur\u00eddicas espec\u00edficas.<\/strong><\/h4>\n\n\n\n<p style=\"padding-top:var(--wp--preset--spacing--20);padding-bottom:var(--wp--preset--spacing--20)\">A media\u00e7\u00e3o oferece uma alternativa que promete ser r\u00e1pida, econ\u00f3mica e confidencial. Oferecemos servi\u00e7os de media\u00e7\u00e3o comercial tanto a n\u00edvel nacional, a partir dos nossos escrit\u00f3rios de Londres, Manchester e Exeter, como a n\u00edvel internacional. Podemos organizar a media\u00e7\u00e3o nos seus escrit\u00f3rios ou num local totalmente neutro.<\/p>\n\n\n\n<p style=\"padding-top:var(--wp--preset--spacing--20);padding-bottom:var(--wp--preset--spacing--20)\">A equipa de Ronald Fletcher Baker tem experi\u00eancia num vasto leque de lit\u00edgios e tem a capacidade de abordar as quest\u00f5es reais envolvidas e ajudar a chegar a acordos. A nossa equipa disp\u00f5e de dois mediadores qualificados, nomeadamente, o Leading Individual Rudi Ramdarshan e o Advogado Recomendado Ben Frost.&nbsp;<\/p>\n\n\n\n<p style=\"padding-top:var(--wp--preset--spacing--20);padding-bottom:var(--wp--preset--spacing--20)\"><\/p>","protected":false},"excerpt":{"rendered":"<p>Resolu\u00e7\u00e3o alternativa de lit\u00edgios A via litigiosa tradicional para a resolu\u00e7\u00e3o de lit\u00edgios tem muitas vantagens, mas os custos do lit\u00edgio podem ser dispendiosos. Muitas vezes, as pessoas querem adotar uma abordagem comercial e encontrar solu\u00e7\u00f5es em vez de discutir quest\u00f5es jur\u00eddicas espec\u00edficas. A media\u00e7\u00e3o oferece uma alternativa que promete ser r\u00e1pida, econ\u00f3mica e confidencial. Oferecemos media\u00e7\u00e3o comercial ... <a href=\"https:\/\/rfblegal.co.uk\/pt\/servicos\/direito-comercial\/contencioso-comercial\/resolucao-alternativa-de-litigios-comerciais\/\">Continua\u00e7\u00e3o<\/a><\/p>","protected":false},"author":1,"featured_media":2738,"parent":2502,"menu_order":0,"comment_status":"closed","ping_status":"closed","template":"tier3-template.blade.php","meta":{"_acf_changed":false,"om_disable_all_campaigns":false,"_uf_show_specific_survey":0,"_uf_disable_surveys":false,"footnotes":""},"class_list":["post-2516","page","type-page","status-publish","has-post-thumbnail","hentry"],"acf":[],"aioseo_notices":[],"yoast_head":"<!-- This site is optimized with the Yoast SEO plugin v27.2 - https:\/\/yoast.com\/product\/yoast-seo-wordpress\/ -->\n<title>Commercial Alternative Dispute Resolution - RFB Legal<\/title>\n<meta name=\"description\" content=\"Alternative Dispute Resolution The traditional litigation route for resolving disputes has many benefits\" \/>\n<meta name=\"robots\" content=\"index, follow, max-snippet:-1, max-image-preview:large, max-video-preview:-1\" \/>\n<link rel=\"canonical\" href=\"https:\/\/rfblegal.co.uk\/pt\/servicos\/direito-comercial\/contencioso-comercial\/resolucao-alternativa-de-litigios-comerciais\/\" \/>\n<meta property=\"og:locale\" content=\"pt_PT\" \/>\n<meta property=\"og:type\" content=\"article\" \/>\n<meta property=\"og:title\" content=\"Commercial Alternative Dispute Resolution - RFB Legal\" \/>\n<meta property=\"og:description\" content=\"Alternative Dispute Resolution The traditional litigation route for resolving disputes has many benefits\" \/>\n<meta property=\"og:url\" content=\"https:\/\/rfblegal.co.uk\/pt\/servicos\/direito-comercial\/contencioso-comercial\/resolucao-alternativa-de-litigios-comerciais\/\" \/>\n<meta property=\"og:site_name\" content=\"RFB Legal\" \/>\n<meta property=\"article:publisher\" content=\"https:\/\/www.facebook.com\/RFBLegal\/\" \/>\n<meta property=\"article:modified_time\" content=\"2025-09-04T18:07:17+00:00\" \/>\n<meta property=\"og:image\" content=\"https:\/\/rfblegal.co.uk\/wp-content\/uploads\/2024\/02\/Alternative_Dispute_Resolution-1.jpg\" \/>\n\t<meta property=\"og:image:width\" content=\"1440\" \/>\n\t<meta property=\"og:image:height\" content=\"550\" \/>\n\t<meta property=\"og:image:type\" content=\"image\/jpeg\" \/>\n<meta name=\"twitter:card\" content=\"summary_large_image\" \/>\n<meta name=\"twitter:label1\" content=\"Est. reading time\" \/>\n\t<meta name=\"twitter:data1\" content=\"1 minuto\" \/>\n<script type=\"application\/ld+json\" class=\"yoast-schema-graph\">{\"@context\":\"https:\/\/schema.org\",\"@graph\":[{\"@type\":\"WebPage\",\"@id\":\"https:\/\/rfblegal.co.uk\/services\/business-law\/commercial-litigation\/commercial-alternative-dispute-resolution\/\",\"url\":\"https:\/\/rfblegal.co.uk\/services\/business-law\/commercial-litigation\/commercial-alternative-dispute-resolution\/\",\"name\":\"Commercial Alternative Dispute Resolution - RFB Legal\",\"isPartOf\":{\"@id\":\"https:\/\/rfblegal.co.uk\/#website\"},\"primaryImageOfPage\":{\"@id\":\"https:\/\/rfblegal.co.uk\/services\/business-law\/commercial-litigation\/commercial-alternative-dispute-resolution\/#primaryimage\"},\"image\":{\"@id\":\"https:\/\/rfblegal.co.uk\/services\/business-law\/commercial-litigation\/commercial-alternative-dispute-resolution\/#primaryimage\"},\"thumbnailUrl\":\"https:\/\/rfblegal.co.uk\/wp-content\/uploads\/2024\/02\/Alternative_Dispute_Resolution-1.jpg\",\"datePublished\":\"2024-02-21T16:32:18+00:00\",\"dateModified\":\"2025-09-04T18:07:17+00:00\",\"description\":\"Alternative Dispute Resolution The traditional litigation route for resolving disputes has many benefits\",\"breadcrumb\":{\"@id\":\"https:\/\/rfblegal.co.uk\/services\/business-law\/commercial-litigation\/commercial-alternative-dispute-resolution\/#breadcrumb\"},\"inLanguage\":\"pt-PT\",\"potentialAction\":[{\"@type\":\"ReadAction\",\"target\":[\"https:\/\/rfblegal.co.uk\/services\/business-law\/commercial-litigation\/commercial-alternative-dispute-resolution\/\"]}]},{\"@type\":\"ImageObject\",\"inLanguage\":\"pt-PT\",\"@id\":\"https:\/\/rfblegal.co.uk\/services\/business-law\/commercial-litigation\/commercial-alternative-dispute-resolution\/#primaryimage\",\"url\":\"https:\/\/rfblegal.co.uk\/wp-content\/uploads\/2024\/02\/Alternative_Dispute_Resolution-1.jpg\",\"contentUrl\":\"https:\/\/rfblegal.co.uk\/wp-content\/uploads\/2024\/02\/Alternative_Dispute_Resolution-1.jpg\",\"width\":1440,\"height\":550},{\"@type\":\"BreadcrumbList\",\"@id\":\"https:\/\/rfblegal.co.uk\/services\/business-law\/commercial-litigation\/commercial-alternative-dispute-resolution\/#breadcrumb\",\"itemListElement\":[{\"@type\":\"ListItem\",\"position\":1,\"name\":\"Home\",\"item\":\"https:\/\/rfblegal.co.uk\/\"},{\"@type\":\"ListItem\",\"position\":2,\"name\":\"Services\",\"item\":\"https:\/\/rfblegal.co.uk\/services\/\"},{\"@type\":\"ListItem\",\"position\":3,\"name\":\"Business Law\",\"item\":\"https:\/\/rfblegal.co.uk\/services\/business-law\/\"},{\"@type\":\"ListItem\",\"position\":4,\"name\":\"Commercial Litigation\",\"item\":\"https:\/\/rfblegal.co.uk\/services\/business-law\/commercial-litigation\/\"},{\"@type\":\"ListItem\",\"position\":5,\"name\":\"Commercial Alternative Dispute Resolution\"}]},{\"@type\":\"WebSite\",\"@id\":\"https:\/\/rfblegal.co.uk\/#website\",\"url\":\"https:\/\/rfblegal.co.uk\/\",\"name\":\"RFB Legal\",\"description\":\"\",\"publisher\":{\"@id\":\"https:\/\/rfblegal.co.uk\/#organization\"},\"potentialAction\":[{\"@type\":\"SearchAction\",\"target\":{\"@type\":\"EntryPoint\",\"urlTemplate\":\"https:\/\/rfblegal.co.uk\/?s={search_term_string}\"},\"query-input\":{\"@type\":\"PropertyValueSpecification\",\"valueRequired\":true,\"valueName\":\"search_term_string\"}}],\"inLanguage\":\"pt-PT\"},{\"@type\":\"Organization\",\"@id\":\"https:\/\/rfblegal.co.uk\/#organization\",\"name\":\"RFB Legal\",\"url\":\"https:\/\/rfblegal.co.uk\/\",\"logo\":{\"@type\":\"ImageObject\",\"inLanguage\":\"pt-PT\",\"@id\":\"https:\/\/rfblegal.co.uk\/#\/schema\/logo\/image\/\",\"url\":\"https:\/\/rfblegal.co.uk\/wp-content\/uploads\/2024\/01\/header_company_logo.svg\",\"contentUrl\":\"https:\/\/rfblegal.co.uk\/wp-content\/uploads\/2024\/01\/header_company_logo.svg\",\"caption\":\"RFB Legal\"},\"image\":{\"@id\":\"https:\/\/rfblegal.co.uk\/#\/schema\/logo\/image\/\"},\"sameAs\":[\"https:\/\/www.facebook.com\/RFBLegal\/\",\"https:\/\/www.linkedin.com\/uas\/login?session_redirect=company2012282\",\"https:\/\/www.instagram.com\/rfb_legal\/\"]}]}<\/script>\n<!-- \/ Yoast SEO plugin. -->","yoast_head_json":{"title":"Resolu\u00e7\u00e3o Alternativa de Lit\u00edgios Comerciais - RFB Legal","description":"Resolu\u00e7\u00e3o alternativa de lit\u00edgios A via litigiosa tradicional para a resolu\u00e7\u00e3o de lit\u00edgios tem muitas vantagens","robots":{"index":"index","follow":"follow","max-snippet":"max-snippet:-1","max-image-preview":"max-image-preview:large","max-video-preview":"max-video-preview:-1"},"canonical":"https:\/\/rfblegal.co.uk\/pt\/servicos\/direito-comercial\/contencioso-comercial\/resolucao-alternativa-de-litigios-comerciais\/","og_locale":"pt_PT","og_type":"article","og_title":"Commercial Alternative Dispute Resolution - RFB Legal","og_description":"Alternative Dispute Resolution The traditional litigation route for resolving disputes has many benefits","og_url":"https:\/\/rfblegal.co.uk\/pt\/servicos\/direito-comercial\/contencioso-comercial\/resolucao-alternativa-de-litigios-comerciais\/","og_site_name":"RFB Legal","article_publisher":"https:\/\/www.facebook.com\/RFBLegal\/","article_modified_time":"2025-09-04T18:07:17+00:00","og_image":[{"width":1440,"height":550,"url":"https:\/\/rfblegal.co.uk\/wp-content\/uploads\/2024\/02\/Alternative_Dispute_Resolution-1.jpg","type":"image\/jpeg"}],"twitter_card":"summary_large_image","twitter_misc":{"Est. reading time":"1 minuto"},"schema":{"@context":"https:\/\/schema.org","@graph":[{"@type":"WebPage","@id":"https:\/\/rfblegal.co.uk\/services\/business-law\/commercial-litigation\/commercial-alternative-dispute-resolution\/","url":"https:\/\/rfblegal.co.uk\/services\/business-law\/commercial-litigation\/commercial-alternative-dispute-resolution\/","name":"Resolu\u00e7\u00e3o Alternativa de Lit\u00edgios Comerciais - RFB Legal","isPartOf":{"@id":"https:\/\/rfblegal.co.uk\/#website"},"primaryImageOfPage":{"@id":"https:\/\/rfblegal.co.uk\/services\/business-law\/commercial-litigation\/commercial-alternative-dispute-resolution\/#primaryimage"},"image":{"@id":"https:\/\/rfblegal.co.uk\/services\/business-law\/commercial-litigation\/commercial-alternative-dispute-resolution\/#primaryimage"},"thumbnailUrl":"https:\/\/rfblegal.co.uk\/wp-content\/uploads\/2024\/02\/Alternative_Dispute_Resolution-1.jpg","datePublished":"2024-02-21T16:32:18+00:00","dateModified":"2025-09-04T18:07:17+00:00","description":"Resolu\u00e7\u00e3o alternativa de lit\u00edgios A via litigiosa tradicional para a resolu\u00e7\u00e3o de lit\u00edgios tem muitas vantagens","breadcrumb":{"@id":"https:\/\/rfblegal.co.uk\/services\/business-law\/commercial-litigation\/commercial-alternative-dispute-resolution\/#breadcrumb"},"inLanguage":"pt-PT","potentialAction":[{"@type":"ReadAction","target":["https:\/\/rfblegal.co.uk\/services\/business-law\/commercial-litigation\/commercial-alternative-dispute-resolution\/"]}]},{"@type":"ImageObject","inLanguage":"pt-PT","@id":"https:\/\/rfblegal.co.uk\/services\/business-law\/commercial-litigation\/commercial-alternative-dispute-resolution\/#primaryimage","url":"https:\/\/rfblegal.co.uk\/wp-content\/uploads\/2024\/02\/Alternative_Dispute_Resolution-1.jpg","contentUrl":"https:\/\/rfblegal.co.uk\/wp-content\/uploads\/2024\/02\/Alternative_Dispute_Resolution-1.jpg","width":1440,"height":550},{"@type":"BreadcrumbList","@id":"https:\/\/rfblegal.co.uk\/services\/business-law\/commercial-litigation\/commercial-alternative-dispute-resolution\/#breadcrumb","itemListElement":[{"@type":"ListItem","position":1,"name":"Home","item":"https:\/\/rfblegal.co.uk\/"},{"@type":"ListItem","position":2,"name":"Services","item":"https:\/\/rfblegal.co.uk\/services\/"},{"@type":"ListItem","position":3,"name":"Business Law","item":"https:\/\/rfblegal.co.uk\/services\/business-law\/"},{"@type":"ListItem","position":4,"name":"Commercial Litigation","item":"https:\/\/rfblegal.co.uk\/services\/business-law\/commercial-litigation\/"},{"@type":"ListItem","position":5,"name":"Commercial Alternative Dispute Resolution"}]},{"@type":"WebSite","@id":"https:\/\/rfblegal.co.uk\/#website","url":"https:\/\/rfblegal.co.uk\/","name":"Jur\u00eddico da RFB","description":"","publisher":{"@id":"https:\/\/rfblegal.co.uk\/#organization"},"potentialAction":[{"@type":"SearchAction","target":{"@type":"EntryPoint","urlTemplate":"https:\/\/rfblegal.co.uk\/?s={search_term_string}"},"query-input":{"@type":"PropertyValueSpecification","valueRequired":true,"valueName":"search_term_string"}}],"inLanguage":"pt-PT"},{"@type":"Organization","@id":"https:\/\/rfblegal.co.uk\/#organization","name":"Jur\u00eddico da RFB","url":"https:\/\/rfblegal.co.uk\/","logo":{"@type":"ImageObject","inLanguage":"pt-PT","@id":"https:\/\/rfblegal.co.uk\/#\/schema\/logo\/image\/","url":"https:\/\/rfblegal.co.uk\/wp-content\/uploads\/2024\/01\/header_company_logo.svg","contentUrl":"https:\/\/rfblegal.co.uk\/wp-content\/uploads\/2024\/01\/header_company_logo.svg","caption":"RFB Legal"},"image":{"@id":"https:\/\/rfblegal.co.uk\/#\/schema\/logo\/image\/"},"sameAs":["https:\/\/www.facebook.com\/RFBLegal\/","https:\/\/www.linkedin.com\/uas\/login?session_redirect=company2012282","https:\/\/www.instagram.com\/rfb_legal\/"]}]}},"_links":{"self":[{"href":"https:\/\/rfblegal.co.uk\/pt\/wp-json\/wp\/v2\/pages\/2516","targetHints":{"allow":["GET"]}}],"collection":[{"href":"https:\/\/rfblegal.co.uk\/pt\/wp-json\/wp\/v2\/pages"}],"about":[{"href":"https:\/\/rfblegal.co.uk\/pt\/wp-json\/wp\/v2\/types\/page"}],"author":[{"embeddable":true,"href":"https:\/\/rfblegal.co.uk\/pt\/wp-json\/wp\/v2\/users\/1"}],"replies":[{"embeddable":true,"href":"https:\/\/rfblegal.co.uk\/pt\/wp-json\/wp\/v2\/comments?post=2516"}],"version-history":[{"count":1,"href":"https:\/\/rfblegal.co.uk\/pt\/wp-json\/wp\/v2\/pages\/2516\/revisions"}],"predecessor-version":[{"id":6965,"href":"https:\/\/rfblegal.co.uk\/pt\/wp-json\/wp\/v2\/pages\/2516\/revisions\/6965"}],"up":[{"embeddable":true,"href":"https:\/\/rfblegal.co.uk\/pt\/wp-json\/wp\/v2\/pages\/2502"}],"wp:featuredmedia":[{"embeddable":true,"href":"https:\/\/rfblegal.co.uk\/pt\/wp-json\/wp\/v2\/media\/2738"}],"wp:attachment":[{"href":"https:\/\/rfblegal.co.uk\/pt\/wp-json\/wp\/v2\/media?parent=2516"}],"curies":[{"name":"wp","href":"https:\/\/api.w.org\/{rel}","templated":true}]}}