{"id":2502,"date":"2024-02-21T16:22:10","date_gmt":"2024-02-21T16:22:10","guid":{"rendered":"https:\/\/rfblegal.co.uk\/?page_id=2502"},"modified":"2026-04-22T10:04:17","modified_gmt":"2026-04-22T10:04:17","slug":"contencioso-comercial","status":"publish","type":"page","link":"https:\/\/rfblegal.co.uk\/pt\/servicos\/direito-comercial\/contencioso-comercial\/","title":{"rendered":"Contencioso comercial"},"content":{"rendered":"<h2 class=\"wp-block-heading\">Contencioso comercial<\/h2>\n\n\n\n<p>Na Ronald Fletcher Baker LLP, os nossos <strong>Equipa de contencioso comercial<\/strong> \u00e9 conhecido por resolver problemas complexos <strong>lit\u00edgios comerciais<\/strong> com clareza, agilidade e excel\u00eancia t\u00e9cnica. Quer actuemos para empresas multinacionais, PMEs ou clientes privados, oferecemos apoio estrat\u00e9gico em todas as fases do ciclo de vida do lit\u00edgio - desde o aconselhamento pr\u00e9-a\u00e7\u00e3o at\u00e9 ao julgamento e recurso. Os nossos advogados de contencioso comercial s\u00e3o frequentemente solicitados numa grande variedade de <strong>lit\u00edgios comerciais<\/strong>, incluindo <strong>lit\u00edgios contratuais<\/strong>, <strong>lit\u00edgios entre acionistas<\/strong>, e <strong>lit\u00edgios de parceria<\/strong>, Todos eles exigem precis\u00e3o jur\u00eddica e compreens\u00e3o comercial.&nbsp;<\/p>\n\n\n\n<p>Compreendemos que <strong>lit\u00edgios jur\u00eddicos<\/strong> podem ser prejudiciais para as suas opera\u00e7\u00f5es comerciais e reputa\u00e7\u00e3o. \u00c9 por isso que o nosso objetivo \u00e9 sempre resolver os assuntos de forma r\u00e1pida e eficiente, quer atrav\u00e9s de uma negocia\u00e7\u00e3o s\u00f3lida, quer, quando necess\u00e1rio, atrav\u00e9s de uma a\u00e7\u00e3o decisiva <strong>a\u00e7\u00e3o judicial<\/strong>. Os nossos clientes confiam em n\u00f3s para um aconselhamento t\u00e1tico e com vis\u00e3o de futuro que reduz os riscos e procura o melhor resultado poss\u00edvel.&nbsp;<\/p>\n\n\n\n<p>Temos experi\u00eancia na resolu\u00e7\u00e3o de quest\u00f5es atrav\u00e9s de <strong>Resolu\u00e7\u00e3o alternativa de lit\u00edgios<\/strong>, incluindo a media\u00e7\u00e3o e a arbitragem, sempre que tais vias correspondam melhor aos objectivos dos nossos clientes. Estes m\u00e9todos oferecem frequentemente solu\u00e7\u00f5es mais r\u00e1pidas e econ\u00f3micas, preservando simultaneamente as rela\u00e7\u00f5es comerciais.&nbsp;<\/p>\n\n\n\n<p>Para al\u00e9m do contencioso comercial geral, actuamos regularmente em \u00e1reas especializadas, tais como <strong>neglig\u00eancia profissional<\/strong>, <strong>insolv\u00eancia<\/strong>, <strong>injun\u00e7\u00f5es de urg\u00eancia<\/strong>, <strong>cr\u00e9ditos colectivos<\/strong>, e <strong>controlo jurisdicional<\/strong>. A nossa for\u00e7a reside na compreens\u00e3o do contexto comercial mais amplo, o que nos permite obter resultados que apoiam os objectivos estrat\u00e9gicos dos nossos clientes - e n\u00e3o apenas vit\u00f3rias legais.&nbsp;<\/p>\n\n\n\n<p>O legado da nossa empresa em <strong>contencioso comercial<\/strong> abrange mais de 75 anos. Constru\u00edmos a nossa reputa\u00e7\u00e3o com base na excel\u00eancia t\u00e9cnica, dedica\u00e7\u00e3o ao cliente e resultados que falam por si. Quer esteja a enfrentar um lit\u00edgio sobre contratos comerciais, quest\u00f5es de governa\u00e7\u00e3o interna ou amea\u00e7as \u00e0 sua reputa\u00e7\u00e3o, a RFB Legal \u00e9 o seu parceiro de confian\u00e7a em lit\u00edgios, oferecendo solu\u00e7\u00f5es jur\u00eddicas \u00e0 medida do seu neg\u00f3cio.&nbsp;<\/p>\n\n\n\n<p><strong>O nosso departamento de Contencioso Comercial, \u2018excecionalmente talentoso\u2019 e \u2018\u00e1gil e estrat\u00e9gico\u2019, tem um historial estabelecido de sucesso mesmo nos casos mais complexos. O contencioso tem sido um dos focos da firma desde a sua cria\u00e7\u00e3o em 1948, e a nossa equipa altamente experiente \u00e9 amplamente reconhecida pela sua compet\u00eancia nesta \u00e1rea.<\/strong>&nbsp;<\/p>\n\n\n\n<p>Compreendemos que os riscos podem ser elevados em qualquer lit\u00edgio comercial. A nossa equipa tem experi\u00eancia em fornecer solu\u00e7\u00f5es inteligentes e t\u00e1cticas que nos permitem resolver os lit\u00edgios o mais rapidamente poss\u00edvel, assegurando simultaneamente que os interesses dos nossos clientes est\u00e3o sempre protegidos.&nbsp;<\/p>\n\n\n\n<p>Representamos indiv\u00edduos, institui\u00e7\u00f5es e empresas em todas as fases do contencioso e em processos alternativos. <a href=\"https:\/\/rfblegal.co.uk\/pt\/servicos\/direito-comercial\/litigio-imobiliario-atividade\/propriedade-comercial-resolucao-alternativa-de-litigios\/\" target=\"_blank\" rel=\"noreferrer noopener\">resolu\u00e7\u00e3o de lit\u00edgios<\/a>. O nosso trabalho envolve frequentemente a atua\u00e7\u00e3o em lit\u00edgios comerciais e empresariais de elevada qualidade, muitos deles com um elemento transfronteiri\u00e7o ou multijurisdicional.&nbsp;<\/p>\n\n\n\n<p>A nossa equipa possui conhecimentos t\u00e9cnicos inigual\u00e1veis, vis\u00e3o estrat\u00e9gica e experi\u00eancia pr\u00e1tica na condu\u00e7\u00e3o de lit\u00edgios complexos a todos os n\u00edveis. Somos frequentemente instru\u00eddos em lit\u00edgios e lit\u00edgios relacionados com contratos, acordos de acionistas e de parceria, insolv\u00eancia e ac\u00e7\u00f5es colectivas\/ac\u00e7\u00f5es colectivas. Tamb\u00e9m podemos aconselhar em \u00e1reas especializadas, tais como lit\u00edgios no dom\u00ednio do ensino superior, lit\u00edgios no dom\u00ednio do direito da arte, lit\u00edgios no dom\u00ednio da caridade, processos de revis\u00e3o judicial e san\u00e7\u00f5es internacionais.&nbsp;<\/p>\n\n\n\n<p>Trabalhamos em colabora\u00e7\u00e3o com os nossos clientes para proporcionar uma abordagem personalizada, com \u00eanfase na identifica\u00e7\u00e3o de quest\u00f5es-chave numa fase inicial. Orgulhamo-nos de conceber e implementar solu\u00e7\u00f5es estrat\u00e9gicas, mas pragm\u00e1ticas, para atingir os objectivos dos nossos clientes e chegar a uma conclus\u00e3o r\u00e1pida de qualquer lit\u00edgio.&nbsp;<\/p>\n\n\n\n<p><strong><em>Resolu\u00e7\u00e3o de lit\u00edgios comerciais complexos com precis\u00e3o estrat\u00e9gica<\/em><\/strong>&nbsp;<\/p>\n\n\n\n<p style=\"padding-top:var(--wp--preset--spacing--20);padding-bottom:var(--wp--preset--spacing--20)\">\t\t\t\t\t\t<style>\r\n\t\t\t\t<style>\r\n#wpsm_accordion_3103 .wpsm_panel-heading{\r\n\tpadding:0px !important;\r\n}\r\n#wpsm_accordion_3103 .wpsm_panel-title {\r\n\tmargin:0px !important; \r\n\ttext-transform:none !important;\r\n\tline-height: 1 !important;\r\n}\r\n#wpsm_accordion_3103 .wpsm_panel-title a{\r\n\ttext-decoration:none;\r\n\toverflow:hidden;\r\n\tdisplay:block;\r\n\tpadding:0px;\r\n\tfont-size: 18px !important;\r\n\tfont-family: Open Sans !important;\r\n\tcolor:#000000 !important;\r\n\tborder-bottom:0px !important;\r\n}\r\n\r\n#wpsm_accordion_3103 .wpsm_panel-title a:focus {\r\noutline: 0px !important;\r\n}\r\n\r\n#wpsm_accordion_3103 .wpsm_panel-title a:hover, #wpsm_accordion_3103 .wpsm_panel-title a:focus {\r\n\tcolor:#000000 !important;\r\n}\r\n#wpsm_accordion_3103 .acc-a{\r\n\tcolor: #000000 !important;\r\n\tbackground-color:#e8e8e8 !important;\r\n\tborder-color: #ddd;\r\n}\r\n#wpsm_accordion_3103 .wpsm_panel-default > .wpsm_panel-heading{\r\n\tcolor: #000000 !important;\r\n\tbackground-color: #e8e8e8 !important;\r\n\tborder-color: #e8e8e8 !important;\r\n\tborder-top-left-radius: 0px;\r\n\tborder-top-right-radius: 0px;\r\n}\r\n#wpsm_accordion_3103 .wpsm_panel-default {\r\n\t\tborder:1px solid transparent !important;\r\n\t}\r\n#wpsm_accordion_3103 {\r\n\tmargin-bottom: 20px;\r\n\toverflow: hidden;\r\n\tfloat: none;\r\n\twidth: 100%;\r\n\tdisplay: block;\r\n}\r\n#wpsm_accordion_3103 .ac_title_class{\r\n\tdisplay: block;\r\n\tpadding-top: 12px;\r\n\tpadding-bottom: 12px;\r\n\tpadding-left: 15px;\r\n\tpadding-right: 15px;\r\n}\r\n#wpsm_accordion_3103  .wpsm_panel {\r\n\toverflow:hidden;\r\n\t-webkit-box-shadow: 0 0px 0px rgba(0, 0, 0, .05);\r\n\tbox-shadow: 0 0px 0px rgba(0, 0, 0, .05);\r\n\t\tborder-radius: 4px;\r\n\t}\r\n#wpsm_accordion_3103  .wpsm_panel + .wpsm_panel {\r\n\t\tmargin-top: 5px;\r\n\t}\r\n#wpsm_accordion_3103  .wpsm_panel-body{\r\n\tbackground-color:#ffffff !important;\r\n\tcolor:#000000 !important;\r\n\tborder-top-color: #e8e8e8 !important;\r\n\tfont-size:16px !important;\r\n\tfont-family: Open Sans !important;\r\n\toverflow: hidden;\r\n\t\tborder: 2px solid #e8e8e8 !important;\r\n\t}\r\n\r\n#wpsm_accordion_3103 .ac_open_cl_icon{\r\n\tbackground-color:#e8e8e8 !important;\r\n\tcolor: #000000 !important;\r\n\tfloat:right !important;\r\n\tpadding-top: 12px !important;\r\n\tpadding-bottom: 12px !important;\r\n\tline-height: 1.0 !important;\r\n\tpadding-left: 15px !important;\r\n\tpadding-right: 15px !important;\r\n\tdisplay: inline-block !important;\r\n}\r\n\r\n\t\t\t\r\n\t\t\t<\/style>\t\r\n\t\t\t<\/style>\r\n\t\t\t<div class=\"wpsm_panel-group\" id=\"wpsm_accordion_3103\" >\r\n\t\t\t\t\t\t\t\t\r\n\t\t\t\t\t<!-- Inner panel Start -->\r\n\t\t\t\t\t<div class=\"wpsm_panel wpsm_panel-default\">\r\n\t\t\t\t\t\t<div class=\"wpsm_panel-heading\" role=\"tab\" >\r\n\t\t\t\t\t\t  <h4 class=\"wpsm_panel-title\">\r\n\t\t\t\t\t\t\t<a  class=\"\"  data-toggle=\"collapse\" data-parent=\"#wpsm_accordion_3103 \" href=\"javascript:void(0)\" data-target=\"#ac_3103_collapse1\" onclick=\"do_resize()\">\r\n\t\t\t\t\t\t\t\t\t\t\t\t\t\t\t\t\t<span class=\"ac_open_cl_icon fa fa-minus\"><\/span>\r\n\t\t\t\t\t\t\t\t\t\r\n\t\t\t\t\t\t\t\t \r\n\t\t\t\t\t\t\t\t<span class=\"ac_title_class\">\r\n\t\t\t\t\t\t\t\t\tEXPERI\u00caNCIA :\t\t\t\t\t\t\t\t<\/span>\r\n\t\t\t\t\t\t\t<\/a>\r\n\t\t\t\t\t\t  <\/h4>\r\n\t\t\t\t\t\t<\/div>\r\n\t\t\t\t\t\t<div id=\"ac_3103_collapse1\" class=\"wpsm_panel-collapse collapse in\"  >\r\n\t\t\t\t\t\t  <div class=\"wpsm_panel-body\">\r\n\t\t\t\t\t\t\t<ul>\r\n \t<li>- Resolu\u00e7\u00e3o alternativa de lit\u00edgios<\/li>\r\n \t<li>- Lit\u00edgios em mat\u00e9ria de direito da arte<\/li>\r\n \t<li>- Recupera\u00e7\u00e3o de activos<\/li>\r\n \t<li>- Contencioso caritativo<\/li>\r\n \t<li>- Ac\u00e7\u00f5es colectivas\/reclama\u00e7\u00f5es colectivas<\/li>\r\n \t<li>- Lit\u00edgios contratuais<\/li>\r\n \t<li>- Recupera\u00e7\u00e3o de d\u00edvidas<\/li>\r\n \t<li>- Injun\u00e7\u00f5es de emerg\u00eancia<\/li>\r\n \t<li>- San\u00e7\u00f5es internacionais<\/li>\r\n \t<li>- Controlo judicial<\/li>\r\n \t<li>- Lit\u00edgios entre acionistas e sociedades<\/li>\r\n \t<li><a href=\"https:\/\/rfblegal.co.uk\/index.php\/litigation\/commercial-litigation\/insolvency\">- Insolv\u00eancia<\/a><\/li>\r\n \t<li><a href=\"https:\/\/rfblegal.co.uk\/index.php\/litigation\/commercial-litigation\/energy-utilities-litigation\">- Contencioso de energia e servi\u00e7os p\u00fablicos<\/a><\/li>\r\n \t<li><a href=\"https:\/\/rfblegal.co.uk\/index.php\/litigation\/commercial-litigation\/alternative-dispute-resolution\">- Resolu\u00e7\u00e3o alternativa de lit\u00edgios<\/a><\/li>\r\n \t<li><a href=\"https:\/\/rfblegal.co.uk\/index.php\/litigation\/commercial-litigation\/copyright-media-ip\">- Direitos de autor, meios de comunica\u00e7\u00e3o e propriedade intelectual<\/a><\/li>\r\n \t<li><a href=\"https:\/\/rfblegal.co.uk\/index.php\/litigation\/commercial-litigation\/charity-litigation\">- Contencioso caritativo<\/a><\/li>\r\n<\/ul>\t\t\t\t\t\t  <\/div>\r\n\t\t\t\t\t\t<\/div>\r\n\t\t\t\t\t<\/div>\r\n\t\t\t\t\t<!-- Inner panel End -->\r\n\t\t\t\t\t\r\n\t\t\t\t\t\t\t<\/div>\r\n\t\t\t\r\n<script type=\"text\/javascript\">\r\n\t\r\n\t\tfunction do_resize(){\r\n\r\n\t\t\tvar width=jQuery( '.wpsm_panel .wpsm_panel-body iframe' ).width();\r\n\t\t\tvar height=jQuery( '.wpsm_panel .wpsm_panel-body iframe' ).height();\r\n\r\n\t\t\tvar toggleSize = true;\r\n\t\t\tjQuery('iframe').animate({\r\n\t\t\t    width: toggleSize ? width : 640,\r\n\t\t\t    height: toggleSize ? height : 360\r\n\t\t\t  }, 250);\r\n\r\n\t\t\t  toggleSize = !toggleSize;\r\n\t\t}\r\n\t\t\r\n<\/script>\t<\/p>","protected":false},"excerpt":{"rendered":"<p>Contencioso comercial Na Ronald Fletcher Baker LLP, a nossa equipa de Contencioso Comercial \u00e9 conhecida por resolver lit\u00edgios comerciais complexos com clareza, agilidade e excel\u00eancia t\u00e9cnica. Seja para empresas multinacionais, PMEs ou clientes privados, oferecemos apoio estrat\u00e9gico em todas as fases do ciclo de vida do lit\u00edgio - desde o aconselhamento pr\u00e9-a\u00e7\u00e3o at\u00e9 ao julgamento e recurso. Os nossos advogados de contencioso comercial s\u00e3o frequentemente ... <a href=\"https:\/\/rfblegal.co.uk\/pt\/?p=3103\">Continua\u00e7\u00e3o<\/a><\/p>","protected":false},"author":1,"featured_media":3404,"parent":429,"menu_order":0,"comment_status":"closed","ping_status":"closed","template":"tier2-template.blade.php","meta":{"_acf_changed":false,"om_disable_all_campaigns":false,"_uf_show_specific_survey":0,"_uf_disable_surveys":false,"footnotes":""},"class_list":["post-2502","page","type-page","status-publish","has-post-thumbnail","hentry"],"acf":[],"aioseo_notices":[],"yoast_head":"<!-- This site is optimized with the Yoast SEO plugin v27.2 - https:\/\/yoast.com\/product\/yoast-seo-wordpress\/ -->\n<title>Commercial Litigation - RFB Legal<\/title>\n<meta name=\"description\" content=\"Commercial Litigation At Ronald Fletcher Baker LLP, our Commercial Litigation team is known for resolving complex business disputes with clarity, agility,\" \/>\n<meta name=\"robots\" content=\"index, follow, max-snippet:-1, max-image-preview:large, max-video-preview:-1\" \/>\n<link rel=\"canonical\" href=\"https:\/\/rfblegal.co.uk\/pt\/servicos\/direito-comercial\/contencioso-comercial\/\" \/>\n<meta property=\"og:locale\" content=\"pt_PT\" \/>\n<meta property=\"og:type\" content=\"article\" \/>\n<meta property=\"og:title\" content=\"Commercial Litigation - RFB Legal\" \/>\n<meta property=\"og:description\" content=\"Commercial Litigation At Ronald Fletcher Baker LLP, our Commercial Litigation team is known for resolving complex business disputes with clarity, agility,\" \/>\n<meta property=\"og:url\" content=\"https:\/\/rfblegal.co.uk\/pt\/servicos\/direito-comercial\/contencioso-comercial\/\" \/>\n<meta property=\"og:site_name\" content=\"RFB Legal\" \/>\n<meta property=\"article:publisher\" content=\"https:\/\/www.facebook.com\/RFBLegal\/\" \/>\n<meta property=\"article:modified_time\" content=\"2026-04-22T10:04:17+00:00\" \/>\n<meta property=\"og:image\" content=\"https:\/\/rfblegal.co.uk\/wp-content\/uploads\/2024\/02\/Screenshot-2024-02-27-at-10.57.28-1024x574.png\" \/>\n\t<meta property=\"og:image:width\" content=\"1024\" \/>\n\t<meta property=\"og:image:height\" content=\"574\" \/>\n\t<meta property=\"og:image:type\" content=\"image\/png\" \/>\n<meta name=\"twitter:card\" content=\"summary_large_image\" \/>\n<meta name=\"twitter:label1\" content=\"Est. reading time\" \/>\n\t<meta name=\"twitter:data1\" content=\"3 minutos\" \/>\n<script type=\"application\/ld+json\" class=\"yoast-schema-graph\">{\"@context\":\"https:\/\/schema.org\",\"@graph\":[{\"@type\":\"WebPage\",\"@id\":\"https:\/\/rfblegal.co.uk\/services\/business-law\/commercial-litigation\/\",\"url\":\"https:\/\/rfblegal.co.uk\/services\/business-law\/commercial-litigation\/\",\"name\":\"Commercial Litigation - RFB Legal\",\"isPartOf\":{\"@id\":\"https:\/\/rfblegal.co.uk\/#website\"},\"primaryImageOfPage\":{\"@id\":\"https:\/\/rfblegal.co.uk\/services\/business-law\/commercial-litigation\/#primaryimage\"},\"image\":{\"@id\":\"https:\/\/rfblegal.co.uk\/services\/business-law\/commercial-litigation\/#primaryimage\"},\"thumbnailUrl\":\"https:\/\/rfblegal.co.uk\/wp-content\/uploads\/2024\/02\/Screenshot-2024-02-27-at-10.57.28.png\",\"datePublished\":\"2024-02-21T16:22:10+00:00\",\"dateModified\":\"2026-04-22T10:04:17+00:00\",\"description\":\"Commercial Litigation At Ronald Fletcher Baker LLP, our Commercial Litigation team is known for resolving complex business disputes with clarity, agility,\",\"breadcrumb\":{\"@id\":\"https:\/\/rfblegal.co.uk\/services\/business-law\/commercial-litigation\/#breadcrumb\"},\"inLanguage\":\"pt-PT\",\"potentialAction\":[{\"@type\":\"ReadAction\",\"target\":[\"https:\/\/rfblegal.co.uk\/services\/business-law\/commercial-litigation\/\"]}]},{\"@type\":\"ImageObject\",\"inLanguage\":\"pt-PT\",\"@id\":\"https:\/\/rfblegal.co.uk\/services\/business-law\/commercial-litigation\/#primaryimage\",\"url\":\"https:\/\/rfblegal.co.uk\/wp-content\/uploads\/2024\/02\/Screenshot-2024-02-27-at-10.57.28.png\",\"contentUrl\":\"https:\/\/rfblegal.co.uk\/wp-content\/uploads\/2024\/02\/Screenshot-2024-02-27-at-10.57.28.png\",\"width\":2120,\"height\":1188},{\"@type\":\"BreadcrumbList\",\"@id\":\"https:\/\/rfblegal.co.uk\/services\/business-law\/commercial-litigation\/#breadcrumb\",\"itemListElement\":[{\"@type\":\"ListItem\",\"position\":1,\"name\":\"Home\",\"item\":\"https:\/\/rfblegal.co.uk\/\"},{\"@type\":\"ListItem\",\"position\":2,\"name\":\"Services\",\"item\":\"https:\/\/rfblegal.co.uk\/services\/\"},{\"@type\":\"ListItem\",\"position\":3,\"name\":\"Business Law\",\"item\":\"https:\/\/rfblegal.co.uk\/services\/business-law\/\"},{\"@type\":\"ListItem\",\"position\":4,\"name\":\"Commercial Litigation\"}]},{\"@type\":\"WebSite\",\"@id\":\"https:\/\/rfblegal.co.uk\/#website\",\"url\":\"https:\/\/rfblegal.co.uk\/\",\"name\":\"RFB Legal\",\"description\":\"\",\"publisher\":{\"@id\":\"https:\/\/rfblegal.co.uk\/#organization\"},\"potentialAction\":[{\"@type\":\"SearchAction\",\"target\":{\"@type\":\"EntryPoint\",\"urlTemplate\":\"https:\/\/rfblegal.co.uk\/?s={search_term_string}\"},\"query-input\":{\"@type\":\"PropertyValueSpecification\",\"valueRequired\":true,\"valueName\":\"search_term_string\"}}],\"inLanguage\":\"pt-PT\"},{\"@type\":\"Organization\",\"@id\":\"https:\/\/rfblegal.co.uk\/#organization\",\"name\":\"RFB Legal\",\"url\":\"https:\/\/rfblegal.co.uk\/\",\"logo\":{\"@type\":\"ImageObject\",\"inLanguage\":\"pt-PT\",\"@id\":\"https:\/\/rfblegal.co.uk\/#\/schema\/logo\/image\/\",\"url\":\"https:\/\/rfblegal.co.uk\/wp-content\/uploads\/2024\/01\/header_company_logo.svg\",\"contentUrl\":\"https:\/\/rfblegal.co.uk\/wp-content\/uploads\/2024\/01\/header_company_logo.svg\",\"caption\":\"RFB Legal\"},\"image\":{\"@id\":\"https:\/\/rfblegal.co.uk\/#\/schema\/logo\/image\/\"},\"sameAs\":[\"https:\/\/www.facebook.com\/RFBLegal\/\",\"https:\/\/www.linkedin.com\/uas\/login?session_redirect=company2012282\",\"https:\/\/www.instagram.com\/rfb_legal\/\"]}]}<\/script>\n<!-- \/ Yoast SEO plugin. -->","yoast_head_json":{"title":"Contencioso Comercial - RFB Legal","description":"Contencioso comercial Na Ronald Fletcher Baker LLP, a nossa equipa de Contencioso Comercial \u00e9 conhecida por resolver lit\u00edgios comerciais complexos com clareza e agilidade,","robots":{"index":"index","follow":"follow","max-snippet":"max-snippet:-1","max-image-preview":"max-image-preview:large","max-video-preview":"max-video-preview:-1"},"canonical":"https:\/\/rfblegal.co.uk\/pt\/servicos\/direito-comercial\/contencioso-comercial\/","og_locale":"pt_PT","og_type":"article","og_title":"Commercial Litigation - RFB Legal","og_description":"Commercial Litigation At Ronald Fletcher Baker LLP, our Commercial Litigation team is known for resolving complex business disputes with clarity, agility,","og_url":"https:\/\/rfblegal.co.uk\/pt\/servicos\/direito-comercial\/contencioso-comercial\/","og_site_name":"RFB Legal","article_publisher":"https:\/\/www.facebook.com\/RFBLegal\/","article_modified_time":"2026-04-22T10:04:17+00:00","og_image":[{"width":1024,"height":574,"url":"https:\/\/rfblegal.co.uk\/wp-content\/uploads\/2024\/02\/Screenshot-2024-02-27-at-10.57.28-1024x574.png","type":"image\/png"}],"twitter_card":"summary_large_image","twitter_misc":{"Est. reading time":"3 minutos"},"schema":{"@context":"https:\/\/schema.org","@graph":[{"@type":"WebPage","@id":"https:\/\/rfblegal.co.uk\/services\/business-law\/commercial-litigation\/","url":"https:\/\/rfblegal.co.uk\/services\/business-law\/commercial-litigation\/","name":"Contencioso Comercial - RFB Legal","isPartOf":{"@id":"https:\/\/rfblegal.co.uk\/#website"},"primaryImageOfPage":{"@id":"https:\/\/rfblegal.co.uk\/services\/business-law\/commercial-litigation\/#primaryimage"},"image":{"@id":"https:\/\/rfblegal.co.uk\/services\/business-law\/commercial-litigation\/#primaryimage"},"thumbnailUrl":"https:\/\/rfblegal.co.uk\/wp-content\/uploads\/2024\/02\/Screenshot-2024-02-27-at-10.57.28.png","datePublished":"2024-02-21T16:22:10+00:00","dateModified":"2026-04-22T10:04:17+00:00","description":"Contencioso comercial Na Ronald Fletcher Baker LLP, a nossa equipa de Contencioso Comercial \u00e9 conhecida por resolver lit\u00edgios comerciais complexos com clareza e agilidade,","breadcrumb":{"@id":"https:\/\/rfblegal.co.uk\/services\/business-law\/commercial-litigation\/#breadcrumb"},"inLanguage":"pt-PT","potentialAction":[{"@type":"ReadAction","target":["https:\/\/rfblegal.co.uk\/services\/business-law\/commercial-litigation\/"]}]},{"@type":"ImageObject","inLanguage":"pt-PT","@id":"https:\/\/rfblegal.co.uk\/services\/business-law\/commercial-litigation\/#primaryimage","url":"https:\/\/rfblegal.co.uk\/wp-content\/uploads\/2024\/02\/Screenshot-2024-02-27-at-10.57.28.png","contentUrl":"https:\/\/rfblegal.co.uk\/wp-content\/uploads\/2024\/02\/Screenshot-2024-02-27-at-10.57.28.png","width":2120,"height":1188},{"@type":"BreadcrumbList","@id":"https:\/\/rfblegal.co.uk\/services\/business-law\/commercial-litigation\/#breadcrumb","itemListElement":[{"@type":"ListItem","position":1,"name":"Home","item":"https:\/\/rfblegal.co.uk\/"},{"@type":"ListItem","position":2,"name":"Services","item":"https:\/\/rfblegal.co.uk\/services\/"},{"@type":"ListItem","position":3,"name":"Business Law","item":"https:\/\/rfblegal.co.uk\/services\/business-law\/"},{"@type":"ListItem","position":4,"name":"Commercial Litigation"}]},{"@type":"WebSite","@id":"https:\/\/rfblegal.co.uk\/#website","url":"https:\/\/rfblegal.co.uk\/","name":"Jur\u00eddico da RFB","description":"","publisher":{"@id":"https:\/\/rfblegal.co.uk\/#organization"},"potentialAction":[{"@type":"SearchAction","target":{"@type":"EntryPoint","urlTemplate":"https:\/\/rfblegal.co.uk\/?s={search_term_string}"},"query-input":{"@type":"PropertyValueSpecification","valueRequired":true,"valueName":"search_term_string"}}],"inLanguage":"pt-PT"},{"@type":"Organization","@id":"https:\/\/rfblegal.co.uk\/#organization","name":"Jur\u00eddico da RFB","url":"https:\/\/rfblegal.co.uk\/","logo":{"@type":"ImageObject","inLanguage":"pt-PT","@id":"https:\/\/rfblegal.co.uk\/#\/schema\/logo\/image\/","url":"https:\/\/rfblegal.co.uk\/wp-content\/uploads\/2024\/01\/header_company_logo.svg","contentUrl":"https:\/\/rfblegal.co.uk\/wp-content\/uploads\/2024\/01\/header_company_logo.svg","caption":"RFB Legal"},"image":{"@id":"https:\/\/rfblegal.co.uk\/#\/schema\/logo\/image\/"},"sameAs":["https:\/\/www.facebook.com\/RFBLegal\/","https:\/\/www.linkedin.com\/uas\/login?session_redirect=company2012282","https:\/\/www.instagram.com\/rfb_legal\/"]}]}},"_links":{"self":[{"href":"https:\/\/rfblegal.co.uk\/pt\/wp-json\/wp\/v2\/pages\/2502","targetHints":{"allow":["GET"]}}],"collection":[{"href":"https:\/\/rfblegal.co.uk\/pt\/wp-json\/wp\/v2\/pages"}],"about":[{"href":"https:\/\/rfblegal.co.uk\/pt\/wp-json\/wp\/v2\/types\/page"}],"author":[{"embeddable":true,"href":"https:\/\/rfblegal.co.uk\/pt\/wp-json\/wp\/v2\/users\/1"}],"replies":[{"embeddable":true,"href":"https:\/\/rfblegal.co.uk\/pt\/wp-json\/wp\/v2\/comments?post=2502"}],"version-history":[{"count":2,"href":"https:\/\/rfblegal.co.uk\/pt\/wp-json\/wp\/v2\/pages\/2502\/revisions"}],"predecessor-version":[{"id":9325,"href":"https:\/\/rfblegal.co.uk\/pt\/wp-json\/wp\/v2\/pages\/2502\/revisions\/9325"}],"up":[{"embeddable":true,"href":"https:\/\/rfblegal.co.uk\/pt\/wp-json\/wp\/v2\/pages\/429"}],"wp:featuredmedia":[{"embeddable":true,"href":"https:\/\/rfblegal.co.uk\/pt\/wp-json\/wp\/v2\/media\/3404"}],"wp:attachment":[{"href":"https:\/\/rfblegal.co.uk\/pt\/wp-json\/wp\/v2\/media?parent=2502"}],"curies":[{"name":"wp","href":"https:\/\/api.w.org\/{rel}","templated":true}]}}