{"id":2496,"date":"2024-02-21T16:19:15","date_gmt":"2024-02-21T16:19:15","guid":{"rendered":"https:\/\/rfblegal.co.uk\/?page_id=2496"},"modified":"2025-06-19T13:05:12","modified_gmt":"2025-06-19T13:05:12","slug":"litigios-contenciosos-em-materia-de-sucessoes","status":"publish","type":"page","link":"https:\/\/rfblegal.co.uk\/pt\/servicos\/direito-comercial\/litigio-imobiliario-atividade\/litigios-contenciosos-em-materia-de-sucessoes\/","title":{"rendered":"Lit\u00edgios contenciosos em mat\u00e9ria de sucess\u00f5es"},"content":{"rendered":"<h2 class=\"wp-block-heading has-2-xl-font-size\" style=\"padding-top:var(--wp--preset--spacing--20);padding-bottom:var(--wp--preset--spacing--20);font-style:normal;font-weight:600\">Lit\u00edgios contenciosos em mat\u00e9ria de sucess\u00f5es<\/h2>\n\n\n\n<h4 class=\"wp-block-heading has-lg-font-size\" style=\"padding-top:var(--wp--preset--spacing--20);padding-bottom:var(--wp--preset--spacing--20);font-style:normal;font-weight:500\"><strong>Infelizmente, n\u00e3o \u00e9 invulgar surgirem lit\u00edgios ap\u00f3s a morte de um ente querido. Quaisquer que sejam os desafios que voc\u00ea ou a sua fam\u00edlia enfrentem, a nossa equipa de Contencioso de Sucess\u00f5es tem os conhecimentos e a experi\u00eancia necess\u00e1rios para os ajudar. Estamos aptos a aconselhar sobre a melhor abordagem a qualquer lit\u00edgio, quer se trate de lit\u00edgio ou media\u00e7\u00e3o, para proteger os seus interesses e resolver lit\u00edgios contenciosos sobre sucess\u00f5es de forma suave, sens\u00edvel e eficaz.<\/strong><\/h4>\n\n\n\n<p style=\"padding-top:var(--wp--preset--spacing--20);padding-bottom:var(--wp--preset--spacing--20)\">Prestamos regularmente assist\u00eancia em lit\u00edgios relacionados com o conte\u00fado de um testamento, a dimens\u00e3o ou aus\u00eancia de uma heran\u00e7a ou a forma como um patrim\u00f3nio est\u00e1 a ser administrado.<\/p>\n\n\n\n<p style=\"padding-top:var(--wp--preset--spacing--20);padding-bottom:var(--wp--preset--spacing--20)\">Se considerar que n\u00e3o foi feita uma provis\u00e3o suficiente para si num testamento ou ao abrigo das regras de intestacy, podemos aconselh\u00e1-lo sobre a possibilidade de requerer ao tribunal uma provis\u00e3o razo\u00e1vel ao abrigo da Lei das Heran\u00e7as (Provis\u00e3o para a Fam\u00edlia e Dependentes) de 1975. Isto aplica-se mesmo que a pessoa que morreu n\u00e3o tenha feito um testamento ou que n\u00e3o esteja satisfeito com um testamento apesar de estar convencido que \u00e9 v\u00e1lido.<\/p>\n\n\n\n<p style=\"padding-top:var(--wp--preset--spacing--20);padding-bottom:var(--wp--preset--spacing--20)\">A fun\u00e7\u00e3o de testamenteiro (ou administrador) \u00e9 onerosa e h\u00e1 regras que devem ser seguidas. Se um testamenteiro n\u00e3o administrar corretamente uma heran\u00e7a, pode ser pessoalmente respons\u00e1vel por quaisquer perdas da heran\u00e7a. \u00c9 poss\u00edvel retirar o executor do cargo e substitu\u00ed-lo por outra pessoa. Podemos ajud\u00e1-lo nestas quest\u00f5es, quer seja a pessoa encarregada do papel de executor ou administrador e precise de garantir que est\u00e1 a cumprir as responsabilidades relevantes, quer esteja descontente com o comportamento do executor\/administrador atual.<\/p>\n\n\n\n<p style=\"padding-top:var(--wp--preset--spacing--20);padding-bottom:var(--wp--preset--spacing--20)\">A nossa equipa de Clientes Privados tamb\u00e9m pode atuar como administradores independentes, tratando da administra\u00e7\u00e3o da heran\u00e7a quando os executores nomeados n\u00e3o conseguem chegar a um acordo e foram destitu\u00eddos ou concordaram em abandonar o cargo.<\/p>\n\n\n\n<p style=\"padding-top:var(--wp--preset--spacing--20);padding-bottom:var(--wp--preset--spacing--20)\">Tamb\u00e9m reconhecemos que, ap\u00f3s a perda de um ente querido, a maioria das pessoas quer evitar o transtorno e o inc\u00f3modo de uma batalha judicial. Felizmente, na maioria dos casos, os processos judiciais n\u00e3o s\u00e3o necess\u00e1rios para resolver lit\u00edgios sucess\u00f3rios. Os nossos advogados especializados em contencioso sucess\u00f3rio s\u00e3o peritos em solu\u00e7\u00f5es alternativas <a href=\"https:\/\/rfblegal.co.uk\/pt\/servicos\/direito-comercial\/litigio-imobiliario-atividade\/propriedade-comercial-resolucao-alternativa-de-litigios\/\">resolu\u00e7\u00e3o de lit\u00edgios<\/a>, incluindo a media\u00e7\u00e3o, pelo que, normalmente, podemos ajud\u00e1-lo a alcan\u00e7ar um resultado positivo fora da sala de audi\u00eancias.<\/p>\n\n\n\n<p style=\"padding-top:var(--wp--preset--spacing--20);padding-bottom:var(--wp--preset--spacing--20)\"><\/p>","protected":false},"excerpt":{"rendered":"<p>Contentious Probate Litigation Unfortunately, it is not uncommon for disputes to arise after the death of a loved one. Whatever the challenges you or your family are facing, our Contentious Probate team has the knowledge and experience to help. We are able to advise on the best approach to any dispute, whether it be litigation &hellip; <a href=\"https:\/\/rfblegal.co.uk\/pt\/servicos\/direito-comercial\/litigio-imobiliario-atividade\/litigios-contenciosos-em-materia-de-sucessoes\/\">Continua\u00e7\u00e3o<\/a><\/p>","protected":false},"author":1,"featured_media":2863,"parent":2476,"menu_order":0,"comment_status":"closed","ping_status":"closed","template":"tier3-template.blade.php","meta":{"_acf_changed":false,"om_disable_all_campaigns":false,"_uf_show_specific_survey":0,"_uf_disable_surveys":false,"footnotes":""},"class_list":["post-2496","page","type-page","status-publish","has-post-thumbnail","hentry"],"acf":[],"aioseo_notices":[],"yoast_head":"<!-- This site is optimized with the Yoast SEO plugin v27.2 - https:\/\/yoast.com\/product\/yoast-seo-wordpress\/ -->\n<title>Contentious Probate Litigation - RFB Legal<\/title>\n<meta name=\"description\" content=\"Contentious Probate Litigation Unfortunately, it is not uncommon for disputes to arise after the death of a loved one. Whatever the challenges you or your\" \/>\n<meta name=\"robots\" content=\"index, follow, max-snippet:-1, max-image-preview:large, max-video-preview:-1\" \/>\n<link rel=\"canonical\" href=\"https:\/\/rfblegal.co.uk\/pt\/servicos\/direito-comercial\/litigio-imobiliario-atividade\/litigios-contenciosos-em-materia-de-sucessoes\/\" \/>\n<meta property=\"og:locale\" content=\"pt_PT\" \/>\n<meta property=\"og:type\" content=\"article\" \/>\n<meta property=\"og:title\" content=\"Contentious Probate Litigation - RFB Legal\" \/>\n<meta property=\"og:description\" content=\"Contentious Probate Litigation Unfortunately, it is not uncommon for disputes to arise after the death of a loved one. Whatever the challenges you or your\" \/>\n<meta property=\"og:url\" content=\"https:\/\/rfblegal.co.uk\/pt\/servicos\/direito-comercial\/litigio-imobiliario-atividade\/litigios-contenciosos-em-materia-de-sucessoes\/\" \/>\n<meta property=\"og:site_name\" content=\"RFB Legal\" \/>\n<meta property=\"article:publisher\" content=\"https:\/\/www.facebook.com\/RFBLegal\/\" \/>\n<meta property=\"article:modified_time\" content=\"2025-06-19T13:05:12+00:00\" \/>\n<meta property=\"og:image\" content=\"https:\/\/rfblegal.co.uk\/wp-content\/uploads\/2024\/02\/Contentious_Trusts_and_Probate-1.jpg\" \/>\n\t<meta property=\"og:image:width\" content=\"1440\" \/>\n\t<meta property=\"og:image:height\" content=\"550\" \/>\n\t<meta property=\"og:image:type\" content=\"image\/jpeg\" \/>\n<meta name=\"twitter:card\" content=\"summary_large_image\" \/>\n<meta name=\"twitter:label1\" content=\"Est. reading time\" \/>\n\t<meta name=\"twitter:data1\" content=\"2 minutos\" \/>\n<script type=\"application\/ld+json\" class=\"yoast-schema-graph\">{\"@context\":\"https:\/\/schema.org\",\"@graph\":[{\"@type\":\"WebPage\",\"@id\":\"https:\/\/rfblegal.co.uk\/services\/business-law\/property-litigation-business\/contentious-probate-litigation\/\",\"url\":\"https:\/\/rfblegal.co.uk\/services\/business-law\/property-litigation-business\/contentious-probate-litigation\/\",\"name\":\"Contentious Probate Litigation - RFB Legal\",\"isPartOf\":{\"@id\":\"https:\/\/rfblegal.co.uk\/#website\"},\"primaryImageOfPage\":{\"@id\":\"https:\/\/rfblegal.co.uk\/services\/business-law\/property-litigation-business\/contentious-probate-litigation\/#primaryimage\"},\"image\":{\"@id\":\"https:\/\/rfblegal.co.uk\/services\/business-law\/property-litigation-business\/contentious-probate-litigation\/#primaryimage\"},\"thumbnailUrl\":\"https:\/\/rfblegal.co.uk\/wp-content\/uploads\/2024\/02\/Contentious_Trusts_and_Probate-1.jpg\",\"datePublished\":\"2024-02-21T16:19:15+00:00\",\"dateModified\":\"2025-06-19T13:05:12+00:00\",\"description\":\"Contentious Probate Litigation Unfortunately, it is not uncommon for disputes to arise after the death of a loved one. Whatever the challenges you or your\",\"breadcrumb\":{\"@id\":\"https:\/\/rfblegal.co.uk\/services\/business-law\/property-litigation-business\/contentious-probate-litigation\/#breadcrumb\"},\"inLanguage\":\"pt-PT\",\"potentialAction\":[{\"@type\":\"ReadAction\",\"target\":[\"https:\/\/rfblegal.co.uk\/services\/business-law\/property-litigation-business\/contentious-probate-litigation\/\"]}]},{\"@type\":\"ImageObject\",\"inLanguage\":\"pt-PT\",\"@id\":\"https:\/\/rfblegal.co.uk\/services\/business-law\/property-litigation-business\/contentious-probate-litigation\/#primaryimage\",\"url\":\"https:\/\/rfblegal.co.uk\/wp-content\/uploads\/2024\/02\/Contentious_Trusts_and_Probate-1.jpg\",\"contentUrl\":\"https:\/\/rfblegal.co.uk\/wp-content\/uploads\/2024\/02\/Contentious_Trusts_and_Probate-1.jpg\",\"width\":1440,\"height\":550},{\"@type\":\"BreadcrumbList\",\"@id\":\"https:\/\/rfblegal.co.uk\/services\/business-law\/property-litigation-business\/contentious-probate-litigation\/#breadcrumb\",\"itemListElement\":[{\"@type\":\"ListItem\",\"position\":1,\"name\":\"Home\",\"item\":\"https:\/\/rfblegal.co.uk\/\"},{\"@type\":\"ListItem\",\"position\":2,\"name\":\"Services\",\"item\":\"https:\/\/rfblegal.co.uk\/services\/\"},{\"@type\":\"ListItem\",\"position\":3,\"name\":\"Business Law\",\"item\":\"https:\/\/rfblegal.co.uk\/services\/business-law\/\"},{\"@type\":\"ListItem\",\"position\":4,\"name\":\"Commercial Property Litigation\",\"item\":\"https:\/\/rfblegal.co.uk\/services\/business-law\/property-litigation-business\/\"},{\"@type\":\"ListItem\",\"position\":5,\"name\":\"Contentious Probate Litigation\"}]},{\"@type\":\"WebSite\",\"@id\":\"https:\/\/rfblegal.co.uk\/#website\",\"url\":\"https:\/\/rfblegal.co.uk\/\",\"name\":\"RFB Legal\",\"description\":\"\",\"publisher\":{\"@id\":\"https:\/\/rfblegal.co.uk\/#organization\"},\"potentialAction\":[{\"@type\":\"SearchAction\",\"target\":{\"@type\":\"EntryPoint\",\"urlTemplate\":\"https:\/\/rfblegal.co.uk\/?s={search_term_string}\"},\"query-input\":{\"@type\":\"PropertyValueSpecification\",\"valueRequired\":true,\"valueName\":\"search_term_string\"}}],\"inLanguage\":\"pt-PT\"},{\"@type\":\"Organization\",\"@id\":\"https:\/\/rfblegal.co.uk\/#organization\",\"name\":\"RFB Legal\",\"url\":\"https:\/\/rfblegal.co.uk\/\",\"logo\":{\"@type\":\"ImageObject\",\"inLanguage\":\"pt-PT\",\"@id\":\"https:\/\/rfblegal.co.uk\/#\/schema\/logo\/image\/\",\"url\":\"https:\/\/rfblegal.co.uk\/wp-content\/uploads\/2024\/01\/header_company_logo.svg\",\"contentUrl\":\"https:\/\/rfblegal.co.uk\/wp-content\/uploads\/2024\/01\/header_company_logo.svg\",\"caption\":\"RFB Legal\"},\"image\":{\"@id\":\"https:\/\/rfblegal.co.uk\/#\/schema\/logo\/image\/\"},\"sameAs\":[\"https:\/\/www.facebook.com\/RFBLegal\/\",\"https:\/\/www.linkedin.com\/uas\/login?session_redirect=company2012282\",\"https:\/\/www.instagram.com\/rfb_legal\/\"]}]}<\/script>\n<!-- \/ Yoast SEO plugin. -->","yoast_head_json":{"title":"Contencioso de Sucess\u00f5es - RFB Legal","description":"Lit\u00edgio litigioso sobre sucess\u00f5es Infelizmente, n\u00e3o \u00e9 invulgar surgirem lit\u00edgios ap\u00f3s a morte de um ente querido. Quaisquer que sejam os desafios que voc\u00ea ou os seus","robots":{"index":"index","follow":"follow","max-snippet":"max-snippet:-1","max-image-preview":"max-image-preview:large","max-video-preview":"max-video-preview:-1"},"canonical":"https:\/\/rfblegal.co.uk\/pt\/servicos\/direito-comercial\/litigio-imobiliario-atividade\/litigios-contenciosos-em-materia-de-sucessoes\/","og_locale":"pt_PT","og_type":"article","og_title":"Contentious Probate Litigation - RFB Legal","og_description":"Contentious Probate Litigation Unfortunately, it is not uncommon for disputes to arise after the death of a loved one. Whatever the challenges you or your","og_url":"https:\/\/rfblegal.co.uk\/pt\/servicos\/direito-comercial\/litigio-imobiliario-atividade\/litigios-contenciosos-em-materia-de-sucessoes\/","og_site_name":"RFB Legal","article_publisher":"https:\/\/www.facebook.com\/RFBLegal\/","article_modified_time":"2025-06-19T13:05:12+00:00","og_image":[{"width":1440,"height":550,"url":"https:\/\/rfblegal.co.uk\/wp-content\/uploads\/2024\/02\/Contentious_Trusts_and_Probate-1.jpg","type":"image\/jpeg"}],"twitter_card":"summary_large_image","twitter_misc":{"Est. reading time":"2 minutos"},"schema":{"@context":"https:\/\/schema.org","@graph":[{"@type":"WebPage","@id":"https:\/\/rfblegal.co.uk\/services\/business-law\/property-litigation-business\/contentious-probate-litigation\/","url":"https:\/\/rfblegal.co.uk\/services\/business-law\/property-litigation-business\/contentious-probate-litigation\/","name":"Contencioso de Sucess\u00f5es - RFB Legal","isPartOf":{"@id":"https:\/\/rfblegal.co.uk\/#website"},"primaryImageOfPage":{"@id":"https:\/\/rfblegal.co.uk\/services\/business-law\/property-litigation-business\/contentious-probate-litigation\/#primaryimage"},"image":{"@id":"https:\/\/rfblegal.co.uk\/services\/business-law\/property-litigation-business\/contentious-probate-litigation\/#primaryimage"},"thumbnailUrl":"https:\/\/rfblegal.co.uk\/wp-content\/uploads\/2024\/02\/Contentious_Trusts_and_Probate-1.jpg","datePublished":"2024-02-21T16:19:15+00:00","dateModified":"2025-06-19T13:05:12+00:00","description":"Lit\u00edgio litigioso sobre sucess\u00f5es Infelizmente, n\u00e3o \u00e9 invulgar surgirem lit\u00edgios ap\u00f3s a morte de um ente querido. Quaisquer que sejam os desafios que voc\u00ea ou os seus","breadcrumb":{"@id":"https:\/\/rfblegal.co.uk\/services\/business-law\/property-litigation-business\/contentious-probate-litigation\/#breadcrumb"},"inLanguage":"pt-PT","potentialAction":[{"@type":"ReadAction","target":["https:\/\/rfblegal.co.uk\/services\/business-law\/property-litigation-business\/contentious-probate-litigation\/"]}]},{"@type":"ImageObject","inLanguage":"pt-PT","@id":"https:\/\/rfblegal.co.uk\/services\/business-law\/property-litigation-business\/contentious-probate-litigation\/#primaryimage","url":"https:\/\/rfblegal.co.uk\/wp-content\/uploads\/2024\/02\/Contentious_Trusts_and_Probate-1.jpg","contentUrl":"https:\/\/rfblegal.co.uk\/wp-content\/uploads\/2024\/02\/Contentious_Trusts_and_Probate-1.jpg","width":1440,"height":550},{"@type":"BreadcrumbList","@id":"https:\/\/rfblegal.co.uk\/services\/business-law\/property-litigation-business\/contentious-probate-litigation\/#breadcrumb","itemListElement":[{"@type":"ListItem","position":1,"name":"Home","item":"https:\/\/rfblegal.co.uk\/"},{"@type":"ListItem","position":2,"name":"Services","item":"https:\/\/rfblegal.co.uk\/services\/"},{"@type":"ListItem","position":3,"name":"Business Law","item":"https:\/\/rfblegal.co.uk\/services\/business-law\/"},{"@type":"ListItem","position":4,"name":"Commercial Property Litigation","item":"https:\/\/rfblegal.co.uk\/services\/business-law\/property-litigation-business\/"},{"@type":"ListItem","position":5,"name":"Contentious Probate Litigation"}]},{"@type":"WebSite","@id":"https:\/\/rfblegal.co.uk\/#website","url":"https:\/\/rfblegal.co.uk\/","name":"Jur\u00eddico da RFB","description":"","publisher":{"@id":"https:\/\/rfblegal.co.uk\/#organization"},"potentialAction":[{"@type":"SearchAction","target":{"@type":"EntryPoint","urlTemplate":"https:\/\/rfblegal.co.uk\/?s={search_term_string}"},"query-input":{"@type":"PropertyValueSpecification","valueRequired":true,"valueName":"search_term_string"}}],"inLanguage":"pt-PT"},{"@type":"Organization","@id":"https:\/\/rfblegal.co.uk\/#organization","name":"Jur\u00eddico da RFB","url":"https:\/\/rfblegal.co.uk\/","logo":{"@type":"ImageObject","inLanguage":"pt-PT","@id":"https:\/\/rfblegal.co.uk\/#\/schema\/logo\/image\/","url":"https:\/\/rfblegal.co.uk\/wp-content\/uploads\/2024\/01\/header_company_logo.svg","contentUrl":"https:\/\/rfblegal.co.uk\/wp-content\/uploads\/2024\/01\/header_company_logo.svg","caption":"RFB Legal"},"image":{"@id":"https:\/\/rfblegal.co.uk\/#\/schema\/logo\/image\/"},"sameAs":["https:\/\/www.facebook.com\/RFBLegal\/","https:\/\/www.linkedin.com\/uas\/login?session_redirect=company2012282","https:\/\/www.instagram.com\/rfb_legal\/"]}]}},"_links":{"self":[{"href":"https:\/\/rfblegal.co.uk\/pt\/wp-json\/wp\/v2\/pages\/2496","targetHints":{"allow":["GET"]}}],"collection":[{"href":"https:\/\/rfblegal.co.uk\/pt\/wp-json\/wp\/v2\/pages"}],"about":[{"href":"https:\/\/rfblegal.co.uk\/pt\/wp-json\/wp\/v2\/types\/page"}],"author":[{"embeddable":true,"href":"https:\/\/rfblegal.co.uk\/pt\/wp-json\/wp\/v2\/users\/1"}],"replies":[{"embeddable":true,"href":"https:\/\/rfblegal.co.uk\/pt\/wp-json\/wp\/v2\/comments?post=2496"}],"version-history":[{"count":0,"href":"https:\/\/rfblegal.co.uk\/pt\/wp-json\/wp\/v2\/pages\/2496\/revisions"}],"up":[{"embeddable":true,"href":"https:\/\/rfblegal.co.uk\/pt\/wp-json\/wp\/v2\/pages\/2476"}],"wp:featuredmedia":[{"embeddable":true,"href":"https:\/\/rfblegal.co.uk\/pt\/wp-json\/wp\/v2\/media\/2863"}],"wp:attachment":[{"href":"https:\/\/rfblegal.co.uk\/pt\/wp-json\/wp\/v2\/media?parent=2496"}],"curies":[{"name":"wp","href":"https:\/\/api.w.org\/{rel}","templated":true}]}}