{"id":2436,"date":"2024-02-21T15:50:05","date_gmt":"2024-02-21T15:50:05","guid":{"rendered":"https:\/\/rfblegal.co.uk\/?page_id=2436"},"modified":"2024-02-23T11:05:48","modified_gmt":"2024-02-23T11:05:48","slug":"recursos-penais","status":"publish","type":"page","link":"https:\/\/rfblegal.co.uk\/pt\/servicos\/direito-pessoal\/contencioso-penal\/recursos-penais\/","title":{"rendered":"Recursos penais"},"content":{"rendered":"<h2 class=\"wp-block-heading has-2-xl-font-size\" style=\"padding-top:var(--wp--preset--spacing--20);padding-bottom:var(--wp--preset--spacing--20);font-style:normal;font-weight:600\">Recursos<\/h2>\n\n\n\n<h4 class=\"wp-block-heading has-lg-font-size\" style=\"padding-top:var(--wp--preset--spacing--20);padding-bottom:var(--wp--preset--spacing--20);font-style:normal;font-weight:500\"><strong>O direito de recorrer de uma decis\u00e3o do tribunal \u00e9 uma das pedras angulares da justi\u00e7a. Infelizmente, o sistema \u00e9 suscet\u00edvel de erros humanos e uma decis\u00e3o errada pode ter um impacto profundo na vida de uma pessoa.<\/strong><\/h4>\n\n\n\n<p style=\"padding-top:var(--wp--preset--spacing--20);padding-bottom:var(--wp--preset--spacing--20)\">A impugna\u00e7\u00e3o de uma senten\u00e7a transitada em julgado pode ser um processo dif\u00edcil, moroso e complexo. \u00c9 necess\u00e1rio um conhecimento profundo da lei para guiar com \u00eaxito um recurso ao longo do processo.<\/p>\n\n\n\n<p style=\"padding-top:var(--wp--preset--spacing--20);padding-bottom:var(--wp--preset--spacing--20)\">Ronald Fletcher Baker LLP oferece um servi\u00e7o especializado a todos aqueles que sentem que o processo judicial os desiludiu. Este servi\u00e7o envolve aconselhamento especializado sobre as perspectivas realistas de um recurso, seguido de um plano de a\u00e7\u00e3o abrangente. Os clientes podem sentir que eles pr\u00f3prios ou a sua empresa, ou talvez um familiar ou amigo, receberam um castigo excessivo ou uma condena\u00e7\u00e3o insegura - ambos podem constituir a base para o lan\u00e7amento de uma a\u00e7\u00e3o de recurso.<\/p>\n\n\n\n<p style=\"padding-top:var(--wp--preset--spacing--20);padding-bottom:var(--wp--preset--spacing--20)\">O caso pode envolver quest\u00f5es de novas provas, seja de uma testemunha anteriormente desconhecida, de uma nova opini\u00e3o m\u00e9dica ou de documentos n\u00e3o vistos. A reputa\u00e7\u00e3o internacional de excel\u00eancia da Ronald Fletcher Baker LLP em mat\u00e9ria de contencioso penal garante que a nossa equipa presta aos nossos clientes o melhor aconselhamento prudente e r\u00e1pido.<\/p>\n\n\n\n<p style=\"padding-top:var(--wp--preset--spacing--20);padding-bottom:var(--wp--preset--spacing--20)\">John Lamb lidera a equipa e especializa-se em ajudar indiv\u00edduos e empresas a anular veredictos nos Tribunais de Magistrados e nos Tribunais da Coroa - quer recorrendo contra a senten\u00e7a, condena\u00e7\u00e3o ou por meio de caso declarado, - levando frequentemente ao sucesso nos Tribunais de Recurso.<\/p>","protected":false},"excerpt":{"rendered":"<p>Recursos O direito de recorrer de uma decis\u00e3o do tribunal \u00e9 uma das pedras angulares da justi\u00e7a. Infelizmente, o sistema \u00e9 suscet\u00edvel de erros humanos e uma decis\u00e3o errada pode ter um impacto profundo na vida de uma pessoa. A impugna\u00e7\u00e3o de uma decis\u00e3o definitiva pode ser um processo dif\u00edcil, moroso e complexo. Um conhecimento profundo do sistema ... <a href=\"https:\/\/rfblegal.co.uk\/pt\/servicos\/direito-pessoal\/contencioso-penal\/recursos-penais\/\">Continua\u00e7\u00e3o<\/a><\/p>","protected":false},"author":1,"featured_media":2981,"parent":2402,"menu_order":0,"comment_status":"closed","ping_status":"closed","template":"tier3-template.blade.php","meta":{"_acf_changed":false,"om_disable_all_campaigns":false,"_uf_show_specific_survey":0,"_uf_disable_surveys":false,"footnotes":""},"class_list":["post-2436","page","type-page","status-publish","has-post-thumbnail","hentry"],"acf":[],"aioseo_notices":[],"yoast_head":"<!-- This site is optimized with the Yoast SEO plugin v27.2 - https:\/\/yoast.com\/product\/yoast-seo-wordpress\/ -->\n<title>Criminal Appeals - RFB Legal<\/title>\n<meta name=\"description\" content=\"Appeals The right to appeal a decision of the court is one of the cornerstones of justice. Unfortunately, the system is capable of human error and a wrong\" \/>\n<meta name=\"robots\" content=\"index, follow, max-snippet:-1, max-image-preview:large, max-video-preview:-1\" \/>\n<link rel=\"canonical\" href=\"https:\/\/rfblegal.co.uk\/pt\/servicos\/direito-pessoal\/contencioso-penal\/recursos-penais\/\" \/>\n<meta property=\"og:locale\" content=\"pt_PT\" \/>\n<meta property=\"og:type\" content=\"article\" \/>\n<meta property=\"og:title\" content=\"Criminal Appeals - RFB Legal\" \/>\n<meta property=\"og:description\" content=\"Appeals The right to appeal a decision of the court is one of the cornerstones of justice. Unfortunately, the system is capable of human error and a wrong\" \/>\n<meta property=\"og:url\" content=\"https:\/\/rfblegal.co.uk\/pt\/servicos\/direito-pessoal\/contencioso-penal\/recursos-penais\/\" \/>\n<meta property=\"og:site_name\" content=\"RFB Legal\" \/>\n<meta property=\"article:publisher\" content=\"https:\/\/www.facebook.com\/RFBLegal\/\" \/>\n<meta property=\"article:modified_time\" content=\"2024-02-23T11:05:48+00:00\" \/>\n<meta property=\"og:image\" content=\"https:\/\/rfblegal.co.uk\/wp-content\/uploads\/2024\/02\/Appeals.jpg\" \/>\n\t<meta property=\"og:image:width\" content=\"1440\" \/>\n\t<meta property=\"og:image:height\" content=\"550\" \/>\n\t<meta property=\"og:image:type\" content=\"image\/jpeg\" \/>\n<meta name=\"twitter:card\" content=\"summary_large_image\" \/>\n<meta name=\"twitter:label1\" content=\"Est. reading time\" \/>\n\t<meta name=\"twitter:data1\" content=\"2 minutos\" \/>\n<script type=\"application\/ld+json\" class=\"yoast-schema-graph\">{\"@context\":\"https:\/\/schema.org\",\"@graph\":[{\"@type\":\"WebPage\",\"@id\":\"https:\/\/rfblegal.co.uk\/services\/personal-law\/criminal-litigation\/criminal-appeals\/\",\"url\":\"https:\/\/rfblegal.co.uk\/services\/personal-law\/criminal-litigation\/criminal-appeals\/\",\"name\":\"Criminal Appeals - RFB Legal\",\"isPartOf\":{\"@id\":\"https:\/\/rfblegal.co.uk\/#website\"},\"primaryImageOfPage\":{\"@id\":\"https:\/\/rfblegal.co.uk\/services\/personal-law\/criminal-litigation\/criminal-appeals\/#primaryimage\"},\"image\":{\"@id\":\"https:\/\/rfblegal.co.uk\/services\/personal-law\/criminal-litigation\/criminal-appeals\/#primaryimage\"},\"thumbnailUrl\":\"https:\/\/rfblegal.co.uk\/wp-content\/uploads\/2024\/02\/Appeals.jpg\",\"datePublished\":\"2024-02-21T15:50:05+00:00\",\"dateModified\":\"2024-02-23T11:05:48+00:00\",\"description\":\"Appeals The right to appeal a decision of the court is one of the cornerstones of justice. Unfortunately, the system is capable of human error and a wrong\",\"breadcrumb\":{\"@id\":\"https:\/\/rfblegal.co.uk\/services\/personal-law\/criminal-litigation\/criminal-appeals\/#breadcrumb\"},\"inLanguage\":\"pt-PT\",\"potentialAction\":[{\"@type\":\"ReadAction\",\"target\":[\"https:\/\/rfblegal.co.uk\/services\/personal-law\/criminal-litigation\/criminal-appeals\/\"]}]},{\"@type\":\"ImageObject\",\"inLanguage\":\"pt-PT\",\"@id\":\"https:\/\/rfblegal.co.uk\/services\/personal-law\/criminal-litigation\/criminal-appeals\/#primaryimage\",\"url\":\"https:\/\/rfblegal.co.uk\/wp-content\/uploads\/2024\/02\/Appeals.jpg\",\"contentUrl\":\"https:\/\/rfblegal.co.uk\/wp-content\/uploads\/2024\/02\/Appeals.jpg\",\"width\":1440,\"height\":550},{\"@type\":\"BreadcrumbList\",\"@id\":\"https:\/\/rfblegal.co.uk\/services\/personal-law\/criminal-litigation\/criminal-appeals\/#breadcrumb\",\"itemListElement\":[{\"@type\":\"ListItem\",\"position\":1,\"name\":\"Home\",\"item\":\"https:\/\/rfblegal.co.uk\/\"},{\"@type\":\"ListItem\",\"position\":2,\"name\":\"Services\",\"item\":\"https:\/\/rfblegal.co.uk\/services\/\"},{\"@type\":\"ListItem\",\"position\":3,\"name\":\"Personal Law Services\",\"item\":\"https:\/\/rfblegal.co.uk\/services\/personal-law\/\"},{\"@type\":\"ListItem\",\"position\":4,\"name\":\"Criminal Litigation\",\"item\":\"https:\/\/rfblegal.co.uk\/services\/personal-law\/criminal-litigation\/\"},{\"@type\":\"ListItem\",\"position\":5,\"name\":\"Criminal Appeals\"}]},{\"@type\":\"WebSite\",\"@id\":\"https:\/\/rfblegal.co.uk\/#website\",\"url\":\"https:\/\/rfblegal.co.uk\/\",\"name\":\"RFB Legal\",\"description\":\"\",\"publisher\":{\"@id\":\"https:\/\/rfblegal.co.uk\/#organization\"},\"potentialAction\":[{\"@type\":\"SearchAction\",\"target\":{\"@type\":\"EntryPoint\",\"urlTemplate\":\"https:\/\/rfblegal.co.uk\/?s={search_term_string}\"},\"query-input\":{\"@type\":\"PropertyValueSpecification\",\"valueRequired\":true,\"valueName\":\"search_term_string\"}}],\"inLanguage\":\"pt-PT\"},{\"@type\":\"Organization\",\"@id\":\"https:\/\/rfblegal.co.uk\/#organization\",\"name\":\"RFB Legal\",\"url\":\"https:\/\/rfblegal.co.uk\/\",\"logo\":{\"@type\":\"ImageObject\",\"inLanguage\":\"pt-PT\",\"@id\":\"https:\/\/rfblegal.co.uk\/#\/schema\/logo\/image\/\",\"url\":\"https:\/\/rfblegal.co.uk\/wp-content\/uploads\/2024\/01\/header_company_logo.svg\",\"contentUrl\":\"https:\/\/rfblegal.co.uk\/wp-content\/uploads\/2024\/01\/header_company_logo.svg\",\"caption\":\"RFB Legal\"},\"image\":{\"@id\":\"https:\/\/rfblegal.co.uk\/#\/schema\/logo\/image\/\"},\"sameAs\":[\"https:\/\/www.facebook.com\/RFBLegal\/\",\"https:\/\/www.linkedin.com\/uas\/login?session_redirect=company2012282\",\"https:\/\/www.instagram.com\/rfb_legal\/\"]}]}<\/script>\n<!-- \/ Yoast SEO plugin. -->","yoast_head_json":{"title":"Recursos Criminais - RFB Legal","description":"Recursos O direito de recorrer de uma decis\u00e3o do tribunal \u00e9 uma das pedras angulares da justi\u00e7a. Infelizmente, o sistema \u00e9 suscet\u00edvel de erros humanos e de uma decis\u00e3o errada","robots":{"index":"index","follow":"follow","max-snippet":"max-snippet:-1","max-image-preview":"max-image-preview:large","max-video-preview":"max-video-preview:-1"},"canonical":"https:\/\/rfblegal.co.uk\/pt\/servicos\/direito-pessoal\/contencioso-penal\/recursos-penais\/","og_locale":"pt_PT","og_type":"article","og_title":"Criminal Appeals - RFB Legal","og_description":"Appeals The right to appeal a decision of the court is one of the cornerstones of justice. Unfortunately, the system is capable of human error and a wrong","og_url":"https:\/\/rfblegal.co.uk\/pt\/servicos\/direito-pessoal\/contencioso-penal\/recursos-penais\/","og_site_name":"RFB Legal","article_publisher":"https:\/\/www.facebook.com\/RFBLegal\/","article_modified_time":"2024-02-23T11:05:48+00:00","og_image":[{"width":1440,"height":550,"url":"https:\/\/rfblegal.co.uk\/wp-content\/uploads\/2024\/02\/Appeals.jpg","type":"image\/jpeg"}],"twitter_card":"summary_large_image","twitter_misc":{"Est. reading time":"2 minutos"},"schema":{"@context":"https:\/\/schema.org","@graph":[{"@type":"WebPage","@id":"https:\/\/rfblegal.co.uk\/services\/personal-law\/criminal-litigation\/criminal-appeals\/","url":"https:\/\/rfblegal.co.uk\/services\/personal-law\/criminal-litigation\/criminal-appeals\/","name":"Recursos Criminais - RFB Legal","isPartOf":{"@id":"https:\/\/rfblegal.co.uk\/#website"},"primaryImageOfPage":{"@id":"https:\/\/rfblegal.co.uk\/services\/personal-law\/criminal-litigation\/criminal-appeals\/#primaryimage"},"image":{"@id":"https:\/\/rfblegal.co.uk\/services\/personal-law\/criminal-litigation\/criminal-appeals\/#primaryimage"},"thumbnailUrl":"https:\/\/rfblegal.co.uk\/wp-content\/uploads\/2024\/02\/Appeals.jpg","datePublished":"2024-02-21T15:50:05+00:00","dateModified":"2024-02-23T11:05:48+00:00","description":"Recursos O direito de recorrer de uma decis\u00e3o do tribunal \u00e9 uma das pedras angulares da justi\u00e7a. Infelizmente, o sistema \u00e9 suscet\u00edvel de erros humanos e de uma decis\u00e3o errada","breadcrumb":{"@id":"https:\/\/rfblegal.co.uk\/services\/personal-law\/criminal-litigation\/criminal-appeals\/#breadcrumb"},"inLanguage":"pt-PT","potentialAction":[{"@type":"ReadAction","target":["https:\/\/rfblegal.co.uk\/services\/personal-law\/criminal-litigation\/criminal-appeals\/"]}]},{"@type":"ImageObject","inLanguage":"pt-PT","@id":"https:\/\/rfblegal.co.uk\/services\/personal-law\/criminal-litigation\/criminal-appeals\/#primaryimage","url":"https:\/\/rfblegal.co.uk\/wp-content\/uploads\/2024\/02\/Appeals.jpg","contentUrl":"https:\/\/rfblegal.co.uk\/wp-content\/uploads\/2024\/02\/Appeals.jpg","width":1440,"height":550},{"@type":"BreadcrumbList","@id":"https:\/\/rfblegal.co.uk\/services\/personal-law\/criminal-litigation\/criminal-appeals\/#breadcrumb","itemListElement":[{"@type":"ListItem","position":1,"name":"Home","item":"https:\/\/rfblegal.co.uk\/"},{"@type":"ListItem","position":2,"name":"Services","item":"https:\/\/rfblegal.co.uk\/services\/"},{"@type":"ListItem","position":3,"name":"Personal Law Services","item":"https:\/\/rfblegal.co.uk\/services\/personal-law\/"},{"@type":"ListItem","position":4,"name":"Criminal Litigation","item":"https:\/\/rfblegal.co.uk\/services\/personal-law\/criminal-litigation\/"},{"@type":"ListItem","position":5,"name":"Criminal Appeals"}]},{"@type":"WebSite","@id":"https:\/\/rfblegal.co.uk\/#website","url":"https:\/\/rfblegal.co.uk\/","name":"Jur\u00eddico da RFB","description":"","publisher":{"@id":"https:\/\/rfblegal.co.uk\/#organization"},"potentialAction":[{"@type":"SearchAction","target":{"@type":"EntryPoint","urlTemplate":"https:\/\/rfblegal.co.uk\/?s={search_term_string}"},"query-input":{"@type":"PropertyValueSpecification","valueRequired":true,"valueName":"search_term_string"}}],"inLanguage":"pt-PT"},{"@type":"Organization","@id":"https:\/\/rfblegal.co.uk\/#organization","name":"Jur\u00eddico da RFB","url":"https:\/\/rfblegal.co.uk\/","logo":{"@type":"ImageObject","inLanguage":"pt-PT","@id":"https:\/\/rfblegal.co.uk\/#\/schema\/logo\/image\/","url":"https:\/\/rfblegal.co.uk\/wp-content\/uploads\/2024\/01\/header_company_logo.svg","contentUrl":"https:\/\/rfblegal.co.uk\/wp-content\/uploads\/2024\/01\/header_company_logo.svg","caption":"RFB Legal"},"image":{"@id":"https:\/\/rfblegal.co.uk\/#\/schema\/logo\/image\/"},"sameAs":["https:\/\/www.facebook.com\/RFBLegal\/","https:\/\/www.linkedin.com\/uas\/login?session_redirect=company2012282","https:\/\/www.instagram.com\/rfb_legal\/"]}]}},"_links":{"self":[{"href":"https:\/\/rfblegal.co.uk\/pt\/wp-json\/wp\/v2\/pages\/2436","targetHints":{"allow":["GET"]}}],"collection":[{"href":"https:\/\/rfblegal.co.uk\/pt\/wp-json\/wp\/v2\/pages"}],"about":[{"href":"https:\/\/rfblegal.co.uk\/pt\/wp-json\/wp\/v2\/types\/page"}],"author":[{"embeddable":true,"href":"https:\/\/rfblegal.co.uk\/pt\/wp-json\/wp\/v2\/users\/1"}],"replies":[{"embeddable":true,"href":"https:\/\/rfblegal.co.uk\/pt\/wp-json\/wp\/v2\/comments?post=2436"}],"version-history":[{"count":0,"href":"https:\/\/rfblegal.co.uk\/pt\/wp-json\/wp\/v2\/pages\/2436\/revisions"}],"up":[{"embeddable":true,"href":"https:\/\/rfblegal.co.uk\/pt\/wp-json\/wp\/v2\/pages\/2402"}],"wp:featuredmedia":[{"embeddable":true,"href":"https:\/\/rfblegal.co.uk\/pt\/wp-json\/wp\/v2\/media\/2981"}],"wp:attachment":[{"href":"https:\/\/rfblegal.co.uk\/pt\/wp-json\/wp\/v2\/media?parent=2436"}],"curies":[{"name":"wp","href":"https:\/\/api.w.org\/{rel}","templated":true}]}}