{"id":2423,"date":"2024-02-21T15:42:08","date_gmt":"2024-02-21T15:42:08","guid":{"rendered":"https:\/\/rfblegal.co.uk\/?page_id=2423"},"modified":"2024-02-23T11:00:19","modified_gmt":"2024-02-23T11:00:19","slug":"defesa-contra-crimes-graves","status":"publish","type":"page","link":"https:\/\/rfblegal.co.uk\/pt\/servicos\/direito-pessoal\/contencioso-penal\/defesa-contra-crimes-graves\/","title":{"rendered":"Defesa contra crimes graves"},"content":{"rendered":"<h2 class=\"wp-block-heading has-2-xl-font-size\" style=\"padding-top:var(--wp--preset--spacing--20);padding-bottom:var(--wp--preset--spacing--20);font-style:normal;font-weight:600\">Contencioso penal grave<\/h2>\n\n\n\n<h4 class=\"wp-block-heading has-lg-font-size\" style=\"padding-top:var(--wp--preset--spacing--20);padding-bottom:var(--wp--preset--spacing--20);font-style:normal;font-weight:500\"><strong>Ronald Fletcher Baker LLP \u00e9 um l\u00edder de longa data e de alto perfil em crimes graves. Lidamos habitualmente com casos da mais alta magnitude, oferecendo uma qualidade inigual\u00e1vel neste dom\u00ednio.<\/strong><\/h4>\n\n\n\n<p style=\"padding-top:var(--wp--preset--spacing--20);padding-bottom:var(--wp--preset--spacing--20)\">Com base em d\u00e9cadas de experi\u00eancia, o departamento goza de uma reputa\u00e7\u00e3o internacional de excel\u00eancia que se reflecte consistentemente nos resultados alcan\u00e7ados.<\/p>\n\n\n\n<p style=\"padding-top:var(--wp--preset--spacing--20);padding-bottom:var(--wp--preset--spacing--20)\">Representamos os clientes em interrogat\u00f3rios na esquadra da pol\u00edcia, no Tribunal de Magistrados e nos Tribunais da Coroa - em cada fase, fornecendo uma defesa robusta e estrat\u00e9gica. Estamos perfeitamente conscientes das consequ\u00eancias para a reputa\u00e7\u00e3o e para o profissionalismo envolvidas em tais processos e incorporamos conselhos e t\u00e1cticas como parte da nossa abordagem para reduzir o impacto destes danos, incluindo aconselhamento sobre o tratamento dos meios de comunica\u00e7\u00e3o social e a ado\u00e7\u00e3o de estrat\u00e9gias adequadas para o caso.<\/p>\n\n\n\n<p style=\"padding-top:var(--wp--preset--spacing--20);padding-bottom:var(--wp--preset--spacing--20)\">Os dados digitais, as provas de telem\u00f3veis e os conte\u00fados multim\u00e9dia constituem agora componentes essenciais dos processos penais mais graves. Utilizamos m\u00e9todos sofisticados de prepara\u00e7\u00e3o de casos para absorver e avaliar grandes quantidades de dados para ajudar os nossos clientes. Uma elevada taxa de absolvi\u00e7\u00f5es bem sucedidas resulta frequentemente do facto de se basearem as alega\u00e7\u00f5es legais em pontos fracos do caso da acusa\u00e7\u00e3o.<\/p>\n\n\n\n<p style=\"padding-top:var(--wp--preset--spacing--20);padding-bottom:var(--wp--preset--spacing--20)\">Representamos indiv\u00edduos com antecedentes profissionais e comerciais, funcion\u00e1rios governamentais proeminentes e pessoas envolvidas no desporto, nos meios de comunica\u00e7\u00e3o social e nas ind\u00fastrias do entretenimento em assuntos da maior sensibilidade.<\/p>","protected":false},"excerpt":{"rendered":"<p>Serious Criminal Litigation Ronald Fletcher Baker LLP is a long-established and high profile leader in serious crime. We routinely deal with cases of the highest magnitude, offering unparalleled quality in the field. Drawing upon decades of experience, the department enjoys an international reputation for excellence consistently reflected in the results achieved. We represent clients at &hellip; <a href=\"https:\/\/rfblegal.co.uk\/pt\/servicos\/direito-pessoal\/contencioso-penal\/defesa-contra-crimes-graves\/\">Continua\u00e7\u00e3o<\/a><\/p>","protected":false},"author":1,"featured_media":0,"parent":2402,"menu_order":0,"comment_status":"closed","ping_status":"closed","template":"tier3-template.blade.php","meta":{"_acf_changed":false,"om_disable_all_campaigns":false,"_uf_show_specific_survey":0,"_uf_disable_surveys":false,"footnotes":""},"class_list":["post-2423","page","type-page","status-publish","hentry"],"acf":[],"aioseo_notices":[],"yoast_head":"<!-- This site is optimized with the Yoast SEO plugin v27.2 - https:\/\/yoast.com\/product\/yoast-seo-wordpress\/ -->\n<title>Serious Crime Defence - RFB Legal<\/title>\n<meta name=\"description\" content=\"Serious Criminal Litigation Ronald Fletcher Baker LLP is a long-established and high profile leader in serious crime. We routinely deal with cases of the\" \/>\n<meta name=\"robots\" content=\"index, follow, max-snippet:-1, max-image-preview:large, max-video-preview:-1\" \/>\n<link rel=\"canonical\" href=\"https:\/\/rfblegal.co.uk\/pt\/servicos\/direito-pessoal\/contencioso-penal\/defesa-contra-crimes-graves\/\" \/>\n<meta property=\"og:locale\" content=\"pt_PT\" \/>\n<meta property=\"og:type\" content=\"article\" \/>\n<meta property=\"og:title\" content=\"Serious Crime Defence - RFB Legal\" \/>\n<meta property=\"og:description\" content=\"Serious Criminal Litigation Ronald Fletcher Baker LLP is a long-established and high profile leader in serious crime. We routinely deal with cases of the\" \/>\n<meta property=\"og:url\" content=\"https:\/\/rfblegal.co.uk\/pt\/servicos\/direito-pessoal\/contencioso-penal\/defesa-contra-crimes-graves\/\" \/>\n<meta property=\"og:site_name\" content=\"RFB Legal\" \/>\n<meta property=\"article:publisher\" content=\"https:\/\/www.facebook.com\/RFBLegal\/\" \/>\n<meta property=\"article:modified_time\" content=\"2024-02-23T11:00:19+00:00\" \/>\n<meta name=\"twitter:card\" content=\"summary_large_image\" \/>\n<meta name=\"twitter:label1\" content=\"Est. reading time\" \/>\n\t<meta name=\"twitter:data1\" content=\"1 minuto\" \/>\n<script type=\"application\/ld+json\" class=\"yoast-schema-graph\">{\"@context\":\"https:\/\/schema.org\",\"@graph\":[{\"@type\":\"WebPage\",\"@id\":\"https:\/\/rfblegal.co.uk\/services\/personal-law\/criminal-litigation\/serious-crime-defence\/\",\"url\":\"https:\/\/rfblegal.co.uk\/services\/personal-law\/criminal-litigation\/serious-crime-defence\/\",\"name\":\"Serious Crime Defence - RFB Legal\",\"isPartOf\":{\"@id\":\"https:\/\/rfblegal.co.uk\/#website\"},\"datePublished\":\"2024-02-21T15:42:08+00:00\",\"dateModified\":\"2024-02-23T11:00:19+00:00\",\"description\":\"Serious Criminal Litigation Ronald Fletcher Baker LLP is a long-established and high profile leader in serious crime. We routinely deal with cases of the\",\"breadcrumb\":{\"@id\":\"https:\/\/rfblegal.co.uk\/services\/personal-law\/criminal-litigation\/serious-crime-defence\/#breadcrumb\"},\"inLanguage\":\"pt-PT\",\"potentialAction\":[{\"@type\":\"ReadAction\",\"target\":[\"https:\/\/rfblegal.co.uk\/services\/personal-law\/criminal-litigation\/serious-crime-defence\/\"]}]},{\"@type\":\"BreadcrumbList\",\"@id\":\"https:\/\/rfblegal.co.uk\/services\/personal-law\/criminal-litigation\/serious-crime-defence\/#breadcrumb\",\"itemListElement\":[{\"@type\":\"ListItem\",\"position\":1,\"name\":\"Home\",\"item\":\"https:\/\/rfblegal.co.uk\/\"},{\"@type\":\"ListItem\",\"position\":2,\"name\":\"Services\",\"item\":\"https:\/\/rfblegal.co.uk\/services\/\"},{\"@type\":\"ListItem\",\"position\":3,\"name\":\"Personal Law Services\",\"item\":\"https:\/\/rfblegal.co.uk\/services\/personal-law\/\"},{\"@type\":\"ListItem\",\"position\":4,\"name\":\"Criminal Litigation\",\"item\":\"https:\/\/rfblegal.co.uk\/services\/personal-law\/criminal-litigation\/\"},{\"@type\":\"ListItem\",\"position\":5,\"name\":\"Serious Crime Defence\"}]},{\"@type\":\"WebSite\",\"@id\":\"https:\/\/rfblegal.co.uk\/#website\",\"url\":\"https:\/\/rfblegal.co.uk\/\",\"name\":\"RFB Legal\",\"description\":\"\",\"publisher\":{\"@id\":\"https:\/\/rfblegal.co.uk\/#organization\"},\"potentialAction\":[{\"@type\":\"SearchAction\",\"target\":{\"@type\":\"EntryPoint\",\"urlTemplate\":\"https:\/\/rfblegal.co.uk\/?s={search_term_string}\"},\"query-input\":{\"@type\":\"PropertyValueSpecification\",\"valueRequired\":true,\"valueName\":\"search_term_string\"}}],\"inLanguage\":\"pt-PT\"},{\"@type\":\"Organization\",\"@id\":\"https:\/\/rfblegal.co.uk\/#organization\",\"name\":\"RFB Legal\",\"url\":\"https:\/\/rfblegal.co.uk\/\",\"logo\":{\"@type\":\"ImageObject\",\"inLanguage\":\"pt-PT\",\"@id\":\"https:\/\/rfblegal.co.uk\/#\/schema\/logo\/image\/\",\"url\":\"https:\/\/rfblegal.co.uk\/wp-content\/uploads\/2024\/01\/header_company_logo.svg\",\"contentUrl\":\"https:\/\/rfblegal.co.uk\/wp-content\/uploads\/2024\/01\/header_company_logo.svg\",\"caption\":\"RFB Legal\"},\"image\":{\"@id\":\"https:\/\/rfblegal.co.uk\/#\/schema\/logo\/image\/\"},\"sameAs\":[\"https:\/\/www.facebook.com\/RFBLegal\/\",\"https:\/\/www.linkedin.com\/uas\/login?session_redirect=company2012282\",\"https:\/\/www.instagram.com\/rfb_legal\/\"]}]}<\/script>\n<!-- \/ Yoast SEO plugin. -->","yoast_head_json":{"title":"Defesa contra crimes graves - RFB Legal","description":"Contencioso criminal grave Ronald Fletcher Baker LLP \u00e9 um l\u00edder de longa data e de alto perfil em crimes graves. Lidamos habitualmente com casos de","robots":{"index":"index","follow":"follow","max-snippet":"max-snippet:-1","max-image-preview":"max-image-preview:large","max-video-preview":"max-video-preview:-1"},"canonical":"https:\/\/rfblegal.co.uk\/pt\/servicos\/direito-pessoal\/contencioso-penal\/defesa-contra-crimes-graves\/","og_locale":"pt_PT","og_type":"article","og_title":"Serious Crime Defence - RFB Legal","og_description":"Serious Criminal Litigation Ronald Fletcher Baker LLP is a long-established and high profile leader in serious crime. We routinely deal with cases of the","og_url":"https:\/\/rfblegal.co.uk\/pt\/servicos\/direito-pessoal\/contencioso-penal\/defesa-contra-crimes-graves\/","og_site_name":"RFB Legal","article_publisher":"https:\/\/www.facebook.com\/RFBLegal\/","article_modified_time":"2024-02-23T11:00:19+00:00","twitter_card":"summary_large_image","twitter_misc":{"Est. reading time":"1 minuto"},"schema":{"@context":"https:\/\/schema.org","@graph":[{"@type":"WebPage","@id":"https:\/\/rfblegal.co.uk\/services\/personal-law\/criminal-litigation\/serious-crime-defence\/","url":"https:\/\/rfblegal.co.uk\/services\/personal-law\/criminal-litigation\/serious-crime-defence\/","name":"Defesa contra crimes graves - RFB Legal","isPartOf":{"@id":"https:\/\/rfblegal.co.uk\/#website"},"datePublished":"2024-02-21T15:42:08+00:00","dateModified":"2024-02-23T11:00:19+00:00","description":"Contencioso criminal grave Ronald Fletcher Baker LLP \u00e9 um l\u00edder de longa data e de alto perfil em crimes graves. Lidamos habitualmente com casos de","breadcrumb":{"@id":"https:\/\/rfblegal.co.uk\/services\/personal-law\/criminal-litigation\/serious-crime-defence\/#breadcrumb"},"inLanguage":"pt-PT","potentialAction":[{"@type":"ReadAction","target":["https:\/\/rfblegal.co.uk\/services\/personal-law\/criminal-litigation\/serious-crime-defence\/"]}]},{"@type":"BreadcrumbList","@id":"https:\/\/rfblegal.co.uk\/services\/personal-law\/criminal-litigation\/serious-crime-defence\/#breadcrumb","itemListElement":[{"@type":"ListItem","position":1,"name":"Home","item":"https:\/\/rfblegal.co.uk\/"},{"@type":"ListItem","position":2,"name":"Services","item":"https:\/\/rfblegal.co.uk\/services\/"},{"@type":"ListItem","position":3,"name":"Personal Law Services","item":"https:\/\/rfblegal.co.uk\/services\/personal-law\/"},{"@type":"ListItem","position":4,"name":"Criminal Litigation","item":"https:\/\/rfblegal.co.uk\/services\/personal-law\/criminal-litigation\/"},{"@type":"ListItem","position":5,"name":"Serious Crime Defence"}]},{"@type":"WebSite","@id":"https:\/\/rfblegal.co.uk\/#website","url":"https:\/\/rfblegal.co.uk\/","name":"Jur\u00eddico da RFB","description":"","publisher":{"@id":"https:\/\/rfblegal.co.uk\/#organization"},"potentialAction":[{"@type":"SearchAction","target":{"@type":"EntryPoint","urlTemplate":"https:\/\/rfblegal.co.uk\/?s={search_term_string}"},"query-input":{"@type":"PropertyValueSpecification","valueRequired":true,"valueName":"search_term_string"}}],"inLanguage":"pt-PT"},{"@type":"Organization","@id":"https:\/\/rfblegal.co.uk\/#organization","name":"Jur\u00eddico da RFB","url":"https:\/\/rfblegal.co.uk\/","logo":{"@type":"ImageObject","inLanguage":"pt-PT","@id":"https:\/\/rfblegal.co.uk\/#\/schema\/logo\/image\/","url":"https:\/\/rfblegal.co.uk\/wp-content\/uploads\/2024\/01\/header_company_logo.svg","contentUrl":"https:\/\/rfblegal.co.uk\/wp-content\/uploads\/2024\/01\/header_company_logo.svg","caption":"RFB Legal"},"image":{"@id":"https:\/\/rfblegal.co.uk\/#\/schema\/logo\/image\/"},"sameAs":["https:\/\/www.facebook.com\/RFBLegal\/","https:\/\/www.linkedin.com\/uas\/login?session_redirect=company2012282","https:\/\/www.instagram.com\/rfb_legal\/"]}]}},"_links":{"self":[{"href":"https:\/\/rfblegal.co.uk\/pt\/wp-json\/wp\/v2\/pages\/2423","targetHints":{"allow":["GET"]}}],"collection":[{"href":"https:\/\/rfblegal.co.uk\/pt\/wp-json\/wp\/v2\/pages"}],"about":[{"href":"https:\/\/rfblegal.co.uk\/pt\/wp-json\/wp\/v2\/types\/page"}],"author":[{"embeddable":true,"href":"https:\/\/rfblegal.co.uk\/pt\/wp-json\/wp\/v2\/users\/1"}],"replies":[{"embeddable":true,"href":"https:\/\/rfblegal.co.uk\/pt\/wp-json\/wp\/v2\/comments?post=2423"}],"version-history":[{"count":0,"href":"https:\/\/rfblegal.co.uk\/pt\/wp-json\/wp\/v2\/pages\/2423\/revisions"}],"up":[{"embeddable":true,"href":"https:\/\/rfblegal.co.uk\/pt\/wp-json\/wp\/v2\/pages\/2402"}],"wp:attachment":[{"href":"https:\/\/rfblegal.co.uk\/pt\/wp-json\/wp\/v2\/media?parent=2423"}],"curies":[{"name":"wp","href":"https:\/\/api.w.org\/{rel}","templated":true}]}}