{"id":2399,"date":"2024-02-21T15:27:19","date_gmt":"2024-02-21T15:27:19","guid":{"rendered":"https:\/\/rfblegal.co.uk\/?page_id=2399"},"modified":"2026-03-26T10:53:38","modified_gmt":"2026-03-26T10:53:38","slug":"emprestimos-obrigacoes-e-capital-proprio","status":"publish","type":"page","link":"https:\/\/rfblegal.co.uk\/pt\/servicos\/direito-pessoal\/empresarial\/emprestimos-obrigacoes-e-capital-proprio\/","title":{"rendered":"Empr\u00e9stimos e capital pr\u00f3prio"},"content":{"rendered":"<h2 class=\"wp-block-heading\"><strong>Uma introdu\u00e7\u00e3o e uma vis\u00e3o geral da angaria\u00e7\u00e3o de fundos de capital, da contra\u00e7\u00e3o de empr\u00e9stimos e da concess\u00e3o de empr\u00e9stimos<\/strong><\/h2>\n\n\n\n<p>Sabemos que o financiamento da sua empresa pode ser crucial numa s\u00e9rie de fases, desde o arranque e o crescimento das empresas at\u00e9 \u00e0s aquisi\u00e7\u00f5es, ao crescimento maduro e ao refinanciamento.<\/p>\n\n\n\n<p>A nossa vasta experi\u00eancia significa que os nossos advogados e solicitadores de empresas podem antecipar os requisitos e preocupa\u00e7\u00f5es dos credores ou investidores para o orientar ao longo do processo em conformidade, garantindo que as transac\u00e7\u00f5es n\u00e3o descarrilam e n\u00e3o se prolongam indevidamente.<\/p>\n\n\n\n<h2 class=\"wp-block-heading\"><strong>Como \u00e9 que os nossos solicitadores o podem ajudar na angaria\u00e7\u00e3o de fundos de capital, na contra\u00e7\u00e3o de empr\u00e9stimos e na concess\u00e3o de empr\u00e9stimos<\/strong><\/h2>\n\n\n\n<h3 class=\"wp-block-heading\"><strong>Principais servi\u00e7os oferecidos<\/strong><\/h3>\n\n\n\n<p><strong>Podemos ajudar tanto os investidores como as empresas em todas as fases, quer pretendam p\u00f4r em pr\u00e1tica fontes de financiamento tradicionais ou mais inovadoras, incluindo:<\/strong><\/p>\n\n\n\n<ul class=\"wp-block-list\">\n<li>empr\u00e9stimos institucionais (incluindo empr\u00e9stimos banc\u00e1rios)<\/li>\n\n\n\n<li>financiamento de investidores-anjos<\/li>\n\n\n\n<li>financiamento de amigos e familiares<\/li>\n\n\n\n<li>financiamento coletivo (crowdfunding) e outros mecanismos de investimento alternativos<\/li>\n<\/ul>\n\n\n\n<h2 class=\"wp-block-heading\"><strong>Porqu\u00ea escolher a RFB Legal para a angaria\u00e7\u00e3o de fundos de capital, a contra\u00e7\u00e3o de empr\u00e9stimos e a concess\u00e3o de empr\u00e9stimos<\/strong><\/h2>\n\n\n\n<h3 class=\"wp-block-heading\"><strong>Sobre a nossa equipa de Direito Comercial e Societ\u00e1rio<\/strong><\/h3>\n\n\n\n<p><strong>Para al\u00e9m de prestarmos aconselhamento sobre quest\u00f5es jur\u00eddicas t\u00e9cnicas (incluindo seguran\u00e7a), podemos ajudar a simplificar o processo prestando uma assist\u00eancia mais ampla noutros aspectos, incluindo<\/strong><\/p>\n\n\n\n<ul class=\"wp-block-list\">\n<li>estrutura\u00e7\u00e3o para aproveitar ao m\u00e1ximo os benef\u00edcios e as isen\u00e7\u00f5es dispon\u00edveis<\/li>\n\n\n\n<li><a href=\"https:\/\/rfblegal.co.uk\/pt\/servicos\/direito-pessoal\/direito-regulamentar\/\">regulamentar<\/a> quest\u00f5es<\/li>\n\n\n\n<li>lit\u00edgios comerciais<\/li>\n<\/ul>\n\n\n\n<h2 class=\"wp-block-heading\"><strong>Experi\u00eancia do cliente<\/strong><\/h2>\n\n\n\n<p><strong>A nossa experi\u00eancia recente inclui:<\/strong><\/p>\n\n\n\n<h3 class=\"wp-block-heading\"><strong>Arranque de tecnologia em fase inicial<\/strong><\/h3>\n\n\n\n<p>Represent\u00e1mos uma empresa em fase de arranque que desenvolve uma solu\u00e7\u00e3o tecnol\u00f3gica de sa\u00fade disruptiva e transformadora do mercado, utilizando tecnologia e ci\u00eancias de ponta com orienta\u00e7\u00e3o de profissionais de sa\u00fade, consultores e informa\u00e7\u00f5es de utilizadores pessoais sobre os seus benef\u00edcios psicol\u00f3gicos e de sa\u00fade mensur\u00e1veis. A empresa recebeu 1 milh\u00e3o de libras esterlinas de uma s\u00e9rie de investidores-anjos individuais iniciais. O montante investido era significativo para uma empresa de tecnologia em fase de arranque e representava um desafio interessante, dado o n\u00famero de partes envolvidas, o investimento inicial de uma fam\u00edlia pessoal e o facto de um dos fundadores da empresa estar agora a exigir o registo do seu investimento na legisla\u00e7\u00e3o do Reino Unido e na legisla\u00e7\u00e3o portuguesa, enquanto a empresa operava no Reino Unido.<br><\/p>\n\n\n\n<h3 class=\"wp-block-heading\"><strong>Empr\u00e9stimos para empresas<\/strong><\/h3>\n\n\n\n<p>Temos uma vasta experi\u00eancia em opera\u00e7\u00f5es de cr\u00e9dito mais tradicionais, para mutuantes e mutu\u00e1rios. Temos uma experi\u00eancia particular no sector do financiamento imobili\u00e1rio, tanto em termos de contratos de empr\u00e9stimo de diretores para empresas de investimento e desenvolvimento imobili\u00e1rio, empr\u00e9stimos para financiar aquisi\u00e7\u00f5es, tais como neg\u00f3cios de hot\u00e9is e espa\u00e7os para casamentos, mas tamb\u00e9m noutros contextos relacionados, tais como <a href=\"https:\/\/rfblegal.co.uk\/pt\/servicos\/direito-comercial\/servicos-imobiliarios-comerciais\/promocao-imobiliaria-comercial\/\">promo\u00e7\u00e3o imobili\u00e1ria<\/a> e joint ventures no sector imobili\u00e1rio. A flexibilidade dos nossos advogados significa que prestamos aconselhamento em acordos que v\u00e3o desde facilidades relativamente pequenas a empr\u00e9stimos de mais de 100 milh\u00f5es de libras.<\/p>\n\n\n\n<p><\/p>","protected":false},"excerpt":{"rendered":"<p>Uma introdu\u00e7\u00e3o e uma vis\u00e3o geral da angaria\u00e7\u00e3o de fundos de capital, empr\u00e9stimos e empr\u00e9stimos Sabemos que o financiamento da sua empresa pode ser crucial em v\u00e1rias fases, desde o arranque e o crescimento das empresas at\u00e9 \u00e0s aquisi\u00e7\u00f5es, ao crescimento maduro e ao refinanciamento. A nossa vasta experi\u00eancia significa que os nossos advogados e solicitadores de empresas podem antecipar as exig\u00eancias e preocupa\u00e7\u00f5es dos credores ou investidores ... <a href=\"https:\/\/rfblegal.co.uk\/pt\/servicos\/direito-pessoal\/empresarial\/emprestimos-obrigacoes-e-capital-proprio\/\">Continua\u00e7\u00e3o<\/a><\/p>","protected":false},"author":1,"featured_media":0,"parent":2385,"menu_order":0,"comment_status":"closed","ping_status":"closed","template":"tier3-template.blade.php","meta":{"_acf_changed":false,"om_disable_all_campaigns":false,"_uf_show_specific_survey":0,"_uf_disable_surveys":false,"footnotes":""},"class_list":["post-2399","page","type-page","status-publish","hentry"],"acf":[],"aioseo_notices":[],"yoast_head":"<!-- This site is optimized with the Yoast SEO plugin v27.2 - https:\/\/yoast.com\/product\/yoast-seo-wordpress\/ -->\n<title>Loans and Equity - RFB Legal<\/title>\n<meta name=\"description\" content=\"An introduction and overview to equity fundraising, borrowing and lending We know that financing for your business can be crucial at a number of stages,\" \/>\n<meta name=\"robots\" content=\"index, follow, max-snippet:-1, max-image-preview:large, max-video-preview:-1\" \/>\n<link rel=\"canonical\" href=\"https:\/\/rfblegal.co.uk\/pt\/servicos\/direito-pessoal\/empresarial\/emprestimos-obrigacoes-e-capital-proprio\/\" \/>\n<meta property=\"og:locale\" content=\"pt_PT\" \/>\n<meta property=\"og:type\" content=\"article\" \/>\n<meta property=\"og:title\" content=\"Loans and Equity - RFB Legal\" \/>\n<meta property=\"og:description\" content=\"An introduction and overview to equity fundraising, borrowing and lending We know that financing for your business can be crucial at a number of stages,\" \/>\n<meta property=\"og:url\" content=\"https:\/\/rfblegal.co.uk\/pt\/servicos\/direito-pessoal\/empresarial\/emprestimos-obrigacoes-e-capital-proprio\/\" \/>\n<meta property=\"og:site_name\" content=\"RFB Legal\" \/>\n<meta property=\"article:publisher\" content=\"https:\/\/www.facebook.com\/RFBLegal\/\" \/>\n<meta property=\"article:modified_time\" content=\"2026-03-26T10:53:38+00:00\" \/>\n<meta name=\"twitter:card\" content=\"summary_large_image\" \/>\n<meta name=\"twitter:label1\" content=\"Est. reading time\" \/>\n\t<meta name=\"twitter:data1\" content=\"2 minutos\" \/>\n<script type=\"application\/ld+json\" class=\"yoast-schema-graph\">{\"@context\":\"https:\/\/schema.org\",\"@graph\":[{\"@type\":\"WebPage\",\"@id\":\"https:\/\/rfblegal.co.uk\/services\/personal-law\/corporate\/loans-bonds-and-equity\/\",\"url\":\"https:\/\/rfblegal.co.uk\/services\/personal-law\/corporate\/loans-bonds-and-equity\/\",\"name\":\"Loans and Equity - RFB Legal\",\"isPartOf\":{\"@id\":\"https:\/\/rfblegal.co.uk\/#website\"},\"datePublished\":\"2024-02-21T15:27:19+00:00\",\"dateModified\":\"2026-03-26T10:53:38+00:00\",\"description\":\"An introduction and overview to equity fundraising, borrowing and lending We know that financing for your business can be crucial at a number of stages,\",\"breadcrumb\":{\"@id\":\"https:\/\/rfblegal.co.uk\/services\/personal-law\/corporate\/loans-bonds-and-equity\/#breadcrumb\"},\"inLanguage\":\"pt-PT\",\"potentialAction\":[{\"@type\":\"ReadAction\",\"target\":[\"https:\/\/rfblegal.co.uk\/services\/personal-law\/corporate\/loans-bonds-and-equity\/\"]}]},{\"@type\":\"BreadcrumbList\",\"@id\":\"https:\/\/rfblegal.co.uk\/services\/personal-law\/corporate\/loans-bonds-and-equity\/#breadcrumb\",\"itemListElement\":[{\"@type\":\"ListItem\",\"position\":1,\"name\":\"Home\",\"item\":\"https:\/\/rfblegal.co.uk\/\"},{\"@type\":\"ListItem\",\"position\":2,\"name\":\"Services\",\"item\":\"https:\/\/rfblegal.co.uk\/services\/\"},{\"@type\":\"ListItem\",\"position\":3,\"name\":\"Personal Law Services\",\"item\":\"https:\/\/rfblegal.co.uk\/services\/personal-law\/\"},{\"@type\":\"ListItem\",\"position\":4,\"name\":\"Corporate\",\"item\":\"https:\/\/rfblegal.co.uk\/services\/personal-law\/corporate\/\"},{\"@type\":\"ListItem\",\"position\":5,\"name\":\"Loans and Equity\"}]},{\"@type\":\"WebSite\",\"@id\":\"https:\/\/rfblegal.co.uk\/#website\",\"url\":\"https:\/\/rfblegal.co.uk\/\",\"name\":\"RFB Legal\",\"description\":\"\",\"publisher\":{\"@id\":\"https:\/\/rfblegal.co.uk\/#organization\"},\"potentialAction\":[{\"@type\":\"SearchAction\",\"target\":{\"@type\":\"EntryPoint\",\"urlTemplate\":\"https:\/\/rfblegal.co.uk\/?s={search_term_string}\"},\"query-input\":{\"@type\":\"PropertyValueSpecification\",\"valueRequired\":true,\"valueName\":\"search_term_string\"}}],\"inLanguage\":\"pt-PT\"},{\"@type\":\"Organization\",\"@id\":\"https:\/\/rfblegal.co.uk\/#organization\",\"name\":\"RFB Legal\",\"url\":\"https:\/\/rfblegal.co.uk\/\",\"logo\":{\"@type\":\"ImageObject\",\"inLanguage\":\"pt-PT\",\"@id\":\"https:\/\/rfblegal.co.uk\/#\/schema\/logo\/image\/\",\"url\":\"https:\/\/rfblegal.co.uk\/wp-content\/uploads\/2024\/01\/header_company_logo.svg\",\"contentUrl\":\"https:\/\/rfblegal.co.uk\/wp-content\/uploads\/2024\/01\/header_company_logo.svg\",\"caption\":\"RFB Legal\"},\"image\":{\"@id\":\"https:\/\/rfblegal.co.uk\/#\/schema\/logo\/image\/\"},\"sameAs\":[\"https:\/\/www.facebook.com\/RFBLegal\/\",\"https:\/\/www.linkedin.com\/uas\/login?session_redirect=company2012282\",\"https:\/\/www.instagram.com\/rfb_legal\/\"]}]}<\/script>\n<!-- \/ Yoast SEO plugin. -->","yoast_head_json":{"title":"Empr\u00e9stimos e capital pr\u00f3prio - RFB Legal","description":"Uma introdu\u00e7\u00e3o e uma vis\u00e3o geral da angaria\u00e7\u00e3o de fundos de capital, da contra\u00e7\u00e3o de empr\u00e9stimos e da concess\u00e3o de empr\u00e9stimos Sabemos que o financiamento da sua empresa pode ser crucial em v\u00e1rias fases,","robots":{"index":"index","follow":"follow","max-snippet":"max-snippet:-1","max-image-preview":"max-image-preview:large","max-video-preview":"max-video-preview:-1"},"canonical":"https:\/\/rfblegal.co.uk\/pt\/servicos\/direito-pessoal\/empresarial\/emprestimos-obrigacoes-e-capital-proprio\/","og_locale":"pt_PT","og_type":"article","og_title":"Loans and Equity - RFB Legal","og_description":"An introduction and overview to equity fundraising, borrowing and lending We know that financing for your business can be crucial at a number of stages,","og_url":"https:\/\/rfblegal.co.uk\/pt\/servicos\/direito-pessoal\/empresarial\/emprestimos-obrigacoes-e-capital-proprio\/","og_site_name":"RFB Legal","article_publisher":"https:\/\/www.facebook.com\/RFBLegal\/","article_modified_time":"2026-03-26T10:53:38+00:00","twitter_card":"summary_large_image","twitter_misc":{"Est. reading time":"2 minutos"},"schema":{"@context":"https:\/\/schema.org","@graph":[{"@type":"WebPage","@id":"https:\/\/rfblegal.co.uk\/services\/personal-law\/corporate\/loans-bonds-and-equity\/","url":"https:\/\/rfblegal.co.uk\/services\/personal-law\/corporate\/loans-bonds-and-equity\/","name":"Empr\u00e9stimos e capital pr\u00f3prio - RFB Legal","isPartOf":{"@id":"https:\/\/rfblegal.co.uk\/#website"},"datePublished":"2024-02-21T15:27:19+00:00","dateModified":"2026-03-26T10:53:38+00:00","description":"Uma introdu\u00e7\u00e3o e uma vis\u00e3o geral da angaria\u00e7\u00e3o de fundos de capital, da contra\u00e7\u00e3o de empr\u00e9stimos e da concess\u00e3o de empr\u00e9stimos Sabemos que o financiamento da sua empresa pode ser crucial em v\u00e1rias fases,","breadcrumb":{"@id":"https:\/\/rfblegal.co.uk\/services\/personal-law\/corporate\/loans-bonds-and-equity\/#breadcrumb"},"inLanguage":"pt-PT","potentialAction":[{"@type":"ReadAction","target":["https:\/\/rfblegal.co.uk\/services\/personal-law\/corporate\/loans-bonds-and-equity\/"]}]},{"@type":"BreadcrumbList","@id":"https:\/\/rfblegal.co.uk\/services\/personal-law\/corporate\/loans-bonds-and-equity\/#breadcrumb","itemListElement":[{"@type":"ListItem","position":1,"name":"Home","item":"https:\/\/rfblegal.co.uk\/"},{"@type":"ListItem","position":2,"name":"Services","item":"https:\/\/rfblegal.co.uk\/services\/"},{"@type":"ListItem","position":3,"name":"Personal Law Services","item":"https:\/\/rfblegal.co.uk\/services\/personal-law\/"},{"@type":"ListItem","position":4,"name":"Corporate","item":"https:\/\/rfblegal.co.uk\/services\/personal-law\/corporate\/"},{"@type":"ListItem","position":5,"name":"Loans and Equity"}]},{"@type":"WebSite","@id":"https:\/\/rfblegal.co.uk\/#website","url":"https:\/\/rfblegal.co.uk\/","name":"Jur\u00eddico da RFB","description":"","publisher":{"@id":"https:\/\/rfblegal.co.uk\/#organization"},"potentialAction":[{"@type":"SearchAction","target":{"@type":"EntryPoint","urlTemplate":"https:\/\/rfblegal.co.uk\/?s={search_term_string}"},"query-input":{"@type":"PropertyValueSpecification","valueRequired":true,"valueName":"search_term_string"}}],"inLanguage":"pt-PT"},{"@type":"Organization","@id":"https:\/\/rfblegal.co.uk\/#organization","name":"Jur\u00eddico da RFB","url":"https:\/\/rfblegal.co.uk\/","logo":{"@type":"ImageObject","inLanguage":"pt-PT","@id":"https:\/\/rfblegal.co.uk\/#\/schema\/logo\/image\/","url":"https:\/\/rfblegal.co.uk\/wp-content\/uploads\/2024\/01\/header_company_logo.svg","contentUrl":"https:\/\/rfblegal.co.uk\/wp-content\/uploads\/2024\/01\/header_company_logo.svg","caption":"RFB Legal"},"image":{"@id":"https:\/\/rfblegal.co.uk\/#\/schema\/logo\/image\/"},"sameAs":["https:\/\/www.facebook.com\/RFBLegal\/","https:\/\/www.linkedin.com\/uas\/login?session_redirect=company2012282","https:\/\/www.instagram.com\/rfb_legal\/"]}]}},"_links":{"self":[{"href":"https:\/\/rfblegal.co.uk\/pt\/wp-json\/wp\/v2\/pages\/2399","targetHints":{"allow":["GET"]}}],"collection":[{"href":"https:\/\/rfblegal.co.uk\/pt\/wp-json\/wp\/v2\/pages"}],"about":[{"href":"https:\/\/rfblegal.co.uk\/pt\/wp-json\/wp\/v2\/types\/page"}],"author":[{"embeddable":true,"href":"https:\/\/rfblegal.co.uk\/pt\/wp-json\/wp\/v2\/users\/1"}],"replies":[{"embeddable":true,"href":"https:\/\/rfblegal.co.uk\/pt\/wp-json\/wp\/v2\/comments?post=2399"}],"version-history":[{"count":1,"href":"https:\/\/rfblegal.co.uk\/pt\/wp-json\/wp\/v2\/pages\/2399\/revisions"}],"predecessor-version":[{"id":9078,"href":"https:\/\/rfblegal.co.uk\/pt\/wp-json\/wp\/v2\/pages\/2399\/revisions\/9078"}],"up":[{"embeddable":true,"href":"https:\/\/rfblegal.co.uk\/pt\/wp-json\/wp\/v2\/pages\/2385"}],"wp:attachment":[{"href":"https:\/\/rfblegal.co.uk\/pt\/wp-json\/wp\/v2\/media?parent=2399"}],"curies":[{"name":"wp","href":"https:\/\/api.w.org\/{rel}","templated":true}]}}