{"id":2369,"date":"2024-02-21T15:05:40","date_gmt":"2024-02-21T15:05:40","guid":{"rendered":"https:\/\/rfblegal.co.uk\/?page_id=2369"},"modified":"2025-09-04T18:11:58","modified_gmt":"2025-09-04T18:11:58","slug":"barriga-de-aluguer-fertilidade-e-adocao","status":"publish","type":"page","link":"https:\/\/rfblegal.co.uk\/pt\/servicos\/direito-pessoal\/divorcio-familia\/barriga-de-aluguer-fertilidade-e-adocao\/","title":{"rendered":"Barriga de aluguer, Fertilidade e Ado\u00e7\u00e3o"},"content":{"rendered":"<h2 class=\"wp-block-heading has-2-xl-font-size\" style=\"padding-top:var(--wp--preset--spacing--20);padding-bottom:var(--wp--preset--spacing--20);font-style:normal;font-weight:600\">Barriga de aluguer, Fertilidade e Ado\u00e7\u00e3o<\/h2>\n\n\n\n<h4 class=\"wp-block-heading has-lg-font-size\" style=\"padding-top:var(--wp--preset--spacing--20);padding-bottom:var(--wp--preset--spacing--20);font-style:normal;font-weight:500\"><strong>A maternidade de substitui\u00e7\u00e3o \u00e9 a pr\u00e1tica atrav\u00e9s da qual uma mulher carrega uma crian\u00e7a com a inten\u00e7\u00e3o de que esta lhe seja entregue \u00e0 nascen\u00e7a. \u00c9 uma forma cada vez mais popular de as pessoas alargarem as suas fam\u00edlias. Existem dois tipos diferentes de maternidade de substitui\u00e7\u00e3o:<\/strong><\/h4>\n\n\n\n<p style=\"padding-top:var(--wp--preset--spacing--20);padding-right:var(--wp--preset--spacing--50);padding-bottom:var(--wp--preset--spacing--20);padding-left:var(--wp--preset--spacing--50)\"><strong>- Barriga de aluguer tradicional<\/strong>\u00a0- s\u00e3o utilizados os \u00f3vulos da pr\u00f3pria m\u00e3e de aluguer, pelo que esta tem um parentesco biol\u00f3gico com a crian\u00e7a<\/p>\n\n\n\n<p style=\"padding-top:var(--wp--preset--spacing--20);padding-right:var(--wp--preset--spacing--50);padding-bottom:var(--wp--preset--spacing--20);padding-left:var(--wp--preset--spacing--50)\"><strong>- Barriga de aluguer de acolhimento<\/strong>\u00a0- a barriga de aluguer n\u00e3o tem qualquer rela\u00e7\u00e3o biol\u00f3gica com a crian\u00e7a e s\u00e3o utilizados os \u00f3vulos da m\u00e3e pretendida ou de uma dadora de \u00f3vulos<\/p>\n\n\n\n<p style=\"padding-top:var(--wp--preset--spacing--20);padding-bottom:var(--wp--preset--spacing--20)\">Ambos os tipos de maternidade de substitui\u00e7\u00e3o s\u00e3o permitidos ao abrigo da legisla\u00e7\u00e3o inglesa, sob reserva de determinadas limita\u00e7\u00f5es. No entanto, \u00e9 ilegal pagar a uma barriga de aluguer para obter ganhos comerciais, o que significa que n\u00e3o \u00e9 poss\u00edvel efetuar pagamentos comerciais para que algu\u00e9m actue como barriga de aluguer.<\/p>\n\n\n\n<p style=\"padding-top:var(--wp--preset--spacing--20);padding-bottom:var(--wp--preset--spacing--20)\">\u00c9 vital obter aconselhamento jur\u00eddico desde o in\u00edcio do seu percurso. Os nossos advogados de fam\u00edlia experientes podem fornecer todo o aconselhamento e apoio de que necessita para tornar um processo dif\u00edcil num processo sem stress.<\/p>\n\n\n\n<p style=\"padding-top:var(--wp--preset--spacing--20);padding-bottom:var(--wp--preset--spacing--20)\">Os advogados da RFB especializados em direito da fertilidade e da maternidade de substitui\u00e7\u00e3o t\u00eam uma vasta experi\u00eancia em todas as quest\u00f5es jur\u00eddicas relativas \u00e0 maternidade de substitui\u00e7\u00e3o, \u00e0 fertilidade e \u00e0 ado\u00e7\u00e3o.<\/p>","protected":false},"excerpt":{"rendered":"<p>Barriga de aluguer, fertilidade e ado\u00e7\u00e3o A barriga de aluguer \u00e9 a pr\u00e1tica em que uma mulher carrega uma crian\u00e7a com a inten\u00e7\u00e3o de que esta lhe seja entregue \u00e0 nascen\u00e7a. \u00c9 uma forma cada vez mais popular de as pessoas alargarem as suas fam\u00edlias. Existem dois tipos diferentes de maternidade de substitui\u00e7\u00e3o: - Maternidade de substitui\u00e7\u00e3o tradicional - s\u00e3o utilizados os \u00f3vulos da pr\u00f3pria ... <a href=\"https:\/\/rfblegal.co.uk\/pt\/servicos\/direito-pessoal\/divorcio-familia\/barriga-de-aluguer-fertilidade-e-adocao\/\">Continua\u00e7\u00e3o<\/a><\/p>","protected":false},"author":1,"featured_media":2934,"parent":2344,"menu_order":0,"comment_status":"closed","ping_status":"closed","template":"tier3-template.blade.php","meta":{"_acf_changed":false,"om_disable_all_campaigns":false,"_uf_show_specific_survey":0,"_uf_disable_surveys":false,"footnotes":""},"class_list":["post-2369","page","type-page","status-publish","has-post-thumbnail","hentry"],"acf":[],"aioseo_notices":[],"yoast_head":"<!-- This site is optimized with the Yoast SEO plugin v27.2 - https:\/\/yoast.com\/product\/yoast-seo-wordpress\/ -->\n<title>Surrogacy, Fertility and Adoption - RFB Legal<\/title>\n<meta name=\"description\" content=\"Surrogacy, Fertility and Adoption Surrogacy is the practise whereby a woman carries a child with the intention that the child should be handed over\" \/>\n<meta name=\"robots\" content=\"index, follow, max-snippet:-1, max-image-preview:large, max-video-preview:-1\" \/>\n<link rel=\"canonical\" href=\"https:\/\/rfblegal.co.uk\/pt\/servicos\/direito-pessoal\/divorcio-familia\/barriga-de-aluguer-fertilidade-e-adocao\/\" \/>\n<meta property=\"og:locale\" content=\"pt_PT\" \/>\n<meta property=\"og:type\" content=\"article\" \/>\n<meta property=\"og:title\" content=\"Surrogacy, Fertility and Adoption - RFB Legal\" \/>\n<meta property=\"og:description\" content=\"Surrogacy, Fertility and Adoption Surrogacy is the practise whereby a woman carries a child with the intention that the child should be handed over\" \/>\n<meta property=\"og:url\" content=\"https:\/\/rfblegal.co.uk\/pt\/servicos\/direito-pessoal\/divorcio-familia\/barriga-de-aluguer-fertilidade-e-adocao\/\" \/>\n<meta property=\"og:site_name\" content=\"RFB Legal\" \/>\n<meta property=\"article:publisher\" content=\"https:\/\/www.facebook.com\/RFBLegal\/\" \/>\n<meta property=\"article:modified_time\" content=\"2025-09-04T18:11:58+00:00\" \/>\n<meta property=\"og:image\" content=\"https:\/\/rfblegal.co.uk\/wp-content\/uploads\/2024\/02\/Surrogacy_Fertility_Adoption_and_LGBTQI.jpg\" \/>\n\t<meta property=\"og:image:width\" content=\"1440\" \/>\n\t<meta property=\"og:image:height\" content=\"550\" \/>\n\t<meta property=\"og:image:type\" content=\"image\/jpeg\" \/>\n<meta name=\"twitter:card\" content=\"summary_large_image\" \/>\n<meta name=\"twitter:label1\" content=\"Est. reading time\" \/>\n\t<meta name=\"twitter:data1\" content=\"1 minuto\" \/>\n<script type=\"application\/ld+json\" class=\"yoast-schema-graph\">{\"@context\":\"https:\/\/schema.org\",\"@graph\":[{\"@type\":\"WebPage\",\"@id\":\"https:\/\/rfblegal.co.uk\/services\/personal-law\/divorce-family\/surrogacy-fertility-and-adoption\/\",\"url\":\"https:\/\/rfblegal.co.uk\/services\/personal-law\/divorce-family\/surrogacy-fertility-and-adoption\/\",\"name\":\"Surrogacy, Fertility and Adoption - RFB Legal\",\"isPartOf\":{\"@id\":\"https:\/\/rfblegal.co.uk\/#website\"},\"primaryImageOfPage\":{\"@id\":\"https:\/\/rfblegal.co.uk\/services\/personal-law\/divorce-family\/surrogacy-fertility-and-adoption\/#primaryimage\"},\"image\":{\"@id\":\"https:\/\/rfblegal.co.uk\/services\/personal-law\/divorce-family\/surrogacy-fertility-and-adoption\/#primaryimage\"},\"thumbnailUrl\":\"https:\/\/rfblegal.co.uk\/wp-content\/uploads\/2024\/02\/Surrogacy_Fertility_Adoption_and_LGBTQI.jpg\",\"datePublished\":\"2024-02-21T15:05:40+00:00\",\"dateModified\":\"2025-09-04T18:11:58+00:00\",\"description\":\"Surrogacy, Fertility and Adoption Surrogacy is the practise whereby a woman carries a child with the intention that the child should be handed over\",\"breadcrumb\":{\"@id\":\"https:\/\/rfblegal.co.uk\/services\/personal-law\/divorce-family\/surrogacy-fertility-and-adoption\/#breadcrumb\"},\"inLanguage\":\"pt-PT\",\"potentialAction\":[{\"@type\":\"ReadAction\",\"target\":[\"https:\/\/rfblegal.co.uk\/services\/personal-law\/divorce-family\/surrogacy-fertility-and-adoption\/\"]}]},{\"@type\":\"ImageObject\",\"inLanguage\":\"pt-PT\",\"@id\":\"https:\/\/rfblegal.co.uk\/services\/personal-law\/divorce-family\/surrogacy-fertility-and-adoption\/#primaryimage\",\"url\":\"https:\/\/rfblegal.co.uk\/wp-content\/uploads\/2024\/02\/Surrogacy_Fertility_Adoption_and_LGBTQI.jpg\",\"contentUrl\":\"https:\/\/rfblegal.co.uk\/wp-content\/uploads\/2024\/02\/Surrogacy_Fertility_Adoption_and_LGBTQI.jpg\",\"width\":1440,\"height\":550},{\"@type\":\"BreadcrumbList\",\"@id\":\"https:\/\/rfblegal.co.uk\/services\/personal-law\/divorce-family\/surrogacy-fertility-and-adoption\/#breadcrumb\",\"itemListElement\":[{\"@type\":\"ListItem\",\"position\":1,\"name\":\"Home\",\"item\":\"https:\/\/rfblegal.co.uk\/\"},{\"@type\":\"ListItem\",\"position\":2,\"name\":\"Services\",\"item\":\"https:\/\/rfblegal.co.uk\/services\/\"},{\"@type\":\"ListItem\",\"position\":3,\"name\":\"Personal Law Services\",\"item\":\"https:\/\/rfblegal.co.uk\/services\/personal-law\/\"},{\"@type\":\"ListItem\",\"position\":4,\"name\":\"Divorce &amp; Family\",\"item\":\"https:\/\/rfblegal.co.uk\/services\/personal-law\/divorce-family\/\"},{\"@type\":\"ListItem\",\"position\":5,\"name\":\"Surrogacy, Fertility and Adoption\"}]},{\"@type\":\"WebSite\",\"@id\":\"https:\/\/rfblegal.co.uk\/#website\",\"url\":\"https:\/\/rfblegal.co.uk\/\",\"name\":\"RFB Legal\",\"description\":\"\",\"publisher\":{\"@id\":\"https:\/\/rfblegal.co.uk\/#organization\"},\"potentialAction\":[{\"@type\":\"SearchAction\",\"target\":{\"@type\":\"EntryPoint\",\"urlTemplate\":\"https:\/\/rfblegal.co.uk\/?s={search_term_string}\"},\"query-input\":{\"@type\":\"PropertyValueSpecification\",\"valueRequired\":true,\"valueName\":\"search_term_string\"}}],\"inLanguage\":\"pt-PT\"},{\"@type\":\"Organization\",\"@id\":\"https:\/\/rfblegal.co.uk\/#organization\",\"name\":\"RFB Legal\",\"url\":\"https:\/\/rfblegal.co.uk\/\",\"logo\":{\"@type\":\"ImageObject\",\"inLanguage\":\"pt-PT\",\"@id\":\"https:\/\/rfblegal.co.uk\/#\/schema\/logo\/image\/\",\"url\":\"https:\/\/rfblegal.co.uk\/wp-content\/uploads\/2024\/01\/header_company_logo.svg\",\"contentUrl\":\"https:\/\/rfblegal.co.uk\/wp-content\/uploads\/2024\/01\/header_company_logo.svg\",\"caption\":\"RFB Legal\"},\"image\":{\"@id\":\"https:\/\/rfblegal.co.uk\/#\/schema\/logo\/image\/\"},\"sameAs\":[\"https:\/\/www.facebook.com\/RFBLegal\/\",\"https:\/\/www.linkedin.com\/uas\/login?session_redirect=company2012282\",\"https:\/\/www.instagram.com\/rfb_legal\/\"]}]}<\/script>\n<!-- \/ Yoast SEO plugin. -->","yoast_head_json":{"title":"Barriga de aluguer, Fertilidade e Ado\u00e7\u00e3o - RFB Legal","description":"Barriga de aluguer, fertilidade e ado\u00e7\u00e3o A barriga de aluguer \u00e9 a pr\u00e1tica em que uma mulher carrega uma crian\u00e7a com a inten\u00e7\u00e3o de que esta lhe seja entregue","robots":{"index":"index","follow":"follow","max-snippet":"max-snippet:-1","max-image-preview":"max-image-preview:large","max-video-preview":"max-video-preview:-1"},"canonical":"https:\/\/rfblegal.co.uk\/pt\/servicos\/direito-pessoal\/divorcio-familia\/barriga-de-aluguer-fertilidade-e-adocao\/","og_locale":"pt_PT","og_type":"article","og_title":"Surrogacy, Fertility and Adoption - RFB Legal","og_description":"Surrogacy, Fertility and Adoption Surrogacy is the practise whereby a woman carries a child with the intention that the child should be handed over","og_url":"https:\/\/rfblegal.co.uk\/pt\/servicos\/direito-pessoal\/divorcio-familia\/barriga-de-aluguer-fertilidade-e-adocao\/","og_site_name":"RFB Legal","article_publisher":"https:\/\/www.facebook.com\/RFBLegal\/","article_modified_time":"2025-09-04T18:11:58+00:00","og_image":[{"width":1440,"height":550,"url":"https:\/\/rfblegal.co.uk\/wp-content\/uploads\/2024\/02\/Surrogacy_Fertility_Adoption_and_LGBTQI.jpg","type":"image\/jpeg"}],"twitter_card":"summary_large_image","twitter_misc":{"Est. reading time":"1 minuto"},"schema":{"@context":"https:\/\/schema.org","@graph":[{"@type":"WebPage","@id":"https:\/\/rfblegal.co.uk\/services\/personal-law\/divorce-family\/surrogacy-fertility-and-adoption\/","url":"https:\/\/rfblegal.co.uk\/services\/personal-law\/divorce-family\/surrogacy-fertility-and-adoption\/","name":"Barriga de aluguer, Fertilidade e Ado\u00e7\u00e3o - RFB Legal","isPartOf":{"@id":"https:\/\/rfblegal.co.uk\/#website"},"primaryImageOfPage":{"@id":"https:\/\/rfblegal.co.uk\/services\/personal-law\/divorce-family\/surrogacy-fertility-and-adoption\/#primaryimage"},"image":{"@id":"https:\/\/rfblegal.co.uk\/services\/personal-law\/divorce-family\/surrogacy-fertility-and-adoption\/#primaryimage"},"thumbnailUrl":"https:\/\/rfblegal.co.uk\/wp-content\/uploads\/2024\/02\/Surrogacy_Fertility_Adoption_and_LGBTQI.jpg","datePublished":"2024-02-21T15:05:40+00:00","dateModified":"2025-09-04T18:11:58+00:00","description":"Barriga de aluguer, fertilidade e ado\u00e7\u00e3o A barriga de aluguer \u00e9 a pr\u00e1tica em que uma mulher carrega uma crian\u00e7a com a inten\u00e7\u00e3o de que esta lhe seja entregue","breadcrumb":{"@id":"https:\/\/rfblegal.co.uk\/services\/personal-law\/divorce-family\/surrogacy-fertility-and-adoption\/#breadcrumb"},"inLanguage":"pt-PT","potentialAction":[{"@type":"ReadAction","target":["https:\/\/rfblegal.co.uk\/services\/personal-law\/divorce-family\/surrogacy-fertility-and-adoption\/"]}]},{"@type":"ImageObject","inLanguage":"pt-PT","@id":"https:\/\/rfblegal.co.uk\/services\/personal-law\/divorce-family\/surrogacy-fertility-and-adoption\/#primaryimage","url":"https:\/\/rfblegal.co.uk\/wp-content\/uploads\/2024\/02\/Surrogacy_Fertility_Adoption_and_LGBTQI.jpg","contentUrl":"https:\/\/rfblegal.co.uk\/wp-content\/uploads\/2024\/02\/Surrogacy_Fertility_Adoption_and_LGBTQI.jpg","width":1440,"height":550},{"@type":"BreadcrumbList","@id":"https:\/\/rfblegal.co.uk\/services\/personal-law\/divorce-family\/surrogacy-fertility-and-adoption\/#breadcrumb","itemListElement":[{"@type":"ListItem","position":1,"name":"Home","item":"https:\/\/rfblegal.co.uk\/"},{"@type":"ListItem","position":2,"name":"Services","item":"https:\/\/rfblegal.co.uk\/services\/"},{"@type":"ListItem","position":3,"name":"Personal Law Services","item":"https:\/\/rfblegal.co.uk\/services\/personal-law\/"},{"@type":"ListItem","position":4,"name":"Divorce &amp; Family","item":"https:\/\/rfblegal.co.uk\/services\/personal-law\/divorce-family\/"},{"@type":"ListItem","position":5,"name":"Surrogacy, Fertility and Adoption"}]},{"@type":"WebSite","@id":"https:\/\/rfblegal.co.uk\/#website","url":"https:\/\/rfblegal.co.uk\/","name":"Jur\u00eddico da RFB","description":"","publisher":{"@id":"https:\/\/rfblegal.co.uk\/#organization"},"potentialAction":[{"@type":"SearchAction","target":{"@type":"EntryPoint","urlTemplate":"https:\/\/rfblegal.co.uk\/?s={search_term_string}"},"query-input":{"@type":"PropertyValueSpecification","valueRequired":true,"valueName":"search_term_string"}}],"inLanguage":"pt-PT"},{"@type":"Organization","@id":"https:\/\/rfblegal.co.uk\/#organization","name":"Jur\u00eddico da RFB","url":"https:\/\/rfblegal.co.uk\/","logo":{"@type":"ImageObject","inLanguage":"pt-PT","@id":"https:\/\/rfblegal.co.uk\/#\/schema\/logo\/image\/","url":"https:\/\/rfblegal.co.uk\/wp-content\/uploads\/2024\/01\/header_company_logo.svg","contentUrl":"https:\/\/rfblegal.co.uk\/wp-content\/uploads\/2024\/01\/header_company_logo.svg","caption":"RFB Legal"},"image":{"@id":"https:\/\/rfblegal.co.uk\/#\/schema\/logo\/image\/"},"sameAs":["https:\/\/www.facebook.com\/RFBLegal\/","https:\/\/www.linkedin.com\/uas\/login?session_redirect=company2012282","https:\/\/www.instagram.com\/rfb_legal\/"]}]}},"_links":{"self":[{"href":"https:\/\/rfblegal.co.uk\/pt\/wp-json\/wp\/v2\/pages\/2369","targetHints":{"allow":["GET"]}}],"collection":[{"href":"https:\/\/rfblegal.co.uk\/pt\/wp-json\/wp\/v2\/pages"}],"about":[{"href":"https:\/\/rfblegal.co.uk\/pt\/wp-json\/wp\/v2\/types\/page"}],"author":[{"embeddable":true,"href":"https:\/\/rfblegal.co.uk\/pt\/wp-json\/wp\/v2\/users\/1"}],"replies":[{"embeddable":true,"href":"https:\/\/rfblegal.co.uk\/pt\/wp-json\/wp\/v2\/comments?post=2369"}],"version-history":[{"count":1,"href":"https:\/\/rfblegal.co.uk\/pt\/wp-json\/wp\/v2\/pages\/2369\/revisions"}],"predecessor-version":[{"id":6971,"href":"https:\/\/rfblegal.co.uk\/pt\/wp-json\/wp\/v2\/pages\/2369\/revisions\/6971"}],"up":[{"embeddable":true,"href":"https:\/\/rfblegal.co.uk\/pt\/wp-json\/wp\/v2\/pages\/2344"}],"wp:featuredmedia":[{"embeddable":true,"href":"https:\/\/rfblegal.co.uk\/pt\/wp-json\/wp\/v2\/media\/2934"}],"wp:attachment":[{"href":"https:\/\/rfblegal.co.uk\/pt\/wp-json\/wp\/v2\/media?parent=2369"}],"curies":[{"name":"wp","href":"https:\/\/api.w.org\/{rel}","templated":true}]}}