{"id":2359,"date":"2024-02-21T15:01:29","date_gmt":"2024-02-21T15:01:29","guid":{"rendered":"https:\/\/rfblegal.co.uk\/?page_id=2359"},"modified":"2024-02-23T08:37:06","modified_gmt":"2024-02-23T08:37:06","slug":"convencoes-pre-nupciais-e-pos-nupciais-e-protecao-do-patrimonio","status":"publish","type":"page","link":"https:\/\/rfblegal.co.uk\/pt\/servicos\/direito-pessoal\/divorcio-familia\/convencoes-pre-nupciais-e-pos-nupciais-e-protecao-do-patrimonio\/","title":{"rendered":"Acordos pr\u00e9-nupciais e p\u00f3s-nupciais e prote\u00e7\u00e3o do patrim\u00f3nio"},"content":{"rendered":"<h2 class=\"wp-block-heading has-2-xl-font-size\" style=\"padding-top:var(--wp--preset--spacing--20);padding-bottom:var(--wp--preset--spacing--20);font-style:normal;font-weight:600\">Acordos pr\u00e9-nupciais e p\u00f3s-nupciais<\/h2>\n\n\n\n<h4 class=\"wp-block-heading has-lg-font-size\" style=\"padding-top:var(--wp--preset--spacing--20);padding-bottom:var(--wp--preset--spacing--20);font-style:normal;font-weight:500\"><strong>As conven\u00e7\u00f5es nupciais s\u00e3o acordos que visam regular a distribui\u00e7\u00e3o dos bens em caso de rutura do casamento ou da parceria civil. Podem ser celebradas antes ou depois do casamento ou da uni\u00e3o de facto.<\/strong><\/h4>\n\n\n\n<p style=\"padding-top:var(--wp--preset--spacing--20);padding-bottom:var(--wp--preset--spacing--20)\">Embora as conven\u00e7\u00f5es nupciais estejam a ganhar for\u00e7a e \u2018peso\u2019 nos tribunais, n\u00e3o s\u00e3o vinculativas em Inglaterra e no Pa\u00eds de Gales e o tribunal mant\u00e9m o seu poder discricion\u00e1rio para dividir os bens das partes de acordo com o que \u00e9 \u2019justo\u2018. No entanto, se um acordo tiver sido adequadamente preparado e ambas as partes tiverem recebido aconselhamento jur\u00eddico sobre os termos do acordo, este pode constituir um fator preponderante para o tribunal considerar ao decidir o que \u00e9 \u2019justo\u2018 ao dividir os bens de um casamento ap\u00f3s a sua conclus\u00e3o.<\/p>\n\n\n\n<p style=\"padding-top:var(--wp--preset--spacing--20);padding-bottom:var(--wp--preset--spacing--20)\">Se est\u00e1 a pensar casar e pretende celebrar uma conven\u00e7\u00e3o nupcial, a nossa equipa de fam\u00edlia pode ajud\u00e1-lo, aconselhando-o e preparando um acordo que n\u00e3o s\u00f3 cumpra os requisitos das conven\u00e7\u00f5es nupciais estabelecidos pelos tribunais, mas que tamb\u00e9m lhe d\u00ea a seguran\u00e7a, na medida em que a lei o permita, para satisfazer as suas expectativas e desejos em mat\u00e9ria de reparti\u00e7\u00e3o das finan\u00e7as em caso de rutura do casamento ou da uni\u00e3o de facto.<\/p>","protected":false},"excerpt":{"rendered":"<p>Conven\u00e7\u00f5es pr\u00e9-nupciais e p\u00f3s-nupciais As conven\u00e7\u00f5es nupciais s\u00e3o acordos que visam regular a distribui\u00e7\u00e3o dos bens em caso de rutura do casamento ou da parceria civil. Podem ser celebradas antes ou depois de duas pessoas se casarem ou estabelecerem uma parceria civil. Embora as conven\u00e7\u00f5es nupciais estejam a ganhar for\u00e7a e \u2018peso\u2019 nos tribunais, n\u00e3o s\u00e3o ... <a href=\"https:\/\/rfblegal.co.uk\/pt\/servicos\/direito-pessoal\/divorcio-familia\/convencoes-pre-nupciais-e-pos-nupciais-e-protecao-do-patrimonio\/\">Continua\u00e7\u00e3o<\/a><\/p>","protected":false},"author":1,"featured_media":2931,"parent":2344,"menu_order":0,"comment_status":"closed","ping_status":"closed","template":"tier3-template.blade.php","meta":{"_acf_changed":false,"om_disable_all_campaigns":false,"_uf_show_specific_survey":0,"_uf_disable_surveys":false,"footnotes":""},"class_list":["post-2359","page","type-page","status-publish","has-post-thumbnail","hentry"],"acf":[],"aioseo_notices":[],"yoast_head":"<!-- This site is optimized with the Yoast SEO plugin v27.2 - https:\/\/yoast.com\/product\/yoast-seo-wordpress\/ -->\n<title>Pre-nuptial and Post-nuptial Agreements and Wealth Protection - RFB Legal<\/title>\n<meta name=\"description\" content=\"Pre-Nuptial and Post-Nuptial Agreements Nuptial agreements are agreements which seek to regulate the distribution of assets upon the breakdown of a\" \/>\n<meta name=\"robots\" content=\"index, follow, max-snippet:-1, max-image-preview:large, max-video-preview:-1\" \/>\n<link rel=\"canonical\" href=\"https:\/\/rfblegal.co.uk\/pt\/servicos\/direito-pessoal\/divorcio-familia\/convencoes-pre-nupciais-e-pos-nupciais-e-protecao-do-patrimonio\/\" \/>\n<meta property=\"og:locale\" content=\"pt_PT\" \/>\n<meta property=\"og:type\" content=\"article\" \/>\n<meta property=\"og:title\" content=\"Pre-nuptial and Post-nuptial Agreements and Wealth Protection - RFB Legal\" \/>\n<meta property=\"og:description\" content=\"Pre-Nuptial and Post-Nuptial Agreements Nuptial agreements are agreements which seek to regulate the distribution of assets upon the breakdown of a\" \/>\n<meta property=\"og:url\" content=\"https:\/\/rfblegal.co.uk\/pt\/servicos\/direito-pessoal\/divorcio-familia\/convencoes-pre-nupciais-e-pos-nupciais-e-protecao-do-patrimonio\/\" \/>\n<meta property=\"og:site_name\" content=\"RFB Legal\" \/>\n<meta property=\"article:publisher\" content=\"https:\/\/www.facebook.com\/RFBLegal\/\" \/>\n<meta property=\"article:modified_time\" content=\"2024-02-23T08:37:06+00:00\" \/>\n<meta property=\"og:image\" content=\"https:\/\/rfblegal.co.uk\/wp-content\/uploads\/2024\/02\/Pre-Nuptial_Post-Nuptial_Agreements.jpg\" \/>\n\t<meta property=\"og:image:width\" content=\"1440\" \/>\n\t<meta property=\"og:image:height\" content=\"550\" \/>\n\t<meta property=\"og:image:type\" content=\"image\/jpeg\" \/>\n<meta name=\"twitter:card\" content=\"summary_large_image\" \/>\n<meta name=\"twitter:label1\" content=\"Est. reading time\" \/>\n\t<meta name=\"twitter:data1\" content=\"2 minutos\" \/>\n<script type=\"application\/ld+json\" class=\"yoast-schema-graph\">{\"@context\":\"https:\/\/schema.org\",\"@graph\":[{\"@type\":\"WebPage\",\"@id\":\"https:\/\/rfblegal.co.uk\/services\/personal-law\/divorce-family\/pre-nuptial-and-post-nuptial-agreements-and-wealth-protection\/\",\"url\":\"https:\/\/rfblegal.co.uk\/services\/personal-law\/divorce-family\/pre-nuptial-and-post-nuptial-agreements-and-wealth-protection\/\",\"name\":\"Pre-nuptial and Post-nuptial Agreements and Wealth Protection - RFB Legal\",\"isPartOf\":{\"@id\":\"https:\/\/rfblegal.co.uk\/#website\"},\"primaryImageOfPage\":{\"@id\":\"https:\/\/rfblegal.co.uk\/services\/personal-law\/divorce-family\/pre-nuptial-and-post-nuptial-agreements-and-wealth-protection\/#primaryimage\"},\"image\":{\"@id\":\"https:\/\/rfblegal.co.uk\/services\/personal-law\/divorce-family\/pre-nuptial-and-post-nuptial-agreements-and-wealth-protection\/#primaryimage\"},\"thumbnailUrl\":\"https:\/\/rfblegal.co.uk\/wp-content\/uploads\/2024\/02\/Pre-Nuptial_Post-Nuptial_Agreements.jpg\",\"datePublished\":\"2024-02-21T15:01:29+00:00\",\"dateModified\":\"2024-02-23T08:37:06+00:00\",\"description\":\"Pre-Nuptial and Post-Nuptial Agreements Nuptial agreements are agreements which seek to regulate the distribution of assets upon the breakdown of a\",\"breadcrumb\":{\"@id\":\"https:\/\/rfblegal.co.uk\/services\/personal-law\/divorce-family\/pre-nuptial-and-post-nuptial-agreements-and-wealth-protection\/#breadcrumb\"},\"inLanguage\":\"pt-PT\",\"potentialAction\":[{\"@type\":\"ReadAction\",\"target\":[\"https:\/\/rfblegal.co.uk\/services\/personal-law\/divorce-family\/pre-nuptial-and-post-nuptial-agreements-and-wealth-protection\/\"]}]},{\"@type\":\"ImageObject\",\"inLanguage\":\"pt-PT\",\"@id\":\"https:\/\/rfblegal.co.uk\/services\/personal-law\/divorce-family\/pre-nuptial-and-post-nuptial-agreements-and-wealth-protection\/#primaryimage\",\"url\":\"https:\/\/rfblegal.co.uk\/wp-content\/uploads\/2024\/02\/Pre-Nuptial_Post-Nuptial_Agreements.jpg\",\"contentUrl\":\"https:\/\/rfblegal.co.uk\/wp-content\/uploads\/2024\/02\/Pre-Nuptial_Post-Nuptial_Agreements.jpg\",\"width\":1440,\"height\":550},{\"@type\":\"BreadcrumbList\",\"@id\":\"https:\/\/rfblegal.co.uk\/services\/personal-law\/divorce-family\/pre-nuptial-and-post-nuptial-agreements-and-wealth-protection\/#breadcrumb\",\"itemListElement\":[{\"@type\":\"ListItem\",\"position\":1,\"name\":\"Home\",\"item\":\"https:\/\/rfblegal.co.uk\/\"},{\"@type\":\"ListItem\",\"position\":2,\"name\":\"Services\",\"item\":\"https:\/\/rfblegal.co.uk\/services\/\"},{\"@type\":\"ListItem\",\"position\":3,\"name\":\"Personal Law Services\",\"item\":\"https:\/\/rfblegal.co.uk\/services\/personal-law\/\"},{\"@type\":\"ListItem\",\"position\":4,\"name\":\"Divorce &amp; Family\",\"item\":\"https:\/\/rfblegal.co.uk\/services\/personal-law\/divorce-family\/\"},{\"@type\":\"ListItem\",\"position\":5,\"name\":\"Pre-nuptial and Post-nuptial Agreements and Wealth Protection\"}]},{\"@type\":\"WebSite\",\"@id\":\"https:\/\/rfblegal.co.uk\/#website\",\"url\":\"https:\/\/rfblegal.co.uk\/\",\"name\":\"RFB Legal\",\"description\":\"\",\"publisher\":{\"@id\":\"https:\/\/rfblegal.co.uk\/#organization\"},\"potentialAction\":[{\"@type\":\"SearchAction\",\"target\":{\"@type\":\"EntryPoint\",\"urlTemplate\":\"https:\/\/rfblegal.co.uk\/?s={search_term_string}\"},\"query-input\":{\"@type\":\"PropertyValueSpecification\",\"valueRequired\":true,\"valueName\":\"search_term_string\"}}],\"inLanguage\":\"pt-PT\"},{\"@type\":\"Organization\",\"@id\":\"https:\/\/rfblegal.co.uk\/#organization\",\"name\":\"RFB Legal\",\"url\":\"https:\/\/rfblegal.co.uk\/\",\"logo\":{\"@type\":\"ImageObject\",\"inLanguage\":\"pt-PT\",\"@id\":\"https:\/\/rfblegal.co.uk\/#\/schema\/logo\/image\/\",\"url\":\"https:\/\/rfblegal.co.uk\/wp-content\/uploads\/2024\/01\/header_company_logo.svg\",\"contentUrl\":\"https:\/\/rfblegal.co.uk\/wp-content\/uploads\/2024\/01\/header_company_logo.svg\",\"caption\":\"RFB Legal\"},\"image\":{\"@id\":\"https:\/\/rfblegal.co.uk\/#\/schema\/logo\/image\/\"},\"sameAs\":[\"https:\/\/www.facebook.com\/RFBLegal\/\",\"https:\/\/www.linkedin.com\/uas\/login?session_redirect=company2012282\",\"https:\/\/www.instagram.com\/rfb_legal\/\"]}]}<\/script>\n<!-- \/ Yoast SEO plugin. -->","yoast_head_json":{"title":"Acordos pr\u00e9-nupciais e p\u00f3s-nupciais e prote\u00e7\u00e3o do patrim\u00f3nio - RFB Legal","description":"Conven\u00e7\u00f5es pr\u00e9-nupciais e conven\u00e7\u00f5es p\u00f3s-nupciais As conven\u00e7\u00f5es nupciais s\u00e3o acordos que visam regular a distribui\u00e7\u00e3o de bens ap\u00f3s a rutura de um casamento.","robots":{"index":"index","follow":"follow","max-snippet":"max-snippet:-1","max-image-preview":"max-image-preview:large","max-video-preview":"max-video-preview:-1"},"canonical":"https:\/\/rfblegal.co.uk\/pt\/servicos\/direito-pessoal\/divorcio-familia\/convencoes-pre-nupciais-e-pos-nupciais-e-protecao-do-patrimonio\/","og_locale":"pt_PT","og_type":"article","og_title":"Pre-nuptial and Post-nuptial Agreements and Wealth Protection - RFB Legal","og_description":"Pre-Nuptial and Post-Nuptial Agreements Nuptial agreements are agreements which seek to regulate the distribution of assets upon the breakdown of a","og_url":"https:\/\/rfblegal.co.uk\/pt\/servicos\/direito-pessoal\/divorcio-familia\/convencoes-pre-nupciais-e-pos-nupciais-e-protecao-do-patrimonio\/","og_site_name":"RFB Legal","article_publisher":"https:\/\/www.facebook.com\/RFBLegal\/","article_modified_time":"2024-02-23T08:37:06+00:00","og_image":[{"width":1440,"height":550,"url":"https:\/\/rfblegal.co.uk\/wp-content\/uploads\/2024\/02\/Pre-Nuptial_Post-Nuptial_Agreements.jpg","type":"image\/jpeg"}],"twitter_card":"summary_large_image","twitter_misc":{"Est. reading time":"2 minutos"},"schema":{"@context":"https:\/\/schema.org","@graph":[{"@type":"WebPage","@id":"https:\/\/rfblegal.co.uk\/services\/personal-law\/divorce-family\/pre-nuptial-and-post-nuptial-agreements-and-wealth-protection\/","url":"https:\/\/rfblegal.co.uk\/services\/personal-law\/divorce-family\/pre-nuptial-and-post-nuptial-agreements-and-wealth-protection\/","name":"Acordos pr\u00e9-nupciais e p\u00f3s-nupciais e prote\u00e7\u00e3o do patrim\u00f3nio - RFB Legal","isPartOf":{"@id":"https:\/\/rfblegal.co.uk\/#website"},"primaryImageOfPage":{"@id":"https:\/\/rfblegal.co.uk\/services\/personal-law\/divorce-family\/pre-nuptial-and-post-nuptial-agreements-and-wealth-protection\/#primaryimage"},"image":{"@id":"https:\/\/rfblegal.co.uk\/services\/personal-law\/divorce-family\/pre-nuptial-and-post-nuptial-agreements-and-wealth-protection\/#primaryimage"},"thumbnailUrl":"https:\/\/rfblegal.co.uk\/wp-content\/uploads\/2024\/02\/Pre-Nuptial_Post-Nuptial_Agreements.jpg","datePublished":"2024-02-21T15:01:29+00:00","dateModified":"2024-02-23T08:37:06+00:00","description":"Conven\u00e7\u00f5es pr\u00e9-nupciais e conven\u00e7\u00f5es p\u00f3s-nupciais As conven\u00e7\u00f5es nupciais s\u00e3o acordos que visam regular a distribui\u00e7\u00e3o de bens ap\u00f3s a rutura de um casamento.","breadcrumb":{"@id":"https:\/\/rfblegal.co.uk\/services\/personal-law\/divorce-family\/pre-nuptial-and-post-nuptial-agreements-and-wealth-protection\/#breadcrumb"},"inLanguage":"pt-PT","potentialAction":[{"@type":"ReadAction","target":["https:\/\/rfblegal.co.uk\/services\/personal-law\/divorce-family\/pre-nuptial-and-post-nuptial-agreements-and-wealth-protection\/"]}]},{"@type":"ImageObject","inLanguage":"pt-PT","@id":"https:\/\/rfblegal.co.uk\/services\/personal-law\/divorce-family\/pre-nuptial-and-post-nuptial-agreements-and-wealth-protection\/#primaryimage","url":"https:\/\/rfblegal.co.uk\/wp-content\/uploads\/2024\/02\/Pre-Nuptial_Post-Nuptial_Agreements.jpg","contentUrl":"https:\/\/rfblegal.co.uk\/wp-content\/uploads\/2024\/02\/Pre-Nuptial_Post-Nuptial_Agreements.jpg","width":1440,"height":550},{"@type":"BreadcrumbList","@id":"https:\/\/rfblegal.co.uk\/services\/personal-law\/divorce-family\/pre-nuptial-and-post-nuptial-agreements-and-wealth-protection\/#breadcrumb","itemListElement":[{"@type":"ListItem","position":1,"name":"Home","item":"https:\/\/rfblegal.co.uk\/"},{"@type":"ListItem","position":2,"name":"Services","item":"https:\/\/rfblegal.co.uk\/services\/"},{"@type":"ListItem","position":3,"name":"Personal Law Services","item":"https:\/\/rfblegal.co.uk\/services\/personal-law\/"},{"@type":"ListItem","position":4,"name":"Divorce &amp; Family","item":"https:\/\/rfblegal.co.uk\/services\/personal-law\/divorce-family\/"},{"@type":"ListItem","position":5,"name":"Pre-nuptial and Post-nuptial Agreements and Wealth Protection"}]},{"@type":"WebSite","@id":"https:\/\/rfblegal.co.uk\/#website","url":"https:\/\/rfblegal.co.uk\/","name":"Jur\u00eddico da RFB","description":"","publisher":{"@id":"https:\/\/rfblegal.co.uk\/#organization"},"potentialAction":[{"@type":"SearchAction","target":{"@type":"EntryPoint","urlTemplate":"https:\/\/rfblegal.co.uk\/?s={search_term_string}"},"query-input":{"@type":"PropertyValueSpecification","valueRequired":true,"valueName":"search_term_string"}}],"inLanguage":"pt-PT"},{"@type":"Organization","@id":"https:\/\/rfblegal.co.uk\/#organization","name":"Jur\u00eddico da RFB","url":"https:\/\/rfblegal.co.uk\/","logo":{"@type":"ImageObject","inLanguage":"pt-PT","@id":"https:\/\/rfblegal.co.uk\/#\/schema\/logo\/image\/","url":"https:\/\/rfblegal.co.uk\/wp-content\/uploads\/2024\/01\/header_company_logo.svg","contentUrl":"https:\/\/rfblegal.co.uk\/wp-content\/uploads\/2024\/01\/header_company_logo.svg","caption":"RFB Legal"},"image":{"@id":"https:\/\/rfblegal.co.uk\/#\/schema\/logo\/image\/"},"sameAs":["https:\/\/www.facebook.com\/RFBLegal\/","https:\/\/www.linkedin.com\/uas\/login?session_redirect=company2012282","https:\/\/www.instagram.com\/rfb_legal\/"]}]}},"_links":{"self":[{"href":"https:\/\/rfblegal.co.uk\/pt\/wp-json\/wp\/v2\/pages\/2359","targetHints":{"allow":["GET"]}}],"collection":[{"href":"https:\/\/rfblegal.co.uk\/pt\/wp-json\/wp\/v2\/pages"}],"about":[{"href":"https:\/\/rfblegal.co.uk\/pt\/wp-json\/wp\/v2\/types\/page"}],"author":[{"embeddable":true,"href":"https:\/\/rfblegal.co.uk\/pt\/wp-json\/wp\/v2\/users\/1"}],"replies":[{"embeddable":true,"href":"https:\/\/rfblegal.co.uk\/pt\/wp-json\/wp\/v2\/comments?post=2359"}],"version-history":[{"count":0,"href":"https:\/\/rfblegal.co.uk\/pt\/wp-json\/wp\/v2\/pages\/2359\/revisions"}],"up":[{"embeddable":true,"href":"https:\/\/rfblegal.co.uk\/pt\/wp-json\/wp\/v2\/pages\/2344"}],"wp:featuredmedia":[{"embeddable":true,"href":"https:\/\/rfblegal.co.uk\/pt\/wp-json\/wp\/v2\/media\/2931"}],"wp:attachment":[{"href":"https:\/\/rfblegal.co.uk\/pt\/wp-json\/wp\/v2\/media?parent=2359"}],"curies":[{"name":"wp","href":"https:\/\/api.w.org\/{rel}","templated":true}]}}