{"id":2347,"date":"2024-02-21T14:54:59","date_gmt":"2024-02-21T14:54:59","guid":{"rendered":"https:\/\/rfblegal.co.uk\/?page_id=2347"},"modified":"2025-06-19T13:09:08","modified_gmt":"2025-06-19T13:09:08","slug":"divorcio-e-separacao","status":"publish","type":"page","link":"https:\/\/rfblegal.co.uk\/pt\/servicos\/direito-pessoal\/divorcio-familia\/divorcio-e-separacao\/","title":{"rendered":"Div\u00f3rcio e separa\u00e7\u00e3o"},"content":{"rendered":"<h2 class=\"wp-block-heading has-2-xl-font-size\" style=\"padding-top:var(--wp--preset--spacing--20);padding-bottom:var(--wp--preset--spacing--20);font-style:normal;font-weight:600\">Div\u00f3rcio e separa\u00e7\u00e3o<\/h2>\n\n\n\n<h4 class=\"wp-block-heading has-lg-font-size\" style=\"padding-top:var(--wp--preset--spacing--20);padding-bottom:var(--wp--preset--spacing--20);font-style:normal;font-weight:500\">O processo de div\u00f3rcio para os casamentos e o processo de dissolu\u00e7\u00e3o das uni\u00f5es de facto divide-se geralmente em duas partes:<\/h4>\n\n\n\n<p>A reparti\u00e7\u00e3o do patrim\u00f3nio das partes (\u2019solu\u00e7\u00e3o financeira\u2018 ou simplesmente \u2018finan\u00e7as\u2019).<\/p>\n\n\n\n<p style=\"padding-right:var(--wp--preset--spacing--50);padding-left:var(--wp--preset--spacing--50)\">1. A cessa\u00e7\u00e3o legal do casamento ou da parceria civil (o processo de div\u00f3rcio\/dissolu\u00e7\u00e3o)<\/p>\n\n\n\n<p style=\"padding-right:var(--wp--preset--spacing--50);padding-left:var(--wp--preset--spacing--50)\">2. A reparti\u00e7\u00e3o do patrim\u00f3nio das partes (\u2019solu\u00e7\u00e3o financeira\u2018 ou simplesmente \u2018finan\u00e7as\u2019).<\/p>\n\n\n\n<p style=\"padding-top:var(--wp--preset--spacing--20);padding-bottom:var(--wp--preset--spacing--20)\">Em Inglaterra e no Pa\u00eds de Gales, existe apenas um motivo para o div\u00f3rcio, que \u00e9 o facto de o casamento ou a parceria civil se ter dissolvido irremediavelmente. Esta situa\u00e7\u00e3o pode ser comprovada por um ou mais dos seguintes factos<\/p>\n\n\n\n<p style=\"padding-right:var(--wp--preset--spacing--50);padding-left:var(--wp--preset--spacing--50)\">1. Adult\u00e9rio<\/p>\n\n\n\n<p style=\"padding-right:var(--wp--preset--spacing--50);padding-left:var(--wp--preset--spacing--50)\">2. Comportamento, tamb\u00e9m conhecido como \u2018comportamento n\u00e3o razo\u00e1vel\u2019, pode ser utilizado quando o seu c\u00f4njuge agiu de tal forma que n\u00e3o \u00e9 razo\u00e1vel esperar que continue a viver com ele.<\/p>\n\n\n\n<p style=\"padding-right:var(--wp--preset--spacing--50);padding-left:var(--wp--preset--spacing--50)\">3. O abandono \u00e9 quando o c\u00f4njuge o abandonou durante um per\u00edodo cont\u00ednuo de dois anos ou mais;<\/p>\n\n\n\n<p style=\"padding-right:var(--wp--preset--spacing--50);padding-left:var(--wp--preset--spacing--50)\">4. Dois anos de separa\u00e7\u00e3o, quando o c\u00f4njuge viveu separado durante um per\u00edodo de dois anos ou mais<\/p>\n\n\n\n<p style=\"padding-right:var(--wp--preset--spacing--50);padding-left:var(--wp--preset--spacing--50)\">5. Cinco anos de separa\u00e7\u00e3o, se o requerente e o seu c\u00f4njuge tiverem vivido separados durante um per\u00edodo igual ou superior a cinco anos<\/p>\n\n\n\n<p style=\"padding-top:var(--wp--preset--spacing--20);padding-bottom:var(--wp--preset--spacing--20)\">Se o seu c\u00f4njuge colaborar no div\u00f3rcio, o processo demorar\u00e1 entre 4 a 6 meses a ser conclu\u00eddo. A taxa de tribunal para a emiss\u00e3o de uma peti\u00e7\u00e3o de div\u00f3rcio ou dissolu\u00e7\u00e3o \u00e9 de \u00a3593.00 e podemos trabalhar numa base de taxa fixa para os nossos custos legais, desde que isso seja apropriado nas suas circunst\u00e2ncias.<\/p>\n\n\n\n<p><\/p>","protected":false},"excerpt":{"rendered":"<p>Divorce and Separation The divorce process for marriages and the dissolution process for civil partnerships is usually broken down into two parts: The distribution of the parties\u2019 assets (\u2018financial remedy or simply \u2018finances\u2019). 1. The legal termination of the marriage or civil partnership (the divorce\/dissolution process) 2. The distribution of the parties\u2019 assets (\u2018financial remedy &hellip; <a href=\"https:\/\/rfblegal.co.uk\/pt\/servicos\/direito-pessoal\/divorcio-familia\/divorcio-e-separacao\/\">Continua\u00e7\u00e3o<\/a><\/p>","protected":false},"author":1,"featured_media":2927,"parent":2344,"menu_order":0,"comment_status":"closed","ping_status":"closed","template":"tier3-template.blade.php","meta":{"_acf_changed":false,"om_disable_all_campaigns":false,"_uf_show_specific_survey":0,"_uf_disable_surveys":false,"footnotes":""},"class_list":["post-2347","page","type-page","status-publish","has-post-thumbnail","hentry"],"acf":[],"aioseo_notices":[],"yoast_head":"<!-- This site is optimized with the Yoast SEO plugin v27.2 - https:\/\/yoast.com\/product\/yoast-seo-wordpress\/ -->\n<title>Divorce and Separation - RFB Legal<\/title>\n<meta name=\"description\" content=\"Divorce and Separation The divorce process for marriages and the dissolution process for civil partnerships is usually broken down into two parts: The\" \/>\n<meta name=\"robots\" content=\"index, follow, max-snippet:-1, max-image-preview:large, max-video-preview:-1\" \/>\n<link rel=\"canonical\" href=\"https:\/\/rfblegal.co.uk\/pt\/servicos\/direito-pessoal\/divorcio-familia\/divorcio-e-separacao\/\" \/>\n<meta property=\"og:locale\" content=\"pt_PT\" \/>\n<meta property=\"og:type\" content=\"article\" \/>\n<meta property=\"og:title\" content=\"Divorce and Separation - RFB Legal\" \/>\n<meta property=\"og:description\" content=\"Divorce and Separation The divorce process for marriages and the dissolution process for civil partnerships is usually broken down into two parts: The\" \/>\n<meta property=\"og:url\" content=\"https:\/\/rfblegal.co.uk\/pt\/servicos\/direito-pessoal\/divorcio-familia\/divorcio-e-separacao\/\" \/>\n<meta property=\"og:site_name\" content=\"RFB Legal\" \/>\n<meta property=\"article:publisher\" content=\"https:\/\/www.facebook.com\/RFBLegal\/\" \/>\n<meta property=\"article:modified_time\" content=\"2025-06-19T13:09:08+00:00\" \/>\n<meta property=\"og:image\" content=\"https:\/\/rfblegal.co.uk\/wp-content\/uploads\/2024\/02\/Divorce_and_Civil_Partnership.jpg\" \/>\n\t<meta property=\"og:image:width\" content=\"1440\" \/>\n\t<meta property=\"og:image:height\" content=\"550\" \/>\n\t<meta property=\"og:image:type\" content=\"image\/jpeg\" \/>\n<meta name=\"twitter:card\" content=\"summary_large_image\" \/>\n<meta name=\"twitter:label1\" content=\"Est. reading time\" \/>\n\t<meta name=\"twitter:data1\" content=\"2 minutos\" \/>\n<script type=\"application\/ld+json\" class=\"yoast-schema-graph\">{\"@context\":\"https:\/\/schema.org\",\"@graph\":[{\"@type\":\"WebPage\",\"@id\":\"https:\/\/rfblegal.co.uk\/services\/personal-law\/divorce-family\/divorce-and-separation\/\",\"url\":\"https:\/\/rfblegal.co.uk\/services\/personal-law\/divorce-family\/divorce-and-separation\/\",\"name\":\"Divorce and Separation - RFB Legal\",\"isPartOf\":{\"@id\":\"https:\/\/rfblegal.co.uk\/#website\"},\"primaryImageOfPage\":{\"@id\":\"https:\/\/rfblegal.co.uk\/services\/personal-law\/divorce-family\/divorce-and-separation\/#primaryimage\"},\"image\":{\"@id\":\"https:\/\/rfblegal.co.uk\/services\/personal-law\/divorce-family\/divorce-and-separation\/#primaryimage\"},\"thumbnailUrl\":\"https:\/\/rfblegal.co.uk\/wp-content\/uploads\/2024\/02\/Divorce_and_Civil_Partnership.jpg\",\"datePublished\":\"2024-02-21T14:54:59+00:00\",\"dateModified\":\"2025-06-19T13:09:08+00:00\",\"description\":\"Divorce and Separation The divorce process for marriages and the dissolution process for civil partnerships is usually broken down into two parts: The\",\"breadcrumb\":{\"@id\":\"https:\/\/rfblegal.co.uk\/services\/personal-law\/divorce-family\/divorce-and-separation\/#breadcrumb\"},\"inLanguage\":\"pt-PT\",\"potentialAction\":[{\"@type\":\"ReadAction\",\"target\":[\"https:\/\/rfblegal.co.uk\/services\/personal-law\/divorce-family\/divorce-and-separation\/\"]}]},{\"@type\":\"ImageObject\",\"inLanguage\":\"pt-PT\",\"@id\":\"https:\/\/rfblegal.co.uk\/services\/personal-law\/divorce-family\/divorce-and-separation\/#primaryimage\",\"url\":\"https:\/\/rfblegal.co.uk\/wp-content\/uploads\/2024\/02\/Divorce_and_Civil_Partnership.jpg\",\"contentUrl\":\"https:\/\/rfblegal.co.uk\/wp-content\/uploads\/2024\/02\/Divorce_and_Civil_Partnership.jpg\",\"width\":1440,\"height\":550},{\"@type\":\"BreadcrumbList\",\"@id\":\"https:\/\/rfblegal.co.uk\/services\/personal-law\/divorce-family\/divorce-and-separation\/#breadcrumb\",\"itemListElement\":[{\"@type\":\"ListItem\",\"position\":1,\"name\":\"Home\",\"item\":\"https:\/\/rfblegal.co.uk\/\"},{\"@type\":\"ListItem\",\"position\":2,\"name\":\"Services\",\"item\":\"https:\/\/rfblegal.co.uk\/services\/\"},{\"@type\":\"ListItem\",\"position\":3,\"name\":\"Personal Law Services\",\"item\":\"https:\/\/rfblegal.co.uk\/services\/personal-law\/\"},{\"@type\":\"ListItem\",\"position\":4,\"name\":\"Divorce &amp; Family\",\"item\":\"https:\/\/rfblegal.co.uk\/services\/personal-law\/divorce-family\/\"},{\"@type\":\"ListItem\",\"position\":5,\"name\":\"Divorce and Separation\"}]},{\"@type\":\"WebSite\",\"@id\":\"https:\/\/rfblegal.co.uk\/#website\",\"url\":\"https:\/\/rfblegal.co.uk\/\",\"name\":\"RFB Legal\",\"description\":\"\",\"publisher\":{\"@id\":\"https:\/\/rfblegal.co.uk\/#organization\"},\"potentialAction\":[{\"@type\":\"SearchAction\",\"target\":{\"@type\":\"EntryPoint\",\"urlTemplate\":\"https:\/\/rfblegal.co.uk\/?s={search_term_string}\"},\"query-input\":{\"@type\":\"PropertyValueSpecification\",\"valueRequired\":true,\"valueName\":\"search_term_string\"}}],\"inLanguage\":\"pt-PT\"},{\"@type\":\"Organization\",\"@id\":\"https:\/\/rfblegal.co.uk\/#organization\",\"name\":\"RFB Legal\",\"url\":\"https:\/\/rfblegal.co.uk\/\",\"logo\":{\"@type\":\"ImageObject\",\"inLanguage\":\"pt-PT\",\"@id\":\"https:\/\/rfblegal.co.uk\/#\/schema\/logo\/image\/\",\"url\":\"https:\/\/rfblegal.co.uk\/wp-content\/uploads\/2024\/01\/header_company_logo.svg\",\"contentUrl\":\"https:\/\/rfblegal.co.uk\/wp-content\/uploads\/2024\/01\/header_company_logo.svg\",\"caption\":\"RFB Legal\"},\"image\":{\"@id\":\"https:\/\/rfblegal.co.uk\/#\/schema\/logo\/image\/\"},\"sameAs\":[\"https:\/\/www.facebook.com\/RFBLegal\/\",\"https:\/\/www.linkedin.com\/uas\/login?session_redirect=company2012282\",\"https:\/\/www.instagram.com\/rfb_legal\/\"]}]}<\/script>\n<!-- \/ Yoast SEO plugin. -->","yoast_head_json":{"title":"Div\u00f3rcio e Separa\u00e7\u00e3o - RFB Legal","description":"Div\u00f3rcio e separa\u00e7\u00e3o O processo de div\u00f3rcio para os casamentos e o processo de dissolu\u00e7\u00e3o para as uni\u00f5es de facto divide-se geralmente em duas partes: O","robots":{"index":"index","follow":"follow","max-snippet":"max-snippet:-1","max-image-preview":"max-image-preview:large","max-video-preview":"max-video-preview:-1"},"canonical":"https:\/\/rfblegal.co.uk\/pt\/servicos\/direito-pessoal\/divorcio-familia\/divorcio-e-separacao\/","og_locale":"pt_PT","og_type":"article","og_title":"Divorce and Separation - RFB Legal","og_description":"Divorce and Separation The divorce process for marriages and the dissolution process for civil partnerships is usually broken down into two parts: The","og_url":"https:\/\/rfblegal.co.uk\/pt\/servicos\/direito-pessoal\/divorcio-familia\/divorcio-e-separacao\/","og_site_name":"RFB Legal","article_publisher":"https:\/\/www.facebook.com\/RFBLegal\/","article_modified_time":"2025-06-19T13:09:08+00:00","og_image":[{"width":1440,"height":550,"url":"https:\/\/rfblegal.co.uk\/wp-content\/uploads\/2024\/02\/Divorce_and_Civil_Partnership.jpg","type":"image\/jpeg"}],"twitter_card":"summary_large_image","twitter_misc":{"Est. reading time":"2 minutos"},"schema":{"@context":"https:\/\/schema.org","@graph":[{"@type":"WebPage","@id":"https:\/\/rfblegal.co.uk\/services\/personal-law\/divorce-family\/divorce-and-separation\/","url":"https:\/\/rfblegal.co.uk\/services\/personal-law\/divorce-family\/divorce-and-separation\/","name":"Div\u00f3rcio e Separa\u00e7\u00e3o - RFB Legal","isPartOf":{"@id":"https:\/\/rfblegal.co.uk\/#website"},"primaryImageOfPage":{"@id":"https:\/\/rfblegal.co.uk\/services\/personal-law\/divorce-family\/divorce-and-separation\/#primaryimage"},"image":{"@id":"https:\/\/rfblegal.co.uk\/services\/personal-law\/divorce-family\/divorce-and-separation\/#primaryimage"},"thumbnailUrl":"https:\/\/rfblegal.co.uk\/wp-content\/uploads\/2024\/02\/Divorce_and_Civil_Partnership.jpg","datePublished":"2024-02-21T14:54:59+00:00","dateModified":"2025-06-19T13:09:08+00:00","description":"Div\u00f3rcio e separa\u00e7\u00e3o O processo de div\u00f3rcio para os casamentos e o processo de dissolu\u00e7\u00e3o para as uni\u00f5es de facto divide-se geralmente em duas partes: O","breadcrumb":{"@id":"https:\/\/rfblegal.co.uk\/services\/personal-law\/divorce-family\/divorce-and-separation\/#breadcrumb"},"inLanguage":"pt-PT","potentialAction":[{"@type":"ReadAction","target":["https:\/\/rfblegal.co.uk\/services\/personal-law\/divorce-family\/divorce-and-separation\/"]}]},{"@type":"ImageObject","inLanguage":"pt-PT","@id":"https:\/\/rfblegal.co.uk\/services\/personal-law\/divorce-family\/divorce-and-separation\/#primaryimage","url":"https:\/\/rfblegal.co.uk\/wp-content\/uploads\/2024\/02\/Divorce_and_Civil_Partnership.jpg","contentUrl":"https:\/\/rfblegal.co.uk\/wp-content\/uploads\/2024\/02\/Divorce_and_Civil_Partnership.jpg","width":1440,"height":550},{"@type":"BreadcrumbList","@id":"https:\/\/rfblegal.co.uk\/services\/personal-law\/divorce-family\/divorce-and-separation\/#breadcrumb","itemListElement":[{"@type":"ListItem","position":1,"name":"Home","item":"https:\/\/rfblegal.co.uk\/"},{"@type":"ListItem","position":2,"name":"Services","item":"https:\/\/rfblegal.co.uk\/services\/"},{"@type":"ListItem","position":3,"name":"Personal Law Services","item":"https:\/\/rfblegal.co.uk\/services\/personal-law\/"},{"@type":"ListItem","position":4,"name":"Divorce &amp; Family","item":"https:\/\/rfblegal.co.uk\/services\/personal-law\/divorce-family\/"},{"@type":"ListItem","position":5,"name":"Divorce and Separation"}]},{"@type":"WebSite","@id":"https:\/\/rfblegal.co.uk\/#website","url":"https:\/\/rfblegal.co.uk\/","name":"Jur\u00eddico da RFB","description":"","publisher":{"@id":"https:\/\/rfblegal.co.uk\/#organization"},"potentialAction":[{"@type":"SearchAction","target":{"@type":"EntryPoint","urlTemplate":"https:\/\/rfblegal.co.uk\/?s={search_term_string}"},"query-input":{"@type":"PropertyValueSpecification","valueRequired":true,"valueName":"search_term_string"}}],"inLanguage":"pt-PT"},{"@type":"Organization","@id":"https:\/\/rfblegal.co.uk\/#organization","name":"Jur\u00eddico da RFB","url":"https:\/\/rfblegal.co.uk\/","logo":{"@type":"ImageObject","inLanguage":"pt-PT","@id":"https:\/\/rfblegal.co.uk\/#\/schema\/logo\/image\/","url":"https:\/\/rfblegal.co.uk\/wp-content\/uploads\/2024\/01\/header_company_logo.svg","contentUrl":"https:\/\/rfblegal.co.uk\/wp-content\/uploads\/2024\/01\/header_company_logo.svg","caption":"RFB Legal"},"image":{"@id":"https:\/\/rfblegal.co.uk\/#\/schema\/logo\/image\/"},"sameAs":["https:\/\/www.facebook.com\/RFBLegal\/","https:\/\/www.linkedin.com\/uas\/login?session_redirect=company2012282","https:\/\/www.instagram.com\/rfb_legal\/"]}]}},"_links":{"self":[{"href":"https:\/\/rfblegal.co.uk\/pt\/wp-json\/wp\/v2\/pages\/2347","targetHints":{"allow":["GET"]}}],"collection":[{"href":"https:\/\/rfblegal.co.uk\/pt\/wp-json\/wp\/v2\/pages"}],"about":[{"href":"https:\/\/rfblegal.co.uk\/pt\/wp-json\/wp\/v2\/types\/page"}],"author":[{"embeddable":true,"href":"https:\/\/rfblegal.co.uk\/pt\/wp-json\/wp\/v2\/users\/1"}],"replies":[{"embeddable":true,"href":"https:\/\/rfblegal.co.uk\/pt\/wp-json\/wp\/v2\/comments?post=2347"}],"version-history":[{"count":0,"href":"https:\/\/rfblegal.co.uk\/pt\/wp-json\/wp\/v2\/pages\/2347\/revisions"}],"up":[{"embeddable":true,"href":"https:\/\/rfblegal.co.uk\/pt\/wp-json\/wp\/v2\/pages\/2344"}],"wp:featuredmedia":[{"embeddable":true,"href":"https:\/\/rfblegal.co.uk\/pt\/wp-json\/wp\/v2\/media\/2927"}],"wp:attachment":[{"href":"https:\/\/rfblegal.co.uk\/pt\/wp-json\/wp\/v2\/media?parent=2347"}],"curies":[{"name":"wp","href":"https:\/\/api.w.org\/{rel}","templated":true}]}}