{"id":2295,"date":"2024-02-21T14:29:46","date_gmt":"2024-02-21T14:29:46","guid":{"rendered":"https:\/\/rfblegal.co.uk\/?page_id=2295"},"modified":"2026-03-24T14:37:23","modified_gmt":"2026-03-24T14:37:23","slug":"servicos-de-testamentos-e-sucessoes","status":"publish","type":"page","link":"https:\/\/rfblegal.co.uk\/pt\/servicos\/direito-pessoal\/servicos-de-testamentos-e-sucessoes\/","title":{"rendered":"Servi\u00e7os de testamentos e sucess\u00f5es"},"content":{"rendered":"<h2 class=\"wp-block-heading has-2-xl-font-size\" style=\"font-style:normal;font-weight:600\">Servi\u00e7os de testamentos e sucess\u00f5es<\/h2>\n\n\n\n<h4 class=\"wp-block-heading has-lg-font-size\" style=\"font-style:normal;font-weight:500\"><strong>O departamento de sucess\u00f5es de Ronald Fletcher Baker, eficiente e emp\u00e1tico, possui uma vasta experi\u00eancia em todas as \u00e1reas da pr\u00e1tica de clientes privados. Classificado no Legal 500, o departamento presta servi\u00e7os a uma grande variedade de clientes, incluindo fam\u00edlias com elevado patrim\u00f3nio l\u00edquido, indiv\u00edduos com domic\u00edlio no estrangeiro, empres\u00e1rios e clientes idosos e vulner\u00e1veis.<\/strong><\/h4>\n\n\n\n<p style=\"padding-top:var(--wp--preset--spacing--20);padding-bottom:var(--wp--preset--spacing--20)\">O departamento est\u00e1 apto a prestar uma vasta gama de servi\u00e7os jur\u00eddicos a fam\u00edlias e indiv\u00edduos sediados no Reino Unido e no estrangeiro com activos no Reino Unido. &nbsp;<\/p>\n\n\n\n<p style=\"padding-top:var(--wp--preset--spacing--20);padding-bottom:var(--wp--preset--spacing--20)\">Trabalhamos em estreita colabora\u00e7\u00e3o com os nossos clientes e, se for caso disso, com os seus consultores financeiros, contabilistas e advogados estrangeiros, para compreender as suas prioridades e podermos aconselhar sobre as formas mais eficientes do ponto de vista fiscal para transmitir o patrim\u00f3nio \u00e0s gera\u00e7\u00f5es futuras. Estamos ent\u00e3o em condi\u00e7\u00f5es de redigir testamentos, escrituras de doa\u00e7\u00e3o e outra documenta\u00e7\u00e3o da forma que melhor satisfa\u00e7a as suas necessidades.<\/p>\n\n\n\n<p style=\"padding-top:var(--wp--preset--spacing--20);padding-bottom:var(--wp--preset--spacing--20)\">A nossa equipa tem experi\u00eancia na liquida\u00e7\u00e3o de uma grande variedade de propriedades, incluindo aquelas com elementos transfronteiri\u00e7os. Podemos negociar com o HMRC quando as avalia\u00e7\u00f5es de invent\u00e1rio n\u00e3o s\u00e3o imediatamente acordadas para minimizar qualquer responsabilidade adicional de imposto sucess\u00f3rio. Aconselhamos tamb\u00e9m quando pode ser eficiente do ponto de vista fiscal considerar a possibilidade de variar a distribui\u00e7\u00e3o de uma heran\u00e7a ou a apropria\u00e7\u00e3o de activos aos benefici\u00e1rios.<\/p>\n\n\n\n<p style=\"padding-top:var(--wp--preset--spacing--20);padding-bottom:var(--wp--preset--spacing--20)\">Somos frequentemente consultados em rela\u00e7\u00e3o \u00e0 prepara\u00e7\u00e3o de poderes duradouros e quest\u00f5es de capacidade. Se for caso disso, prestaremos assist\u00eancia na apresenta\u00e7\u00e3o ou oposi\u00e7\u00e3o a pedidos ao Tribunal de Prote\u00e7\u00e3o para a obten\u00e7\u00e3o de mandato e quest\u00f5es espec\u00edficas, incluindo a venda de propriedades e testamentos legais.<\/p>\n\n\n\n<p style=\"padding-top:var(--wp--preset--spacing--20);padding-bottom:var(--wp--preset--spacing--20)\">Podemos ajudar na constitui\u00e7\u00e3o e registo de institui\u00e7\u00f5es de solidariedade social e prestar aconselhamento aos administradores de institui\u00e7\u00f5es de solidariedade social.&nbsp;<\/p>\n\n\n\n<p style=\"padding-top:var(--wp--preset--spacing--20);padding-bottom:var(--wp--preset--spacing--20)\">\t\t\t\t\t\t<style>\r\n\t\t\t\t<style>\r\n#wpsm_accordion_2865 .wpsm_panel-heading{\r\n\tpadding:0px !important;\r\n}\r\n#wpsm_accordion_2865 .wpsm_panel-title {\r\n\tmargin:0px !important; \r\n\ttext-transform:none !important;\r\n\tline-height: 1 !important;\r\n}\r\n#wpsm_accordion_2865 .wpsm_panel-title a{\r\n\ttext-decoration:none;\r\n\toverflow:hidden;\r\n\tdisplay:block;\r\n\tpadding:0px;\r\n\tfont-size: 18px !important;\r\n\tfont-family: Open Sans !important;\r\n\tcolor:#000000 !important;\r\n\tborder-bottom:0px !important;\r\n}\r\n\r\n#wpsm_accordion_2865 .wpsm_panel-title a:focus {\r\noutline: 0px !important;\r\n}\r\n\r\n#wpsm_accordion_2865 .wpsm_panel-title a:hover, #wpsm_accordion_2865 .wpsm_panel-title a:focus {\r\n\tcolor:#000000 !important;\r\n}\r\n#wpsm_accordion_2865 .acc-a{\r\n\tcolor: #000000 !important;\r\n\tbackground-color:#e8e8e8 !important;\r\n\tborder-color: #ddd;\r\n}\r\n#wpsm_accordion_2865 .wpsm_panel-default > .wpsm_panel-heading{\r\n\tcolor: #000000 !important;\r\n\tbackground-color: #e8e8e8 !important;\r\n\tborder-color: #e8e8e8 !important;\r\n\tborder-top-left-radius: 0px;\r\n\tborder-top-right-radius: 0px;\r\n}\r\n#wpsm_accordion_2865 .wpsm_panel-default {\r\n\t\tborder:1px solid transparent !important;\r\n\t}\r\n#wpsm_accordion_2865 {\r\n\tmargin-bottom: 20px;\r\n\toverflow: hidden;\r\n\tfloat: none;\r\n\twidth: 100%;\r\n\tdisplay: block;\r\n}\r\n#wpsm_accordion_2865 .ac_title_class{\r\n\tdisplay: block;\r\n\tpadding-top: 12px;\r\n\tpadding-bottom: 12px;\r\n\tpadding-left: 15px;\r\n\tpadding-right: 15px;\r\n}\r\n#wpsm_accordion_2865  .wpsm_panel {\r\n\toverflow:hidden;\r\n\t-webkit-box-shadow: 0 0px 0px rgba(0, 0, 0, .05);\r\n\tbox-shadow: 0 0px 0px rgba(0, 0, 0, .05);\r\n\t\tborder-radius: 4px;\r\n\t}\r\n#wpsm_accordion_2865  .wpsm_panel + .wpsm_panel {\r\n\t\tmargin-top: 5px;\r\n\t}\r\n#wpsm_accordion_2865  .wpsm_panel-body{\r\n\tbackground-color:#ffffff !important;\r\n\tcolor:#000000 !important;\r\n\tborder-top-color: #e8e8e8 !important;\r\n\tfont-size:16px !important;\r\n\tfont-family: Open Sans !important;\r\n\toverflow: hidden;\r\n\t\tborder: 2px solid #e8e8e8 !important;\r\n\t}\r\n\r\n#wpsm_accordion_2865 .ac_open_cl_icon{\r\n\tbackground-color:#e8e8e8 !important;\r\n\tcolor: #000000 !important;\r\n\tfloat:right !important;\r\n\tpadding-top: 12px !important;\r\n\tpadding-bottom: 12px !important;\r\n\tline-height: 1.0 !important;\r\n\tpadding-left: 15px !important;\r\n\tpadding-right: 15px !important;\r\n\tdisplay: inline-block !important;\r\n}\r\n\r\n\t\t\t\r\n\t\t\t<\/style>\t\r\n\t\t\t<\/style>\r\n\t\t\t<div class=\"wpsm_panel-group\" id=\"wpsm_accordion_2865\" >\r\n\t\t\t\t\t\t\t\t\r\n\t\t\t\t\t<!-- Inner panel Start -->\r\n\t\t\t\t\t<div class=\"wpsm_panel wpsm_panel-default\">\r\n\t\t\t\t\t\t<div class=\"wpsm_panel-heading\" role=\"tab\" >\r\n\t\t\t\t\t\t  <h4 class=\"wpsm_panel-title\">\r\n\t\t\t\t\t\t\t<a  class=\"\"  data-toggle=\"collapse\" data-parent=\"#wpsm_accordion_2865 \" href=\"javascript:void(0)\" data-target=\"#ac_2865_collapse1\" onclick=\"do_resize()\">\r\n\t\t\t\t\t\t\t\t\t\t\t\t\t\t\t\t\t<span class=\"ac_open_cl_icon fa fa-minus\"><\/span>\r\n\t\t\t\t\t\t\t\t\t\r\n\t\t\t\t\t\t\t\t \r\n\t\t\t\t\t\t\t\t<span class=\"ac_title_class\">\r\n\t\t\t\t\t\t\t\t\tEXPERI\u00caNCIA :\t\t\t\t\t\t\t\t<\/span>\r\n\t\t\t\t\t\t\t<\/a>\r\n\t\t\t\t\t\t  <\/h4>\r\n\t\t\t\t\t\t<\/div>\r\n\t\t\t\t\t\t<div id=\"ac_2865_collapse1\" class=\"wpsm_panel-collapse collapse in\"  >\r\n\t\t\t\t\t\t  <div class=\"wpsm_panel-body\">\r\n\t\t\t\t\t\t\t<ul>\r\n \t<li><a href=\"https:\/\/rfblegal.co.uk\/index.php\/private-wealth\/probate-services\/wills-and-codicils\">- Testamentos e codicilos<\/a><\/li>\r\n \t<li><a href=\"https:\/\/rfblegal.co.uk\/index.php\/private-wealth\/probate-services\/estate-planning-and-lifetime-gifts\">- Planeamento patrimonial e doa\u00e7\u00f5es vital\u00edcias<\/a><\/li>\r\n \t<li><a href=\"https:\/\/rfblegal.co.uk\/index.php\/private-wealth\/probate-services\/administration-of-estates\">- Administra\u00e7\u00e3o de patrim\u00f3nios<\/a><\/li>\r\n \t<li><a href=\"https:\/\/rfblegal.co.uk\/index.php\/private-wealth\/probate-services\/post-death-variations\">- Varia\u00e7\u00f5es p\u00f3s-morte<\/a><\/li>\r\n \t<li><a href=\"https:\/\/rfblegal.co.uk\/index.php\/private-wealth\/probate-services\/contentious-probate-matters\">- Quest\u00f5es contenciosas de sucess\u00f5es<\/a><\/li>\r\n \t<li><a href=\"https:\/\/rfblegal.co.uk\/index.php\/private-wealth\/probate-services\/lasting-powers-of-attorney\">- Procura\u00e7\u00f5es duradouras<\/a><\/li>\r\n \t<li><a href=\"https:\/\/rfblegal.co.uk\/index.php\/private-wealth\/probate-services\/court-of-protection-application\">- Pedidos ao Tribunal de Prote\u00e7\u00e3o<\/a><\/li>\r\n \t<li>- Declara\u00e7\u00f5es de confian\u00e7a<\/li>\r\n \t<li>- Cria\u00e7\u00e3o e gest\u00e3o de fundos fiduci\u00e1rios<\/li>\r\n \t<li><a href=\"https:\/\/rfblegal.co.uk\/index.php\/private-wealth\/probate-services\/cross-border-succession-taxation-and-domicile-status\">- Sucess\u00e3o transfronteiri\u00e7a, tributa\u00e7\u00e3o e estatuto do domic\u00edlio<\/a><\/li>\r\n<\/ul>\t\t\t\t\t\t  <\/div>\r\n\t\t\t\t\t\t<\/div>\r\n\t\t\t\t\t<\/div>\r\n\t\t\t\t\t<!-- Inner panel End -->\r\n\t\t\t\t\t\r\n\t\t\t\t\t\t\t<\/div>\r\n\t\t\t\r\n<script type=\"text\/javascript\">\r\n\t\r\n\t\tfunction do_resize(){\r\n\r\n\t\t\tvar width=jQuery( '.wpsm_panel .wpsm_panel-body iframe' ).width();\r\n\t\t\tvar height=jQuery( '.wpsm_panel .wpsm_panel-body iframe' ).height();\r\n\r\n\t\t\tvar toggleSize = true;\r\n\t\t\tjQuery('iframe').animate({\r\n\t\t\t    width: toggleSize ? width : 640,\r\n\t\t\t    height: toggleSize ? height : 360\r\n\t\t\t  }, 250);\r\n\r\n\t\t\t  toggleSize = !toggleSize;\r\n\t\t}\r\n\t\t\r\n<\/script>\t<\/p>","protected":false},"excerpt":{"rendered":"<p>Servi\u00e7os de testamentos e sucess\u00f5es O departamento de sucess\u00f5es de Ronald Fletcher Baker, eficiente e emp\u00e1tico, possui uma vasta experi\u00eancia em todas as \u00e1reas da pr\u00e1tica de clientes privados. Classificado no Legal 500, o departamento presta servi\u00e7os a uma grande variedade de clientes, incluindo fam\u00edlias com elevado patrim\u00f3nio l\u00edquido, indiv\u00edduos com domic\u00edlio no estrangeiro, empres\u00e1rios e clientes idosos e vulner\u00e1veis. O departamento est\u00e1 apto a ... <a href=\"https:\/\/rfblegal.co.uk\/pt\/?p=2865\">Continua\u00e7\u00e3o<\/a><\/p>","protected":false},"author":1,"featured_media":2861,"parent":357,"menu_order":0,"comment_status":"closed","ping_status":"closed","template":"tier2-template.blade.php","meta":{"_acf_changed":false,"om_disable_all_campaigns":false,"_uf_show_specific_survey":0,"_uf_disable_surveys":false,"footnotes":""},"class_list":["post-2295","page","type-page","status-publish","has-post-thumbnail","hentry"],"acf":[],"aioseo_notices":[],"yoast_head":"<!-- This site is optimized with the Yoast SEO plugin v27.2 - https:\/\/yoast.com\/product\/yoast-seo-wordpress\/ -->\n<title>Wills &amp; Probate Services - RFB Legal<\/title>\n<meta name=\"description\" content=\"Wills &amp; Probate Services Ronald Fletcher Baker\u2019s efficient and empathetic Probate department has extensive experience in all areas of private client\" \/>\n<meta name=\"robots\" content=\"index, follow, max-snippet:-1, max-image-preview:large, max-video-preview:-1\" \/>\n<link rel=\"canonical\" href=\"https:\/\/rfblegal.co.uk\/pt\/servicos\/direito-pessoal\/servicos-de-testamentos-e-sucessoes\/\" \/>\n<meta property=\"og:locale\" content=\"pt_PT\" \/>\n<meta property=\"og:type\" content=\"article\" \/>\n<meta property=\"og:title\" content=\"Wills &amp; Probate Services - RFB Legal\" \/>\n<meta property=\"og:description\" content=\"Wills &amp; Probate Services Ronald Fletcher Baker\u2019s efficient and empathetic Probate department has extensive experience in all areas of private client\" \/>\n<meta property=\"og:url\" content=\"https:\/\/rfblegal.co.uk\/pt\/servicos\/direito-pessoal\/servicos-de-testamentos-e-sucessoes\/\" \/>\n<meta property=\"og:site_name\" content=\"RFB Legal\" \/>\n<meta property=\"article:publisher\" content=\"https:\/\/www.facebook.com\/RFBLegal\/\" \/>\n<meta property=\"article:modified_time\" content=\"2026-03-24T14:37:23+00:00\" \/>\n<meta property=\"og:image\" content=\"https:\/\/rfblegal.co.uk\/wp-content\/uploads\/2024\/02\/Probate_services.jpg\" \/>\n\t<meta property=\"og:image:width\" content=\"1440\" \/>\n\t<meta property=\"og:image:height\" content=\"550\" \/>\n\t<meta property=\"og:image:type\" content=\"image\/jpeg\" \/>\n<meta name=\"twitter:card\" content=\"summary_large_image\" \/>\n<meta name=\"twitter:label1\" content=\"Est. reading time\" \/>\n\t<meta name=\"twitter:data1\" content=\"2 minutos\" \/>\n<script type=\"application\/ld+json\" class=\"yoast-schema-graph\">{\"@context\":\"https:\/\/schema.org\",\"@graph\":[{\"@type\":\"WebPage\",\"@id\":\"https:\/\/rfblegal.co.uk\/services\/personal-law\/wills-probate-services\/\",\"url\":\"https:\/\/rfblegal.co.uk\/services\/personal-law\/wills-probate-services\/\",\"name\":\"Wills &amp; Probate Services - RFB Legal\",\"isPartOf\":{\"@id\":\"https:\/\/rfblegal.co.uk\/#website\"},\"primaryImageOfPage\":{\"@id\":\"https:\/\/rfblegal.co.uk\/services\/personal-law\/wills-probate-services\/#primaryimage\"},\"image\":{\"@id\":\"https:\/\/rfblegal.co.uk\/services\/personal-law\/wills-probate-services\/#primaryimage\"},\"thumbnailUrl\":\"https:\/\/rfblegal.co.uk\/wp-content\/uploads\/2024\/02\/Probate_services.jpg\",\"datePublished\":\"2024-02-21T14:29:46+00:00\",\"dateModified\":\"2026-03-24T14:37:23+00:00\",\"description\":\"Wills &amp; Probate Services Ronald Fletcher Baker\u2019s efficient and empathetic Probate department has extensive experience in all areas of private client\",\"breadcrumb\":{\"@id\":\"https:\/\/rfblegal.co.uk\/services\/personal-law\/wills-probate-services\/#breadcrumb\"},\"inLanguage\":\"pt-PT\",\"potentialAction\":[{\"@type\":\"ReadAction\",\"target\":[\"https:\/\/rfblegal.co.uk\/services\/personal-law\/wills-probate-services\/\"]}]},{\"@type\":\"ImageObject\",\"inLanguage\":\"pt-PT\",\"@id\":\"https:\/\/rfblegal.co.uk\/services\/personal-law\/wills-probate-services\/#primaryimage\",\"url\":\"https:\/\/rfblegal.co.uk\/wp-content\/uploads\/2024\/02\/Probate_services.jpg\",\"contentUrl\":\"https:\/\/rfblegal.co.uk\/wp-content\/uploads\/2024\/02\/Probate_services.jpg\",\"width\":1440,\"height\":550},{\"@type\":\"BreadcrumbList\",\"@id\":\"https:\/\/rfblegal.co.uk\/services\/personal-law\/wills-probate-services\/#breadcrumb\",\"itemListElement\":[{\"@type\":\"ListItem\",\"position\":1,\"name\":\"Home\",\"item\":\"https:\/\/rfblegal.co.uk\/\"},{\"@type\":\"ListItem\",\"position\":2,\"name\":\"Services\",\"item\":\"https:\/\/rfblegal.co.uk\/services\/\"},{\"@type\":\"ListItem\",\"position\":3,\"name\":\"Personal Law Services\",\"item\":\"https:\/\/rfblegal.co.uk\/services\/personal-law\/\"},{\"@type\":\"ListItem\",\"position\":4,\"name\":\"Wills &amp; Probate Services\"}]},{\"@type\":\"WebSite\",\"@id\":\"https:\/\/rfblegal.co.uk\/#website\",\"url\":\"https:\/\/rfblegal.co.uk\/\",\"name\":\"RFB Legal\",\"description\":\"\",\"publisher\":{\"@id\":\"https:\/\/rfblegal.co.uk\/#organization\"},\"potentialAction\":[{\"@type\":\"SearchAction\",\"target\":{\"@type\":\"EntryPoint\",\"urlTemplate\":\"https:\/\/rfblegal.co.uk\/?s={search_term_string}\"},\"query-input\":{\"@type\":\"PropertyValueSpecification\",\"valueRequired\":true,\"valueName\":\"search_term_string\"}}],\"inLanguage\":\"pt-PT\"},{\"@type\":\"Organization\",\"@id\":\"https:\/\/rfblegal.co.uk\/#organization\",\"name\":\"RFB Legal\",\"url\":\"https:\/\/rfblegal.co.uk\/\",\"logo\":{\"@type\":\"ImageObject\",\"inLanguage\":\"pt-PT\",\"@id\":\"https:\/\/rfblegal.co.uk\/#\/schema\/logo\/image\/\",\"url\":\"https:\/\/rfblegal.co.uk\/wp-content\/uploads\/2024\/01\/header_company_logo.svg\",\"contentUrl\":\"https:\/\/rfblegal.co.uk\/wp-content\/uploads\/2024\/01\/header_company_logo.svg\",\"caption\":\"RFB Legal\"},\"image\":{\"@id\":\"https:\/\/rfblegal.co.uk\/#\/schema\/logo\/image\/\"},\"sameAs\":[\"https:\/\/www.facebook.com\/RFBLegal\/\",\"https:\/\/www.linkedin.com\/uas\/login?session_redirect=company2012282\",\"https:\/\/www.instagram.com\/rfb_legal\/\"]}]}<\/script>\n<!-- \/ Yoast SEO plugin. -->","yoast_head_json":{"title":"Servi\u00e7os de testamentos e sucess\u00f5es - RFB Legal","description":"Servi\u00e7os de testamentos e sucess\u00f5es O departamento de sucess\u00f5es de Ronald Fletcher Baker, eficiente e emp\u00e1tico, tem uma vasta experi\u00eancia em todas as \u00e1reas de clientes privados","robots":{"index":"index","follow":"follow","max-snippet":"max-snippet:-1","max-image-preview":"max-image-preview:large","max-video-preview":"max-video-preview:-1"},"canonical":"https:\/\/rfblegal.co.uk\/pt\/servicos\/direito-pessoal\/servicos-de-testamentos-e-sucessoes\/","og_locale":"pt_PT","og_type":"article","og_title":"Wills &amp; Probate Services - RFB Legal","og_description":"Wills &amp; Probate Services Ronald Fletcher Baker\u2019s efficient and empathetic Probate department has extensive experience in all areas of private client","og_url":"https:\/\/rfblegal.co.uk\/pt\/servicos\/direito-pessoal\/servicos-de-testamentos-e-sucessoes\/","og_site_name":"RFB Legal","article_publisher":"https:\/\/www.facebook.com\/RFBLegal\/","article_modified_time":"2026-03-24T14:37:23+00:00","og_image":[{"width":1440,"height":550,"url":"https:\/\/rfblegal.co.uk\/wp-content\/uploads\/2024\/02\/Probate_services.jpg","type":"image\/jpeg"}],"twitter_card":"summary_large_image","twitter_misc":{"Est. reading time":"2 minutos"},"schema":{"@context":"https:\/\/schema.org","@graph":[{"@type":"WebPage","@id":"https:\/\/rfblegal.co.uk\/services\/personal-law\/wills-probate-services\/","url":"https:\/\/rfblegal.co.uk\/services\/personal-law\/wills-probate-services\/","name":"Servi\u00e7os de testamentos e sucess\u00f5es - RFB Legal","isPartOf":{"@id":"https:\/\/rfblegal.co.uk\/#website"},"primaryImageOfPage":{"@id":"https:\/\/rfblegal.co.uk\/services\/personal-law\/wills-probate-services\/#primaryimage"},"image":{"@id":"https:\/\/rfblegal.co.uk\/services\/personal-law\/wills-probate-services\/#primaryimage"},"thumbnailUrl":"https:\/\/rfblegal.co.uk\/wp-content\/uploads\/2024\/02\/Probate_services.jpg","datePublished":"2024-02-21T14:29:46+00:00","dateModified":"2026-03-24T14:37:23+00:00","description":"Servi\u00e7os de testamentos e sucess\u00f5es O departamento de sucess\u00f5es de Ronald Fletcher Baker, eficiente e emp\u00e1tico, tem uma vasta experi\u00eancia em todas as \u00e1reas de clientes privados","breadcrumb":{"@id":"https:\/\/rfblegal.co.uk\/services\/personal-law\/wills-probate-services\/#breadcrumb"},"inLanguage":"pt-PT","potentialAction":[{"@type":"ReadAction","target":["https:\/\/rfblegal.co.uk\/services\/personal-law\/wills-probate-services\/"]}]},{"@type":"ImageObject","inLanguage":"pt-PT","@id":"https:\/\/rfblegal.co.uk\/services\/personal-law\/wills-probate-services\/#primaryimage","url":"https:\/\/rfblegal.co.uk\/wp-content\/uploads\/2024\/02\/Probate_services.jpg","contentUrl":"https:\/\/rfblegal.co.uk\/wp-content\/uploads\/2024\/02\/Probate_services.jpg","width":1440,"height":550},{"@type":"BreadcrumbList","@id":"https:\/\/rfblegal.co.uk\/services\/personal-law\/wills-probate-services\/#breadcrumb","itemListElement":[{"@type":"ListItem","position":1,"name":"Home","item":"https:\/\/rfblegal.co.uk\/"},{"@type":"ListItem","position":2,"name":"Services","item":"https:\/\/rfblegal.co.uk\/services\/"},{"@type":"ListItem","position":3,"name":"Personal Law Services","item":"https:\/\/rfblegal.co.uk\/services\/personal-law\/"},{"@type":"ListItem","position":4,"name":"Wills &amp; Probate Services"}]},{"@type":"WebSite","@id":"https:\/\/rfblegal.co.uk\/#website","url":"https:\/\/rfblegal.co.uk\/","name":"Jur\u00eddico da RFB","description":"","publisher":{"@id":"https:\/\/rfblegal.co.uk\/#organization"},"potentialAction":[{"@type":"SearchAction","target":{"@type":"EntryPoint","urlTemplate":"https:\/\/rfblegal.co.uk\/?s={search_term_string}"},"query-input":{"@type":"PropertyValueSpecification","valueRequired":true,"valueName":"search_term_string"}}],"inLanguage":"pt-PT"},{"@type":"Organization","@id":"https:\/\/rfblegal.co.uk\/#organization","name":"Jur\u00eddico da RFB","url":"https:\/\/rfblegal.co.uk\/","logo":{"@type":"ImageObject","inLanguage":"pt-PT","@id":"https:\/\/rfblegal.co.uk\/#\/schema\/logo\/image\/","url":"https:\/\/rfblegal.co.uk\/wp-content\/uploads\/2024\/01\/header_company_logo.svg","contentUrl":"https:\/\/rfblegal.co.uk\/wp-content\/uploads\/2024\/01\/header_company_logo.svg","caption":"RFB Legal"},"image":{"@id":"https:\/\/rfblegal.co.uk\/#\/schema\/logo\/image\/"},"sameAs":["https:\/\/www.facebook.com\/RFBLegal\/","https:\/\/www.linkedin.com\/uas\/login?session_redirect=company2012282","https:\/\/www.instagram.com\/rfb_legal\/"]}]}},"_links":{"self":[{"href":"https:\/\/rfblegal.co.uk\/pt\/wp-json\/wp\/v2\/pages\/2295","targetHints":{"allow":["GET"]}}],"collection":[{"href":"https:\/\/rfblegal.co.uk\/pt\/wp-json\/wp\/v2\/pages"}],"about":[{"href":"https:\/\/rfblegal.co.uk\/pt\/wp-json\/wp\/v2\/types\/page"}],"author":[{"embeddable":true,"href":"https:\/\/rfblegal.co.uk\/pt\/wp-json\/wp\/v2\/users\/1"}],"replies":[{"embeddable":true,"href":"https:\/\/rfblegal.co.uk\/pt\/wp-json\/wp\/v2\/comments?post=2295"}],"version-history":[{"count":1,"href":"https:\/\/rfblegal.co.uk\/pt\/wp-json\/wp\/v2\/pages\/2295\/revisions"}],"predecessor-version":[{"id":9033,"href":"https:\/\/rfblegal.co.uk\/pt\/wp-json\/wp\/v2\/pages\/2295\/revisions\/9033"}],"up":[{"embeddable":true,"href":"https:\/\/rfblegal.co.uk\/pt\/wp-json\/wp\/v2\/pages\/357"}],"wp:featuredmedia":[{"embeddable":true,"href":"https:\/\/rfblegal.co.uk\/pt\/wp-json\/wp\/v2\/media\/2861"}],"wp:attachment":[{"href":"https:\/\/rfblegal.co.uk\/pt\/wp-json\/wp\/v2\/media?parent=2295"}],"curies":[{"name":"wp","href":"https:\/\/api.w.org\/{rel}","templated":true}]}}