{"id":2169,"date":"2024-02-21T12:56:55","date_gmt":"2024-02-21T12:56:55","guid":{"rendered":"https:\/\/rfblegal.co.uk\/?page_id=2169"},"modified":"2025-09-04T18:32:51","modified_gmt":"2025-09-04T18:32:51","slug":"construcao-e-engenharia","status":"publish","type":"page","link":"https:\/\/rfblegal.co.uk\/pt\/servicos\/direito-pessoal\/litigios-imobiliarios\/construcao-e-engenharia\/","title":{"rendered":"Constru\u00e7\u00e3o e engenharia"},"content":{"rendered":"<h2 class=\"wp-block-heading has-2-xl-font-size\" style=\"padding-top:var(--wp--preset--spacing--20);padding-bottom:var(--wp--preset--spacing--20);font-style:normal;font-weight:600\">Constru\u00e7\u00e3o<\/h2>\n\n\n\n<h4 class=\"wp-block-heading has-lg-font-size\" style=\"padding-top:var(--wp--preset--spacing--20);padding-bottom:var(--wp--preset--spacing--20);font-style:normal;font-weight:500\"><strong>A nossa bem estabelecida equipa de Constru\u00e7\u00e3o tem uma vasta experi\u00eancia no aconselhamento de empregadores, empreiteiros principais e subempreiteiros numa vasta gama de lit\u00edgios de constru\u00e7\u00e3o.<\/strong><\/h4>\n\n\n\n<p style=\"padding-top:var(--wp--preset--spacing--20);padding-bottom:var(--wp--preset--spacing--20)\">Os nossos clientes abrangem todo o sector da constru\u00e7\u00e3o, incluindo empregadores, principais\/subcontratantes e profissionais da constru\u00e7\u00e3o (como arquitectos). Temos experi\u00eancia em atuar e aconselhar sobre uma multiplicidade de lit\u00edgios de constru\u00e7\u00e3o decorrentes de todo o espetro de contratos de constru\u00e7\u00e3o, bem como de acordos escritos (ou orais) feitos \u00e0 medida. Estamos aptos a lidar com lit\u00edgios que v\u00e3o desde adjudica\u00e7\u00f5es de \u2018esmagar e agarrar\u2019\/conta final at\u00e9 ao aconselhamento de clientes relativamente a reclama\u00e7\u00f5es por atrasos, bem como \u00e0 \u00e1rea altamente controversa da rescis\u00e3o.<\/p>\n\n\n\n<p style=\"padding-top:var(--wp--preset--spacing--20);padding-bottom:var(--wp--preset--spacing--20)\">Avaliamos o objetivo de cada cliente e elaboramos uma estrat\u00e9gia pr\u00e1tica e exequ\u00edvel que melhor se adequa \u00e0 obten\u00e7\u00e3o do resultado pretendido, quer seja atrav\u00e9s de negocia\u00e7\u00f5es, media\u00e7\u00e3o, adjudica\u00e7\u00e3o ou, se for caso disso, atrav\u00e9s de um processo no Tribunal de Tecnologia e Constru\u00e7\u00e3o. &nbsp;<\/p>\n\n\n\n<p style=\"padding-top:var(--wp--preset--spacing--20);padding-bottom:var(--wp--preset--spacing--20)\">\t\t\t\t\t\t<style>\r\n\t\t\t\t<style>\r\n#wpsm_accordion_2740 .wpsm_panel-heading{\r\n\tpadding:0px !important;\r\n}\r\n#wpsm_accordion_2740 .wpsm_panel-title {\r\n\tmargin:0px !important; \r\n\ttext-transform:none !important;\r\n\tline-height: 1 !important;\r\n}\r\n#wpsm_accordion_2740 .wpsm_panel-title a{\r\n\ttext-decoration:none;\r\n\toverflow:hidden;\r\n\tdisplay:block;\r\n\tpadding:0px;\r\n\tfont-size: 18px !important;\r\n\tfont-family: Open Sans !important;\r\n\tcolor:#000000 !important;\r\n\tborder-bottom:0px !important;\r\n}\r\n\r\n#wpsm_accordion_2740 .wpsm_panel-title a:focus {\r\noutline: 0px !important;\r\n}\r\n\r\n#wpsm_accordion_2740 .wpsm_panel-title a:hover, #wpsm_accordion_2740 .wpsm_panel-title a:focus {\r\n\tcolor:#000000 !important;\r\n}\r\n#wpsm_accordion_2740 .acc-a{\r\n\tcolor: #000000 !important;\r\n\tbackground-color:#e8e8e8 !important;\r\n\tborder-color: #ddd;\r\n}\r\n#wpsm_accordion_2740 .wpsm_panel-default > .wpsm_panel-heading{\r\n\tcolor: #000000 !important;\r\n\tbackground-color: #e8e8e8 !important;\r\n\tborder-color: #e8e8e8 !important;\r\n\tborder-top-left-radius: 0px;\r\n\tborder-top-right-radius: 0px;\r\n}\r\n#wpsm_accordion_2740 .wpsm_panel-default {\r\n\t\tborder:1px solid transparent !important;\r\n\t}\r\n#wpsm_accordion_2740 {\r\n\tmargin-bottom: 20px;\r\n\toverflow: hidden;\r\n\tfloat: none;\r\n\twidth: 100%;\r\n\tdisplay: block;\r\n}\r\n#wpsm_accordion_2740 .ac_title_class{\r\n\tdisplay: block;\r\n\tpadding-top: 12px;\r\n\tpadding-bottom: 12px;\r\n\tpadding-left: 15px;\r\n\tpadding-right: 15px;\r\n}\r\n#wpsm_accordion_2740  .wpsm_panel {\r\n\toverflow:hidden;\r\n\t-webkit-box-shadow: 0 0px 0px rgba(0, 0, 0, .05);\r\n\tbox-shadow: 0 0px 0px rgba(0, 0, 0, .05);\r\n\t\tborder-radius: 4px;\r\n\t}\r\n#wpsm_accordion_2740  .wpsm_panel + .wpsm_panel {\r\n\t\tmargin-top: 5px;\r\n\t}\r\n#wpsm_accordion_2740  .wpsm_panel-body{\r\n\tbackground-color:#ffffff !important;\r\n\tcolor:#000000 !important;\r\n\tborder-top-color: #e8e8e8 !important;\r\n\tfont-size:16px !important;\r\n\tfont-family: Open Sans !important;\r\n\toverflow: hidden;\r\n\t\tborder: 2px solid #e8e8e8 !important;\r\n\t}\r\n\r\n#wpsm_accordion_2740 .ac_open_cl_icon{\r\n\tbackground-color:#e8e8e8 !important;\r\n\tcolor: #000000 !important;\r\n\tfloat:right !important;\r\n\tpadding-top: 12px !important;\r\n\tpadding-bottom: 12px !important;\r\n\tline-height: 1.0 !important;\r\n\tpadding-left: 15px !important;\r\n\tpadding-right: 15px !important;\r\n\tdisplay: inline-block !important;\r\n}\r\n\r\n\t\t\t\r\n\t\t\t<\/style>\t\r\n\t\t\t<\/style>\r\n\t\t\t<div class=\"wpsm_panel-group\" id=\"wpsm_accordion_2740\" >\r\n\t\t\t\t\t\t\t\t\r\n\t\t\t\t\t<!-- Inner panel Start -->\r\n\t\t\t\t\t<div class=\"wpsm_panel wpsm_panel-default\">\r\n\t\t\t\t\t\t<div class=\"wpsm_panel-heading\" role=\"tab\" >\r\n\t\t\t\t\t\t  <h4 class=\"wpsm_panel-title\">\r\n\t\t\t\t\t\t\t<a  class=\"\"  data-toggle=\"collapse\" data-parent=\"#wpsm_accordion_2740 \" href=\"javascript:void(0)\" data-target=\"#ac_2740_collapse1\" onclick=\"do_resize()\">\r\n\t\t\t\t\t\t\t\t\t\t\t\t\t\t\t\t\t<span class=\"ac_open_cl_icon fa fa-minus\"><\/span>\r\n\t\t\t\t\t\t\t\t\t\r\n\t\t\t\t\t\t\t\t \r\n\t\t\t\t\t\t\t\t<span class=\"ac_title_class\">\r\n\t\t\t\t\t\t\t\t\tCasos recentes incluem:\t\t\t\t\t\t\t\t<\/span>\r\n\t\t\t\t\t\t\t<\/a>\r\n\t\t\t\t\t\t  <\/h4>\r\n\t\t\t\t\t\t<\/div>\r\n\t\t\t\t\t\t<div id=\"ac_2740_collapse1\" class=\"wpsm_panel-collapse collapse in\"  >\r\n\t\t\t\t\t\t  <div class=\"wpsm_panel-body\">\r\n\t\t\t\t\t\t\t<ul>\r\n \t<li>- Defending an offshore-based employer in multi-million-pound adjudication proceedings brought against it by the main contractor for works carried out to a residential property in Mayfair, London. Working alongside specialist counsel, we successfully defended the claim in its entirety.<\/li>\r\n \t<li>- Representing a contractor in concurrent adjudication proceedings: one, a Final Account adjudication regarding works carried out at commercial property in a prime location in Central London pursuant to the terms of a bespoke written contract; and the second, a smash-and-grab adjudication pertaining to works to premises in South West London in accordance with the terms of an oral contract.<\/li>\r\n \t<li>- Defesa bem sucedida de um empreiteiro principal num processo de adjudica\u00e7\u00e3o apresentado contra ele por um subempreiteiro, relativo a obras realizadas num grande empreendimento residencial em Eastbourne, East Sussex. A parte requerente pretendia obter o pagamento de mais de \u00a3150.000, o que inclu\u00eda argumentos relativos \u00e0 validade de um aviso de pagamento a menos.<\/li>\r\n \t<li>- Atua\u00e7\u00e3o em media\u00e7\u00e3o em nome de uma empresa de log\u00edstica de constru\u00e7\u00e3o num lit\u00edgio de pagamento contra um dos maiores empreiteiros privados do Reino Unido, relativo ao fornecimento de m\u00e3o de obra para v\u00e1rios projectos de constru\u00e7\u00e3o em todo o Reino Unido.<\/li>\r\n \t<li>- Atua\u00e7\u00e3o em nome de dois indiv\u00edduos com elevado patrim\u00f3nio l\u00edquido numa queixa por incumprimento de contrato\/mal-entendidos contra um grande promotor do Reino Unido no valor de mais de 1 milh\u00e3o de libras, relativa a obras defeituosas realizadas num empreendimento residencial de alta especifica\u00e7\u00e3o em Bath.<\/li>\r\n<\/ul>\t\t\t\t\t\t  <\/div>\r\n\t\t\t\t\t\t<\/div>\r\n\t\t\t\t\t<\/div>\r\n\t\t\t\t\t<!-- Inner panel End -->\r\n\t\t\t\t\t\r\n\t\t\t\t\t\t\t\t\r\n\t\t\t\t\t<!-- Inner panel Start -->\r\n\t\t\t\t\t<div class=\"wpsm_panel wpsm_panel-default\">\r\n\t\t\t\t\t\t<div class=\"wpsm_panel-heading\" role=\"tab\" >\r\n\t\t\t\t\t\t  <h4 class=\"wpsm_panel-title\">\r\n\t\t\t\t\t\t\t<a  class=\"collapsed\"  data-toggle=\"collapse\" data-parent=\"#wpsm_accordion_2740 \" href=\"javascript:void(0)\" data-target=\"#ac_2740_collapse2\" onclick=\"do_resize()\">\r\n\t\t\t\t\t\t\t\t\t\t\t\t\t\t\t\t\t<span class=\"ac_open_cl_icon fa fa-plus\"><\/span>\r\n\t\t\t\t\t\t\t\t\t\r\n\t\t\t\t\t\t\t\t \r\n\t\t\t\t\t\t\t\t<span class=\"ac_title_class\">\r\n\t\t\t\t\t\t\t\t\tEXPERI\u00caNCIA:\t\t\t\t\t\t\t\t<\/span>\r\n\t\t\t\t\t\t\t<\/a>\r\n\t\t\t\t\t\t  <\/h4>\r\n\t\t\t\t\t\t<\/div>\r\n\t\t\t\t\t\t<div id=\"ac_2740_collapse2\" class=\"wpsm_panel-collapse collapse\"  >\r\n\t\t\t\t\t\t  <div class=\"wpsm_panel-body\">\r\n\t\t\t\t\t\t\t<ul>\r\n \t<li>- Compra e venda de im\u00f3veis e de im\u00f3veis para arrendamento<\/li>\r\n \t<li>- Refinanciamento de im\u00f3veis<\/li>\r\n \t<li>- Transfer\u00eancia de capital<\/li>\r\n \t<li>- Vendas\/compras de elevado patrim\u00f3nio l\u00edquido<\/li>\r\n \t<li>- Vendas\/compras em leil\u00e3o<\/li>\r\n \t<li>- Planos complexos de apartamentos e transac\u00e7\u00f5es de arrendamento<\/li>\r\n<\/ul>\t\t\t\t\t\t  <\/div>\r\n\t\t\t\t\t\t<\/div>\r\n\t\t\t\t\t<\/div>\r\n\t\t\t\t\t<!-- Inner panel End -->\r\n\t\t\t\t\t\r\n\t\t\t\t\t\t\t<\/div>\r\n\t\t\t\r\n<script type=\"text\/javascript\">\r\n\t\r\n\t\tfunction do_resize(){\r\n\r\n\t\t\tvar width=jQuery( '.wpsm_panel .wpsm_panel-body iframe' ).width();\r\n\t\t\tvar height=jQuery( '.wpsm_panel .wpsm_panel-body iframe' ).height();\r\n\r\n\t\t\tvar toggleSize = true;\r\n\t\t\tjQuery('iframe').animate({\r\n\t\t\t    width: toggleSize ? width : 640,\r\n\t\t\t    height: toggleSize ? height : 360\r\n\t\t\t  }, 250);\r\n\r\n\t\t\t  toggleSize = !toggleSize;\r\n\t\t}\r\n\t\t\r\n<\/script>\t<\/p>","protected":false},"excerpt":{"rendered":"<p>Construction Our well-established Construction team has extensive experience in advising employers, main contractors, and sub-contractors across a broad range of construction disputes. Our clients span the whole construction sector, including employers, main\/sub-contractors, and construction professionals (such as architects). We are experienced acting in and advising on a multitude of construction disputes arising out of the &hellip; <a href=\"https:\/\/rfblegal.co.uk\/pt\/?p=2740\">Continua\u00e7\u00e3o<\/a><\/p>","protected":false},"author":1,"featured_media":2739,"parent":2126,"menu_order":0,"comment_status":"closed","ping_status":"closed","template":"tier3-template.blade.php","meta":{"_acf_changed":false,"om_disable_all_campaigns":false,"_uf_show_specific_survey":0,"_uf_disable_surveys":false,"footnotes":""},"class_list":["post-2169","page","type-page","status-publish","has-post-thumbnail","hentry"],"acf":[],"aioseo_notices":[],"yoast_head":"<!-- This site is optimized with the Yoast SEO plugin v27.2 - https:\/\/yoast.com\/product\/yoast-seo-wordpress\/ -->\n<title>Construction and Engineering - RFB Legal<\/title>\n<meta name=\"description\" content=\"Construction Our well established Construction team has extensive experience in advising employers\" \/>\n<meta name=\"robots\" content=\"index, follow, max-snippet:-1, max-image-preview:large, max-video-preview:-1\" \/>\n<link rel=\"canonical\" href=\"https:\/\/rfblegal.co.uk\/pt\/servicos\/direito-pessoal\/litigios-imobiliarios\/construcao-e-engenharia\/\" \/>\n<meta property=\"og:locale\" content=\"pt_PT\" \/>\n<meta property=\"og:type\" content=\"article\" \/>\n<meta property=\"og:title\" content=\"Construction and Engineering - RFB Legal\" \/>\n<meta property=\"og:description\" content=\"Construction Our well established Construction team has extensive experience in advising employers\" \/>\n<meta property=\"og:url\" content=\"https:\/\/rfblegal.co.uk\/pt\/servicos\/direito-pessoal\/litigios-imobiliarios\/construcao-e-engenharia\/\" \/>\n<meta property=\"og:site_name\" content=\"RFB Legal\" \/>\n<meta property=\"article:publisher\" content=\"https:\/\/www.facebook.com\/RFBLegal\/\" \/>\n<meta property=\"article:modified_time\" content=\"2025-09-04T18:32:51+00:00\" \/>\n<meta property=\"og:image\" content=\"https:\/\/rfblegal.co.uk\/wp-content\/uploads\/2024\/02\/Construction.jpg\" \/>\n\t<meta property=\"og:image:width\" content=\"1440\" \/>\n\t<meta property=\"og:image:height\" content=\"550\" \/>\n\t<meta property=\"og:image:type\" content=\"image\/jpeg\" \/>\n<meta name=\"twitter:card\" content=\"summary_large_image\" \/>\n<meta name=\"twitter:label1\" content=\"Est. reading time\" \/>\n\t<meta name=\"twitter:data1\" content=\"1 minuto\" \/>\n<script type=\"application\/ld+json\" class=\"yoast-schema-graph\">{\"@context\":\"https:\/\/schema.org\",\"@graph\":[{\"@type\":\"WebPage\",\"@id\":\"https:\/\/rfblegal.co.uk\/services\/personal-law\/property-litigation\/construction-and-engineering\/\",\"url\":\"https:\/\/rfblegal.co.uk\/services\/personal-law\/property-litigation\/construction-and-engineering\/\",\"name\":\"Construction and Engineering - RFB Legal\",\"isPartOf\":{\"@id\":\"https:\/\/rfblegal.co.uk\/#website\"},\"primaryImageOfPage\":{\"@id\":\"https:\/\/rfblegal.co.uk\/services\/personal-law\/property-litigation\/construction-and-engineering\/#primaryimage\"},\"image\":{\"@id\":\"https:\/\/rfblegal.co.uk\/services\/personal-law\/property-litigation\/construction-and-engineering\/#primaryimage\"},\"thumbnailUrl\":\"https:\/\/rfblegal.co.uk\/wp-content\/uploads\/2024\/02\/Construction.jpg\",\"datePublished\":\"2024-02-21T12:56:55+00:00\",\"dateModified\":\"2025-09-04T18:32:51+00:00\",\"description\":\"Construction Our well established Construction team has extensive experience in advising employers\",\"breadcrumb\":{\"@id\":\"https:\/\/rfblegal.co.uk\/services\/personal-law\/property-litigation\/construction-and-engineering\/#breadcrumb\"},\"inLanguage\":\"pt-PT\",\"potentialAction\":[{\"@type\":\"ReadAction\",\"target\":[\"https:\/\/rfblegal.co.uk\/services\/personal-law\/property-litigation\/construction-and-engineering\/\"]}]},{\"@type\":\"ImageObject\",\"inLanguage\":\"pt-PT\",\"@id\":\"https:\/\/rfblegal.co.uk\/services\/personal-law\/property-litigation\/construction-and-engineering\/#primaryimage\",\"url\":\"https:\/\/rfblegal.co.uk\/wp-content\/uploads\/2024\/02\/Construction.jpg\",\"contentUrl\":\"https:\/\/rfblegal.co.uk\/wp-content\/uploads\/2024\/02\/Construction.jpg\",\"width\":1440,\"height\":550},{\"@type\":\"BreadcrumbList\",\"@id\":\"https:\/\/rfblegal.co.uk\/services\/personal-law\/property-litigation\/construction-and-engineering\/#breadcrumb\",\"itemListElement\":[{\"@type\":\"ListItem\",\"position\":1,\"name\":\"Home\",\"item\":\"https:\/\/rfblegal.co.uk\/\"},{\"@type\":\"ListItem\",\"position\":2,\"name\":\"Services\",\"item\":\"https:\/\/rfblegal.co.uk\/services\/\"},{\"@type\":\"ListItem\",\"position\":3,\"name\":\"Personal Law Services\",\"item\":\"https:\/\/rfblegal.co.uk\/services\/personal-law\/\"},{\"@type\":\"ListItem\",\"position\":4,\"name\":\"Property Litigation\",\"item\":\"https:\/\/rfblegal.co.uk\/services\/personal-law\/property-litigation\/\"},{\"@type\":\"ListItem\",\"position\":5,\"name\":\"Construction and Engineering\"}]},{\"@type\":\"WebSite\",\"@id\":\"https:\/\/rfblegal.co.uk\/#website\",\"url\":\"https:\/\/rfblegal.co.uk\/\",\"name\":\"RFB Legal\",\"description\":\"\",\"publisher\":{\"@id\":\"https:\/\/rfblegal.co.uk\/#organization\"},\"potentialAction\":[{\"@type\":\"SearchAction\",\"target\":{\"@type\":\"EntryPoint\",\"urlTemplate\":\"https:\/\/rfblegal.co.uk\/?s={search_term_string}\"},\"query-input\":{\"@type\":\"PropertyValueSpecification\",\"valueRequired\":true,\"valueName\":\"search_term_string\"}}],\"inLanguage\":\"pt-PT\"},{\"@type\":\"Organization\",\"@id\":\"https:\/\/rfblegal.co.uk\/#organization\",\"name\":\"RFB Legal\",\"url\":\"https:\/\/rfblegal.co.uk\/\",\"logo\":{\"@type\":\"ImageObject\",\"inLanguage\":\"pt-PT\",\"@id\":\"https:\/\/rfblegal.co.uk\/#\/schema\/logo\/image\/\",\"url\":\"https:\/\/rfblegal.co.uk\/wp-content\/uploads\/2024\/01\/header_company_logo.svg\",\"contentUrl\":\"https:\/\/rfblegal.co.uk\/wp-content\/uploads\/2024\/01\/header_company_logo.svg\",\"caption\":\"RFB Legal\"},\"image\":{\"@id\":\"https:\/\/rfblegal.co.uk\/#\/schema\/logo\/image\/\"},\"sameAs\":[\"https:\/\/www.facebook.com\/RFBLegal\/\",\"https:\/\/www.linkedin.com\/uas\/login?session_redirect=company2012282\",\"https:\/\/www.instagram.com\/rfb_legal\/\"]}]}<\/script>\n<!-- \/ Yoast SEO plugin. -->","yoast_head_json":{"title":"Constru\u00e7\u00e3o e engenharia - RFB Legal","description":"Constru\u00e7\u00e3o A nossa bem estabelecida equipa de Constru\u00e7\u00e3o tem uma vasta experi\u00eancia no aconselhamento de empregadores","robots":{"index":"index","follow":"follow","max-snippet":"max-snippet:-1","max-image-preview":"max-image-preview:large","max-video-preview":"max-video-preview:-1"},"canonical":"https:\/\/rfblegal.co.uk\/pt\/servicos\/direito-pessoal\/litigios-imobiliarios\/construcao-e-engenharia\/","og_locale":"pt_PT","og_type":"article","og_title":"Construction and Engineering - RFB Legal","og_description":"Construction Our well established Construction team has extensive experience in advising employers","og_url":"https:\/\/rfblegal.co.uk\/pt\/servicos\/direito-pessoal\/litigios-imobiliarios\/construcao-e-engenharia\/","og_site_name":"RFB Legal","article_publisher":"https:\/\/www.facebook.com\/RFBLegal\/","article_modified_time":"2025-09-04T18:32:51+00:00","og_image":[{"width":1440,"height":550,"url":"https:\/\/rfblegal.co.uk\/wp-content\/uploads\/2024\/02\/Construction.jpg","type":"image\/jpeg"}],"twitter_card":"summary_large_image","twitter_misc":{"Est. reading time":"1 minuto"},"schema":{"@context":"https:\/\/schema.org","@graph":[{"@type":"WebPage","@id":"https:\/\/rfblegal.co.uk\/services\/personal-law\/property-litigation\/construction-and-engineering\/","url":"https:\/\/rfblegal.co.uk\/services\/personal-law\/property-litigation\/construction-and-engineering\/","name":"Constru\u00e7\u00e3o e engenharia - RFB Legal","isPartOf":{"@id":"https:\/\/rfblegal.co.uk\/#website"},"primaryImageOfPage":{"@id":"https:\/\/rfblegal.co.uk\/services\/personal-law\/property-litigation\/construction-and-engineering\/#primaryimage"},"image":{"@id":"https:\/\/rfblegal.co.uk\/services\/personal-law\/property-litigation\/construction-and-engineering\/#primaryimage"},"thumbnailUrl":"https:\/\/rfblegal.co.uk\/wp-content\/uploads\/2024\/02\/Construction.jpg","datePublished":"2024-02-21T12:56:55+00:00","dateModified":"2025-09-04T18:32:51+00:00","description":"Constru\u00e7\u00e3o A nossa bem estabelecida equipa de Constru\u00e7\u00e3o tem uma vasta experi\u00eancia no aconselhamento de empregadores","breadcrumb":{"@id":"https:\/\/rfblegal.co.uk\/services\/personal-law\/property-litigation\/construction-and-engineering\/#breadcrumb"},"inLanguage":"pt-PT","potentialAction":[{"@type":"ReadAction","target":["https:\/\/rfblegal.co.uk\/services\/personal-law\/property-litigation\/construction-and-engineering\/"]}]},{"@type":"ImageObject","inLanguage":"pt-PT","@id":"https:\/\/rfblegal.co.uk\/services\/personal-law\/property-litigation\/construction-and-engineering\/#primaryimage","url":"https:\/\/rfblegal.co.uk\/wp-content\/uploads\/2024\/02\/Construction.jpg","contentUrl":"https:\/\/rfblegal.co.uk\/wp-content\/uploads\/2024\/02\/Construction.jpg","width":1440,"height":550},{"@type":"BreadcrumbList","@id":"https:\/\/rfblegal.co.uk\/services\/personal-law\/property-litigation\/construction-and-engineering\/#breadcrumb","itemListElement":[{"@type":"ListItem","position":1,"name":"Home","item":"https:\/\/rfblegal.co.uk\/"},{"@type":"ListItem","position":2,"name":"Services","item":"https:\/\/rfblegal.co.uk\/services\/"},{"@type":"ListItem","position":3,"name":"Personal Law Services","item":"https:\/\/rfblegal.co.uk\/services\/personal-law\/"},{"@type":"ListItem","position":4,"name":"Property Litigation","item":"https:\/\/rfblegal.co.uk\/services\/personal-law\/property-litigation\/"},{"@type":"ListItem","position":5,"name":"Construction and Engineering"}]},{"@type":"WebSite","@id":"https:\/\/rfblegal.co.uk\/#website","url":"https:\/\/rfblegal.co.uk\/","name":"Jur\u00eddico da RFB","description":"","publisher":{"@id":"https:\/\/rfblegal.co.uk\/#organization"},"potentialAction":[{"@type":"SearchAction","target":{"@type":"EntryPoint","urlTemplate":"https:\/\/rfblegal.co.uk\/?s={search_term_string}"},"query-input":{"@type":"PropertyValueSpecification","valueRequired":true,"valueName":"search_term_string"}}],"inLanguage":"pt-PT"},{"@type":"Organization","@id":"https:\/\/rfblegal.co.uk\/#organization","name":"Jur\u00eddico da RFB","url":"https:\/\/rfblegal.co.uk\/","logo":{"@type":"ImageObject","inLanguage":"pt-PT","@id":"https:\/\/rfblegal.co.uk\/#\/schema\/logo\/image\/","url":"https:\/\/rfblegal.co.uk\/wp-content\/uploads\/2024\/01\/header_company_logo.svg","contentUrl":"https:\/\/rfblegal.co.uk\/wp-content\/uploads\/2024\/01\/header_company_logo.svg","caption":"RFB Legal"},"image":{"@id":"https:\/\/rfblegal.co.uk\/#\/schema\/logo\/image\/"},"sameAs":["https:\/\/www.facebook.com\/RFBLegal\/","https:\/\/www.linkedin.com\/uas\/login?session_redirect=company2012282","https:\/\/www.instagram.com\/rfb_legal\/"]}]}},"_links":{"self":[{"href":"https:\/\/rfblegal.co.uk\/pt\/wp-json\/wp\/v2\/pages\/2169","targetHints":{"allow":["GET"]}}],"collection":[{"href":"https:\/\/rfblegal.co.uk\/pt\/wp-json\/wp\/v2\/pages"}],"about":[{"href":"https:\/\/rfblegal.co.uk\/pt\/wp-json\/wp\/v2\/types\/page"}],"author":[{"embeddable":true,"href":"https:\/\/rfblegal.co.uk\/pt\/wp-json\/wp\/v2\/users\/1"}],"replies":[{"embeddable":true,"href":"https:\/\/rfblegal.co.uk\/pt\/wp-json\/wp\/v2\/comments?post=2169"}],"version-history":[{"count":1,"href":"https:\/\/rfblegal.co.uk\/pt\/wp-json\/wp\/v2\/pages\/2169\/revisions"}],"predecessor-version":[{"id":6973,"href":"https:\/\/rfblegal.co.uk\/pt\/wp-json\/wp\/v2\/pages\/2169\/revisions\/6973"}],"up":[{"embeddable":true,"href":"https:\/\/rfblegal.co.uk\/pt\/wp-json\/wp\/v2\/pages\/2126"}],"wp:featuredmedia":[{"embeddable":true,"href":"https:\/\/rfblegal.co.uk\/pt\/wp-json\/wp\/v2\/media\/2739"}],"wp:attachment":[{"href":"https:\/\/rfblegal.co.uk\/pt\/wp-json\/wp\/v2\/media?parent=2169"}],"curies":[{"name":"wp","href":"https:\/\/api.w.org\/{rel}","templated":true}]}}