{"id":2295,"date":"2024-02-21T14:29:46","date_gmt":"2024-02-21T14:29:46","guid":{"rendered":"https:\/\/rfblegal.co.uk\/?page_id=2295"},"modified":"2026-03-24T14:37:23","modified_gmt":"2026-03-24T14:37:23","slug":"testamenten-en-nalatenschappen","status":"publish","type":"page","link":"https:\/\/rfblegal.co.uk\/nl\/diensten\/persoonlijk-recht\/testamenten-en-nalatenschappen\/","title":{"rendered":"Testamenten en nalatenschappen"},"content":{"rendered":"<h2 class=\"wp-block-heading has-2-xl-font-size\" style=\"font-style:normal;font-weight:600\">Testamenten en nalatenschappen<\/h2>\n\n\n\n<h4 class=\"wp-block-heading has-lg-font-size\" style=\"font-style:normal;font-weight:500\"><strong>De effici\u00ebnte en empathische afdeling Probate van Ronald Fletcher Baker heeft uitgebreide ervaring op alle gebieden van de particuliere cli\u00ebntenpraktijk. De afdeling is opgenomen in de Legal 500 en treedt op voor een grote verscheidenheid aan cli\u00ebnten, waaronder vermogende families, in het buitenland gevestigde particulieren, ondernemers en oudere en kwetsbare cli\u00ebnten.<\/strong><\/h4>\n\n\n\n<p style=\"padding-top:var(--wp--preset--spacing--20);padding-bottom:var(--wp--preset--spacing--20)\">De afdeling is in staat om een breed scala aan juridische diensten aan te bieden voor families en individuen die gevestigd zijn in zowel het Verenigd Koninkrijk als het buitenland met activa in het Verenigd Koninkrijk. &nbsp;<\/p>\n\n\n\n<p style=\"padding-top:var(--wp--preset--spacing--20);padding-bottom:var(--wp--preset--spacing--20)\">We werken nauw samen met onze cli\u00ebnten en waar van toepassing met hun financi\u00eble adviseurs, accountants en buitenlandse advocaten om inzicht te krijgen in hun prioriteiten, zodat we advies kunnen geven over de meest belastingeffici\u00ebnte manieren om vermogen door te geven aan toekomstige generaties. We zijn dan in staat om testamenten, schenkingsakten en andere documentatie op te stellen op de manier die het beste aan hun behoeften voldoet.<\/p>\n\n\n\n<p style=\"padding-top:var(--wp--preset--spacing--20);padding-bottom:var(--wp--preset--spacing--20)\">Ons team is ervaren in het afwikkelen van een grote verscheidenheid aan nalatenschappen, waaronder nalatenschappen met grensoverschrijdende elementen. We kunnen onderhandelen met HMRC wanneer er niet onmiddellijk overeenstemming wordt bereikt over de waardering van nalatenschappen om eventuele extra verschuldigde successierechten te minimaliseren. We adviseren ook wanneer het fiscaal effici\u00ebnt kan zijn om de verdeling van een nalatenschap te wijzigen of activa toe te wijzen aan begunstigden.<\/p>\n\n\n\n<p style=\"padding-top:var(--wp--preset--spacing--20);padding-bottom:var(--wp--preset--spacing--20)\">We worden vaak geraadpleegd in verband met het opstellen van duurzame volmachten en capaciteitskwesties. Waar nodig assisteren we bij het indienen van of verzet aantekenen tegen aanvragen bij de Court of Protection voor plaatsvervanging en specifieke kwesties zoals de verkoop van onroerend goed en wettelijke testamenten.<\/p>\n\n\n\n<p style=\"padding-top:var(--wp--preset--spacing--20);padding-bottom:var(--wp--preset--spacing--20)\">We kunnen helpen bij de oprichting en registratie van liefdadigheidsinstellingen en advies geven aan beheerders van liefdadigheidsinstellingen.&nbsp;<\/p>\n\n\n\n<p style=\"padding-top:var(--wp--preset--spacing--20);padding-bottom:var(--wp--preset--spacing--20)\">\t\t\t\t\t\t<style>\r\n\t\t\t\t<style>\r\n#wpsm_accordion_2865 .wpsm_panel-heading{\r\n\tpadding:0px !important;\r\n}\r\n#wpsm_accordion_2865 .wpsm_panel-title {\r\n\tmargin:0px !important; \r\n\ttext-transform:none !important;\r\n\tline-height: 1 !important;\r\n}\r\n#wpsm_accordion_2865 .wpsm_panel-title a{\r\n\ttext-decoration:none;\r\n\toverflow:hidden;\r\n\tdisplay:block;\r\n\tpadding:0px;\r\n\tfont-size: 18px !important;\r\n\tfont-family: Open Sans !important;\r\n\tcolor:#000000 !important;\r\n\tborder-bottom:0px !important;\r\n}\r\n\r\n#wpsm_accordion_2865 .wpsm_panel-title a:focus {\r\noutline: 0px !important;\r\n}\r\n\r\n#wpsm_accordion_2865 .wpsm_panel-title a:hover, #wpsm_accordion_2865 .wpsm_panel-title a:focus {\r\n\tcolor:#000000 !important;\r\n}\r\n#wpsm_accordion_2865 .acc-a{\r\n\tcolor: #000000 !important;\r\n\tbackground-color:#e8e8e8 !important;\r\n\tborder-color: #ddd;\r\n}\r\n#wpsm_accordion_2865 .wpsm_panel-default > .wpsm_panel-heading{\r\n\tcolor: #000000 !important;\r\n\tbackground-color: #e8e8e8 !important;\r\n\tborder-color: #e8e8e8 !important;\r\n\tborder-top-left-radius: 0px;\r\n\tborder-top-right-radius: 0px;\r\n}\r\n#wpsm_accordion_2865 .wpsm_panel-default {\r\n\t\tborder:1px solid transparent !important;\r\n\t}\r\n#wpsm_accordion_2865 {\r\n\tmargin-bottom: 20px;\r\n\toverflow: hidden;\r\n\tfloat: none;\r\n\twidth: 100%;\r\n\tdisplay: block;\r\n}\r\n#wpsm_accordion_2865 .ac_title_class{\r\n\tdisplay: block;\r\n\tpadding-top: 12px;\r\n\tpadding-bottom: 12px;\r\n\tpadding-left: 15px;\r\n\tpadding-right: 15px;\r\n}\r\n#wpsm_accordion_2865  .wpsm_panel {\r\n\toverflow:hidden;\r\n\t-webkit-box-shadow: 0 0px 0px rgba(0, 0, 0, .05);\r\n\tbox-shadow: 0 0px 0px rgba(0, 0, 0, .05);\r\n\t\tborder-radius: 4px;\r\n\t}\r\n#wpsm_accordion_2865  .wpsm_panel + .wpsm_panel {\r\n\t\tmargin-top: 5px;\r\n\t}\r\n#wpsm_accordion_2865  .wpsm_panel-body{\r\n\tbackground-color:#ffffff !important;\r\n\tcolor:#000000 !important;\r\n\tborder-top-color: #e8e8e8 !important;\r\n\tfont-size:16px !important;\r\n\tfont-family: Open Sans !important;\r\n\toverflow: hidden;\r\n\t\tborder: 2px solid #e8e8e8 !important;\r\n\t}\r\n\r\n#wpsm_accordion_2865 .ac_open_cl_icon{\r\n\tbackground-color:#e8e8e8 !important;\r\n\tcolor: #000000 !important;\r\n\tfloat:right !important;\r\n\tpadding-top: 12px !important;\r\n\tpadding-bottom: 12px !important;\r\n\tline-height: 1.0 !important;\r\n\tpadding-left: 15px !important;\r\n\tpadding-right: 15px !important;\r\n\tdisplay: inline-block !important;\r\n}\r\n\r\n\t\t\t\r\n\t\t\t<\/style>\t\r\n\t\t\t<\/style>\r\n\t\t\t<div class=\"wpsm_panel-group\" id=\"wpsm_accordion_2865\" >\r\n\t\t\t\t\t\t\t\t\r\n\t\t\t\t\t<!-- Inner panel Start -->\r\n\t\t\t\t\t<div class=\"wpsm_panel wpsm_panel-default\">\r\n\t\t\t\t\t\t<div class=\"wpsm_panel-heading\" role=\"tab\" >\r\n\t\t\t\t\t\t  <h4 class=\"wpsm_panel-title\">\r\n\t\t\t\t\t\t\t<a  class=\"\"  data-toggle=\"collapse\" data-parent=\"#wpsm_accordion_2865 \" href=\"javascript:void(0)\" data-target=\"#ac_2865_collapse1\" onclick=\"do_resize()\">\r\n\t\t\t\t\t\t\t\t\t\t\t\t\t\t\t\t\t<span class=\"ac_open_cl_icon fa fa-minus\"><\/span>\r\n\t\t\t\t\t\t\t\t\t\r\n\t\t\t\t\t\t\t\t \r\n\t\t\t\t\t\t\t\t<span class=\"ac_title_class\">\r\n\t\t\t\t\t\t\t\t\tEXPERTISE :\t\t\t\t\t\t\t\t<\/span>\r\n\t\t\t\t\t\t\t<\/a>\r\n\t\t\t\t\t\t  <\/h4>\r\n\t\t\t\t\t\t<\/div>\r\n\t\t\t\t\t\t<div id=\"ac_2865_collapse1\" class=\"wpsm_panel-collapse collapse in\"  >\r\n\t\t\t\t\t\t  <div class=\"wpsm_panel-body\">\r\n\t\t\t\t\t\t\t<ul>\r\n \t<li><a href=\"https:\/\/rfblegal.co.uk\/index.php\/private-wealth\/probate-services\/wills-and-codicils\">- Testamenten en codicillen<\/a><\/li>\r\n \t<li><a href=\"https:\/\/rfblegal.co.uk\/index.php\/private-wealth\/probate-services\/estate-planning-and-lifetime-gifts\">- Estate planning en levenslange schenkingen<\/a><\/li>\r\n \t<li><a href=\"https:\/\/rfblegal.co.uk\/index.php\/private-wealth\/probate-services\/administration-of-estates\">- Beheer van nalatenschappen<\/a><\/li>\r\n \t<li><a href=\"https:\/\/rfblegal.co.uk\/index.php\/private-wealth\/probate-services\/post-death-variations\">- Variaties na overlijden<\/a><\/li>\r\n \t<li><a href=\"https:\/\/rfblegal.co.uk\/index.php\/private-wealth\/probate-services\/contentious-probate-matters\">- Controversi\u00eble nalatenschapszaken<\/a><\/li>\r\n \t<li><a href=\"https:\/\/rfblegal.co.uk\/index.php\/private-wealth\/probate-services\/lasting-powers-of-attorney\">- Volmachten<\/a><\/li>\r\n \t<li><a href=\"https:\/\/rfblegal.co.uk\/index.php\/private-wealth\/probate-services\/court-of-protection-application\">- Aanvragen bij het Hof van Bescherming<\/a><\/li>\r\n \t<li>- Vertrouwensverklaringen<\/li>\r\n \t<li>- Trusts cre\u00ebren en beheren<\/li>\r\n \t<li><a href=\"https:\/\/rfblegal.co.uk\/index.php\/private-wealth\/probate-services\/cross-border-succession-taxation-and-domicile-status\">- Grensoverschrijdende successie, belasting en woonplaatsstatus<\/a><\/li>\r\n<\/ul>\t\t\t\t\t\t  <\/div>\r\n\t\t\t\t\t\t<\/div>\r\n\t\t\t\t\t<\/div>\r\n\t\t\t\t\t<!-- Inner panel End -->\r\n\t\t\t\t\t\r\n\t\t\t\t\t\t\t<\/div>\r\n\t\t\t\r\n<script type=\"text\/javascript\">\r\n\t\r\n\t\tfunction do_resize(){\r\n\r\n\t\t\tvar width=jQuery( '.wpsm_panel .wpsm_panel-body iframe' ).width();\r\n\t\t\tvar height=jQuery( '.wpsm_panel .wpsm_panel-body iframe' ).height();\r\n\r\n\t\t\tvar toggleSize = true;\r\n\t\t\tjQuery('iframe').animate({\r\n\t\t\t    width: toggleSize ? width : 640,\r\n\t\t\t    height: toggleSize ? height : 360\r\n\t\t\t  }, 250);\r\n\r\n\t\t\t  toggleSize = !toggleSize;\r\n\t\t}\r\n\t\t\r\n<\/script>\t<\/p>","protected":false},"excerpt":{"rendered":"<p>Wills &amp; Probate Services De effici\u00ebnte en empathische Probate-afdeling van Ronald Fletcher Baker heeft uitgebreide ervaring op alle gebieden van de particuliere cli\u00ebntenpraktijk. De afdeling, die is opgenomen in de Legal 500, treedt op voor een grote verscheidenheid aan cli\u00ebnten, waaronder vermogende families, in het buitenland gevestigde particulieren, ondernemers en oudere en kwetsbare cli\u00ebnten. De afdeling is in staat om ... <a href=\"https:\/\/rfblegal.co.uk\/nl\/?p=2865\">Vervolg<\/a><\/p>","protected":false},"author":1,"featured_media":2861,"parent":357,"menu_order":0,"comment_status":"closed","ping_status":"closed","template":"tier2-template.blade.php","meta":{"_acf_changed":false,"om_disable_all_campaigns":false,"_uf_show_specific_survey":0,"_uf_disable_surveys":false,"footnotes":""},"class_list":["post-2295","page","type-page","status-publish","has-post-thumbnail","hentry"],"acf":[],"aioseo_notices":[],"yoast_head":"<!-- This site is optimized with the Yoast SEO plugin v27.2 - https:\/\/yoast.com\/product\/yoast-seo-wordpress\/ -->\n<title>Wills &amp; Probate Services - RFB Legal<\/title>\n<meta name=\"description\" content=\"Wills &amp; Probate Services Ronald Fletcher Baker\u2019s efficient and empathetic Probate department has extensive experience in all areas of private client\" \/>\n<meta name=\"robots\" content=\"index, follow, max-snippet:-1, max-image-preview:large, max-video-preview:-1\" \/>\n<link rel=\"canonical\" href=\"https:\/\/rfblegal.co.uk\/nl\/diensten\/persoonlijk-recht\/testamenten-en-nalatenschappen\/\" \/>\n<meta property=\"og:locale\" content=\"nl_NL\" \/>\n<meta property=\"og:type\" content=\"article\" \/>\n<meta property=\"og:title\" content=\"Wills &amp; Probate Services - RFB Legal\" \/>\n<meta property=\"og:description\" content=\"Wills &amp; Probate Services Ronald Fletcher Baker\u2019s efficient and empathetic Probate department has extensive experience in all areas of private client\" \/>\n<meta property=\"og:url\" content=\"https:\/\/rfblegal.co.uk\/nl\/diensten\/persoonlijk-recht\/testamenten-en-nalatenschappen\/\" \/>\n<meta property=\"og:site_name\" content=\"RFB Legal\" \/>\n<meta property=\"article:publisher\" content=\"https:\/\/www.facebook.com\/RFBLegal\/\" \/>\n<meta property=\"article:modified_time\" content=\"2026-03-24T14:37:23+00:00\" \/>\n<meta property=\"og:image\" content=\"https:\/\/rfblegal.co.uk\/wp-content\/uploads\/2024\/02\/Probate_services.jpg\" \/>\n\t<meta property=\"og:image:width\" content=\"1440\" \/>\n\t<meta property=\"og:image:height\" content=\"550\" \/>\n\t<meta property=\"og:image:type\" content=\"image\/jpeg\" \/>\n<meta name=\"twitter:card\" content=\"summary_large_image\" \/>\n<meta name=\"twitter:label1\" content=\"Est. reading time\" \/>\n\t<meta name=\"twitter:data1\" content=\"2 minuten\" \/>\n<script type=\"application\/ld+json\" class=\"yoast-schema-graph\">{\"@context\":\"https:\/\/schema.org\",\"@graph\":[{\"@type\":\"WebPage\",\"@id\":\"https:\/\/rfblegal.co.uk\/services\/personal-law\/wills-probate-services\/\",\"url\":\"https:\/\/rfblegal.co.uk\/services\/personal-law\/wills-probate-services\/\",\"name\":\"Wills &amp; Probate Services - RFB Legal\",\"isPartOf\":{\"@id\":\"https:\/\/rfblegal.co.uk\/#website\"},\"primaryImageOfPage\":{\"@id\":\"https:\/\/rfblegal.co.uk\/services\/personal-law\/wills-probate-services\/#primaryimage\"},\"image\":{\"@id\":\"https:\/\/rfblegal.co.uk\/services\/personal-law\/wills-probate-services\/#primaryimage\"},\"thumbnailUrl\":\"https:\/\/rfblegal.co.uk\/wp-content\/uploads\/2024\/02\/Probate_services.jpg\",\"datePublished\":\"2024-02-21T14:29:46+00:00\",\"dateModified\":\"2026-03-24T14:37:23+00:00\",\"description\":\"Wills &amp; Probate Services Ronald Fletcher Baker\u2019s efficient and empathetic Probate department has extensive experience in all areas of private client\",\"breadcrumb\":{\"@id\":\"https:\/\/rfblegal.co.uk\/services\/personal-law\/wills-probate-services\/#breadcrumb\"},\"inLanguage\":\"nl-NL\",\"potentialAction\":[{\"@type\":\"ReadAction\",\"target\":[\"https:\/\/rfblegal.co.uk\/services\/personal-law\/wills-probate-services\/\"]}]},{\"@type\":\"ImageObject\",\"inLanguage\":\"nl-NL\",\"@id\":\"https:\/\/rfblegal.co.uk\/services\/personal-law\/wills-probate-services\/#primaryimage\",\"url\":\"https:\/\/rfblegal.co.uk\/wp-content\/uploads\/2024\/02\/Probate_services.jpg\",\"contentUrl\":\"https:\/\/rfblegal.co.uk\/wp-content\/uploads\/2024\/02\/Probate_services.jpg\",\"width\":1440,\"height\":550},{\"@type\":\"BreadcrumbList\",\"@id\":\"https:\/\/rfblegal.co.uk\/services\/personal-law\/wills-probate-services\/#breadcrumb\",\"itemListElement\":[{\"@type\":\"ListItem\",\"position\":1,\"name\":\"Home\",\"item\":\"https:\/\/rfblegal.co.uk\/\"},{\"@type\":\"ListItem\",\"position\":2,\"name\":\"Services\",\"item\":\"https:\/\/rfblegal.co.uk\/services\/\"},{\"@type\":\"ListItem\",\"position\":3,\"name\":\"Personal Law Services\",\"item\":\"https:\/\/rfblegal.co.uk\/services\/personal-law\/\"},{\"@type\":\"ListItem\",\"position\":4,\"name\":\"Wills &amp; Probate Services\"}]},{\"@type\":\"WebSite\",\"@id\":\"https:\/\/rfblegal.co.uk\/#website\",\"url\":\"https:\/\/rfblegal.co.uk\/\",\"name\":\"RFB Legal\",\"description\":\"\",\"publisher\":{\"@id\":\"https:\/\/rfblegal.co.uk\/#organization\"},\"potentialAction\":[{\"@type\":\"SearchAction\",\"target\":{\"@type\":\"EntryPoint\",\"urlTemplate\":\"https:\/\/rfblegal.co.uk\/?s={search_term_string}\"},\"query-input\":{\"@type\":\"PropertyValueSpecification\",\"valueRequired\":true,\"valueName\":\"search_term_string\"}}],\"inLanguage\":\"nl-NL\"},{\"@type\":\"Organization\",\"@id\":\"https:\/\/rfblegal.co.uk\/#organization\",\"name\":\"RFB Legal\",\"url\":\"https:\/\/rfblegal.co.uk\/\",\"logo\":{\"@type\":\"ImageObject\",\"inLanguage\":\"nl-NL\",\"@id\":\"https:\/\/rfblegal.co.uk\/#\/schema\/logo\/image\/\",\"url\":\"https:\/\/rfblegal.co.uk\/wp-content\/uploads\/2024\/01\/header_company_logo.svg\",\"contentUrl\":\"https:\/\/rfblegal.co.uk\/wp-content\/uploads\/2024\/01\/header_company_logo.svg\",\"caption\":\"RFB Legal\"},\"image\":{\"@id\":\"https:\/\/rfblegal.co.uk\/#\/schema\/logo\/image\/\"},\"sameAs\":[\"https:\/\/www.facebook.com\/RFBLegal\/\",\"https:\/\/www.linkedin.com\/uas\/login?session_redirect=company2012282\",\"https:\/\/www.instagram.com\/rfb_legal\/\"]}]}<\/script>\n<!-- \/ Yoast SEO plugin. -->","yoast_head_json":{"title":"Testamenten en nalatenschappen - RFB Legal","description":"Wills &amp; Probate Services De effici\u00ebnte en empathische Probate-afdeling van Ronald Fletcher Baker heeft uitgebreide ervaring op alle gebieden van private banking.","robots":{"index":"index","follow":"follow","max-snippet":"max-snippet:-1","max-image-preview":"max-image-preview:large","max-video-preview":"max-video-preview:-1"},"canonical":"https:\/\/rfblegal.co.uk\/nl\/diensten\/persoonlijk-recht\/testamenten-en-nalatenschappen\/","og_locale":"nl_NL","og_type":"article","og_title":"Wills &amp; Probate Services - RFB Legal","og_description":"Wills &amp; Probate Services Ronald Fletcher Baker\u2019s efficient and empathetic Probate department has extensive experience in all areas of private client","og_url":"https:\/\/rfblegal.co.uk\/nl\/diensten\/persoonlijk-recht\/testamenten-en-nalatenschappen\/","og_site_name":"RFB Legal","article_publisher":"https:\/\/www.facebook.com\/RFBLegal\/","article_modified_time":"2026-03-24T14:37:23+00:00","og_image":[{"width":1440,"height":550,"url":"https:\/\/rfblegal.co.uk\/wp-content\/uploads\/2024\/02\/Probate_services.jpg","type":"image\/jpeg"}],"twitter_card":"summary_large_image","twitter_misc":{"Est. reading time":"2 minuten"},"schema":{"@context":"https:\/\/schema.org","@graph":[{"@type":"WebPage","@id":"https:\/\/rfblegal.co.uk\/services\/personal-law\/wills-probate-services\/","url":"https:\/\/rfblegal.co.uk\/services\/personal-law\/wills-probate-services\/","name":"Testamenten en nalatenschappen - RFB Legal","isPartOf":{"@id":"https:\/\/rfblegal.co.uk\/#website"},"primaryImageOfPage":{"@id":"https:\/\/rfblegal.co.uk\/services\/personal-law\/wills-probate-services\/#primaryimage"},"image":{"@id":"https:\/\/rfblegal.co.uk\/services\/personal-law\/wills-probate-services\/#primaryimage"},"thumbnailUrl":"https:\/\/rfblegal.co.uk\/wp-content\/uploads\/2024\/02\/Probate_services.jpg","datePublished":"2024-02-21T14:29:46+00:00","dateModified":"2026-03-24T14:37:23+00:00","description":"Wills &amp; Probate Services De effici\u00ebnte en empathische Probate-afdeling van Ronald Fletcher Baker heeft uitgebreide ervaring op alle gebieden van private banking.","breadcrumb":{"@id":"https:\/\/rfblegal.co.uk\/services\/personal-law\/wills-probate-services\/#breadcrumb"},"inLanguage":"nl-NL","potentialAction":[{"@type":"ReadAction","target":["https:\/\/rfblegal.co.uk\/services\/personal-law\/wills-probate-services\/"]}]},{"@type":"ImageObject","inLanguage":"nl-NL","@id":"https:\/\/rfblegal.co.uk\/services\/personal-law\/wills-probate-services\/#primaryimage","url":"https:\/\/rfblegal.co.uk\/wp-content\/uploads\/2024\/02\/Probate_services.jpg","contentUrl":"https:\/\/rfblegal.co.uk\/wp-content\/uploads\/2024\/02\/Probate_services.jpg","width":1440,"height":550},{"@type":"BreadcrumbList","@id":"https:\/\/rfblegal.co.uk\/services\/personal-law\/wills-probate-services\/#breadcrumb","itemListElement":[{"@type":"ListItem","position":1,"name":"Home","item":"https:\/\/rfblegal.co.uk\/"},{"@type":"ListItem","position":2,"name":"Services","item":"https:\/\/rfblegal.co.uk\/services\/"},{"@type":"ListItem","position":3,"name":"Personal Law Services","item":"https:\/\/rfblegal.co.uk\/services\/personal-law\/"},{"@type":"ListItem","position":4,"name":"Wills &amp; Probate Services"}]},{"@type":"WebSite","@id":"https:\/\/rfblegal.co.uk\/#website","url":"https:\/\/rfblegal.co.uk\/","name":"RFB Juridisch","description":"","publisher":{"@id":"https:\/\/rfblegal.co.uk\/#organization"},"potentialAction":[{"@type":"SearchAction","target":{"@type":"EntryPoint","urlTemplate":"https:\/\/rfblegal.co.uk\/?s={search_term_string}"},"query-input":{"@type":"PropertyValueSpecification","valueRequired":true,"valueName":"search_term_string"}}],"inLanguage":"nl-NL"},{"@type":"Organization","@id":"https:\/\/rfblegal.co.uk\/#organization","name":"RFB Juridisch","url":"https:\/\/rfblegal.co.uk\/","logo":{"@type":"ImageObject","inLanguage":"nl-NL","@id":"https:\/\/rfblegal.co.uk\/#\/schema\/logo\/image\/","url":"https:\/\/rfblegal.co.uk\/wp-content\/uploads\/2024\/01\/header_company_logo.svg","contentUrl":"https:\/\/rfblegal.co.uk\/wp-content\/uploads\/2024\/01\/header_company_logo.svg","caption":"RFB Legal"},"image":{"@id":"https:\/\/rfblegal.co.uk\/#\/schema\/logo\/image\/"},"sameAs":["https:\/\/www.facebook.com\/RFBLegal\/","https:\/\/www.linkedin.com\/uas\/login?session_redirect=company2012282","https:\/\/www.instagram.com\/rfb_legal\/"]}]}},"_links":{"self":[{"href":"https:\/\/rfblegal.co.uk\/nl\/wp-json\/wp\/v2\/pages\/2295","targetHints":{"allow":["GET"]}}],"collection":[{"href":"https:\/\/rfblegal.co.uk\/nl\/wp-json\/wp\/v2\/pages"}],"about":[{"href":"https:\/\/rfblegal.co.uk\/nl\/wp-json\/wp\/v2\/types\/page"}],"author":[{"embeddable":true,"href":"https:\/\/rfblegal.co.uk\/nl\/wp-json\/wp\/v2\/users\/1"}],"replies":[{"embeddable":true,"href":"https:\/\/rfblegal.co.uk\/nl\/wp-json\/wp\/v2\/comments?post=2295"}],"version-history":[{"count":1,"href":"https:\/\/rfblegal.co.uk\/nl\/wp-json\/wp\/v2\/pages\/2295\/revisions"}],"predecessor-version":[{"id":9033,"href":"https:\/\/rfblegal.co.uk\/nl\/wp-json\/wp\/v2\/pages\/2295\/revisions\/9033"}],"up":[{"embeddable":true,"href":"https:\/\/rfblegal.co.uk\/nl\/wp-json\/wp\/v2\/pages\/357"}],"wp:featuredmedia":[{"embeddable":true,"href":"https:\/\/rfblegal.co.uk\/nl\/wp-json\/wp\/v2\/media\/2861"}],"wp:attachment":[{"href":"https:\/\/rfblegal.co.uk\/nl\/wp-json\/wp\/v2\/media?parent=2295"}],"curies":[{"name":"wp","href":"https:\/\/api.w.org\/{rel}","templated":true}]}}