{"id":2126,"date":"2024-02-21T11:27:43","date_gmt":"2024-02-21T11:27:43","guid":{"rendered":"https:\/\/rfblegal.co.uk\/?page_id=2126"},"modified":"2025-08-11T09:16:23","modified_gmt":"2025-08-11T09:16:23","slug":"geschillen-over-onroerend-goed","status":"publish","type":"page","link":"https:\/\/rfblegal.co.uk\/nl\/diensten\/persoonlijk-recht\/geschillen-over-onroerend-goed\/","title":{"rendered":"Geschillen over onroerend goed"},"content":{"rendered":"<h2 class=\"wp-block-heading has-2-xl-font-size\" style=\"padding-top:var(--wp--preset--spacing--20);padding-bottom:var(--wp--preset--spacing--20);font-style:normal;font-weight:600\"><strong>Property litigation<\/strong><\/h2>\n\n\n\n<p style=\"padding-top:var(--wp--preset--spacing--20);padding-bottom:var(--wp--preset--spacing--20)\"><strong><em>Deskundige vastgoedgeschillen voor verhuurders, ontwikkelaars en investeerders<\/em><\/strong>&nbsp;<\/p>\n\n\n\n<p>Bij Ronald Fletcher Baker LLP zijn onze <strong>Geschillen over onroerend goed<\/strong> team levert strategisch, pragmatisch advies in alle vormen van <strong>vastgoedgeschillen<\/strong>, Hij vertegenwoordigt klanten vari\u00ebrend van <strong>commerci\u00eble en residenti\u00eble verhuurders<\/strong> ontwikkelaars, vermogensbeheerders en particulieren. Of u nu te maken hebt met complexe <strong>eigendomsgeschillen<\/strong>, onenigheid tussen verhuurder en huurder of op rechten gebaseerde kwesties zoals erfdienstbaarheden en onteigening, onze <strong>team geschillen vastgoed<\/strong> staat hoog aangeschreven om zijn tactische aanpak en diepgaande kennis van <strong>eigendomsrecht<\/strong>.\u00a0<\/p>\n\n\n\n<p>We adviseren over een breed spectrum van onderwerpen die van invloed zijn op de <strong>vastgoedmarkt<\/strong>, waaronder <strong>erfpacht enfranchising<\/strong>, geschillen over ontwikkeling, <strong>huurvernieuwingen onder de Landlord and Tenant Act 1954<\/strong>, en <strong>strategie\u00ebn voor bezitloosheid<\/strong> voor herontwikkeling. Ons werk betreft vaak klanten met uitgebreide portefeuilles die strategisch advies nodig hebben om risico's te beheren en waarde te behouden voor meerdere holdings.\u00a0<\/p>\n\n\n\n<p>Voor <strong>commerci\u00eble verhuurders<\/strong>, We behandelen zaken met betrekking tot <strong>verkrotingen<\/strong>, <strong>verbeurdverklaring<\/strong>, <strong>geschillen over servicekosten<\/strong>, en bezitsvorderingen, waarbij ervoor wordt gezorgd dat de juiste procedurele stappen worden gevolgd en de commerci\u00eble belangen van de cli\u00ebnt worden beschermd.\u00a0<\/p>\n\n\n\n<p>Voor <strong>verhuurders van woningen<\/strong>, We bieden een robuuste vertegenwoordiging in procedures over bezit, claims wegens schending van convenanten en antisociale gedragszaken - we streven altijd naar een snelle en kosteneffectieve oplossing.\u00a0<\/p>\n\n\n\n<p>We zijn ook bedreven in het begeleiden van klanten bij <strong>Alternatieve geschillenbeslechting<\/strong> opties zoals bemiddeling en arbitrage, waarbij we erkennen dat een formele rechtszaak niet altijd de meest effici\u00ebnte route is. Onze uitgebreide proceservaring strekt zich uit tot procedures voor de County Courts, Tribunalen, High Court, Court of Appeal en Supreme Court.\u00a0<\/p>\n\n\n\n<p>Met een mentaliteit van samenwerking en een diep inzicht in de sector werken we nauw samen met klanten en hun <strong>vastgoedbeheerders<\/strong> om geschillen effectief op te lossen en verstoring van langetermijninvesterings- of bezettingsstrategie\u00ebn te voorkomen. Als u wordt geconfronteerd met een juridische uitdaging in de <strong>onroerend goed<\/strong> ruimte, RFB Legal is uw vertrouwde partner voor oplossingen op maat en daadkrachtige actie.\u00a0<\/p>\n\n\n\n<p>We hebben een reputatie opgebouwd dat we zelfs schijnbaar hardnekkige problemen kunnen oplossen door geschillen op een nieuwe en tactisch slimme manier aan te pakken. We worden vaak ingeschakeld door vermogensbeheerders, investeerders, sociale ondernemingen en liefdadigheidsinstellingen, projectontwikkelaars en particulieren (waaronder zeer vermogende particulieren) die hulp zoeken op het gebied van zowel de <a href=\"https:\/\/rfblegal.co.uk\/nl\/diensten\/persoonlijk-recht\/residentieel-vastgoed\/\" target=\"_blank\" rel=\"noreferrer noopener\">residentieel<\/a> en commerci\u00eble ruimten, wordt het team regelmatig ingeschakeld in uiteenlopende zaken met betrekking tot: vastgoedportefeuilles, ontwikkeling en herontwikkeling, zoals strategie\u00ebn voor leegstaand bezit, grensgeschillen en verbeurdverklaring-\/bezitsprocedures.&nbsp;<\/p>\n\n\n\n<p>Als zeer bekwame procesadvocaten krijgen we regelmatig opdrachten om te procederen voor de County Courts, High Courts, Tribunalen, Court of Appeal en Supreme Court. Het team is zich er ook terdege van bewust dat procederen voor de rechtbank en het tribunaal vaak het laatste redmiddel is voor een cli\u00ebnt en is goed thuis in alle aspecten van alternatieve geschillenbeslechting. <a href=\"https:\/\/rfblegal.co.uk\/nl\/diensten\/ondernemingsrecht\/geschillen-inzake-onroerend-goed\/alternatieve-geschillenbeslechting-commercieel-vastgoed\/\" target=\"_blank\" rel=\"noreferrer noopener\">Geschillenbeslechting<\/a> met inbegrip van het oplossen van zaken in een pre-action fase, het inschakelen van bemiddeling, expertisebepaling, arbitrage en andere vormen van <a href=\"https:\/\/rfblegal.co.uk\/nl\/diensten\/persoonlijk-recht\/geschillen-over-onroerend-goed\/alternatieve-geschillenbeslechting-adr\/\" target=\"_blank\" rel=\"noreferrer noopener\">Alternatieve geschillenbeslechting<\/a>.&nbsp;<\/p>\n\n\n\n<p style=\"padding-top:var(--wp--preset--spacing--20);padding-bottom:var(--wp--preset--spacing--20)\">Onze cli\u00ebnten waarderen onze ervaring, ons inzicht in de sector en onze co\u00f6peratieve aanpak, waardoor we ons als integraal onderdeel van hun team kunnen inzetten om hun doelstellingen te bereiken en de resultaten te leveren die ze nodig hebben, ongeacht het door onze cli\u00ebnt vereiste tijdschema en\/of de omvang en complexiteit van het geschil.&nbsp;<\/p>\n\n\n\n<p style=\"padding-top:var(--wp--preset--spacing--20);padding-bottom:var(--wp--preset--spacing--20)\">\t\t\t\t\t\t<style>\r\n\t\t\t\t<style>\r\n#wpsm_accordion_2782 .wpsm_panel-heading{\r\n\tpadding:0px !important;\r\n}\r\n#wpsm_accordion_2782 .wpsm_panel-title {\r\n\tmargin:0px !important; \r\n\ttext-transform:none !important;\r\n\tline-height: 1 !important;\r\n}\r\n#wpsm_accordion_2782 .wpsm_panel-title a{\r\n\ttext-decoration:none;\r\n\toverflow:hidden;\r\n\tdisplay:block;\r\n\tpadding:0px;\r\n\tfont-size: 18px !important;\r\n\tfont-family: Open Sans !important;\r\n\tcolor:#000000 !important;\r\n\tborder-bottom:0px !important;\r\n}\r\n\r\n#wpsm_accordion_2782 .wpsm_panel-title a:focus {\r\noutline: 0px !important;\r\n}\r\n\r\n#wpsm_accordion_2782 .wpsm_panel-title a:hover, #wpsm_accordion_2782 .wpsm_panel-title a:focus {\r\n\tcolor:#000000 !important;\r\n}\r\n#wpsm_accordion_2782 .acc-a{\r\n\tcolor: #000000 !important;\r\n\tbackground-color:#e8e8e8 !important;\r\n\tborder-color: #ddd;\r\n}\r\n#wpsm_accordion_2782 .wpsm_panel-default > .wpsm_panel-heading{\r\n\tcolor: #000000 !important;\r\n\tbackground-color: #e8e8e8 !important;\r\n\tborder-color: #e8e8e8 !important;\r\n\tborder-top-left-radius: 0px;\r\n\tborder-top-right-radius: 0px;\r\n}\r\n#wpsm_accordion_2782 .wpsm_panel-default {\r\n\t\tborder:1px solid transparent !important;\r\n\t}\r\n#wpsm_accordion_2782 {\r\n\tmargin-bottom: 20px;\r\n\toverflow: hidden;\r\n\tfloat: none;\r\n\twidth: 100%;\r\n\tdisplay: block;\r\n}\r\n#wpsm_accordion_2782 .ac_title_class{\r\n\tdisplay: block;\r\n\tpadding-top: 12px;\r\n\tpadding-bottom: 12px;\r\n\tpadding-left: 15px;\r\n\tpadding-right: 15px;\r\n}\r\n#wpsm_accordion_2782  .wpsm_panel {\r\n\toverflow:hidden;\r\n\t-webkit-box-shadow: 0 0px 0px rgba(0, 0, 0, .05);\r\n\tbox-shadow: 0 0px 0px rgba(0, 0, 0, .05);\r\n\t\tborder-radius: 4px;\r\n\t}\r\n#wpsm_accordion_2782  .wpsm_panel + .wpsm_panel {\r\n\t\tmargin-top: 5px;\r\n\t}\r\n#wpsm_accordion_2782  .wpsm_panel-body{\r\n\tbackground-color:#ffffff !important;\r\n\tcolor:#000000 !important;\r\n\tborder-top-color: #e8e8e8 !important;\r\n\tfont-size:16px !important;\r\n\tfont-family: Open Sans !important;\r\n\toverflow: hidden;\r\n\t\tborder: 2px solid #e8e8e8 !important;\r\n\t}\r\n\r\n#wpsm_accordion_2782 .ac_open_cl_icon{\r\n\tbackground-color:#e8e8e8 !important;\r\n\tcolor: #000000 !important;\r\n\tfloat:right !important;\r\n\tpadding-top: 12px !important;\r\n\tpadding-bottom: 12px !important;\r\n\tline-height: 1.0 !important;\r\n\tpadding-left: 15px !important;\r\n\tpadding-right: 15px !important;\r\n\tdisplay: inline-block !important;\r\n}\r\n\r\n\t\t\t\r\n\t\t\t<\/style>\t\r\n\t\t\t<\/style>\r\n\t\t\t<div class=\"wpsm_panel-group\" id=\"wpsm_accordion_2782\" >\r\n\t\t\t\t\t\t\t\t\r\n\t\t\t\t\t<!-- Inner panel Start -->\r\n\t\t\t\t\t<div class=\"wpsm_panel wpsm_panel-default\">\r\n\t\t\t\t\t\t<div class=\"wpsm_panel-heading\" role=\"tab\" >\r\n\t\t\t\t\t\t  <h4 class=\"wpsm_panel-title\">\r\n\t\t\t\t\t\t\t<a  class=\"\"  data-toggle=\"collapse\" data-parent=\"#wpsm_accordion_2782 \" href=\"javascript:void(0)\" data-target=\"#ac_2782_collapse1\" onclick=\"do_resize()\">\r\n\t\t\t\t\t\t\t\t\t\t\t\t\t\t\t\t\t<span class=\"ac_open_cl_icon fa fa-minus\"><\/span>\r\n\t\t\t\t\t\t\t\t\t\r\n\t\t\t\t\t\t\t\t \r\n\t\t\t\t\t\t\t\t<span class=\"ac_title_class\">\r\n\t\t\t\t\t\t\t\t\tEXPERTISE :\t\t\t\t\t\t\t\t<\/span>\r\n\t\t\t\t\t\t\t<\/a>\r\n\t\t\t\t\t\t  <\/h4>\r\n\t\t\t\t\t\t<\/div>\r\n\t\t\t\t\t\t<div id=\"ac_2782_collapse1\" class=\"wpsm_panel-collapse collapse in\"  >\r\n\t\t\t\t\t\t  <div class=\"wpsm_panel-body\">\r\n\t\t\t\t\t\t\t<ul>\r\n \t<li>- Arbitrage<\/li>\r\n \t<li>- Onrechtmatig bezit<\/li>\r\n \t<li>- Betwiste en niet-betwiste huurverlengingen<\/li>\r\n \t<li>- Schadeclaims wegens verkrotting en\/of verval<\/li>\r\n \t<li>- Verbeurdverklaring<\/li>\r\n \t<li>- Geschillen over gezamenlijk eigendom<\/li>\r\n \t<li>- Geschillen over joint ventures<\/li>\r\n \t<li>- Geschillen over partijmuren<\/li>\r\n \t<li>- Erfpacht en huurverlengingen<\/li>\r\n \t<li>- Procesvoering over huiseigenaren en huurders (commercieel en residentieel)<\/li>\r\n \t<li>- Bemiddeling<\/li>\r\n \t<li>- Bezitsprocedure<\/li>\r\n \t<li>- Licht- en doorgangsrechten<\/li>\r\n \t<li>- Geschillen over servicekosten en huurachterstand<\/li>\r\n \t<li>- Telecomgeschillen<\/li>\r\n \t<li>- Strategie\u00ebn voor leegstand<\/li>\r\n \t<li><a href=\"https:\/\/rfblegal.co.uk\/index.php\/litigation\/property-litigation\/contentious-probate-litigation\">- Contentieuze erfrechtzaken<\/a><\/li>\r\n \t<li><a href=\"https:\/\/rfblegal.co.uk\/index.php\/litigation\/property-litigation\/construction\">- Bouw<\/a><\/li>\r\n \t<li>- Huurvernieuwingen onder de Landlord and Tenant Act 1954<\/li>\r\n<\/ul>\t\t\t\t\t\t  <\/div>\r\n\t\t\t\t\t\t<\/div>\r\n\t\t\t\t\t<\/div>\r\n\t\t\t\t\t<!-- Inner panel End -->\r\n\t\t\t\t\t\r\n\t\t\t\t\t\t\t<\/div>\r\n\t\t\t\r\n<script type=\"text\/javascript\">\r\n\t\r\n\t\tfunction do_resize(){\r\n\r\n\t\t\tvar width=jQuery( '.wpsm_panel .wpsm_panel-body iframe' ).width();\r\n\t\t\tvar height=jQuery( '.wpsm_panel .wpsm_panel-body iframe' ).height();\r\n\r\n\t\t\tvar toggleSize = true;\r\n\t\t\tjQuery('iframe').animate({\r\n\t\t\t    width: toggleSize ? width : 640,\r\n\t\t\t    height: toggleSize ? height : 360\r\n\t\t\t  }, 250);\r\n\r\n\t\t\t  toggleSize = !toggleSize;\r\n\t\t}\r\n\t\t\r\n<\/script>\t<\/p>\n\n\n\n\t\t\t\t\t\t<style>\r\n\t\t\t\t<style>\r\n#wpsm_accordion_4278 .wpsm_panel-heading{\r\n\tpadding:0px !important;\r\n}\r\n#wpsm_accordion_4278 .wpsm_panel-title {\r\n\tmargin:0px !important; \r\n\ttext-transform:none !important;\r\n\tline-height: 1 !important;\r\n}\r\n#wpsm_accordion_4278 .wpsm_panel-title a{\r\n\ttext-decoration:none;\r\n\toverflow:hidden;\r\n\tdisplay:block;\r\n\tpadding:0px;\r\n\tfont-size: 18px !important;\r\n\tfont-family: Open Sans !important;\r\n\tcolor:#000000 !important;\r\n\tborder-bottom:0px !important;\r\n}\r\n\r\n#wpsm_accordion_4278 .wpsm_panel-title a:focus {\r\noutline: 0px !important;\r\n}\r\n\r\n#wpsm_accordion_4278 .wpsm_panel-title a:hover, #wpsm_accordion_4278 .wpsm_panel-title a:focus {\r\n\tcolor:#000000 !important;\r\n}\r\n#wpsm_accordion_4278 .acc-a{\r\n\tcolor: #000000 !important;\r\n\tbackground-color:#e8e8e8 !important;\r\n\tborder-color: #ddd;\r\n}\r\n#wpsm_accordion_4278 .wpsm_panel-default > .wpsm_panel-heading{\r\n\tcolor: #000000 !important;\r\n\tbackground-color: #e8e8e8 !important;\r\n\tborder-color: #e8e8e8 !important;\r\n\tborder-top-left-radius: 0px;\r\n\tborder-top-right-radius: 0px;\r\n}\r\n#wpsm_accordion_4278 .wpsm_panel-default {\r\n\t\tborder:1px solid transparent !important;\r\n\t}\r\n#wpsm_accordion_4278 {\r\n\tmargin-bottom: 20px;\r\n\toverflow: hidden;\r\n\tfloat: none;\r\n\twidth: 100%;\r\n\tdisplay: block;\r\n}\r\n#wpsm_accordion_4278 .ac_title_class{\r\n\tdisplay: block;\r\n\tpadding-top: 12px;\r\n\tpadding-bottom: 12px;\r\n\tpadding-left: 15px;\r\n\tpadding-right: 15px;\r\n}\r\n#wpsm_accordion_4278  .wpsm_panel {\r\n\toverflow:hidden;\r\n\t-webkit-box-shadow: 0 0px 0px rgba(0, 0, 0, .05);\r\n\tbox-shadow: 0 0px 0px rgba(0, 0, 0, .05);\r\n\t\tborder-radius: 4px;\r\n\t}\r\n#wpsm_accordion_4278  .wpsm_panel + .wpsm_panel {\r\n\t\tmargin-top: 5px;\r\n\t}\r\n#wpsm_accordion_4278  .wpsm_panel-body{\r\n\tbackground-color:#ffffff !important;\r\n\tcolor:#000000 !important;\r\n\tborder-top-color: #e8e8e8 !important;\r\n\tfont-size:16px !important;\r\n\tfont-family: Open Sans !important;\r\n\toverflow: hidden;\r\n\t\tborder: 2px solid #e8e8e8 !important;\r\n\t}\r\n\r\n#wpsm_accordion_4278 .ac_open_cl_icon{\r\n\tbackground-color:#e8e8e8 !important;\r\n\tcolor: #000000 !important;\r\n\tfloat:right !important;\r\n\tpadding-top: 12px !important;\r\n\tpadding-bottom: 12px !important;\r\n\tline-height: 1.0 !important;\r\n\tpadding-left: 15px !important;\r\n\tpadding-right: 15px !important;\r\n\tdisplay: inline-block !important;\r\n}\r\n\r\n\t\t\t\r\n\t\t\t<\/style>\t\r\n\t\t\t<\/style>\r\n\t\t\t<div class=\"wpsm_panel-group\" id=\"wpsm_accordion_4278\" >\r\n\t\t\t\t\t\t\t\t\r\n\t\t\t\t\t<!-- Inner panel Start -->\r\n\t\t\t\t\t<div class=\"wpsm_panel wpsm_panel-default\">\r\n\t\t\t\t\t\t<div class=\"wpsm_panel-heading\" role=\"tab\" >\r\n\t\t\t\t\t\t  <h4 class=\"wpsm_panel-title\">\r\n\t\t\t\t\t\t\t<a  class=\"\"  data-toggle=\"collapse\" data-parent=\"#wpsm_accordion_4278 \" href=\"javascript:void(0)\" data-target=\"#ac_4278_collapse1\" onclick=\"do_resize()\">\r\n\t\t\t\t\t\t\t\t\t\t\t\t\t\t\t\t\t<span class=\"ac_open_cl_icon fa fa-plus\"><\/span>\r\n\t\t\t\t\t\t\t\t\t\r\n\t\t\t\t\t\t\t\t \r\n\t\t\t\t\t\t\t\t<span class=\"ac_title_class\">\r\n\t\t\t\t\t\t\t\t\tProperty Litigation Insights\t\t\t\t\t\t\t\t<\/span>\r\n\t\t\t\t\t\t\t<\/a>\r\n\t\t\t\t\t\t  <\/h4>\r\n\t\t\t\t\t\t<\/div>\r\n\t\t\t\t\t\t<div id=\"ac_4278_collapse1\" class=\"wpsm_panel-collapse collapse\"  >\r\n\t\t\t\t\t\t  <div class=\"wpsm_panel-body\">\r\n\t\t\t\t\t\t\t<span style=\"color: #0000ff\"><a style=\"color: #0000ff\" href=\"https:\/\/www.youtube.com\/watch?v=Nw36QLpHYl4\" target=\"_blank\" rel=\"noopener\">Watch RFB's Litigation Partner David Burns discuss the complexities and legal issues which arise when tenants wish to make alterations to residential premises.<\/a><\/span>\t\t\t\t\t\t  <\/div>\r\n\t\t\t\t\t\t<\/div>\r\n\t\t\t\t\t<\/div>\r\n\t\t\t\t\t<!-- Inner panel End -->\r\n\t\t\t\t\t\r\n\t\t\t\t\t\t\t<\/div>\r\n\t\t\t\r\n<script type=\"text\/javascript\">\r\n\t\r\n\t\tfunction do_resize(){\r\n\r\n\t\t\tvar width=jQuery( '.wpsm_panel .wpsm_panel-body iframe' ).width();\r\n\t\t\tvar height=jQuery( '.wpsm_panel .wpsm_panel-body iframe' ).height();\r\n\r\n\t\t\tvar toggleSize = true;\r\n\t\t\tjQuery('iframe').animate({\r\n\t\t\t    width: toggleSize ? width : 640,\r\n\t\t\t    height: toggleSize ? height : 360\r\n\t\t\t  }, 250);\r\n\r\n\t\t\t  toggleSize = !toggleSize;\r\n\t\t}\r\n\t\t\r\n<\/script>","protected":false},"excerpt":{"rendered":"<p>Property litigation Expert Property Litigation for Landlords, Developers, and Investors&nbsp; At Ronald Fletcher Baker LLP, our Property Litigation team delivers strategic, pragmatic advice in all forms of real estate disputes, representing clients ranging from commercial and residential landlords to developers, asset managers, and private individuals. Whether you are dealing with complex property disputes, landlord and &hellip; <a href=\"https:\/\/rfblegal.co.uk\/nl\/?p=4278\">Vervolg<\/a><\/p>","protected":false},"author":1,"featured_media":2127,"parent":357,"menu_order":0,"comment_status":"closed","ping_status":"closed","template":"tier2-template.blade.php","meta":{"_acf_changed":false,"om_disable_all_campaigns":false,"_uf_show_specific_survey":0,"_uf_disable_surveys":false,"footnotes":""},"class_list":["post-2126","page","type-page","status-publish","has-post-thumbnail","hentry"],"acf":[],"aioseo_notices":[],"yoast_head":"<!-- This site is optimized with the Yoast SEO plugin v27.2 - https:\/\/yoast.com\/product\/yoast-seo-wordpress\/ -->\n<title>Property Litigation - RFB Legal<\/title>\n<meta name=\"description\" content=\"Property litigation Expert Property Litigation for Landlords, Developers, and Investors&nbsp; At Ronald Fletcher Baker LLP, our Property Litigation team\" \/>\n<meta name=\"robots\" content=\"index, follow, max-snippet:-1, max-image-preview:large, max-video-preview:-1\" \/>\n<link rel=\"canonical\" href=\"https:\/\/rfblegal.co.uk\/nl\/diensten\/persoonlijk-recht\/geschillen-over-onroerend-goed\/\" \/>\n<meta property=\"og:locale\" content=\"nl_NL\" \/>\n<meta property=\"og:type\" content=\"article\" \/>\n<meta property=\"og:title\" content=\"Property Litigation - RFB Legal\" \/>\n<meta property=\"og:description\" content=\"Property litigation Expert Property Litigation for Landlords, Developers, and Investors&nbsp; At Ronald Fletcher Baker LLP, our Property Litigation team\" \/>\n<meta property=\"og:url\" content=\"https:\/\/rfblegal.co.uk\/nl\/diensten\/persoonlijk-recht\/geschillen-over-onroerend-goed\/\" \/>\n<meta property=\"og:site_name\" content=\"RFB Legal\" \/>\n<meta property=\"article:publisher\" content=\"https:\/\/www.facebook.com\/RFBLegal\/\" \/>\n<meta property=\"article:modified_time\" content=\"2025-08-11T09:16:23+00:00\" \/>\n<meta property=\"og:image\" content=\"https:\/\/rfblegal.co.uk\/wp-content\/uploads\/2024\/02\/Property_Litigation2.jpg\" \/>\n\t<meta property=\"og:image:width\" content=\"1440\" \/>\n\t<meta property=\"og:image:height\" content=\"550\" \/>\n\t<meta property=\"og:image:type\" content=\"image\/jpeg\" \/>\n<meta name=\"twitter:card\" content=\"summary_large_image\" \/>\n<meta name=\"twitter:label1\" content=\"Est. reading time\" \/>\n\t<meta name=\"twitter:data1\" content=\"3 minuten\" \/>\n<script type=\"application\/ld+json\" class=\"yoast-schema-graph\">{\"@context\":\"https:\/\/schema.org\",\"@graph\":[{\"@type\":\"WebPage\",\"@id\":\"https:\/\/rfblegal.co.uk\/services\/personal-law\/property-litigation\/\",\"url\":\"https:\/\/rfblegal.co.uk\/services\/personal-law\/property-litigation\/\",\"name\":\"Property Litigation - RFB Legal\",\"isPartOf\":{\"@id\":\"https:\/\/rfblegal.co.uk\/#website\"},\"primaryImageOfPage\":{\"@id\":\"https:\/\/rfblegal.co.uk\/services\/personal-law\/property-litigation\/#primaryimage\"},\"image\":{\"@id\":\"https:\/\/rfblegal.co.uk\/services\/personal-law\/property-litigation\/#primaryimage\"},\"thumbnailUrl\":\"https:\/\/rfblegal.co.uk\/wp-content\/uploads\/2024\/02\/Property_Litigation2.jpg\",\"datePublished\":\"2024-02-21T11:27:43+00:00\",\"dateModified\":\"2025-08-11T09:16:23+00:00\",\"description\":\"Property litigation Expert Property Litigation for Landlords, Developers, and Investors&nbsp; At Ronald Fletcher Baker LLP, our Property Litigation team\",\"breadcrumb\":{\"@id\":\"https:\/\/rfblegal.co.uk\/services\/personal-law\/property-litigation\/#breadcrumb\"},\"inLanguage\":\"nl-NL\",\"potentialAction\":[{\"@type\":\"ReadAction\",\"target\":[\"https:\/\/rfblegal.co.uk\/services\/personal-law\/property-litigation\/\"]}]},{\"@type\":\"ImageObject\",\"inLanguage\":\"nl-NL\",\"@id\":\"https:\/\/rfblegal.co.uk\/services\/personal-law\/property-litigation\/#primaryimage\",\"url\":\"https:\/\/rfblegal.co.uk\/wp-content\/uploads\/2024\/02\/Property_Litigation2.jpg\",\"contentUrl\":\"https:\/\/rfblegal.co.uk\/wp-content\/uploads\/2024\/02\/Property_Litigation2.jpg\",\"width\":1440,\"height\":550},{\"@type\":\"BreadcrumbList\",\"@id\":\"https:\/\/rfblegal.co.uk\/services\/personal-law\/property-litigation\/#breadcrumb\",\"itemListElement\":[{\"@type\":\"ListItem\",\"position\":1,\"name\":\"Home\",\"item\":\"https:\/\/rfblegal.co.uk\/\"},{\"@type\":\"ListItem\",\"position\":2,\"name\":\"Services\",\"item\":\"https:\/\/rfblegal.co.uk\/services\/\"},{\"@type\":\"ListItem\",\"position\":3,\"name\":\"Personal Law Services\",\"item\":\"https:\/\/rfblegal.co.uk\/services\/personal-law\/\"},{\"@type\":\"ListItem\",\"position\":4,\"name\":\"Property Litigation\"}]},{\"@type\":\"WebSite\",\"@id\":\"https:\/\/rfblegal.co.uk\/#website\",\"url\":\"https:\/\/rfblegal.co.uk\/\",\"name\":\"RFB Legal\",\"description\":\"\",\"publisher\":{\"@id\":\"https:\/\/rfblegal.co.uk\/#organization\"},\"potentialAction\":[{\"@type\":\"SearchAction\",\"target\":{\"@type\":\"EntryPoint\",\"urlTemplate\":\"https:\/\/rfblegal.co.uk\/?s={search_term_string}\"},\"query-input\":{\"@type\":\"PropertyValueSpecification\",\"valueRequired\":true,\"valueName\":\"search_term_string\"}}],\"inLanguage\":\"nl-NL\"},{\"@type\":\"Organization\",\"@id\":\"https:\/\/rfblegal.co.uk\/#organization\",\"name\":\"RFB Legal\",\"url\":\"https:\/\/rfblegal.co.uk\/\",\"logo\":{\"@type\":\"ImageObject\",\"inLanguage\":\"nl-NL\",\"@id\":\"https:\/\/rfblegal.co.uk\/#\/schema\/logo\/image\/\",\"url\":\"https:\/\/rfblegal.co.uk\/wp-content\/uploads\/2024\/01\/header_company_logo.svg\",\"contentUrl\":\"https:\/\/rfblegal.co.uk\/wp-content\/uploads\/2024\/01\/header_company_logo.svg\",\"caption\":\"RFB Legal\"},\"image\":{\"@id\":\"https:\/\/rfblegal.co.uk\/#\/schema\/logo\/image\/\"},\"sameAs\":[\"https:\/\/www.facebook.com\/RFBLegal\/\",\"https:\/\/www.linkedin.com\/uas\/login?session_redirect=company2012282\",\"https:\/\/www.instagram.com\/rfb_legal\/\"]}]}<\/script>\n<!-- \/ Yoast SEO plugin. -->","yoast_head_json":{"title":"Property Litigation - RFB Legal","description":"Property litigation Expert Property Litigation for Landlords, Developers, and Investors&nbsp; At Ronald Fletcher Baker LLP, our Property Litigation team","robots":{"index":"index","follow":"follow","max-snippet":"max-snippet:-1","max-image-preview":"max-image-preview:large","max-video-preview":"max-video-preview:-1"},"canonical":"https:\/\/rfblegal.co.uk\/nl\/diensten\/persoonlijk-recht\/geschillen-over-onroerend-goed\/","og_locale":"nl_NL","og_type":"article","og_title":"Property Litigation - RFB Legal","og_description":"Property litigation Expert Property Litigation for Landlords, Developers, and Investors&nbsp; At Ronald Fletcher Baker LLP, our Property Litigation team","og_url":"https:\/\/rfblegal.co.uk\/nl\/diensten\/persoonlijk-recht\/geschillen-over-onroerend-goed\/","og_site_name":"RFB Legal","article_publisher":"https:\/\/www.facebook.com\/RFBLegal\/","article_modified_time":"2025-08-11T09:16:23+00:00","og_image":[{"width":1440,"height":550,"url":"https:\/\/rfblegal.co.uk\/wp-content\/uploads\/2024\/02\/Property_Litigation2.jpg","type":"image\/jpeg"}],"twitter_card":"summary_large_image","twitter_misc":{"Est. reading time":"3 minuten"},"schema":{"@context":"https:\/\/schema.org","@graph":[{"@type":"WebPage","@id":"https:\/\/rfblegal.co.uk\/services\/personal-law\/property-litigation\/","url":"https:\/\/rfblegal.co.uk\/services\/personal-law\/property-litigation\/","name":"Property Litigation - RFB Legal","isPartOf":{"@id":"https:\/\/rfblegal.co.uk\/#website"},"primaryImageOfPage":{"@id":"https:\/\/rfblegal.co.uk\/services\/personal-law\/property-litigation\/#primaryimage"},"image":{"@id":"https:\/\/rfblegal.co.uk\/services\/personal-law\/property-litigation\/#primaryimage"},"thumbnailUrl":"https:\/\/rfblegal.co.uk\/wp-content\/uploads\/2024\/02\/Property_Litigation2.jpg","datePublished":"2024-02-21T11:27:43+00:00","dateModified":"2025-08-11T09:16:23+00:00","description":"Property litigation Expert Property Litigation for Landlords, Developers, and Investors&nbsp; At Ronald Fletcher Baker LLP, our Property Litigation team","breadcrumb":{"@id":"https:\/\/rfblegal.co.uk\/services\/personal-law\/property-litigation\/#breadcrumb"},"inLanguage":"nl-NL","potentialAction":[{"@type":"ReadAction","target":["https:\/\/rfblegal.co.uk\/services\/personal-law\/property-litigation\/"]}]},{"@type":"ImageObject","inLanguage":"nl-NL","@id":"https:\/\/rfblegal.co.uk\/services\/personal-law\/property-litigation\/#primaryimage","url":"https:\/\/rfblegal.co.uk\/wp-content\/uploads\/2024\/02\/Property_Litigation2.jpg","contentUrl":"https:\/\/rfblegal.co.uk\/wp-content\/uploads\/2024\/02\/Property_Litigation2.jpg","width":1440,"height":550},{"@type":"BreadcrumbList","@id":"https:\/\/rfblegal.co.uk\/services\/personal-law\/property-litigation\/#breadcrumb","itemListElement":[{"@type":"ListItem","position":1,"name":"Home","item":"https:\/\/rfblegal.co.uk\/"},{"@type":"ListItem","position":2,"name":"Services","item":"https:\/\/rfblegal.co.uk\/services\/"},{"@type":"ListItem","position":3,"name":"Personal Law Services","item":"https:\/\/rfblegal.co.uk\/services\/personal-law\/"},{"@type":"ListItem","position":4,"name":"Property Litigation"}]},{"@type":"WebSite","@id":"https:\/\/rfblegal.co.uk\/#website","url":"https:\/\/rfblegal.co.uk\/","name":"RFB Juridisch","description":"","publisher":{"@id":"https:\/\/rfblegal.co.uk\/#organization"},"potentialAction":[{"@type":"SearchAction","target":{"@type":"EntryPoint","urlTemplate":"https:\/\/rfblegal.co.uk\/?s={search_term_string}"},"query-input":{"@type":"PropertyValueSpecification","valueRequired":true,"valueName":"search_term_string"}}],"inLanguage":"nl-NL"},{"@type":"Organization","@id":"https:\/\/rfblegal.co.uk\/#organization","name":"RFB Juridisch","url":"https:\/\/rfblegal.co.uk\/","logo":{"@type":"ImageObject","inLanguage":"nl-NL","@id":"https:\/\/rfblegal.co.uk\/#\/schema\/logo\/image\/","url":"https:\/\/rfblegal.co.uk\/wp-content\/uploads\/2024\/01\/header_company_logo.svg","contentUrl":"https:\/\/rfblegal.co.uk\/wp-content\/uploads\/2024\/01\/header_company_logo.svg","caption":"RFB Legal"},"image":{"@id":"https:\/\/rfblegal.co.uk\/#\/schema\/logo\/image\/"},"sameAs":["https:\/\/www.facebook.com\/RFBLegal\/","https:\/\/www.linkedin.com\/uas\/login?session_redirect=company2012282","https:\/\/www.instagram.com\/rfb_legal\/"]}]}},"_links":{"self":[{"href":"https:\/\/rfblegal.co.uk\/nl\/wp-json\/wp\/v2\/pages\/2126","targetHints":{"allow":["GET"]}}],"collection":[{"href":"https:\/\/rfblegal.co.uk\/nl\/wp-json\/wp\/v2\/pages"}],"about":[{"href":"https:\/\/rfblegal.co.uk\/nl\/wp-json\/wp\/v2\/types\/page"}],"author":[{"embeddable":true,"href":"https:\/\/rfblegal.co.uk\/nl\/wp-json\/wp\/v2\/users\/1"}],"replies":[{"embeddable":true,"href":"https:\/\/rfblegal.co.uk\/nl\/wp-json\/wp\/v2\/comments?post=2126"}],"version-history":[{"count":0,"href":"https:\/\/rfblegal.co.uk\/nl\/wp-json\/wp\/v2\/pages\/2126\/revisions"}],"up":[{"embeddable":true,"href":"https:\/\/rfblegal.co.uk\/nl\/wp-json\/wp\/v2\/pages\/357"}],"wp:featuredmedia":[{"embeddable":true,"href":"https:\/\/rfblegal.co.uk\/nl\/wp-json\/wp\/v2\/media\/2127"}],"wp:attachment":[{"href":"https:\/\/rfblegal.co.uk\/nl\/wp-json\/wp\/v2\/media?parent=2126"}],"curies":[{"name":"wp","href":"https:\/\/api.w.org\/{rel}","templated":true}]}}