{"id":6814,"date":"2025-08-11T09:15:00","date_gmt":"2025-08-11T09:15:00","guid":{"rendered":"https:\/\/rfblegal.co.uk\/?page_id=6814"},"modified":"2025-08-11T09:19:15","modified_gmt":"2025-08-11T09:19:15","slug":"proroghe-di-contratti-di-locazione-residenziali","status":"publish","type":"page","link":"https:\/\/rfblegal.co.uk\/it\/servizi\/diritto-personale\/contenzioso-immobiliare-2\/proroghe-di-contratti-di-locazione-residenziali\/","title":{"rendered":"Proroghe di contratti di locazione residenziali"},"content":{"rendered":"<p>Siamo uno degli studi leader nel settore specialistico e complesso dell'enfranchisement delle locazioni, e assistiamo proprietari e locatari in un'ampia gamma di controversie a Londra e a livello regionale. Abbiamo una vasta esperienza nel trattare le richieste di estensione del contratto di locazione, le richieste di risarcimento della casa e le richieste collettive, oltre a consigliare i costruttori su come evitare il rischio di affrancamento.\u00a0<\/p>\n\n\n\n<p>Il processo di proroga del contratto di locazione \u00e8 complesso e tecnico e vi \u00e8 un notevole margine di errore. Il nostro team specializzato in proroghe di contratti di locazione di RFB Legal agisce per conto di proprietari e locatari in centinaia di richieste di proroghe di contratti di locazione ogni anno.&nbsp;<\/p>\n\n\n\n<p>Il locatario di un immobile pu\u00f2 avere il diritto di estendere la durata del contratto di locazione di 90 anni dietro pagamento di un premio al locatore.&nbsp;<\/p>\n\n\n\n<p>Utilizzare il<a rel=\"noreferrer noopener\" target=\"_blank\" href=\"https:\/\/rfblegal.co.uk\/index.php\/property\/lease-extension-calculator\"><strong> Calcolo della proroga del contratto di locazione<\/strong><\/a> per ottenere un'indicazione approssimativa del premio che potrebbe essere dovuto per l'estensione del contratto di locazione per stimare i costi del premio&nbsp;<\/p>\n\n\n\n<p>I contratti di locazione, per loro natura, hanno una durata fissa e, man mano che la durata residua del contratto di locazione diminuisce, diminuisce anche il valore dell'interesse locativo. Pertanto, \u00e8 spesso nell'interesse del locatario esercitare il diritto alla proroga del contratto di locazione.&nbsp;<\/p>\n\n\n\n<p>Per avere diritto a questa agevolazione, il contratto di locazione deve essere stato concesso inizialmente per una durata di 21 anni o pi\u00f9. Esistono alcune eccezioni se, ad esempio, il locatore \u00e8 un ente di beneficenza e l'appartamento viene messo a disposizione nell'ambito dell'attivit\u00e0 di beneficenza, oppure se si tratta di un'azienda o di un'impresa. <a href=\"https:\/\/rfblegal.co.uk\/it\/servizi\/diritto-commerciale\/contenzioso-immobiliare\/estensioni-di-contratti-di-locazione-commerciale\/\">locazione commerciale<\/a>.&nbsp;<\/p>\n\n\n\n<p>Il locatario deve inoltre essere il proprietario registrato del contratto di locazione da almeno 2 anni.&nbsp;<\/p>\n\n\n\n<h2 class=\"wp-block-heading\"><strong>La procedura<\/strong>&nbsp;<\/h2>\n\n\n\n<h3 class=\"wp-block-heading\">Per un inquilino\u00a0<\/h3>\n\n\n\n<ul class=\"wp-block-list\">\n<li>\u00c8 necessario ottenere un rapporto di valutazione\u00a0<\/li>\n\n\n\n<li>Verificheremo il vostro diritto a richiedere un nuovo contratto di locazione\u00a0<\/li>\n\n\n\n<li>Prepareremo l'avviso di cui alla Sezione 42, lo serviremo al locatore competente e a tutte le altre parti interessate, e risponderemo agli avvisi successivi.\u00a0<\/li>\n\n\n\n<li>Registrazione dell'avviso di Sezione 42 presso il registro fondiario\u00a0<\/li>\n\n\n\n<li>Esaminare la contro-diffida del locatore\u00a0<\/li>\n\n\n\n<li>Negoziare e concordare i termini dell'acquisizione\u00a0<\/li>\n\n\n\n<li>agire per vostro conto in relazione a qualsiasi procedimento dinanzi al First-Tier Tribunal, all'Upper Tribunal, alla County Court e a qualsiasi appello\u00a0<\/li>\n<\/ul>\n\n\n\n<h3 class=\"wp-block-heading\">Per un locatore\u00a0<\/h3>\n\n\n\n<ul class=\"wp-block-list\">\n<li>\u00c8 necessario ottenere un rapporto di valutazione\u00a0<\/li>\n\n\n\n<li>Preparare gli avvisi preliminari\u00a0<\/li>\n\n\n\n<li>Verificheremo la validit\u00e0 dell'avviso dell'inquilino e prepareremo e serviremo il contro-avviso.\u00a0<\/li>\n\n\n\n<li>Negoziare e concordare i termini dell'acquisizione\u00a0<\/li>\n\n\n\n<li>agire per vostro conto in relazione a qualsiasi procedimento dinanzi al First-Tier Tribunal, all'Upper Tribunal, alla County Court e a qualsiasi appello\u00a0<\/li>\n<\/ul>\n\n\n\n<p>Che siate proprietari o locatari, possiamo assistervi in questo complesso e tecnico settore del diritto per ottenere il miglior risultato possibile.&nbsp;<\/p>\n\n\n\n<ul class=\"wp-block-list\">\n<li>Assistenza ai locatori dal ricevimento dell'avviso di cui all'articolo 42 fino alla sua conclusione\u00a0<\/li>\n\n\n\n<li>Rappresentanza dell'inquilino dalla preparazione dell'avviso di cui all'articolo 42 fino alla sua conclusione\u00a0<\/li>\n\n\n\n<li>Agire in relazione alla cessione del beneficio dell'avviso di cui alla Sezione 42 per venditori o acquirenti\u00a0<\/li>\n\n\n\n<li>Consulenza e intervento in First Tier, Upper Tribunal, County Court e in eventuali ricorsi per conto di proprietari o inquilini.\u00a0<\/li>\n\n\n\n<li>Agisce per conto di locatari in relazione a richieste di ordini di cessione in caso di assenza o scioglimento del locatore.\u00a0<\/li>\n<\/ul>","protected":false},"excerpt":{"rendered":"<p>We are one of the leading firms in the specialist and complex area of leasehold enfranchisement, advising landlords and leaseholders on a wide range of claims within London and regionally. We have extensive experience in dealing with lease extension claims, house claims, and collective claims as well as advising developers on how to avoid the &hellip; <a href=\"https:\/\/rfblegal.co.uk\/it\/servizi\/diritto-personale\/contenzioso-immobiliare-2\/proroghe-di-contratti-di-locazione-residenziali\/\">Continua<\/a><\/p>","protected":false},"author":12,"featured_media":6815,"parent":2126,"menu_order":0,"comment_status":"closed","ping_status":"closed","template":"tier3-template.blade.php","meta":{"_acf_changed":false,"om_disable_all_campaigns":false,"_uf_show_specific_survey":0,"_uf_disable_surveys":false,"footnotes":""},"class_list":["post-6814","page","type-page","status-publish","has-post-thumbnail","hentry"],"acf":[],"aioseo_notices":[],"yoast_head":"<!-- This site is optimized with the Yoast SEO plugin v27.2 - https:\/\/yoast.com\/product\/yoast-seo-wordpress\/ -->\n<title>Residential Lease Extensions - RFB Legal<\/title>\n<meta name=\"description\" content=\"Specialist lease extension solicitors in London. Expert advice for landlords &amp; tenants on claims, valuations &amp; enfranchisement.\" \/>\n<meta name=\"robots\" content=\"index, follow, max-snippet:-1, max-image-preview:large, max-video-preview:-1\" \/>\n<link rel=\"canonical\" href=\"https:\/\/rfblegal.co.uk\/it\/servizi\/diritto-personale\/contenzioso-immobiliare-2\/proroghe-di-contratti-di-locazione-residenziali\/\" \/>\n<meta property=\"og:locale\" content=\"it_IT\" \/>\n<meta property=\"og:type\" content=\"article\" \/>\n<meta property=\"og:title\" content=\"Residential Lease Extensions - RFB Legal\" \/>\n<meta property=\"og:description\" content=\"Specialist lease extension solicitors in London. Expert advice for landlords &amp; tenants on claims, valuations &amp; enfranchisement.\" \/>\n<meta property=\"og:url\" content=\"https:\/\/rfblegal.co.uk\/it\/servizi\/diritto-personale\/contenzioso-immobiliare-2\/proroghe-di-contratti-di-locazione-residenziali\/\" \/>\n<meta property=\"og:site_name\" content=\"RFB Legal\" \/>\n<meta property=\"article:publisher\" content=\"https:\/\/www.facebook.com\/RFBLegal\/\" \/>\n<meta property=\"article:modified_time\" content=\"2025-08-11T09:19:15+00:00\" \/>\n<meta property=\"og:image\" content=\"https:\/\/rfblegal.co.uk\/wp-content\/uploads\/2025\/08\/AdobeStock_408890004_Preview.jpeg\" \/>\n\t<meta property=\"og:image:width\" content=\"1000\" \/>\n\t<meta property=\"og:image:height\" content=\"669\" \/>\n\t<meta property=\"og:image:type\" content=\"image\/jpeg\" \/>\n<meta name=\"twitter:card\" content=\"summary_large_image\" \/>\n<meta name=\"twitter:label1\" content=\"Est. reading time\" \/>\n\t<meta name=\"twitter:data1\" content=\"3 minuti\" \/>\n<script type=\"application\/ld+json\" class=\"yoast-schema-graph\">{\"@context\":\"https:\/\/schema.org\",\"@graph\":[{\"@type\":\"WebPage\",\"@id\":\"https:\/\/rfblegal.co.uk\/services\/personal-law\/property-litigation\/residential-lease-extensions\/\",\"url\":\"https:\/\/rfblegal.co.uk\/services\/personal-law\/property-litigation\/residential-lease-extensions\/\",\"name\":\"Residential Lease Extensions - RFB Legal\",\"isPartOf\":{\"@id\":\"https:\/\/rfblegal.co.uk\/#website\"},\"primaryImageOfPage\":{\"@id\":\"https:\/\/rfblegal.co.uk\/services\/personal-law\/property-litigation\/residential-lease-extensions\/#primaryimage\"},\"image\":{\"@id\":\"https:\/\/rfblegal.co.uk\/services\/personal-law\/property-litigation\/residential-lease-extensions\/#primaryimage\"},\"thumbnailUrl\":\"https:\/\/rfblegal.co.uk\/wp-content\/uploads\/2025\/08\/AdobeStock_408890004_Preview.jpeg\",\"datePublished\":\"2025-08-11T09:15:00+00:00\",\"dateModified\":\"2025-08-11T09:19:15+00:00\",\"description\":\"Specialist lease extension solicitors in London. Expert advice for landlords & tenants on claims, valuations & enfranchisement.\",\"breadcrumb\":{\"@id\":\"https:\/\/rfblegal.co.uk\/services\/personal-law\/property-litigation\/residential-lease-extensions\/#breadcrumb\"},\"inLanguage\":\"it-IT\",\"potentialAction\":[{\"@type\":\"ReadAction\",\"target\":[\"https:\/\/rfblegal.co.uk\/services\/personal-law\/property-litigation\/residential-lease-extensions\/\"]}]},{\"@type\":\"ImageObject\",\"inLanguage\":\"it-IT\",\"@id\":\"https:\/\/rfblegal.co.uk\/services\/personal-law\/property-litigation\/residential-lease-extensions\/#primaryimage\",\"url\":\"https:\/\/rfblegal.co.uk\/wp-content\/uploads\/2025\/08\/AdobeStock_408890004_Preview.jpeg\",\"contentUrl\":\"https:\/\/rfblegal.co.uk\/wp-content\/uploads\/2025\/08\/AdobeStock_408890004_Preview.jpeg\",\"width\":1000,\"height\":669},{\"@type\":\"BreadcrumbList\",\"@id\":\"https:\/\/rfblegal.co.uk\/services\/personal-law\/property-litigation\/residential-lease-extensions\/#breadcrumb\",\"itemListElement\":[{\"@type\":\"ListItem\",\"position\":1,\"name\":\"Home\",\"item\":\"https:\/\/rfblegal.co.uk\/\"},{\"@type\":\"ListItem\",\"position\":2,\"name\":\"Services\",\"item\":\"https:\/\/rfblegal.co.uk\/services\/\"},{\"@type\":\"ListItem\",\"position\":3,\"name\":\"Personal Law Services\",\"item\":\"https:\/\/rfblegal.co.uk\/services\/personal-law\/\"},{\"@type\":\"ListItem\",\"position\":4,\"name\":\"Property Litigation\",\"item\":\"https:\/\/rfblegal.co.uk\/services\/personal-law\/property-litigation\/\"},{\"@type\":\"ListItem\",\"position\":5,\"name\":\"Residential Lease Extensions\"}]},{\"@type\":\"WebSite\",\"@id\":\"https:\/\/rfblegal.co.uk\/#website\",\"url\":\"https:\/\/rfblegal.co.uk\/\",\"name\":\"RFB Legal\",\"description\":\"\",\"publisher\":{\"@id\":\"https:\/\/rfblegal.co.uk\/#organization\"},\"potentialAction\":[{\"@type\":\"SearchAction\",\"target\":{\"@type\":\"EntryPoint\",\"urlTemplate\":\"https:\/\/rfblegal.co.uk\/?s={search_term_string}\"},\"query-input\":{\"@type\":\"PropertyValueSpecification\",\"valueRequired\":true,\"valueName\":\"search_term_string\"}}],\"inLanguage\":\"it-IT\"},{\"@type\":\"Organization\",\"@id\":\"https:\/\/rfblegal.co.uk\/#organization\",\"name\":\"RFB Legal\",\"url\":\"https:\/\/rfblegal.co.uk\/\",\"logo\":{\"@type\":\"ImageObject\",\"inLanguage\":\"it-IT\",\"@id\":\"https:\/\/rfblegal.co.uk\/#\/schema\/logo\/image\/\",\"url\":\"https:\/\/rfblegal.co.uk\/wp-content\/uploads\/2024\/01\/header_company_logo.svg\",\"contentUrl\":\"https:\/\/rfblegal.co.uk\/wp-content\/uploads\/2024\/01\/header_company_logo.svg\",\"caption\":\"RFB Legal\"},\"image\":{\"@id\":\"https:\/\/rfblegal.co.uk\/#\/schema\/logo\/image\/\"},\"sameAs\":[\"https:\/\/www.facebook.com\/RFBLegal\/\",\"https:\/\/www.linkedin.com\/uas\/login?session_redirect=company2012282\",\"https:\/\/www.instagram.com\/rfb_legal\/\"]}]}<\/script>\n<!-- \/ Yoast SEO plugin. -->","yoast_head_json":{"title":"Estensioni del contratto di locazione residenziale - RFB Legal","description":"Avvocati specializzati in proroghe di contratti di locazione a Londra. Consulenza esperta per proprietari e inquilini su richieste di risarcimento, valutazioni e affrancamento.","robots":{"index":"index","follow":"follow","max-snippet":"max-snippet:-1","max-image-preview":"max-image-preview:large","max-video-preview":"max-video-preview:-1"},"canonical":"https:\/\/rfblegal.co.uk\/it\/servizi\/diritto-personale\/contenzioso-immobiliare-2\/proroghe-di-contratti-di-locazione-residenziali\/","og_locale":"it_IT","og_type":"article","og_title":"Residential Lease Extensions - RFB Legal","og_description":"Specialist lease extension solicitors in London. Expert advice for landlords & tenants on claims, valuations & enfranchisement.","og_url":"https:\/\/rfblegal.co.uk\/it\/servizi\/diritto-personale\/contenzioso-immobiliare-2\/proroghe-di-contratti-di-locazione-residenziali\/","og_site_name":"RFB Legal","article_publisher":"https:\/\/www.facebook.com\/RFBLegal\/","article_modified_time":"2025-08-11T09:19:15+00:00","og_image":[{"width":1000,"height":669,"url":"https:\/\/rfblegal.co.uk\/wp-content\/uploads\/2025\/08\/AdobeStock_408890004_Preview.jpeg","type":"image\/jpeg"}],"twitter_card":"summary_large_image","twitter_misc":{"Est. reading time":"3 minuti"},"schema":{"@context":"https:\/\/schema.org","@graph":[{"@type":"WebPage","@id":"https:\/\/rfblegal.co.uk\/services\/personal-law\/property-litigation\/residential-lease-extensions\/","url":"https:\/\/rfblegal.co.uk\/services\/personal-law\/property-litigation\/residential-lease-extensions\/","name":"Estensioni del contratto di locazione residenziale - RFB Legal","isPartOf":{"@id":"https:\/\/rfblegal.co.uk\/#website"},"primaryImageOfPage":{"@id":"https:\/\/rfblegal.co.uk\/services\/personal-law\/property-litigation\/residential-lease-extensions\/#primaryimage"},"image":{"@id":"https:\/\/rfblegal.co.uk\/services\/personal-law\/property-litigation\/residential-lease-extensions\/#primaryimage"},"thumbnailUrl":"https:\/\/rfblegal.co.uk\/wp-content\/uploads\/2025\/08\/AdobeStock_408890004_Preview.jpeg","datePublished":"2025-08-11T09:15:00+00:00","dateModified":"2025-08-11T09:19:15+00:00","description":"Avvocati specializzati in proroghe di contratti di locazione a Londra. Consulenza esperta per proprietari e inquilini su richieste di risarcimento, valutazioni e affrancamento.","breadcrumb":{"@id":"https:\/\/rfblegal.co.uk\/services\/personal-law\/property-litigation\/residential-lease-extensions\/#breadcrumb"},"inLanguage":"it-IT","potentialAction":[{"@type":"ReadAction","target":["https:\/\/rfblegal.co.uk\/services\/personal-law\/property-litigation\/residential-lease-extensions\/"]}]},{"@type":"ImageObject","inLanguage":"it-IT","@id":"https:\/\/rfblegal.co.uk\/services\/personal-law\/property-litigation\/residential-lease-extensions\/#primaryimage","url":"https:\/\/rfblegal.co.uk\/wp-content\/uploads\/2025\/08\/AdobeStock_408890004_Preview.jpeg","contentUrl":"https:\/\/rfblegal.co.uk\/wp-content\/uploads\/2025\/08\/AdobeStock_408890004_Preview.jpeg","width":1000,"height":669},{"@type":"BreadcrumbList","@id":"https:\/\/rfblegal.co.uk\/services\/personal-law\/property-litigation\/residential-lease-extensions\/#breadcrumb","itemListElement":[{"@type":"ListItem","position":1,"name":"Home","item":"https:\/\/rfblegal.co.uk\/"},{"@type":"ListItem","position":2,"name":"Services","item":"https:\/\/rfblegal.co.uk\/services\/"},{"@type":"ListItem","position":3,"name":"Personal Law Services","item":"https:\/\/rfblegal.co.uk\/services\/personal-law\/"},{"@type":"ListItem","position":4,"name":"Property Litigation","item":"https:\/\/rfblegal.co.uk\/services\/personal-law\/property-litigation\/"},{"@type":"ListItem","position":5,"name":"Residential Lease Extensions"}]},{"@type":"WebSite","@id":"https:\/\/rfblegal.co.uk\/#website","url":"https:\/\/rfblegal.co.uk\/","name":"RFB Legale","description":"","publisher":{"@id":"https:\/\/rfblegal.co.uk\/#organization"},"potentialAction":[{"@type":"SearchAction","target":{"@type":"EntryPoint","urlTemplate":"https:\/\/rfblegal.co.uk\/?s={search_term_string}"},"query-input":{"@type":"PropertyValueSpecification","valueRequired":true,"valueName":"search_term_string"}}],"inLanguage":"it-IT"},{"@type":"Organization","@id":"https:\/\/rfblegal.co.uk\/#organization","name":"RFB Legale","url":"https:\/\/rfblegal.co.uk\/","logo":{"@type":"ImageObject","inLanguage":"it-IT","@id":"https:\/\/rfblegal.co.uk\/#\/schema\/logo\/image\/","url":"https:\/\/rfblegal.co.uk\/wp-content\/uploads\/2024\/01\/header_company_logo.svg","contentUrl":"https:\/\/rfblegal.co.uk\/wp-content\/uploads\/2024\/01\/header_company_logo.svg","caption":"RFB Legal"},"image":{"@id":"https:\/\/rfblegal.co.uk\/#\/schema\/logo\/image\/"},"sameAs":["https:\/\/www.facebook.com\/RFBLegal\/","https:\/\/www.linkedin.com\/uas\/login?session_redirect=company2012282","https:\/\/www.instagram.com\/rfb_legal\/"]}]}},"_links":{"self":[{"href":"https:\/\/rfblegal.co.uk\/it\/wp-json\/wp\/v2\/pages\/6814","targetHints":{"allow":["GET"]}}],"collection":[{"href":"https:\/\/rfblegal.co.uk\/it\/wp-json\/wp\/v2\/pages"}],"about":[{"href":"https:\/\/rfblegal.co.uk\/it\/wp-json\/wp\/v2\/types\/page"}],"author":[{"embeddable":true,"href":"https:\/\/rfblegal.co.uk\/it\/wp-json\/wp\/v2\/users\/12"}],"replies":[{"embeddable":true,"href":"https:\/\/rfblegal.co.uk\/it\/wp-json\/wp\/v2\/comments?post=6814"}],"version-history":[{"count":0,"href":"https:\/\/rfblegal.co.uk\/it\/wp-json\/wp\/v2\/pages\/6814\/revisions"}],"up":[{"embeddable":true,"href":"https:\/\/rfblegal.co.uk\/it\/wp-json\/wp\/v2\/pages\/2126"}],"wp:featuredmedia":[{"embeddable":true,"href":"https:\/\/rfblegal.co.uk\/it\/wp-json\/wp\/v2\/media\/6815"}],"wp:attachment":[{"href":"https:\/\/rfblegal.co.uk\/it\/wp-json\/wp\/v2\/media?parent=6814"}],"curies":[{"name":"wp","href":"https:\/\/api.w.org\/{rel}","templated":true}]}}