{"id":6129,"date":"2025-04-10T14:44:42","date_gmt":"2025-04-10T14:44:42","guid":{"rendered":"https:\/\/rfblegal.co.uk\/?page_id=6129"},"modified":"2026-03-26T10:56:21","modified_gmt":"2026-03-26T10:56:21","slug":"settori-commerciali-regolamentati","status":"publish","type":"page","link":"https:\/\/rfblegal.co.uk\/it\/servizi\/diritto-commerciale\/azienda-aziendale\/settori-commerciali-regolamentati\/","title":{"rendered":"Settori commerciali regolamentati"},"content":{"rendered":"<p>Offriamo una gamma completa di servizi di diritto commerciale per le imprese regolamentate come case di cura, ottici, farmacie e studi veterinari, progettati per proteggere i vostri interessi, sostenere i vostri obiettivi e garantire la conformit\u00e0 in ogni fase. Che siate una startup ambiziosa o un'organizzazione consolidata, che stiate acquistando o vendendo uno studio, la nostra consulenza \u00e8 personalizzata per soddisfare le vostre esigenze.<\/p>\n\n\n\n<p>Il nostro team aziendale e commerciale vi guider\u00e0 in ogni decisione, aiutandovi a fare scelte sicure e informate in aree quali:<\/p>\n\n\n\n<ul class=\"wp-block-list\">\n<li>Comprendere l'avviamento e la partecipazione azionaria e la loro rilevanza nei contratti di compravendita<\/li>\n\n\n\n<li>Propriet\u00e0 e sviluppo dell'ambulatorio<\/li>\n\n\n\n<li>Costituzione di una societ\u00e0, costituzione di una societ\u00e0 a responsabilit\u00e0 limitata<\/li>\n\n\n\n<li>Accordi di partnership, di condivisione delle spese e con i contraenti<\/li>\n\n\n\n<li>Regolamentazione e registrazione professionale:<br>Processi della Care Quality Commission (CQC), questioni di idoneit\u00e0 alla professione e RVCS, questioni GPhc, cambio di propriet\u00e0 e regolamenti sul trasferimento, NHS <a href=\"https:\/\/rfblegal.co.uk\/it\/servizi\/diritto-personale\/diritto-normativo\/\">regolatore<\/a> e le questioni contrattuali,\u00a0<\/li>\n\n\n\n<li>Vendite e acquisti<\/li>\n\n\n\n<li>Requisiti di salute e sicurezza<\/li>\n<\/ul>\n\n\n\n<h2 class=\"wp-block-heading\">Vendita e acquisto di vari studi professionali&nbsp;<\/h2>\n\n\n\n<p>Siamo in grado di assistere nella vendita e nell'acquisto di case di cura, farmacie e studi veterinari sia privati che del Servizio Sanitario Nazionale. Possiamo fornirvi una consulenza specialistica su:<\/p>\n\n\n\n<ul class=\"wp-block-list\">\n<li>Processo di due diligence - valutazione della sala dati e considerazioni chiave sull'attivit\u00e0 e sull'impresa che si desidera acquisire o vendere, nonch\u00e9 eventuali informazioni da richiedere o fornire per proteggere i propri interessi.<\/li>\n\n\n\n<li>Trasferimento di contratti NHS<\/li>\n\n\n\n<li>Processo di registrazione CQC<\/li>\n\n\n\n<li>Trasferimenti di personale e possibilit\u00e0 di applicare il TUPE<\/li>\n\n\n\n<li>Limitazione di responsabilit\u00e0<\/li>\n\n\n\n<li>Trasferimento di propriet\u00e0<\/li>\n\n\n\n<li>Lavoro nel settore bancario e finanziario<\/li>\n<\/ul>\n\n\n\n<p>Per discutere di come i nostri avvocati di diritto societario e commerciale di RFB possano aiutare voi e la vostra azienda, contattate il nostro team al numero <a href=\"tel:020 7613 1402\">020 7613 1402<\/a>.<\/p>","protected":false},"excerpt":{"rendered":"<p>We offer a comprehensive range of business law services for regulated businesses such as care homes, opticians, pharmacies, and veterinary practices, designed to protect your interests, support your goals, and ensure compliance at every stage. Whether you\u2019re an ambitious startup or a well-established organisation, and buying or selling a practice, our advice is tailored to &hellip; <a href=\"https:\/\/rfblegal.co.uk\/it\/servizi\/diritto-commerciale\/azienda-aziendale\/settori-commerciali-regolamentati\/\">Continua<\/a><\/p>","protected":false},"author":5,"featured_media":6132,"parent":2597,"menu_order":0,"comment_status":"closed","ping_status":"closed","template":"tier3-template.blade.php","meta":{"_acf_changed":false,"om_disable_all_campaigns":false,"_uf_show_specific_survey":0,"_uf_disable_surveys":false,"footnotes":""},"class_list":["post-6129","page","type-page","status-publish","has-post-thumbnail","hentry"],"acf":[],"aioseo_notices":[],"yoast_head":"<!-- This site is optimized with the Yoast SEO plugin v27.2 - https:\/\/yoast.com\/product\/yoast-seo-wordpress\/ -->\n<title>Commercial Regulated Sectors - RFB Legal<\/title>\n<meta name=\"description\" content=\"We offer a comprehensive range of business law services for regulated businesses such as care homes, opticians, pharmacies, and veterinary practices,\" \/>\n<meta name=\"robots\" content=\"index, follow, max-snippet:-1, max-image-preview:large, max-video-preview:-1\" \/>\n<link rel=\"canonical\" href=\"https:\/\/rfblegal.co.uk\/it\/servizi\/diritto-commerciale\/azienda-aziendale\/settori-commerciali-regolamentati\/\" \/>\n<meta property=\"og:locale\" content=\"it_IT\" \/>\n<meta property=\"og:type\" content=\"article\" \/>\n<meta property=\"og:title\" content=\"Commercial Regulated Sectors - RFB Legal\" \/>\n<meta property=\"og:description\" content=\"We offer a comprehensive range of business law services for regulated businesses such as care homes, opticians, pharmacies, and veterinary practices,\" \/>\n<meta property=\"og:url\" content=\"https:\/\/rfblegal.co.uk\/it\/servizi\/diritto-commerciale\/azienda-aziendale\/settori-commerciali-regolamentati\/\" \/>\n<meta property=\"og:site_name\" content=\"RFB Legal\" \/>\n<meta property=\"article:publisher\" content=\"https:\/\/www.facebook.com\/RFBLegal\/\" \/>\n<meta property=\"article:modified_time\" content=\"2026-03-26T10:56:21+00:00\" \/>\n<meta property=\"og:image\" content=\"https:\/\/rfblegal.co.uk\/wp-content\/uploads\/2025\/04\/AdobeStock_400427216-scaled.jpeg\" \/>\n\t<meta property=\"og:image:width\" content=\"2120\" \/>\n\t<meta property=\"og:image:height\" content=\"1193\" \/>\n\t<meta property=\"og:image:type\" content=\"image\/jpeg\" \/>\n<meta name=\"twitter:card\" content=\"summary_large_image\" \/>\n<meta name=\"twitter:label1\" content=\"Est. reading time\" \/>\n\t<meta name=\"twitter:data1\" content=\"2 minuti\" \/>\n<script type=\"application\/ld+json\" class=\"yoast-schema-graph\">{\"@context\":\"https:\/\/schema.org\",\"@graph\":[{\"@type\":\"WebPage\",\"@id\":\"https:\/\/rfblegal.co.uk\/services\/business-law\/business-corporate\/commercial-regulated-sectors\/\",\"url\":\"https:\/\/rfblegal.co.uk\/services\/business-law\/business-corporate\/commercial-regulated-sectors\/\",\"name\":\"Commercial Regulated Sectors - RFB Legal\",\"isPartOf\":{\"@id\":\"https:\/\/rfblegal.co.uk\/#website\"},\"primaryImageOfPage\":{\"@id\":\"https:\/\/rfblegal.co.uk\/services\/business-law\/business-corporate\/commercial-regulated-sectors\/#primaryimage\"},\"image\":{\"@id\":\"https:\/\/rfblegal.co.uk\/services\/business-law\/business-corporate\/commercial-regulated-sectors\/#primaryimage\"},\"thumbnailUrl\":\"https:\/\/rfblegal.co.uk\/wp-content\/uploads\/2025\/04\/AdobeStock_400427216-scaled.jpeg\",\"datePublished\":\"2025-04-10T14:44:42+00:00\",\"dateModified\":\"2026-03-26T10:56:21+00:00\",\"description\":\"We offer a comprehensive range of business law services for regulated businesses such as care homes, opticians, pharmacies, and veterinary practices,\",\"breadcrumb\":{\"@id\":\"https:\/\/rfblegal.co.uk\/services\/business-law\/business-corporate\/commercial-regulated-sectors\/#breadcrumb\"},\"inLanguage\":\"it-IT\",\"potentialAction\":[{\"@type\":\"ReadAction\",\"target\":[\"https:\/\/rfblegal.co.uk\/services\/business-law\/business-corporate\/commercial-regulated-sectors\/\"]}]},{\"@type\":\"ImageObject\",\"inLanguage\":\"it-IT\",\"@id\":\"https:\/\/rfblegal.co.uk\/services\/business-law\/business-corporate\/commercial-regulated-sectors\/#primaryimage\",\"url\":\"https:\/\/rfblegal.co.uk\/wp-content\/uploads\/2025\/04\/AdobeStock_400427216-scaled.jpeg\",\"contentUrl\":\"https:\/\/rfblegal.co.uk\/wp-content\/uploads\/2025\/04\/AdobeStock_400427216-scaled.jpeg\",\"width\":2120,\"height\":1193,\"caption\":\"Pharmacy Drugstore Checkout Cashier Counter: Mature Female Pharmacist and Young Woman Using Contactless Payment NFC Smartphone to Buy Prescription Medicine, Vitamins, Beauty, Health Care Products\"},{\"@type\":\"BreadcrumbList\",\"@id\":\"https:\/\/rfblegal.co.uk\/services\/business-law\/business-corporate\/commercial-regulated-sectors\/#breadcrumb\",\"itemListElement\":[{\"@type\":\"ListItem\",\"position\":1,\"name\":\"Home\",\"item\":\"https:\/\/rfblegal.co.uk\/\"},{\"@type\":\"ListItem\",\"position\":2,\"name\":\"Services\",\"item\":\"https:\/\/rfblegal.co.uk\/services\/\"},{\"@type\":\"ListItem\",\"position\":3,\"name\":\"Business Law\",\"item\":\"https:\/\/rfblegal.co.uk\/services\/business-law\/\"},{\"@type\":\"ListItem\",\"position\":4,\"name\":\"Business &#8211; Corporate\",\"item\":\"https:\/\/rfblegal.co.uk\/services\/business-law\/business-corporate\/\"},{\"@type\":\"ListItem\",\"position\":5,\"name\":\"Commercial Regulated Sectors\"}]},{\"@type\":\"WebSite\",\"@id\":\"https:\/\/rfblegal.co.uk\/#website\",\"url\":\"https:\/\/rfblegal.co.uk\/\",\"name\":\"RFB Legal\",\"description\":\"\",\"publisher\":{\"@id\":\"https:\/\/rfblegal.co.uk\/#organization\"},\"potentialAction\":[{\"@type\":\"SearchAction\",\"target\":{\"@type\":\"EntryPoint\",\"urlTemplate\":\"https:\/\/rfblegal.co.uk\/?s={search_term_string}\"},\"query-input\":{\"@type\":\"PropertyValueSpecification\",\"valueRequired\":true,\"valueName\":\"search_term_string\"}}],\"inLanguage\":\"it-IT\"},{\"@type\":\"Organization\",\"@id\":\"https:\/\/rfblegal.co.uk\/#organization\",\"name\":\"RFB Legal\",\"url\":\"https:\/\/rfblegal.co.uk\/\",\"logo\":{\"@type\":\"ImageObject\",\"inLanguage\":\"it-IT\",\"@id\":\"https:\/\/rfblegal.co.uk\/#\/schema\/logo\/image\/\",\"url\":\"https:\/\/rfblegal.co.uk\/wp-content\/uploads\/2024\/01\/header_company_logo.svg\",\"contentUrl\":\"https:\/\/rfblegal.co.uk\/wp-content\/uploads\/2024\/01\/header_company_logo.svg\",\"caption\":\"RFB Legal\"},\"image\":{\"@id\":\"https:\/\/rfblegal.co.uk\/#\/schema\/logo\/image\/\"},\"sameAs\":[\"https:\/\/www.facebook.com\/RFBLegal\/\",\"https:\/\/www.linkedin.com\/uas\/login?session_redirect=company2012282\",\"https:\/\/www.instagram.com\/rfb_legal\/\"]}]}<\/script>\n<!-- \/ Yoast SEO plugin. -->","yoast_head_json":{"title":"Settori commerciali regolamentati - RFB Legal","description":"Offriamo una gamma completa di servizi di diritto commerciale per aziende regolamentate come case di cura, ottici, farmacie e studi veterinari,","robots":{"index":"index","follow":"follow","max-snippet":"max-snippet:-1","max-image-preview":"max-image-preview:large","max-video-preview":"max-video-preview:-1"},"canonical":"https:\/\/rfblegal.co.uk\/it\/servizi\/diritto-commerciale\/azienda-aziendale\/settori-commerciali-regolamentati\/","og_locale":"it_IT","og_type":"article","og_title":"Commercial Regulated Sectors - RFB Legal","og_description":"We offer a comprehensive range of business law services for regulated businesses such as care homes, opticians, pharmacies, and veterinary practices,","og_url":"https:\/\/rfblegal.co.uk\/it\/servizi\/diritto-commerciale\/azienda-aziendale\/settori-commerciali-regolamentati\/","og_site_name":"RFB Legal","article_publisher":"https:\/\/www.facebook.com\/RFBLegal\/","article_modified_time":"2026-03-26T10:56:21+00:00","og_image":[{"width":2120,"height":1193,"url":"https:\/\/rfblegal.co.uk\/wp-content\/uploads\/2025\/04\/AdobeStock_400427216-scaled.jpeg","type":"image\/jpeg"}],"twitter_card":"summary_large_image","twitter_misc":{"Est. reading time":"2 minuti"},"schema":{"@context":"https:\/\/schema.org","@graph":[{"@type":"WebPage","@id":"https:\/\/rfblegal.co.uk\/services\/business-law\/business-corporate\/commercial-regulated-sectors\/","url":"https:\/\/rfblegal.co.uk\/services\/business-law\/business-corporate\/commercial-regulated-sectors\/","name":"Settori commerciali regolamentati - RFB Legal","isPartOf":{"@id":"https:\/\/rfblegal.co.uk\/#website"},"primaryImageOfPage":{"@id":"https:\/\/rfblegal.co.uk\/services\/business-law\/business-corporate\/commercial-regulated-sectors\/#primaryimage"},"image":{"@id":"https:\/\/rfblegal.co.uk\/services\/business-law\/business-corporate\/commercial-regulated-sectors\/#primaryimage"},"thumbnailUrl":"https:\/\/rfblegal.co.uk\/wp-content\/uploads\/2025\/04\/AdobeStock_400427216-scaled.jpeg","datePublished":"2025-04-10T14:44:42+00:00","dateModified":"2026-03-26T10:56:21+00:00","description":"Offriamo una gamma completa di servizi di diritto commerciale per aziende regolamentate come case di cura, ottici, farmacie e studi veterinari,","breadcrumb":{"@id":"https:\/\/rfblegal.co.uk\/services\/business-law\/business-corporate\/commercial-regulated-sectors\/#breadcrumb"},"inLanguage":"it-IT","potentialAction":[{"@type":"ReadAction","target":["https:\/\/rfblegal.co.uk\/services\/business-law\/business-corporate\/commercial-regulated-sectors\/"]}]},{"@type":"ImageObject","inLanguage":"it-IT","@id":"https:\/\/rfblegal.co.uk\/services\/business-law\/business-corporate\/commercial-regulated-sectors\/#primaryimage","url":"https:\/\/rfblegal.co.uk\/wp-content\/uploads\/2025\/04\/AdobeStock_400427216-scaled.jpeg","contentUrl":"https:\/\/rfblegal.co.uk\/wp-content\/uploads\/2025\/04\/AdobeStock_400427216-scaled.jpeg","width":2120,"height":1193,"caption":"Pharmacy Drugstore Checkout Cashier Counter: Mature Female Pharmacist and Young Woman Using Contactless Payment NFC Smartphone to Buy Prescription Medicine, Vitamins, Beauty, Health Care Products"},{"@type":"BreadcrumbList","@id":"https:\/\/rfblegal.co.uk\/services\/business-law\/business-corporate\/commercial-regulated-sectors\/#breadcrumb","itemListElement":[{"@type":"ListItem","position":1,"name":"Home","item":"https:\/\/rfblegal.co.uk\/"},{"@type":"ListItem","position":2,"name":"Services","item":"https:\/\/rfblegal.co.uk\/services\/"},{"@type":"ListItem","position":3,"name":"Business Law","item":"https:\/\/rfblegal.co.uk\/services\/business-law\/"},{"@type":"ListItem","position":4,"name":"Business &#8211; Corporate","item":"https:\/\/rfblegal.co.uk\/services\/business-law\/business-corporate\/"},{"@type":"ListItem","position":5,"name":"Commercial Regulated Sectors"}]},{"@type":"WebSite","@id":"https:\/\/rfblegal.co.uk\/#website","url":"https:\/\/rfblegal.co.uk\/","name":"RFB Legale","description":"","publisher":{"@id":"https:\/\/rfblegal.co.uk\/#organization"},"potentialAction":[{"@type":"SearchAction","target":{"@type":"EntryPoint","urlTemplate":"https:\/\/rfblegal.co.uk\/?s={search_term_string}"},"query-input":{"@type":"PropertyValueSpecification","valueRequired":true,"valueName":"search_term_string"}}],"inLanguage":"it-IT"},{"@type":"Organization","@id":"https:\/\/rfblegal.co.uk\/#organization","name":"RFB Legale","url":"https:\/\/rfblegal.co.uk\/","logo":{"@type":"ImageObject","inLanguage":"it-IT","@id":"https:\/\/rfblegal.co.uk\/#\/schema\/logo\/image\/","url":"https:\/\/rfblegal.co.uk\/wp-content\/uploads\/2024\/01\/header_company_logo.svg","contentUrl":"https:\/\/rfblegal.co.uk\/wp-content\/uploads\/2024\/01\/header_company_logo.svg","caption":"RFB Legal"},"image":{"@id":"https:\/\/rfblegal.co.uk\/#\/schema\/logo\/image\/"},"sameAs":["https:\/\/www.facebook.com\/RFBLegal\/","https:\/\/www.linkedin.com\/uas\/login?session_redirect=company2012282","https:\/\/www.instagram.com\/rfb_legal\/"]}]}},"_links":{"self":[{"href":"https:\/\/rfblegal.co.uk\/it\/wp-json\/wp\/v2\/pages\/6129","targetHints":{"allow":["GET"]}}],"collection":[{"href":"https:\/\/rfblegal.co.uk\/it\/wp-json\/wp\/v2\/pages"}],"about":[{"href":"https:\/\/rfblegal.co.uk\/it\/wp-json\/wp\/v2\/types\/page"}],"author":[{"embeddable":true,"href":"https:\/\/rfblegal.co.uk\/it\/wp-json\/wp\/v2\/users\/5"}],"replies":[{"embeddable":true,"href":"https:\/\/rfblegal.co.uk\/it\/wp-json\/wp\/v2\/comments?post=6129"}],"version-history":[{"count":1,"href":"https:\/\/rfblegal.co.uk\/it\/wp-json\/wp\/v2\/pages\/6129\/revisions"}],"predecessor-version":[{"id":9080,"href":"https:\/\/rfblegal.co.uk\/it\/wp-json\/wp\/v2\/pages\/6129\/revisions\/9080"}],"up":[{"embeddable":true,"href":"https:\/\/rfblegal.co.uk\/it\/wp-json\/wp\/v2\/pages\/2597"}],"wp:featuredmedia":[{"embeddable":true,"href":"https:\/\/rfblegal.co.uk\/it\/wp-json\/wp\/v2\/media\/6132"}],"wp:attachment":[{"href":"https:\/\/rfblegal.co.uk\/it\/wp-json\/wp\/v2\/media?parent=6129"}],"curies":[{"name":"wp","href":"https:\/\/api.w.org\/{rel}","templated":true}]}}