{"id":528,"date":"2023-12-27T14:49:06","date_gmt":"2023-12-27T14:49:06","guid":{"rendered":"https:\/\/rfblegal.co.uk\/?page_id=528"},"modified":"2024-02-02T11:22:44","modified_gmt":"2024-02-02T11:22:44","slug":"status-e-diritti-dei-dipendenti","status":"publish","type":"page","link":"https:\/\/rfblegal.co.uk\/it\/servizi\/diritto-personale\/occupazione\/status-e-diritti-dei-dipendenti\/","title":{"rendered":"Stato e diritti dei dipendenti"},"content":{"rendered":"<p>Abbiamo una grande esperienza nel fornire consulenza su tutta la gamma di questioni affrontate da datori di lavoro e dipendenti.<br>Ci\u00f2 include questioni relative a licenziamenti ingiusti, licenziamenti e ristrutturazioni (comprese le richieste di risarcimento), modifiche dei termini e delle condizioni, discriminazioni (tra cui sesso, orientamento sessuale, gravidanza e maternit\u00e0, razza, disabilit\u00e0, et\u00e0, religione e convinzioni personali), molestie e vittimizzazione, whistleblowing, TUPE, parit\u00e0 di retribuzione, retribuzione delle ferie e questioni relative all'orario di lavoro, salario minimo nazionale, status dei dipendenti, questioni sindacali e IR35.<br>Il fatto di agire sia per i datori di lavoro che per i dipendenti ci permette di vedere le questioni lavorative in modo olistico. Conoscere il corretto svolgimento dei processi interni \u00e8 un vantaggio per i nostri clienti dipendenti, in quanto siamo in grado di individuare i casi in cui tali processi non sono stati eseguiti. Inoltre, ci consente non solo di difendere i clienti datori di lavoro, ma anche di fornire una consulenza proattiva per evitare l'insorgere di tali problemi.<br>Abbiamo esperienza nella gestione di cause presso l'Employment Tribunal, l'Employment Appeal Tribunal e la Court of Appeal. Abbiamo gestito tribunali del lavoro di durata variabile, fino a 25 giorni, e abbiamo esperienza nella gestione di controversie individuali e multiparte, avendo agito in questioni che superavano i 500 ricorrenti.<\/p>\n\n\n\n<p><\/p>\n\n\n\n<p class=\"has-lg-font-size\" style=\"padding-top:var(--wp--preset--spacing--30);padding-right:var(--wp--preset--spacing--30);padding-bottom:var(--wp--preset--spacing--30);padding-left:var(--wp--preset--spacing--30)\">DOMANDE E RISPOSTE. Stato e diritti dei dipendenti<\/p>\n\n\n\n<p>Risposte alle domande pi\u00f9 comuni sullo status e sui diritti dei dipendenti. Navigate con sicurezza nelle complessit\u00e0 del diritto del lavoro con la nostra guida concisa alle domande e risposte.<\/p>\n\n\n\n\r\n<script type=\"text\/javascript\">\r\n\t\r\n\t\tfunction do_resize(){\r\n\r\n\t\t\tvar width=jQuery( '.wpsm_panel .wpsm_panel-body iframe' ).width();\r\n\t\t\tvar height=jQuery( '.wpsm_panel .wpsm_panel-body iframe' ).height();\r\n\r\n\t\t\tvar toggleSize = true;\r\n\t\t\tjQuery('iframe').animate({\r\n\t\t\t    width: toggleSize ? width : 640,\r\n\t\t\t    height: toggleSize ? height : 360\r\n\t\t\t  }, 250);\r\n\r\n\t\t\t  toggleSize = !toggleSize;\r\n\t\t}\r\n\t\t\r\n<\/script>","protected":false},"excerpt":{"rendered":"<p>Abbiamo una vasta esperienza nella consulenza sull'intera gamma di questioni affrontate dai datori di lavoro e dai dipendenti, tra cui questioni relative a licenziamenti ingiusti, licenziamenti e ristrutturazioni (comprese le richieste di risarcimento), modifiche dei termini e delle condizioni, discriminazioni (tra cui sesso, orientamento sessuale, gravidanza e maternit\u00e0, razza, disabilit\u00e0, et\u00e0, religione e convinzioni personali), molestie e vittimizzazione, ... <a href=\"https:\/\/rfblegal.co.uk\/it\/servizi\/diritto-personale\/occupazione\/status-e-diritti-dei-dipendenti\/\">Continua<\/a><\/p>","protected":false},"author":1,"featured_media":496,"parent":478,"menu_order":0,"comment_status":"closed","ping_status":"closed","template":"tier3-template.blade.php","meta":{"_acf_changed":false,"om_disable_all_campaigns":false,"_uf_show_specific_survey":0,"_uf_disable_surveys":false,"footnotes":""},"class_list":["post-528","page","type-page","status-publish","has-post-thumbnail","hentry"],"acf":[],"aioseo_notices":[],"yoast_head":"<!-- This site is optimized with the Yoast SEO plugin v27.2 - https:\/\/yoast.com\/product\/yoast-seo-wordpress\/ -->\n<title>Employee Status and Rights - RFB Legal<\/title>\n<meta name=\"description\" content=\"We have a wealth of experience in advising on the full range of issues faced by employers and employees.This includes matters relating to unfair\" \/>\n<meta name=\"robots\" content=\"index, follow, max-snippet:-1, max-image-preview:large, max-video-preview:-1\" \/>\n<link rel=\"canonical\" href=\"https:\/\/rfblegal.co.uk\/it\/servizi\/diritto-personale\/occupazione\/status-e-diritti-dei-dipendenti\/\" \/>\n<meta property=\"og:locale\" content=\"it_IT\" \/>\n<meta property=\"og:type\" content=\"article\" \/>\n<meta property=\"og:title\" content=\"Employee Status and Rights - RFB Legal\" \/>\n<meta property=\"og:description\" content=\"We have a wealth of experience in advising on the full range of issues faced by employers and employees.This includes matters relating to unfair\" \/>\n<meta property=\"og:url\" content=\"https:\/\/rfblegal.co.uk\/it\/servizi\/diritto-personale\/occupazione\/status-e-diritti-dei-dipendenti\/\" \/>\n<meta property=\"og:site_name\" content=\"RFB Legal\" \/>\n<meta property=\"article:publisher\" content=\"https:\/\/www.facebook.com\/RFBLegal\/\" \/>\n<meta property=\"article:modified_time\" content=\"2024-02-02T11:22:44+00:00\" \/>\n<meta property=\"og:image\" content=\"https:\/\/rfblegal.co.uk\/wp-content\/uploads\/2023\/12\/kt-likes-coffee-PP7DbxeRjLM-unsplash.jpg\" \/>\n\t<meta property=\"og:image:width\" content=\"1920\" \/>\n\t<meta property=\"og:image:height\" content=\"1440\" \/>\n\t<meta property=\"og:image:type\" content=\"image\/jpeg\" \/>\n<meta name=\"twitter:card\" content=\"summary_large_image\" \/>\n<meta name=\"twitter:label1\" content=\"Est. reading time\" \/>\n\t<meta name=\"twitter:data1\" content=\"2 minuti\" \/>\n<script type=\"application\/ld+json\" class=\"yoast-schema-graph\">{\"@context\":\"https:\/\/schema.org\",\"@graph\":[{\"@type\":\"WebPage\",\"@id\":\"https:\/\/rfblegal.co.uk\/services\/personal-law\/employment\/employee-status-and-rights\/\",\"url\":\"https:\/\/rfblegal.co.uk\/services\/personal-law\/employment\/employee-status-and-rights\/\",\"name\":\"Employee Status and Rights - RFB Legal\",\"isPartOf\":{\"@id\":\"https:\/\/rfblegal.co.uk\/#website\"},\"primaryImageOfPage\":{\"@id\":\"https:\/\/rfblegal.co.uk\/services\/personal-law\/employment\/employee-status-and-rights\/#primaryimage\"},\"image\":{\"@id\":\"https:\/\/rfblegal.co.uk\/services\/personal-law\/employment\/employee-status-and-rights\/#primaryimage\"},\"thumbnailUrl\":\"https:\/\/rfblegal.co.uk\/wp-content\/uploads\/2023\/12\/kt-likes-coffee-PP7DbxeRjLM-unsplash.jpg\",\"datePublished\":\"2023-12-27T14:49:06+00:00\",\"dateModified\":\"2024-02-02T11:22:44+00:00\",\"description\":\"We have a wealth of experience in advising on the full range of issues faced by employers and employees.This includes matters relating to unfair\",\"breadcrumb\":{\"@id\":\"https:\/\/rfblegal.co.uk\/services\/personal-law\/employment\/employee-status-and-rights\/#breadcrumb\"},\"inLanguage\":\"it-IT\",\"potentialAction\":[{\"@type\":\"ReadAction\",\"target\":[\"https:\/\/rfblegal.co.uk\/services\/personal-law\/employment\/employee-status-and-rights\/\"]}]},{\"@type\":\"ImageObject\",\"inLanguage\":\"it-IT\",\"@id\":\"https:\/\/rfblegal.co.uk\/services\/personal-law\/employment\/employee-status-and-rights\/#primaryimage\",\"url\":\"https:\/\/rfblegal.co.uk\/wp-content\/uploads\/2023\/12\/kt-likes-coffee-PP7DbxeRjLM-unsplash.jpg\",\"contentUrl\":\"https:\/\/rfblegal.co.uk\/wp-content\/uploads\/2023\/12\/kt-likes-coffee-PP7DbxeRjLM-unsplash.jpg\",\"width\":1920,\"height\":1440},{\"@type\":\"BreadcrumbList\",\"@id\":\"https:\/\/rfblegal.co.uk\/services\/personal-law\/employment\/employee-status-and-rights\/#breadcrumb\",\"itemListElement\":[{\"@type\":\"ListItem\",\"position\":1,\"name\":\"Home\",\"item\":\"https:\/\/rfblegal.co.uk\/\"},{\"@type\":\"ListItem\",\"position\":2,\"name\":\"Services\",\"item\":\"https:\/\/rfblegal.co.uk\/services\/\"},{\"@type\":\"ListItem\",\"position\":3,\"name\":\"Personal Law Services\",\"item\":\"https:\/\/rfblegal.co.uk\/services\/personal-law\/\"},{\"@type\":\"ListItem\",\"position\":4,\"name\":\"Employment\",\"item\":\"https:\/\/rfblegal.co.uk\/services\/personal-law\/employment\/\"},{\"@type\":\"ListItem\",\"position\":5,\"name\":\"Employee Status and Rights\"}]},{\"@type\":\"WebSite\",\"@id\":\"https:\/\/rfblegal.co.uk\/#website\",\"url\":\"https:\/\/rfblegal.co.uk\/\",\"name\":\"RFB Legal\",\"description\":\"\",\"publisher\":{\"@id\":\"https:\/\/rfblegal.co.uk\/#organization\"},\"potentialAction\":[{\"@type\":\"SearchAction\",\"target\":{\"@type\":\"EntryPoint\",\"urlTemplate\":\"https:\/\/rfblegal.co.uk\/?s={search_term_string}\"},\"query-input\":{\"@type\":\"PropertyValueSpecification\",\"valueRequired\":true,\"valueName\":\"search_term_string\"}}],\"inLanguage\":\"it-IT\"},{\"@type\":\"Organization\",\"@id\":\"https:\/\/rfblegal.co.uk\/#organization\",\"name\":\"RFB Legal\",\"url\":\"https:\/\/rfblegal.co.uk\/\",\"logo\":{\"@type\":\"ImageObject\",\"inLanguage\":\"it-IT\",\"@id\":\"https:\/\/rfblegal.co.uk\/#\/schema\/logo\/image\/\",\"url\":\"https:\/\/rfblegal.co.uk\/wp-content\/uploads\/2024\/01\/header_company_logo.svg\",\"contentUrl\":\"https:\/\/rfblegal.co.uk\/wp-content\/uploads\/2024\/01\/header_company_logo.svg\",\"caption\":\"RFB Legal\"},\"image\":{\"@id\":\"https:\/\/rfblegal.co.uk\/#\/schema\/logo\/image\/\"},\"sameAs\":[\"https:\/\/www.facebook.com\/RFBLegal\/\",\"https:\/\/www.linkedin.com\/uas\/login?session_redirect=company2012282\",\"https:\/\/www.instagram.com\/rfb_legal\/\"]}]}<\/script>\n<!-- \/ Yoast SEO plugin. -->","yoast_head_json":{"title":"Stato e diritti dei dipendenti - RFB Legal","description":"Abbiamo un'ampia esperienza nella consulenza su tutta la gamma di questioni affrontate dai datori di lavoro e dai dipendenti, tra cui le questioni relative a","robots":{"index":"index","follow":"follow","max-snippet":"max-snippet:-1","max-image-preview":"max-image-preview:large","max-video-preview":"max-video-preview:-1"},"canonical":"https:\/\/rfblegal.co.uk\/it\/servizi\/diritto-personale\/occupazione\/status-e-diritti-dei-dipendenti\/","og_locale":"it_IT","og_type":"article","og_title":"Employee Status and Rights - RFB Legal","og_description":"We have a wealth of experience in advising on the full range of issues faced by employers and employees.This includes matters relating to unfair","og_url":"https:\/\/rfblegal.co.uk\/it\/servizi\/diritto-personale\/occupazione\/status-e-diritti-dei-dipendenti\/","og_site_name":"RFB Legal","article_publisher":"https:\/\/www.facebook.com\/RFBLegal\/","article_modified_time":"2024-02-02T11:22:44+00:00","og_image":[{"width":1920,"height":1440,"url":"https:\/\/rfblegal.co.uk\/wp-content\/uploads\/2023\/12\/kt-likes-coffee-PP7DbxeRjLM-unsplash.jpg","type":"image\/jpeg"}],"twitter_card":"summary_large_image","twitter_misc":{"Est. reading time":"2 minuti"},"schema":{"@context":"https:\/\/schema.org","@graph":[{"@type":"WebPage","@id":"https:\/\/rfblegal.co.uk\/services\/personal-law\/employment\/employee-status-and-rights\/","url":"https:\/\/rfblegal.co.uk\/services\/personal-law\/employment\/employee-status-and-rights\/","name":"Stato e diritti dei dipendenti - RFB Legal","isPartOf":{"@id":"https:\/\/rfblegal.co.uk\/#website"},"primaryImageOfPage":{"@id":"https:\/\/rfblegal.co.uk\/services\/personal-law\/employment\/employee-status-and-rights\/#primaryimage"},"image":{"@id":"https:\/\/rfblegal.co.uk\/services\/personal-law\/employment\/employee-status-and-rights\/#primaryimage"},"thumbnailUrl":"https:\/\/rfblegal.co.uk\/wp-content\/uploads\/2023\/12\/kt-likes-coffee-PP7DbxeRjLM-unsplash.jpg","datePublished":"2023-12-27T14:49:06+00:00","dateModified":"2024-02-02T11:22:44+00:00","description":"Abbiamo un'ampia esperienza nella consulenza su tutta la gamma di questioni affrontate dai datori di lavoro e dai dipendenti, tra cui le questioni relative a","breadcrumb":{"@id":"https:\/\/rfblegal.co.uk\/services\/personal-law\/employment\/employee-status-and-rights\/#breadcrumb"},"inLanguage":"it-IT","potentialAction":[{"@type":"ReadAction","target":["https:\/\/rfblegal.co.uk\/services\/personal-law\/employment\/employee-status-and-rights\/"]}]},{"@type":"ImageObject","inLanguage":"it-IT","@id":"https:\/\/rfblegal.co.uk\/services\/personal-law\/employment\/employee-status-and-rights\/#primaryimage","url":"https:\/\/rfblegal.co.uk\/wp-content\/uploads\/2023\/12\/kt-likes-coffee-PP7DbxeRjLM-unsplash.jpg","contentUrl":"https:\/\/rfblegal.co.uk\/wp-content\/uploads\/2023\/12\/kt-likes-coffee-PP7DbxeRjLM-unsplash.jpg","width":1920,"height":1440},{"@type":"BreadcrumbList","@id":"https:\/\/rfblegal.co.uk\/services\/personal-law\/employment\/employee-status-and-rights\/#breadcrumb","itemListElement":[{"@type":"ListItem","position":1,"name":"Home","item":"https:\/\/rfblegal.co.uk\/"},{"@type":"ListItem","position":2,"name":"Services","item":"https:\/\/rfblegal.co.uk\/services\/"},{"@type":"ListItem","position":3,"name":"Personal Law Services","item":"https:\/\/rfblegal.co.uk\/services\/personal-law\/"},{"@type":"ListItem","position":4,"name":"Employment","item":"https:\/\/rfblegal.co.uk\/services\/personal-law\/employment\/"},{"@type":"ListItem","position":5,"name":"Employee Status and Rights"}]},{"@type":"WebSite","@id":"https:\/\/rfblegal.co.uk\/#website","url":"https:\/\/rfblegal.co.uk\/","name":"RFB Legale","description":"","publisher":{"@id":"https:\/\/rfblegal.co.uk\/#organization"},"potentialAction":[{"@type":"SearchAction","target":{"@type":"EntryPoint","urlTemplate":"https:\/\/rfblegal.co.uk\/?s={search_term_string}"},"query-input":{"@type":"PropertyValueSpecification","valueRequired":true,"valueName":"search_term_string"}}],"inLanguage":"it-IT"},{"@type":"Organization","@id":"https:\/\/rfblegal.co.uk\/#organization","name":"RFB Legale","url":"https:\/\/rfblegal.co.uk\/","logo":{"@type":"ImageObject","inLanguage":"it-IT","@id":"https:\/\/rfblegal.co.uk\/#\/schema\/logo\/image\/","url":"https:\/\/rfblegal.co.uk\/wp-content\/uploads\/2024\/01\/header_company_logo.svg","contentUrl":"https:\/\/rfblegal.co.uk\/wp-content\/uploads\/2024\/01\/header_company_logo.svg","caption":"RFB Legal"},"image":{"@id":"https:\/\/rfblegal.co.uk\/#\/schema\/logo\/image\/"},"sameAs":["https:\/\/www.facebook.com\/RFBLegal\/","https:\/\/www.linkedin.com\/uas\/login?session_redirect=company2012282","https:\/\/www.instagram.com\/rfb_legal\/"]}]}},"_links":{"self":[{"href":"https:\/\/rfblegal.co.uk\/it\/wp-json\/wp\/v2\/pages\/528","targetHints":{"allow":["GET"]}}],"collection":[{"href":"https:\/\/rfblegal.co.uk\/it\/wp-json\/wp\/v2\/pages"}],"about":[{"href":"https:\/\/rfblegal.co.uk\/it\/wp-json\/wp\/v2\/types\/page"}],"author":[{"embeddable":true,"href":"https:\/\/rfblegal.co.uk\/it\/wp-json\/wp\/v2\/users\/1"}],"replies":[{"embeddable":true,"href":"https:\/\/rfblegal.co.uk\/it\/wp-json\/wp\/v2\/comments?post=528"}],"version-history":[{"count":0,"href":"https:\/\/rfblegal.co.uk\/it\/wp-json\/wp\/v2\/pages\/528\/revisions"}],"up":[{"embeddable":true,"href":"https:\/\/rfblegal.co.uk\/it\/wp-json\/wp\/v2\/pages\/478"}],"wp:featuredmedia":[{"embeddable":true,"href":"https:\/\/rfblegal.co.uk\/it\/wp-json\/wp\/v2\/media\/496"}],"wp:attachment":[{"href":"https:\/\/rfblegal.co.uk\/it\/wp-json\/wp\/v2\/media?parent=528"}],"curies":[{"name":"wp","href":"https:\/\/api.w.org\/{rel}","templated":true}]}}