{"id":2621,"date":"2024-02-21T17:30:55","date_gmt":"2024-02-21T17:30:55","guid":{"rendered":"https:\/\/rfblegal.co.uk\/?page_id=2621"},"modified":"2026-03-26T10:59:23","modified_gmt":"2026-03-26T10:59:23","slug":"fusioni-e-ristrutturazioni","status":"publish","type":"page","link":"https:\/\/rfblegal.co.uk\/it\/servizi\/diritto-commerciale\/azienda-aziendale\/fusioni-e-ristrutturazioni\/","title":{"rendered":"Fusioni e acquisizioni"},"content":{"rendered":"<h2 class=\"wp-block-heading\"><strong>Servizi per fusioni e acquisizioni<\/strong><\/h2>\n\n\n\n<p>La crescita dell'azienda pu\u00f2 essere ottenuta attraverso varie strategie. Alcuni optano per una crescita organica, vincendo gare d'appalto, ampliando la sede e la forza lavoro e aumentando la capacit\u00e0 di fatturato, ma questo approccio pu\u00f2 essere lento. In alternativa, acquisizioni dirette o fusioni con aziende complementari e simili possono portare a una crescita pi\u00f9 rapida.<\/p>\n\n\n\n<p>In Ronald Fletcher Baker siamo consapevoli che i clienti hanno diversi livelli di esperienza con gli aspetti legali dell'acquisto, della vendita o della cessione di un'azienda. Che siate esperti in queste materie o che cerchiate una consulenza specialistica per la prima volta, il nostro pluripremiato team \u00e8 qui per assistervi. Abbiamo assistito con successo numerosi clienti nella vendita e nell'acquisto di un'azienda, assicurandovi una guida esperta e adatta alla vostra situazione.<\/p>\n\n\n\n<h2 class=\"wp-block-heading\"><strong>Il nostro approccio<\/strong><\/h2>\n\n\n\n<p>Collaboriamo a stretto contatto con i clienti, i contabili e i finanziatori per identificare i rischi e trovare le giuste soluzioni, il tutto rispettando il budget e le scadenze. La nostra reputazione di fornire una solida consulenza legale \u00e8 accompagnata da un modo di fare accessibile e pragmatico. Con uffici a Londra e in altre citt\u00e0 chiave <a href=\"https:\/\/rfblegal.co.uk\/it\/posizione\/\">luoghi<\/a>, I nostri avvocati specializzati in fusioni e acquisizioni vantano una vasta esperienza nella consulenza a societ\u00e0 di vari settori in materia di acquisizioni e cessioni di imprese.<\/p>\n\n\n\n<h2 class=\"wp-block-heading\"><strong>Comprendere le acquisizioni<\/strong><\/h2>\n\n\n\n<p>Un'acquisizione comporta l'acquisto di un'azienda da parte di un'altra, in genere attraverso l'acquisto di azioni o di attivit\u00e0.<\/p>\n\n\n\n<ul class=\"wp-block-list\">\n<li><strong>Acquisto di azioni<\/strong>: Acquisizione dell'intero capitale sociale di un'altra societ\u00e0, che mantiene tutte le sue attivit\u00e0 commerciali e patrimoniali. Ci\u00f2 pu\u00f2 portare alla formazione di un gruppo, in cui l'azienda target diventa una filiale dell'acquirente, mantenendo tutte le sue attivit\u00e0 e passivit\u00e0.<\/li>\n\n\n\n<li><strong>Acquisto di attivit\u00e0<\/strong>: Acquisizione di attivit\u00e0 e passivit\u00e0 specifiche di un'altra societ\u00e0, che consente l'acquisizione selettiva di componenti di valore senza assumere l'intera entit\u00e0.<\/li>\n<\/ul>\n\n\n\n<p>Al contrario, la vendita di un'azienda o l'acquisizione di attivit\u00e0 comporta l'acquisto di alcune attivit\u00e0 o di tutte le attivit\u00e0 che compongono l'azienda, piuttosto che l'acquisto dell'intero capitale sociale di una societ\u00e0.<\/p>\n\n\n\n<h2 class=\"wp-block-heading\"><strong>Che cosa \u00e8 meglio: l'acquisto di azioni o l'acquisto di attivit\u00e0?<\/strong><\/h2>\n\n\n\n<ul class=\"wp-block-list\">\n<li><strong>Acquisto di azioni<\/strong>: Questo metodo consente di mantenere la continuit\u00e0 delle operazioni commerciali, con tutti i clienti, i termini e le condizioni, i dipendenti, le propriet\u00e0, ecc. Tuttavia, mantiene anche le responsabilit\u00e0, rendendo cruciale la due diligence. Nel contratto sono necessarie ampie garanzie e indennit\u00e0 per far fronte a eventuali responsabilit\u00e0 non dichiarate o inattese, in particolare in materia fiscale, poich\u00e9 si eredita la posizione fiscale storica dell'azienda.<\/li>\n\n\n\n<li><strong>Acquisto di attivit\u00e0<\/strong>: Questa soluzione pu\u00f2 essere pi\u00f9 dispendiosa, in quanto richiede il trasferimento di tutte le attivit\u00e0, la cessione di contratti, il trasferimento di propriet\u00e0 e la conformit\u00e0 alla legislazione in materia (comunemente definita trasferimento TUPE). Tuttavia, consente l'acquisizione selettiva di beni, riducendo i rischi di responsabilit\u00e0. La due diligence rimane importante per garantire l'acquisizione di tutto il necessario per la gestione dell'azienda.<\/li>\n<\/ul>\n\n\n\n<p>In definitiva, la strada giusta dipende dalla propensione al rischio dell'acquirente e dalle intenzioni ed esigenze commerciali della transazione.<\/p>\n\n\n\n<h2 class=\"wp-block-heading\"><strong>Capire le fusioni<\/strong><\/h2>\n\n\n\n<p>Una fusione \u00e8 diversa da un'acquisizione in quanto comporta il consolidamento di due aziende in una sola. Questa operazione pu\u00f2 assumere varie forme, come un'acquisizione iniziale seguita dall'acquisizione di azioni dell'acquirente da parte dell'azionista venditore, dallo spostamento di attivit\u00e0 all'interno del gruppo o dalla formazione di una holding che acquisisce azioni di entrambe le societ\u00e0 per creare una struttura di gruppo.<\/p>\n\n\n\n<p>La chiave per il successo di una fusione \u00e8 trovare la struttura giusta per l'azienda e assicurarsi che rifletta il modo in cui l'azienda vuole operare dopo la fusione. La struttura commerciale deve essere considerata insieme alle implicazioni legali e fiscali, con l'autorizzazione dell'HMRC potenzialmente necessaria per evitare conseguenze fiscali impreviste.<\/p>\n\n\n\n<p>La due diligence \u00e8 essenziale in una fusione: entrambe le parti devono condurre indagini approfondite per garantire una transizione senza intoppi.<\/p>\n\n\n\n<h2 class=\"wp-block-heading\"><strong>Perch\u00e9 intraprendere un'acquisizione o una fusione?<\/strong><\/h2>\n\n\n\n<p>Un'acquisizione o una fusione possono espandere rapidamente la vostra attivit\u00e0, fornendo attrezzature, personale, locali e clienti chiave. Offre una maggiore esposizione e un accesso immediato a un'attivit\u00e0 ampliata, spesso pi\u00f9 rapidamente della crescita organica. Ad esempio, l'acquisizione di un ramo di distribuzione pu\u00f2 fornire vantaggi diretti che vanno oltre gli accordi esistenti.<\/p>\n\n\n\n<p>Le acquisizioni o le fusioni possono anche ampliare l'offerta di servizi o portare al proprio interno alcuni aspetti dell'attivit\u00e0, acquisendo competenze che migliorano le operazioni esistenti. Ad esempio, un'impresa di costruzioni potrebbe acquisire un'azienda di gru per servire i propri progetti e offrire servizi di gru ad altri.<\/p>\n\n\n\n<h2 class=\"wp-block-heading\"><strong>Contro delle acquisizioni o delle fusioni<\/strong><\/h2>\n\n\n\n<p>Le transazioni comportano dei rischi, mitigati dalla due diligence, dagli indennizzi e dalle garanzie, ma non eliminati del tutto. Possono essere sconvolgenti, soprattutto nel caso di acquisizioni di sole attivit\u00e0 o di aziende, che richiedono un'integrazione e una sinergia fluide tra le imprese. L'allineamento della cultura del luogo di lavoro \u00e8 fondamentale per evitare il fallimento della transizione.<\/p>\n\n\n\n<p>Il finanziamento \u00e8 un fattore chiave, con costi iniziali per acquisti, tasse e onorari professionali. La scelta dell'obiettivo giusto \u00e8 essenziale per evitare un esborso finanziario significativo senza benefici a lungo termine.<\/p>\n\n\n\n<h2 class=\"wp-block-heading\"><strong>Perch\u00e9 avete bisogno di un avvocato specializzato in diritto societario e commerciale?<\/strong><\/h2>\n\n\n\n<p>L'espansione dell'azienda attraverso una fusione o un'acquisizione \u00e8 ad alto rischio. Il vostro legale vi assister\u00e0 con:<\/p>\n\n\n\n<ul class=\"wp-block-list\">\n<li><strong>Due Diligence<\/strong>: Oltre alla due diligence commerciale, la comprensione della struttura legale, dei rapporti contrattuali, della conformit\u00e0 e dell'impatto della transazione.<\/li>\n\n\n\n<li><strong>Contratti<\/strong>: Preparazione e negoziazione di documenti vincolanti, tra cui accordi di acquisto di azioni, accordi di vendita di aziende, verbali del consiglio di amministrazione, risoluzioni, avvisi formali, rinunce, cessioni, trasferimenti di propriet\u00e0, dichiarazioni della Companies House, procure e indennit\u00e0.<\/li>\n\n\n\n<li><strong>Divulgazione<\/strong>: Revisione e consulenza sulle informazioni formali fornite dal venditore, in genere in una Disclosure Letter, per notificare all'acquirente le questioni incompatibili con le garanzie richieste.<\/li>\n<\/ul>\n\n\n\n<p>Questi sono solo alcuni esempi del supporto che il vostro legale vi fornir\u00e0. Si consulter\u00e0 con voi durante l'intero processo, discuter\u00e0 le varie opzioni, collaborer\u00e0 con gli altri consulenti professionali, commenter\u00e0 la liquidazione delle imposte da un punto di vista legale, produrr\u00e0 gli heads of terms, consiglier\u00e0 i finanziamenti e i documenti di sicurezza necessari e vi assister\u00e0 nelle questioni successive al completamento dell'operazione, come l'allineamento dei contratti, la gestione di eventuali ristrutturazioni del personale derivanti dall'operazione e lo spostamento delle attivit\u00e0 all'interno del gruppo, se necessario.&nbsp;<\/p>\n\n\n\n<p>Quando scegliete un legale, assicuratevi di affidarvi a uno studio che abbia le competenze commerciali necessarie per supportare ogni aspetto della vostra transazione, che conosca il settore e le sue idiosincrasie e che possa collaborare con voi e con gli altri consulenti professionali per adottare un approccio commerciale, comprendendo il quadro generale e i vostri obiettivi finali.<\/p>\n\n\n\n<p>L'azienda e i settori commerciale, occupazionale e <a href=\"https:\/\/rfblegal.co.uk\/it\/servizi\/diritto-commerciale\/contenzioso-commerciale\/controversie-in-materia-di-proprieta-commerciale\/\">Propriet\u00e0 commerciale<\/a> I team di Ronald Fletcher Baker sono nella posizione ideale per fornire consulenza e assistenza in caso di acquisizioni o fusioni che stiate considerando. Lavoriamo insieme e con i vostri altri consulenti professionali per assicurarvi tutto il supporto necessario per la vostra transazione.<\/p>\n\n\n\n<p>Per un colloquio iniziale riservato e non vincolante su come possiamo aiutarvi, contattate il team Corporate and Commercial al numero <a href=\"tel:020 7613 1402\">020 7613 1402<\/a>.<\/p>","protected":false},"excerpt":{"rendered":"<p>Mergers and Acquisitions Services Growing your business can be achieved through various strategies. While some opt for organic growth by winning tenders, expanding premises and workforce, and increasing turnover capacity, this approach can be slow. Alternatively, direct acquisitions or mergers with complementary and similar businesses can lead to more rapid growth. At Ronald Fletcher Baker, &hellip; <a href=\"https:\/\/rfblegal.co.uk\/it\/servizi\/diritto-commerciale\/azienda-aziendale\/fusioni-e-ristrutturazioni\/\">Continua<\/a><\/p>","protected":false},"author":1,"featured_media":3714,"parent":2597,"menu_order":0,"comment_status":"closed","ping_status":"closed","template":"tier3-template.blade.php","meta":{"_acf_changed":false,"om_disable_all_campaigns":false,"_uf_show_specific_survey":0,"_uf_disable_surveys":false,"footnotes":""},"class_list":["post-2621","page","type-page","status-publish","has-post-thumbnail","hentry"],"acf":[],"aioseo_notices":[],"yoast_head":"<!-- This site is optimized with the Yoast SEO plugin v27.2 - https:\/\/yoast.com\/product\/yoast-seo-wordpress\/ -->\n<title>Mergers &amp; Acquisitions - RFB Legal<\/title>\n<meta name=\"description\" content=\"Mergers and Acquisitions Services Growing your business can be achieved through various strategies. While some opt for organic growth by winning tenders,\" \/>\n<meta name=\"robots\" content=\"index, follow, max-snippet:-1, max-image-preview:large, max-video-preview:-1\" \/>\n<link rel=\"canonical\" href=\"https:\/\/rfblegal.co.uk\/it\/servizi\/diritto-commerciale\/azienda-aziendale\/fusioni-e-ristrutturazioni\/\" \/>\n<meta property=\"og:locale\" content=\"it_IT\" \/>\n<meta property=\"og:type\" content=\"article\" \/>\n<meta property=\"og:title\" content=\"Mergers &amp; Acquisitions - RFB Legal\" \/>\n<meta property=\"og:description\" content=\"Mergers and Acquisitions Services Growing your business can be achieved through various strategies. While some opt for organic growth by winning tenders,\" \/>\n<meta property=\"og:url\" content=\"https:\/\/rfblegal.co.uk\/it\/servizi\/diritto-commerciale\/azienda-aziendale\/fusioni-e-ristrutturazioni\/\" \/>\n<meta property=\"og:site_name\" content=\"RFB Legal\" \/>\n<meta property=\"article:publisher\" content=\"https:\/\/www.facebook.com\/RFBLegal\/\" \/>\n<meta property=\"article:modified_time\" content=\"2026-03-26T10:59:23+00:00\" \/>\n<meta property=\"og:image\" content=\"https:\/\/rfblegal.co.uk\/wp-content\/uploads\/2024\/02\/72aa47db-62bc-444f-bb73-5698b1592d56.jpeg\" \/>\n\t<meta property=\"og:image:width\" content=\"1920\" \/>\n\t<meta property=\"og:image:height\" content=\"854\" \/>\n\t<meta property=\"og:image:type\" content=\"image\/jpeg\" \/>\n<meta name=\"twitter:card\" content=\"summary_large_image\" \/>\n<meta name=\"twitter:label1\" content=\"Est. reading time\" \/>\n\t<meta name=\"twitter:data1\" content=\"5 minuti\" \/>\n<script type=\"application\/ld+json\" class=\"yoast-schema-graph\">{\"@context\":\"https:\/\/schema.org\",\"@graph\":[{\"@type\":\"WebPage\",\"@id\":\"https:\/\/rfblegal.co.uk\/services\/business-law\/business-corporate\/mergers-and-restructuring\/\",\"url\":\"https:\/\/rfblegal.co.uk\/services\/business-law\/business-corporate\/mergers-and-restructuring\/\",\"name\":\"Mergers &amp; Acquisitions - RFB Legal\",\"isPartOf\":{\"@id\":\"https:\/\/rfblegal.co.uk\/#website\"},\"primaryImageOfPage\":{\"@id\":\"https:\/\/rfblegal.co.uk\/services\/business-law\/business-corporate\/mergers-and-restructuring\/#primaryimage\"},\"image\":{\"@id\":\"https:\/\/rfblegal.co.uk\/services\/business-law\/business-corporate\/mergers-and-restructuring\/#primaryimage\"},\"thumbnailUrl\":\"https:\/\/rfblegal.co.uk\/wp-content\/uploads\/2024\/02\/72aa47db-62bc-444f-bb73-5698b1592d56.jpeg\",\"datePublished\":\"2024-02-21T17:30:55+00:00\",\"dateModified\":\"2026-03-26T10:59:23+00:00\",\"description\":\"Mergers and Acquisitions Services Growing your business can be achieved through various strategies. While some opt for organic growth by winning tenders,\",\"breadcrumb\":{\"@id\":\"https:\/\/rfblegal.co.uk\/services\/business-law\/business-corporate\/mergers-and-restructuring\/#breadcrumb\"},\"inLanguage\":\"it-IT\",\"potentialAction\":[{\"@type\":\"ReadAction\",\"target\":[\"https:\/\/rfblegal.co.uk\/services\/business-law\/business-corporate\/mergers-and-restructuring\/\"]}]},{\"@type\":\"ImageObject\",\"inLanguage\":\"it-IT\",\"@id\":\"https:\/\/rfblegal.co.uk\/services\/business-law\/business-corporate\/mergers-and-restructuring\/#primaryimage\",\"url\":\"https:\/\/rfblegal.co.uk\/wp-content\/uploads\/2024\/02\/72aa47db-62bc-444f-bb73-5698b1592d56.jpeg\",\"contentUrl\":\"https:\/\/rfblegal.co.uk\/wp-content\/uploads\/2024\/02\/72aa47db-62bc-444f-bb73-5698b1592d56.jpeg\",\"width\":1920,\"height\":854},{\"@type\":\"BreadcrumbList\",\"@id\":\"https:\/\/rfblegal.co.uk\/services\/business-law\/business-corporate\/mergers-and-restructuring\/#breadcrumb\",\"itemListElement\":[{\"@type\":\"ListItem\",\"position\":1,\"name\":\"Home\",\"item\":\"https:\/\/rfblegal.co.uk\/\"},{\"@type\":\"ListItem\",\"position\":2,\"name\":\"Services\",\"item\":\"https:\/\/rfblegal.co.uk\/services\/\"},{\"@type\":\"ListItem\",\"position\":3,\"name\":\"Business Law\",\"item\":\"https:\/\/rfblegal.co.uk\/services\/business-law\/\"},{\"@type\":\"ListItem\",\"position\":4,\"name\":\"Business &#8211; Corporate\",\"item\":\"https:\/\/rfblegal.co.uk\/services\/business-law\/business-corporate\/\"},{\"@type\":\"ListItem\",\"position\":5,\"name\":\"Mergers &amp; Acquisitions\"}]},{\"@type\":\"WebSite\",\"@id\":\"https:\/\/rfblegal.co.uk\/#website\",\"url\":\"https:\/\/rfblegal.co.uk\/\",\"name\":\"RFB Legal\",\"description\":\"\",\"publisher\":{\"@id\":\"https:\/\/rfblegal.co.uk\/#organization\"},\"potentialAction\":[{\"@type\":\"SearchAction\",\"target\":{\"@type\":\"EntryPoint\",\"urlTemplate\":\"https:\/\/rfblegal.co.uk\/?s={search_term_string}\"},\"query-input\":{\"@type\":\"PropertyValueSpecification\",\"valueRequired\":true,\"valueName\":\"search_term_string\"}}],\"inLanguage\":\"it-IT\"},{\"@type\":\"Organization\",\"@id\":\"https:\/\/rfblegal.co.uk\/#organization\",\"name\":\"RFB Legal\",\"url\":\"https:\/\/rfblegal.co.uk\/\",\"logo\":{\"@type\":\"ImageObject\",\"inLanguage\":\"it-IT\",\"@id\":\"https:\/\/rfblegal.co.uk\/#\/schema\/logo\/image\/\",\"url\":\"https:\/\/rfblegal.co.uk\/wp-content\/uploads\/2024\/01\/header_company_logo.svg\",\"contentUrl\":\"https:\/\/rfblegal.co.uk\/wp-content\/uploads\/2024\/01\/header_company_logo.svg\",\"caption\":\"RFB Legal\"},\"image\":{\"@id\":\"https:\/\/rfblegal.co.uk\/#\/schema\/logo\/image\/\"},\"sameAs\":[\"https:\/\/www.facebook.com\/RFBLegal\/\",\"https:\/\/www.linkedin.com\/uas\/login?session_redirect=company2012282\",\"https:\/\/www.instagram.com\/rfb_legal\/\"]}]}<\/script>\n<!-- \/ Yoast SEO plugin. -->","yoast_head_json":{"title":"Fusioni e acquisizioni - RFB Legal","description":"Servizi di fusione e acquisizione La crescita dell'azienda pu\u00f2 essere ottenuta attraverso diverse strategie. Alcuni optano per la crescita organica vincendo gare d'appalto,","robots":{"index":"index","follow":"follow","max-snippet":"max-snippet:-1","max-image-preview":"max-image-preview:large","max-video-preview":"max-video-preview:-1"},"canonical":"https:\/\/rfblegal.co.uk\/it\/servizi\/diritto-commerciale\/azienda-aziendale\/fusioni-e-ristrutturazioni\/","og_locale":"it_IT","og_type":"article","og_title":"Mergers &amp; Acquisitions - RFB Legal","og_description":"Mergers and Acquisitions Services Growing your business can be achieved through various strategies. While some opt for organic growth by winning tenders,","og_url":"https:\/\/rfblegal.co.uk\/it\/servizi\/diritto-commerciale\/azienda-aziendale\/fusioni-e-ristrutturazioni\/","og_site_name":"RFB Legal","article_publisher":"https:\/\/www.facebook.com\/RFBLegal\/","article_modified_time":"2026-03-26T10:59:23+00:00","og_image":[{"width":1920,"height":854,"url":"https:\/\/rfblegal.co.uk\/wp-content\/uploads\/2024\/02\/72aa47db-62bc-444f-bb73-5698b1592d56.jpeg","type":"image\/jpeg"}],"twitter_card":"summary_large_image","twitter_misc":{"Est. reading time":"5 minuti"},"schema":{"@context":"https:\/\/schema.org","@graph":[{"@type":"WebPage","@id":"https:\/\/rfblegal.co.uk\/services\/business-law\/business-corporate\/mergers-and-restructuring\/","url":"https:\/\/rfblegal.co.uk\/services\/business-law\/business-corporate\/mergers-and-restructuring\/","name":"Fusioni e acquisizioni - RFB Legal","isPartOf":{"@id":"https:\/\/rfblegal.co.uk\/#website"},"primaryImageOfPage":{"@id":"https:\/\/rfblegal.co.uk\/services\/business-law\/business-corporate\/mergers-and-restructuring\/#primaryimage"},"image":{"@id":"https:\/\/rfblegal.co.uk\/services\/business-law\/business-corporate\/mergers-and-restructuring\/#primaryimage"},"thumbnailUrl":"https:\/\/rfblegal.co.uk\/wp-content\/uploads\/2024\/02\/72aa47db-62bc-444f-bb73-5698b1592d56.jpeg","datePublished":"2024-02-21T17:30:55+00:00","dateModified":"2026-03-26T10:59:23+00:00","description":"Servizi di fusione e acquisizione La crescita dell'azienda pu\u00f2 essere ottenuta attraverso diverse strategie. Alcuni optano per la crescita organica vincendo gare d'appalto,","breadcrumb":{"@id":"https:\/\/rfblegal.co.uk\/services\/business-law\/business-corporate\/mergers-and-restructuring\/#breadcrumb"},"inLanguage":"it-IT","potentialAction":[{"@type":"ReadAction","target":["https:\/\/rfblegal.co.uk\/services\/business-law\/business-corporate\/mergers-and-restructuring\/"]}]},{"@type":"ImageObject","inLanguage":"it-IT","@id":"https:\/\/rfblegal.co.uk\/services\/business-law\/business-corporate\/mergers-and-restructuring\/#primaryimage","url":"https:\/\/rfblegal.co.uk\/wp-content\/uploads\/2024\/02\/72aa47db-62bc-444f-bb73-5698b1592d56.jpeg","contentUrl":"https:\/\/rfblegal.co.uk\/wp-content\/uploads\/2024\/02\/72aa47db-62bc-444f-bb73-5698b1592d56.jpeg","width":1920,"height":854},{"@type":"BreadcrumbList","@id":"https:\/\/rfblegal.co.uk\/services\/business-law\/business-corporate\/mergers-and-restructuring\/#breadcrumb","itemListElement":[{"@type":"ListItem","position":1,"name":"Home","item":"https:\/\/rfblegal.co.uk\/"},{"@type":"ListItem","position":2,"name":"Services","item":"https:\/\/rfblegal.co.uk\/services\/"},{"@type":"ListItem","position":3,"name":"Business Law","item":"https:\/\/rfblegal.co.uk\/services\/business-law\/"},{"@type":"ListItem","position":4,"name":"Business &#8211; Corporate","item":"https:\/\/rfblegal.co.uk\/services\/business-law\/business-corporate\/"},{"@type":"ListItem","position":5,"name":"Mergers &amp; Acquisitions"}]},{"@type":"WebSite","@id":"https:\/\/rfblegal.co.uk\/#website","url":"https:\/\/rfblegal.co.uk\/","name":"RFB Legale","description":"","publisher":{"@id":"https:\/\/rfblegal.co.uk\/#organization"},"potentialAction":[{"@type":"SearchAction","target":{"@type":"EntryPoint","urlTemplate":"https:\/\/rfblegal.co.uk\/?s={search_term_string}"},"query-input":{"@type":"PropertyValueSpecification","valueRequired":true,"valueName":"search_term_string"}}],"inLanguage":"it-IT"},{"@type":"Organization","@id":"https:\/\/rfblegal.co.uk\/#organization","name":"RFB Legale","url":"https:\/\/rfblegal.co.uk\/","logo":{"@type":"ImageObject","inLanguage":"it-IT","@id":"https:\/\/rfblegal.co.uk\/#\/schema\/logo\/image\/","url":"https:\/\/rfblegal.co.uk\/wp-content\/uploads\/2024\/01\/header_company_logo.svg","contentUrl":"https:\/\/rfblegal.co.uk\/wp-content\/uploads\/2024\/01\/header_company_logo.svg","caption":"RFB Legal"},"image":{"@id":"https:\/\/rfblegal.co.uk\/#\/schema\/logo\/image\/"},"sameAs":["https:\/\/www.facebook.com\/RFBLegal\/","https:\/\/www.linkedin.com\/uas\/login?session_redirect=company2012282","https:\/\/www.instagram.com\/rfb_legal\/"]}]}},"_links":{"self":[{"href":"https:\/\/rfblegal.co.uk\/it\/wp-json\/wp\/v2\/pages\/2621","targetHints":{"allow":["GET"]}}],"collection":[{"href":"https:\/\/rfblegal.co.uk\/it\/wp-json\/wp\/v2\/pages"}],"about":[{"href":"https:\/\/rfblegal.co.uk\/it\/wp-json\/wp\/v2\/types\/page"}],"author":[{"embeddable":true,"href":"https:\/\/rfblegal.co.uk\/it\/wp-json\/wp\/v2\/users\/1"}],"replies":[{"embeddable":true,"href":"https:\/\/rfblegal.co.uk\/it\/wp-json\/wp\/v2\/comments?post=2621"}],"version-history":[{"count":1,"href":"https:\/\/rfblegal.co.uk\/it\/wp-json\/wp\/v2\/pages\/2621\/revisions"}],"predecessor-version":[{"id":9083,"href":"https:\/\/rfblegal.co.uk\/it\/wp-json\/wp\/v2\/pages\/2621\/revisions\/9083"}],"up":[{"embeddable":true,"href":"https:\/\/rfblegal.co.uk\/it\/wp-json\/wp\/v2\/pages\/2597"}],"wp:featuredmedia":[{"embeddable":true,"href":"https:\/\/rfblegal.co.uk\/it\/wp-json\/wp\/v2\/media\/3714"}],"wp:attachment":[{"href":"https:\/\/rfblegal.co.uk\/it\/wp-json\/wp\/v2\/media?parent=2621"}],"curies":[{"name":"wp","href":"https:\/\/api.w.org\/{rel}","templated":true}]}}