{"id":2509,"date":"2024-02-21T16:24:06","date_gmt":"2024-02-21T16:24:06","guid":{"rendered":"https:\/\/rfblegal.co.uk\/?page_id=2509"},"modified":"2024-04-24T11:44:43","modified_gmt":"2024-04-24T11:44:43","slug":"insolvenza","status":"publish","type":"page","link":"https:\/\/rfblegal.co.uk\/it\/servizi\/diritto-commerciale\/contenzioso-commerciale\/insolvenza\/","title":{"rendered":"Insolvenza"},"content":{"rendered":"<h2 class=\"wp-block-heading has-2-xl-font-size\" style=\"padding-top:var(--wp--preset--spacing--20);padding-bottom:var(--wp--preset--spacing--20);font-style:normal;font-weight:600\">Insolvenza<\/h2>\n\n\n\n<h4 class=\"wp-block-heading has-lg-font-size\" style=\"padding-top:var(--wp--preset--spacing--20);padding-bottom:var(--wp--preset--spacing--20);font-style:normal;font-weight:500\"><strong>L'insolvenza pu\u00f2 essere un'area confusa e tecnica che pu\u00f2 influenzare tutti gli aspetti della vita personale e aziendale. Ronald Fletcher Baker ha una competenza specialistica in questo campo e una conoscenza industriale di come l'insolvenza possa avere un impatto sui vari settori del commercio.\u00a0<\/strong><\/h4>\n\n\n\n<p style=\"padding-top:var(--wp--preset--spacing--20);padding-bottom:var(--wp--preset--spacing--20)\">Abbiamo esperienza nella gestione di entrambi gli aspetti del contenzioso in materia di insolvenza per privati, societ\u00e0 e curatori fallimentari. L'obiettivo del dipartimento \u00e8 quello di rendere il pi\u00f9 semplice possibile quello che pu\u00f2 essere un processo stressante.&nbsp;<\/p>\n\n\n\n<p style=\"padding-top:var(--wp--preset--spacing--20);padding-bottom:var(--wp--preset--spacing--20)\">Quando si agisce per i creditori, la conoscenza della gamma di procedure concorsuali disponibili e del modo in cui esse influiscono singolarmente sul credito di un creditore \u00e8 fondamentale per ottenere un vantaggio nel contenzioso. Agire tempestivamente in un processo di insolvenza pu\u00f2 ampliare le opzioni a disposizione dei creditori. In effetti, l'attuazione di una procedura d'insolvenza nei confronti del debitore pu\u00f2 spesso essere non solo necessaria, ma anche un metodo efficace per costringere il debitore ad affrontare il debito.&nbsp;<\/p>\n\n\n\n<p style=\"padding-top:var(--wp--preset--spacing--20);padding-bottom:var(--wp--preset--spacing--20)\">Siamo anche incaricati dai curatori fallimentari di perseguire potenziali procedimenti di interdizione degli amministratori e di transazione antecedente a beneficio dei creditori. Abbiamo anche esperienza nella gestione di richieste di risarcimento da parte di congiunti nei confronti di amministratori.&nbsp;<\/p>\n\n\n\n<p style=\"padding-top:var(--wp--preset--spacing--20);padding-bottom:var(--wp--preset--spacing--20)\">Abbiamo una vasta esperienza nell'assistenza ai debitori che desiderano opporsi alle procedure di insolvenza. Presentiamo regolarmente istanze di annullamento di richieste legali personali e ingiunzioni per prevenire istanze di liquidazione. \u00c8 importante che i debitori non ignorino le procedure d'insolvenza e si attivino per opporsi alle stesse o per avviare trattative per piani di pagamento.&nbsp;<\/p>\n\n\n\n<p style=\"padding-top:var(--wp--preset--spacing--20);padding-bottom:var(--wp--preset--spacing--20)\">\t\t\t\t\t\t<style>\r\n\t\t\t\t<style>\r\n#wpsm_accordion_3109 .wpsm_panel-heading{\r\n\tpadding:0px !important;\r\n}\r\n#wpsm_accordion_3109 .wpsm_panel-title {\r\n\tmargin:0px !important; \r\n\ttext-transform:none !important;\r\n\tline-height: 1 !important;\r\n}\r\n#wpsm_accordion_3109 .wpsm_panel-title a{\r\n\ttext-decoration:none;\r\n\toverflow:hidden;\r\n\tdisplay:block;\r\n\tpadding:0px;\r\n\tfont-size: 18px !important;\r\n\tfont-family: Open Sans !important;\r\n\tcolor:#000000 !important;\r\n\tborder-bottom:0px !important;\r\n}\r\n\r\n#wpsm_accordion_3109 .wpsm_panel-title a:focus {\r\noutline: 0px !important;\r\n}\r\n\r\n#wpsm_accordion_3109 .wpsm_panel-title a:hover, #wpsm_accordion_3109 .wpsm_panel-title a:focus {\r\n\tcolor:#000000 !important;\r\n}\r\n#wpsm_accordion_3109 .acc-a{\r\n\tcolor: #000000 !important;\r\n\tbackground-color:#e8e8e8 !important;\r\n\tborder-color: #ddd;\r\n}\r\n#wpsm_accordion_3109 .wpsm_panel-default > .wpsm_panel-heading{\r\n\tcolor: #000000 !important;\r\n\tbackground-color: #e8e8e8 !important;\r\n\tborder-color: #e8e8e8 !important;\r\n\tborder-top-left-radius: 0px;\r\n\tborder-top-right-radius: 0px;\r\n}\r\n#wpsm_accordion_3109 .wpsm_panel-default {\r\n\t\tborder:1px solid transparent !important;\r\n\t}\r\n#wpsm_accordion_3109 {\r\n\tmargin-bottom: 20px;\r\n\toverflow: hidden;\r\n\tfloat: none;\r\n\twidth: 100%;\r\n\tdisplay: block;\r\n}\r\n#wpsm_accordion_3109 .ac_title_class{\r\n\tdisplay: block;\r\n\tpadding-top: 12px;\r\n\tpadding-bottom: 12px;\r\n\tpadding-left: 15px;\r\n\tpadding-right: 15px;\r\n}\r\n#wpsm_accordion_3109  .wpsm_panel {\r\n\toverflow:hidden;\r\n\t-webkit-box-shadow: 0 0px 0px rgba(0, 0, 0, .05);\r\n\tbox-shadow: 0 0px 0px rgba(0, 0, 0, .05);\r\n\t\tborder-radius: 4px;\r\n\t}\r\n#wpsm_accordion_3109  .wpsm_panel + .wpsm_panel {\r\n\t\tmargin-top: 5px;\r\n\t}\r\n#wpsm_accordion_3109  .wpsm_panel-body{\r\n\tbackground-color:#ffffff !important;\r\n\tcolor:#000000 !important;\r\n\tborder-top-color: #e8e8e8 !important;\r\n\tfont-size:16px !important;\r\n\tfont-family: Open Sans !important;\r\n\toverflow: hidden;\r\n\t\tborder: 2px solid #e8e8e8 !important;\r\n\t}\r\n\r\n#wpsm_accordion_3109 .ac_open_cl_icon{\r\n\tbackground-color:#e8e8e8 !important;\r\n\tcolor: #000000 !important;\r\n\tfloat:right !important;\r\n\tpadding-top: 12px !important;\r\n\tpadding-bottom: 12px !important;\r\n\tline-height: 1.0 !important;\r\n\tpadding-left: 15px !important;\r\n\tpadding-right: 15px !important;\r\n\tdisplay: inline-block !important;\r\n}\r\n\r\n\t\t\t\r\n\t\t\t<\/style>\t\r\n\t\t\t<\/style>\r\n\t\t\t<div class=\"wpsm_panel-group\" id=\"wpsm_accordion_3109\" >\r\n\t\t\t\t\t\t\t\t\r\n\t\t\t\t\t<!-- Inner panel Start -->\r\n\t\t\t\t\t<div class=\"wpsm_panel wpsm_panel-default\">\r\n\t\t\t\t\t\t<div class=\"wpsm_panel-heading\" role=\"tab\" >\r\n\t\t\t\t\t\t  <h4 class=\"wpsm_panel-title\">\r\n\t\t\t\t\t\t\t<a  class=\"\"  data-toggle=\"collapse\" data-parent=\"#wpsm_accordion_3109 \" href=\"javascript:void(0)\" data-target=\"#ac_3109_collapse1\" onclick=\"do_resize()\">\r\n\t\t\t\t\t\t\t\t\t\t\t\t\t\t\t\t\t<span class=\"ac_open_cl_icon fa fa-minus\"><\/span>\r\n\t\t\t\t\t\t\t\t\t\r\n\t\t\t\t\t\t\t\t \r\n\t\t\t\t\t\t\t\t<span class=\"ac_title_class\">\r\n\t\t\t\t\t\t\t\t\tESPERIENZA :\t\t\t\t\t\t\t\t<\/span>\r\n\t\t\t\t\t\t\t<\/a>\r\n\t\t\t\t\t\t  <\/h4>\r\n\t\t\t\t\t\t<\/div>\r\n\t\t\t\t\t\t<div id=\"ac_3109_collapse1\" class=\"wpsm_panel-collapse collapse in\"  >\r\n\t\t\t\t\t\t  <div class=\"wpsm_panel-body\">\r\n\t\t\t\t\t\t\t<ul>\r\n \t<li>- Vendite e acquisti di beni di propriet\u00e0 e di terzi<\/li>\r\n \t<li>- Rifinanziamento di immobili<\/li>\r\n \t<li>- Trasferimento di capitale proprio<\/li>\r\n \t<li>- Vendite\/acquisti ad alto valore netto<\/li>\r\n \t<li>- Vendite\/acquisti all'asta<\/li>\r\n \t<li>- Schemi complessi di appartamenti e transazioni di locazione<\/li>\r\n<\/ul>\t\t\t\t\t\t  <\/div>\r\n\t\t\t\t\t\t<\/div>\r\n\t\t\t\t\t<\/div>\r\n\t\t\t\t\t<!-- Inner panel End -->\r\n\t\t\t\t\t\r\n\t\t\t\t\t\t\t<\/div>\r\n\t\t\t\r\n<script type=\"text\/javascript\">\r\n\t\r\n\t\tfunction do_resize(){\r\n\r\n\t\t\tvar width=jQuery( '.wpsm_panel .wpsm_panel-body iframe' ).width();\r\n\t\t\tvar height=jQuery( '.wpsm_panel .wpsm_panel-body iframe' ).height();\r\n\r\n\t\t\tvar toggleSize = true;\r\n\t\t\tjQuery('iframe').animate({\r\n\t\t\t    width: toggleSize ? width : 640,\r\n\t\t\t    height: toggleSize ? height : 360\r\n\t\t\t  }, 250);\r\n\r\n\t\t\t  toggleSize = !toggleSize;\r\n\t\t}\r\n\t\t\r\n<\/script>\t<\/p>","protected":false},"excerpt":{"rendered":"<p>Insolvency Insolvency can be a confusing and technical area that can affect all aspects of personal and business life. Ronald Fletcher Baker has specialist expertise in this field and\u00a0industry\u00a0knowledge of how insolvency\u00a0can impact the various sectors of\u00a0commerce.\u00a0 We have experience in dealing with both sides of insolvency litigation for individuals, corporate bodies, and insolvency practitioners. &hellip; <a href=\"https:\/\/rfblegal.co.uk\/it\/?p=3109\">Continua<\/a><\/p>","protected":false},"author":1,"featured_media":3093,"parent":2502,"menu_order":0,"comment_status":"closed","ping_status":"closed","template":"tier3-template.blade.php","meta":{"_acf_changed":false,"om_disable_all_campaigns":false,"_uf_show_specific_survey":0,"_uf_disable_surveys":false,"footnotes":""},"class_list":["post-2509","page","type-page","status-publish","has-post-thumbnail","hentry"],"acf":[],"aioseo_notices":[],"yoast_head":"<!-- This site is optimized with the Yoast SEO plugin v27.2 - https:\/\/yoast.com\/product\/yoast-seo-wordpress\/ -->\n<title>Insolvency - RFB Legal<\/title>\n<meta name=\"description\" content=\"Insolvency Insolvency can be a confusing and technical area that can affect all aspects of personal and business life. Ronald Fletcher Baker has\" \/>\n<meta name=\"robots\" content=\"index, follow, max-snippet:-1, max-image-preview:large, max-video-preview:-1\" \/>\n<link rel=\"canonical\" href=\"https:\/\/rfblegal.co.uk\/it\/servizi\/diritto-commerciale\/contenzioso-commerciale\/insolvenza\/\" \/>\n<meta property=\"og:locale\" content=\"it_IT\" \/>\n<meta property=\"og:type\" content=\"article\" \/>\n<meta property=\"og:title\" content=\"Insolvency - RFB Legal\" \/>\n<meta property=\"og:description\" content=\"Insolvency Insolvency can be a confusing and technical area that can affect all aspects of personal and business life. Ronald Fletcher Baker has\" \/>\n<meta property=\"og:url\" content=\"https:\/\/rfblegal.co.uk\/it\/servizi\/diritto-commerciale\/contenzioso-commerciale\/insolvenza\/\" \/>\n<meta property=\"og:site_name\" content=\"RFB Legal\" \/>\n<meta property=\"article:publisher\" content=\"https:\/\/www.facebook.com\/RFBLegal\/\" \/>\n<meta property=\"article:modified_time\" content=\"2024-04-24T11:44:43+00:00\" \/>\n<meta property=\"og:image\" content=\"https:\/\/rfblegal.co.uk\/wp-content\/uploads\/2024\/02\/Insolvency.jpg\" \/>\n\t<meta property=\"og:image:width\" content=\"1440\" \/>\n\t<meta property=\"og:image:height\" content=\"550\" \/>\n\t<meta property=\"og:image:type\" content=\"image\/jpeg\" \/>\n<meta name=\"twitter:card\" content=\"summary_large_image\" \/>\n<meta name=\"twitter:label1\" content=\"Est. reading time\" \/>\n\t<meta name=\"twitter:data1\" content=\"2 minuti\" \/>\n<script type=\"application\/ld+json\" class=\"yoast-schema-graph\">{\"@context\":\"https:\/\/schema.org\",\"@graph\":[{\"@type\":\"WebPage\",\"@id\":\"https:\/\/rfblegal.co.uk\/services\/business-law\/commercial-litigation\/insolvency\/\",\"url\":\"https:\/\/rfblegal.co.uk\/services\/business-law\/commercial-litigation\/insolvency\/\",\"name\":\"Insolvency - RFB Legal\",\"isPartOf\":{\"@id\":\"https:\/\/rfblegal.co.uk\/#website\"},\"primaryImageOfPage\":{\"@id\":\"https:\/\/rfblegal.co.uk\/services\/business-law\/commercial-litigation\/insolvency\/#primaryimage\"},\"image\":{\"@id\":\"https:\/\/rfblegal.co.uk\/services\/business-law\/commercial-litigation\/insolvency\/#primaryimage\"},\"thumbnailUrl\":\"https:\/\/rfblegal.co.uk\/wp-content\/uploads\/2024\/02\/Insolvency.jpg\",\"datePublished\":\"2024-02-21T16:24:06+00:00\",\"dateModified\":\"2024-04-24T11:44:43+00:00\",\"description\":\"Insolvency Insolvency can be a confusing and technical area that can affect all aspects of personal and business life. Ronald Fletcher Baker has\",\"breadcrumb\":{\"@id\":\"https:\/\/rfblegal.co.uk\/services\/business-law\/commercial-litigation\/insolvency\/#breadcrumb\"},\"inLanguage\":\"it-IT\",\"potentialAction\":[{\"@type\":\"ReadAction\",\"target\":[\"https:\/\/rfblegal.co.uk\/services\/business-law\/commercial-litigation\/insolvency\/\"]}]},{\"@type\":\"ImageObject\",\"inLanguage\":\"it-IT\",\"@id\":\"https:\/\/rfblegal.co.uk\/services\/business-law\/commercial-litigation\/insolvency\/#primaryimage\",\"url\":\"https:\/\/rfblegal.co.uk\/wp-content\/uploads\/2024\/02\/Insolvency.jpg\",\"contentUrl\":\"https:\/\/rfblegal.co.uk\/wp-content\/uploads\/2024\/02\/Insolvency.jpg\",\"width\":1440,\"height\":550},{\"@type\":\"BreadcrumbList\",\"@id\":\"https:\/\/rfblegal.co.uk\/services\/business-law\/commercial-litigation\/insolvency\/#breadcrumb\",\"itemListElement\":[{\"@type\":\"ListItem\",\"position\":1,\"name\":\"Home\",\"item\":\"https:\/\/rfblegal.co.uk\/\"},{\"@type\":\"ListItem\",\"position\":2,\"name\":\"Services\",\"item\":\"https:\/\/rfblegal.co.uk\/services\/\"},{\"@type\":\"ListItem\",\"position\":3,\"name\":\"Business Law\",\"item\":\"https:\/\/rfblegal.co.uk\/services\/business-law\/\"},{\"@type\":\"ListItem\",\"position\":4,\"name\":\"Commercial Litigation\",\"item\":\"https:\/\/rfblegal.co.uk\/services\/business-law\/commercial-litigation\/\"},{\"@type\":\"ListItem\",\"position\":5,\"name\":\"Insolvency\"}]},{\"@type\":\"WebSite\",\"@id\":\"https:\/\/rfblegal.co.uk\/#website\",\"url\":\"https:\/\/rfblegal.co.uk\/\",\"name\":\"RFB Legal\",\"description\":\"\",\"publisher\":{\"@id\":\"https:\/\/rfblegal.co.uk\/#organization\"},\"potentialAction\":[{\"@type\":\"SearchAction\",\"target\":{\"@type\":\"EntryPoint\",\"urlTemplate\":\"https:\/\/rfblegal.co.uk\/?s={search_term_string}\"},\"query-input\":{\"@type\":\"PropertyValueSpecification\",\"valueRequired\":true,\"valueName\":\"search_term_string\"}}],\"inLanguage\":\"it-IT\"},{\"@type\":\"Organization\",\"@id\":\"https:\/\/rfblegal.co.uk\/#organization\",\"name\":\"RFB Legal\",\"url\":\"https:\/\/rfblegal.co.uk\/\",\"logo\":{\"@type\":\"ImageObject\",\"inLanguage\":\"it-IT\",\"@id\":\"https:\/\/rfblegal.co.uk\/#\/schema\/logo\/image\/\",\"url\":\"https:\/\/rfblegal.co.uk\/wp-content\/uploads\/2024\/01\/header_company_logo.svg\",\"contentUrl\":\"https:\/\/rfblegal.co.uk\/wp-content\/uploads\/2024\/01\/header_company_logo.svg\",\"caption\":\"RFB Legal\"},\"image\":{\"@id\":\"https:\/\/rfblegal.co.uk\/#\/schema\/logo\/image\/\"},\"sameAs\":[\"https:\/\/www.facebook.com\/RFBLegal\/\",\"https:\/\/www.linkedin.com\/uas\/login?session_redirect=company2012282\",\"https:\/\/www.instagram.com\/rfb_legal\/\"]}]}<\/script>\n<!-- \/ Yoast SEO plugin. -->","yoast_head_json":{"title":"Insolvenza - RFB Legal","description":"Insolvenza L'insolvenza pu\u00f2 essere un settore confuso e tecnico che pu\u00f2 influenzare tutti gli aspetti della vita personale e aziendale. Ronald Fletcher Baker ha","robots":{"index":"index","follow":"follow","max-snippet":"max-snippet:-1","max-image-preview":"max-image-preview:large","max-video-preview":"max-video-preview:-1"},"canonical":"https:\/\/rfblegal.co.uk\/it\/servizi\/diritto-commerciale\/contenzioso-commerciale\/insolvenza\/","og_locale":"it_IT","og_type":"article","og_title":"Insolvency - RFB Legal","og_description":"Insolvency Insolvency can be a confusing and technical area that can affect all aspects of personal and business life. Ronald Fletcher Baker has","og_url":"https:\/\/rfblegal.co.uk\/it\/servizi\/diritto-commerciale\/contenzioso-commerciale\/insolvenza\/","og_site_name":"RFB Legal","article_publisher":"https:\/\/www.facebook.com\/RFBLegal\/","article_modified_time":"2024-04-24T11:44:43+00:00","og_image":[{"width":1440,"height":550,"url":"https:\/\/rfblegal.co.uk\/wp-content\/uploads\/2024\/02\/Insolvency.jpg","type":"image\/jpeg"}],"twitter_card":"summary_large_image","twitter_misc":{"Est. reading time":"2 minuti"},"schema":{"@context":"https:\/\/schema.org","@graph":[{"@type":"WebPage","@id":"https:\/\/rfblegal.co.uk\/services\/business-law\/commercial-litigation\/insolvency\/","url":"https:\/\/rfblegal.co.uk\/services\/business-law\/commercial-litigation\/insolvency\/","name":"Insolvenza - RFB Legal","isPartOf":{"@id":"https:\/\/rfblegal.co.uk\/#website"},"primaryImageOfPage":{"@id":"https:\/\/rfblegal.co.uk\/services\/business-law\/commercial-litigation\/insolvency\/#primaryimage"},"image":{"@id":"https:\/\/rfblegal.co.uk\/services\/business-law\/commercial-litigation\/insolvency\/#primaryimage"},"thumbnailUrl":"https:\/\/rfblegal.co.uk\/wp-content\/uploads\/2024\/02\/Insolvency.jpg","datePublished":"2024-02-21T16:24:06+00:00","dateModified":"2024-04-24T11:44:43+00:00","description":"Insolvenza L'insolvenza pu\u00f2 essere un settore confuso e tecnico che pu\u00f2 influenzare tutti gli aspetti della vita personale e aziendale. Ronald Fletcher Baker ha","breadcrumb":{"@id":"https:\/\/rfblegal.co.uk\/services\/business-law\/commercial-litigation\/insolvency\/#breadcrumb"},"inLanguage":"it-IT","potentialAction":[{"@type":"ReadAction","target":["https:\/\/rfblegal.co.uk\/services\/business-law\/commercial-litigation\/insolvency\/"]}]},{"@type":"ImageObject","inLanguage":"it-IT","@id":"https:\/\/rfblegal.co.uk\/services\/business-law\/commercial-litigation\/insolvency\/#primaryimage","url":"https:\/\/rfblegal.co.uk\/wp-content\/uploads\/2024\/02\/Insolvency.jpg","contentUrl":"https:\/\/rfblegal.co.uk\/wp-content\/uploads\/2024\/02\/Insolvency.jpg","width":1440,"height":550},{"@type":"BreadcrumbList","@id":"https:\/\/rfblegal.co.uk\/services\/business-law\/commercial-litigation\/insolvency\/#breadcrumb","itemListElement":[{"@type":"ListItem","position":1,"name":"Home","item":"https:\/\/rfblegal.co.uk\/"},{"@type":"ListItem","position":2,"name":"Services","item":"https:\/\/rfblegal.co.uk\/services\/"},{"@type":"ListItem","position":3,"name":"Business Law","item":"https:\/\/rfblegal.co.uk\/services\/business-law\/"},{"@type":"ListItem","position":4,"name":"Commercial Litigation","item":"https:\/\/rfblegal.co.uk\/services\/business-law\/commercial-litigation\/"},{"@type":"ListItem","position":5,"name":"Insolvency"}]},{"@type":"WebSite","@id":"https:\/\/rfblegal.co.uk\/#website","url":"https:\/\/rfblegal.co.uk\/","name":"RFB Legale","description":"","publisher":{"@id":"https:\/\/rfblegal.co.uk\/#organization"},"potentialAction":[{"@type":"SearchAction","target":{"@type":"EntryPoint","urlTemplate":"https:\/\/rfblegal.co.uk\/?s={search_term_string}"},"query-input":{"@type":"PropertyValueSpecification","valueRequired":true,"valueName":"search_term_string"}}],"inLanguage":"it-IT"},{"@type":"Organization","@id":"https:\/\/rfblegal.co.uk\/#organization","name":"RFB Legale","url":"https:\/\/rfblegal.co.uk\/","logo":{"@type":"ImageObject","inLanguage":"it-IT","@id":"https:\/\/rfblegal.co.uk\/#\/schema\/logo\/image\/","url":"https:\/\/rfblegal.co.uk\/wp-content\/uploads\/2024\/01\/header_company_logo.svg","contentUrl":"https:\/\/rfblegal.co.uk\/wp-content\/uploads\/2024\/01\/header_company_logo.svg","caption":"RFB Legal"},"image":{"@id":"https:\/\/rfblegal.co.uk\/#\/schema\/logo\/image\/"},"sameAs":["https:\/\/www.facebook.com\/RFBLegal\/","https:\/\/www.linkedin.com\/uas\/login?session_redirect=company2012282","https:\/\/www.instagram.com\/rfb_legal\/"]}]}},"_links":{"self":[{"href":"https:\/\/rfblegal.co.uk\/it\/wp-json\/wp\/v2\/pages\/2509","targetHints":{"allow":["GET"]}}],"collection":[{"href":"https:\/\/rfblegal.co.uk\/it\/wp-json\/wp\/v2\/pages"}],"about":[{"href":"https:\/\/rfblegal.co.uk\/it\/wp-json\/wp\/v2\/types\/page"}],"author":[{"embeddable":true,"href":"https:\/\/rfblegal.co.uk\/it\/wp-json\/wp\/v2\/users\/1"}],"replies":[{"embeddable":true,"href":"https:\/\/rfblegal.co.uk\/it\/wp-json\/wp\/v2\/comments?post=2509"}],"version-history":[{"count":0,"href":"https:\/\/rfblegal.co.uk\/it\/wp-json\/wp\/v2\/pages\/2509\/revisions"}],"up":[{"embeddable":true,"href":"https:\/\/rfblegal.co.uk\/it\/wp-json\/wp\/v2\/pages\/2502"}],"wp:featuredmedia":[{"embeddable":true,"href":"https:\/\/rfblegal.co.uk\/it\/wp-json\/wp\/v2\/media\/3093"}],"wp:attachment":[{"href":"https:\/\/rfblegal.co.uk\/it\/wp-json\/wp\/v2\/media?parent=2509"}],"curies":[{"name":"wp","href":"https:\/\/api.w.org\/{rel}","templated":true}]}}