{"id":2476,"date":"2024-02-21T16:14:04","date_gmt":"2024-02-21T16:14:04","guid":{"rendered":"https:\/\/rfblegal.co.uk\/?page_id=2476"},"modified":"2025-08-06T09:28:10","modified_gmt":"2025-08-06T09:28:10","slug":"contenzioso-immobiliare","status":"publish","type":"page","link":"https:\/\/rfblegal.co.uk\/it\/servizi\/diritto-commerciale\/contenzioso-immobiliare\/","title":{"rendered":"Contenzioso in materia di propriet\u00e0 commerciale"},"content":{"rendered":"<h2 class=\"wp-block-heading has-2-xl-font-size\" style=\"padding-top:var(--wp--preset--spacing--20);padding-bottom:var(--wp--preset--spacing--20);font-style:normal;font-weight:600\">Contenzioso in materia di propriet\u00e0 commerciale<\/h2>\n\n\n\n<h4 class=\"wp-block-heading has-lg-font-size\" style=\"padding-top:var(--wp--preset--spacing--20);padding-bottom:var(--wp--preset--spacing--20);font-style:normal;font-weight:500\"><strong>Il&nbsp;<em>\u2018Tecnicamente preparati, molto reattivi e strategici\u2019.\u2019<\/em>&nbsp;Il team di contenzioso immobiliare \u00e8 molto apprezzato nel settore.  Il team ha un talento eccezionale a tutti i livelli e i suoi partner sono leader in questioni relative a propriet\u00e0 commerciali, residenziali e a uso misto, occupanti aziendali, possesso avverso, concessione e servit\u00f9, compreso il contenzioso sul diritto alla luce.<\/strong><\/h4>\n\n\n\n<p style=\"padding-top:var(--wp--preset--spacing--20);padding-bottom:var(--wp--preset--spacing--20)\">We&nbsp;have built a reputation for being able to solve even seemingly intractable problems by taking novel and tactically astute approaches to disputes. Often sought out by asset managers, investors, social enterprises and charities, developers and individuals (including ultra-high net worth individuals) seeking assistance across both the residential and commercial spaces, the Team are regularly instructed in a variety of matters relating to: property portfolio work, development and redevelopments, such as vacant possession strategies, boundary disputes and forfeiture\/possession proceedings.<\/p>\n\n\n\n<p style=\"padding-top:var(--wp--preset--spacing--20);padding-bottom:var(--wp--preset--spacing--20)\">As highly skilled litigators,we are frequently instructed to litigate in the County Courts, High Courts, Tribunals, Court of Appeal, and Supreme Court. The Team are also acutely aware that litigating in the Courts and Tribunals is often a client\u2019s last resort and are well versed in all aspects of Alternative Dispute Resolution including resolving matters at a pre-action stage, engaging in mediation, expert determination, arbitration and other forms of Alternative Dispute Resolution.<\/p>\n\n\n\n<p style=\"padding-top:var(--wp--preset--spacing--20);padding-bottom:var(--wp--preset--spacing--20)\">I nostri clienti apprezzano la nostra esperienza, la conoscenza del settore e l'approccio collaborativo che ci permette di immergerci come parte integrante del loro team per raggiungere i loro obiettivi e fornire i risultati di cui hanno bisogno, indipendentemente dal calendario richiesto dal cliente e\/o dalle dimensioni e dalla complessit\u00e0 della controversia.<\/p>\n\n\n\n<p style=\"padding-top:var(--wp--preset--spacing--20);padding-bottom:var(--wp--preset--spacing--20)\">\t\t\t\t\t\t<style>\r\n\t\t\t\t<style>\r\n#wpsm_accordion_3028 .wpsm_panel-heading{\r\n\tpadding:0px !important;\r\n}\r\n#wpsm_accordion_3028 .wpsm_panel-title {\r\n\tmargin:0px !important; \r\n\ttext-transform:none !important;\r\n\tline-height: 1 !important;\r\n}\r\n#wpsm_accordion_3028 .wpsm_panel-title a{\r\n\ttext-decoration:none;\r\n\toverflow:hidden;\r\n\tdisplay:block;\r\n\tpadding:0px;\r\n\tfont-size: 18px !important;\r\n\tfont-family: Open Sans !important;\r\n\tcolor:#000000 !important;\r\n\tborder-bottom:0px !important;\r\n}\r\n\r\n#wpsm_accordion_3028 .wpsm_panel-title a:focus {\r\noutline: 0px !important;\r\n}\r\n\r\n#wpsm_accordion_3028 .wpsm_panel-title a:hover, #wpsm_accordion_3028 .wpsm_panel-title a:focus {\r\n\tcolor:#000000 !important;\r\n}\r\n#wpsm_accordion_3028 .acc-a{\r\n\tcolor: #000000 !important;\r\n\tbackground-color:#e8e8e8 !important;\r\n\tborder-color: #ddd;\r\n}\r\n#wpsm_accordion_3028 .wpsm_panel-default > .wpsm_panel-heading{\r\n\tcolor: #000000 !important;\r\n\tbackground-color: #e8e8e8 !important;\r\n\tborder-color: #e8e8e8 !important;\r\n\tborder-top-left-radius: 0px;\r\n\tborder-top-right-radius: 0px;\r\n}\r\n#wpsm_accordion_3028 .wpsm_panel-default {\r\n\t\tborder:1px solid transparent !important;\r\n\t}\r\n#wpsm_accordion_3028 {\r\n\tmargin-bottom: 20px;\r\n\toverflow: hidden;\r\n\tfloat: none;\r\n\twidth: 100%;\r\n\tdisplay: block;\r\n}\r\n#wpsm_accordion_3028 .ac_title_class{\r\n\tdisplay: block;\r\n\tpadding-top: 12px;\r\n\tpadding-bottom: 12px;\r\n\tpadding-left: 15px;\r\n\tpadding-right: 15px;\r\n}\r\n#wpsm_accordion_3028  .wpsm_panel {\r\n\toverflow:hidden;\r\n\t-webkit-box-shadow: 0 0px 0px rgba(0, 0, 0, .05);\r\n\tbox-shadow: 0 0px 0px rgba(0, 0, 0, .05);\r\n\t\tborder-radius: 4px;\r\n\t}\r\n#wpsm_accordion_3028  .wpsm_panel + .wpsm_panel {\r\n\t\tmargin-top: 5px;\r\n\t}\r\n#wpsm_accordion_3028  .wpsm_panel-body{\r\n\tbackground-color:#ffffff !important;\r\n\tcolor:#000000 !important;\r\n\tborder-top-color: #e8e8e8 !important;\r\n\tfont-size:16px !important;\r\n\tfont-family: Open Sans !important;\r\n\toverflow: hidden;\r\n\t\tborder: 2px solid #e8e8e8 !important;\r\n\t}\r\n\r\n#wpsm_accordion_3028 .ac_open_cl_icon{\r\n\tbackground-color:#e8e8e8 !important;\r\n\tcolor: #000000 !important;\r\n\tfloat:right !important;\r\n\tpadding-top: 12px !important;\r\n\tpadding-bottom: 12px !important;\r\n\tline-height: 1.0 !important;\r\n\tpadding-left: 15px !important;\r\n\tpadding-right: 15px !important;\r\n\tdisplay: inline-block !important;\r\n}\r\n\r\n\t\t\t\r\n\t\t\t<\/style>\t\r\n\t\t\t<\/style>\r\n\t\t\t<div class=\"wpsm_panel-group\" id=\"wpsm_accordion_3028\" >\r\n\t\t\t\t\t\t\t\t\r\n\t\t\t\t\t<!-- Inner panel Start -->\r\n\t\t\t\t\t<div class=\"wpsm_panel wpsm_panel-default\">\r\n\t\t\t\t\t\t<div class=\"wpsm_panel-heading\" role=\"tab\" >\r\n\t\t\t\t\t\t  <h4 class=\"wpsm_panel-title\">\r\n\t\t\t\t\t\t\t<a  class=\"\"  data-toggle=\"collapse\" data-parent=\"#wpsm_accordion_3028 \" href=\"javascript:void(0)\" data-target=\"#ac_3028_collapse1\" onclick=\"do_resize()\">\r\n\t\t\t\t\t\t\t\t\t\t\t\t\t\t\t\t\t<span class=\"ac_open_cl_icon fa fa-minus\"><\/span>\r\n\t\t\t\t\t\t\t\t\t\r\n\t\t\t\t\t\t\t\t \r\n\t\t\t\t\t\t\t\t<span class=\"ac_title_class\">\r\n\t\t\t\t\t\t\t\t\tESPERIENZA :\t\t\t\t\t\t\t\t<\/span>\r\n\t\t\t\t\t\t\t<\/a>\r\n\t\t\t\t\t\t  <\/h4>\r\n\t\t\t\t\t\t<\/div>\r\n\t\t\t\t\t\t<div id=\"ac_3028_collapse1\" class=\"wpsm_panel-collapse collapse in\"  >\r\n\t\t\t\t\t\t  <div class=\"wpsm_panel-body\">\r\n\t\t\t\t\t\t\t<ul>\r\n \t<li>- Arbitrato<\/li>\r\n \t<li>- Possesso avverso<\/li>\r\n \t<li>- Rinnovi di contratti di locazione contestati e non contestati<\/li>\r\n \t<li>- Richieste di risarcimento per dilapidazioni e\/o deterioramenti<\/li>\r\n \t<li>- Confisca<\/li>\r\n \t<li>- Controversie in materia di compropriet\u00e0<\/li>\r\n \t<li>- Controversie in materia di joint venture<\/li>\r\n \t<li>- Controversie sui muri divisori<\/li>\r\n \t<li>- Affrancamento di beni immobili e proroghe di contratti di locazione<\/li>\r\n \t<li>- Contenzioso tra locatore e inquilino (commerciale e residenziale)<\/li>\r\n \t<li>- Mediazione<\/li>\r\n \t<li>- Procedimento di possesso<\/li>\r\n \t<li>- Diritti di luce e diritti di passaggio<\/li>\r\n \t<li>- Controversie su canoni di servizio e affitti arretrati<\/li>\r\n \t<li>- Controversie in materia di telecomunicazioni<\/li>\r\n \t<li>- Strategie per il possesso di beni sfitti<\/li>\r\n \t<li><a href=\"https:\/\/rfblegal.co.uk\/index.php\/litigation\/property-litigation\/contentious-probate-litigation\">- Contenzioso in materia di successioni<\/a><\/li>\r\n \t<li><a href=\"https:\/\/rfblegal.co.uk\/index.php\/litigation\/property-litigation\/construction\">- Costruzione<\/a><\/li>\r\n \t<li>- Rinnovi di contratti di locazione ai sensi del Landlord and Tenant Act del 1954<\/li>\r\n<\/ul>\t\t\t\t\t\t  <\/div>\r\n\t\t\t\t\t\t<\/div>\r\n\t\t\t\t\t<\/div>\r\n\t\t\t\t\t<!-- Inner panel End -->\r\n\t\t\t\t\t\r\n\t\t\t\t\t\t\t<\/div>\r\n\t\t\t\r\n<script type=\"text\/javascript\">\r\n\t\r\n\t\tfunction do_resize(){\r\n\r\n\t\t\tvar width=jQuery( '.wpsm_panel .wpsm_panel-body iframe' ).width();\r\n\t\t\tvar height=jQuery( '.wpsm_panel .wpsm_panel-body iframe' ).height();\r\n\r\n\t\t\tvar toggleSize = true;\r\n\t\t\tjQuery('iframe').animate({\r\n\t\t\t    width: toggleSize ? width : 640,\r\n\t\t\t    height: toggleSize ? height : 360\r\n\t\t\t  }, 250);\r\n\r\n\t\t\t  toggleSize = !toggleSize;\r\n\t\t}\r\n\t\t\r\n<\/script>\t<\/p>","protected":false},"excerpt":{"rendered":"<p>Commercial Property litigation The&nbsp;&#8216;technically-minded, very responsive and strategic&#8217;&nbsp;Property Litigation Team are highly regarded in the industry.&nbsp; The Team are exceptionally talented at all levels with its partners being leaders in matters relating to Commercial, Residential and Mixed-use Property, Corporate Occupiers, Adverse Possession, Enfranchisement and Easements including right to light litigation. We&nbsp;have built a reputation for &hellip; <a href=\"https:\/\/rfblegal.co.uk\/it\/?p=3028\">Continua<\/a><\/p>","protected":false},"author":1,"featured_media":5857,"parent":429,"menu_order":0,"comment_status":"closed","ping_status":"closed","template":"tier2-template.blade.php","meta":{"_acf_changed":false,"om_disable_all_campaigns":false,"_uf_show_specific_survey":0,"_uf_disable_surveys":false,"footnotes":""},"class_list":["post-2476","page","type-page","status-publish","has-post-thumbnail","hentry"],"acf":[],"aioseo_notices":[],"yoast_head":"<!-- This site is optimized with the Yoast SEO plugin v27.2 - https:\/\/yoast.com\/product\/yoast-seo-wordpress\/ -->\n<title>Commercial Property Litigation - RFB Legal<\/title>\n<meta name=\"description\" content=\"Commercial Property litigation The&nbsp;&#039;technically-minded, very responsive and strategic&#039;&nbsp;Property Litigation Team are highly regarded in the\" \/>\n<meta name=\"robots\" content=\"index, follow, max-snippet:-1, max-image-preview:large, max-video-preview:-1\" \/>\n<link rel=\"canonical\" href=\"https:\/\/rfblegal.co.uk\/it\/servizi\/diritto-commerciale\/contenzioso-immobiliare\/\" \/>\n<meta property=\"og:locale\" content=\"it_IT\" \/>\n<meta property=\"og:type\" content=\"article\" \/>\n<meta property=\"og:title\" content=\"Commercial Property Litigation - RFB Legal\" \/>\n<meta property=\"og:description\" content=\"Commercial Property litigation The&nbsp;&#039;technically-minded, very responsive and strategic&#039;&nbsp;Property Litigation Team are highly regarded in the\" \/>\n<meta property=\"og:url\" content=\"https:\/\/rfblegal.co.uk\/it\/servizi\/diritto-commerciale\/contenzioso-immobiliare\/\" \/>\n<meta property=\"og:site_name\" content=\"RFB Legal\" \/>\n<meta property=\"article:publisher\" content=\"https:\/\/www.facebook.com\/RFBLegal\/\" \/>\n<meta property=\"article:modified_time\" content=\"2025-08-06T09:28:10+00:00\" \/>\n<meta property=\"og:image\" content=\"https:\/\/rfblegal.co.uk\/wp-content\/uploads\/2025\/03\/AdobeStock_1322515562.jpg\" \/>\n\t<meta property=\"og:image:width\" content=\"2016\" \/>\n\t<meta property=\"og:image:height\" content=\"1344\" \/>\n\t<meta property=\"og:image:type\" content=\"image\/jpeg\" \/>\n<meta name=\"twitter:card\" content=\"summary_large_image\" \/>\n<meta name=\"twitter:label1\" content=\"Est. reading time\" \/>\n\t<meta name=\"twitter:data1\" content=\"2 minuti\" \/>\n<script type=\"application\/ld+json\" class=\"yoast-schema-graph\">{\"@context\":\"https:\/\/schema.org\",\"@graph\":[{\"@type\":\"WebPage\",\"@id\":\"https:\/\/rfblegal.co.uk\/services\/business-law\/property-litigation-business\/\",\"url\":\"https:\/\/rfblegal.co.uk\/services\/business-law\/property-litigation-business\/\",\"name\":\"Commercial Property Litigation - RFB Legal\",\"isPartOf\":{\"@id\":\"https:\/\/rfblegal.co.uk\/#website\"},\"primaryImageOfPage\":{\"@id\":\"https:\/\/rfblegal.co.uk\/services\/business-law\/property-litigation-business\/#primaryimage\"},\"image\":{\"@id\":\"https:\/\/rfblegal.co.uk\/services\/business-law\/property-litigation-business\/#primaryimage\"},\"thumbnailUrl\":\"https:\/\/rfblegal.co.uk\/wp-content\/uploads\/2025\/03\/AdobeStock_1322515562.jpg\",\"datePublished\":\"2024-02-21T16:14:04+00:00\",\"dateModified\":\"2025-08-06T09:28:10+00:00\",\"description\":\"Commercial Property litigation The&nbsp;'technically-minded, very responsive and strategic'&nbsp;Property Litigation Team are highly regarded in the\",\"breadcrumb\":{\"@id\":\"https:\/\/rfblegal.co.uk\/services\/business-law\/property-litigation-business\/#breadcrumb\"},\"inLanguage\":\"it-IT\",\"potentialAction\":[{\"@type\":\"ReadAction\",\"target\":[\"https:\/\/rfblegal.co.uk\/services\/business-law\/property-litigation-business\/\"]}]},{\"@type\":\"ImageObject\",\"inLanguage\":\"it-IT\",\"@id\":\"https:\/\/rfblegal.co.uk\/services\/business-law\/property-litigation-business\/#primaryimage\",\"url\":\"https:\/\/rfblegal.co.uk\/wp-content\/uploads\/2025\/03\/AdobeStock_1322515562.jpg\",\"contentUrl\":\"https:\/\/rfblegal.co.uk\/wp-content\/uploads\/2025\/03\/AdobeStock_1322515562.jpg\",\"width\":2016,\"height\":1344},{\"@type\":\"BreadcrumbList\",\"@id\":\"https:\/\/rfblegal.co.uk\/services\/business-law\/property-litigation-business\/#breadcrumb\",\"itemListElement\":[{\"@type\":\"ListItem\",\"position\":1,\"name\":\"Home\",\"item\":\"https:\/\/rfblegal.co.uk\/\"},{\"@type\":\"ListItem\",\"position\":2,\"name\":\"Services\",\"item\":\"https:\/\/rfblegal.co.uk\/services\/\"},{\"@type\":\"ListItem\",\"position\":3,\"name\":\"Business Law\",\"item\":\"https:\/\/rfblegal.co.uk\/services\/business-law\/\"},{\"@type\":\"ListItem\",\"position\":4,\"name\":\"Commercial Property Litigation\"}]},{\"@type\":\"WebSite\",\"@id\":\"https:\/\/rfblegal.co.uk\/#website\",\"url\":\"https:\/\/rfblegal.co.uk\/\",\"name\":\"RFB Legal\",\"description\":\"\",\"publisher\":{\"@id\":\"https:\/\/rfblegal.co.uk\/#organization\"},\"potentialAction\":[{\"@type\":\"SearchAction\",\"target\":{\"@type\":\"EntryPoint\",\"urlTemplate\":\"https:\/\/rfblegal.co.uk\/?s={search_term_string}\"},\"query-input\":{\"@type\":\"PropertyValueSpecification\",\"valueRequired\":true,\"valueName\":\"search_term_string\"}}],\"inLanguage\":\"it-IT\"},{\"@type\":\"Organization\",\"@id\":\"https:\/\/rfblegal.co.uk\/#organization\",\"name\":\"RFB Legal\",\"url\":\"https:\/\/rfblegal.co.uk\/\",\"logo\":{\"@type\":\"ImageObject\",\"inLanguage\":\"it-IT\",\"@id\":\"https:\/\/rfblegal.co.uk\/#\/schema\/logo\/image\/\",\"url\":\"https:\/\/rfblegal.co.uk\/wp-content\/uploads\/2024\/01\/header_company_logo.svg\",\"contentUrl\":\"https:\/\/rfblegal.co.uk\/wp-content\/uploads\/2024\/01\/header_company_logo.svg\",\"caption\":\"RFB Legal\"},\"image\":{\"@id\":\"https:\/\/rfblegal.co.uk\/#\/schema\/logo\/image\/\"},\"sameAs\":[\"https:\/\/www.facebook.com\/RFBLegal\/\",\"https:\/\/www.linkedin.com\/uas\/login?session_redirect=company2012282\",\"https:\/\/www.instagram.com\/rfb_legal\/\"]}]}<\/script>\n<!-- \/ Yoast SEO plugin. -->","yoast_head_json":{"title":"Contenzioso in materia di propriet\u00e0 commerciale - RFB Legal","description":"Contenzioso in materia di propriet\u00e0 commerciale Il team di contenzioso in materia di propriet\u00e0, 'tecnicamente preparato, molto reattivo e strategico', \u00e8 molto apprezzato nell'ambito della","robots":{"index":"index","follow":"follow","max-snippet":"max-snippet:-1","max-image-preview":"max-image-preview:large","max-video-preview":"max-video-preview:-1"},"canonical":"https:\/\/rfblegal.co.uk\/it\/servizi\/diritto-commerciale\/contenzioso-immobiliare\/","og_locale":"it_IT","og_type":"article","og_title":"Commercial Property Litigation - RFB Legal","og_description":"Commercial Property litigation The&nbsp;'technically-minded, very responsive and strategic'&nbsp;Property Litigation Team are highly regarded in the","og_url":"https:\/\/rfblegal.co.uk\/it\/servizi\/diritto-commerciale\/contenzioso-immobiliare\/","og_site_name":"RFB Legal","article_publisher":"https:\/\/www.facebook.com\/RFBLegal\/","article_modified_time":"2025-08-06T09:28:10+00:00","og_image":[{"width":2016,"height":1344,"url":"https:\/\/rfblegal.co.uk\/wp-content\/uploads\/2025\/03\/AdobeStock_1322515562.jpg","type":"image\/jpeg"}],"twitter_card":"summary_large_image","twitter_misc":{"Est. reading time":"2 minuti"},"schema":{"@context":"https:\/\/schema.org","@graph":[{"@type":"WebPage","@id":"https:\/\/rfblegal.co.uk\/services\/business-law\/property-litigation-business\/","url":"https:\/\/rfblegal.co.uk\/services\/business-law\/property-litigation-business\/","name":"Contenzioso in materia di propriet\u00e0 commerciale - RFB Legal","isPartOf":{"@id":"https:\/\/rfblegal.co.uk\/#website"},"primaryImageOfPage":{"@id":"https:\/\/rfblegal.co.uk\/services\/business-law\/property-litigation-business\/#primaryimage"},"image":{"@id":"https:\/\/rfblegal.co.uk\/services\/business-law\/property-litigation-business\/#primaryimage"},"thumbnailUrl":"https:\/\/rfblegal.co.uk\/wp-content\/uploads\/2025\/03\/AdobeStock_1322515562.jpg","datePublished":"2024-02-21T16:14:04+00:00","dateModified":"2025-08-06T09:28:10+00:00","description":"Contenzioso in materia di propriet\u00e0 commerciale Il team di contenzioso in materia di propriet\u00e0, 'tecnicamente preparato, molto reattivo e strategico', \u00e8 molto apprezzato nell'ambito della","breadcrumb":{"@id":"https:\/\/rfblegal.co.uk\/services\/business-law\/property-litigation-business\/#breadcrumb"},"inLanguage":"it-IT","potentialAction":[{"@type":"ReadAction","target":["https:\/\/rfblegal.co.uk\/services\/business-law\/property-litigation-business\/"]}]},{"@type":"ImageObject","inLanguage":"it-IT","@id":"https:\/\/rfblegal.co.uk\/services\/business-law\/property-litigation-business\/#primaryimage","url":"https:\/\/rfblegal.co.uk\/wp-content\/uploads\/2025\/03\/AdobeStock_1322515562.jpg","contentUrl":"https:\/\/rfblegal.co.uk\/wp-content\/uploads\/2025\/03\/AdobeStock_1322515562.jpg","width":2016,"height":1344},{"@type":"BreadcrumbList","@id":"https:\/\/rfblegal.co.uk\/services\/business-law\/property-litigation-business\/#breadcrumb","itemListElement":[{"@type":"ListItem","position":1,"name":"Home","item":"https:\/\/rfblegal.co.uk\/"},{"@type":"ListItem","position":2,"name":"Services","item":"https:\/\/rfblegal.co.uk\/services\/"},{"@type":"ListItem","position":3,"name":"Business Law","item":"https:\/\/rfblegal.co.uk\/services\/business-law\/"},{"@type":"ListItem","position":4,"name":"Commercial Property Litigation"}]},{"@type":"WebSite","@id":"https:\/\/rfblegal.co.uk\/#website","url":"https:\/\/rfblegal.co.uk\/","name":"RFB Legale","description":"","publisher":{"@id":"https:\/\/rfblegal.co.uk\/#organization"},"potentialAction":[{"@type":"SearchAction","target":{"@type":"EntryPoint","urlTemplate":"https:\/\/rfblegal.co.uk\/?s={search_term_string}"},"query-input":{"@type":"PropertyValueSpecification","valueRequired":true,"valueName":"search_term_string"}}],"inLanguage":"it-IT"},{"@type":"Organization","@id":"https:\/\/rfblegal.co.uk\/#organization","name":"RFB Legale","url":"https:\/\/rfblegal.co.uk\/","logo":{"@type":"ImageObject","inLanguage":"it-IT","@id":"https:\/\/rfblegal.co.uk\/#\/schema\/logo\/image\/","url":"https:\/\/rfblegal.co.uk\/wp-content\/uploads\/2024\/01\/header_company_logo.svg","contentUrl":"https:\/\/rfblegal.co.uk\/wp-content\/uploads\/2024\/01\/header_company_logo.svg","caption":"RFB Legal"},"image":{"@id":"https:\/\/rfblegal.co.uk\/#\/schema\/logo\/image\/"},"sameAs":["https:\/\/www.facebook.com\/RFBLegal\/","https:\/\/www.linkedin.com\/uas\/login?session_redirect=company2012282","https:\/\/www.instagram.com\/rfb_legal\/"]}]}},"_links":{"self":[{"href":"https:\/\/rfblegal.co.uk\/it\/wp-json\/wp\/v2\/pages\/2476","targetHints":{"allow":["GET"]}}],"collection":[{"href":"https:\/\/rfblegal.co.uk\/it\/wp-json\/wp\/v2\/pages"}],"about":[{"href":"https:\/\/rfblegal.co.uk\/it\/wp-json\/wp\/v2\/types\/page"}],"author":[{"embeddable":true,"href":"https:\/\/rfblegal.co.uk\/it\/wp-json\/wp\/v2\/users\/1"}],"replies":[{"embeddable":true,"href":"https:\/\/rfblegal.co.uk\/it\/wp-json\/wp\/v2\/comments?post=2476"}],"version-history":[{"count":0,"href":"https:\/\/rfblegal.co.uk\/it\/wp-json\/wp\/v2\/pages\/2476\/revisions"}],"up":[{"embeddable":true,"href":"https:\/\/rfblegal.co.uk\/it\/wp-json\/wp\/v2\/pages\/429"}],"wp:featuredmedia":[{"embeddable":true,"href":"https:\/\/rfblegal.co.uk\/it\/wp-json\/wp\/v2\/media\/5857"}],"wp:attachment":[{"href":"https:\/\/rfblegal.co.uk\/it\/wp-json\/wp\/v2\/media?parent=2476"}],"curies":[{"name":"wp","href":"https:\/\/api.w.org\/{rel}","templated":true}]}}