{"id":2463,"date":"2024-02-21T16:03:28","date_gmt":"2024-02-21T16:03:28","guid":{"rendered":"https:\/\/rfblegal.co.uk\/?page_id=2463"},"modified":"2025-06-19T13:01:38","modified_gmt":"2025-06-19T13:01:38","slug":"sviluppo-immobiliare-commerciale","status":"publish","type":"page","link":"https:\/\/rfblegal.co.uk\/it\/servizi\/diritto-commerciale\/servizi-immobiliari-commerciali\/sviluppo-immobiliare-commerciale\/","title":{"rendered":"Sviluppo immobiliare commerciale"},"content":{"rendered":"<h2 class=\"wp-block-heading has-2-xl-font-size\" style=\"font-style:normal;font-weight:600\">Sviluppo immobiliare<\/h2>\n\n\n\n<h4 class=\"wp-block-heading has-lg-font-size\" style=\"padding-top:var(--wp--preset--spacing--20);padding-bottom:var(--wp--preset--spacing--20);font-style:normal;font-weight:500\"><strong>L'attivit\u00e0 di sviluppo immobiliare, sia che si tratti di un grande progetto a pi\u00f9 unit\u00e0 o semplicemente di un singolo lotto, pu\u00f2 essere un processo complesso e impegnativo.  Per questo motivo, \u00e8 necessaria la migliore consulenza legale per garantire che il processo si svolga nel modo pi\u00f9 fluido possibile dall'inizio alla fine.<\/strong><\/h4>\n\n\n\n<p style=\"padding-top:var(--wp--preset--spacing--20);padding-bottom:var(--wp--preset--spacing--20)\">We&nbsp;have a wealth of experience on commercial and residential sites, including the acquisition of land or existing buildings for redevelopment.<\/p>\n\n\n\n<p style=\"padding-top:var(--wp--preset--spacing--20);padding-bottom:var(--wp--preset--spacing--20)\">Con uffici a Londra (Baker Street e City), Manchester ed Exeter, disponiamo di avvocati specializzati che possono aiutarvi a soddisfare qualsiasi esigenza di sviluppo immobiliare in tutto il Regno Unito.<\/p>\n\n\n\n<p style=\"padding-top:var(--wp--preset--spacing--20);padding-bottom:var(--wp--preset--spacing--20)\">Consapevoli delle complessit\u00e0 che possono sorgere lungo il percorso, disponiamo di un solido team di avvocati in tutti i nostri quattro uffici che hanno le competenze necessarie per assistere i clienti in tutte le questioni relative allo sviluppo immobiliare a livello nazionale.<\/p>\n\n\n\n<p style=\"padding-top:var(--wp--preset--spacing--20);padding-bottom:var(--wp--preset--spacing--20)\">Siamo in grado di offrire un servizio completo sia per gli sviluppatori che per gli investitori, dall'acquisto iniziale del sito e dalla gestione dei requisiti finanziari, fino al completamento e alla consegna.<\/p>\n\n\n\n<p style=\"padding-top:var(--wp--preset--spacing--20);padding-bottom:var(--wp--preset--spacing--20)\">I clienti spaziano dagli investitori che cercano di acquistare immobili fuori piano e di nuova costruzione a quelli che desiderano accrescere il proprio portafoglio, fino agli sviluppatori che necessitano di una rappresentanza completa, che comprenda l'acquisto di terreni e la gestione di finanziamenti ponte e di sviluppo, nonch\u00e9 la vendita di lotti dopo il completamento.<\/p>\n\n\n\n<p style=\"padding-top:var(--wp--preset--spacing--20);padding-bottom:var(--wp--preset--spacing--20)\">Il nostro ufficio di Manchester ha recentemente assistito pi\u00f9 di 100 acquirenti che hanno acquistato appartamenti di nuova costruzione a Deansgate Square, uno dei pi\u00f9 grandi e prestigiosi complessi europei.<\/p>\n\n\n\n<p style=\"padding-top:var(--wp--preset--spacing--20);padding-bottom:var(--wp--preset--spacing--20)\">Una volta completata l'acquisizione del sito, possiamo fornire assistenza preparando pacchetti legali e redigendo modelli di contratti e locazioni.<\/p>\n\n\n\n<p style=\"padding-top:var(--wp--preset--spacing--20);padding-bottom:var(--wp--preset--spacing--20)\">Siamo anche in grado di gestire accordi non standard, come contratti di opzione e cessioni di contratti.<\/p>\n\n\n\n<p style=\"padding-top:var(--wp--preset--spacing--20);padding-bottom:var(--wp--preset--spacing--20)\">Siamo orgogliosi di offrire un servizio personalizzato e su misura, con un socio o un avvocato che assume la guida e rappresenta il punto di contatto principale.<\/p>\n\n\n\n<p style=\"padding-top:var(--wp--preset--spacing--20);padding-bottom:var(--wp--preset--spacing--20)\">\t\t\t\t\t\t<style>\r\n\t\t\t\t<style>\r\n#wpsm_accordion_3025 .wpsm_panel-heading{\r\n\tpadding:0px !important;\r\n}\r\n#wpsm_accordion_3025 .wpsm_panel-title {\r\n\tmargin:0px !important; \r\n\ttext-transform:none !important;\r\n\tline-height: 1 !important;\r\n}\r\n#wpsm_accordion_3025 .wpsm_panel-title a{\r\n\ttext-decoration:none;\r\n\toverflow:hidden;\r\n\tdisplay:block;\r\n\tpadding:0px;\r\n\tfont-size: 18px !important;\r\n\tfont-family: Open Sans !important;\r\n\tcolor:#000000 !important;\r\n\tborder-bottom:0px !important;\r\n}\r\n\r\n#wpsm_accordion_3025 .wpsm_panel-title a:focus {\r\noutline: 0px !important;\r\n}\r\n\r\n#wpsm_accordion_3025 .wpsm_panel-title a:hover, #wpsm_accordion_3025 .wpsm_panel-title a:focus {\r\n\tcolor:#000000 !important;\r\n}\r\n#wpsm_accordion_3025 .acc-a{\r\n\tcolor: #000000 !important;\r\n\tbackground-color:#e8e8e8 !important;\r\n\tborder-color: #ddd;\r\n}\r\n#wpsm_accordion_3025 .wpsm_panel-default > .wpsm_panel-heading{\r\n\tcolor: #000000 !important;\r\n\tbackground-color: #e8e8e8 !important;\r\n\tborder-color: #e8e8e8 !important;\r\n\tborder-top-left-radius: 0px;\r\n\tborder-top-right-radius: 0px;\r\n}\r\n#wpsm_accordion_3025 .wpsm_panel-default {\r\n\t\tborder:1px solid transparent !important;\r\n\t}\r\n#wpsm_accordion_3025 {\r\n\tmargin-bottom: 20px;\r\n\toverflow: hidden;\r\n\tfloat: none;\r\n\twidth: 100%;\r\n\tdisplay: block;\r\n}\r\n#wpsm_accordion_3025 .ac_title_class{\r\n\tdisplay: block;\r\n\tpadding-top: 12px;\r\n\tpadding-bottom: 12px;\r\n\tpadding-left: 15px;\r\n\tpadding-right: 15px;\r\n}\r\n#wpsm_accordion_3025  .wpsm_panel {\r\n\toverflow:hidden;\r\n\t-webkit-box-shadow: 0 0px 0px rgba(0, 0, 0, .05);\r\n\tbox-shadow: 0 0px 0px rgba(0, 0, 0, .05);\r\n\t\tborder-radius: 4px;\r\n\t}\r\n#wpsm_accordion_3025  .wpsm_panel + .wpsm_panel {\r\n\t\tmargin-top: 5px;\r\n\t}\r\n#wpsm_accordion_3025  .wpsm_panel-body{\r\n\tbackground-color:#ffffff !important;\r\n\tcolor:#000000 !important;\r\n\tborder-top-color: #e8e8e8 !important;\r\n\tfont-size:16px !important;\r\n\tfont-family: Open Sans !important;\r\n\toverflow: hidden;\r\n\t\tborder: 2px solid #e8e8e8 !important;\r\n\t}\r\n\r\n#wpsm_accordion_3025 .ac_open_cl_icon{\r\n\tbackground-color:#e8e8e8 !important;\r\n\tcolor: #000000 !important;\r\n\tfloat:right !important;\r\n\tpadding-top: 12px !important;\r\n\tpadding-bottom: 12px !important;\r\n\tline-height: 1.0 !important;\r\n\tpadding-left: 15px !important;\r\n\tpadding-right: 15px !important;\r\n\tdisplay: inline-block !important;\r\n}\r\n\r\n\t\t\t\r\n\t\t\t<\/style>\t\r\n\t\t\t<\/style>\r\n\t\t\t<div class=\"wpsm_panel-group\" id=\"wpsm_accordion_3025\" >\r\n\t\t\t\t\t\t\t\t\r\n\t\t\t\t\t<!-- Inner panel Start -->\r\n\t\t\t\t\t<div class=\"wpsm_panel wpsm_panel-default\">\r\n\t\t\t\t\t\t<div class=\"wpsm_panel-heading\" role=\"tab\" >\r\n\t\t\t\t\t\t  <h4 class=\"wpsm_panel-title\">\r\n\t\t\t\t\t\t\t<a  class=\"\"  data-toggle=\"collapse\" data-parent=\"#wpsm_accordion_3025 \" href=\"javascript:void(0)\" data-target=\"#ac_3025_collapse1\" onclick=\"do_resize()\">\r\n\t\t\t\t\t\t\t\t\t\t\t\t\t\t\t\t\t<span class=\"ac_open_cl_icon fa fa-minus\"><\/span>\r\n\t\t\t\t\t\t\t\t\t\r\n\t\t\t\t\t\t\t\t \r\n\t\t\t\t\t\t\t\t<span class=\"ac_title_class\">\r\n\t\t\t\t\t\t\t\t\tESPERIENZA :\t\t\t\t\t\t\t\t<\/span>\r\n\t\t\t\t\t\t\t<\/a>\r\n\t\t\t\t\t\t  <\/h4>\r\n\t\t\t\t\t\t<\/div>\r\n\t\t\t\t\t\t<div id=\"ac_3025_collapse1\" class=\"wpsm_panel-collapse collapse in\"  >\r\n\t\t\t\t\t\t  <div class=\"wpsm_panel-body\">\r\n\t\t\t\t\t\t\t<ul>\r\n \t<li>- Acquisizioni<\/li>\r\n \t<li>- Finanza<\/li>\r\n \t<li>- Vendite post-completamento<\/li>\r\n \t<li>- Redazione e negoziazione di contratti di sviluppo immobiliare<\/li>\r\n \t<li>- Property dispute resolution<\/li>\r\n \t<li>- Consigli sui diritti di passaggio<\/li>\r\n \t<li>- Consulenza sulle servit\u00f9<\/li>\r\n \t<li>- Consigli sui permessi di transito<\/li>\r\n \t<li>- Controversie edilizie<\/li>\r\n<\/ul>\t\t\t\t\t\t  <\/div>\r\n\t\t\t\t\t\t<\/div>\r\n\t\t\t\t\t<\/div>\r\n\t\t\t\t\t<!-- Inner panel End -->\r\n\t\t\t\t\t\r\n\t\t\t\t\t\t\t<\/div>\r\n\t\t\t\r\n<script type=\"text\/javascript\">\r\n\t\r\n\t\tfunction do_resize(){\r\n\r\n\t\t\tvar width=jQuery( '.wpsm_panel .wpsm_panel-body iframe' ).width();\r\n\t\t\tvar height=jQuery( '.wpsm_panel .wpsm_panel-body iframe' ).height();\r\n\r\n\t\t\tvar toggleSize = true;\r\n\t\t\tjQuery('iframe').animate({\r\n\t\t\t    width: toggleSize ? width : 640,\r\n\t\t\t    height: toggleSize ? height : 360\r\n\t\t\t  }, 250);\r\n\r\n\t\t\t  toggleSize = !toggleSize;\r\n\t\t}\r\n\t\t\r\n<\/script>\t<\/p>","protected":false},"excerpt":{"rendered":"<p>Property Development The business of property development \u2013 whether it\u2019s a big multi-unit project or simply a single plot \u2013 can be a complex and challenging process.\u00a0 That\u2019s why you need the best legal advice to ensure it runs as smoothly as possible from start to finish. We&nbsp;have a wealth of experience on commercial and &hellip; <a href=\"https:\/\/rfblegal.co.uk\/it\/?p=3025\">Continua<\/a><\/p>","protected":false},"author":1,"featured_media":0,"parent":2451,"menu_order":0,"comment_status":"closed","ping_status":"closed","template":"tier3-template.blade.php","meta":{"_acf_changed":false,"om_disable_all_campaigns":false,"_uf_show_specific_survey":0,"_uf_disable_surveys":false,"footnotes":""},"class_list":["post-2463","page","type-page","status-publish","hentry"],"acf":[],"aioseo_notices":[],"yoast_head":"<!-- This site is optimized with the Yoast SEO plugin v27.2 - https:\/\/yoast.com\/product\/yoast-seo-wordpress\/ -->\n<title>Commercial Property Development - RFB Legal<\/title>\n<meta name=\"description\" content=\"Property Development The business of property development \u2013 whether it\u2019s a big multi-unit project or simply a single plot \u2013 can be a complex and\" \/>\n<meta name=\"robots\" content=\"index, follow, max-snippet:-1, max-image-preview:large, max-video-preview:-1\" \/>\n<link rel=\"canonical\" href=\"https:\/\/rfblegal.co.uk\/it\/servizi\/diritto-commerciale\/servizi-immobiliari-commerciali\/sviluppo-immobiliare-commerciale\/\" \/>\n<meta property=\"og:locale\" content=\"it_IT\" \/>\n<meta property=\"og:type\" content=\"article\" \/>\n<meta property=\"og:title\" content=\"Commercial Property Development - RFB Legal\" \/>\n<meta property=\"og:description\" content=\"Property Development The business of property development \u2013 whether it\u2019s a big multi-unit project or simply a single plot \u2013 can be a complex and\" \/>\n<meta property=\"og:url\" content=\"https:\/\/rfblegal.co.uk\/it\/servizi\/diritto-commerciale\/servizi-immobiliari-commerciali\/sviluppo-immobiliare-commerciale\/\" \/>\n<meta property=\"og:site_name\" content=\"RFB Legal\" \/>\n<meta property=\"article:publisher\" content=\"https:\/\/www.facebook.com\/RFBLegal\/\" \/>\n<meta property=\"article:modified_time\" content=\"2025-06-19T13:01:38+00:00\" \/>\n<meta name=\"twitter:card\" content=\"summary_large_image\" \/>\n<meta name=\"twitter:label1\" content=\"Est. reading time\" \/>\n\t<meta name=\"twitter:data1\" content=\"2 minuti\" \/>\n<script type=\"application\/ld+json\" class=\"yoast-schema-graph\">{\"@context\":\"https:\/\/schema.org\",\"@graph\":[{\"@type\":\"WebPage\",\"@id\":\"https:\/\/rfblegal.co.uk\/services\/business-law\/commercial-property-services\/commercial-property-development\/\",\"url\":\"https:\/\/rfblegal.co.uk\/services\/business-law\/commercial-property-services\/commercial-property-development\/\",\"name\":\"Commercial Property Development - RFB Legal\",\"isPartOf\":{\"@id\":\"https:\/\/rfblegal.co.uk\/#website\"},\"datePublished\":\"2024-02-21T16:03:28+00:00\",\"dateModified\":\"2025-06-19T13:01:38+00:00\",\"description\":\"Property Development The business of property development \u2013 whether it\u2019s a big multi-unit project or simply a single plot \u2013 can be a complex and\",\"breadcrumb\":{\"@id\":\"https:\/\/rfblegal.co.uk\/services\/business-law\/commercial-property-services\/commercial-property-development\/#breadcrumb\"},\"inLanguage\":\"it-IT\",\"potentialAction\":[{\"@type\":\"ReadAction\",\"target\":[\"https:\/\/rfblegal.co.uk\/services\/business-law\/commercial-property-services\/commercial-property-development\/\"]}]},{\"@type\":\"BreadcrumbList\",\"@id\":\"https:\/\/rfblegal.co.uk\/services\/business-law\/commercial-property-services\/commercial-property-development\/#breadcrumb\",\"itemListElement\":[{\"@type\":\"ListItem\",\"position\":1,\"name\":\"Home\",\"item\":\"https:\/\/rfblegal.co.uk\/\"},{\"@type\":\"ListItem\",\"position\":2,\"name\":\"Services\",\"item\":\"https:\/\/rfblegal.co.uk\/services\/\"},{\"@type\":\"ListItem\",\"position\":3,\"name\":\"Business Law\",\"item\":\"https:\/\/rfblegal.co.uk\/services\/business-law\/\"},{\"@type\":\"ListItem\",\"position\":4,\"name\":\"Commercial Property Services\",\"item\":\"https:\/\/rfblegal.co.uk\/services\/business-law\/commercial-property-services\/\"},{\"@type\":\"ListItem\",\"position\":5,\"name\":\"Commercial Property Development\"}]},{\"@type\":\"WebSite\",\"@id\":\"https:\/\/rfblegal.co.uk\/#website\",\"url\":\"https:\/\/rfblegal.co.uk\/\",\"name\":\"RFB Legal\",\"description\":\"\",\"publisher\":{\"@id\":\"https:\/\/rfblegal.co.uk\/#organization\"},\"potentialAction\":[{\"@type\":\"SearchAction\",\"target\":{\"@type\":\"EntryPoint\",\"urlTemplate\":\"https:\/\/rfblegal.co.uk\/?s={search_term_string}\"},\"query-input\":{\"@type\":\"PropertyValueSpecification\",\"valueRequired\":true,\"valueName\":\"search_term_string\"}}],\"inLanguage\":\"it-IT\"},{\"@type\":\"Organization\",\"@id\":\"https:\/\/rfblegal.co.uk\/#organization\",\"name\":\"RFB Legal\",\"url\":\"https:\/\/rfblegal.co.uk\/\",\"logo\":{\"@type\":\"ImageObject\",\"inLanguage\":\"it-IT\",\"@id\":\"https:\/\/rfblegal.co.uk\/#\/schema\/logo\/image\/\",\"url\":\"https:\/\/rfblegal.co.uk\/wp-content\/uploads\/2024\/01\/header_company_logo.svg\",\"contentUrl\":\"https:\/\/rfblegal.co.uk\/wp-content\/uploads\/2024\/01\/header_company_logo.svg\",\"caption\":\"RFB Legal\"},\"image\":{\"@id\":\"https:\/\/rfblegal.co.uk\/#\/schema\/logo\/image\/\"},\"sameAs\":[\"https:\/\/www.facebook.com\/RFBLegal\/\",\"https:\/\/www.linkedin.com\/uas\/login?session_redirect=company2012282\",\"https:\/\/www.instagram.com\/rfb_legal\/\"]}]}<\/script>\n<!-- \/ Yoast SEO plugin. -->","yoast_head_json":{"title":"Sviluppo immobiliare commerciale - RFB Legal","description":"Sviluppo immobiliare L'attivit\u00e0 di sviluppo immobiliare - sia che si tratti di un grande progetto di pi\u00f9 unit\u00e0 o semplicemente di un singolo lotto - pu\u00f2 essere un'attivit\u00e0 complessa e","robots":{"index":"index","follow":"follow","max-snippet":"max-snippet:-1","max-image-preview":"max-image-preview:large","max-video-preview":"max-video-preview:-1"},"canonical":"https:\/\/rfblegal.co.uk\/it\/servizi\/diritto-commerciale\/servizi-immobiliari-commerciali\/sviluppo-immobiliare-commerciale\/","og_locale":"it_IT","og_type":"article","og_title":"Commercial Property Development - RFB Legal","og_description":"Property Development The business of property development \u2013 whether it\u2019s a big multi-unit project or simply a single plot \u2013 can be a complex and","og_url":"https:\/\/rfblegal.co.uk\/it\/servizi\/diritto-commerciale\/servizi-immobiliari-commerciali\/sviluppo-immobiliare-commerciale\/","og_site_name":"RFB Legal","article_publisher":"https:\/\/www.facebook.com\/RFBLegal\/","article_modified_time":"2025-06-19T13:01:38+00:00","twitter_card":"summary_large_image","twitter_misc":{"Est. reading time":"2 minuti"},"schema":{"@context":"https:\/\/schema.org","@graph":[{"@type":"WebPage","@id":"https:\/\/rfblegal.co.uk\/services\/business-law\/commercial-property-services\/commercial-property-development\/","url":"https:\/\/rfblegal.co.uk\/services\/business-law\/commercial-property-services\/commercial-property-development\/","name":"Sviluppo immobiliare commerciale - RFB Legal","isPartOf":{"@id":"https:\/\/rfblegal.co.uk\/#website"},"datePublished":"2024-02-21T16:03:28+00:00","dateModified":"2025-06-19T13:01:38+00:00","description":"Sviluppo immobiliare L'attivit\u00e0 di sviluppo immobiliare - sia che si tratti di un grande progetto di pi\u00f9 unit\u00e0 o semplicemente di un singolo lotto - pu\u00f2 essere un'attivit\u00e0 complessa e","breadcrumb":{"@id":"https:\/\/rfblegal.co.uk\/services\/business-law\/commercial-property-services\/commercial-property-development\/#breadcrumb"},"inLanguage":"it-IT","potentialAction":[{"@type":"ReadAction","target":["https:\/\/rfblegal.co.uk\/services\/business-law\/commercial-property-services\/commercial-property-development\/"]}]},{"@type":"BreadcrumbList","@id":"https:\/\/rfblegal.co.uk\/services\/business-law\/commercial-property-services\/commercial-property-development\/#breadcrumb","itemListElement":[{"@type":"ListItem","position":1,"name":"Home","item":"https:\/\/rfblegal.co.uk\/"},{"@type":"ListItem","position":2,"name":"Services","item":"https:\/\/rfblegal.co.uk\/services\/"},{"@type":"ListItem","position":3,"name":"Business Law","item":"https:\/\/rfblegal.co.uk\/services\/business-law\/"},{"@type":"ListItem","position":4,"name":"Commercial Property Services","item":"https:\/\/rfblegal.co.uk\/services\/business-law\/commercial-property-services\/"},{"@type":"ListItem","position":5,"name":"Commercial Property Development"}]},{"@type":"WebSite","@id":"https:\/\/rfblegal.co.uk\/#website","url":"https:\/\/rfblegal.co.uk\/","name":"RFB Legale","description":"","publisher":{"@id":"https:\/\/rfblegal.co.uk\/#organization"},"potentialAction":[{"@type":"SearchAction","target":{"@type":"EntryPoint","urlTemplate":"https:\/\/rfblegal.co.uk\/?s={search_term_string}"},"query-input":{"@type":"PropertyValueSpecification","valueRequired":true,"valueName":"search_term_string"}}],"inLanguage":"it-IT"},{"@type":"Organization","@id":"https:\/\/rfblegal.co.uk\/#organization","name":"RFB Legale","url":"https:\/\/rfblegal.co.uk\/","logo":{"@type":"ImageObject","inLanguage":"it-IT","@id":"https:\/\/rfblegal.co.uk\/#\/schema\/logo\/image\/","url":"https:\/\/rfblegal.co.uk\/wp-content\/uploads\/2024\/01\/header_company_logo.svg","contentUrl":"https:\/\/rfblegal.co.uk\/wp-content\/uploads\/2024\/01\/header_company_logo.svg","caption":"RFB Legal"},"image":{"@id":"https:\/\/rfblegal.co.uk\/#\/schema\/logo\/image\/"},"sameAs":["https:\/\/www.facebook.com\/RFBLegal\/","https:\/\/www.linkedin.com\/uas\/login?session_redirect=company2012282","https:\/\/www.instagram.com\/rfb_legal\/"]}]}},"_links":{"self":[{"href":"https:\/\/rfblegal.co.uk\/it\/wp-json\/wp\/v2\/pages\/2463","targetHints":{"allow":["GET"]}}],"collection":[{"href":"https:\/\/rfblegal.co.uk\/it\/wp-json\/wp\/v2\/pages"}],"about":[{"href":"https:\/\/rfblegal.co.uk\/it\/wp-json\/wp\/v2\/types\/page"}],"author":[{"embeddable":true,"href":"https:\/\/rfblegal.co.uk\/it\/wp-json\/wp\/v2\/users\/1"}],"replies":[{"embeddable":true,"href":"https:\/\/rfblegal.co.uk\/it\/wp-json\/wp\/v2\/comments?post=2463"}],"version-history":[{"count":0,"href":"https:\/\/rfblegal.co.uk\/it\/wp-json\/wp\/v2\/pages\/2463\/revisions"}],"up":[{"embeddable":true,"href":"https:\/\/rfblegal.co.uk\/it\/wp-json\/wp\/v2\/pages\/2451"}],"wp:attachment":[{"href":"https:\/\/rfblegal.co.uk\/it\/wp-json\/wp\/v2\/media?parent=2463"}],"curies":[{"name":"wp","href":"https:\/\/api.w.org\/{rel}","templated":true}]}}